{"id":9601,"date":"2024-03-22T14:32:52","date_gmt":"2024-03-22T13:32:52","guid":{"rendered":"https:\/\/www.parkgest.ch\/?page_id=9601"},"modified":"2025-03-18T14:05:23","modified_gmt":"2025-03-18T13:05:23","slug":"practical-information","status":"publish","type":"page","link":"https:\/\/www.parkgest.ch\/en\/where-to-park\/small-city-car-park\/practical-information\/","title":{"rendered":"Practical information"},"content":{"rendered":"<p><strong>Small City car park<\/strong><br \/>\nChemin Louis-Hubert 2<br \/>\n1213 Petit-Lancy<\/p>\n<p>Opening times:<br \/>\n24\/7<\/p>\n<p><strong>Control center <\/strong><br \/>\nT\u00e9l. 022 316 08 59<br \/>\n24h\/24 et 7j\/7 (Fabriques control center and Mont Blanc control center)<\/p>\n<p><strong>Commercial Service<\/strong><br \/>\nRue de la Rotisserie 4B<br \/>\n1204 Gen\u00e8ve<br \/>\nT\u00e9l. 022 316 08 89<br \/>\n<a href=\"mailto:parkingsmallcity@parkgest.ch\">parkingsmallcity@parkgest.ch<\/a><\/p>\n<p>Reception is open to answer calls:<br \/>\nMondays to Fridays from 08:00 to 12:00<\/p>\n<p><strong>Other information<\/strong><br \/>\nCapacity:<br \/>\n164 car parking spaces, including 2 spaces for people with reduced mobility, 25 two-wheeler spaces<\/p>\n<p><strong>Moyens de paiement accept\u00e9s\u00a0<\/strong><br \/>\n<img loading=\"lazy\" decoding=\"async\" title=\"paiement-amex\" src=\"http:\/\/www.parkgest.ch\/\/wp-content\/uploads\/moyens_paiement_1.jpg\" alt=\"\" width=\"31\" height=\"34\" \/><img loading=\"lazy\" decoding=\"async\" title=\"paiement-mastercard\" src=\"http:\/\/www.parkgest.ch\/\/wp-content\/uploads\/moyens_paiement_2.jpg\" alt=\"\" width=\"51\" height=\"34\" \/><img loading=\"lazy\" decoding=\"async\" title=\"paiement-visa\" src=\"http:\/\/www.parkgest.ch\/\/wp-content\/uploads\/moyens_paiement_3.jpg\" alt=\"\" width=\"45\" height=\"34\" \/>\u00a0<img loading=\"lazy\" decoding=\"async\" title=\"paiement-maestro\" src=\"http:\/\/www.parkgest.ch\/\/wp-content\/uploads\/moyens_paiement_7.jpg\" alt=\"\" width=\"57\" height=\"34\" \/>\u00a0<img loading=\"lazy\" decoding=\"async\" title=\"paiement-post-finance\" src=\"http:\/\/www.parkgest.ch\/\/wp-content\/uploads\/moyens_paiement_6.jpg\" alt=\"\" width=\"117\" height=\"34\" \/><\/p>\n","protected":false},"excerpt":{"rendered":"<p>Small City car park Chemin Louis-Hubert 2 1213 Petit-Lancy Opening times: 24\/7 Control center T\u00e9l. 022 316 08 59 24h\/24 et 7j\/7 (Fabriques control center and Mont Blanc control center) Commercial Service Rue de la Rotisserie 4B 1204 Gen\u00e8ve T\u00e9l. 022 316 08 89 parkingsmallcity@parkgest.ch Reception is open to answer calls: Mondays to Fridays from [&hellip;]<\/p>\n","protected":false},"author":10,"featured_media":0,"parent":9599,"menu_order":0,"comment_status":"closed","ping_status":"closed","template":"","meta":{"footnotes":""},"tags":[],"yoast_head":"<!-- This site is optimized with the Yoast SEO plugin v21.8 - https:\/\/yoast.com\/wordpress\/plugins\/seo\/ -->\n<title>Practical information | Parkgest<\/title>\n<meta name=\"robots\" content=\"index, follow, max-snippet:-1, max-image-preview:large, max-video-preview:-1\" \/>\n<link rel=\"canonical\" href=\"https:\/\/www.parkgest.ch\/en\/where-to-park\/small-city-car-park\/practical-information\/\" \/>\n<meta property=\"og:locale\" content=\"en_US\" \/>\n<meta property=\"og:type\" content=\"article\" \/>\n<meta property=\"og:title\" content=\"Practical information | Parkgest\" \/>\n<meta property=\"og:description\" content=\"Small City car park Chemin Louis-Hubert 2 1213 Petit-Lancy Opening times: 24\/7 Control center T\u00e9l. 022 316 08 59 24h\/24 et 7j\/7 (Fabriques control center and Mont Blanc control center) Commercial Service Rue de la Rotisserie 4B 1204 Gen\u00e8ve T\u00e9l. 022 316 08 89 parkingsmallcity@parkgest.ch Reception is open to answer calls: Mondays to Fridays from [&hellip;]\" \/>\n<meta property=\"og:url\" content=\"https:\/\/www.parkgest.ch\/en\/where-to-park\/small-city-car-park\/practical-information\/\" \/>\n<meta property=\"og:site_name\" content=\"Parkgest\" \/>\n<meta property=\"article:modified_time\" content=\"2025-03-18T13:05:23+00:00\" \/>\n<meta property=\"og:image\" content=\"http:\/\/www.parkgest.ch\/\/wp-content\/uploads\/moyens_paiement_1.jpg\" \/>\n<meta name=\"twitter:label1\" content=\"Est. reading time\" \/>\n\t<meta name=\"twitter:data1\" content=\"2 minutes\" \/>\n<script type=\"application\/ld+json\" class=\"yoast-schema-graph\">{\"@context\":\"https:\/\/schema.org\",\"@graph\":[{\"@type\":\"WebPage\",\"@id\":\"https:\/\/www.parkgest.ch\/en\/where-to-park\/small-city-car-park\/practical-information\/\",\"url\":\"https:\/\/www.parkgest.ch\/en\/where-to-park\/small-city-car-park\/practical-information\/\",\"name\":\"Practical information | Parkgest\",\"isPartOf\":{\"@id\":\"https:\/\/www.parkgest.ch\/#website\"},\"datePublished\":\"2024-03-22T13:32:52+00:00\",\"dateModified\":\"2025-03-18T13:05:23+00:00\",\"breadcrumb\":{\"@id\":\"https:\/\/www.parkgest.ch\/en\/where-to-park\/small-city-car-park\/practical-information\/#breadcrumb\"},\"inLanguage\":\"en-US\",\"potentialAction\":[{\"@type\":\"ReadAction\",\"target\":[\"https:\/\/www.parkgest.ch\/en\/where-to-park\/small-city-car-park\/practical-information\/\"]}]},{\"@type\":\"BreadcrumbList\",\"@id\":\"https:\/\/www.parkgest.ch\/en\/where-to-park\/small-city-car-park\/practical-information\/#breadcrumb\",\"itemListElement\":[{\"@type\":\"ListItem\",\"position\":1,\"name\":\"Accueil\",\"item\":\"https:\/\/www.parkgest.ch\/en\/\"},{\"@type\":\"ListItem\",\"position\":2,\"name\":\"Where shall I park?\",\"item\":\"https:\/\/www.parkgest.ch\/en\/where-to-park\/\"},{\"@type\":\"ListItem\",\"position\":3,\"name\":\"Small City car park\",\"item\":\"https:\/\/www.parkgest.ch\/en\/where-to-park\/small-city-car-park\/\"},{\"@type\":\"ListItem\",\"position\":4,\"name\":\"Practical information\"}]},{\"@type\":\"WebSite\",\"@id\":\"https:\/\/www.parkgest.ch\/#website\",\"url\":\"https:\/\/www.parkgest.ch\/\",\"name\":\"Parkgest\",\"description\":\"R\u00e9seau de parkings \u00e0 Gen\u00e8ve et Suisse romande\",\"potentialAction\":[{\"@type\":\"SearchAction\",\"target\":{\"@type\":\"EntryPoint\",\"urlTemplate\":\"https:\/\/www.parkgest.ch\/?s={search_term_string}\"},\"query-input\":\"required name=search_term_string\"}],\"inLanguage\":\"en-US\"}]}<\/script>\n<!-- \/ Yoast SEO plugin. -->","yoast_head_json":{"title":"Practical information | Parkgest","robots":{"index":"index","follow":"follow","max-snippet":"max-snippet:-1","max-image-preview":"max-image-preview:large","max-video-preview":"max-video-preview:-1"},"canonical":"https:\/\/www.parkgest.ch\/en\/where-to-park\/small-city-car-park\/practical-information\/","og_locale":"en_US","og_type":"article","og_title":"Practical information | Parkgest","og_description":"Small City car park Chemin Louis-Hubert 2 1213 Petit-Lancy Opening times: 24\/7 Control center T\u00e9l. 022 316 08 59 24h\/24 et 7j\/7 (Fabriques control center and Mont Blanc control center) Commercial Service Rue de la Rotisserie 4B 1204 Gen\u00e8ve T\u00e9l. 022 316 08 89 parkingsmallcity@parkgest.ch Reception is open to answer calls: Mondays to Fridays from [&hellip;]","og_url":"https:\/\/www.parkgest.ch\/en\/where-to-park\/small-city-car-park\/practical-information\/","og_site_name":"Parkgest","article_modified_time":"2025-03-18T13:05:23+00:00","og_image":[{"url":"http:\/\/www.parkgest.ch\/\/wp-content\/uploads\/moyens_paiement_1.jpg"}],"twitter_misc":{"Est. reading time":"2 minutes"},"schema":{"@context":"https:\/\/schema.org","@graph":[{"@type":"WebPage","@id":"https:\/\/www.parkgest.ch\/en\/where-to-park\/small-city-car-park\/practical-information\/","url":"https:\/\/www.parkgest.ch\/en\/where-to-park\/small-city-car-park\/practical-information\/","name":"Practical information | Parkgest","isPartOf":{"@id":"https:\/\/www.parkgest.ch\/#website"},"datePublished":"2024-03-22T13:32:52+00:00","dateModified":"2025-03-18T13:05:23+00:00","breadcrumb":{"@id":"https:\/\/www.parkgest.ch\/en\/where-to-park\/small-city-car-park\/practical-information\/#breadcrumb"},"inLanguage":"en-US","potentialAction":[{"@type":"ReadAction","target":["https:\/\/www.parkgest.ch\/en\/where-to-park\/small-city-car-park\/practical-information\/"]}]},{"@type":"BreadcrumbList","@id":"https:\/\/www.parkgest.ch\/en\/where-to-park\/small-city-car-park\/practical-information\/#breadcrumb","itemListElement":[{"@type":"ListItem","position":1,"name":"Accueil","item":"https:\/\/www.parkgest.ch\/en\/"},{"@type":"ListItem","position":2,"name":"Where shall I park?","item":"https:\/\/www.parkgest.ch\/en\/where-to-park\/"},{"@type":"ListItem","position":3,"name":"Small City car park","item":"https:\/\/www.parkgest.ch\/en\/where-to-park\/small-city-car-park\/"},{"@type":"ListItem","position":4,"name":"Practical information"}]},{"@type":"WebSite","@id":"https:\/\/www.parkgest.ch\/#website","url":"https:\/\/www.parkgest.ch\/","name":"Parkgest","description":"R\u00e9seau de parkings \u00e0 Gen\u00e8ve et Suisse romande","potentialAction":[{"@type":"SearchAction","target":{"@type":"EntryPoint","urlTemplate":"https:\/\/www.parkgest.ch\/?s={search_term_string}"},"query-input":"required name=search_term_string"}],"inLanguage":"en-US"}]}},"_links":{"self":[{"href":"https:\/\/www.parkgest.ch\/en\/wp-json\/wp\/v2\/pages\/9601"}],"collection":[{"href":"https:\/\/www.parkgest.ch\/en\/wp-json\/wp\/v2\/pages"}],"about":[{"href":"https:\/\/www.parkgest.ch\/en\/wp-json\/wp\/v2\/types\/page"}],"author":[{"embeddable":true,"href":"https:\/\/www.parkgest.ch\/en\/wp-json\/wp\/v2\/users\/10"}],"replies":[{"embeddable":true,"href":"https:\/\/www.parkgest.ch\/en\/wp-json\/wp\/v2\/comments?post=9601"}],"version-history":[{"count":4,"href":"https:\/\/www.parkgest.ch\/en\/wp-json\/wp\/v2\/pages\/9601\/revisions"}],"predecessor-version":[{"id":10410,"href":"https:\/\/www.parkgest.ch\/en\/wp-json\/wp\/v2\/pages\/9601\/revisions\/10410"}],"up":[{"embeddable":true,"href":"https:\/\/www.parkgest.ch\/en\/wp-json\/wp\/v2\/pages\/9599"}],"wp:attachment":[{"href":"https:\/\/www.parkgest.ch\/en\/wp-json\/wp\/v2\/media?parent=9601"}],"wp:term":[{"taxonomy":"post_tag","embeddable":true,"href":"https:\/\/www.parkgest.ch\/en\/wp-json\/wp\/v2\/tags?post=9601"}],"curies":[{"name":"wp","href":"https:\/\/api.w.org\/{rel}","templated":true}]}}