{"id":8643,"date":"2022-09-20T07:33:38","date_gmt":"2022-09-20T06:33:38","guid":{"rendered":"https:\/\/www.parkgest.ch\/?page_id=8643"},"modified":"2025-07-14T13:51:18","modified_gmt":"2025-07-14T12:51:18","slug":"le-district-car-park","status":"publish","type":"page","link":"https:\/\/www.parkgest.ch\/en\/where-to-park\/le-district-car-park\/","title":{"rendered":"District car park"},"content":{"rendered":"<div class=\"pkg-block pkg-block--bordered pkg-block-text\">\n<h2>Welcome to District car park<\/h2>\n<p>The District car park, which was inaugurated in October 2021, is one of the modern and secure car parks in the Etang neighbourhood.<br \/>\nIt offers parking spaces that are commonly used, that is to say they are not allocated to any user by name.<br \/>\nThe District building also houses a bicycle parking area with 363 spaces. There are 24 additional parking spaces for cargo bikes.<br \/>\nThe District car park is only accessible to subscribers.<\/p>\n<\/div>\n<div class=\"pkg-block pkg-block--bordered pkg-block-service\">\n<div class=\"service-item\">\n<div class=\"service-item__icon\"><img decoding=\"async\" class=\"img-fluid\" style=\"width: 65px;\" src=\"http:\/\/www.parkgest.ch\/wp-content\/themes\/parkgest\/v2\/images\/svg\/Sign-limit-210-web.svg\" alt=\"\" \/><\/div>\n<p>Maximum height 2.10m<\/p>\n<\/div>\n<div class=\"service-item\">\n<div class=\"service-item__icon\"><img decoding=\"async\" class=\"img-fluid\" style=\"width: 65px;\" src=\"http:\/\/www.parkgest.ch\/wp-content\/themes\/parkgest\/v2\/images\/svg\/Sign-limit-10-web.svg\" alt=\"\" \/><\/div>\n<p>Speed limit at 10 km\/h<\/p>\n<\/div>\n<div class=\"service-item\">\n<div class=\"service-item__icon\"><img decoding=\"async\" class=\"img-fluid\" style=\"width: 65px;\" src=\"http:\/\/www.parkgest.ch\/wp-content\/themes\/parkgest\/v2\/images\/svg\/PKG_Interutil.svg\" alt=\"\" \/><\/div>\n<p>Bicycles, scooters,<br \/>\nrollerblades and<br \/>\nskateboards prohibited<\/p>\n<\/div>\n<div class=\"service-item\">\n<div class=\"service-item__icon\"><img decoding=\"async\" class=\"img-fluid\" style=\"width: 65px;\" src=\"http:\/\/www.parkgest.ch\/wp-content\/themes\/parkgest\/v2\/images\/svg\/PKG_NoSmoking.svg\" alt=\"\" \/><\/div>\n<p>Non-smoking<\/p>\n<\/div>\n<\/div>\n<h2>Services<\/h2>\n<div class=\"pkg-block pkg-block--bordered pkg-block-service\">\n<div class=\"service-item\">\n<div class=\"service-item__icon\"><img decoding=\"async\" class=\"img-fluid\" src=\"http:\/\/www.parkgest.ch\/wp-content\/themes\/parkgest\/v2\/images\/svg\/PKG_Open24.svg\" alt=\"\" \/><\/div>\n<p>Open 24\/7<\/p>\n<\/div>\n<div class=\"service-item\">\n<div class=\"service-item__icon\"><img decoding=\"async\" class=\"img-fluid\" src=\"http:\/\/www.parkgest.ch\/wp-content\/themes\/parkgest\/v2\/images\/svg\/PKG-Licence-number-ge.svg\" style=\"width: 45px;\" alt=\"\" \/><\/div>\n<p>LPR<\/p>\n<\/div>\n<\/div>\n<h2>Parking provided<\/h2>\n<div class=\"pkg-block pkg-block--bordered pkg-block-service\">\n<div class=\"service-item\">\n<div class=\"service-item__icon service-item__icon--popover\"><button data-toggle=\"popover\" data-text=\"Parking spaces equipped with electric recharging stations for every type of vehicle, except for motorbikes.\" data-link=\"https:\/\/www.parkgest.ch\/en\/electric-stations\/\" data-placement=\"top\" data-available=\"14\" data-location=\"-2\"><\/button><i class=\"icon-info-with-circle\"><\/i><img decoding=\"async\" class=\"img-fluid\" src=\"http:\/\/www.parkgest.ch\/wp-content\/themes\/parkgest\/v2\/images\/svg\/PKG_Electric-Car.svg\" alt=\"\" \/><\/div>\n<p>Recharging stations for electric vehicles<\/p>\n<\/div>\n<div class=\"service-item\">\n<div class=\"service-item__icon service-item__icon--popover\"><button data-toggle=\"popover\" data-text=\"Parking spaces close to the entrances for people with reduced mobility, equipped with special video surveillance systems.\" data-link=\"https:\/\/www.parkgest.ch\/en\/spaces-for-physically-handicapped-people\/\" data-placement=\"top\" data-available=\"8\" data-location=\"-2 \/ -3\"><\/button><i class=\"icon-info-with-circle\"><\/i><img decoding=\"async\" class=\"img-fluid\" src=\"http:\/\/www.parkgest.ch\/wp-content\/themes\/parkgest\/v2\/images\/svg\/PKG_wheel-chair.svg\" alt=\"\" \/><\/div>\n<p>Disabled parking spaces<\/p>\n<\/div>\n<div class=\"service-item\">\n<div class=\"service-item__icon service-item__icon--popover\"><button data-toggle=\"popover\" data-text=\"\" data-link=\"\" data-placement=\"top\" data-available=\"126\" data-location=\"-2 \/ -3\"><\/button><i class=\"icon-info-with-circle\"><\/i><img decoding=\"async\" class=\"img-fluid\" src=\"http:\/\/www.parkgest.ch\/wp-content\/themes\/parkgest\/v2\/images\/svg\/PKG_Bike.svg\" alt=\"\" \/><\/div>\n<p>Two-wheeler spaces<\/p>\n<\/div>\n<div class=\"service-item\">\n<div class=\"service-item__icon service-item__icon--popover\"><button data-toggle=\"popover\" data-text=\"Bicycles spaces reserved for subscribers only.\" data-link=\"\" data-placement=\"top\" data-available=\"364\" data-location=\"-1\"><\/button><i class=\"icon-info-with-circle\"><\/i><img decoding=\"async\" class=\"img-fluid\" src=\"http:\/\/www.parkgest.ch\/wp-content\/themes\/parkgest\/v2\/images\/svg\/PKG_Bicycle.svg\" alt=\"\"  style=\"width:45px;\"\/><\/div>\n<p>Bicycle spaces<\/p>\n<\/div>\n<\/div>\n<div class=\"pkg-block pkg-block--bordered pkg-block-service\">\n<div class=\"service-item\">\n<div class=\"service-item__icon service-item__icon--popover\"><button data-toggle=\"popover\" data-text=\"Cargo bike spaces reserved for subscribers only.\" data-link=\"\" data-placement=\"top\" data-available=\"24\" data-location=\"-1\"><\/button><i class=\"icon-info-with-circle\"><\/i><img decoding=\"async\" class=\"img-fluid\" src=\"http:\/\/www.parkgest.ch\/wp-content\/themes\/parkgest\/v2\/images\/svg\/PKG-cargobike.svg\" alt=\"\" style=\"width:55px;\"\/><\/div>\n<p>Cargo bike spaces\n<\/p><\/div>\n<\/div>\n<h2>Exclusivities<\/h2>\n<div class=\"pkg-block pkg-block--bordered pkg-block-service\">\n<div class=\"service-item\">\n<div class=\"service-item__icon\"><img decoding=\"async\" class=\"img-fluid\" src=\"http:\/\/www.parkgest.ch\/wp-content\/themes\/parkgest\/v2\/images\/svg\/PKG_Mobile-4G.svg\" alt=\"\" \/><\/div>\n<p>4G network<\/p>\n<\/div>\n<\/div>\n<h2>Amenities<\/h2>\n<div class=\"pkg-block pkg-block--bordered pkg-block-service\">\n<div class=\"service-item\">\n<div class=\"service-item__icon\"><img decoding=\"async\" class=\"img-fluid\" style=\"width: 65px;\" src=\"http:\/\/www.parkgest.ch\/wp-content\/themes\/parkgest\/v2\/images\/svg\/Elevator-access.svg\" alt=\"\" \/><\/div>\n<p>Lifts for physically handicapped people<\/p>\n<\/div>\n<div class=\"service-item\">\n<div class=\"service-item__icon\"><img decoding=\"async\" class=\"img-fluid\" src=\"http:\/\/www.parkgest.ch\/wp-content\/themes\/parkgest\/v2\/images\/svg\/PKG_Park-Assist.svg\" alt=\"\" \/><\/div>\n<p>Dynamic guidance<\/p>\n<\/div>\n<\/div>\n<h2>Security<\/h2>\n<div class=\"pkg-block pkg-block--bordered pkg-block-service\">\n<div class=\"service-item\">\n<div class=\"service-item__icon service-item__icon--popover\"><button data-toggle=\"popover\" data-text=\"For your security, the District car park has a network of video-surveillance cameras in place.\" data-placement=\"top\"><\/button><i class=\"icon-info-with-circle\"><\/i><img decoding=\"async\" class=\"img-fluid\" src=\"http:\/\/www.parkgest.ch\/wp-content\/themes\/parkgest\/v2\/images\/svg\/PKG_Camera.svg\" alt=\"\" \/><\/div>\n<p>Video-surveillance<\/p>\n<\/div>\n<div class=\"service-item\">\n<div class=\"service-item__icon\"><img decoding=\"async\" class=\"img-fluid\" style=\"width: 50px;\" src=\"https:\/\/www.parkgest.ch\/wp-content\/themes\/parkgest\/v2\/images\/svg\/pkg-icon-rideau.svg\" alt=\"\" data-src=\"https:\/\/www.parkgest.ch\/wp-content\/themes\/parkgest\/v2\/images\/svg\/pkg-icon-rideau.svg\" \/><\/div>\n<p>Automated gate locking<\/p>\n<\/div>\n<div class=\"service-item\">\n<div class=\"service-item__icon\"><img decoding=\"async\" class=\"img-fluid\" style=\"width: 50px;\" src=\"https:\/\/www.parkgest.ch\/wp-content\/themes\/parkgest\/v2\/images\/svg\/PKG_digicode.svg\" alt=\"\" \/><\/div>\n<p>Access by digital code<\/p>\n<\/div>\n<\/div>\n<div class=\"pkg-block pkg-block-text\">\n<h2>Restrictions<\/h2>\n<p>The District car park is a private non-smoking facility that provides parking exclusively for subscribers with light motor vehicles (3.5 t maximum). These must be in good condition and run on electricity, petrol or diesel. Their maximum height, including all attachments (such as roof boxes, bicycles, aerials), may not exceed 2.10 m. Motorised 3 or 4-wheeled vehicles, including roadsters and quads, are permitted.<\/p>\n<p>The use of the following is strictly prohibited:<\/p>\n<ul>\n<li>Vehicles that do not run on electricity, petrol or diesel, specifically this includes vehicles powered by liquid propane gas (LPG), natural gas, butane gas or hydrogen.<\/li>\n<li>Vehicles that have to be towed, including trailers of any kind, including caravans (unless expressly authorised).<\/li>\n<li>Segways, scooters, rollerblades and skateboards.<\/li>\n<\/ul>\n<\/div>\n<h3 class=\"toggle\"><strong><a href=\"#\">General conditions<\/a><\/strong><\/h3><div class=\"toggle-box\" style=\"display: none;\"><p>\n<p>&nbsp;<\/p>\n<p><iframe loading=\"lazy\" src=\"https:\/\/docs.google.com\/viewer?url=https:\/\/www.parkgest.ch\/wp-content\/uploads\/EvolutionPlus_Parking_Le_District_Conditions-gen-erales_20240718_VF.pdf&amp;embedded=true\" width=\"100%\" height=\"600\" frameborder=\"0\"><\/iframe><\/p>\n<p>If you are not viewing the file correctly, <a href=\"https:\/\/www.parkgest.ch\/wp-content\/uploads\/EvolutionPlus_Parking_Le_District_Conditions-gen-erales_20240718_VF.pdf\" target=\"_blank\" rel=\"noopener noreferrer\">click here<\/a><\/p>\n<p>&nbsp;<\/p>\n<p><iframe loading=\"lazy\" src=\"https:\/\/docs.google.com\/viewer?url=https:\/\/www.parkgest.ch\/wp-content\/uploads\/EvolutionPlus_PED_Conditions-generales_20250714_VF-nouvelle-adresse-mail.pdf&amp;embedded=true\" width=\"100%\" height=\"600\" frameborder=\"0\"><\/iframe><\/p>\n<p>If you are not viewing the file correctly, <a href=\"https:\/\/www.parkgest.ch\/wp-content\/uploads\/EvolutionPlus_PED_Conditions-generales_20250714_VF-nouvelle-adresse-mail.pdf\" target=\"_blank\" rel=\"noopener noreferrer\">click here<\/a><\/p>\n<\/p><\/div>\n","protected":false},"excerpt":{"rendered":"<p>Welcome to District car park The District car park, which was inaugurated in October 2021, is one of the modern and secure car parks in the Etang neighbourhood. It offers parking spaces that are commonly used, that is to say they are not allocated to any user by name. The District building also houses a [&hellip;]<\/p>\n","protected":false},"author":10,"featured_media":7502,"parent":1282,"menu_order":5,"comment_status":"closed","ping_status":"closed","template":"parkingpage.php","meta":{"footnotes":""},"tags":[],"yoast_head":"<!-- This site is optimized with the Yoast SEO plugin v21.8 - https:\/\/yoast.com\/wordpress\/plugins\/seo\/ -->\n<title>District car park | Parkgest<\/title>\n<meta name=\"robots\" content=\"index, follow, max-snippet:-1, max-image-preview:large, max-video-preview:-1\" \/>\n<link rel=\"canonical\" href=\"https:\/\/www.parkgest.ch\/en\/where-to-park\/le-district-car-park\/\" \/>\n<meta property=\"og:locale\" content=\"en_US\" \/>\n<meta property=\"og:type\" content=\"article\" \/>\n<meta property=\"og:title\" content=\"District car park | Parkgest\" \/>\n<meta property=\"og:description\" content=\"Welcome to District car park The District car park, which was inaugurated in October 2021, is one of the modern and secure car parks in the Etang neighbourhood. It offers parking spaces that are commonly used, that is to say they are not allocated to any user by name. The District building also houses a [&hellip;]\" \/>\n<meta property=\"og:url\" content=\"https:\/\/www.parkgest.ch\/en\/where-to-park\/le-district-car-park\/\" \/>\n<meta property=\"og:site_name\" content=\"Parkgest\" \/>\n<meta property=\"article:modified_time\" content=\"2025-07-14T12:51:18+00:00\" \/>\n<meta property=\"og:image\" content=\"https:\/\/www.parkgest.ch\/wp-content\/uploads\/2.png\" \/>\n\t<meta property=\"og:image:width\" content=\"1200\" \/>\n\t<meta property=\"og:image:height\" content=\"600\" \/>\n\t<meta property=\"og:image:type\" content=\"image\/png\" \/>\n<meta name=\"twitter:label1\" content=\"Est. reading time\" \/>\n\t<meta name=\"twitter:data1\" content=\"6 minutes\" \/>\n<script type=\"application\/ld+json\" class=\"yoast-schema-graph\">{\"@context\":\"https:\/\/schema.org\",\"@graph\":[{\"@type\":\"WebPage\",\"@id\":\"https:\/\/www.parkgest.ch\/en\/where-to-park\/le-district-car-park\/\",\"url\":\"https:\/\/www.parkgest.ch\/en\/where-to-park\/le-district-car-park\/\",\"name\":\"District car park | Parkgest\",\"isPartOf\":{\"@id\":\"https:\/\/www.parkgest.ch\/#website\"},\"datePublished\":\"2022-09-20T06:33:38+00:00\",\"dateModified\":\"2025-07-14T12:51:18+00:00\",\"breadcrumb\":{\"@id\":\"https:\/\/www.parkgest.ch\/en\/where-to-park\/le-district-car-park\/#breadcrumb\"},\"inLanguage\":\"en-US\",\"potentialAction\":[{\"@type\":\"ReadAction\",\"target\":[\"https:\/\/www.parkgest.ch\/en\/where-to-park\/le-district-car-park\/\"]}]},{\"@type\":\"BreadcrumbList\",\"@id\":\"https:\/\/www.parkgest.ch\/en\/where-to-park\/le-district-car-park\/#breadcrumb\",\"itemListElement\":[{\"@type\":\"ListItem\",\"position\":1,\"name\":\"Accueil\",\"item\":\"https:\/\/www.parkgest.ch\/en\/\"},{\"@type\":\"ListItem\",\"position\":2,\"name\":\"Where shall I park?\",\"item\":\"https:\/\/www.parkgest.ch\/en\/where-to-park\/\"},{\"@type\":\"ListItem\",\"position\":3,\"name\":\"District car park\"}]},{\"@type\":\"WebSite\",\"@id\":\"https:\/\/www.parkgest.ch\/#website\",\"url\":\"https:\/\/www.parkgest.ch\/\",\"name\":\"Parkgest\",\"description\":\"R\u00e9seau de parkings \u00e0 Gen\u00e8ve et Suisse romande\",\"potentialAction\":[{\"@type\":\"SearchAction\",\"target\":{\"@type\":\"EntryPoint\",\"urlTemplate\":\"https:\/\/www.parkgest.ch\/?s={search_term_string}\"},\"query-input\":\"required name=search_term_string\"}],\"inLanguage\":\"en-US\"}]}<\/script>\n<!-- \/ Yoast SEO plugin. -->","yoast_head_json":{"title":"District car park | Parkgest","robots":{"index":"index","follow":"follow","max-snippet":"max-snippet:-1","max-image-preview":"max-image-preview:large","max-video-preview":"max-video-preview:-1"},"canonical":"https:\/\/www.parkgest.ch\/en\/where-to-park\/le-district-car-park\/","og_locale":"en_US","og_type":"article","og_title":"District car park | Parkgest","og_description":"Welcome to District car park The District car park, which was inaugurated in October 2021, is one of the modern and secure car parks in the Etang neighbourhood. It offers parking spaces that are commonly used, that is to say they are not allocated to any user by name. The District building also houses a [&hellip;]","og_url":"https:\/\/www.parkgest.ch\/en\/where-to-park\/le-district-car-park\/","og_site_name":"Parkgest","article_modified_time":"2025-07-14T12:51:18+00:00","og_image":[{"width":1200,"height":600,"url":"https:\/\/www.parkgest.ch\/wp-content\/uploads\/2.png","type":"image\/png"}],"twitter_misc":{"Est. reading time":"6 minutes"},"schema":{"@context":"https:\/\/schema.org","@graph":[{"@type":"WebPage","@id":"https:\/\/www.parkgest.ch\/en\/where-to-park\/le-district-car-park\/","url":"https:\/\/www.parkgest.ch\/en\/where-to-park\/le-district-car-park\/","name":"District car park | Parkgest","isPartOf":{"@id":"https:\/\/www.parkgest.ch\/#website"},"datePublished":"2022-09-20T06:33:38+00:00","dateModified":"2025-07-14T12:51:18+00:00","breadcrumb":{"@id":"https:\/\/www.parkgest.ch\/en\/where-to-park\/le-district-car-park\/#breadcrumb"},"inLanguage":"en-US","potentialAction":[{"@type":"ReadAction","target":["https:\/\/www.parkgest.ch\/en\/where-to-park\/le-district-car-park\/"]}]},{"@type":"BreadcrumbList","@id":"https:\/\/www.parkgest.ch\/en\/where-to-park\/le-district-car-park\/#breadcrumb","itemListElement":[{"@type":"ListItem","position":1,"name":"Accueil","item":"https:\/\/www.parkgest.ch\/en\/"},{"@type":"ListItem","position":2,"name":"Where shall I park?","item":"https:\/\/www.parkgest.ch\/en\/where-to-park\/"},{"@type":"ListItem","position":3,"name":"District car park"}]},{"@type":"WebSite","@id":"https:\/\/www.parkgest.ch\/#website","url":"https:\/\/www.parkgest.ch\/","name":"Parkgest","description":"R\u00e9seau de parkings \u00e0 Gen\u00e8ve et Suisse romande","potentialAction":[{"@type":"SearchAction","target":{"@type":"EntryPoint","urlTemplate":"https:\/\/www.parkgest.ch\/?s={search_term_string}"},"query-input":"required name=search_term_string"}],"inLanguage":"en-US"}]}},"_links":{"self":[{"href":"https:\/\/www.parkgest.ch\/en\/wp-json\/wp\/v2\/pages\/8643"}],"collection":[{"href":"https:\/\/www.parkgest.ch\/en\/wp-json\/wp\/v2\/pages"}],"about":[{"href":"https:\/\/www.parkgest.ch\/en\/wp-json\/wp\/v2\/types\/page"}],"author":[{"embeddable":true,"href":"https:\/\/www.parkgest.ch\/en\/wp-json\/wp\/v2\/users\/10"}],"replies":[{"embeddable":true,"href":"https:\/\/www.parkgest.ch\/en\/wp-json\/wp\/v2\/comments?post=8643"}],"version-history":[{"count":18,"href":"https:\/\/www.parkgest.ch\/en\/wp-json\/wp\/v2\/pages\/8643\/revisions"}],"predecessor-version":[{"id":10677,"href":"https:\/\/www.parkgest.ch\/en\/wp-json\/wp\/v2\/pages\/8643\/revisions\/10677"}],"up":[{"embeddable":true,"href":"https:\/\/www.parkgest.ch\/en\/wp-json\/wp\/v2\/pages\/1282"}],"wp:featuredmedia":[{"embeddable":true,"href":"https:\/\/www.parkgest.ch\/en\/wp-json\/wp\/v2\/media\/7502"}],"wp:attachment":[{"href":"https:\/\/www.parkgest.ch\/en\/wp-json\/wp\/v2\/media?parent=8643"}],"wp:term":[{"taxonomy":"post_tag","embeddable":true,"href":"https:\/\/www.parkgest.ch\/en\/wp-json\/wp\/v2\/tags?post=8643"}],"curies":[{"name":"wp","href":"https:\/\/api.w.org\/{rel}","templated":true}]}}