{"id":8633,"date":"2022-09-19T17:17:05","date_gmt":"2022-09-19T16:17:05","guid":{"rendered":"https:\/\/www.parkgest.ch\/?page_id=8633"},"modified":"2026-03-03T02:13:45","modified_gmt":"2026-03-03T01:13:45","slug":"ilot-sud-morges-car-park","status":"publish","type":"page","link":"https:\/\/www.parkgest.ch\/en\/where-to-park\/ilot-sud-morges-car-park\/","title":{"rendered":"Ilot Sud Morges car park"},"content":{"rendered":"<div class=\"pkg-block pkg-block--bordered pkg-block-text\">\n<h2>Welcome to Ilot Sud Morges car park<\/h2>\n<p>The Ilot Sud Morges car park, which was inaugurated in June 2021, is equipped with the latest technology, making it a modern and safe car park. They includes number-plate recognition, CCTV cameras and a guidance system to monitor every parking space.<br \/>\nThe Ilot Sud Morges car park also offers electric charging stations.<\/p>\n<\/div>\n<div class=\"pkg-block pkg-block--bordered pkg-block-service\">\n<div class=\"service-item\">\n<div class=\"service-item__icon\"><img decoding=\"async\" class=\"img-fluid\" style=\"width: 65px;\" src=\"http:\/\/www.parkgest.ch\/wp-content\/themes\/parkgest\/v2\/images\/svg\/PKG_Sign-Limit-210.svg\" alt=\"\" \/><\/div>\n<p>Maximum Height 2.10m<\/p>\n<\/div>\n<div class=\"service-item\">\n<div class=\"service-item__icon\"><img decoding=\"async\" class=\"img-fluid\" style=\"width: 65px;\" src=\"http:\/\/www.parkgest.ch\/wp-content\/themes\/parkgest\/v2\/images\/svg\/Sign-limit-10-web.svg\" alt=\"\" \/><\/div>\n<p>Speed limit at 10 km\/h<\/p>\n<\/div>\n<div class=\"service-item\">\n<div class=\"service-item__icon\"><img decoding=\"async\" class=\"img-fluid\" style=\"width: 65px;\" src=\"http:\/\/www.parkgest.ch\/wp-content\/themes\/parkgest\/v2\/images\/svg\/PKG_Interutil.svg\" alt=\"\" \/><\/div>\n<p>Bicycles, scooters,<br \/>\nrollerblades and<br \/>\nskateboards prohibited<\/p>\n<\/div>\n<div class=\"service-item\">\n<div class=\"service-item__icon\"><img decoding=\"async\" class=\"img-fluid\" style=\"width: 65px;\" src=\"http:\/\/www.parkgest.ch\/wp-content\/themes\/parkgest\/v2\/images\/svg\/PKG_NoSmoking.svg\" alt=\"\" \/><\/div>\n<p>Non-smoking<\/p>\n<\/div>\n<\/div>\n<h2>Services<\/h2>\n<div class=\"pkg-block pkg-block--bordered pkg-block-service\">\n<div class=\"service-item\">\n<div class=\"service-item__icon\"><img decoding=\"async\" class=\"img-fluid\" src=\"https:\/\/www.parkgest.ch\/wp-content\/uploads\/6-22@2x.png\" alt=\"\" \/><\/div>\n<p>Open from 6 a.m. to 10 p.m., with exits open 24\/7. <\/p>\n<\/div>\n<div class=\"service-item\">\n<div class=\"service-item__icon\"><img decoding=\"async\" class=\"img-fluid\" src=\"http:\/\/www.parkgest.ch\/wp-content\/themes\/parkgest\/v2\/images\/svg\/PKG-Plaque-VD.svg\" style=\"width: 45px;\" alt=\"\" \/><\/div>\n<p>LPR<\/p>\n<\/div>\n<div class=\"service-item\">\n<div class=\"service-item__icon service-item__icon--popover\"><button data-toggle=\"popover\" data-text=\"Once your parking has been paid, the barrier opens automatically at the exit thanks to license plate recognition, without having to insert your ticket.Payment completed = automatic exit. Simple, fast and seamless.\" data-placement=\"top\"><\/button><i class=\"icon-info-with-circle\"><\/i><img decoding=\"async\" class=\"img-fluid\" src=\"https:\/\/www.parkgest.ch\/wp-content\/themes\/parkgest\/v2\/images\/svg\/PKG-fastexit.svg\" alt=\"\" \/><\/div>\n<p>Fast Exit\n<\/p><\/div>\n<\/div>\n<h2>Parking provided<\/h2>\n<div class=\"pkg-block pkg-block--bordered pkg-block-service\">\n<div class=\"service-item\">\n<div class=\"service-item__icon service-item__icon--popover\"><button data-toggle=\"popover\" data-text=\"Parking spaces equipped with electric recharging stations for every type of vehicle, except for motorbikes.\" data-link=\"https:\/\/www.parkgest.ch\/en\/electric-stations\/\" data-placement=\"top\" data-available=\"13\" data-location=\"-1 \/ -2\"><\/button><i class=\"icon-info-with-circle\"><\/i><img decoding=\"async\" class=\"img-fluid\" src=\"http:\/\/www.parkgest.ch\/wp-content\/themes\/parkgest\/v2\/images\/svg\/PKG_Electric-Car.svg\" alt=\"\" \/><\/div>\n<p>Recharging stations for electric vehicles<\/p>\n<\/div>\n<div class=\"service-item\">\n<div class=\"service-item__icon service-item__icon--popover\"><button data-toggle=\"popover\" data-text=\"Parking spaces close to the entrances for people with reduced mobility, equipped with special video surveillance systems.\" data-link=\"https:\/\/www.parkgest.ch\/en\/spaces-for-physically-handicapped-people\/\" data-placement=\"top\" data-available=\"10\" data-location=\"-1 \/ -2 \/ -3\"><\/button><i class=\"icon-info-with-circle\"><\/i><img decoding=\"async\" class=\"img-fluid\" src=\"http:\/\/www.parkgest.ch\/wp-content\/themes\/parkgest\/v2\/images\/svg\/PKG_wheel-chair.svg\" alt=\"\" \/><\/div>\n<p>Disabled parking spaces<\/p>\n<\/div>\n<div class=\"service-item\">\n<div class=\"service-item__icon service-item__icon--popover\"><button data-toggle=\"popover\" data-text=\"\" data-link=\"\" data-placement=\"top\" data-available=\"41\" data-location=\"-1 \/ -2 \/ -3\"><\/button><i class=\"icon-info-with-circle\"><\/i><img decoding=\"async\" class=\"img-fluid\" src=\"http:\/\/www.parkgest.ch\/wp-content\/themes\/parkgest\/v2\/images\/svg\/PKG_Bike.svg\" alt=\"\" \/><\/div>\n<p>Two-wheeler spaces<\/p>\n<\/div>\n<\/div>\n<h2>Exclusivities<\/h2>\n<div class=\"pkg-block pkg-block--bordered pkg-block-service\">\n<div class=\"service-item\">\n<div class=\"service-item__icon\"><img decoding=\"async\" class=\"img-fluid\" src=\"http:\/\/www.parkgest.ch\/wp-content\/themes\/parkgest\/v2\/images\/svg\/PKG_BGM.svg\" alt=\"\" \/><\/div>\n<p>Music broadcast<\/p>\n<\/div>\n<\/div>\n<h2>Amenities<\/h2>\n<div class=\"pkg-block pkg-block--bordered pkg-block-service\">\n<div class=\"service-item\">\n<div class=\"service-item__icon\"><img decoding=\"async\" class=\"img-fluid\" style=\"width: 65px;\" src=\"http:\/\/www.parkgest.ch\/wp-content\/themes\/parkgest\/v2\/images\/svg\/Elevator-access.svg\" alt=\"\" \/><\/div>\n<p>Lifts for physically handicapped people<\/p>\n<\/div>\n<div class=\"service-item\">\n<div class=\"service-item__icon\"><img decoding=\"async\" class=\"img-fluid\" src=\"http:\/\/www.parkgest.ch\/wp-content\/themes\/parkgest\/v2\/images\/svg\/PKG_Ticket-Machine-Assist.svg\" alt=\"\" \/><\/div>\n<p>Payment machine for disabled people<\/p>\n<\/div>\n<div class=\"service-item\">\n<div class=\"service-item__icon\"><img decoding=\"async\" class=\"img-fluid\" src=\"http:\/\/www.parkgest.ch\/wp-content\/themes\/parkgest\/v2\/images\/svg\/PKG_Park-Assist.svg\" alt=\"\" \/><\/div>\n<p>Dynamic guidance<\/p>\n<\/div>\n<\/div>\n<h2>Security<\/h2>\n<div class=\"pkg-block pkg-block--bordered pkg-block-service\">\n<div class=\"service-item\">\n<div class=\"service-item__icon service-item__icon--popover\"><button data-toggle=\"popover\" data-text=\"For your security, the Ilot Sud Morges car park has a network of video-surveillance cameras in place.\" data-placement=\"top\"><\/button><i class=\"icon-info-with-circle\"><\/i><img decoding=\"async\" class=\"img-fluid\" src=\"http:\/\/www.parkgest.ch\/wp-content\/themes\/parkgest\/v2\/images\/svg\/PKG_Camera.svg\" alt=\"\" \/><\/div>\n<p>Video-surveillance<\/p>\n<\/div>\n<div class=\"service-item\">\n<div class=\"service-item__icon\"><img decoding=\"async\" class=\"img-fluid\" style=\"width: 50px;\" src=\"https:\/\/www.parkgest.ch\/wp-content\/themes\/parkgest\/v2\/images\/svg\/pkg-icon-rideau.svg\" alt=\"\" data-src=\"https:\/\/www.parkgest.ch\/wp-content\/themes\/parkgest\/v2\/images\/svg\/pkg-icon-rideau.svg\" \/><\/div>\n<p>Automated gate locking<\/p>\n<\/div>\n<div class=\"service-item\">\n<div class=\"service-item__icon\"><img decoding=\"async\" class=\"img-fluid\" style=\"width: 50px;\" src=\"https:\/\/www.parkgest.ch\/wp-content\/themes\/parkgest\/v2\/images\/svg\/PKG_digicode.svg\" alt=\"\" \/><\/div>\n<p>Access by digital code<\/p>\n<\/div>\n<\/div>\n<h2>Methods of payment<\/h2>\n<div class=\"pkg-block pkg-block--bordered pkg-block-service pkg-block-service-payment\">\n<div class=\"service-item\">\n<div class=\"service-item__icon\"><img decoding=\"async\" class=\"img-fluid\" src=\"http:\/\/www.parkgest.ch\/wp-content\/themes\/parkgest\/v2\/images\/svg\/PKG_Creditcard.svg\" alt=\"\" \/><\/div>\n<p>Cards<\/p>\n<\/div>\n<div class=\"service-item\">\n<div class=\"service-item__icon\"><img decoding=\"async\" class=\"img-fluid\" style=\"width: 50px;\" src=\"http:\/\/www.parkgest.ch\/wp-content\/themes\/parkgest\/v2\/images\/svg\/PKG_contactless payment.png\" alt=\"\" \/><\/div>\n<p>Contactless<\/p>\n<\/div>\n<div class=\"service-item\">\n<div class=\"service-item__icon\"><img decoding=\"async\" class=\"img-fluid\" src=\"http:\/\/www.parkgest.ch\/wp-content\/themes\/parkgest\/v2\/images\/svg\/PKG_Swissfrancs.svg\" alt=\"\" \/><\/div>\n<p>Swiss franc notes and coins<\/p>\n<\/div>\n<div class=\"service-item\">\n<div class=\"service-item__icon\"><img decoding=\"async\" class=\"img-fluid\" src=\"https:\/\/www.parkgest.ch\/wp-content\/uploads\/Twint.svg\" alt=\"\" \/><\/div>\n<p>TWINT<\/p>\n<\/div>\n<\/div>\n<div class=\"pkg-block pkg-block-text\">\n<h2>Restrictions<\/h2>\n<p>The Ilot Sud Morges car park is a private non-smoking facility that provides parking exclusively for subscribers with light motor vehicles (3.5 t maximum). These must be in good condition and run on electricity, petrol or diesel. Their maximum height, including all attachments (such as roof boxes, bicycles, aerials), may not exceed 2.10 m. Motorised 3 or 4-wheeled vehicles, including roadsters and quads, are permitted.<\/p>\n<p>The use of the following is strictly prohibited:<\/p>\n<ul>\n<li>Vehicles that do not run on electricity, petrol or diesel, specifically this includes vehicles powered by liquid propane gas (LPG), natural gas, butane gas or hydrogen.<\/li>\n<li>Vehicles that have to be towed, including trailers of any kind, including caravans (unless expressly authorised).<\/li>\n<li>Segways, scooters, rollerblades and skateboards.<\/li>\n<\/ul>\n<h3 class=\"toggle\"><strong><a href=\"#\">Hourly access charges<\/a><\/strong><\/h3><div class=\"toggle-box\" style=\"display: none;\"><p>\n<p><strong>DAYTIME ACCESS FROM 7 A.M. TO 7 P.M. <\/strong><\/p>\n<div class=\"table-responsive\"><table  style=\"width:550px; \"  class=\"easy-table easy-table-default \" border=\"0\">\n<thead>\r\n<tr><th  style=\"width:250px;text-align:left\" >Minutes<\/th>\n<th  style=\"width:200px;text-align:left\" >Hours<\/th>\n<th  style=\"width:50px;text-align:left\" >CHF<\/th>\n<th  style=\"width:50px;text-align:right\" >Price<\/th>\n<th ><\/th>\n<\/tr>\n<\/thead>\n<tbody>\r\n<tr><td  style=\"text-align:left\" >From 00 to 20 minutes<\/td>\n<td  style=\"text-align:left\" >-<\/td>\n<td  style=\"text-align:left\" >CHF<\/td>\n<td  style=\"text-align:right\" > 0.50<\/td>\n<\/tr>\n\r\n<tr><td  style=\"text-align:left\" >From 21 to 60 minutes<\/td>\n<td  style=\"text-align:left\" >1 Hour<\/td>\n<td  style=\"text-align:left\" >CHF <\/td>\n<td  style=\"text-align:right\" > 2.00<\/td>\n<\/tr>\n\r\n<tr><td  style=\"text-align:left\" >From 61 to 90 minutes<\/td>\n<td  style=\"text-align:left\" > 1 Hour 30 min.<\/td>\n<td  style=\"text-align:left\" > CHF<\/td>\n<td  style=\"text-align:right\" > 3.00<\/td>\n<\/tr>\n\r\n<tr><td  style=\"text-align:left\" >From 91 to 120 minutes<\/td>\n<td  style=\"text-align:left\" > 2 Hours<\/td>\n<td  style=\"text-align:left\" >CHF <\/td>\n<td  style=\"text-align:right\" > 4.50<\/td>\n<\/tr>\n\r\n<tr><td  style=\"text-align:left\" >From 121 to 180 minutes<\/td>\n<td  style=\"text-align:left\" > 3 Hours<\/td>\n<td  style=\"text-align:left\" > CHF<\/td>\n<td  style=\"text-align:right\" > 6.50<\/td>\n<\/tr>\n\r\n<tr><td  style=\"text-align:left\" >From 181 to 240 minutes<\/td>\n<td  style=\"text-align:left\" > 4 Hours<\/td>\n<td  style=\"text-align:left\" > CHF<\/td>\n<td  style=\"text-align:right\" > 9.00<\/td>\n<\/tr>\n\r\n<tr><td  style=\"text-align:left\" >From 241 to 300 minutes<\/td>\n<td  style=\"text-align:left\" > 5 Hours<\/td>\n<td  style=\"text-align:left\" >CHF <\/td>\n<td  style=\"text-align:right\" > 13.00<\/td>\n<\/tr>\n\r\n<tr><td  style=\"text-align:left\" >From 301 to 360 minutes<\/td>\n<td  style=\"text-align:left\" > 6 Hours<\/td>\n<td  style=\"text-align:left\" > CHF<\/td>\n<td  style=\"text-align:right\" > 17.00<\/td>\n<\/tr>\n\r\n<tr><td  style=\"text-align:left\" >From 361 to 420 minutes<\/td>\n<td  style=\"text-align:left\" > 7 Hours<\/td>\n<td  style=\"text-align:left\" >CHF <\/td>\n<td  style=\"text-align:right\" > 21.00<\/td>\n<\/tr>\n\r\n<tr><td  style=\"text-align:left\" >From 421 to 480 minutes<\/td>\n<td  style=\"text-align:left\" > 8 Hours<\/td>\n<td  style=\"text-align:left\" >CHF <\/td>\n<td  style=\"text-align:right\" > 25.00<\/td>\n<\/tr>\n\r\n<tr><td  style=\"text-align:left\" >From 481 to 540 minutes<\/td>\n<td  style=\"text-align:left\" > 9 Hours<\/td>\n<td  style=\"text-align:left\" > CHF<\/td>\n<td  style=\"text-align:right\" > 29.00<\/td>\n<\/tr>\n\r\n<tr><td  style=\"text-align:left\" >From 541 to 600 minutes<\/td>\n<td  style=\"text-align:left\" > 10 Hours<\/td>\n<td  style=\"text-align:left\" >CHF <\/td>\n<td  style=\"text-align:right\" > 33.00<\/td>\n<\/tr>\n\r\n<tr><td  style=\"text-align:left\" >From 601 to 660 minutes<\/td>\n<td  style=\"text-align:left\" > 11 Hours<\/td>\n<td  style=\"text-align:left\" >CHF <\/td>\n<td  style=\"text-align:right\" > 37.00<\/td>\n<\/tr>\n\r\n<tr><td  style=\"text-align:left\" >From 661 to 720 minutes<\/td>\n<td  style=\"text-align:left\" > 12 Hours<\/td>\n<td  style=\"text-align:left\" > CHF<\/td>\n<td  style=\"text-align:right\" > 41.00<\/td>\n<\/tr>\n<\/tbody><\/table><\/div>\n<strong>NIGHT-TIME ACCESS FROM 7 P.M. TO 7 A.M. SUNDAYS AND HOLIDAYS<\/strong><br \/>\n<div class=\"table-responsive\"><table  style=\"width:550px; \"  class=\"easy-table easy-table-default \" border=\"0\">\n<thead>\r\n<tr><th  style=\"width:250px;text-align:left\" ><\/th>\n<th  style=\"width:150px;text-align:left\" ><\/th>\n<th  style=\"width:100px;text-align:left\" ><\/th>\n<th  style=\"width:50px;text-align:left\" ><\/th>\n<th  style=\"width:50px;text-align:right\" ><\/th>\n<\/tr>\n<\/thead>\n<tbody>\r\n<tr><td  style=\"text-align:left\" >From 00 to 20 minutes<\/td>\n<td  style=\"text-align:left\" > <\/td>\n<td  style=\"text-align:left\" ><\/td>\n<td  style=\"text-align:left\" > CHF<\/td>\n<td  style=\"text-align:right\" > 0.50<\/td>\n<\/tr>\n\r\n<tr><td  style=\"text-align:left\" >From 21 to 60 minutes<\/td>\n<td  style=\"text-align:left\" > <\/td>\n<td  style=\"text-align:left\" >1 Hour<\/td>\n<td  style=\"text-align:left\" > CHF<\/td>\n<td  style=\"text-align:right\" > 1.00<\/td>\n<\/tr>\n<\/tbody><\/table><\/div>\n<div class=\"table-responsive\"><table  style=\"width:550px; \"  class=\"easy-table easy-table-default \" border=\"0\">\n<thead>\r\n<tr><th  style=\"width:250px;text-align:left\" ><\/th>\n<th  style=\"width:150px;text-align:left\" ><\/th>\n<th  style=\"width:50px;text-align:right\" ><\/th>\n<th  style=\"width:50px;text-align:right\" ><\/th>\n<\/tr>\n<\/thead>\n<tbody>\r\n<tr><td  style=\"text-align:left\" >Per additional hour<\/td>\n<td  style=\"text-align:left\" ><\/td>\n<td  style=\"text-align:right\" > CHF<\/td>\n<td  style=\"text-align:right\" > 1.00<\/td>\n<\/tr>\n\r\n<tr><td  style=\"text-align:left\" >Maximum<\/td>\n<td  style=\"text-align:left\" ><\/td>\n<td  style=\"text-align:right\" > CHF<\/td>\n<td  style=\"text-align:right\" > 15.00<\/td>\n<\/tr>\n\r\n<tr><td  style=\"text-align:left\" >Lost ticket <\/td>\n<td  style=\"text-align:left\" ><\/td>\n<td  style=\"text-align:right\" >Minimum charge<\/td>\n<td  style=\"text-align:right\" > 41.00<\/td>\n<\/tr>\n<\/tbody><\/table><\/div>\n<p>ALL OUR CHARGES APPLY PER VEHICLE AND ARE INCLUSIVE OF ALL TAXES.<\/p>\n<\/p><\/div>\n<h3 class=\"toggle\"><strong><a href=\"#\">Permanent access charges<\/a><\/strong><\/h3><div class=\"toggle-box\" style=\"display: none;\"><p>\n<div class=\"table-responsive\"><table  style=\"width:550px; \"  class=\"easy-table easy-table-default \" border=\"0\">\n<thead>\r\n<tr><th  style=\"width:350px;text-align:left\" ><\/th>\n<th  style=\"width:100px;text-align:left\" ><\/th>\n<th  style=\"width:50px;text-align:left\" ><\/th>\n<th  style=\"width:50px;text-align:right\" ><strong>Monthly<\/strong><\/th>\n<\/tr>\n<\/thead>\n<tbody>\r\n<tr><td  style=\"text-align:left\" >Permanent* access for motorised 2-wheelers 24\/7<\/td>\n<td  style=\"text-align:left\" > <\/td>\n<td  style=\"text-align:left\" > <\/td>\n<td  style=\"text-align:right\" >CHF 80<\/td>\n<\/tr>\n\r\n<tr><td  style=\"text-align:left\" >Replacing a lost card or an access badge.<\/td>\n<td  style=\"text-align:left\" > <\/td>\n<td  style=\"text-align:left\" > <\/td>\n<td  style=\"text-align:right\" >CHF 30<\/td>\n<\/tr>\n<\/tbody><\/table><\/div>\nALL OUR CHARGES APPLY PER VEHICLE AND ARE INCLUSIVE OF ALL TAXES.<\/p>\n<p>*including Saturday, Sunday and public holidays<br \/>\n<\/p><\/div>\n<h3 class=\"toggle\"><strong><a href=\"#\">Other charges<\/a><\/strong><\/h3><div class=\"toggle-box\" style=\"display: none;\"><p>\n<p><strong><strong>LONG-STAY PARKING FROM MONDAY TO FRIDAY, EXCEPT FOR SUNDAYS AND HOLIDAYS (1 ENTRY, 1 EXIT)<br \/>\n<\/strong><\/strong><\/p>\n<div class=\"table-responsive\"><table  style=\"width:550px; \"  class=\"easy-table easy-table-default \" border=\"0\">\n<thead>\r\n<tr><th  style=\"width:350px;text-align:left\" ><\/th>\n<th  style=\"width:100px;text-align:left\" ><\/th>\n<th  style=\"width:100px\" ><\/th>\n<th ><\/th>\n<\/tr>\n<\/thead>\n<tbody>\r\n<tr><td  style=\"text-align:left\" >First day<\/td>\n<td  style=\"text-align:left\" > CHF 41<\/td>\n<\/tr>\n\r\n<tr><td  style=\"text-align:left\" >Subsequent days (per day)<\/td>\n<td  style=\"text-align:left\" > CHF 20<\/td>\n<\/tr>\n<\/tbody><\/table><\/div>\nALL OUR CHARGES APPLY PER VEHICLE AND ARE INCLUSIVE OF ALL TAXES.<br \/>\n<\/p><\/div>\n<h3 class=\"toggle\"><strong><a href=\"#\">General conditions<\/a><\/strong><\/h3><div class=\"toggle-box\" style=\"display: none;\"><p>\n<iframe loading=\"lazy\" src=\"https:\/\/docs.google.com\/viewer?url=https:\/\/www.parkgest.ch\/wp-content\/uploads\/ISM_Conditions-generales_20240718_VF.pdf&amp;embedded=true\" width=\"100%\" height=\"600\" frameborder=\"0\"><\/iframe><\/p>\n<p>If you are not viewing the file correctly, <a href=\"https:\/\/www.parkgest.ch\/wp-content\/uploads\/ISM_Conditions-generales_20240718_VF.pdf\" target=\"_blank\" rel=\"noopener noreferrer\">click here<\/a><br \/>\n<\/p><\/div>\n<\/div>\n","protected":false},"excerpt":{"rendered":"<p>Welcome to Ilot Sud Morges car park The Ilot Sud Morges car park, which was inaugurated in June 2021, is equipped with the latest technology, making it a modern and safe car park. They includes number-plate recognition, CCTV cameras and a guidance system to monitor every parking space. The Ilot Sud Morges car park also [&hellip;]<\/p>\n","protected":false},"author":10,"featured_media":7505,"parent":1282,"menu_order":8,"comment_status":"closed","ping_status":"closed","template":"parkingpage.php","meta":{"footnotes":""},"tags":[],"yoast_head":"<!-- This site is optimized with the Yoast SEO plugin v21.8 - https:\/\/yoast.com\/wordpress\/plugins\/seo\/ -->\n<title>Ilot Sud Morges car park | Parkgest<\/title>\n<meta name=\"robots\" content=\"index, follow, max-snippet:-1, max-image-preview:large, max-video-preview:-1\" \/>\n<link rel=\"canonical\" href=\"https:\/\/www.parkgest.ch\/en\/where-to-park\/ilot-sud-morges-car-park\/\" \/>\n<meta property=\"og:locale\" content=\"en_US\" \/>\n<meta property=\"og:type\" content=\"article\" \/>\n<meta property=\"og:title\" content=\"Ilot Sud Morges car park | Parkgest\" \/>\n<meta property=\"og:description\" content=\"Welcome to Ilot Sud Morges car park The Ilot Sud Morges car park, which was inaugurated in June 2021, is equipped with the latest technology, making it a modern and safe car park. They includes number-plate recognition, CCTV cameras and a guidance system to monitor every parking space. The Ilot Sud Morges car park also [&hellip;]\" \/>\n<meta property=\"og:url\" content=\"https:\/\/www.parkgest.ch\/en\/where-to-park\/ilot-sud-morges-car-park\/\" \/>\n<meta property=\"og:site_name\" content=\"Parkgest\" \/>\n<meta property=\"article:modified_time\" content=\"2026-03-03T01:13:45+00:00\" \/>\n<meta property=\"og:image\" content=\"https:\/\/www.parkgest.ch\/wp-content\/uploads\/3.png\" \/>\n\t<meta property=\"og:image:width\" content=\"1200\" \/>\n\t<meta property=\"og:image:height\" content=\"600\" \/>\n\t<meta property=\"og:image:type\" content=\"image\/png\" \/>\n<meta name=\"twitter:label1\" content=\"Est. reading time\" \/>\n\t<meta name=\"twitter:data1\" content=\"8 minutes\" \/>\n<script type=\"application\/ld+json\" class=\"yoast-schema-graph\">{\"@context\":\"https:\/\/schema.org\",\"@graph\":[{\"@type\":\"WebPage\",\"@id\":\"https:\/\/www.parkgest.ch\/en\/where-to-park\/ilot-sud-morges-car-park\/\",\"url\":\"https:\/\/www.parkgest.ch\/en\/where-to-park\/ilot-sud-morges-car-park\/\",\"name\":\"Ilot Sud Morges car park | Parkgest\",\"isPartOf\":{\"@id\":\"https:\/\/www.parkgest.ch\/#website\"},\"datePublished\":\"2022-09-19T16:17:05+00:00\",\"dateModified\":\"2026-03-03T01:13:45+00:00\",\"breadcrumb\":{\"@id\":\"https:\/\/www.parkgest.ch\/en\/where-to-park\/ilot-sud-morges-car-park\/#breadcrumb\"},\"inLanguage\":\"en-US\",\"potentialAction\":[{\"@type\":\"ReadAction\",\"target\":[\"https:\/\/www.parkgest.ch\/en\/where-to-park\/ilot-sud-morges-car-park\/\"]}]},{\"@type\":\"BreadcrumbList\",\"@id\":\"https:\/\/www.parkgest.ch\/en\/where-to-park\/ilot-sud-morges-car-park\/#breadcrumb\",\"itemListElement\":[{\"@type\":\"ListItem\",\"position\":1,\"name\":\"Accueil\",\"item\":\"https:\/\/www.parkgest.ch\/en\/\"},{\"@type\":\"ListItem\",\"position\":2,\"name\":\"Where shall I park?\",\"item\":\"https:\/\/www.parkgest.ch\/en\/where-to-park\/\"},{\"@type\":\"ListItem\",\"position\":3,\"name\":\"Ilot Sud Morges car park\"}]},{\"@type\":\"WebSite\",\"@id\":\"https:\/\/www.parkgest.ch\/#website\",\"url\":\"https:\/\/www.parkgest.ch\/\",\"name\":\"Parkgest\",\"description\":\"R\u00e9seau de parkings \u00e0 Gen\u00e8ve et Suisse romande\",\"potentialAction\":[{\"@type\":\"SearchAction\",\"target\":{\"@type\":\"EntryPoint\",\"urlTemplate\":\"https:\/\/www.parkgest.ch\/?s={search_term_string}\"},\"query-input\":\"required name=search_term_string\"}],\"inLanguage\":\"en-US\"}]}<\/script>\n<!-- \/ Yoast SEO plugin. -->","yoast_head_json":{"title":"Ilot Sud Morges car park | Parkgest","robots":{"index":"index","follow":"follow","max-snippet":"max-snippet:-1","max-image-preview":"max-image-preview:large","max-video-preview":"max-video-preview:-1"},"canonical":"https:\/\/www.parkgest.ch\/en\/where-to-park\/ilot-sud-morges-car-park\/","og_locale":"en_US","og_type":"article","og_title":"Ilot Sud Morges car park | Parkgest","og_description":"Welcome to Ilot Sud Morges car park The Ilot Sud Morges car park, which was inaugurated in June 2021, is equipped with the latest technology, making it a modern and safe car park. They includes number-plate recognition, CCTV cameras and a guidance system to monitor every parking space. The Ilot Sud Morges car park also [&hellip;]","og_url":"https:\/\/www.parkgest.ch\/en\/where-to-park\/ilot-sud-morges-car-park\/","og_site_name":"Parkgest","article_modified_time":"2026-03-03T01:13:45+00:00","og_image":[{"width":1200,"height":600,"url":"https:\/\/www.parkgest.ch\/wp-content\/uploads\/3.png","type":"image\/png"}],"twitter_misc":{"Est. reading time":"8 minutes"},"schema":{"@context":"https:\/\/schema.org","@graph":[{"@type":"WebPage","@id":"https:\/\/www.parkgest.ch\/en\/where-to-park\/ilot-sud-morges-car-park\/","url":"https:\/\/www.parkgest.ch\/en\/where-to-park\/ilot-sud-morges-car-park\/","name":"Ilot Sud Morges car park | Parkgest","isPartOf":{"@id":"https:\/\/www.parkgest.ch\/#website"},"datePublished":"2022-09-19T16:17:05+00:00","dateModified":"2026-03-03T01:13:45+00:00","breadcrumb":{"@id":"https:\/\/www.parkgest.ch\/en\/where-to-park\/ilot-sud-morges-car-park\/#breadcrumb"},"inLanguage":"en-US","potentialAction":[{"@type":"ReadAction","target":["https:\/\/www.parkgest.ch\/en\/where-to-park\/ilot-sud-morges-car-park\/"]}]},{"@type":"BreadcrumbList","@id":"https:\/\/www.parkgest.ch\/en\/where-to-park\/ilot-sud-morges-car-park\/#breadcrumb","itemListElement":[{"@type":"ListItem","position":1,"name":"Accueil","item":"https:\/\/www.parkgest.ch\/en\/"},{"@type":"ListItem","position":2,"name":"Where shall I park?","item":"https:\/\/www.parkgest.ch\/en\/where-to-park\/"},{"@type":"ListItem","position":3,"name":"Ilot Sud Morges car park"}]},{"@type":"WebSite","@id":"https:\/\/www.parkgest.ch\/#website","url":"https:\/\/www.parkgest.ch\/","name":"Parkgest","description":"R\u00e9seau de parkings \u00e0 Gen\u00e8ve et Suisse romande","potentialAction":[{"@type":"SearchAction","target":{"@type":"EntryPoint","urlTemplate":"https:\/\/www.parkgest.ch\/?s={search_term_string}"},"query-input":"required name=search_term_string"}],"inLanguage":"en-US"}]}},"_links":{"self":[{"href":"https:\/\/www.parkgest.ch\/en\/wp-json\/wp\/v2\/pages\/8633"}],"collection":[{"href":"https:\/\/www.parkgest.ch\/en\/wp-json\/wp\/v2\/pages"}],"about":[{"href":"https:\/\/www.parkgest.ch\/en\/wp-json\/wp\/v2\/types\/page"}],"author":[{"embeddable":true,"href":"https:\/\/www.parkgest.ch\/en\/wp-json\/wp\/v2\/users\/10"}],"replies":[{"embeddable":true,"href":"https:\/\/www.parkgest.ch\/en\/wp-json\/wp\/v2\/comments?post=8633"}],"version-history":[{"count":16,"href":"https:\/\/www.parkgest.ch\/en\/wp-json\/wp\/v2\/pages\/8633\/revisions"}],"predecessor-version":[{"id":11302,"href":"https:\/\/www.parkgest.ch\/en\/wp-json\/wp\/v2\/pages\/8633\/revisions\/11302"}],"up":[{"embeddable":true,"href":"https:\/\/www.parkgest.ch\/en\/wp-json\/wp\/v2\/pages\/1282"}],"wp:featuredmedia":[{"embeddable":true,"href":"https:\/\/www.parkgest.ch\/en\/wp-json\/wp\/v2\/media\/7505"}],"wp:attachment":[{"href":"https:\/\/www.parkgest.ch\/en\/wp-json\/wp\/v2\/media?parent=8633"}],"wp:term":[{"taxonomy":"post_tag","embeddable":true,"href":"https:\/\/www.parkgest.ch\/en\/wp-json\/wp\/v2\/tags?post=8633"}],"curies":[{"name":"wp","href":"https:\/\/api.w.org\/{rel}","templated":true}]}}