{"id":6212,"date":"2020-12-16T14:24:34","date_gmt":"2020-12-16T13:24:34","guid":{"rendered":"https:\/\/www.parkgest.ch\/?page_id=6212"},"modified":"2020-12-16T14:24:34","modified_gmt":"2020-12-16T13:24:34","slug":"general-conditions","status":"publish","type":"page","link":"https:\/\/www.parkgest.ch\/en\/general-conditions\/","title":{"rendered":"General conditions"},"content":{"rendered":"<h2>General conditions of use and the policy concerning personal data when using the PARKGEST Group\u2019s websites.<\/h2>\n<h3>Preamble<\/h3>\n<p>Respecting your privacy is important and we have taken the commensurate technical and organisational measures to ensure that any personal data is handled in accordance with the relevant laws. This document sets out our company policy on personal data and the way it is processed on our websites.<\/p>\n<h3>Collection and storage<\/h3>\n<p>On the <a href=\"https:\/\/www.parkgest.ch\">www.parkgest.ch<\/a> website we collect your personal data in a commensurate way, that is to say only to the extent necessary to respond to your requests and to inform you fully of our services.<br \/>\nIn the event of a subscription request, we collect your full contact details, including telephone number and e-mail address, through our forms, which we then keep for the duration of the subscription (plus five years, except for financial data, which is kept for ten years, in accordance with the laws). You will then receive our newsletter, from which you can unsubscribe without any further obligation.<\/p>\n<p>You can reach the news section dedicated to mobility through our newsroom tab (<a href=\"https:\/\/blog.parkgest.ch\/contact\/\" target=\"_blank\" rel=\"noopener noreferrer\">https:\/\/blog.parkgest.ch\/contact\/<\/a>).<\/p>\n<p>When you fill in the contact form there, we collect your first and last name and e-mail address, so that we can follow up on your request. This data is not kept on the website.<br \/>\nYou can also subscribe to our newsletter. In this case, your e-mail address is collected and kept for the duration of your subscription. Our subcontractor, who uses PARKGEST&#8217;s Mailpro account, has been entrusted with managing our newsletter. (<a href=\"https:\/\/www.tandemadvertising.com\/\" target=\"_blank\" rel=\"noopener noreferrer\">https:\/\/www.tandemadvertising.com\/<\/a>)<\/p>\n<p>We register the IP address of internet users accessing our websites, for analysis and continuous improvement, using the statistics tool \u2018Google Analytics\u2019. We have taken all the necessary technical steps to ensure that your IP address is not transmitted to Google (for more information, see <a href=\"https:\/\/marketingplatform.google.com\/about\/analytics\/\" target=\"_blank\" rel=\"noopener noreferrer\">https:\/\/marketingplatform.google.com\/about\/analytics\/<\/a>).<\/p>\n<p>This site is hosted by Infomaniak (see <a href=\"https:\/\/www.infomaniak.com\" target=\"_blank\" rel=\"noopener noreferrer\">www.infomaniak.com<\/a>), a company based in the canton of Geneva.<\/p>\n<h3>Right of access<\/h3>\n<p>For further information and to apply for access rights, please contact <a href=\"mailto:info@parkgest.ch\">info@parkgest.ch<\/a>.<\/p>\n","protected":false},"excerpt":{"rendered":"<p>General conditions of use and the policy concerning personal data when using the PARKGEST Group\u2019s websites. Preamble Respecting your privacy is important and we have taken the commensurate technical and organisational measures to ensure that any personal data is handled in accordance with the relevant laws. This document sets out our company policy on personal [&hellip;]<\/p>\n","protected":false},"author":5,"featured_media":0,"parent":0,"menu_order":0,"comment_status":"closed","ping_status":"closed","template":"cgv.php","meta":{"footnotes":""},"tags":[],"yoast_head":"<!-- This site is optimized with the Yoast SEO plugin v21.8 - https:\/\/yoast.com\/wordpress\/plugins\/seo\/ -->\n<title>General conditions | Parkgest<\/title>\n<meta name=\"robots\" content=\"index, follow, max-snippet:-1, max-image-preview:large, max-video-preview:-1\" \/>\n<link rel=\"canonical\" href=\"https:\/\/www.parkgest.ch\/en\/general-conditions\/\" \/>\n<meta property=\"og:locale\" content=\"en_US\" \/>\n<meta property=\"og:type\" content=\"article\" \/>\n<meta property=\"og:title\" content=\"General conditions | Parkgest\" \/>\n<meta property=\"og:description\" content=\"General conditions of use and the policy concerning personal data when using the PARKGEST Group\u2019s websites. Preamble Respecting your privacy is important and we have taken the commensurate technical and organisational measures to ensure that any personal data is handled in accordance with the relevant laws. This document sets out our company policy on personal [&hellip;]\" \/>\n<meta property=\"og:url\" content=\"https:\/\/www.parkgest.ch\/en\/general-conditions\/\" \/>\n<meta property=\"og:site_name\" content=\"Parkgest\" \/>\n<meta name=\"twitter:label1\" content=\"Est. reading time\" \/>\n\t<meta name=\"twitter:data1\" content=\"2 minutes\" \/>\n<script type=\"application\/ld+json\" class=\"yoast-schema-graph\">{\"@context\":\"https:\/\/schema.org\",\"@graph\":[{\"@type\":\"WebPage\",\"@id\":\"https:\/\/www.parkgest.ch\/en\/general-conditions\/\",\"url\":\"https:\/\/www.parkgest.ch\/en\/general-conditions\/\",\"name\":\"General conditions | Parkgest\",\"isPartOf\":{\"@id\":\"https:\/\/www.parkgest.ch\/#website\"},\"datePublished\":\"2020-12-16T13:24:34+00:00\",\"dateModified\":\"2020-12-16T13:24:34+00:00\",\"breadcrumb\":{\"@id\":\"https:\/\/www.parkgest.ch\/en\/general-conditions\/#breadcrumb\"},\"inLanguage\":\"en-US\",\"potentialAction\":[{\"@type\":\"ReadAction\",\"target\":[\"https:\/\/www.parkgest.ch\/en\/general-conditions\/\"]}]},{\"@type\":\"BreadcrumbList\",\"@id\":\"https:\/\/www.parkgest.ch\/en\/general-conditions\/#breadcrumb\",\"itemListElement\":[{\"@type\":\"ListItem\",\"position\":1,\"name\":\"Accueil\",\"item\":\"https:\/\/www.parkgest.ch\/en\/\"},{\"@type\":\"ListItem\",\"position\":2,\"name\":\"General conditions\"}]},{\"@type\":\"WebSite\",\"@id\":\"https:\/\/www.parkgest.ch\/#website\",\"url\":\"https:\/\/www.parkgest.ch\/\",\"name\":\"Parkgest\",\"description\":\"R\u00e9seau de parkings \u00e0 Gen\u00e8ve et Suisse romande\",\"potentialAction\":[{\"@type\":\"SearchAction\",\"target\":{\"@type\":\"EntryPoint\",\"urlTemplate\":\"https:\/\/www.parkgest.ch\/?s={search_term_string}\"},\"query-input\":\"required name=search_term_string\"}],\"inLanguage\":\"en-US\"}]}<\/script>\n<!-- \/ Yoast SEO plugin. -->","yoast_head_json":{"title":"General conditions | Parkgest","robots":{"index":"index","follow":"follow","max-snippet":"max-snippet:-1","max-image-preview":"max-image-preview:large","max-video-preview":"max-video-preview:-1"},"canonical":"https:\/\/www.parkgest.ch\/en\/general-conditions\/","og_locale":"en_US","og_type":"article","og_title":"General conditions | Parkgest","og_description":"General conditions of use and the policy concerning personal data when using the PARKGEST Group\u2019s websites. Preamble Respecting your privacy is important and we have taken the commensurate technical and organisational measures to ensure that any personal data is handled in accordance with the relevant laws. This document sets out our company policy on personal [&hellip;]","og_url":"https:\/\/www.parkgest.ch\/en\/general-conditions\/","og_site_name":"Parkgest","twitter_misc":{"Est. reading time":"2 minutes"},"schema":{"@context":"https:\/\/schema.org","@graph":[{"@type":"WebPage","@id":"https:\/\/www.parkgest.ch\/en\/general-conditions\/","url":"https:\/\/www.parkgest.ch\/en\/general-conditions\/","name":"General conditions | Parkgest","isPartOf":{"@id":"https:\/\/www.parkgest.ch\/#website"},"datePublished":"2020-12-16T13:24:34+00:00","dateModified":"2020-12-16T13:24:34+00:00","breadcrumb":{"@id":"https:\/\/www.parkgest.ch\/en\/general-conditions\/#breadcrumb"},"inLanguage":"en-US","potentialAction":[{"@type":"ReadAction","target":["https:\/\/www.parkgest.ch\/en\/general-conditions\/"]}]},{"@type":"BreadcrumbList","@id":"https:\/\/www.parkgest.ch\/en\/general-conditions\/#breadcrumb","itemListElement":[{"@type":"ListItem","position":1,"name":"Accueil","item":"https:\/\/www.parkgest.ch\/en\/"},{"@type":"ListItem","position":2,"name":"General conditions"}]},{"@type":"WebSite","@id":"https:\/\/www.parkgest.ch\/#website","url":"https:\/\/www.parkgest.ch\/","name":"Parkgest","description":"R\u00e9seau de parkings \u00e0 Gen\u00e8ve et Suisse romande","potentialAction":[{"@type":"SearchAction","target":{"@type":"EntryPoint","urlTemplate":"https:\/\/www.parkgest.ch\/?s={search_term_string}"},"query-input":"required name=search_term_string"}],"inLanguage":"en-US"}]}},"_links":{"self":[{"href":"https:\/\/www.parkgest.ch\/en\/wp-json\/wp\/v2\/pages\/6212"}],"collection":[{"href":"https:\/\/www.parkgest.ch\/en\/wp-json\/wp\/v2\/pages"}],"about":[{"href":"https:\/\/www.parkgest.ch\/en\/wp-json\/wp\/v2\/types\/page"}],"author":[{"embeddable":true,"href":"https:\/\/www.parkgest.ch\/en\/wp-json\/wp\/v2\/users\/5"}],"replies":[{"embeddable":true,"href":"https:\/\/www.parkgest.ch\/en\/wp-json\/wp\/v2\/comments?post=6212"}],"version-history":[{"count":0,"href":"https:\/\/www.parkgest.ch\/en\/wp-json\/wp\/v2\/pages\/6212\/revisions"}],"wp:attachment":[{"href":"https:\/\/www.parkgest.ch\/en\/wp-json\/wp\/v2\/media?parent=6212"}],"wp:term":[{"taxonomy":"post_tag","embeddable":true,"href":"https:\/\/www.parkgest.ch\/en\/wp-json\/wp\/v2\/tags?post=6212"}],"curies":[{"name":"wp","href":"https:\/\/api.w.org\/{rel}","templated":true}]}}