{"id":5567,"date":"2020-08-03T18:52:00","date_gmt":"2020-08-03T17:52:00","guid":{"rendered":"https:\/\/www.parkgest.ch\/?page_id=5567"},"modified":"2022-07-20T08:32:39","modified_gmt":"2022-07-20T07:32:39","slug":"history-of-our-frescoes","status":"publish","type":"page","link":"https:\/\/www.parkgest.ch\/en\/parkgest\/history-of-our-frescoes\/","title":{"rendered":"History of our frescoes"},"content":{"rendered":"<div class=\"offset-md-2 col-md-8\">\n<div class=\"pkg-block pkg-block-text\">\n<div class=\"text-center\">\n<h2>History of our frescoes<\/h2>\n<\/div>\n<p><strong>Since 2015, the walls of the Mont-Blanc car park have been adorned by large decorative frescoes. The first mural, completed in 2015, triggered an unusual series of paintings dedicated to Jean Calvin\u2019s city, to mobility and the world of parking. PARKGEST CEO Thierry d\u2019Autheville, who initiated the project, and Yoren Geromin, an illustrator and the artistic director of the Tandem Agency in Geneva, shed light on this wonderful artistic project in the following interview.<\/strong><\/p>\n<\/div>\n<\/div>\n<div class=\"col-12\">\n<figure><img decoding=\"async\" src=\"https:\/\/www.parkgest.ch\/wp-content\/uploads\/PKG-FRESQUE-1.png\" alt=\"\" \/><br \/>\n<em>&#8220;La rade&#8221;, parking du Mont-Blanc P3 &#8211; Credit : Yoren Geromin<\/em><\/figure>\n<\/div>\n<div class=\"offset-md-2 col-md-8\">\n<div class=\"pkg-block pkg-block-text\">\n<h3>PMB: What was your original motivation for this project?<\/h3>\n<p><span>Thierry d\u2019Autheville<\/span>: It was all about bringing decorative elements into our subterranean universe that sometimes makes people anxious. We made the best of the walls we could use for this project, in a building with low ceilings whose architecture dates from the 1970s. This desire to embellish the environment does not come from today\u2019s age \u2013 decorative glazing was common at pedestrian exits in the past.<\/p>\n<h3>What were your specific requirements for the murals?<\/h3>\n<p><span>Thierry d\u2019Autheville<\/span>. I wanted to enhance Geneva\u2019s roadstead on the lake and its characteristic and spectacular elements. I consider the roadstead on the lake in Geneva to be one of the most beautiful in the world, and I gave the TANDEM agency carte blanche to carry out this project. We started out with two available formats, that is to say 34 m for Fresco No. 1 and 26 m for Fresco No. 2.<\/p>\n<\/div>\n<\/div>\n<div class=\"col-12\">\n<figure><img decoding=\"async\" src=\"https:\/\/www.parkgest.ch\/wp-content\/uploads\/PKG-FRESQUE-2.png\" alt=\"\"><em>&#8220;Centre de contr\u00f4le&#8221; parking du Mont-Blanc P3 &#8211; Credit : Yoren Geromin<\/em><\/figure>\n<\/div>\n<div class=\"offset-md-2 col-md-8\">\n<div class=\"pkg-block pkg-block-text\">\n<h3>Why did you choose this style?<\/h3>\n<p><span>Yoren Geromin<\/span>. We wanted to breathe life into the various sign posts and informative elements used in the car park. So I chose the medium of paintings, where all the motifs can be interpreted with the same visual coherence. I worked in a universalist spirit, incorporating a multitude of elements that I discovered whilst reading. I also preferred to keep things blue, in keeping with PARKGEST\u2019s corporate design.<\/p>\n<h3>How did this visual concept based on illustration appeal to you?<\/h3>\n<p><span>Thierry d\u2019Autheville<\/span>: It\u2019s an original approach that simultaneously allows a unique graphic signature and a little touch of madness. Moreover, mural painting enables a thematic range without compromising the unity of the overall work of art. Fresco No. 1 was dedicated to the roadstead on the lake, Fresco No. 2 to the world, Fresco No. 3 to the car park itself and Fresco No. 4 to PARKGEST\u2019s services.<\/p>\n<h3>How did you get the humorous idea of alluding to vehicles and film stars?<\/h3>\n<p><span>Yoren Geromin<\/span>. The concept was born when I created the first fresco. I liked the idea of making surprising allusions, borrowed from the world of films, evoking cars and mobility.<\/p>\n<\/div>\n<\/div>\n<div class=\"col-12\">\n<figure><img decoding=\"async\" src=\"https:\/\/www.parkgest.ch\/wp-content\/uploads\/PKG-FRESQUE-3.png\" alt=\"\"><em>&#8220;Bienvenue&#8221;, parking du Mont-Blanc P3 &#8211; Credit : Yoren Geromin<\/em><\/figure>\n<\/div>\n<div class=\"col-12\">\n<figure><img decoding=\"async\" src=\"https:\/\/www.parkgest.ch\/wp-content\/uploads\/PKG-FRESQUE-4.png\" alt=\"\"><em>&#8220;Services&#8221;, parking du Mont-Blanc P1 &#8211; Credit : Yoren Geromin<\/em><\/figure>\n<\/div>\n<div class=\"text-center d-md-none\">\n<p><a href=\"https:\/\/www.parkgest.ch\/parking\/mont-blanc\/\">A d\u00e9couvrir au parking du Mont-Blanc<\/a><\/p>\n<\/div>\n","protected":false},"excerpt":{"rendered":"<p>History of our frescoes Since 2015, the walls of the Mont-Blanc car park have been adorned by large decorative frescoes. The first mural, completed in 2015, triggered an unusual series of paintings dedicated to Jean Calvin\u2019s city, to mobility and the world of parking. PARKGEST CEO Thierry d\u2019Autheville, who initiated the project, and Yoren Geromin, [&hellip;]<\/p>\n","protected":false},"author":5,"featured_media":5605,"parent":1294,"menu_order":10,"comment_status":"closed","ping_status":"closed","template":"fresque.php","meta":{"footnotes":""},"tags":[],"yoast_head":"<!-- This site is optimized with the Yoast SEO plugin v21.8 - https:\/\/yoast.com\/wordpress\/plugins\/seo\/ -->\n<title>History of our frescoes | Parkgest<\/title>\n<meta name=\"robots\" content=\"index, follow, max-snippet:-1, max-image-preview:large, max-video-preview:-1\" \/>\n<link rel=\"canonical\" href=\"https:\/\/www.parkgest.ch\/en\/parkgest\/history-of-our-frescoes\/\" \/>\n<meta property=\"og:locale\" content=\"en_US\" \/>\n<meta property=\"og:type\" content=\"article\" \/>\n<meta property=\"og:title\" content=\"History of our frescoes | Parkgest\" \/>\n<meta property=\"og:description\" content=\"History of our frescoes Since 2015, the walls of the Mont-Blanc car park have been adorned by large decorative frescoes. The first mural, completed in 2015, triggered an unusual series of paintings dedicated to Jean Calvin\u2019s city, to mobility and the world of parking. PARKGEST CEO Thierry d\u2019Autheville, who initiated the project, and Yoren Geromin, [&hellip;]\" \/>\n<meta property=\"og:url\" content=\"https:\/\/www.parkgest.ch\/en\/parkgest\/history-of-our-frescoes\/\" \/>\n<meta property=\"og:site_name\" content=\"Parkgest\" \/>\n<meta property=\"article:modified_time\" content=\"2022-07-20T07:32:39+00:00\" \/>\n<meta property=\"og:image\" content=\"https:\/\/www.parkgest.ch\/wp-content\/uploads\/Fresques_LS01852-1-scaled.jpg\" \/>\n\t<meta property=\"og:image:width\" content=\"2560\" \/>\n\t<meta property=\"og:image:height\" content=\"1707\" \/>\n\t<meta property=\"og:image:type\" content=\"image\/jpeg\" \/>\n<meta name=\"twitter:label1\" content=\"Est. reading time\" \/>\n\t<meta name=\"twitter:data1\" content=\"2 minutes\" \/>\n<script type=\"application\/ld+json\" class=\"yoast-schema-graph\">{\"@context\":\"https:\/\/schema.org\",\"@graph\":[{\"@type\":\"WebPage\",\"@id\":\"https:\/\/www.parkgest.ch\/en\/parkgest\/history-of-our-frescoes\/\",\"url\":\"https:\/\/www.parkgest.ch\/en\/parkgest\/history-of-our-frescoes\/\",\"name\":\"History of our frescoes | Parkgest\",\"isPartOf\":{\"@id\":\"https:\/\/www.parkgest.ch\/#website\"},\"datePublished\":\"2020-08-03T17:52:00+00:00\",\"dateModified\":\"2022-07-20T07:32:39+00:00\",\"breadcrumb\":{\"@id\":\"https:\/\/www.parkgest.ch\/en\/parkgest\/history-of-our-frescoes\/#breadcrumb\"},\"inLanguage\":\"en-US\",\"potentialAction\":[{\"@type\":\"ReadAction\",\"target\":[\"https:\/\/www.parkgest.ch\/en\/parkgest\/history-of-our-frescoes\/\"]}]},{\"@type\":\"BreadcrumbList\",\"@id\":\"https:\/\/www.parkgest.ch\/en\/parkgest\/history-of-our-frescoes\/#breadcrumb\",\"itemListElement\":[{\"@type\":\"ListItem\",\"position\":1,\"name\":\"Accueil\",\"item\":\"https:\/\/www.parkgest.ch\/en\/\"},{\"@type\":\"ListItem\",\"position\":2,\"name\":\"Parkgest\",\"item\":\"https:\/\/www.parkgest.ch\/en\/parkgest\/\"},{\"@type\":\"ListItem\",\"position\":3,\"name\":\"History of our frescoes\"}]},{\"@type\":\"WebSite\",\"@id\":\"https:\/\/www.parkgest.ch\/#website\",\"url\":\"https:\/\/www.parkgest.ch\/\",\"name\":\"Parkgest\",\"description\":\"R\u00e9seau de parkings \u00e0 Gen\u00e8ve et Suisse romande\",\"potentialAction\":[{\"@type\":\"SearchAction\",\"target\":{\"@type\":\"EntryPoint\",\"urlTemplate\":\"https:\/\/www.parkgest.ch\/?s={search_term_string}\"},\"query-input\":\"required name=search_term_string\"}],\"inLanguage\":\"en-US\"}]}<\/script>\n<!-- \/ Yoast SEO plugin. -->","yoast_head_json":{"title":"History of our frescoes | Parkgest","robots":{"index":"index","follow":"follow","max-snippet":"max-snippet:-1","max-image-preview":"max-image-preview:large","max-video-preview":"max-video-preview:-1"},"canonical":"https:\/\/www.parkgest.ch\/en\/parkgest\/history-of-our-frescoes\/","og_locale":"en_US","og_type":"article","og_title":"History of our frescoes | Parkgest","og_description":"History of our frescoes Since 2015, the walls of the Mont-Blanc car park have been adorned by large decorative frescoes. The first mural, completed in 2015, triggered an unusual series of paintings dedicated to Jean Calvin\u2019s city, to mobility and the world of parking. PARKGEST CEO Thierry d\u2019Autheville, who initiated the project, and Yoren Geromin, [&hellip;]","og_url":"https:\/\/www.parkgest.ch\/en\/parkgest\/history-of-our-frescoes\/","og_site_name":"Parkgest","article_modified_time":"2022-07-20T07:32:39+00:00","og_image":[{"width":2560,"height":1707,"url":"https:\/\/www.parkgest.ch\/wp-content\/uploads\/Fresques_LS01852-1-scaled.jpg","type":"image\/jpeg"}],"twitter_misc":{"Est. reading time":"2 minutes"},"schema":{"@context":"https:\/\/schema.org","@graph":[{"@type":"WebPage","@id":"https:\/\/www.parkgest.ch\/en\/parkgest\/history-of-our-frescoes\/","url":"https:\/\/www.parkgest.ch\/en\/parkgest\/history-of-our-frescoes\/","name":"History of our frescoes | Parkgest","isPartOf":{"@id":"https:\/\/www.parkgest.ch\/#website"},"datePublished":"2020-08-03T17:52:00+00:00","dateModified":"2022-07-20T07:32:39+00:00","breadcrumb":{"@id":"https:\/\/www.parkgest.ch\/en\/parkgest\/history-of-our-frescoes\/#breadcrumb"},"inLanguage":"en-US","potentialAction":[{"@type":"ReadAction","target":["https:\/\/www.parkgest.ch\/en\/parkgest\/history-of-our-frescoes\/"]}]},{"@type":"BreadcrumbList","@id":"https:\/\/www.parkgest.ch\/en\/parkgest\/history-of-our-frescoes\/#breadcrumb","itemListElement":[{"@type":"ListItem","position":1,"name":"Accueil","item":"https:\/\/www.parkgest.ch\/en\/"},{"@type":"ListItem","position":2,"name":"Parkgest","item":"https:\/\/www.parkgest.ch\/en\/parkgest\/"},{"@type":"ListItem","position":3,"name":"History of our frescoes"}]},{"@type":"WebSite","@id":"https:\/\/www.parkgest.ch\/#website","url":"https:\/\/www.parkgest.ch\/","name":"Parkgest","description":"R\u00e9seau de parkings \u00e0 Gen\u00e8ve et Suisse romande","potentialAction":[{"@type":"SearchAction","target":{"@type":"EntryPoint","urlTemplate":"https:\/\/www.parkgest.ch\/?s={search_term_string}"},"query-input":"required name=search_term_string"}],"inLanguage":"en-US"}]}},"_links":{"self":[{"href":"https:\/\/www.parkgest.ch\/en\/wp-json\/wp\/v2\/pages\/5567"}],"collection":[{"href":"https:\/\/www.parkgest.ch\/en\/wp-json\/wp\/v2\/pages"}],"about":[{"href":"https:\/\/www.parkgest.ch\/en\/wp-json\/wp\/v2\/types\/page"}],"author":[{"embeddable":true,"href":"https:\/\/www.parkgest.ch\/en\/wp-json\/wp\/v2\/users\/5"}],"replies":[{"embeddable":true,"href":"https:\/\/www.parkgest.ch\/en\/wp-json\/wp\/v2\/comments?post=5567"}],"version-history":[{"count":1,"href":"https:\/\/www.parkgest.ch\/en\/wp-json\/wp\/v2\/pages\/5567\/revisions"}],"predecessor-version":[{"id":8173,"href":"https:\/\/www.parkgest.ch\/en\/wp-json\/wp\/v2\/pages\/5567\/revisions\/8173"}],"up":[{"embeddable":true,"href":"https:\/\/www.parkgest.ch\/en\/wp-json\/wp\/v2\/pages\/1294"}],"wp:featuredmedia":[{"embeddable":true,"href":"https:\/\/www.parkgest.ch\/en\/wp-json\/wp\/v2\/media\/5605"}],"wp:attachment":[{"href":"https:\/\/www.parkgest.ch\/en\/wp-json\/wp\/v2\/media?parent=5567"}],"wp:term":[{"taxonomy":"post_tag","embeddable":true,"href":"https:\/\/www.parkgest.ch\/en\/wp-json\/wp\/v2\/tags?post=5567"}],"curies":[{"name":"wp","href":"https:\/\/api.w.org\/{rel}","templated":true}]}}