{"id":5173,"date":"2019-11-03T11:27:26","date_gmt":"2019-11-03T10:27:26","guid":{"rendered":"https:\/\/www.parkgest.ch\/?page_id=5173"},"modified":"2020-08-10T17:19:44","modified_gmt":"2020-08-10T16:19:44","slug":"feasibility-study","status":"publish","type":"page","link":"https:\/\/www.parkgest.ch\/en\/management\/feasibility-study\/","title":{"rendered":"Project profitability studies"},"content":{"rendered":"<p>Two important aspects have changed the business of running car park in recent years. (1) The urban population is increasingly turning away from cars. (2) Mobility policies set by political authorities increasingly restrict the provision of car parking spaces. At the same time, the need to comply with all the standards involved causes ever higher costs. As a result, running a car park is no longer the highly-profitable investment it once was.<\/p>\n<p>The PARKGEST group can add significant value to your planning process by analysing the economic feasibility of your car park project, including the combined consideration of the two main trends mentioned above.<\/p>\n<p>We will work with you to develop both economically sound and technically mature business models to support your decision-making processes.<br \/>\nThis contribution adds value to your project and goes far beyond the purely technical aspects of the planning process.<\/p>\n<p>PARKGEST will support you to<\/p>\n<ol>\n<li>1. Develop your business model (income and operating costs);<\/li>\n<li>2. Negotiate with the various parties involved (for example the political authorities that establish car park policies) on the basis of model calculations we have drawn up;<\/li>\n<li>3. Define the main clauses that have to be included in contracts with the various stakeholders;<\/li>\n<li>4. Design the future operation of your car park (operating concept).<\/li>\n<\/ol>\n<p>In short, the PARKGEST group will help you to develop operating and profitability plans for your car park, including potential profit centres, such as advertising and other related services (car wash, renting out space and shops, amongst many other things).<\/p>\n","protected":false},"excerpt":{"rendered":"<p>Two important aspects have changed the business of running car park in recent years. (1) The urban population is increasingly turning away from cars. (2) Mobility policies set by political authorities increasingly restrict the provision of car parking spaces. At the same time, the need to comply with all the standards involved causes ever higher [&hellip;]<\/p>\n","protected":false},"author":5,"featured_media":5609,"parent":1291,"menu_order":6,"comment_status":"closed","ping_status":"closed","template":"","meta":{"footnotes":""},"tags":[],"yoast_head":"<!-- This site is optimized with the Yoast SEO plugin v21.8 - https:\/\/yoast.com\/wordpress\/plugins\/seo\/ -->\n<title>Project profitability studies | Parkgest<\/title>\n<meta name=\"robots\" content=\"index, follow, max-snippet:-1, max-image-preview:large, max-video-preview:-1\" \/>\n<link rel=\"canonical\" href=\"https:\/\/www.parkgest.ch\/en\/management\/feasibility-study\/\" \/>\n<meta property=\"og:locale\" content=\"en_US\" \/>\n<meta property=\"og:type\" content=\"article\" \/>\n<meta property=\"og:title\" content=\"Project profitability studies | Parkgest\" \/>\n<meta property=\"og:description\" content=\"Two important aspects have changed the business of running car park in recent years. (1) The urban population is increasingly turning away from cars. (2) Mobility policies set by political authorities increasingly restrict the provision of car parking spaces. At the same time, the need to comply with all the standards involved causes ever higher [&hellip;]\" \/>\n<meta property=\"og:url\" content=\"https:\/\/www.parkgest.ch\/en\/management\/feasibility-study\/\" \/>\n<meta property=\"og:site_name\" content=\"Parkgest\" \/>\n<meta property=\"article:modified_time\" content=\"2020-08-10T16:19:44+00:00\" \/>\n<meta property=\"og:image\" content=\"https:\/\/www.parkgest.ch\/wp-content\/uploads\/image005_-page-viabilit\u00e9-2.jpg\" \/>\n\t<meta property=\"og:image:width\" content=\"1140\" \/>\n\t<meta property=\"og:image:height\" content=\"422\" \/>\n\t<meta property=\"og:image:type\" content=\"image\/jpeg\" \/>\n<meta name=\"twitter:label1\" content=\"Est. reading time\" \/>\n\t<meta name=\"twitter:data1\" content=\"1 minute\" \/>\n<script type=\"application\/ld+json\" class=\"yoast-schema-graph\">{\"@context\":\"https:\/\/schema.org\",\"@graph\":[{\"@type\":\"WebPage\",\"@id\":\"https:\/\/www.parkgest.ch\/en\/management\/feasibility-study\/\",\"url\":\"https:\/\/www.parkgest.ch\/en\/management\/feasibility-study\/\",\"name\":\"Project profitability studies | Parkgest\",\"isPartOf\":{\"@id\":\"https:\/\/www.parkgest.ch\/#website\"},\"datePublished\":\"2019-11-03T10:27:26+00:00\",\"dateModified\":\"2020-08-10T16:19:44+00:00\",\"breadcrumb\":{\"@id\":\"https:\/\/www.parkgest.ch\/en\/management\/feasibility-study\/#breadcrumb\"},\"inLanguage\":\"en-US\",\"potentialAction\":[{\"@type\":\"ReadAction\",\"target\":[\"https:\/\/www.parkgest.ch\/en\/management\/feasibility-study\/\"]}]},{\"@type\":\"BreadcrumbList\",\"@id\":\"https:\/\/www.parkgest.ch\/en\/management\/feasibility-study\/#breadcrumb\",\"itemListElement\":[{\"@type\":\"ListItem\",\"position\":1,\"name\":\"Accueil\",\"item\":\"https:\/\/www.parkgest.ch\/en\/\"},{\"@type\":\"ListItem\",\"position\":2,\"name\":\"Management\",\"item\":\"https:\/\/www.parkgest.ch\/en\/management\/\"},{\"@type\":\"ListItem\",\"position\":3,\"name\":\"Project profitability studies\"}]},{\"@type\":\"WebSite\",\"@id\":\"https:\/\/www.parkgest.ch\/#website\",\"url\":\"https:\/\/www.parkgest.ch\/\",\"name\":\"Parkgest\",\"description\":\"R\u00e9seau de parkings \u00e0 Gen\u00e8ve et Suisse romande\",\"potentialAction\":[{\"@type\":\"SearchAction\",\"target\":{\"@type\":\"EntryPoint\",\"urlTemplate\":\"https:\/\/www.parkgest.ch\/?s={search_term_string}\"},\"query-input\":\"required name=search_term_string\"}],\"inLanguage\":\"en-US\"}]}<\/script>\n<!-- \/ Yoast SEO plugin. -->","yoast_head_json":{"title":"Project profitability studies | Parkgest","robots":{"index":"index","follow":"follow","max-snippet":"max-snippet:-1","max-image-preview":"max-image-preview:large","max-video-preview":"max-video-preview:-1"},"canonical":"https:\/\/www.parkgest.ch\/en\/management\/feasibility-study\/","og_locale":"en_US","og_type":"article","og_title":"Project profitability studies | Parkgest","og_description":"Two important aspects have changed the business of running car park in recent years. (1) The urban population is increasingly turning away from cars. (2) Mobility policies set by political authorities increasingly restrict the provision of car parking spaces. At the same time, the need to comply with all the standards involved causes ever higher [&hellip;]","og_url":"https:\/\/www.parkgest.ch\/en\/management\/feasibility-study\/","og_site_name":"Parkgest","article_modified_time":"2020-08-10T16:19:44+00:00","og_image":[{"width":1140,"height":422,"url":"https:\/\/www.parkgest.ch\/wp-content\/uploads\/image005_-page-viabilit\u00e9-2.jpg","type":"image\/jpeg"}],"twitter_misc":{"Est. reading time":"1 minute"},"schema":{"@context":"https:\/\/schema.org","@graph":[{"@type":"WebPage","@id":"https:\/\/www.parkgest.ch\/en\/management\/feasibility-study\/","url":"https:\/\/www.parkgest.ch\/en\/management\/feasibility-study\/","name":"Project profitability studies | Parkgest","isPartOf":{"@id":"https:\/\/www.parkgest.ch\/#website"},"datePublished":"2019-11-03T10:27:26+00:00","dateModified":"2020-08-10T16:19:44+00:00","breadcrumb":{"@id":"https:\/\/www.parkgest.ch\/en\/management\/feasibility-study\/#breadcrumb"},"inLanguage":"en-US","potentialAction":[{"@type":"ReadAction","target":["https:\/\/www.parkgest.ch\/en\/management\/feasibility-study\/"]}]},{"@type":"BreadcrumbList","@id":"https:\/\/www.parkgest.ch\/en\/management\/feasibility-study\/#breadcrumb","itemListElement":[{"@type":"ListItem","position":1,"name":"Accueil","item":"https:\/\/www.parkgest.ch\/en\/"},{"@type":"ListItem","position":2,"name":"Management","item":"https:\/\/www.parkgest.ch\/en\/management\/"},{"@type":"ListItem","position":3,"name":"Project profitability studies"}]},{"@type":"WebSite","@id":"https:\/\/www.parkgest.ch\/#website","url":"https:\/\/www.parkgest.ch\/","name":"Parkgest","description":"R\u00e9seau de parkings \u00e0 Gen\u00e8ve et Suisse romande","potentialAction":[{"@type":"SearchAction","target":{"@type":"EntryPoint","urlTemplate":"https:\/\/www.parkgest.ch\/?s={search_term_string}"},"query-input":"required name=search_term_string"}],"inLanguage":"en-US"}]}},"_links":{"self":[{"href":"https:\/\/www.parkgest.ch\/en\/wp-json\/wp\/v2\/pages\/5173"}],"collection":[{"href":"https:\/\/www.parkgest.ch\/en\/wp-json\/wp\/v2\/pages"}],"about":[{"href":"https:\/\/www.parkgest.ch\/en\/wp-json\/wp\/v2\/types\/page"}],"author":[{"embeddable":true,"href":"https:\/\/www.parkgest.ch\/en\/wp-json\/wp\/v2\/users\/5"}],"replies":[{"embeddable":true,"href":"https:\/\/www.parkgest.ch\/en\/wp-json\/wp\/v2\/comments?post=5173"}],"version-history":[{"count":0,"href":"https:\/\/www.parkgest.ch\/en\/wp-json\/wp\/v2\/pages\/5173\/revisions"}],"up":[{"embeddable":true,"href":"https:\/\/www.parkgest.ch\/en\/wp-json\/wp\/v2\/pages\/1291"}],"wp:featuredmedia":[{"embeddable":true,"href":"https:\/\/www.parkgest.ch\/en\/wp-json\/wp\/v2\/media\/5609"}],"wp:attachment":[{"href":"https:\/\/www.parkgest.ch\/en\/wp-json\/wp\/v2\/media?parent=5173"}],"wp:term":[{"taxonomy":"post_tag","embeddable":true,"href":"https:\/\/www.parkgest.ch\/en\/wp-json\/wp\/v2\/tags?post=5173"}],"curies":[{"name":"wp","href":"https:\/\/api.w.org\/{rel}","templated":true}]}}