{"id":5168,"date":"2019-11-03T10:45:12","date_gmt":"2019-11-03T09:45:12","guid":{"rendered":"https:\/\/www.parkgest.ch\/?page_id=5168"},"modified":"2025-10-13T05:40:11","modified_gmt":"2025-10-13T04:40:11","slug":"the-origins-of-parkgest","status":"publish","type":"page","link":"https:\/\/www.parkgest.ch\/en\/parkgest\/the-origins-of-parkgest\/","title":{"rendered":"The history of the PARKGEST Group"},"content":{"rendered":"<h2>The PARKGEST Group, a slice of history at the heart of Geneva.<\/h2>\n<p>The PARKGEST Group was established in 1999 to support the diversification of the activities of the company Parking du Mont-Blanc SA, which has managed the car park of the same name since it was opened in 1972.<br \/>\nThanks to the success of the Mont Blanc car park and the experience gained in this field, the repositioned company took a majority stake in the Villereuse car park when it established Parking de Villereuse SA (2001) and expanded its management activities for third parties, private or public, when it set up Parkgest Services SA (2000).<br \/>\nThierry d\u2019Autheville took over as the head of the group in 2011 and fortified its customer services, took charge of renovating the Mont Blanc car park and restructured the company internally, notably by recruiting a new generation of management experts, technicians and engineers.<br \/>\nAfter providing the PARKGEST brand with a modern visual identity and equipping the Mont Blanc car park with its own system of signs, he created \u2018In-Fluence\u2019, the Group\u2019s digital media service that keeps customers up to date on car park news and on mobility innovations.<br \/>\nThe PARKGEST Group and its flagship, the Mont Blanc car park, now occupy a place at the forefront of Geneva\u2019s car park sector, with a number of innovations in the sector to their name and a wealth of experience in the design, construction, operation and renovation of car parks.<br \/>\nOur teams build on our operational excellence to optimise customer services in the car parks we manage. The PARKGEST Group is aware of changes looming on environmental issues and of the development of aspects of multimodal systems, and will continue to play its part in progress.<\/p>\n","protected":false},"excerpt":{"rendered":"<p>The PARKGEST Group, a slice of history at the heart of Geneva. The PARKGEST Group was established in 1999 to support the diversification of the activities of the company Parking du Mont-Blanc SA, which has managed the car park of the same name since it was opened in 1972. Thanks to the success of the [&hellip;]<\/p>\n","protected":false},"author":5,"featured_media":5633,"parent":1294,"menu_order":7,"comment_status":"closed","ping_status":"closed","template":"","meta":{"footnotes":""},"tags":[],"yoast_head":"<!-- This site is optimized with the Yoast SEO plugin v21.8 - https:\/\/yoast.com\/wordpress\/plugins\/seo\/ -->\n<title>The history of the PARKGEST Group | Parkgest<\/title>\n<meta name=\"robots\" content=\"index, follow, max-snippet:-1, max-image-preview:large, max-video-preview:-1\" \/>\n<link rel=\"canonical\" href=\"https:\/\/www.parkgest.ch\/en\/parkgest\/the-origins-of-parkgest\/\" \/>\n<meta property=\"og:locale\" content=\"en_US\" \/>\n<meta property=\"og:type\" content=\"article\" \/>\n<meta property=\"og:title\" content=\"The history of the PARKGEST Group | Parkgest\" \/>\n<meta property=\"og:description\" content=\"The PARKGEST Group, a slice of history at the heart of Geneva. The PARKGEST Group was established in 1999 to support the diversification of the activities of the company Parking du Mont-Blanc SA, which has managed the car park of the same name since it was opened in 1972. Thanks to the success of the [&hellip;]\" \/>\n<meta property=\"og:url\" content=\"https:\/\/www.parkgest.ch\/en\/parkgest\/the-origins-of-parkgest\/\" \/>\n<meta property=\"og:site_name\" content=\"Parkgest\" \/>\n<meta property=\"article:modified_time\" content=\"2025-10-13T04:40:11+00:00\" \/>\n<meta property=\"og:image\" content=\"https:\/\/www.parkgest.ch\/wp-content\/uploads\/parkgest_19_choix-116-Page-Historique-du-groupe-1.jpg\" \/>\n\t<meta property=\"og:image:width\" content=\"2000\" \/>\n\t<meta property=\"og:image:height\" content=\"1125\" \/>\n\t<meta property=\"og:image:type\" content=\"image\/jpeg\" \/>\n<meta name=\"twitter:label1\" content=\"Est. reading time\" \/>\n\t<meta name=\"twitter:data1\" content=\"2 minutes\" \/>\n<script type=\"application\/ld+json\" class=\"yoast-schema-graph\">{\"@context\":\"https:\/\/schema.org\",\"@graph\":[{\"@type\":\"WebPage\",\"@id\":\"https:\/\/www.parkgest.ch\/en\/parkgest\/the-origins-of-parkgest\/\",\"url\":\"https:\/\/www.parkgest.ch\/en\/parkgest\/the-origins-of-parkgest\/\",\"name\":\"The history of the PARKGEST Group | Parkgest\",\"isPartOf\":{\"@id\":\"https:\/\/www.parkgest.ch\/#website\"},\"datePublished\":\"2019-11-03T09:45:12+00:00\",\"dateModified\":\"2025-10-13T04:40:11+00:00\",\"breadcrumb\":{\"@id\":\"https:\/\/www.parkgest.ch\/en\/parkgest\/the-origins-of-parkgest\/#breadcrumb\"},\"inLanguage\":\"en-US\",\"potentialAction\":[{\"@type\":\"ReadAction\",\"target\":[\"https:\/\/www.parkgest.ch\/en\/parkgest\/the-origins-of-parkgest\/\"]}]},{\"@type\":\"BreadcrumbList\",\"@id\":\"https:\/\/www.parkgest.ch\/en\/parkgest\/the-origins-of-parkgest\/#breadcrumb\",\"itemListElement\":[{\"@type\":\"ListItem\",\"position\":1,\"name\":\"Accueil\",\"item\":\"https:\/\/www.parkgest.ch\/en\/\"},{\"@type\":\"ListItem\",\"position\":2,\"name\":\"Parkgest\",\"item\":\"https:\/\/www.parkgest.ch\/en\/parkgest\/\"},{\"@type\":\"ListItem\",\"position\":3,\"name\":\"The history of the PARKGEST Group\"}]},{\"@type\":\"WebSite\",\"@id\":\"https:\/\/www.parkgest.ch\/#website\",\"url\":\"https:\/\/www.parkgest.ch\/\",\"name\":\"Parkgest\",\"description\":\"R\u00e9seau de parkings \u00e0 Gen\u00e8ve et Suisse romande\",\"potentialAction\":[{\"@type\":\"SearchAction\",\"target\":{\"@type\":\"EntryPoint\",\"urlTemplate\":\"https:\/\/www.parkgest.ch\/?s={search_term_string}\"},\"query-input\":\"required name=search_term_string\"}],\"inLanguage\":\"en-US\"}]}<\/script>\n<!-- \/ Yoast SEO plugin. -->","yoast_head_json":{"title":"The history of the PARKGEST Group | Parkgest","robots":{"index":"index","follow":"follow","max-snippet":"max-snippet:-1","max-image-preview":"max-image-preview:large","max-video-preview":"max-video-preview:-1"},"canonical":"https:\/\/www.parkgest.ch\/en\/parkgest\/the-origins-of-parkgest\/","og_locale":"en_US","og_type":"article","og_title":"The history of the PARKGEST Group | Parkgest","og_description":"The PARKGEST Group, a slice of history at the heart of Geneva. The PARKGEST Group was established in 1999 to support the diversification of the activities of the company Parking du Mont-Blanc SA, which has managed the car park of the same name since it was opened in 1972. Thanks to the success of the [&hellip;]","og_url":"https:\/\/www.parkgest.ch\/en\/parkgest\/the-origins-of-parkgest\/","og_site_name":"Parkgest","article_modified_time":"2025-10-13T04:40:11+00:00","og_image":[{"width":2000,"height":1125,"url":"https:\/\/www.parkgest.ch\/wp-content\/uploads\/parkgest_19_choix-116-Page-Historique-du-groupe-1.jpg","type":"image\/jpeg"}],"twitter_misc":{"Est. reading time":"2 minutes"},"schema":{"@context":"https:\/\/schema.org","@graph":[{"@type":"WebPage","@id":"https:\/\/www.parkgest.ch\/en\/parkgest\/the-origins-of-parkgest\/","url":"https:\/\/www.parkgest.ch\/en\/parkgest\/the-origins-of-parkgest\/","name":"The history of the PARKGEST Group | Parkgest","isPartOf":{"@id":"https:\/\/www.parkgest.ch\/#website"},"datePublished":"2019-11-03T09:45:12+00:00","dateModified":"2025-10-13T04:40:11+00:00","breadcrumb":{"@id":"https:\/\/www.parkgest.ch\/en\/parkgest\/the-origins-of-parkgest\/#breadcrumb"},"inLanguage":"en-US","potentialAction":[{"@type":"ReadAction","target":["https:\/\/www.parkgest.ch\/en\/parkgest\/the-origins-of-parkgest\/"]}]},{"@type":"BreadcrumbList","@id":"https:\/\/www.parkgest.ch\/en\/parkgest\/the-origins-of-parkgest\/#breadcrumb","itemListElement":[{"@type":"ListItem","position":1,"name":"Accueil","item":"https:\/\/www.parkgest.ch\/en\/"},{"@type":"ListItem","position":2,"name":"Parkgest","item":"https:\/\/www.parkgest.ch\/en\/parkgest\/"},{"@type":"ListItem","position":3,"name":"The history of the PARKGEST Group"}]},{"@type":"WebSite","@id":"https:\/\/www.parkgest.ch\/#website","url":"https:\/\/www.parkgest.ch\/","name":"Parkgest","description":"R\u00e9seau de parkings \u00e0 Gen\u00e8ve et Suisse romande","potentialAction":[{"@type":"SearchAction","target":{"@type":"EntryPoint","urlTemplate":"https:\/\/www.parkgest.ch\/?s={search_term_string}"},"query-input":"required name=search_term_string"}],"inLanguage":"en-US"}]}},"_links":{"self":[{"href":"https:\/\/www.parkgest.ch\/en\/wp-json\/wp\/v2\/pages\/5168"}],"collection":[{"href":"https:\/\/www.parkgest.ch\/en\/wp-json\/wp\/v2\/pages"}],"about":[{"href":"https:\/\/www.parkgest.ch\/en\/wp-json\/wp\/v2\/types\/page"}],"author":[{"embeddable":true,"href":"https:\/\/www.parkgest.ch\/en\/wp-json\/wp\/v2\/users\/5"}],"replies":[{"embeddable":true,"href":"https:\/\/www.parkgest.ch\/en\/wp-json\/wp\/v2\/comments?post=5168"}],"version-history":[{"count":1,"href":"https:\/\/www.parkgest.ch\/en\/wp-json\/wp\/v2\/pages\/5168\/revisions"}],"predecessor-version":[{"id":11116,"href":"https:\/\/www.parkgest.ch\/en\/wp-json\/wp\/v2\/pages\/5168\/revisions\/11116"}],"up":[{"embeddable":true,"href":"https:\/\/www.parkgest.ch\/en\/wp-json\/wp\/v2\/pages\/1294"}],"wp:featuredmedia":[{"embeddable":true,"href":"https:\/\/www.parkgest.ch\/en\/wp-json\/wp\/v2\/media\/5633"}],"wp:attachment":[{"href":"https:\/\/www.parkgest.ch\/en\/wp-json\/wp\/v2\/media?parent=5168"}],"wp:term":[{"taxonomy":"post_tag","embeddable":true,"href":"https:\/\/www.parkgest.ch\/en\/wp-json\/wp\/v2\/tags?post=5168"}],"curies":[{"name":"wp","href":"https:\/\/api.w.org\/{rel}","templated":true}]}}