{"id":5094,"date":"2019-10-31T12:38:30","date_gmt":"2019-10-31T11:38:30","guid":{"rendered":"https:\/\/www.parkgest.ch\/?page_id=5094"},"modified":"2022-07-20T06:01:45","modified_gmt":"2022-07-20T05:01:45","slug":"womens-parking-places","status":"publish","type":"page","link":"https:\/\/www.parkgest.ch\/en\/womens-parking-places\/","title":{"rendered":"Women\u2019s parking places"},"content":{"rendered":"<p>From 6pm every day of the year, we provide our customers with 80 spaces located in the immediate vicinity of the entrances and exits of the Mont-Blanc (levels -1 and -2) and Villereuse (level -2) car parks. The purple colour code and a sign on the ceiling indicate the area for women.<\/p>\n<h2>A monitoring centre and a team with a permanent presence, 24\/7\/365<\/h2>\n<p>At the Mont-Blanc and Villereuse car parks, the control centre enables a 24\/7 security presence all year round. Surveillance cameras and sophisticated communication systems ensure rapid response times.<\/p>\n<h2>Safety and security the top priority<\/h2>\n<p>At the Mont-Blanc and Villereuse car parks, the video surveillance network deploys more than 200 digital cameras. With, among other things, specific cover on spaces reserved for people with reduced mobility, spaces for women from 6 pm and spaces reserved for charging electric vehicles.<br \/>\nThe spaces intended for women are secured by a reinforced video surveillance system and have a clearly visible emergency call button. The team is at the service of users 24 hours a day, 7 days a week and will be happy to provide assistance if needed.<\/p>\n<div class=\"accordion accordion-icon\" id=\"accordionPkg\">\n<div class=\"card\"><div class=\"card-header\" id=\"heading-1638683464\"><h2 class=\"mb-0\"><button class=\"btn btn-link btn-block text-left collapsed\" type=\"button\" data-toggle=\"collapse\" data-target=\"#collapse1638683464\" aria-expanded=\"false\" aria-controls=\"collapse2\"><span class=\"card-header-title\">Day pass: pay with your mobile telephone<\/span><i class=\"icon-arrow-down\"><\/i><\/button><\/h2><\/div><div id=\"collapse1638683464\" class=\"collapse\" aria-labelledby=\"heading1638683464\" data-parent=\"#accordionPkg\"><div class=\"card-body\"><p>The \u00ab\u2009Parking Mont-Blanc\u2009\u00bb app enables you to pay your parking fee with your smartphone. You don\u2019t have to open an account to use this user-friendly app. It speeds up payment, informs you of empty parking places in real time, guides users to their space, saves the space number in its memo, etc. A cashless payment is effected through a PayPal account and is then saved under transactions. All you need to do is scan the barcode; the sum is shown and one click is enough to make the transaction. You can then pick up your vehicle and leave the car park. It\u2019s simple and quick.<\/p><\/div><\/div><\/div>\n<div class=\"card\"><div class=\"card-header\" id=\"heading-60953153\"><h2 class=\"mb-0\"><button class=\"btn btn-link btn-block text-left collapsed\" type=\"button\" data-toggle=\"collapse\" data-target=\"#collapse60953153\" aria-expanded=\"false\" aria-controls=\"collapse2\"><span class=\"card-header-title\">Pay through GENEVE AVENUE<\/span><i class=\"icon-arrow-down\"><\/i><\/button><\/h2><\/div><div id=\"collapse60953153\" class=\"collapse\" aria-labelledby=\"heading60953153\" data-parent=\"#accordionPkg\"><div class=\"card-body\"><p>The \u00ab\u2009<a href=\"https:\/\/www.geneveavenue.ch\/fr\/parking\/pay\/\" target=\"_blank\" rel=\"noopener noreferrer\">Pay for your parking place<\/a>\u2009\u00bb tab in the <a href=\"https:\/\/www.geneveavenue.ch\/\" target=\"_blank\" rel=\"noopener noreferrer\">GENEVE AVENUE<\/a> website enables you to pay your parking fee with your smartphone.<br \/>This user-friendly page informs you of the rates, free spaces and contact details of car parks. Payments can be made with VISA, Mastercard, your Postfinance card, Google pay, Samsung pay and Twint. You have to enter an e-mail address to confirm payment (scan the barcode with your smartphone).<\/p><\/div><\/div><\/div>\n<div class=\"card\"><div class=\"card-header\" id=\"heading-446719989\"><h2 class=\"mb-0\"><button class=\"btn btn-link btn-block text-left collapsed\" type=\"button\" data-toggle=\"collapse\" data-target=\"#collapse446719989\" aria-expanded=\"false\" aria-controls=\"collapse2\"><span class=\"card-header-title\">Have your vehicle washed in the Mont-Blanc car park<\/span><i class=\"icon-arrow-down\"><\/i><\/button><\/h2><\/div><div id=\"collapse446719989\" class=\"collapse\" aria-labelledby=\"heading446719989\" data-parent=\"#accordionPkg\"><div class=\"card-body\"><p>On the first basement floor of the Mont-Blanc car park there\u2019s a car wash covering 80 m2, offering you a complete and comprehensive one-hour car cleaning service (inside and out) for city cars through to extraordinary vehicles. The prices are reasonable, from CHF 29 to 149, and the care agents used are innovative and environment-friendly. The team will welcome you from 8 a.m. to 6 p.m., Mondays to Saturdays, without the need to reserve.<\/p><\/div><\/div><\/div>\n<\/div>\n","protected":false},"excerpt":{"rendered":"<p>From 6pm every day of the year, we provide our customers with 80 spaces located in the immediate vicinity of the entrances and exits of the Mont-Blanc (levels -1 and -2) and Villereuse (level -2) car parks. The purple colour code and a sign on the ceiling indicate the area for women. A monitoring centre [&hellip;]<\/p>\n","protected":false},"author":5,"featured_media":5645,"parent":0,"menu_order":0,"comment_status":"closed","ping_status":"closed","template":"places.php","meta":{"footnotes":""},"tags":[],"yoast_head":"<!-- This site is optimized with the Yoast SEO plugin v21.8 - https:\/\/yoast.com\/wordpress\/plugins\/seo\/ -->\n<title>Women\u2019s parking places | Parkgest<\/title>\n<meta name=\"robots\" content=\"index, follow, max-snippet:-1, max-image-preview:large, max-video-preview:-1\" \/>\n<link rel=\"canonical\" href=\"https:\/\/www.parkgest.ch\/en\/womens-parking-places\/\" \/>\n<meta property=\"og:locale\" content=\"en_US\" \/>\n<meta property=\"og:type\" content=\"article\" \/>\n<meta property=\"og:title\" content=\"Women\u2019s parking places | Parkgest\" \/>\n<meta property=\"og:description\" content=\"From 6pm every day of the year, we provide our customers with 80 spaces located in the immediate vicinity of the entrances and exits of the Mont-Blanc (levels -1 and -2) and Villereuse (level -2) car parks. The purple colour code and a sign on the ceiling indicate the area for women. A monitoring centre [&hellip;]\" \/>\n<meta property=\"og:url\" content=\"https:\/\/www.parkgest.ch\/en\/womens-parking-places\/\" \/>\n<meta property=\"og:site_name\" content=\"Parkgest\" \/>\n<meta property=\"article:modified_time\" content=\"2022-07-20T05:01:45+00:00\" \/>\n<meta property=\"og:image\" content=\"https:\/\/www.parkgest.ch\/wp-content\/uploads\/parkgest_19_choix-167-Page-Femmes.jpg\" \/>\n\t<meta property=\"og:image:width\" content=\"2000\" \/>\n\t<meta property=\"og:image:height\" content=\"1125\" \/>\n\t<meta property=\"og:image:type\" content=\"image\/jpeg\" \/>\n<meta name=\"twitter:label1\" content=\"Est. reading time\" \/>\n\t<meta name=\"twitter:data1\" content=\"2 minutes\" \/>\n<script type=\"application\/ld+json\" class=\"yoast-schema-graph\">{\"@context\":\"https:\/\/schema.org\",\"@graph\":[{\"@type\":\"WebPage\",\"@id\":\"https:\/\/www.parkgest.ch\/en\/womens-parking-places\/\",\"url\":\"https:\/\/www.parkgest.ch\/en\/womens-parking-places\/\",\"name\":\"Women\u2019s parking places | Parkgest\",\"isPartOf\":{\"@id\":\"https:\/\/www.parkgest.ch\/#website\"},\"datePublished\":\"2019-10-31T11:38:30+00:00\",\"dateModified\":\"2022-07-20T05:01:45+00:00\",\"breadcrumb\":{\"@id\":\"https:\/\/www.parkgest.ch\/en\/womens-parking-places\/#breadcrumb\"},\"inLanguage\":\"en-US\",\"potentialAction\":[{\"@type\":\"ReadAction\",\"target\":[\"https:\/\/www.parkgest.ch\/en\/womens-parking-places\/\"]}]},{\"@type\":\"BreadcrumbList\",\"@id\":\"https:\/\/www.parkgest.ch\/en\/womens-parking-places\/#breadcrumb\",\"itemListElement\":[{\"@type\":\"ListItem\",\"position\":1,\"name\":\"Accueil\",\"item\":\"https:\/\/www.parkgest.ch\/en\/\"},{\"@type\":\"ListItem\",\"position\":2,\"name\":\"Women\u2019s parking places\"}]},{\"@type\":\"WebSite\",\"@id\":\"https:\/\/www.parkgest.ch\/#website\",\"url\":\"https:\/\/www.parkgest.ch\/\",\"name\":\"Parkgest\",\"description\":\"R\u00e9seau de parkings \u00e0 Gen\u00e8ve et Suisse romande\",\"potentialAction\":[{\"@type\":\"SearchAction\",\"target\":{\"@type\":\"EntryPoint\",\"urlTemplate\":\"https:\/\/www.parkgest.ch\/?s={search_term_string}\"},\"query-input\":\"required name=search_term_string\"}],\"inLanguage\":\"en-US\"}]}<\/script>\n<!-- \/ Yoast SEO plugin. -->","yoast_head_json":{"title":"Women\u2019s parking places | Parkgest","robots":{"index":"index","follow":"follow","max-snippet":"max-snippet:-1","max-image-preview":"max-image-preview:large","max-video-preview":"max-video-preview:-1"},"canonical":"https:\/\/www.parkgest.ch\/en\/womens-parking-places\/","og_locale":"en_US","og_type":"article","og_title":"Women\u2019s parking places | Parkgest","og_description":"From 6pm every day of the year, we provide our customers with 80 spaces located in the immediate vicinity of the entrances and exits of the Mont-Blanc (levels -1 and -2) and Villereuse (level -2) car parks. The purple colour code and a sign on the ceiling indicate the area for women. A monitoring centre [&hellip;]","og_url":"https:\/\/www.parkgest.ch\/en\/womens-parking-places\/","og_site_name":"Parkgest","article_modified_time":"2022-07-20T05:01:45+00:00","og_image":[{"width":2000,"height":1125,"url":"https:\/\/www.parkgest.ch\/wp-content\/uploads\/parkgest_19_choix-167-Page-Femmes.jpg","type":"image\/jpeg"}],"twitter_misc":{"Est. reading time":"2 minutes"},"schema":{"@context":"https:\/\/schema.org","@graph":[{"@type":"WebPage","@id":"https:\/\/www.parkgest.ch\/en\/womens-parking-places\/","url":"https:\/\/www.parkgest.ch\/en\/womens-parking-places\/","name":"Women\u2019s parking places | Parkgest","isPartOf":{"@id":"https:\/\/www.parkgest.ch\/#website"},"datePublished":"2019-10-31T11:38:30+00:00","dateModified":"2022-07-20T05:01:45+00:00","breadcrumb":{"@id":"https:\/\/www.parkgest.ch\/en\/womens-parking-places\/#breadcrumb"},"inLanguage":"en-US","potentialAction":[{"@type":"ReadAction","target":["https:\/\/www.parkgest.ch\/en\/womens-parking-places\/"]}]},{"@type":"BreadcrumbList","@id":"https:\/\/www.parkgest.ch\/en\/womens-parking-places\/#breadcrumb","itemListElement":[{"@type":"ListItem","position":1,"name":"Accueil","item":"https:\/\/www.parkgest.ch\/en\/"},{"@type":"ListItem","position":2,"name":"Women\u2019s parking places"}]},{"@type":"WebSite","@id":"https:\/\/www.parkgest.ch\/#website","url":"https:\/\/www.parkgest.ch\/","name":"Parkgest","description":"R\u00e9seau de parkings \u00e0 Gen\u00e8ve et Suisse romande","potentialAction":[{"@type":"SearchAction","target":{"@type":"EntryPoint","urlTemplate":"https:\/\/www.parkgest.ch\/?s={search_term_string}"},"query-input":"required name=search_term_string"}],"inLanguage":"en-US"}]}},"_links":{"self":[{"href":"https:\/\/www.parkgest.ch\/en\/wp-json\/wp\/v2\/pages\/5094"}],"collection":[{"href":"https:\/\/www.parkgest.ch\/en\/wp-json\/wp\/v2\/pages"}],"about":[{"href":"https:\/\/www.parkgest.ch\/en\/wp-json\/wp\/v2\/types\/page"}],"author":[{"embeddable":true,"href":"https:\/\/www.parkgest.ch\/en\/wp-json\/wp\/v2\/users\/5"}],"replies":[{"embeddable":true,"href":"https:\/\/www.parkgest.ch\/en\/wp-json\/wp\/v2\/comments?post=5094"}],"version-history":[{"count":1,"href":"https:\/\/www.parkgest.ch\/en\/wp-json\/wp\/v2\/pages\/5094\/revisions"}],"predecessor-version":[{"id":8103,"href":"https:\/\/www.parkgest.ch\/en\/wp-json\/wp\/v2\/pages\/5094\/revisions\/8103"}],"wp:featuredmedia":[{"embeddable":true,"href":"https:\/\/www.parkgest.ch\/en\/wp-json\/wp\/v2\/media\/5645"}],"wp:attachment":[{"href":"https:\/\/www.parkgest.ch\/en\/wp-json\/wp\/v2\/media?parent=5094"}],"wp:term":[{"taxonomy":"post_tag","embeddable":true,"href":"https:\/\/www.parkgest.ch\/en\/wp-json\/wp\/v2\/tags?post=5094"}],"curies":[{"name":"wp","href":"https:\/\/api.w.org\/{rel}","templated":true}]}}