{"id":4826,"date":"2019-01-21T03:45:01","date_gmt":"2019-01-21T02:45:01","guid":{"rendered":"http:\/\/www.parkgest.ch\/?page_id=4826"},"modified":"2026-03-02T08:58:44","modified_gmt":"2026-03-02T07:58:44","slug":"predorsat-car-park","status":"publish","type":"page","link":"https:\/\/www.parkgest.ch\/en\/where-to-park\/predorsat-car-park\/","title":{"rendered":"Pr\u00e9-d\u2019Orsat car park"},"content":{"rendered":"<div class=\"pkg-block pkg-block--bordered pkg-block-text\">\n<h2>Welcome to Pr\u00e9-d\u2019Orsat car park<\/h2>\n<p>The car park Pr\u00e9-d\u2019Orsat is located in the centre of Collonge-Bellerive, a residential neighbourhood near Geneva.<br \/>\nPublic transport\u2019s tram lines A, E and G and bus lines 38 and E connect you to the Geneva city centre from there.<\/p>\n<\/div>\n<div class=\"pkg-block pkg-block--bordered pkg-block-service\">\n<div class=\"service-item\">\n<div class=\"service-item__icon\"><img decoding=\"async\" class=\"img-fluid\" style=\"width:65px\" src=\"http:\/\/www.parkgest.ch\/wp-content\/themes\/parkgest\/v2\/images\/svg\/PKG_Sign-Limit-215.svg\" alt=\"\" \/><\/div>\n<p>Height 2.15 m<\/p>\n<\/div>\n<div class=\"service-item\">\n<div class=\"service-item__icon\"><img decoding=\"async\" class=\"img-fluid\" style=\"width:65px\" src=\"http:\/\/www.parkgest.ch\/wp-content\/themes\/parkgest\/v2\/images\/svg\/Sign-limit-10-web.svg\" alt=\"\" \/><\/div>\n<p>Speed limit<br \/>\nat 10 km\/h<\/p>\n<\/div>\n<div class=\"service-item\">\n<div class=\"service-item__icon\"><img decoding=\"async\" class=\"img-fluid\" src=\"http:\/\/www.parkgest.ch\/wp-content\/themes\/parkgest\/v2\/images\/svg\/PKG_Interutil.svg\" alt=\"\" style=\"width:65px\"\/><\/div>\n<p>Bicycles, scooters,<br \/>\nrollerblades and<br \/>\nskateboards prohibited<\/p>\n<\/div>\n<div class=\"service-item\">\n<div class=\"service-item__icon\"><img decoding=\"async\" class=\"img-fluid\" src=\"http:\/\/www.parkgest.ch\/wp-content\/themes\/parkgest\/v2\/images\/svg\/PKG_NoSmoking.svg\" alt=\"\"  style=\"width:65px\" \/><\/div>\n<p>Non-smoking<\/p>\n<\/div>\n<\/div>\n<h2>Services<\/h2>\n<div class=\"pkg-block pkg-block--bordered pkg-block-service\">\n<div class=\"service-item\">\n<div class=\"service-item__icon\"><img decoding=\"async\" class=\"img-fluid\" src=\"http:\/\/www.parkgest.ch\/wp-content\/themes\/parkgest\/v2\/images\/svg\/PKG_Open24.svg\" alt=\"\" \/><\/div>\n<p>Open 24\/7<\/p>\n<\/div>\n<div class=\"service-item\">\n<div class=\"service-item__icon\"><img decoding=\"async\" class=\"img-fluid\" src=\"http:\/\/www.parkgest.ch\/wp-content\/themes\/parkgest\/v2\/images\/svg\/PKG_Subscription-2.svg\" alt=\"\" \/><\/div>\n<p><a href=\"\/en\/permanent-access#pre-d-orsat\"> Season ticket<br \/>\napplication <\/a><\/p>\n<\/div>\n<div class=\"service-item\">\n<div class=\"service-item__icon\"><img decoding=\"async\" class=\"img-fluid\" style=\"width: 45px;\" src=\"http:\/\/www.parkgest.ch\/wp-content\/themes\/parkgest\/v2\/images\/svg\/PKG-Licence-number-ge.svg\" alt=\"\" \/><\/div>\n<p>LAPI<\/p>\n<\/div>\n<div class=\"service-item\">\n<div class=\"service-item__icon service-item__icon--popover\"><button data-toggle=\"popover\" data-text=\"Once your parking has been paid, the barrier opens automatically at the exit thanks to license plate recognition, without having to insert your ticket.Payment completed = automatic exit. Simple, fast and seamless.\" data-placement=\"top\"><\/button><i class=\"icon-info-with-circle\"><\/i><img decoding=\"async\" class=\"img-fluid\" src=\"https:\/\/www.parkgest.ch\/wp-content\/themes\/parkgest\/v2\/images\/svg\/PKG-fastexit.svg\" alt=\"\" \/><\/div>\n<p>Fast Exit\n<\/p><\/div>\n<\/div>\n<h2>Parking provided<\/h2>\n<div class=\"pkg-block pkg-block--bordered pkg-block-service\">\n<div class=\"service-item\">\n<div class=\"service-item__icon service-item__icon--popover\"><button data-toggle=\"popover\" data-text=\"Parking places equipped with electric recharging stations for every type of vehicle, except for motorbikes.\" data-placement=\"top\" data-link=\"https:\/\/www.parkgest.ch\/en\/electric-stations\/\" data-available=\"2\" data-location=\"-2\"><\/button><i class=\"icon-info-with-circle\"><\/i><img decoding=\"async\" class=\"img-fluid\" src=\"http:\/\/www.parkgest.ch\/wp-content\/themes\/parkgest\/v2\/images\/svg\/PKG_Electric-Car.svg\" alt=\"\" \/><\/div>\n<p>Recharging stations for electric vehicles<\/p>\n<\/div>\n<div class=\"service-item\">\n<div class=\"service-item__icon service-item__icon--popover\"><button data-toggle=\"popover\" data-text=\"\" data-placement=\"top\" data-link=\"https:\/\/www.parkgest.ch\/en\/spaces-for-physically-handicapped-people\/\" data-available=\"2\" data-location=\"-1\"><\/button><i class=\"icon-info-with-circle\"><\/i><img decoding=\"async\" class=\"img-fluid\" src=\"http:\/\/www.parkgest.ch\/wp-content\/themes\/parkgest\/v2\/images\/svg\/PKG_wheel-chair.svg\" alt=\"\" \/><\/div>\n<p>Disabled parking spaces<\/p>\n<\/div>\n<div class=\"service-item\">\n<div class=\"service-item__icon service-item__icon--popover\"><button data-toggle=\"popover\" data-text=\"\" data-link=\"\" data-placement=\"top\" data-available=\"32\" data-location=\"-1 \/ -3\"><\/button><i class=\"icon-info-with-circle\"><\/i><img decoding=\"async\" class=\"img-fluid\" src=\"https:\/\/www.parkgest.ch\/wp-content\/themes\/parkgest\/v2\/images\/svg\/PKG_Bike.svg\" alt=\"\" \/><\/div>\n<p>Spaces for motorised two-wheelers (subscription only)<\/p>\n<\/div>\n<div class=\"service-item\">\n<div class=\"service-item__icon service-item__icon--popover\"><button data-toggle=\"popover\" data-text=\"\" data-placement=\"top\" data-link=\"\" data-available=\"10\" data-location=\"-3\"><\/button><i class=\"icon-info-with-circle\"><\/i><img decoding=\"async\" class=\"img-fluid\" style=\"width: 82%;\" src=\"http:\/\/www.parkgest.ch\/wp-content\/themes\/parkgest\/v2\/images\/svg\/PKG_reserve.svg\" alt=\"\" \/><\/div>\n<p>Reserved spaces<\/p>\n<\/div>\n<\/div>\n<h2>Amenities<\/h2>\n<div class=\"pkg-block pkg-block--bordered pkg-block-service\">\n<div class=\"service-item\">\n<div class=\"service-item__icon\"><img decoding=\"async\" class=\"img-fluid\" src=\"http:\/\/www.parkgest.ch\/wp-content\/themes\/parkgest\/v2\/images\/svg\/PKG_Free-1h.svg\" alt=\"\" \/><\/div>\n<p>First hour free<\/p>\n<\/div>\n<div class=\"service-item\">\n<div class=\"service-item__icon\"><img decoding=\"async\" class=\"img-fluid\" src=\"http:\/\/www.parkgest.ch\/wp-content\/themes\/parkgest\/v2\/images\/svg\/PKG_Elevator.svg\" alt=\"\" \/><\/div>\n<p>Lift<\/p>\n<\/div>\n<div class=\"service-item\">\n<div class=\"service-item__icon\"><img decoding=\"async\" class=\"img-fluid\" src=\"http:\/\/www.parkgest.ch\/wp-content\/themes\/parkgest\/v2\/images\/svg\/PKG_Ticket-Machine-Assist.svg\" alt=\"\" \/><\/div>\n<p>Payment machine for disabled people<\/p>\n<\/div>\n<\/div>\n<h2>Security<\/h2>\n<div class=\"pkg-block pkg-block--bordered pkg-block-service\">\n<div class=\"service-item\">\n<div class=\"service-item__icon\"><img decoding=\"async\" class=\"img-fluid\" src=\"http:\/\/www.parkgest.ch\/wp-content\/themes\/parkgest\/v2\/images\/svg\/PKG_Camera.svg\" alt=\"\" \/><\/div>\n<p>Video-surveillance<\/p>\n<\/div>\n<div class=\"service-item\">\n<div class=\"service-item__icon service-item__icon--popover\"><button data-toggle=\"popover\" data-text=\"A control centre and a team with a permanent presence \u2013 24\/7\/365.\" data-placement=\"top\"><\/button><i class=\"icon-info-with-circle\"><\/i><img decoding=\"async\" class=\"img-fluid\" src=\"http:\/\/www.parkgest.ch\/wp-content\/themes\/parkgest\/v2\/images\/svg\/PKG_Security.svg\" alt=\"\" \/><\/div>\n<p>Day &amp; night patrols<\/p>\n<\/div>\n<div class=\"service-item\">\n<div class=\"service-item__icon\"><img decoding=\"async\" class=\"img-fluid\" style=\"width: 50px;\" src=\"https:\/\/www.parkgest.ch\/wp-content\/themes\/parkgest\/v2\/images\/svg\/pkg-icon-rideau.svg\" alt=\"\" data-src=\"https:\/\/www.parkgest.ch\/wp-content\/themes\/parkgest\/v2\/images\/svg\/pkg-icon-rideau.svg\" \/><\/div>\n<p>Lockable automated gate<\/p>\n<\/div>\n<\/div>\n<h2>Methods of payment<\/h2>\n<div class=\"pkg-block pkg-block--bordered pkg-block-service pkg-block-service-payment\">\n<div class=\"service-item\">\n<div class=\"service-item__icon\"><img decoding=\"async\" class=\"img-fluid\" src=\"http:\/\/www.parkgest.ch\/wp-content\/themes\/parkgest\/v2\/images\/svg\/PKG_Creditcard.svg\" alt=\"\" \/><\/div>\n<p>Cards<\/p>\n<\/div>\n<div class=\"service-item\">\n<div class=\"service-item__icon\"><img decoding=\"async\" class=\"img-fluid\" style=\"width: 50px;\" src=\"http:\/\/www.parkgest.ch\/wp-content\/themes\/parkgest\/v2\/images\/svg\/PKG_contactless payment.png\" alt=\"\" \/><\/div>\n<p>Contactless<\/p>\n<\/div>\n<div class=\"service-item\">\n<div class=\"service-item__icon\"><img decoding=\"async\" class=\"img-fluid\" src=\"http:\/\/www.parkgest.ch\/wp-content\/themes\/parkgest\/v2\/images\/svg\/PKG_Swissfrancs.svg\" alt=\"\" \/><\/div>\n<p>Swiss franc notes and coins<\/p>\n<\/div>\n<\/div>\n<div class=\"pkg-block pkg-block-text\">\n<h2>Restrictions<\/h2>\n<p>The car park Pr\u00e9-d\u2019Orsat is a private, non-smoking space, intended solely for paid parking by the hour for light motor vehicles (max. 3.5T), in good operating condition, powered by electricity, petrol or diesel oil, with a maximum height, including any additions (e.g. roof box, bicycles, aerials), not exceeding 2 meters. Motorized vehicles with 3 or 4 wheels, including roadsters and quads are authorized.<\/p>\n<p>The following are strictly prohibited:<\/p>\n<ul>\n<li>2-wheel vehicles, motorized or otherwise (unless specifically authorized)<\/li>\n<li>Vehicles powered by fuel other than petrol or diesel oil, particularly liquefied petroleum gas (LPG), natural gas, butane gas or hydrogen<\/li>\n<li>All kinds of trailers, including caravans (unless specifically authorized)<\/li>\n<li>Scooters, roller skates and skateboards.<\/li>\n<\/ul>\n<h3 class=\"toggle\"><strong><a href=\"#\">Hourly access charges<\/a><\/strong><\/h3><div class=\"toggle-box\" style=\"display: none;\"><p>\n<p><strong>DAY-TIME HOURLY ACCESS FROM 07:00 TO 19:00<\/strong><\/p>\n<div class=\"table-responsive\"><table  style=\"width:550px; \"  class=\"easy-table easy-table-default \" border=\"0\">\n<thead>\r\n<tr><th  style=\"width:250px;text-align:left\" >Time<\/th>\n<th  style=\"width:200px;text-align:left\" ><\/th>\n<th  style=\"width:50px;text-align:left\" >Price<\/th>\n<th  style=\"width:50px;text-align:right\" ><\/th>\n<\/tr>\n<\/thead>\n<tbody>\r\n<tr><td  style=\"text-align:left\" >From 00 to 60 minutes<\/td>\n<td  style=\"text-align:left\" ><\/td>\n<td  style=\"text-align:left\" ><\/td>\n<td  style=\"text-align:right\" >free<\/td>\n<\/tr>\n\r\n<tr><td  style=\"text-align:left\" >From\u00a060 to\u00a090 minutes<\/td>\n<td  style=\"text-align:left\" ><\/td>\n<td  style=\"text-align:left\" >CHF<\/td>\n<td  style=\"text-align:right\" >1.50<\/td>\n<\/tr>\n\r\n<tr><td  style=\"text-align:left\" >From\u00a090 to\u00a0120 minutes<\/td>\n<td  style=\"text-align:left\" ><\/td>\n<td  style=\"text-align:left\" >CHF<\/td>\n<td  style=\"text-align:right\" >3<\/td>\n<\/tr>\n\r\n<tr><td  style=\"text-align:left\" >From\u00a0120 to\u00a0180 minutes<\/td>\n<td  style=\"text-align:left\" ><\/td>\n<td  style=\"text-align:left\" >CHF<\/td>\n<td  style=\"text-align:right\" >4.50<\/td>\n<\/tr>\n\r\n<tr><td  style=\"text-align:left\" >From\u00a0180 to\u00a0240 minutes<\/td>\n<td  style=\"text-align:left\" ><\/td>\n<td  style=\"text-align:left\" >CHF<\/td>\n<td  style=\"text-align:right\" >6<\/td>\n<\/tr>\n\r\n<tr><td  style=\"text-align:left\" >From\u00a0240 to\u00a0300 minutes<\/td>\n<td  style=\"text-align:left\" ><\/td>\n<td  style=\"text-align:left\" >CHF<\/td>\n<td  style=\"text-align:right\" >7.50<\/td>\n<\/tr>\n\r\n<tr><td  style=\"text-align:left\" >From\u00a0300 to\u00a0360 minutes<\/td>\n<td  style=\"text-align:left\" ><\/td>\n<td  style=\"text-align:left\" >CHF<\/td>\n<td  style=\"text-align:right\" >9<\/td>\n<\/tr>\n\r\n<tr><td  style=\"text-align:left\" >From\u00a0360 to\u00a0420 minutes<\/td>\n<td  style=\"text-align:left\" ><\/td>\n<td  style=\"text-align:left\" >CHF<\/td>\n<td  style=\"text-align:right\" >10.50<\/td>\n<\/tr>\n\r\n<tr><td  style=\"text-align:left\" >From\u00a0420 to\u00a0480 minutes<\/td>\n<td  style=\"text-align:left\" ><\/td>\n<td  style=\"text-align:left\" >CHF<\/td>\n<td  style=\"text-align:right\" >12<\/td>\n<\/tr>\n\r\n<tr><td  style=\"text-align:left\" >From\u00a0480 to\u00a0540 minutes<\/td>\n<td  style=\"text-align:left\" ><\/td>\n<td  style=\"text-align:left\" >CHF<\/td>\n<td  style=\"text-align:right\" >13.50<\/td>\n<\/tr>\n\r\n<tr><td  style=\"text-align:left\" >From\u00a0540 to\u00a0600 minutes<\/td>\n<td  style=\"text-align:left\" ><\/td>\n<td  style=\"text-align:left\" >CHF<\/td>\n<td  style=\"text-align:right\" >15<\/td>\n<\/tr>\n\r\n<tr><td  style=\"text-align:left\" >From\u00a0600 to\u00a0660 minutes<\/td>\n<td  style=\"text-align:left\" ><\/td>\n<td  style=\"text-align:left\" >CHF<\/td>\n<td  style=\"text-align:right\" >16.50<\/td>\n<\/tr>\n\r\n<tr><td  style=\"text-align:left\" >From\u00a0660 to\u00a0720 minutes<\/td>\n<td  style=\"text-align:left\" ><\/td>\n<td  style=\"text-align:left\" >CHF<\/td>\n<td  style=\"text-align:right\" >18<\/td>\n<\/tr>\n<\/tbody><\/table><\/div>\n<p><strong>NIGHT-TIME HOURLY ACCESS FROM 19:00 TO 07:00<\/strong><\/p>\n<div class=\"table-responsive\"><table  style=\"width:550px; \"  class=\"easy-table easy-table-default \" border=\"0\">\n<thead>\r\n<tr><th  style=\"width:250px;text-align:left\" ><\/th>\n<th  style=\"width:200px;text-align:left\" ><\/th>\n<th  style=\"width:50px;text-align:left\" ><\/th>\n<th  style=\"width:50px;text-align:right\" ><\/th>\n<\/tr>\n<\/thead>\n<tbody>\r\n<tr><td  style=\"text-align:left\" >From 00 to 60 minutes<\/td>\n<td  style=\"text-align:left\" ><\/td>\n<td  style=\"text-align:left\" ><\/td>\n<td  style=\"text-align:right\" >free<\/td>\n<\/tr>\n\r\n<tr><td  style=\"text-align:left\" >Subsequents hours<\/td>\n<td  style=\"text-align:left\" > per\u00a0hour<\/td>\n<td  style=\"text-align:left\" > CHF<\/td>\n<td  style=\"text-align:right\" > 1<\/td>\n<\/tr>\n\r\n<tr><td  style=\"text-align:left\" >Lost hourly ticket<\/td>\n<td  style=\"text-align:left\" ><\/td>\n<td  style=\"text-align:left\" >CHF<\/td>\n<td  style=\"text-align:right\" >15<\/td>\n<\/tr>\n<\/tbody><\/table><\/div>\n<p>ALL OUR CHARGES APPLY PER VEHICLE AND INCLUDE TAX<\/p>\n<\/p><\/div>\n<h3 class=\"toggle\"><strong><a href=\"#\">Permanent access charges<\/a><\/strong><\/h3><div class=\"toggle-box\" style=\"display: none;\"><p>\n<div class=\"table-responsive\"><table  style=\"width:550px; \"  class=\"easy-table easy-table-default \" border=\"0\">\n<thead>\r\n<tr><th  style=\"width:350px;text-align:left\" ><\/th>\n<th  style=\"width:100px;text-align:left\" ><\/th>\n<th  style=\"width:50px;text-align:left\" ><\/th>\n<th  style=\"width:50px;text-align:right\" ><\/th>\n<\/tr>\n<\/thead>\n<tbody>\r\n<tr><td  style=\"text-align:left\" ><\/td>\n<td  style=\"text-align:left\" ><\/td>\n<td  style=\"text-align:left\" ><\/td>\n<td  style=\"text-align:right\" ><strong>Monthly\u00a0 rates<\/strong><\/td>\n<\/tr>\n\r\n<tr><td  style=\"text-align:left\" >Reserved spaces 24-hour*<\/td>\n<td  style=\"text-align:left\" ><\/td>\n<td  style=\"text-align:left\" ><\/td>\n<td  style=\"text-align:right\" >CHF 200<\/td>\n<\/tr>\n\r\n<tr><td  style=\"text-align:left\" >Reserved spaces 24-hour* for residents or users** of the municipality<\/td>\n<td  style=\"text-align:left\" ><\/td>\n<td  style=\"text-align:left\" ><\/td>\n<td  style=\"text-align:right\" >CHF  180<\/td>\n<\/tr>\n\r\n<tr><td  style=\"text-align:left\" >24-hour<\/td>\n<td  style=\"text-align:left\" ><\/td>\n<td  style=\"text-align:left\" ><\/td>\n<td  style=\"text-align:right\" >CHF 180<\/td>\n<\/tr>\n\r\n<tr><td  style=\"text-align:left\" >24-hour* for residents or users** of the municipality<\/td>\n<td  style=\"text-align:left\" ><\/td>\n<td  style=\"text-align:left\" ><\/td>\n<td  style=\"text-align:right\" >CHF 155<\/td>\n<\/tr>\n\r\n<tr><td  style=\"text-align:left\" >24-hour for motorised two-wheelers<\/td>\n<td  style=\"text-align:left\" ><\/td>\n<td  style=\"text-align:left\" ><\/td>\n<td  style=\"text-align:right\" >CHF 30<\/td>\n<\/tr>\n\r\n<tr><td  style=\"text-align:left\" >Lost card replacement<\/td>\n<td  style=\"text-align:left\" ><\/td>\n<td  style=\"text-align:left\" ><\/td>\n<td  style=\"text-align:right\" >CHF 30<\/td>\n<\/tr>\n<\/tbody><\/table><\/div>\nALL OUR CHAGES APPLY PER VEHICLE AND INCLUDE TAX<\/p>\n<p>*: including Saturday, Sunday and public holidays<br \/>\n**: peolple working in the municipality <\/p>\n<\/p><\/div>\n<h3 class=\"toggle\"><strong><a href=\"#\">Other charges<\/a><\/strong><\/h3><div class=\"toggle-box\" style=\"display: none;\"><p>\n<p><strong>LONG-STAY PARKING (1 entry, 1 exit )<\/strong><\/p>\n<div class=\"table-responsive\"><table  style=\"width:550px; \"  class=\"easy-table easy-table-default \" border=\"0\">\n<thead>\r\n<tr><th  style=\"width:350px;text-align:left\" ><\/th>\n<th  style=\"width:200px;text-align:left\" ><\/th>\n<th ><\/th>\n<th ><\/th>\n<\/tr>\n<\/thead>\n<tbody>\r\n<tr><td  style=\"text-align:left\" >First day<\/td>\n<td  style=\"text-align:left\" > CHF 29<\/td>\n<\/tr>\n\r\n<tr><td  style=\"text-align:left\" >Subsequent days (per day)<\/td>\n<td  style=\"text-align:left\" > CHF 20<\/td>\n<\/tr>\n<\/tbody><\/table><\/div>\n<p>ALL OUR CHARGES APPLY PER VEHICLE AND INCLUDE TAX<\/p>\n<\/p><\/div>\n<h3><strong><a style=\"background: url('http:\/\/www.parkgest.ch\/wp-content\/themes\/parkgest\/img\/sidebar_li.gif') no-repeat 0 0; background-position: 0 center; padding-left: 23px; text-decoration: none;\" href=\"https:\/\/www.parkgest.ch\/en\/permanent-access\/#predorsat\">Season ticket application<\/a><\/strong><\/h3>\n<h3><strong><a style=\"background: url('http:\/\/www.parkgest.ch\/wp-content\/themes\/parkgest\/img\/sidebar_li.gif') no-repeat 0 0; background-position: 0 center; padding-left: 23px; text-decoration: none;\" href=\"https:\/\/www.parkgest.ch\/en\/termination-request\/#predorsat\">Termination request<\/a><\/strong><\/h3>\n<h3 class=\"toggle\"><strong><a href=\"#\">General conditions<\/a><\/strong><\/h3><div class=\"toggle-box\" style=\"display: none;\"><p>\n<iframe loading=\"lazy\" src=\"https:\/\/docs.google.com\/viewer?url=https:\/\/www.parkgest.ch\/wp-content\/uploads\/PPO_Conditions-generales_VF_202508.pdf&amp;embedded=true\" width=\"100%\" height=\"600\" frameborder=\"0\"><\/iframe><\/p>\n<p>If you cannot read properly the file <a href=\"https:\/\/www.parkgest.ch\/wp-content\/uploads\/PPO_Conditions-generales_VF_202508.pdf\" target=\"_blank\" rel=\"noopener noreferrer\">click here<\/a><\/p>\n<\/p><\/div>\n<p>Any parking request, in the form of driving a vehicle into the car park Pr\u00e9-d&#8217;Orsat, implies acceptance of these General Conditions, without any restrictions or reservations. Access to the Car Park by a pedestrian has the same effect.<\/p>\n<\/div>\n","protected":false},"excerpt":{"rendered":"<p>Welcome to Pr\u00e9-d\u2019Orsat car park The car park Pr\u00e9-d\u2019Orsat is located in the centre of Collonge-Bellerive, a residential neighbourhood near Geneva. Public transport\u2019s tram lines A, E and G and bus lines 38 and E connect you to the Geneva city centre from there. Height 2.15 m Speed limit at 10 km\/h Bicycles, scooters, rollerblades [&hellip;]<\/p>\n","protected":false},"author":5,"featured_media":5463,"parent":1282,"menu_order":10,"comment_status":"closed","ping_status":"closed","template":"parkingpage.php","meta":{"footnotes":""},"tags":[],"yoast_head":"<!-- This site is optimized with the Yoast SEO plugin v21.8 - https:\/\/yoast.com\/wordpress\/plugins\/seo\/ -->\n<title>Pr\u00e9-d\u2019Orsat car park | Parkgest<\/title>\n<meta name=\"robots\" content=\"index, follow, max-snippet:-1, max-image-preview:large, max-video-preview:-1\" \/>\n<link rel=\"canonical\" href=\"https:\/\/www.parkgest.ch\/en\/where-to-park\/predorsat-car-park\/\" \/>\n<meta property=\"og:locale\" content=\"en_US\" \/>\n<meta property=\"og:type\" content=\"article\" \/>\n<meta property=\"og:title\" content=\"Pr\u00e9-d\u2019Orsat car park | Parkgest\" \/>\n<meta property=\"og:description\" content=\"Welcome to Pr\u00e9-d\u2019Orsat car park The car park Pr\u00e9-d\u2019Orsat is located in the centre of Collonge-Bellerive, a residential neighbourhood near Geneva. Public transport\u2019s tram lines A, E and G and bus lines 38 and E connect you to the Geneva city centre from there. Height 2.15 m Speed limit at 10 km\/h Bicycles, scooters, rollerblades [&hellip;]\" \/>\n<meta property=\"og:url\" content=\"https:\/\/www.parkgest.ch\/en\/where-to-park\/predorsat-car-park\/\" \/>\n<meta property=\"og:site_name\" content=\"Parkgest\" \/>\n<meta property=\"article:modified_time\" content=\"2026-03-02T07:58:44+00:00\" \/>\n<meta property=\"og:image\" content=\"https:\/\/www.parkgest.ch\/wp-content\/uploads\/IMG_1956-1.jpeg\" \/>\n\t<meta property=\"og:image:width\" content=\"1280\" \/>\n\t<meta property=\"og:image:height\" content=\"960\" \/>\n\t<meta property=\"og:image:type\" content=\"image\/jpeg\" \/>\n<meta name=\"twitter:label1\" content=\"Est. reading time\" \/>\n\t<meta name=\"twitter:data1\" content=\"7 minutes\" \/>\n<script type=\"application\/ld+json\" class=\"yoast-schema-graph\">{\"@context\":\"https:\/\/schema.org\",\"@graph\":[{\"@type\":\"WebPage\",\"@id\":\"https:\/\/www.parkgest.ch\/en\/where-to-park\/predorsat-car-park\/\",\"url\":\"https:\/\/www.parkgest.ch\/en\/where-to-park\/predorsat-car-park\/\",\"name\":\"Pr\u00e9-d\u2019Orsat car park | Parkgest\",\"isPartOf\":{\"@id\":\"https:\/\/www.parkgest.ch\/#website\"},\"datePublished\":\"2019-01-21T02:45:01+00:00\",\"dateModified\":\"2026-03-02T07:58:44+00:00\",\"breadcrumb\":{\"@id\":\"https:\/\/www.parkgest.ch\/en\/where-to-park\/predorsat-car-park\/#breadcrumb\"},\"inLanguage\":\"en-US\",\"potentialAction\":[{\"@type\":\"ReadAction\",\"target\":[\"https:\/\/www.parkgest.ch\/en\/where-to-park\/predorsat-car-park\/\"]}]},{\"@type\":\"BreadcrumbList\",\"@id\":\"https:\/\/www.parkgest.ch\/en\/where-to-park\/predorsat-car-park\/#breadcrumb\",\"itemListElement\":[{\"@type\":\"ListItem\",\"position\":1,\"name\":\"Accueil\",\"item\":\"https:\/\/www.parkgest.ch\/en\/\"},{\"@type\":\"ListItem\",\"position\":2,\"name\":\"Where shall I park?\",\"item\":\"https:\/\/www.parkgest.ch\/en\/where-to-park\/\"},{\"@type\":\"ListItem\",\"position\":3,\"name\":\"Pr\u00e9-d\u2019Orsat car park\"}]},{\"@type\":\"WebSite\",\"@id\":\"https:\/\/www.parkgest.ch\/#website\",\"url\":\"https:\/\/www.parkgest.ch\/\",\"name\":\"Parkgest\",\"description\":\"R\u00e9seau de parkings \u00e0 Gen\u00e8ve et Suisse romande\",\"potentialAction\":[{\"@type\":\"SearchAction\",\"target\":{\"@type\":\"EntryPoint\",\"urlTemplate\":\"https:\/\/www.parkgest.ch\/?s={search_term_string}\"},\"query-input\":\"required name=search_term_string\"}],\"inLanguage\":\"en-US\"}]}<\/script>\n<!-- \/ Yoast SEO plugin. -->","yoast_head_json":{"title":"Pr\u00e9-d\u2019Orsat car park | Parkgest","robots":{"index":"index","follow":"follow","max-snippet":"max-snippet:-1","max-image-preview":"max-image-preview:large","max-video-preview":"max-video-preview:-1"},"canonical":"https:\/\/www.parkgest.ch\/en\/where-to-park\/predorsat-car-park\/","og_locale":"en_US","og_type":"article","og_title":"Pr\u00e9-d\u2019Orsat car park | Parkgest","og_description":"Welcome to Pr\u00e9-d\u2019Orsat car park The car park Pr\u00e9-d\u2019Orsat is located in the centre of Collonge-Bellerive, a residential neighbourhood near Geneva. Public transport\u2019s tram lines A, E and G and bus lines 38 and E connect you to the Geneva city centre from there. Height 2.15 m Speed limit at 10 km\/h Bicycles, scooters, rollerblades [&hellip;]","og_url":"https:\/\/www.parkgest.ch\/en\/where-to-park\/predorsat-car-park\/","og_site_name":"Parkgest","article_modified_time":"2026-03-02T07:58:44+00:00","og_image":[{"width":1280,"height":960,"url":"https:\/\/www.parkgest.ch\/wp-content\/uploads\/IMG_1956-1.jpeg","type":"image\/jpeg"}],"twitter_misc":{"Est. reading time":"7 minutes"},"schema":{"@context":"https:\/\/schema.org","@graph":[{"@type":"WebPage","@id":"https:\/\/www.parkgest.ch\/en\/where-to-park\/predorsat-car-park\/","url":"https:\/\/www.parkgest.ch\/en\/where-to-park\/predorsat-car-park\/","name":"Pr\u00e9-d\u2019Orsat car park | Parkgest","isPartOf":{"@id":"https:\/\/www.parkgest.ch\/#website"},"datePublished":"2019-01-21T02:45:01+00:00","dateModified":"2026-03-02T07:58:44+00:00","breadcrumb":{"@id":"https:\/\/www.parkgest.ch\/en\/where-to-park\/predorsat-car-park\/#breadcrumb"},"inLanguage":"en-US","potentialAction":[{"@type":"ReadAction","target":["https:\/\/www.parkgest.ch\/en\/where-to-park\/predorsat-car-park\/"]}]},{"@type":"BreadcrumbList","@id":"https:\/\/www.parkgest.ch\/en\/where-to-park\/predorsat-car-park\/#breadcrumb","itemListElement":[{"@type":"ListItem","position":1,"name":"Accueil","item":"https:\/\/www.parkgest.ch\/en\/"},{"@type":"ListItem","position":2,"name":"Where shall I park?","item":"https:\/\/www.parkgest.ch\/en\/where-to-park\/"},{"@type":"ListItem","position":3,"name":"Pr\u00e9-d\u2019Orsat car park"}]},{"@type":"WebSite","@id":"https:\/\/www.parkgest.ch\/#website","url":"https:\/\/www.parkgest.ch\/","name":"Parkgest","description":"R\u00e9seau de parkings \u00e0 Gen\u00e8ve et Suisse romande","potentialAction":[{"@type":"SearchAction","target":{"@type":"EntryPoint","urlTemplate":"https:\/\/www.parkgest.ch\/?s={search_term_string}"},"query-input":"required name=search_term_string"}],"inLanguage":"en-US"}]}},"_links":{"self":[{"href":"https:\/\/www.parkgest.ch\/en\/wp-json\/wp\/v2\/pages\/4826"}],"collection":[{"href":"https:\/\/www.parkgest.ch\/en\/wp-json\/wp\/v2\/pages"}],"about":[{"href":"https:\/\/www.parkgest.ch\/en\/wp-json\/wp\/v2\/types\/page"}],"author":[{"embeddable":true,"href":"https:\/\/www.parkgest.ch\/en\/wp-json\/wp\/v2\/users\/5"}],"replies":[{"embeddable":true,"href":"https:\/\/www.parkgest.ch\/en\/wp-json\/wp\/v2\/comments?post=4826"}],"version-history":[{"count":48,"href":"https:\/\/www.parkgest.ch\/en\/wp-json\/wp\/v2\/pages\/4826\/revisions"}],"predecessor-version":[{"id":11292,"href":"https:\/\/www.parkgest.ch\/en\/wp-json\/wp\/v2\/pages\/4826\/revisions\/11292"}],"up":[{"embeddable":true,"href":"https:\/\/www.parkgest.ch\/en\/wp-json\/wp\/v2\/pages\/1282"}],"wp:featuredmedia":[{"embeddable":true,"href":"https:\/\/www.parkgest.ch\/en\/wp-json\/wp\/v2\/media\/5463"}],"wp:attachment":[{"href":"https:\/\/www.parkgest.ch\/en\/wp-json\/wp\/v2\/media?parent=4826"}],"wp:term":[{"taxonomy":"post_tag","embeddable":true,"href":"https:\/\/www.parkgest.ch\/en\/wp-json\/wp\/v2\/tags?post=4826"}],"curies":[{"name":"wp","href":"https:\/\/api.w.org\/{rel}","templated":true}]}}