{"id":4404,"date":"2018-01-17T15:03:20","date_gmt":"2018-01-17T14:03:20","guid":{"rendered":"http:\/\/www.parkgest.ch\/espace-xxl-2\/"},"modified":"2022-05-06T16:06:58","modified_gmt":"2022-05-06T15:06:58","slug":"espace-xxl","status":"publish","type":"page","link":"https:\/\/www.parkgest.ch\/en\/espace-xxl\/","title":{"rendered":"XXL spaces, unique in Switzerland!"},"content":{"rendered":"<div class=\"pkg-article\">\n<div>\n<p>The completely renovated XXL floor, located in the 4th basement of the Mont-Blanc car park, offers more than 250 very generous slots.\u00a0These 3.5 m wide XXL spaces (50% more than a normal space) are particularly easy to park in. The Mont-Blanc car park, PARKGEST\u2019s model car park, is the first to take customers\u2019 wishes into account. They have asked for enough space in order to be able to park more easily, no matter how big their vehicle is.<\/p>\n<p>The additional area allows them to move around the vehicle more comfortably too, for example when getting in or out, or also during loading or unloading. This also helps to prevent damage to the car&#8217;s paintwork.<\/p>\n<\/div>\n<div>\n<h2>The XXL area is open to everyone<\/h2>\n<p>Access with a day pass<br \/>\nAfter you\u2019ve bought a ticket at the main entrance, proceed to the 4th basement. There you can enter the ticket into the machine at the entrance of the XXL area. With this ticket you can pay the parking fees at the automatic paying machines in the \u2018Molard\u2019 or \u2018Fusterie\u2019 pedestrian zones. The same ticket is then placed in the machine at the exit of the XXL area and the exit of the car park.<\/p>\n<\/div>\n<div>\n<h2>An XXL season ticket<\/h2>\n<p>Do you want permanent access to the XXL floor?<\/p>\n<p>Book your season ticket by clicking on the bottom link.<\/p>\n<p>You\u2019ll receive confirmation within 48 hours (two working days).<br \/>\n<a class=\"acces\" href=\"http:\/\/www.parkgest.loc\/en\/permanent-access\/\" target=\"_blank\" rel=\"noopener noreferrer\">Get an XXL season ticket<\/a><\/p>\n<\/div>\n<div>\n<h2>Permanent access<\/h2>\n<p>Your card will be read remotely at the entrance to the XXL area in the 4th basement and the gates will open.<\/p>\n<\/div>\n<\/div>\n<div id=\"accordionPkg\" class=\"accordion accordion-icon\"><div class=\"card\"><div class=\"card-header\" id=\"heading-2110706969\"><h2 class=\"mb-0\"><button class=\"btn btn-link btn-block text-left collapsed\" type=\"button\" data-toggle=\"collapse\" data-target=\"#collapse2110706969\" aria-expanded=\"false\" aria-controls=\"collapse2\"><span class=\"card-header-title\">Day pass: pay with your smartphone<\/span><i class=\"icon-arrow-down\"><\/i><\/button><\/h2><\/div><div id=\"collapse2110706969\" class=\"collapse\" aria-labelledby=\"heading2110706969\" data-parent=\"#accordionPkg\"><div class=\"card-body\"><p>Parking fees can be paid quickly and simply with your smartphone with the \u2018\u2009Parking Mont-Blanc\u2019 app.<br \/>\nYou don\u2019t have to open an account to use this user-friendly app. It speeds up the payment process, informs you of empty parking places in real time, guides users to their space, etc. A cashless payment is effected through a PayPal account. All you need to do is scan the barcode; the sum is shown and one click is enough to make the transaction.You can then pick up your vehicle and leave the car park. It\u2019s simple and quick!<\/p><\/div><\/div><\/div>\n<div class=\"card\"><div class=\"card-header\" id=\"heading-748727929\"><h2 class=\"mb-0\"><button class=\"btn btn-link btn-block text-left collapsed\" type=\"button\" data-toggle=\"collapse\" data-target=\"#collapse748727929\" aria-expanded=\"false\" aria-controls=\"collapse2\"><span class=\"card-header-title\">A car wash in the Mont-Blanc car park<\/span><i class=\"icon-arrow-down\"><\/i><\/button><\/h2><\/div><div id=\"collapse748727929\" class=\"collapse\" aria-labelledby=\"heading748727929\" data-parent=\"#accordionPkg\"><div class=\"card-body\"><p>On the first basement of the Mont-Blanc car park there\u2019s a car wash covering 80 m2, offering you a complete and comprehensive one-hour car cleaning service (inside and outside) for city cars through to extraordinary vehicles. The prices are reasonable, from CHF 29 to 149, and the care agents used are innovative and environment-friendly. The team will welcome you from 8 a.m. to 6 p.m., Mondays to Saturdays, without the need to reserve.<\/p><\/div><\/div><\/div>\n<\/div>\n","protected":false},"excerpt":{"rendered":"<p>The completely renovated XXL floor, located in the 4th basement of the Mont-Blanc car park, offers more than 250 very generous slots.\u00a0These 3.5 m wide XXL spaces (50% more than a normal space) are particularly easy to park in. The Mont-Blanc car park, PARKGEST\u2019s model car park, is the first to take customers\u2019 wishes into [&hellip;]<\/p>\n","protected":false},"author":5,"featured_media":7593,"parent":0,"menu_order":0,"comment_status":"closed","ping_status":"closed","template":"places.php","meta":{"footnotes":""},"tags":[],"yoast_head":"<!-- This site is optimized with the Yoast SEO plugin v21.8 - https:\/\/yoast.com\/wordpress\/plugins\/seo\/ -->\n<title>XXL spaces, unique in Switzerland! | Parkgest<\/title>\n<meta name=\"robots\" content=\"index, follow, max-snippet:-1, max-image-preview:large, max-video-preview:-1\" \/>\n<link rel=\"canonical\" href=\"https:\/\/www.parkgest.ch\/en\/espace-xxl\/\" \/>\n<meta property=\"og:locale\" content=\"en_US\" \/>\n<meta property=\"og:type\" content=\"article\" \/>\n<meta property=\"og:title\" content=\"XXL spaces, unique in Switzerland! | Parkgest\" \/>\n<meta property=\"og:description\" content=\"The completely renovated XXL floor, located in the 4th basement of the Mont-Blanc car park, offers more than 250 very generous slots.\u00a0These 3.5 m wide XXL spaces (50% more than a normal space) are particularly easy to park in. The Mont-Blanc car park, PARKGEST\u2019s model car park, is the first to take customers\u2019 wishes into [&hellip;]\" \/>\n<meta property=\"og:url\" content=\"https:\/\/www.parkgest.ch\/en\/espace-xxl\/\" \/>\n<meta property=\"og:site_name\" content=\"Parkgest\" \/>\n<meta property=\"article:modified_time\" content=\"2022-05-06T15:06:58+00:00\" \/>\n<meta property=\"og:image\" content=\"https:\/\/www.parkgest.ch\/wp-content\/uploads\/places-XXL.png\" \/>\n\t<meta property=\"og:image:width\" content=\"2000\" \/>\n\t<meta property=\"og:image:height\" content=\"1125\" \/>\n\t<meta property=\"og:image:type\" content=\"image\/png\" \/>\n<meta name=\"twitter:label1\" content=\"Est. reading time\" \/>\n\t<meta name=\"twitter:data1\" content=\"2 minutes\" \/>\n<script type=\"application\/ld+json\" class=\"yoast-schema-graph\">{\"@context\":\"https:\/\/schema.org\",\"@graph\":[{\"@type\":\"WebPage\",\"@id\":\"https:\/\/www.parkgest.ch\/en\/espace-xxl\/\",\"url\":\"https:\/\/www.parkgest.ch\/en\/espace-xxl\/\",\"name\":\"XXL spaces, unique in Switzerland! | Parkgest\",\"isPartOf\":{\"@id\":\"https:\/\/www.parkgest.ch\/#website\"},\"datePublished\":\"2018-01-17T14:03:20+00:00\",\"dateModified\":\"2022-05-06T15:06:58+00:00\",\"breadcrumb\":{\"@id\":\"https:\/\/www.parkgest.ch\/en\/espace-xxl\/#breadcrumb\"},\"inLanguage\":\"en-US\",\"potentialAction\":[{\"@type\":\"ReadAction\",\"target\":[\"https:\/\/www.parkgest.ch\/en\/espace-xxl\/\"]}]},{\"@type\":\"BreadcrumbList\",\"@id\":\"https:\/\/www.parkgest.ch\/en\/espace-xxl\/#breadcrumb\",\"itemListElement\":[{\"@type\":\"ListItem\",\"position\":1,\"name\":\"Accueil\",\"item\":\"https:\/\/www.parkgest.ch\/en\/\"},{\"@type\":\"ListItem\",\"position\":2,\"name\":\"XXL spaces, unique in Switzerland!\"}]},{\"@type\":\"WebSite\",\"@id\":\"https:\/\/www.parkgest.ch\/#website\",\"url\":\"https:\/\/www.parkgest.ch\/\",\"name\":\"Parkgest\",\"description\":\"R\u00e9seau de parkings \u00e0 Gen\u00e8ve et Suisse romande\",\"potentialAction\":[{\"@type\":\"SearchAction\",\"target\":{\"@type\":\"EntryPoint\",\"urlTemplate\":\"https:\/\/www.parkgest.ch\/?s={search_term_string}\"},\"query-input\":\"required name=search_term_string\"}],\"inLanguage\":\"en-US\"}]}<\/script>\n<!-- \/ Yoast SEO plugin. -->","yoast_head_json":{"title":"XXL spaces, unique in Switzerland! | Parkgest","robots":{"index":"index","follow":"follow","max-snippet":"max-snippet:-1","max-image-preview":"max-image-preview:large","max-video-preview":"max-video-preview:-1"},"canonical":"https:\/\/www.parkgest.ch\/en\/espace-xxl\/","og_locale":"en_US","og_type":"article","og_title":"XXL spaces, unique in Switzerland! | Parkgest","og_description":"The completely renovated XXL floor, located in the 4th basement of the Mont-Blanc car park, offers more than 250 very generous slots.\u00a0These 3.5 m wide XXL spaces (50% more than a normal space) are particularly easy to park in. The Mont-Blanc car park, PARKGEST\u2019s model car park, is the first to take customers\u2019 wishes into [&hellip;]","og_url":"https:\/\/www.parkgest.ch\/en\/espace-xxl\/","og_site_name":"Parkgest","article_modified_time":"2022-05-06T15:06:58+00:00","og_image":[{"width":2000,"height":1125,"url":"https:\/\/www.parkgest.ch\/wp-content\/uploads\/places-XXL.png","type":"image\/png"}],"twitter_misc":{"Est. reading time":"2 minutes"},"schema":{"@context":"https:\/\/schema.org","@graph":[{"@type":"WebPage","@id":"https:\/\/www.parkgest.ch\/en\/espace-xxl\/","url":"https:\/\/www.parkgest.ch\/en\/espace-xxl\/","name":"XXL spaces, unique in Switzerland! | Parkgest","isPartOf":{"@id":"https:\/\/www.parkgest.ch\/#website"},"datePublished":"2018-01-17T14:03:20+00:00","dateModified":"2022-05-06T15:06:58+00:00","breadcrumb":{"@id":"https:\/\/www.parkgest.ch\/en\/espace-xxl\/#breadcrumb"},"inLanguage":"en-US","potentialAction":[{"@type":"ReadAction","target":["https:\/\/www.parkgest.ch\/en\/espace-xxl\/"]}]},{"@type":"BreadcrumbList","@id":"https:\/\/www.parkgest.ch\/en\/espace-xxl\/#breadcrumb","itemListElement":[{"@type":"ListItem","position":1,"name":"Accueil","item":"https:\/\/www.parkgest.ch\/en\/"},{"@type":"ListItem","position":2,"name":"XXL spaces, unique in Switzerland!"}]},{"@type":"WebSite","@id":"https:\/\/www.parkgest.ch\/#website","url":"https:\/\/www.parkgest.ch\/","name":"Parkgest","description":"R\u00e9seau de parkings \u00e0 Gen\u00e8ve et Suisse romande","potentialAction":[{"@type":"SearchAction","target":{"@type":"EntryPoint","urlTemplate":"https:\/\/www.parkgest.ch\/?s={search_term_string}"},"query-input":"required name=search_term_string"}],"inLanguage":"en-US"}]}},"_links":{"self":[{"href":"https:\/\/www.parkgest.ch\/en\/wp-json\/wp\/v2\/pages\/4404"}],"collection":[{"href":"https:\/\/www.parkgest.ch\/en\/wp-json\/wp\/v2\/pages"}],"about":[{"href":"https:\/\/www.parkgest.ch\/en\/wp-json\/wp\/v2\/types\/page"}],"author":[{"embeddable":true,"href":"https:\/\/www.parkgest.ch\/en\/wp-json\/wp\/v2\/users\/5"}],"replies":[{"embeddable":true,"href":"https:\/\/www.parkgest.ch\/en\/wp-json\/wp\/v2\/comments?post=4404"}],"version-history":[{"count":1,"href":"https:\/\/www.parkgest.ch\/en\/wp-json\/wp\/v2\/pages\/4404\/revisions"}],"predecessor-version":[{"id":7595,"href":"https:\/\/www.parkgest.ch\/en\/wp-json\/wp\/v2\/pages\/4404\/revisions\/7595"}],"wp:featuredmedia":[{"embeddable":true,"href":"https:\/\/www.parkgest.ch\/en\/wp-json\/wp\/v2\/media\/7593"}],"wp:attachment":[{"href":"https:\/\/www.parkgest.ch\/en\/wp-json\/wp\/v2\/media?parent=4404"}],"wp:term":[{"taxonomy":"post_tag","embeddable":true,"href":"https:\/\/www.parkgest.ch\/en\/wp-json\/wp\/v2\/tags?post=4404"}],"curies":[{"name":"wp","href":"https:\/\/api.w.org\/{rel}","templated":true}]}}