{"id":3302,"date":"2016-11-16T13:18:48","date_gmt":"2016-11-16T12:18:48","guid":{"rendered":"http:\/\/www.parkgest.ch\/bornes-electriques-2\/"},"modified":"2025-10-30T07:05:47","modified_gmt":"2025-10-30T06:05:47","slug":"charging-stations-for-electric-vehicles","status":"publish","type":"page","link":"https:\/\/www.parkgest.ch\/en\/charging-stations-for-electric-vehicles\/","title":{"rendered":"Charging stations for electric vehicles"},"content":{"rendered":"<div>\nIn 2023, engines powered by alternative fuels \u2013 electricity, hybrid, gas or hydrogen \u2013 will account for 54.9% of all new vehicle registrations in Switzerland and the Principality of Liechtenstein, thus accounting for the largest market share. In Geneva the government is promoting the expansion of the re-fuelling infrastructure and encouraging citizens to switch to this new form of mobility. PARKGEST is committed to reducing overall energy consumption and CO2* emissions, and to this end provides its customers with electric charging stations at competitive rates in nine of its car parks. Charging areas and places are indicated by a pictogram and are part of the \u2018evpass\u2019, \u2018SIG-Move\u2019 or \u2018swisscharge\u2019 networks, depending on the car park.<\/p>\n<p>11 of our car parks have charging stations, in order to meet the requirements of our customers with electric vehicles and to actively contribute to reducing the emissions of greenhouse gases by road traffic.<\/p>\n<p>* The PARKGEST group won an award in the \u2018SIG Trophies for the Energy Transition 2023\u2019, in the category large companies: <a href=\"https:\/\/newsroom.parkgest.ch\/le-groupe-parkgest-prime-au-trophee-sig-de-la-transition-energetique-categorie-grandes-entreprises-2023\/\" rel=\"noopener\" target=\"_blank\">read the article<\/a>\n<\/div>\n<h2>Our network of charging stations<\/h2>\n<div>\n<p>11 PARKGEST car parks have electricity-charging stations for electric vehicles:<\/p>\n<ul>\n<li>\u2013 Atmosph\u00e8re car park\u2009: 24 stations<\/li>\n<li>\u2013 Chat car park\u2009: 8 stations<\/li>\n<li>\u2013 District car park\u2009: 14 stations<\/li>\n<li>&#8211; Esplanade car park : 2 stations<\/li>\n<li>\u2013 Fabriques car park\u2009: 2 stations<\/li>\n<li>\u2013 Ilot Sud Morges car park\u2009: 13 stations<\/li>\n<li>\u2013 Mont-Blanc car park\u2009: 8 stations<\/li>\n<li>\u2013 Pr\u00e9-d\u2019Orsat car park\u2009: 2 stations<\/li>\n<li>\u2013 Rayes car park\u2009: 2 stations<\/li>\n<li>\u2013 Vand\u0153uvres car park\u2009: 2 stations<\/li>\n<li>\u2013 Villereuse car park\u2009: 6 stations<\/li>\n<\/ul>\n<\/div>\n<hr \/>\n<h2>Atmosph\u00e8re car park<\/h2>\n<article>\n<b>Charging stations<\/b> : MOVE AC 22<br \/>\n<b>Number of socket outlets: 24<\/b> on level -1<br \/>\n<b>Vehicles:<\/b> all electric vehicles, except for two-wheelers<br \/>\n<b>Types of socket outlets and power:<\/b> Type 2 cable (AC) not available &#8211; Power up to 22 kWh<\/p>\n<p><b>Operator:<\/b> SIG MOVE<br \/>\n<b>Restrictions:<\/b> A maximum charging period of 6 hours between 7:00 AM and 7:00 PM applies, so that the stations remain accessible to all. Charging required during parking.<\/article>\n<p><a title=\"Read more about the Atmosph\u00e8re car park\" href=\"https:\/\/www.parkgest.ch\/en\/where-to-park\/les-atmoshperes-car-park\/\">Read more about the Atmosph\u00e8re car park<\/a><\/p>\n<hr \/>\n<h2>Chat car park<\/h2>\n<article>\n<b>Charging stations<\/b> : MOVE AC 22<br \/>\n<b>Number of socket outlets: 8<\/b><br \/>\n<b>Vehicles:<\/b> all electric vehicles, except for two-wheelers<br \/>\n<b>Types of socket outlets and power:<\/b> Type 2 cable (AC) not available &#8211; Power up to 22 kWh<br \/>\n<b>Operator:<\/b> SIG MOVE<br \/>\n<b>Restrictions:<\/b> Charging required during parking.<\/article>\n<p><a title=\"Read more about the District car park\" href=\"https:\/\/www.parkgest.ch\/en\/where-to-park\/du-chat-parking-lot\/\">Read more about the Chat car park<\/a><\/p>\n<hr \/>\n<h2>District car park<\/h2>\n<article>\n<b>Charging stations<\/b> : MOVE AC 22<br \/>\n<b>Number of socket outlets: 14<\/b> (subscriber-only) on level -2<br \/>\n<b>Vehicles:<\/b> all electric vehicles, except for two-wheelers<br \/>\n<b>Types of socket outlets and power:<\/b> Type 2 cable (AC) not available &#8211; Power up to 22 kWh<br \/>\n<b>Operator:<\/b> SIG MOVE<br \/>\n<b>Restrictions:<\/b> A maximum charging period of 6 hours between 7:00 AM and 7:00 PM applies, so that the stations remain accessible to all. Charging required during parking.<\/article>\n<p><a title=\"Read more about the District car park\" href=\"https:\/\/www.parkgest.ch\/en\/where-to-park\/le-district-car-park\/\">Read more about the District car park<\/a><\/p>\n<hr \/>\n<h2>Esplanade car park<\/h2>\n<article>\n<b>Number of outlet sockets<\/b>: 2, located at parking spaces 26 and 27 on level \u20131<br \/>\n<b>Vehicles:<\/b> all electric vehicles<br \/>\n<b>Types of socket outlets and power:<\/b> Type CCS &#038; Chademo cable  &#8211; Power up to 22 kWh<br \/>\n<b>Operator:<\/b> eCarUp<br \/>\n<b>Restrictions:<\/b> A maximum charging period of 6 hours between 7:00 AM and 7:00 PM applies, so that the stations remain accessible to all. Charging required during parking.<\/article>\n<p><a title=\"Read more about the Esplanade car park\" href=\"https:\/\/www.parkgest.ch\/en\/where-to-park\/esplanade-car-park\/\">Read more about the Esplanade car park<\/a><\/p>\n<hr \/>\n<h2>Fabriques car park<\/h2>\n<article>\n<b>Charging stations<\/b>: MOVE AC 22<br \/>\n<b>Number of socket outlets: 2<\/b> on level -2<br \/>\n<b>Vehicles:<\/b> all electric vehicles, except for two-wheelers<br \/>\n<b>Types of socket outlets and power:<\/b> Type 2 cable (AC) not available &#8211; Power up to 22 kWh<br \/>\n<b>Operator:<\/b> SIG MOVE<br \/>\n<b>Restrictions:<\/b> A maximum charging period of 6 hours between 7:00 AM and 7:00 PM applies, so that the stations remain accessible to all. Charging required during parking.<\/article>\n<p><a title=\"Read more about the Fabriques car park\" href=\"https:\/\/www.parkgest.ch\/en\/where-to-park\/les-fabriques-car-park\/\">Read more about the Fabriques car park<\/a><\/p>\n<hr \/>\n<h2>Ilot Sud Morges car park<\/h2>\n<article>\n<b>Charging stations<\/b>: Zaptec AC 22<br \/>\n<b>Number of socket outlets: 13<\/b> (subscriber-only) on levels -1 and -2<br \/>\n<b>Vehicles:<\/b> all electric vehicles, except for two-wheelers<br \/>\n<b>Types of socket outlets and power:<\/b> Type 2 cable (AC) not available &#8211; Power up to 22 kWh<br \/>\n<b>Operator:<\/b> Swisscharge<br \/>\n<b>Restrictions:<\/b> A maximum charging period of 6 hours between 7:00 AM and 7:00 PM applies, so that the stations remain accessible to all. Charging required during parking.<\/article>\n<p><a title=\"Read more about the Ilot Sud Morges car park\" href=\"https:\/\/www.parkgest.ch\/en\/where-to-park\/ilot-sud-morges-car-park\/\">Read more about the Ilot Sud Morges car park<\/a><\/p>\n<hr \/>\n<h2>Mont-Blanc car park<\/h2>\n<article>\n<b>Charging stations<\/b>: Green Motion AC 22<br \/>\n<b>Number of socket outlets: 8<\/b> on level -1, -2, -3 and -4 (near the \u2018Fusterie\u2019 pedestrian exit)<br \/>\n<b>Vehicles:<\/b> all electric vehicles, except for two-wheelers<b>Types of socket outlets and power:<\/b> Swiss house network \u2014 power: 3.7 kWh | Type 1 cable \u2014 power: 7 kWh | Type 2 cable \u2014 Power up to 22 kWh<br \/>\n<b>Operator:<\/b> eCarUp<br \/>\n<b>Restrictions:<\/b> A maximum charging period of 6 hours applies, so that the stations remain accessible to all.<br \/>\n<b>&nbsp;<\/b><br \/>\n<b>&nbsp;<\/b><br \/>\n<\/article>\n<p><a title=\"Read more about the Mont-Blanc car park.\" href=\"https:\/\/www.parkgest.ch\/en\/where-to-park\/mont-blanc-parking-lot-2\/\">Read more about the Mont-Blanc car park.<\/a><\/p>\n<hr \/>\n<h2>Pr\u00e9-d\u2019Orsat car park<\/h2>\n<article>\n<b>Charging stations<\/b>: Green Motion AC 22<br \/>\n<b>Number of socket outlets: 2<\/b> on level -2<br \/>\n<b>Vehicles:<\/b> all electric vehicles, except for two-wheelers<br \/>\n<b>Types of socket outlets and power:<\/b>Type 1 cable \u2014 Power: 7 kWh | Type 2 cable \u2014 Power up to 22 kWh<br \/>\n<b>Operator:<\/b><a eCarUp\n<b>Restrictions:<\/b> A maximum charging period of 6 hours between 7:00 AM and 7:00 PM applies, so that the stations remain accessible to all. Charging required during parking.<\/article>\n<p><a title=\"Read more about the Pr\u00e9-d\u2019Orsat car park\" href=\"https:\/\/www.parkgest.ch\/en\/where-to-park\/predorsat-car-park\/\">Read more about the Pr\u00e9-d\u2019Orsat car park<\/a><\/p>\n<hr \/>\n<h2>Rayes car park<\/h2>\n<article>\n<b>Charging stations<\/b>: Green Motion AC 22<br \/>\n<b>Number of socket outlets : 2 <\/b> charging stations on the 1st level<br \/>\n<b>Vehicles:<\/b> all electric vehicles, except for two-wheelers<br \/>\n<b>Types of socket outlets and power:<\/b> Type 1 cable \u2014 power: 7 kWh | Type 2 cable \u2014 Power up to 22 kWh<\/p>\n<p><b style=\"margin-top: 10px;\">Operator:<\/b> eCarUp<br \/>\n<b>Restrictions:<\/b> A maximum charging period of 6 hours applies, so that the stations remain accessible to all.<\/article>\n<p><a title=\"Read more about the Rayes car park.\" href=\"https:\/\/www.parkgest.ch\/en\/where-to-park\/des-rayes-parking-lot\/\">Read more about the Rayes car park.<\/a><\/p>\n<hr \/>\n<h2>Vand\u0153uvres car park<\/h2>\n<article>\n<b>Charging stations<\/b>: Green Motion AC 22<br \/>\n<b>Number of socket outlets : 2 <\/b> on level -1<br \/>\n<b>Vehicles:<\/b> all electric vehicles<br \/>\n<b>Types of socket outlets and power:<\/b> Swiss house network \u2014 power: 3.7 kWh | Type 1 cable \u2014 power: 7 kWh Type 2 cable \u2014 Power up to 22 kWh<br \/>\n<b style=\"margin-top: 15px;\">Operator:<\/b> eCarUp<br \/>\n<b>Restrictions:<\/b> A maximum charging period of 6 hours applies, so that the stations remain accessible to all.<\/article>\n<p><a title=\"Read more about the Vand\u0153uvres car park\" href=\"https:\/\/www.parkgest.ch\/en\/where-to-park\/vand\u0153uvres-car-park\/\">Read more about the Vand\u0153uvres car park.<\/a><\/p>\n<hr \/>\n<h2>Villereuse car park<\/h2>\n<article>\n<b>Charging stations<\/b>: Green Motion AC 22<br \/>\n<b>Number of socket outlets : 4<\/b> charging stations on the level \u20131<br \/>\n<b>Vehicles:<\/b> all electric vehicles, except for two-wheelers<br \/>\n<b>Types of socket outlets and power:<\/b> Type 1 cable \u2014 power: 7 kWh | Type 2 cable \u2014 Power up to 22 kWh<\/p>\n<p><b style=\"margin-top: 10px;\">Operator:<\/b> eCarUp<br \/>\n<b>Restrictions:<\/b> A maximum charging period of 6 hours applies, so that the stations remain accessible to all.<\/article>\n<p><a title=\"Read more about the Villereuse car park\" href=\"https:\/\/www.parkgest.ch\/en\/where-to-park\/villereuse-parking-lot\/\">Read more about the Villereuse car park.<\/a><\/p>\n","protected":false},"excerpt":{"rendered":"<p>In 2023, engines powered by alternative fuels \u2013 electricity, hybrid, gas or hydrogen \u2013 will account for 54.9% of all new vehicle registrations in Switzerland and the Principality of Liechtenstein, thus accounting for the largest market share. In Geneva the government is promoting the expansion of the re-fuelling infrastructure and encouraging citizens to switch to [&hellip;]<\/p>\n","protected":false},"author":5,"featured_media":5640,"parent":0,"menu_order":0,"comment_status":"closed","ping_status":"closed","template":"places.php","meta":{"footnotes":""},"tags":[],"yoast_head":"<!-- This site is optimized with the Yoast SEO plugin v21.8 - https:\/\/yoast.com\/wordpress\/plugins\/seo\/ -->\n<title>Charging stations for electric vehicles | Parkgest<\/title>\n<meta name=\"robots\" content=\"index, follow, max-snippet:-1, max-image-preview:large, max-video-preview:-1\" \/>\n<link rel=\"canonical\" href=\"https:\/\/www.parkgest.ch\/en\/charging-stations-for-electric-vehicles\/\" \/>\n<meta property=\"og:locale\" content=\"en_US\" \/>\n<meta property=\"og:type\" content=\"article\" \/>\n<meta property=\"og:title\" content=\"Charging stations for electric vehicles | Parkgest\" \/>\n<meta property=\"og:description\" content=\"In 2023, engines powered by alternative fuels \u2013 electricity, hybrid, gas or hydrogen \u2013 will account for 54.9% of all new vehicle registrations in Switzerland and the Principality of Liechtenstein, thus accounting for the largest market share. In Geneva the government is promoting the expansion of the re-fuelling infrastructure and encouraging citizens to switch to [&hellip;]\" \/>\n<meta property=\"og:url\" content=\"https:\/\/www.parkgest.ch\/en\/charging-stations-for-electric-vehicles\/\" \/>\n<meta property=\"og:site_name\" content=\"Parkgest\" \/>\n<meta property=\"article:modified_time\" content=\"2025-10-30T06:05:47+00:00\" \/>\n<meta property=\"og:image\" content=\"https:\/\/www.parkgest.ch\/wp-content\/uploads\/parkgest_19_choix-132-page-v\u00e9hicules-elec.jpg\" \/>\n\t<meta property=\"og:image:width\" content=\"2000\" \/>\n\t<meta property=\"og:image:height\" content=\"1125\" \/>\n\t<meta property=\"og:image:type\" content=\"image\/jpeg\" \/>\n<meta name=\"twitter:label1\" content=\"Est. reading time\" \/>\n\t<meta name=\"twitter:data1\" content=\"6 minutes\" \/>\n<script type=\"application\/ld+json\" class=\"yoast-schema-graph\">{\"@context\":\"https:\/\/schema.org\",\"@graph\":[{\"@type\":\"WebPage\",\"@id\":\"https:\/\/www.parkgest.ch\/en\/charging-stations-for-electric-vehicles\/\",\"url\":\"https:\/\/www.parkgest.ch\/en\/charging-stations-for-electric-vehicles\/\",\"name\":\"Charging stations for electric vehicles | Parkgest\",\"isPartOf\":{\"@id\":\"https:\/\/www.parkgest.ch\/#website\"},\"datePublished\":\"2016-11-16T12:18:48+00:00\",\"dateModified\":\"2025-10-30T06:05:47+00:00\",\"breadcrumb\":{\"@id\":\"https:\/\/www.parkgest.ch\/en\/charging-stations-for-electric-vehicles\/#breadcrumb\"},\"inLanguage\":\"en-US\",\"potentialAction\":[{\"@type\":\"ReadAction\",\"target\":[\"https:\/\/www.parkgest.ch\/en\/charging-stations-for-electric-vehicles\/\"]}]},{\"@type\":\"BreadcrumbList\",\"@id\":\"https:\/\/www.parkgest.ch\/en\/charging-stations-for-electric-vehicles\/#breadcrumb\",\"itemListElement\":[{\"@type\":\"ListItem\",\"position\":1,\"name\":\"Accueil\",\"item\":\"https:\/\/www.parkgest.ch\/en\/\"},{\"@type\":\"ListItem\",\"position\":2,\"name\":\"Charging stations for electric vehicles\"}]},{\"@type\":\"WebSite\",\"@id\":\"https:\/\/www.parkgest.ch\/#website\",\"url\":\"https:\/\/www.parkgest.ch\/\",\"name\":\"Parkgest\",\"description\":\"R\u00e9seau de parkings \u00e0 Gen\u00e8ve et Suisse romande\",\"potentialAction\":[{\"@type\":\"SearchAction\",\"target\":{\"@type\":\"EntryPoint\",\"urlTemplate\":\"https:\/\/www.parkgest.ch\/?s={search_term_string}\"},\"query-input\":\"required name=search_term_string\"}],\"inLanguage\":\"en-US\"}]}<\/script>\n<!-- \/ Yoast SEO plugin. -->","yoast_head_json":{"title":"Charging stations for electric vehicles | Parkgest","robots":{"index":"index","follow":"follow","max-snippet":"max-snippet:-1","max-image-preview":"max-image-preview:large","max-video-preview":"max-video-preview:-1"},"canonical":"https:\/\/www.parkgest.ch\/en\/charging-stations-for-electric-vehicles\/","og_locale":"en_US","og_type":"article","og_title":"Charging stations for electric vehicles | Parkgest","og_description":"In 2023, engines powered by alternative fuels \u2013 electricity, hybrid, gas or hydrogen \u2013 will account for 54.9% of all new vehicle registrations in Switzerland and the Principality of Liechtenstein, thus accounting for the largest market share. In Geneva the government is promoting the expansion of the re-fuelling infrastructure and encouraging citizens to switch to [&hellip;]","og_url":"https:\/\/www.parkgest.ch\/en\/charging-stations-for-electric-vehicles\/","og_site_name":"Parkgest","article_modified_time":"2025-10-30T06:05:47+00:00","og_image":[{"width":2000,"height":1125,"url":"https:\/\/www.parkgest.ch\/wp-content\/uploads\/parkgest_19_choix-132-page-v\u00e9hicules-elec.jpg","type":"image\/jpeg"}],"twitter_misc":{"Est. reading time":"6 minutes"},"schema":{"@context":"https:\/\/schema.org","@graph":[{"@type":"WebPage","@id":"https:\/\/www.parkgest.ch\/en\/charging-stations-for-electric-vehicles\/","url":"https:\/\/www.parkgest.ch\/en\/charging-stations-for-electric-vehicles\/","name":"Charging stations for electric vehicles | Parkgest","isPartOf":{"@id":"https:\/\/www.parkgest.ch\/#website"},"datePublished":"2016-11-16T12:18:48+00:00","dateModified":"2025-10-30T06:05:47+00:00","breadcrumb":{"@id":"https:\/\/www.parkgest.ch\/en\/charging-stations-for-electric-vehicles\/#breadcrumb"},"inLanguage":"en-US","potentialAction":[{"@type":"ReadAction","target":["https:\/\/www.parkgest.ch\/en\/charging-stations-for-electric-vehicles\/"]}]},{"@type":"BreadcrumbList","@id":"https:\/\/www.parkgest.ch\/en\/charging-stations-for-electric-vehicles\/#breadcrumb","itemListElement":[{"@type":"ListItem","position":1,"name":"Accueil","item":"https:\/\/www.parkgest.ch\/en\/"},{"@type":"ListItem","position":2,"name":"Charging stations for electric vehicles"}]},{"@type":"WebSite","@id":"https:\/\/www.parkgest.ch\/#website","url":"https:\/\/www.parkgest.ch\/","name":"Parkgest","description":"R\u00e9seau de parkings \u00e0 Gen\u00e8ve et Suisse romande","potentialAction":[{"@type":"SearchAction","target":{"@type":"EntryPoint","urlTemplate":"https:\/\/www.parkgest.ch\/?s={search_term_string}"},"query-input":"required name=search_term_string"}],"inLanguage":"en-US"}]}},"_links":{"self":[{"href":"https:\/\/www.parkgest.ch\/en\/wp-json\/wp\/v2\/pages\/3302"}],"collection":[{"href":"https:\/\/www.parkgest.ch\/en\/wp-json\/wp\/v2\/pages"}],"about":[{"href":"https:\/\/www.parkgest.ch\/en\/wp-json\/wp\/v2\/types\/page"}],"author":[{"embeddable":true,"href":"https:\/\/www.parkgest.ch\/en\/wp-json\/wp\/v2\/users\/5"}],"replies":[{"embeddable":true,"href":"https:\/\/www.parkgest.ch\/en\/wp-json\/wp\/v2\/comments?post=3302"}],"version-history":[{"count":36,"href":"https:\/\/www.parkgest.ch\/en\/wp-json\/wp\/v2\/pages\/3302\/revisions"}],"predecessor-version":[{"id":8097,"href":"https:\/\/www.parkgest.ch\/en\/wp-json\/wp\/v2\/pages\/3302\/revisions\/8097"}],"wp:featuredmedia":[{"embeddable":true,"href":"https:\/\/www.parkgest.ch\/en\/wp-json\/wp\/v2\/media\/5640"}],"wp:attachment":[{"href":"https:\/\/www.parkgest.ch\/en\/wp-json\/wp\/v2\/media?parent=3302"}],"wp:term":[{"taxonomy":"post_tag","embeddable":true,"href":"https:\/\/www.parkgest.ch\/en\/wp-json\/wp\/v2\/tags?post=3302"}],"curies":[{"name":"wp","href":"https:\/\/api.w.org\/{rel}","templated":true}]}}