{"id":1597,"date":"2014-11-19T06:12:07","date_gmt":"2014-11-19T05:12:07","guid":{"rendered":"http:\/\/www.parkgest.ch\/?page_id=1597"},"modified":"2022-08-30T11:47:39","modified_gmt":"2022-08-30T10:47:39","slug":"trade-associations","status":"publish","type":"page","link":"https:\/\/www.parkgest.ch\/en\/parkgest\/trade-associations\/","title":{"rendered":"Trade associations"},"content":{"rendered":"<p>The PARKGEST Group is a member of the \u2018ParkingSwiss\u2019 umbrella organisation and also participates in events put on by the \u2018European Parking Association\u2019 (EPA) umbrella organisation.<br \/>\nThrough the Mont Blanc and Villereuse car parks the group is also one of the founding members of AParGE (an association whose aim is to represent the interests of the owners and operators of publicly accessible car parks in the canton of Geneva, especially in the context of cantonal mobility policies). AParGE, in turn, is a member of Gen\u00e8vemobilit\u00e9.<\/p>\n<p><a href=\"http:\/\/www.parkingswiss.ch\/\" target=\"_blank\" rel=\"noopener\"><img loading=\"lazy\" decoding=\"async\" class=\"alignnone size-medium wp-image-7842\" src=\"https:\/\/www.parkgest.ch\/wp-content\/uploads\/\/parkingswiss-125x41.png\" alt=\"\" width=\"125\" height=\"41\" srcset=\"https:\/\/www.parkgest.ch\/wp-content\/uploads\/parkingswiss-125x41.png 125w, https:\/\/www.parkgest.ch\/wp-content\/uploads\/parkingswiss.png 401w\" sizes=\"(max-width: 125px) 100vw, 125px\" \/><\/a><\/p>\n<p><img loading=\"lazy\" decoding=\"async\" class=\"alignnone size-medium wp-image-7850\" src=\"https:\/\/www.parkgest.ch\/wp-content\/uploads\/\/aparge-1-125x78.png\" alt=\"\" width=\"125\" height=\"78\" srcset=\"https:\/\/www.parkgest.ch\/wp-content\/uploads\/aparge-1-125x78.png 125w, https:\/\/www.parkgest.ch\/wp-content\/uploads\/aparge-1.png 212w\" sizes=\"(max-width: 125px) 100vw, 125px\" \/><\/p>\n","protected":false},"excerpt":{"rendered":"<p>The PARKGEST Group is a member of the \u2018ParkingSwiss\u2019 umbrella organisation and also participates in events put on by the \u2018European Parking Association\u2019 (EPA) umbrella organisation. Through the Mont Blanc and Villereuse car parks the group is also one of the founding members of AParGE (an association whose aim is to represent the interests of [&hellip;]<\/p>\n","protected":false},"author":5,"featured_media":0,"parent":1294,"menu_order":4,"comment_status":"closed","ping_status":"closed","template":"","meta":{"footnotes":""},"tags":[],"yoast_head":"<!-- This site is optimized with the Yoast SEO plugin v21.8 - https:\/\/yoast.com\/wordpress\/plugins\/seo\/ -->\n<title>Trade associations | Parkgest<\/title>\n<meta name=\"description\" content=\"The PARKGEST Group is a member of the \u2018ParkingSwiss\u2019 umbrella organisation and also participates in events put on by the \u2018European Parking Association\u2019 (EPA) umbrella organisation.\" \/>\n<meta name=\"robots\" content=\"index, follow, max-snippet:-1, max-image-preview:large, max-video-preview:-1\" \/>\n<link rel=\"canonical\" href=\"https:\/\/www.parkgest.ch\/en\/parkgest\/trade-associations\/\" \/>\n<meta property=\"og:locale\" content=\"en_US\" \/>\n<meta property=\"og:type\" content=\"article\" \/>\n<meta property=\"og:title\" content=\"Trade associations | Parkgest\" \/>\n<meta property=\"og:description\" content=\"The PARKGEST Group is a member of the \u2018ParkingSwiss\u2019 umbrella organisation and also participates in events put on by the \u2018European Parking Association\u2019 (EPA) umbrella organisation.\" \/>\n<meta property=\"og:url\" content=\"https:\/\/www.parkgest.ch\/en\/parkgest\/trade-associations\/\" \/>\n<meta property=\"og:site_name\" content=\"Parkgest\" \/>\n<meta property=\"article:modified_time\" content=\"2022-08-30T10:47:39+00:00\" \/>\n<meta property=\"og:image\" content=\"https:\/\/www.parkgest.ch\/wp-content\/uploads\/\/parkingswiss-125x41.png\" \/>\n<meta name=\"twitter:label1\" content=\"Est. reading time\" \/>\n\t<meta name=\"twitter:data1\" content=\"1 minute\" \/>\n<script type=\"application\/ld+json\" class=\"yoast-schema-graph\">{\"@context\":\"https:\/\/schema.org\",\"@graph\":[{\"@type\":\"WebPage\",\"@id\":\"https:\/\/www.parkgest.ch\/en\/parkgest\/trade-associations\/\",\"url\":\"https:\/\/www.parkgest.ch\/en\/parkgest\/trade-associations\/\",\"name\":\"Trade associations | Parkgest\",\"isPartOf\":{\"@id\":\"https:\/\/www.parkgest.ch\/#website\"},\"datePublished\":\"2014-11-19T05:12:07+00:00\",\"dateModified\":\"2022-08-30T10:47:39+00:00\",\"description\":\"The PARKGEST Group is a member of the \u2018ParkingSwiss\u2019 umbrella organisation and also participates in events put on by the \u2018European Parking Association\u2019 (EPA) umbrella organisation.\",\"breadcrumb\":{\"@id\":\"https:\/\/www.parkgest.ch\/en\/parkgest\/trade-associations\/#breadcrumb\"},\"inLanguage\":\"en-US\",\"potentialAction\":[{\"@type\":\"ReadAction\",\"target\":[\"https:\/\/www.parkgest.ch\/en\/parkgest\/trade-associations\/\"]}]},{\"@type\":\"BreadcrumbList\",\"@id\":\"https:\/\/www.parkgest.ch\/en\/parkgest\/trade-associations\/#breadcrumb\",\"itemListElement\":[{\"@type\":\"ListItem\",\"position\":1,\"name\":\"Accueil\",\"item\":\"https:\/\/www.parkgest.ch\/en\/\"},{\"@type\":\"ListItem\",\"position\":2,\"name\":\"Parkgest\",\"item\":\"https:\/\/www.parkgest.ch\/en\/parkgest\/\"},{\"@type\":\"ListItem\",\"position\":3,\"name\":\"Trade associations\"}]},{\"@type\":\"WebSite\",\"@id\":\"https:\/\/www.parkgest.ch\/#website\",\"url\":\"https:\/\/www.parkgest.ch\/\",\"name\":\"Parkgest\",\"description\":\"R\u00e9seau de parkings \u00e0 Gen\u00e8ve et Suisse romande\",\"potentialAction\":[{\"@type\":\"SearchAction\",\"target\":{\"@type\":\"EntryPoint\",\"urlTemplate\":\"https:\/\/www.parkgest.ch\/?s={search_term_string}\"},\"query-input\":\"required name=search_term_string\"}],\"inLanguage\":\"en-US\"}]}<\/script>\n<!-- \/ Yoast SEO plugin. -->","yoast_head_json":{"title":"Trade associations | Parkgest","description":"The PARKGEST Group is a member of the \u2018ParkingSwiss\u2019 umbrella organisation and also participates in events put on by the \u2018European Parking Association\u2019 (EPA) umbrella organisation.","robots":{"index":"index","follow":"follow","max-snippet":"max-snippet:-1","max-image-preview":"max-image-preview:large","max-video-preview":"max-video-preview:-1"},"canonical":"https:\/\/www.parkgest.ch\/en\/parkgest\/trade-associations\/","og_locale":"en_US","og_type":"article","og_title":"Trade associations | Parkgest","og_description":"The PARKGEST Group is a member of the \u2018ParkingSwiss\u2019 umbrella organisation and also participates in events put on by the \u2018European Parking Association\u2019 (EPA) umbrella organisation.","og_url":"https:\/\/www.parkgest.ch\/en\/parkgest\/trade-associations\/","og_site_name":"Parkgest","article_modified_time":"2022-08-30T10:47:39+00:00","og_image":[{"url":"https:\/\/www.parkgest.ch\/wp-content\/uploads\/\/parkingswiss-125x41.png"}],"twitter_misc":{"Est. reading time":"1 minute"},"schema":{"@context":"https:\/\/schema.org","@graph":[{"@type":"WebPage","@id":"https:\/\/www.parkgest.ch\/en\/parkgest\/trade-associations\/","url":"https:\/\/www.parkgest.ch\/en\/parkgest\/trade-associations\/","name":"Trade associations | Parkgest","isPartOf":{"@id":"https:\/\/www.parkgest.ch\/#website"},"datePublished":"2014-11-19T05:12:07+00:00","dateModified":"2022-08-30T10:47:39+00:00","description":"The PARKGEST Group is a member of the \u2018ParkingSwiss\u2019 umbrella organisation and also participates in events put on by the \u2018European Parking Association\u2019 (EPA) umbrella organisation.","breadcrumb":{"@id":"https:\/\/www.parkgest.ch\/en\/parkgest\/trade-associations\/#breadcrumb"},"inLanguage":"en-US","potentialAction":[{"@type":"ReadAction","target":["https:\/\/www.parkgest.ch\/en\/parkgest\/trade-associations\/"]}]},{"@type":"BreadcrumbList","@id":"https:\/\/www.parkgest.ch\/en\/parkgest\/trade-associations\/#breadcrumb","itemListElement":[{"@type":"ListItem","position":1,"name":"Accueil","item":"https:\/\/www.parkgest.ch\/en\/"},{"@type":"ListItem","position":2,"name":"Parkgest","item":"https:\/\/www.parkgest.ch\/en\/parkgest\/"},{"@type":"ListItem","position":3,"name":"Trade associations"}]},{"@type":"WebSite","@id":"https:\/\/www.parkgest.ch\/#website","url":"https:\/\/www.parkgest.ch\/","name":"Parkgest","description":"R\u00e9seau de parkings \u00e0 Gen\u00e8ve et Suisse romande","potentialAction":[{"@type":"SearchAction","target":{"@type":"EntryPoint","urlTemplate":"https:\/\/www.parkgest.ch\/?s={search_term_string}"},"query-input":"required name=search_term_string"}],"inLanguage":"en-US"}]}},"_links":{"self":[{"href":"https:\/\/www.parkgest.ch\/en\/wp-json\/wp\/v2\/pages\/1597"}],"collection":[{"href":"https:\/\/www.parkgest.ch\/en\/wp-json\/wp\/v2\/pages"}],"about":[{"href":"https:\/\/www.parkgest.ch\/en\/wp-json\/wp\/v2\/types\/page"}],"author":[{"embeddable":true,"href":"https:\/\/www.parkgest.ch\/en\/wp-json\/wp\/v2\/users\/5"}],"replies":[{"embeddable":true,"href":"https:\/\/www.parkgest.ch\/en\/wp-json\/wp\/v2\/comments?post=1597"}],"version-history":[{"count":2,"href":"https:\/\/www.parkgest.ch\/en\/wp-json\/wp\/v2\/pages\/1597\/revisions"}],"predecessor-version":[{"id":8531,"href":"https:\/\/www.parkgest.ch\/en\/wp-json\/wp\/v2\/pages\/1597\/revisions\/8531"}],"up":[{"embeddable":true,"href":"https:\/\/www.parkgest.ch\/en\/wp-json\/wp\/v2\/pages\/1294"}],"wp:attachment":[{"href":"https:\/\/www.parkgest.ch\/en\/wp-json\/wp\/v2\/media?parent=1597"}],"wp:term":[{"taxonomy":"post_tag","embeddable":true,"href":"https:\/\/www.parkgest.ch\/en\/wp-json\/wp\/v2\/tags?post=1597"}],"curies":[{"name":"wp","href":"https:\/\/api.w.org\/{rel}","templated":true}]}}