{"id":1364,"date":"2013-12-08T23:10:43","date_gmt":"2013-12-08T22:10:43","guid":{"rendered":"http:\/\/www.parkgest.ch\/untitled-en-3\/"},"modified":"2025-09-10T07:58:14","modified_gmt":"2025-09-10T06:58:14","slug":"vandoeuvres-car-park","status":"publish","type":"page","link":"https:\/\/www.parkgest.ch\/en\/where-to-park\/vandoeuvres-car-park\/","title":{"rendered":"Vand\u0153uvres car park"},"content":{"rendered":"<div class=\"pkg-block pkg-block--bordered pkg-block-text\">\n<h2>Welcome to Vand\u0153uvres car park<\/h2>\n<p>Situated in the municipality of Vand\u0153uvres, the Vand\u0153uvres municipal car park was fully renovated and made secure in 2013. Its central location facilitates access to the shops and restaurants in the municipality. Genevan Public Transport line 33 and A runs nearby and serves the centre of Geneva.<\/p>\n<\/div>\n<div class=\"pkg-block pkg-block--bordered pkg-block-service\">\n<div class=\"service-item\">\n<div class=\"service-item__icon\"><img decoding=\"async\" class=\"img-fluid\" style=\"width:65px\" src=\"http:\/\/www.parkgest.ch\/wp-content\/themes\/parkgest\/v2\/images\/svg\/PKG_Sign-Limit-205.svg\" alt=\"\" \/><\/div>\n<p>Height 2.05 m<\/p>\n<\/div>\n<div class=\"service-item\">\n<div class=\"service-item__icon\"><img decoding=\"async\" class=\"img-fluid\" style=\"width:65px\" src=\"http:\/\/www.parkgest.ch\/wp-content\/themes\/parkgest\/v2\/images\/svg\/Sign-limit-10-web.svg\" alt=\"\" \/><\/div>\n<p>Speed limit<br \/>\nat 10 km\/h<\/p>\n<\/div>\n<div class=\"service-item\">\n<div class=\"service-item__icon\"><img decoding=\"async\" class=\"img-fluid\" src=\"http:\/\/www.parkgest.ch\/wp-content\/themes\/parkgest\/v2\/images\/svg\/PKG_Interutil.svg\" alt=\"\" style=\"width:65px\"\/><\/div>\n<p>Bicycles, scooters,<br \/>\nrollerblades and<br \/>\nskateboards prohibited<\/p>\n<\/div>\n<div class=\"service-item\">\n<div class=\"service-item__icon\"><img decoding=\"async\" class=\"img-fluid\" src=\"http:\/\/www.parkgest.ch\/wp-content\/themes\/parkgest\/v2\/images\/svg\/PKG_NoSmoking.svg\" alt=\"\"  style=\"width:65px\" \/><\/div>\n<p>Non-smoking<\/p>\n<\/div>\n<\/div>\n<h2>Services<\/h2>\n<div class=\"pkg-block pkg-block--bordered pkg-block-service\">\n<div class=\"service-item\">\n<div class=\"service-item__icon\"><img decoding=\"async\" class=\"img-fluid\" src=\"http:\/\/www.parkgest.ch\/wp-content\/themes\/parkgest\/v2\/images\/svg\/PKG_Open24.svg\" alt=\"\" \/><\/div>\n<p>Open 24\/7<\/p>\n<\/div>\n<div class=\"service-item\">\n<div class=\"service-item__icon\"><img decoding=\"async\" class=\"img-fluid\" src=\"http:\/\/www.parkgest.ch\/wp-content\/themes\/parkgest\/v2\/images\/svg\/PKG_Subscription-2.svg\" alt=\"\" \/><\/div>\n<p><a href=\"\/en\/permanent-access#vand\u0153uvres\"> Season ticket <br \/> application <\/a><\/p>\n<\/div>\n<\/div>\n<h2>Parking provided<\/h2>\n<div class=\"pkg-block pkg-block--bordered pkg-block-service\">\n<div class=\"service-item\">\n<div class=\"service-item__icon service-item__icon--popover\"><button data-toggle=\"popover\" data-text=\"Parking places equipped with electric recharging stations for every type of vehicle, except for motorbikes.\" data-placement=\"top\" data-link=\"https:\/\/www.parkgest.ch\/en\/electric-stations\/\" data-available=\"2\" data-location=\"-1\"><\/button><i class=\"icon-info-with-circle\"><\/i><img decoding=\"async\" class=\"img-fluid\" src=\"http:\/\/www.parkgest.ch\/wp-content\/themes\/parkgest\/v2\/images\/svg\/PKG_Electric-Car.svg\" alt=\"\" \/><\/div>\n<p>Recharging stations for electric vehicles<\/p>\n<\/div>\n<div class=\"service-item\">\n<div class=\"service-item__icon service-item__icon--popover\"><button data-toggle=\"popover\" data-text=\"Mobility offers vehicles and subscriptions for every situation.\" data-placement=\"top\" data-available=\"1 (electric charging)\" data-location=\"-1\"><\/button><i class=\"icon-info-with-circle\"><\/i><img decoding=\"async\" class=\"img-fluid\" src=\"http:\/\/www.parkgest.ch\/wp-content\/themes\/parkgest\/v2\/images\/svg\/PKG_Mobility.svg\" alt=\"\" \/><\/div>\n<p>Spaces for \u201cMobility\u201d car-share<\/p>\n<\/div>\n<div class=\"service-item\">\n<div class=\"service-item__icon service-item__icon--popover\"><button data-toggle=\"popover\" data-text=\"Parking places close to the entrances for people with reduced mobility, equipped with special video surveillance systems.\" data-placement=\"top\" data-link=\"https:\/\/www.parkgest.ch\/en\/spaces-for-physically-handicapped-people\/\" data-available=\"2\" data-location=\"-1\"><\/button><i class=\"icon-info-with-circle\"><\/i><img decoding=\"async\" class=\"img-fluid\" src=\"http:\/\/www.parkgest.ch\/wp-content\/themes\/parkgest\/v2\/images\/svg\/PKG_wheel-chair.svg\" alt=\"\" \/><\/div>\n<p>Disabled parking spaces<\/p>\n<\/div>\n<div class=\"service-item\">\n<div class=\"service-item__icon service-item__icon--popover\"><button data-toggle=\"popover\" data-text=\"\" data-placement=\"top\" data-available=\"18\" data-location=\"\"><\/button><i class=\"icon-info-with-circle\"><\/i><img decoding=\"async\" class=\"img-fluid\" style=\"width: 82%;\" src=\"http:\/\/www.parkgest.ch\/wp-content\/themes\/parkgest\/v2\/images\/svg\/PKG_reserve.svg\" alt=\"\" \/><\/div>\n<p>Reserved spaces<\/p>\n<\/div>\n<\/div>\n<div class=\"pkg-block pkg-block--bordered pkg-block-service\">\n<div class=\"service-item\">\n<div class=\"service-item__icon service-item__icon--popover\"><button data-toggle=\"popover\" data-text=\"\" data-link=\"\" data-placement=\"top\" data-available=\"25\" data-location=\"-1\"><\/button><i class=\"icon-info-with-circle\"><\/i><img decoding=\"async\" class=\"img-fluid\" src=\"http:\/\/www.parkgest.ch\/wp-content\/themes\/parkgest\/v2\/images\/svg\/PKG_Bike.svg\" alt=\"\" \/><\/div>\n<p>Spaces for motorised two-wheelers<\/p>\n<\/div>\n<\/div>\n<h2>Amenities<\/h2>\n<div class=\"pkg-block pkg-block--bordered pkg-block-service\">\n<div class=\"service-item\">\n<div class=\"service-item__icon\"><img decoding=\"async\" class=\"img-fluid\" src=\"http:\/\/www.parkgest.ch\/wp-content\/themes\/parkgest\/v2\/images\/svg\/PKG_Free-2h.svg\" alt=\"\" \/><\/div>\n<p>First two hours free<\/p>\n<\/div>\n<div class=\"service-item\">\n<div class=\"service-item__icon\"><img decoding=\"async\" class=\"img-fluid\" src=\"http:\/\/www.parkgest.ch\/wp-content\/themes\/parkgest\/v2\/images\/svg\/PKG_Elevator.svg\" alt=\"\" \/><\/div>\n<p>Lift<\/p>\n<\/div>\n<\/div>\n<h2>Security<\/h2>\n<div class=\"pkg-block pkg-block--bordered pkg-block-service\">\n<div class=\"service-item\">\n<div class=\"service-item__icon\"><img decoding=\"async\" class=\"img-fluid\" src=\"http:\/\/www.parkgest.ch\/wp-content\/themes\/parkgest\/v2\/images\/svg\/PKG_Camera.svg\" alt=\"\" \/><\/div>\n<p>Video-surveillance<\/p>\n<\/div>\n<div class=\"service-item\">\n<div class=\"service-item__icon\"><img decoding=\"async\" class=\"img-fluid\" style=\"width: 50px;\" src=\"https:\/\/www.parkgest.ch\/wp-content\/themes\/parkgest\/v2\/images\/svg\/pkg-icon-rideau.svg\" alt=\"\" data-src=\"https:\/\/www.parkgest.ch\/wp-content\/themes\/parkgest\/v2\/images\/svg\/pkg-icon-rideau.svg\" \/><\/div>\n<p>Lockable automated gate<\/p>\n<\/div>\n<div class=\"service-item\">\n<div class=\"service-item__icon\"><img decoding=\"async\" class=\"img-fluid\" style=\"width: 50px;\" src=\"https:\/\/www.parkgest.ch\/wp-content\/themes\/parkgest\/v2\/images\/svg\/PKG_digicode.svg\" alt=\"\" >\n<\/div>\n<p>Accessby digital code\n<\/p><\/div>\n<\/div>\n<h2>Methods of payment<\/h2>\n<div class=\"pkg-block pkg-block--bordered pkg-block-service pkg-block-service-payment\">\n<div class=\"service-item\">\n<div class=\"service-item__icon\"><img decoding=\"async\" class=\"img-fluid\" src=\"http:\/\/www.parkgest.ch\/wp-content\/themes\/parkgest\/v2\/images\/svg\/PKG_Creditcard.svg\" alt=\"\" \/><\/div>\n<p>Cards<\/p>\n<\/div>\n<div class=\"service-item\">\n<div class=\"service-item__icon\"><img decoding=\"async\" class=\"img-fluid\" style=\"\" src=\"http:\/\/www.parkgest.ch\/wp-content\/themes\/parkgest\/v2\/images\/svg\/PKG_Swissfrancs.svg\" alt=\"\" \/><\/div>\n<p>Swiss franc notes and coins<\/p>\n<\/div>\n<div class=\"service-item\">\n<div class=\"service-item__icon\"><img decoding=\"async\" class=\"img-fluid\" style=\"\" src=\"http:\/\/www.parkgest.ch\/wp-content\/themes\/parkgest\/v2\/images\/svg\/PKG_Euro.svg\" alt=\"\" \/><\/div>\n<p>Euro notes<\/p>\n<\/div>\n<\/div>\n<div class=\"pkg-block pkg-block-text\">\n<h2>Restrictions<\/h2>\n<p>The Vand\u0153uvres car park is a private, non-smoking space, intended solely for paid parking by the hour for light motor vehicles (max. 3.5T), in good operating condition, powered by electricity, petrol or diesel oil, with a maximum height, including any additions (e.g. roof box, bicycles, aerials), not exceeding 2.05 meters. Motorized vehicles with 2, 3 or 4 wheels, including roadsters and quads are authorized.<\/p>\n<p>The following are strictly prohibited:<\/p>\n<ul>\n<li>Vehicles powered by fuel other than petrol or diesel oil, particularly liquefied petroleum gas (LPG), natural gas, butane gas or hydrogen<\/li>\n<li>All kinds of trailers, including caravans (unless specifically authorized)<\/li>\n<li>Scooters, roller skates and skateboards.<\/li>\n<\/ul>\n<h3 class=\"toggle\"><strong><a href=\"#\">Hourly access charges<\/a><\/strong><\/h3><div class=\"toggle-box\" style=\"display: none;\"><p>\n<p><strong>DAY-TIME HOURLY ACCESS FROM 07:00 am TO 9:00 pm<\/strong><\/p>\n<div class=\"table-responsive\"><table  style=\"width:550px; \"  class=\"easy-table easy-table-default \" border=\"0\">\n<thead>\r\n<tr><th  style=\"width:250px;text-align:left\" >Time<\/th>\n<th  style=\"width:200px;text-align:left\" ><\/th>\n<th  style=\"width:50px;text-align:left\" >Price<\/th>\n<th  style=\"width:50px;text-align:right\" ><\/th>\n<\/tr>\n<\/thead>\n<tbody>\r\n<tr><td  style=\"text-align:left\" >From 00 to\u00a060 minutes<\/td>\n<td  style=\"text-align:left\" ><\/td>\n<td  style=\"text-align:left\" ><\/td>\n<td  style=\"text-align:right\" >free<\/td>\n<\/tr>\n\r\n<tr><td  style=\"text-align:left\" >From 60 to 120 minutes<\/td>\n<td  style=\"text-align:left\" > <\/td>\n<td  style=\"text-align:left\" ><\/td>\n<td  style=\"text-align:right\" >free<\/td>\n<\/tr>\n\r\n<tr><td  style=\"text-align:left\" >From\u00a0120 to\u00a0150 minutes<\/td>\n<td  style=\"text-align:left\" > <\/td>\n<td  style=\"text-align:left\" >CHF<\/td>\n<td  style=\"text-align:right\" >2<\/td>\n<\/tr>\n\r\n<tr><td  style=\"text-align:left\" >From150 to\u00a0210 minutes<\/td>\n<td  style=\"text-align:left\" > <\/td>\n<td  style=\"text-align:left\" >CHF <\/td>\n<td  style=\"text-align:right\" >3<\/td>\n<\/tr>\n\r\n<tr><td  style=\"text-align:left\" >From\u00a0210 to\u00a0270 minutes<\/td>\n<td  style=\"text-align:left\" > <\/td>\n<td  style=\"text-align:left\" >CHF <\/td>\n<td  style=\"text-align:right\" >4<\/td>\n<\/tr>\n\r\n<tr><td  style=\"text-align:left\" >From\u00a0270 to\u00a0330 minutes<\/td>\n<td  style=\"text-align:left\" > <\/td>\n<td  style=\"text-align:left\" >CHF <\/td>\n<td  style=\"text-align:right\" >5<\/td>\n<\/tr>\n\r\n<tr><td  style=\"text-align:left\" >From\u00a0330 to\u00a0390 minutes<\/td>\n<td  style=\"text-align:left\" > <\/td>\n<td  style=\"text-align:left\" >CHF <\/td>\n<td  style=\"text-align:right\" >6<\/td>\n<\/tr>\n\r\n<tr><td  style=\"text-align:left\" >From\u00a0390\u00a0to 450 minutes<\/td>\n<td  style=\"text-align:left\" > <\/td>\n<td  style=\"text-align:left\" >CHF <\/td>\n<td  style=\"text-align:right\" >7<\/td>\n<\/tr>\n\r\n<tr><td  style=\"text-align:left\" >From\u00a0450 to\u00a0510 minutes<\/td>\n<td  style=\"text-align:left\" > <\/td>\n<td  style=\"text-align:left\" >CHF <\/td>\n<td  style=\"text-align:right\" >8<\/td>\n<\/tr>\n\r\n<tr><td  style=\"text-align:left\" >From\u00a0510 to\u00a0570 minutes<\/td>\n<td  style=\"text-align:left\" > <\/td>\n<td  style=\"text-align:left\" >CHF <\/td>\n<td  style=\"text-align:right\" >9<\/td>\n<\/tr>\n\r\n<tr><td  style=\"text-align:left\" >From\u00a0570 to\u00a0630 minutes<\/td>\n<td  style=\"text-align:left\" > <\/td>\n<td  style=\"text-align:left\" >CHF <\/td>\n<td  style=\"text-align:right\" >10<\/td>\n<\/tr>\n\r\n<tr><td  style=\"text-align:left\" >From\u00a0630 to\u00a0690 minutes<\/td>\n<td  style=\"text-align:left\" > <\/td>\n<td  style=\"text-align:left\" >CHF <\/td>\n<td  style=\"text-align:right\" >11<\/td>\n<\/tr>\n\r\n<tr><td  style=\"text-align:left\" >From\u00a0690 to\u00a0720 minutes<\/td>\n<td  style=\"text-align:left\" > <\/td>\n<td  style=\"text-align:left\" > CHF <\/td>\n<td  style=\"text-align:right\" >12<\/td>\n<\/tr>\n<\/tbody><\/table><\/div>\n<p><strong>NIGHT-TIME HOURLY ACCESS FROM 9:00 pm TO 07:00 am <\/strong><\/p>\n<div class=\"table-responsive\"><table  style=\"width:550px; \"  class=\"easy-table easy-table-default \" border=\"0\">\n<thead>\r\n<tr><th  style=\"width:250px;text-align:left\" ><\/th>\n<th  style=\"width:200px;text-align:left\" ><\/th>\n<th  style=\"width:50px;text-align:left\" ><\/th>\n<th  style=\"width:50px;text-align:right\" ><\/th>\n<\/tr>\n<\/thead>\n<tbody>\r\n<tr><td  style=\"text-align:left\" >From 00 to 120 minutes<\/td>\n<td  style=\"text-align:left\" ><\/td>\n<td  style=\"text-align:left\" ><\/td>\n<td  style=\"text-align:right\" > free<\/td>\n<\/tr>\n\r\n<tr><td  style=\"text-align:left\" >Subsequent hours<\/td>\n<td  style=\"text-align:left\" > per hour<\/td>\n<td  style=\"text-align:left\" > CHF<\/td>\n<td  style=\"text-align:right\" > 0.50<\/td>\n<\/tr>\n\r\n<tr><td  style=\"text-align:left\" >Lost hourly ticket\u00a0\u00a0<\/td>\n<td  style=\"text-align:left\" ><\/td>\n<td  style=\"text-align:left\" >CHF<\/td>\n<td  style=\"text-align:right\" >10<\/td>\n<\/tr>\n<\/tbody><\/table><\/div>\n<p>ALL OUR CHARGES APPLY PER VEHICLE AND INCLUDE TAX<\/p>\n<\/p><\/div>\n<h3 class=\"toggle\"><strong><a href=\"#\">Permanent access charges<\/a><\/strong><\/h3><div class=\"toggle-box\" style=\"display: none;\"><p>\n<div class=\"table-responsive\"><table  style=\"width:550px; \"  class=\"easy-table easy-table-default \" border=\"0\">\n<thead>\r\n<tr><th  style=\"width:450px;text-align:left\" ><\/th>\n<th  style=\"width:50px;text-align:left\" ><\/th>\n<th  style=\"width:50px;text-align:right\" ><strong>Monthly<\/strong><\/th>\n<\/tr>\n<\/thead>\n<tbody>\r\n<tr><td  style=\"text-align:left\" >Reserved spaces 24-hour* <\/td>\n<td  style=\"text-align:left\" >CHF<\/td>\n<td  style=\"text-align:right\" > 210<\/td>\n<\/tr>\n\r\n<tr><td  style=\"text-align:left\" >Reserved spaces 24-hour* for residents or users** of the municipality<\/td>\n<td  style=\"text-align:left\" >CHF<\/td>\n<td  style=\"text-align:right\" > 190<\/td>\n<\/tr>\n\r\n<tr><td  style=\"text-align:left\" >24-hour<\/td>\n<td  style=\"text-align:left\" >CHF<\/td>\n<td  style=\"text-align:right\" > 190<\/td>\n<\/tr>\n\r\n<tr><td  style=\"text-align:left\" >24-hour residents or users** of the municipality <\/td>\n<td  style=\"text-align:left\" >CHF<\/td>\n<td  style=\"text-align:right\" > 170<\/td>\n<\/tr>\n\r\n<tr><td  style=\"text-align:left\" >270 hours for users** of the municipality<\/td>\n<td  style=\"text-align:left\" > CHF<\/td>\n<td  style=\"text-align:right\" >120<\/td>\n<\/tr>\n\r\n<tr><td  style=\"text-align:left\" >24-hour for two-wheel vehicles<\/td>\n<td  style=\"text-align:left\" >CHF<\/td>\n<td  style=\"text-align:right\" >30<\/td>\n<\/tr>\n\r\n<tr><td  style=\"text-align:left\" >Lost card replacement<\/td>\n<td  style=\"text-align:left\" >CHF<\/td>\n<td  style=\"text-align:right\" >30<\/td>\n<\/tr>\n<\/tbody><\/table><\/div>\n<p>ALL OUR CHARGES APPLY PER VEHICLE AND INCLUDE TAX<\/p>\n<p>* including Saturday, Sunday and public holidays<br \/>\n** people working in the municipality<\/p>\n<\/p><\/div>\n<h3><strong><a style=\"background: url('http:\/\/www.parkgest.ch\/wp-content\/themes\/parkgest\/img\/sidebar_li.gif') no-repeat 0 0; background-position: 0 center; padding-left: 23px; text-decoration: none;\" href=\"https:\/\/www.parkgest.ch\/en\/permanent-access\/#vand\u0153uvres\">Season ticket application<\/a><\/strong><\/h3>\n<h3><strong><a style=\"background: url('http:\/\/www.parkgest.ch\/wp-content\/themes\/parkgest\/img\/sidebar_li.gif') no-repeat 0 0; background-position: 0 center; padding-left: 23px; text-decoration: none;\" href=\"https:\/\/www.parkgest.ch\/en\/termination-request\/#vand\u0153uvres\">Termination request<\/a><\/strong><\/h3>\n<h3 class=\"toggle\"><strong><a href=\"#\">General conditions<\/a><\/strong><\/h3><div class=\"toggle-box\" style=\"display: none;\"><p>\n<iframe loading=\"lazy\" src=\"https:\/\/docs.google.com\/viewer?url=https:\/\/www.parkgest.ch\/wp-content\/uploads\/PVa_Conditions-generales_VF_202501-2.pdf&amp;embedded=true\" width=\"100%\" height=\"600\" frameborder=\"0\"><\/iframe><\/p>\n<p>If you cannot read properly the file <a href=\"https:\/\/www.parkgest.ch\/wp-content\/uploads\/PVa_Conditions-generales_VF_202501-2.pdf\" target=\"_blank\" rel=\"noopener noreferrer\">click here<\/a><\/p>\n<\/p><\/div>\n<p>Any parking request, in the form of driving a vehicle into the Vand\u0153uvres car park (known as the Car Park), implies acceptance of these general conditions, without any restrictions or reservations. Access to the Car Park by a pedestrian has the same effect.<\/p>\n<\/div>\n","protected":false},"excerpt":{"rendered":"<p>Welcome to Vand\u0153uvres car park Situated in the municipality of Vand\u0153uvres, the Vand\u0153uvres municipal car park was fully renovated and made secure in 2013. Its central location facilitates access to the shops and restaurants in the municipality. Genevan Public Transport line 33 and A runs nearby and serves the centre of Geneva. Height 2.05 m [&hellip;]<\/p>\n","protected":false},"author":5,"featured_media":10057,"parent":1282,"menu_order":12,"comment_status":"closed","ping_status":"closed","template":"parkingpage.php","meta":{"footnotes":""},"tags":[],"yoast_head":"<!-- This site is optimized with the Yoast SEO plugin v21.8 - https:\/\/yoast.com\/wordpress\/plugins\/seo\/ -->\n<title>Vand\u0153uvres car park | Parkgest<\/title>\n<meta name=\"description\" content=\"Situated in the municipality of Vandoeuvres, the Vandoeuvres municipal car park was fully renovated and made secure in 2013.\" \/>\n<meta name=\"robots\" content=\"index, follow, max-snippet:-1, max-image-preview:large, max-video-preview:-1\" \/>\n<link rel=\"canonical\" href=\"https:\/\/www.parkgest.ch\/en\/where-to-park\/vandoeuvres-car-park\/\" \/>\n<meta property=\"og:locale\" content=\"en_US\" \/>\n<meta property=\"og:type\" content=\"article\" \/>\n<meta property=\"og:title\" content=\"Vand\u0153uvres car park | Parkgest\" \/>\n<meta property=\"og:description\" content=\"Situated in the municipality of Vandoeuvres, the Vandoeuvres municipal car park was fully renovated and made secure in 2013.\" \/>\n<meta property=\"og:url\" content=\"https:\/\/www.parkgest.ch\/en\/where-to-park\/vandoeuvres-car-park\/\" \/>\n<meta property=\"og:site_name\" content=\"Parkgest\" \/>\n<meta property=\"article:modified_time\" content=\"2025-09-10T06:58:14+00:00\" \/>\n<meta property=\"og:image\" content=\"https:\/\/www.parkgest.ch\/wp-content\/uploads\/parking-vandoeuvres-1.jpg\" \/>\n\t<meta property=\"og:image:width\" content=\"2400\" \/>\n\t<meta property=\"og:image:height\" content=\"1597\" \/>\n\t<meta property=\"og:image:type\" content=\"image\/jpeg\" \/>\n<meta name=\"twitter:label1\" content=\"Est. reading time\" \/>\n\t<meta name=\"twitter:data1\" content=\"7 minutes\" \/>\n<script type=\"application\/ld+json\" class=\"yoast-schema-graph\">{\"@context\":\"https:\/\/schema.org\",\"@graph\":[{\"@type\":\"WebPage\",\"@id\":\"https:\/\/www.parkgest.ch\/en\/where-to-park\/vandoeuvres-car-park\/\",\"url\":\"https:\/\/www.parkgest.ch\/en\/where-to-park\/vandoeuvres-car-park\/\",\"name\":\"Vand\u0153uvres car park | Parkgest\",\"isPartOf\":{\"@id\":\"https:\/\/www.parkgest.ch\/#website\"},\"datePublished\":\"2013-12-08T22:10:43+00:00\",\"dateModified\":\"2025-09-10T06:58:14+00:00\",\"description\":\"Situated in the municipality of Vandoeuvres, the Vandoeuvres municipal car park was fully renovated and made secure in 2013.\",\"breadcrumb\":{\"@id\":\"https:\/\/www.parkgest.ch\/en\/where-to-park\/vandoeuvres-car-park\/#breadcrumb\"},\"inLanguage\":\"en-US\",\"potentialAction\":[{\"@type\":\"ReadAction\",\"target\":[\"https:\/\/www.parkgest.ch\/en\/where-to-park\/vandoeuvres-car-park\/\"]}]},{\"@type\":\"BreadcrumbList\",\"@id\":\"https:\/\/www.parkgest.ch\/en\/where-to-park\/vandoeuvres-car-park\/#breadcrumb\",\"itemListElement\":[{\"@type\":\"ListItem\",\"position\":1,\"name\":\"Accueil\",\"item\":\"https:\/\/www.parkgest.ch\/en\/\"},{\"@type\":\"ListItem\",\"position\":2,\"name\":\"Where shall I park?\",\"item\":\"https:\/\/www.parkgest.ch\/en\/where-to-park\/\"},{\"@type\":\"ListItem\",\"position\":3,\"name\":\"Vand\u0153uvres car park\"}]},{\"@type\":\"WebSite\",\"@id\":\"https:\/\/www.parkgest.ch\/#website\",\"url\":\"https:\/\/www.parkgest.ch\/\",\"name\":\"Parkgest\",\"description\":\"R\u00e9seau de parkings \u00e0 Gen\u00e8ve et Suisse romande\",\"potentialAction\":[{\"@type\":\"SearchAction\",\"target\":{\"@type\":\"EntryPoint\",\"urlTemplate\":\"https:\/\/www.parkgest.ch\/?s={search_term_string}\"},\"query-input\":\"required name=search_term_string\"}],\"inLanguage\":\"en-US\"}]}<\/script>\n<!-- \/ Yoast SEO plugin. -->","yoast_head_json":{"title":"Vand\u0153uvres car park | Parkgest","description":"Situated in the municipality of Vandoeuvres, the Vandoeuvres municipal car park was fully renovated and made secure in 2013.","robots":{"index":"index","follow":"follow","max-snippet":"max-snippet:-1","max-image-preview":"max-image-preview:large","max-video-preview":"max-video-preview:-1"},"canonical":"https:\/\/www.parkgest.ch\/en\/where-to-park\/vandoeuvres-car-park\/","og_locale":"en_US","og_type":"article","og_title":"Vand\u0153uvres car park | Parkgest","og_description":"Situated in the municipality of Vandoeuvres, the Vandoeuvres municipal car park was fully renovated and made secure in 2013.","og_url":"https:\/\/www.parkgest.ch\/en\/where-to-park\/vandoeuvres-car-park\/","og_site_name":"Parkgest","article_modified_time":"2025-09-10T06:58:14+00:00","og_image":[{"width":2400,"height":1597,"url":"https:\/\/www.parkgest.ch\/wp-content\/uploads\/parking-vandoeuvres-1.jpg","type":"image\/jpeg"}],"twitter_misc":{"Est. reading time":"7 minutes"},"schema":{"@context":"https:\/\/schema.org","@graph":[{"@type":"WebPage","@id":"https:\/\/www.parkgest.ch\/en\/where-to-park\/vandoeuvres-car-park\/","url":"https:\/\/www.parkgest.ch\/en\/where-to-park\/vandoeuvres-car-park\/","name":"Vand\u0153uvres car park | Parkgest","isPartOf":{"@id":"https:\/\/www.parkgest.ch\/#website"},"datePublished":"2013-12-08T22:10:43+00:00","dateModified":"2025-09-10T06:58:14+00:00","description":"Situated in the municipality of Vandoeuvres, the Vandoeuvres municipal car park was fully renovated and made secure in 2013.","breadcrumb":{"@id":"https:\/\/www.parkgest.ch\/en\/where-to-park\/vandoeuvres-car-park\/#breadcrumb"},"inLanguage":"en-US","potentialAction":[{"@type":"ReadAction","target":["https:\/\/www.parkgest.ch\/en\/where-to-park\/vandoeuvres-car-park\/"]}]},{"@type":"BreadcrumbList","@id":"https:\/\/www.parkgest.ch\/en\/where-to-park\/vandoeuvres-car-park\/#breadcrumb","itemListElement":[{"@type":"ListItem","position":1,"name":"Accueil","item":"https:\/\/www.parkgest.ch\/en\/"},{"@type":"ListItem","position":2,"name":"Where shall I park?","item":"https:\/\/www.parkgest.ch\/en\/where-to-park\/"},{"@type":"ListItem","position":3,"name":"Vand\u0153uvres car park"}]},{"@type":"WebSite","@id":"https:\/\/www.parkgest.ch\/#website","url":"https:\/\/www.parkgest.ch\/","name":"Parkgest","description":"R\u00e9seau de parkings \u00e0 Gen\u00e8ve et Suisse romande","potentialAction":[{"@type":"SearchAction","target":{"@type":"EntryPoint","urlTemplate":"https:\/\/www.parkgest.ch\/?s={search_term_string}"},"query-input":"required name=search_term_string"}],"inLanguage":"en-US"}]}},"_links":{"self":[{"href":"https:\/\/www.parkgest.ch\/en\/wp-json\/wp\/v2\/pages\/1364"}],"collection":[{"href":"https:\/\/www.parkgest.ch\/en\/wp-json\/wp\/v2\/pages"}],"about":[{"href":"https:\/\/www.parkgest.ch\/en\/wp-json\/wp\/v2\/types\/page"}],"author":[{"embeddable":true,"href":"https:\/\/www.parkgest.ch\/en\/wp-json\/wp\/v2\/users\/5"}],"replies":[{"embeddable":true,"href":"https:\/\/www.parkgest.ch\/en\/wp-json\/wp\/v2\/comments?post=1364"}],"version-history":[{"count":34,"href":"https:\/\/www.parkgest.ch\/en\/wp-json\/wp\/v2\/pages\/1364\/revisions"}],"predecessor-version":[{"id":11047,"href":"https:\/\/www.parkgest.ch\/en\/wp-json\/wp\/v2\/pages\/1364\/revisions\/11047"}],"up":[{"embeddable":true,"href":"https:\/\/www.parkgest.ch\/en\/wp-json\/wp\/v2\/pages\/1282"}],"wp:featuredmedia":[{"embeddable":true,"href":"https:\/\/www.parkgest.ch\/en\/wp-json\/wp\/v2\/media\/10057"}],"wp:attachment":[{"href":"https:\/\/www.parkgest.ch\/en\/wp-json\/wp\/v2\/media?parent=1364"}],"wp:term":[{"taxonomy":"post_tag","embeddable":true,"href":"https:\/\/www.parkgest.ch\/en\/wp-json\/wp\/v2\/tags?post=1364"}],"curies":[{"name":"wp","href":"https:\/\/api.w.org\/{rel}","templated":true}]}}