{"id":1361,"date":"2013-12-07T10:39:55","date_gmt":"2013-12-07T09:39:55","guid":{"rendered":"http:\/\/www.parkgest.ch\/du-chat-parking-lot\/"},"modified":"2025-09-10T07:28:17","modified_gmt":"2025-09-10T06:28:17","slug":"du-chat-parking-lot","status":"publish","type":"page","link":"https:\/\/www.parkgest.ch\/en\/where-to-park\/du-chat-parking-lot\/","title":{"rendered":"Chat car park"},"content":{"rendered":"<div class=\"pkg-block pkg-block--bordered pkg-block-text\">\n<h2>Welcome to Chat car park<\/h2>\n<p>Situated in the Genevan countryside, at the centre of the village of Meinier, the Chat car park was opened in 2012, with the opening of the first inter-generational centre in French-speaking Switzerland. Genevan Public Transport line A runs nearby and serves the centre of Geneva.<\/p>\n<\/div>\n<div class=\"pkg-block pkg-block--bordered pkg-block-service\">\n<div class=\"service-item\">\n<div class=\"service-item__icon\"><img decoding=\"async\" class=\"img-fluid\" style=\"width:65px\" src=\"http:\/\/www.parkgest.ch\/wp-content\/themes\/parkgest\/v2\/images\/svg\/PKG_Sign-Limit-210.svg\" alt=\"\" \/><\/div>\n<p>Height 2.10 m<\/p>\n<\/div>\n<div class=\"service-item\">\n<div class=\"service-item__icon\"><img decoding=\"async\" class=\"img-fluid\" style=\"width:65px\" src=\"http:\/\/www.parkgest.ch\/wp-content\/themes\/parkgest\/v2\/images\/svg\/Sign-limit-10-web.svg\" alt=\"\" \/><\/div>\n<p>Speed limit<br \/>\nat 10 km\/h<\/p>\n<\/div>\n<div class=\"service-item\">\n<div class=\"service-item__icon\"><img decoding=\"async\" class=\"img-fluid\" src=\"http:\/\/www.parkgest.ch\/wp-content\/themes\/parkgest\/v2\/images\/svg\/PKG_Interutil.svg\" alt=\"\" style=\"width:65px\"\/><\/div>\n<p>Bicycles, scooters,<br \/>\nrollerblades and<br \/>\nskateboards prohibited<\/p>\n<\/div>\n<div class=\"service-item\">\n<div class=\"service-item__icon\"><img decoding=\"async\" class=\"img-fluid\" src=\"http:\/\/www.parkgest.ch\/wp-content\/themes\/parkgest\/v2\/images\/svg\/PKG_NoSmoking.svg\" alt=\"\"  style=\"width:65px\" \/><\/div>\n<p>Non-smoking<\/p>\n<\/div>\n<\/div>\n<h2>Services<\/h2>\n<div class=\"pkg-block pkg-block--bordered pkg-block-service\">\n<div class=\"service-item\">\n<div class=\"service-item__icon\"><img decoding=\"async\" class=\"img-fluid\" src=\"http:\/\/www.parkgest.ch\/wp-content\/themes\/parkgest\/v2\/images\/svg\/PKG_Open24.svg\" alt=\"\" \/><\/div>\n<p>Open 24\/7<\/p>\n<\/div>\n<div class=\"service-item\">\n<div class=\"service-item__icon\"><img decoding=\"async\" class=\"img-fluid\" src=\"http:\/\/www.parkgest.ch\/wp-content\/themes\/parkgest\/v2\/images\/svg\/PKG_Subscription-2.svg\" alt=\"\" \/><\/div>\n<p><a href=\"\/en\/permanent-access#chat\"> Season ticket <br \/> application <\/a><\/p>\n<\/div>\n<\/div>\n<h2>Parking provided<\/h2>\n<div class=\"pkg-block pkg-block--bordered pkg-block-service\">\n<div class=\"service-item\">\n<div class=\"service-item__icon service-item__icon--popover\"><button data-toggle=\"popover\" data-text=\"Parking places equipped with electric recharging stations for every type of vehicle, except for motorbikes.\" data-link=\"https:\/\/www.parkgest.ch\/en\/electric-stations\/\" data-placement=\"top\" data-available=\"8\" data-location=\"-1\"><\/button><i class=\"icon-info-with-circle\"><\/i><img decoding=\"async\" class=\"img-fluid\" src=\"http:\/\/www.parkgest.ch\/wp-content\/themes\/parkgest\/v2\/images\/svg\/PKG_Electric-Car.svg\" alt=\"\" \/><\/div>\n<p>Recharging stations for electric vehicles<\/p>\n<\/div>\n<div class=\"service-item\">\n<div class=\"service-item__icon service-item__icon--popover\"><button data-toggle=\"popover\" data-text=\"Parking places for people with reduced mobility near the elevators.\" data-link=\"https:\/\/www.parkgest.ch\/en\/spaces-for-physically-handicapped-people\/\" data-placement=\"top\" data-available=\"3\" data-location=\"-1\"><\/button><i class=\"icon-info-with-circle\"><\/i><img decoding=\"async\" class=\"img-fluid\" src=\"http:\/\/www.parkgest.ch\/wp-content\/themes\/parkgest\/v2\/images\/svg\/PKG_wheel-chair.svg\" alt=\"\" \/><\/div>\n<p>Disabled parking spaces<\/p>\n<\/div>\n<div class=\"service-item\">\n<div class=\"service-item__icon service-item__icon--popover\"><button data-toggle=\"popover\" data-text=\"\" data-link=\"\" data-placement=\"top\" data-available=\"1\" data-location=\"-1\"><\/button><i class=\"icon-info-with-circle\"><\/i><img decoding=\"async\" class=\"img-fluid\" style=\"width: 82%;\" src=\"http:\/\/www.parkgest.ch\/wp-content\/themes\/parkgest\/v2\/images\/svg\/PKG_reserve.svg\" alt=\"\" \/><\/div>\n<p>Reserved spaces<\/p>\n<\/div>\n<div class=\"service-item\">\n<div class=\"service-item__icon service-item__icon--popover\"><button data-toggle=\"popover\" data-text=\"\" data-link=\"\" data-placement=\"top\" data-available=\"29\" data-location=\"-1\"><\/button><i class=\"icon-info-with-circle\"><\/i><img decoding=\"async\" class=\"img-fluid\" src=\"http:\/\/www.parkgest.ch\/wp-content\/themes\/parkgest\/v2\/images\/svg\/PKG_Bike.svg\" alt=\"\" \/><\/div>\n<p>Spaces for motorised two-wheelers<\/p>\n<\/div>\n<\/div>\n<h2>Amenities<\/h2>\n<div class=\"pkg-block pkg-block--bordered pkg-block-service\">\n<div class=\"service-item\">\n<div class=\"service-item__icon\"><img decoding=\"async\" class=\"img-fluid\" src=\"http:\/\/www.parkgest.ch\/wp-content\/themes\/parkgest\/v2\/images\/svg\/PKG_Free-3h.svg\" alt=\"\" \/><\/div>\n<p>First three hours free<\/p>\n<\/div>\n<div class=\"service-item\">\n<div class=\"service-item__icon\"><img decoding=\"async\" class=\"img-fluid\" src=\"http:\/\/www.parkgest.ch\/wp-content\/themes\/parkgest\/v2\/images\/svg\/PKG_Toilets-Assist.svg\" alt=\"\" \/><\/div>\n<p>Toilets for disabled people<\/p>\n<\/div>\n<div class=\"service-item\">\n<div class=\"service-item__icon\"><img decoding=\"async\" class=\"img-fluid\" src=\"http:\/\/www.parkgest.ch\/wp-content\/themes\/parkgest\/v2\/images\/svg\/PKG_Elevator.svg\" alt=\"\" \/><\/div>\n<p>Lift<\/p>\n<\/div>\n<div class=\"service-item\">\n<div class=\"service-item__icon\"><img decoding=\"async\" class=\"img-fluid\" src=\"http:\/\/www.parkgest.ch\/wp-content\/themes\/parkgest\/v2\/images\/svg\/PKG_Ticket-Machine-Assist.svg\" alt=\"\" \/><\/div>\n<p>Payment machine for disabled people<\/p>\n<\/div>\n<\/div>\n<h2>Security<\/h2>\n<div class=\"pkg-block pkg-block--bordered pkg-block-service\">\n<div class=\"service-item\">\n<div class=\"service-item__icon\"><img decoding=\"async\" class=\"img-fluid\" src=\"http:\/\/www.parkgest.ch\/wp-content\/themes\/parkgest\/v2\/images\/svg\/PKG_Camera.svg\" alt=\"\" \/><\/div>\n<p>Video-surveillance<\/p>\n<\/div>\n<\/div>\n<h2>Methods of payment<\/h2>\n<div class=\"pkg-block pkg-block--bordered pkg-block-service pkg-block-service-payment\">\n<div class=\"service-item\">\n<div class=\"service-item__icon\"><img decoding=\"async\" class=\"img-fluid\" src=\"http:\/\/www.parkgest.ch\/wp-content\/themes\/parkgest\/v2\/images\/svg\/PKG_Creditcard.svg\" alt=\"\" \/><\/div>\n<p>Cards<\/p>\n<\/div>\n<div class=\"service-item\">\n<div class=\"service-item__icon\"><img decoding=\"async\" class=\"img-fluid\" style=\"width: 50px;\" src=\"http:\/\/www.parkgest.ch\/wp-content\/themes\/parkgest\/v2\/images\/svg\/PKG_contactless payment.png\" alt=\"\" \/><\/div>\n<p>Contactless<\/p>\n<\/div>\n<div class=\"service-item\">\n<div class=\"service-item__icon\"><img decoding=\"async\" class=\"img-fluid\" style=\"\" src=\"http:\/\/www.parkgest.ch\/wp-content\/themes\/parkgest\/v2\/images\/svg\/PKG_Swissfrancs.svg\" alt=\"\" \/><\/div>\n<p>Swiss franc notes and coins<\/p>\n<\/div>\n<div class=\"service-item\">\n<div class=\"service-item__icon\"><img decoding=\"async\" class=\"img-fluid\" style=\"\" src=\"http:\/\/www.parkgest.ch\/wp-content\/themes\/parkgest\/v2\/images\/svg\/PKG_Euro.svg\" alt=\"\" \/><\/div>\n<p>Euro notes<\/p>\n<\/div>\n<\/div>\n<div class=\"pkg-block pkg-block-text\">\n<h2>Restrictions<\/h2>\n<p>The Chat car park is a private, non-smoking space, intended solely for paid parking by the hour for light motor vehicles (max. 3.5T), in good operating condition, powered by electricity, petrol or diesel oil, with a maximum height, including any additions (e.g. roof box, bicycles, aerials), not exceeding 2.10 meters. Motorized vehicles with 2, 3 or 4 wheels, including roadsters and quads are authorized.<\/p>\n<p>The following are strictly prohibited:<\/p>\n<ul>\n<li>Vehicles powered by fuel other than petrol or diesel oil, particularly liquefied petroleum gas (LPG), natural gas, butane gas or hydrogen<\/li>\n<li>All kinds of trailers, including caravans (unless specifically authorized)<\/li>\n<li>Scooters, roller skates and skateboards.<\/li>\n<\/ul>\n<h3 class=\"toggle\"><strong><a href=\"#\">Hourly access charges<\/a><\/strong><\/h3><div class=\"toggle-box\" style=\"display: none;\"><p>\n<p><strong>DAY-TIME HOURLY ACCESS FROM 07:00 TO 19:00<\/strong><\/p>\n<div class=\"table-responsive\"><table  style=\"width:550px; \"  class=\"easy-table easy-table-default \" border=\"0\">\n<thead>\r\n<tr><th  style=\"width:200px;text-align:left\" >Time<\/th>\n<th  style=\"width:200px;text-align:left\" >Hours<\/th>\n<th  style=\"width:25px;text-align:left\" ><\/th>\n<th  style=\"width:50px;text-align:right\" >Price for car<\/th>\n<th  style=\"width:25px;text-align:right\" ><\/th>\n<th  style=\"width:50px;text-align:right\" > Price for motorised two-wheelers<\/th>\n<\/tr>\n<\/thead>\n<tbody>\r\n<tr><td  style=\"text-align:left\" >From 00 to 180 minutes<\/td>\n<td  style=\"text-align:left\" >\u00a03 hours<\/td>\n<td  style=\"text-align:left\" ><\/td>\n<td  style=\"text-align:right\" >\u00a0free<\/td>\n<td  style=\"text-align:right\" ><\/td>\n<td  style=\"text-align:right\" >\u00a0free<\/td>\n<\/tr>\n\r\n<tr><td  style=\"text-align:left\" >From\u00a0180\u00a0to 240 minutes<\/td>\n<td  style=\"text-align:left\" ><\/td>\n<td  style=\"text-align:left\" > CHF <\/td>\n<td  style=\"text-align:right\" >1<\/td>\n<td  style=\"text-align:right\" ><\/td>\n<td  style=\"text-align:right\" >\u00a00.5<\/td>\n<\/tr>\n\r\n<tr><td  style=\"text-align:left\" >From\u00a0240 to\u00a0300 minutes<\/td>\n<td  style=\"text-align:left\" ><\/td>\n<td  style=\"text-align:left\" > CHF <\/td>\n<td  style=\"text-align:right\" >2<\/td>\n<td  style=\"text-align:right\" ><\/td>\n<td  style=\"text-align:right\" >\u00a01<\/td>\n<\/tr>\n\r\n<tr><td  style=\"text-align:left\" >From\u00a0300 to\u00a0360 minutes<\/td>\n<td  style=\"text-align:left\" > 6 hours<\/td>\n<td  style=\"text-align:left\" > CHF <\/td>\n<td  style=\"text-align:right\" >3<\/td>\n<td  style=\"text-align:right\" ><\/td>\n<td  style=\"text-align:right\" >\u00a01.5<\/td>\n<\/tr>\n\r\n<tr><td  style=\"text-align:left\" >From\u00a0360 to\u00a0420 minutes<\/td>\n<td  style=\"text-align:left\" ><\/td>\n<td  style=\"text-align:left\" > CHF <\/td>\n<td  style=\"text-align:right\" >4<\/td>\n<td  style=\"text-align:right\" ><\/td>\n<td  style=\"text-align:right\" >\u00a02<\/td>\n<\/tr>\n\r\n<tr><td  style=\"text-align:left\" >From\u00a0420 to\u00a0480 minutes<\/td>\n<td  style=\"text-align:left\" ><\/td>\n<td  style=\"text-align:left\" >CHF <\/td>\n<td  style=\"text-align:right\" >5<\/td>\n<td  style=\"text-align:right\" ><\/td>\n<td  style=\"text-align:right\" >\u00a02.5<\/td>\n<\/tr>\n\r\n<tr><td  style=\"text-align:left\" >From\u00a0480 to\u00a0540 minutes<\/td>\n<td  style=\"text-align:left\" > 9 hours<\/td>\n<td  style=\"text-align:left\" > CHF <\/td>\n<td  style=\"text-align:right\" >6<\/td>\n<td  style=\"text-align:right\" ><\/td>\n<td  style=\"text-align:right\" >\u00a03<\/td>\n<\/tr>\n\r\n<tr><td  style=\"text-align:left\" >From\u00a0540\u00a0to 600 minutes<\/td>\n<td  style=\"text-align:left\" ><\/td>\n<td  style=\"text-align:left\" > CHF <\/td>\n<td  style=\"text-align:right\" >7<\/td>\n<td  style=\"text-align:right\" ><\/td>\n<td  style=\"text-align:right\" >\u00a03.5<\/td>\n<\/tr>\n\r\n<tr><td  style=\"text-align:left\" >From600 to\u00a0660 minutes<\/td>\n<td  style=\"text-align:left\" ><\/td>\n<td  style=\"text-align:left\" > CHF <\/td>\n<td  style=\"text-align:right\" >8<\/td>\n<td  style=\"text-align:right\" ><\/td>\n<td  style=\"text-align:right\" >\u00a04<\/td>\n<\/tr>\n\r\n<tr><td  style=\"text-align:left\" >From\u00a0660 to\u00a0720 minutes<\/td>\n<td  style=\"text-align:left\" > 12 hours<\/td>\n<td  style=\"text-align:left\" > CHF <\/td>\n<td  style=\"text-align:right\" >9<\/td>\n<td  style=\"text-align:right\" ><\/td>\n<td  style=\"text-align:right\" >\u00a04.5<\/td>\n<\/tr>\n<\/tbody><\/table><\/div>\n<p><strong>NIGHT-TIME HOURLY ACCESS FROM 19:00 TO 07:00<\/strong><\/p>\n<div class=\"table-responsive\"><table  style=\"width:550px; \"  class=\"easy-table easy-table-default \" border=\"0\">\n<thead>\r\n<tr><th  style=\"width:200px;text-align:left\" ><\/th>\n<th  style=\"width:200px;text-align:left\" ><\/th>\n<th  style=\"width:25px;text-align:left\" ><\/th>\n<th  style=\"width:50px;text-align:right\" ><\/th>\n<th  style=\"width:25px;text-align:right\" ><\/th>\n<th  style=\"width:50px;text-align:right\" ><\/th>\n<\/tr>\n<\/thead>\n<tbody>\r\n<tr><td  style=\"text-align:left\" >From 00 to 180 minutes<\/td>\n<td  style=\"text-align:left\" >3 hours<\/td>\n<td  style=\"text-align:left\" ><\/td>\n<td  style=\"text-align:right\" ><\/td>\n<td  style=\"text-align:right\" ><\/td>\n<td  style=\"text-align:right\" > free<\/td>\n<\/tr>\n\r\n<tr><td  style=\"text-align:left\" >Subsequent hours<\/td>\n<td  style=\"text-align:left\" > per hour<\/td>\n<td  style=\"text-align:left\" > CHF<\/td>\n<td  style=\"text-align:right\" > 1<\/td>\n<td  style=\"text-align:right\" > CHF<\/td>\n<td  style=\"text-align:right\" > 0.5<\/td>\n<\/tr>\n\r\n<tr><td  style=\"text-align:left\" >Lost hourly ticket\u00a0<\/td>\n<td  style=\"text-align:left\" ><\/td>\n<td  style=\"text-align:left\" ><\/td>\n<td  style=\"text-align:right\" ><\/td>\n<td  style=\"text-align:right\" >CHF<\/td>\n<td  style=\"text-align:right\" > 10<\/td>\n<\/tr>\n<\/tbody><\/table><\/div>\n<p>ALL OUR CHARGES APPLY PER VEHICLE AND WITHOUT TAX<\/p>\n<\/p><\/div>\n<h3 class=\"toggle\"><strong><a href=\"#\">Permanent access charges<\/a><\/strong><\/h3><div class=\"toggle-box\" style=\"display: none;\"><p>\n<div class=\"table-responsive\"><table  style=\"width:550px; \"  class=\"easy-table easy-table-default \" border=\"0\">\n<thead>\r\n<tr><th  style=\"width:400px;text-align:left\" ><\/th>\n<th  style=\"width:50px;text-align:left\" ><\/th>\n<th  style=\"width:50px;text-align:left\" ><\/th>\n<th  style=\"width:50px;text-align:right\" ><strong>Monthly<\/strong><\/th>\n<\/tr>\n<\/thead>\n<tbody>\r\n<tr><td  style=\"text-align:left\" >24-hour<\/td>\n<td  style=\"text-align:left\" > <\/td>\n<td  style=\"text-align:left\" >CHF<\/td>\n<td  style=\"text-align:right\" >150<\/td>\n<\/tr>\n\r\n<tr><td  style=\"text-align:left\" >24-hour residents or users* of the municipality <\/td>\n<td  style=\"text-align:left\" > <\/td>\n<td  style=\"text-align:left\" >CHF<\/td>\n<td  style=\"text-align:right\" >150<\/td>\n<\/tr>\n\r\n<tr><td  style=\"text-align:left\" >2<sup>ND<\/sup>space**<\/td>\n<td  style=\"text-align:left\" ><\/td>\n<td  style=\"text-align:left\" >CHF<\/td>\n<td  style=\"text-align:right\" >100<\/td>\n<\/tr>\n\r\n<tr><td  style=\"text-align:left\" >24-hour motorised two-wheelers<\/td>\n<td  style=\"text-align:left\" ><\/td>\n<td  style=\"text-align:left\" > CHF<\/td>\n<td  style=\"text-align:right\" >30<\/td>\n<\/tr>\n\r\n<tr><td  style=\"text-align:left\" >Lost card replacement<\/td>\n<td  style=\"text-align:left\" ><\/td>\n<td  style=\"text-align:left\" >CHF<\/td>\n<td  style=\"text-align:right\" >30<\/td>\n<\/tr>\n<\/tbody><\/table><\/div>\n<p>To apply for a season ticket, please contact the R\u00e9gie du Centre leasing service at the following email address: <a href=\"mailto:location@regieducentre.ch\">location@regieducentre.ch<\/a> or by telephone on 022 319 65 55<\/p>\n<p>ALL OUR CHARGES APPLY PER VEHICLE AND WITHOUT TAX<\/p>\n<p>* poeple working in the municipality<br \/>\n** only for residents or users of the municipality<\/p>\n<\/p><\/div>\n<h3 class=\"toggle\"><strong><a href=\"#\">General conditions<\/a><\/strong><\/h3><div class=\"toggle-box\" style=\"display: none;\"><p>\n<iframe loading=\"lazy\" src=\"https:\/\/docs.google.com\/viewer?url=https:\/\/www.parkgest.ch\/wp-content\/uploads\/PCM_Conditions-generales_VF_202501-2.pdf&amp;embedded=true\" width=\"100%\" height=\"600\" frameborder=\"0\"><\/iframe><\/p>\n<p>If you cannot read properly this file <a href=\"https:\/\/www.parkgest.ch\/wp-content\/uploads\/PCM_Conditions-generales_VF_202501-2.pdf\" target=\"_blank\" rel=\"noopener noreferrer\">click here<\/a><\/p>\n<\/p><\/div>\n<p>Any parking request, in the form of driving a vehicle into the Chat car park, implies acceptance of these general conditions, without any restrictions or reservations. Access to the Car Park by a pedestrian has the same effect.<\/p>\n<\/div>\n","protected":false},"excerpt":{"rendered":"<p>Welcome to Chat car park Situated in the Genevan countryside, at the centre of the village of Meinier, the Chat car park was opened in 2012, with the opening of the first inter-generational centre in French-speaking Switzerland. Genevan Public Transport line A runs nearby and serves the centre of Geneva. Height 2.10 m Speed limit [&hellip;]<\/p>\n","protected":false},"author":5,"featured_media":490,"parent":1282,"menu_order":3,"comment_status":"closed","ping_status":"closed","template":"parkingpage.php","meta":{"footnotes":""},"tags":[],"yoast_head":"<!-- This site is optimized with the Yoast SEO plugin v21.8 - https:\/\/yoast.com\/wordpress\/plugins\/seo\/ -->\n<title>Chat car park | Parkgest<\/title>\n<meta name=\"description\" content=\"Situated in the Genevan countryside, at the centre of the village of Meinier, the Chat car park was opened in 2012.\" \/>\n<meta name=\"robots\" content=\"index, follow, max-snippet:-1, max-image-preview:large, max-video-preview:-1\" \/>\n<link rel=\"canonical\" href=\"https:\/\/www.parkgest.ch\/en\/where-to-park\/du-chat-parking-lot\/\" \/>\n<meta property=\"og:locale\" content=\"en_US\" \/>\n<meta property=\"og:type\" content=\"article\" \/>\n<meta property=\"og:title\" content=\"Chat car park | Parkgest\" \/>\n<meta property=\"og:description\" content=\"Situated in the Genevan countryside, at the centre of the village of Meinier, the Chat car park was opened in 2012.\" \/>\n<meta property=\"og:url\" content=\"https:\/\/www.parkgest.ch\/en\/where-to-park\/du-chat-parking-lot\/\" \/>\n<meta property=\"og:site_name\" content=\"Parkgest\" \/>\n<meta property=\"article:modified_time\" content=\"2025-09-10T06:28:17+00:00\" \/>\n<meta property=\"og:image\" content=\"https:\/\/www.parkgest.ch\/wp-content\/uploads\/slide-home-6.jpg\" \/>\n\t<meta property=\"og:image:width\" content=\"1920\" \/>\n\t<meta property=\"og:image:height\" content=\"380\" \/>\n\t<meta property=\"og:image:type\" content=\"image\/jpeg\" \/>\n<meta name=\"twitter:label1\" content=\"Est. reading time\" \/>\n\t<meta name=\"twitter:data1\" content=\"7 minutes\" \/>\n<script type=\"application\/ld+json\" class=\"yoast-schema-graph\">{\"@context\":\"https:\/\/schema.org\",\"@graph\":[{\"@type\":\"WebPage\",\"@id\":\"https:\/\/www.parkgest.ch\/en\/where-to-park\/du-chat-parking-lot\/\",\"url\":\"https:\/\/www.parkgest.ch\/en\/where-to-park\/du-chat-parking-lot\/\",\"name\":\"Chat car park | Parkgest\",\"isPartOf\":{\"@id\":\"https:\/\/www.parkgest.ch\/#website\"},\"datePublished\":\"2013-12-07T09:39:55+00:00\",\"dateModified\":\"2025-09-10T06:28:17+00:00\",\"description\":\"Situated in the Genevan countryside, at the centre of the village of Meinier, the Chat car park was opened in 2012.\",\"breadcrumb\":{\"@id\":\"https:\/\/www.parkgest.ch\/en\/where-to-park\/du-chat-parking-lot\/#breadcrumb\"},\"inLanguage\":\"en-US\",\"potentialAction\":[{\"@type\":\"ReadAction\",\"target\":[\"https:\/\/www.parkgest.ch\/en\/where-to-park\/du-chat-parking-lot\/\"]}]},{\"@type\":\"BreadcrumbList\",\"@id\":\"https:\/\/www.parkgest.ch\/en\/where-to-park\/du-chat-parking-lot\/#breadcrumb\",\"itemListElement\":[{\"@type\":\"ListItem\",\"position\":1,\"name\":\"Accueil\",\"item\":\"https:\/\/www.parkgest.ch\/en\/\"},{\"@type\":\"ListItem\",\"position\":2,\"name\":\"Where shall I park?\",\"item\":\"https:\/\/www.parkgest.ch\/en\/where-to-park\/\"},{\"@type\":\"ListItem\",\"position\":3,\"name\":\"Chat car park\"}]},{\"@type\":\"WebSite\",\"@id\":\"https:\/\/www.parkgest.ch\/#website\",\"url\":\"https:\/\/www.parkgest.ch\/\",\"name\":\"Parkgest\",\"description\":\"R\u00e9seau de parkings \u00e0 Gen\u00e8ve et Suisse romande\",\"potentialAction\":[{\"@type\":\"SearchAction\",\"target\":{\"@type\":\"EntryPoint\",\"urlTemplate\":\"https:\/\/www.parkgest.ch\/?s={search_term_string}\"},\"query-input\":\"required name=search_term_string\"}],\"inLanguage\":\"en-US\"}]}<\/script>\n<!-- \/ Yoast SEO plugin. -->","yoast_head_json":{"title":"Chat car park | Parkgest","description":"Situated in the Genevan countryside, at the centre of the village of Meinier, the Chat car park was opened in 2012.","robots":{"index":"index","follow":"follow","max-snippet":"max-snippet:-1","max-image-preview":"max-image-preview:large","max-video-preview":"max-video-preview:-1"},"canonical":"https:\/\/www.parkgest.ch\/en\/where-to-park\/du-chat-parking-lot\/","og_locale":"en_US","og_type":"article","og_title":"Chat car park | Parkgest","og_description":"Situated in the Genevan countryside, at the centre of the village of Meinier, the Chat car park was opened in 2012.","og_url":"https:\/\/www.parkgest.ch\/en\/where-to-park\/du-chat-parking-lot\/","og_site_name":"Parkgest","article_modified_time":"2025-09-10T06:28:17+00:00","og_image":[{"width":1920,"height":380,"url":"https:\/\/www.parkgest.ch\/wp-content\/uploads\/slide-home-6.jpg","type":"image\/jpeg"}],"twitter_misc":{"Est. reading time":"7 minutes"},"schema":{"@context":"https:\/\/schema.org","@graph":[{"@type":"WebPage","@id":"https:\/\/www.parkgest.ch\/en\/where-to-park\/du-chat-parking-lot\/","url":"https:\/\/www.parkgest.ch\/en\/where-to-park\/du-chat-parking-lot\/","name":"Chat car park | Parkgest","isPartOf":{"@id":"https:\/\/www.parkgest.ch\/#website"},"datePublished":"2013-12-07T09:39:55+00:00","dateModified":"2025-09-10T06:28:17+00:00","description":"Situated in the Genevan countryside, at the centre of the village of Meinier, the Chat car park was opened in 2012.","breadcrumb":{"@id":"https:\/\/www.parkgest.ch\/en\/where-to-park\/du-chat-parking-lot\/#breadcrumb"},"inLanguage":"en-US","potentialAction":[{"@type":"ReadAction","target":["https:\/\/www.parkgest.ch\/en\/where-to-park\/du-chat-parking-lot\/"]}]},{"@type":"BreadcrumbList","@id":"https:\/\/www.parkgest.ch\/en\/where-to-park\/du-chat-parking-lot\/#breadcrumb","itemListElement":[{"@type":"ListItem","position":1,"name":"Accueil","item":"https:\/\/www.parkgest.ch\/en\/"},{"@type":"ListItem","position":2,"name":"Where shall I park?","item":"https:\/\/www.parkgest.ch\/en\/where-to-park\/"},{"@type":"ListItem","position":3,"name":"Chat car park"}]},{"@type":"WebSite","@id":"https:\/\/www.parkgest.ch\/#website","url":"https:\/\/www.parkgest.ch\/","name":"Parkgest","description":"R\u00e9seau de parkings \u00e0 Gen\u00e8ve et Suisse romande","potentialAction":[{"@type":"SearchAction","target":{"@type":"EntryPoint","urlTemplate":"https:\/\/www.parkgest.ch\/?s={search_term_string}"},"query-input":"required name=search_term_string"}],"inLanguage":"en-US"}]}},"_links":{"self":[{"href":"https:\/\/www.parkgest.ch\/en\/wp-json\/wp\/v2\/pages\/1361"}],"collection":[{"href":"https:\/\/www.parkgest.ch\/en\/wp-json\/wp\/v2\/pages"}],"about":[{"href":"https:\/\/www.parkgest.ch\/en\/wp-json\/wp\/v2\/types\/page"}],"author":[{"embeddable":true,"href":"https:\/\/www.parkgest.ch\/en\/wp-json\/wp\/v2\/users\/5"}],"replies":[{"embeddable":true,"href":"https:\/\/www.parkgest.ch\/en\/wp-json\/wp\/v2\/comments?post=1361"}],"version-history":[{"count":44,"href":"https:\/\/www.parkgest.ch\/en\/wp-json\/wp\/v2\/pages\/1361\/revisions"}],"predecessor-version":[{"id":11029,"href":"https:\/\/www.parkgest.ch\/en\/wp-json\/wp\/v2\/pages\/1361\/revisions\/11029"}],"up":[{"embeddable":true,"href":"https:\/\/www.parkgest.ch\/en\/wp-json\/wp\/v2\/pages\/1282"}],"wp:featuredmedia":[{"embeddable":true,"href":"https:\/\/www.parkgest.ch\/en\/wp-json\/wp\/v2\/media\/490"}],"wp:attachment":[{"href":"https:\/\/www.parkgest.ch\/en\/wp-json\/wp\/v2\/media?parent=1361"}],"wp:term":[{"taxonomy":"post_tag","embeddable":true,"href":"https:\/\/www.parkgest.ch\/en\/wp-json\/wp\/v2\/tags?post=1361"}],"curies":[{"name":"wp","href":"https:\/\/api.w.org\/{rel}","templated":true}]}}