{"id":1330,"date":"2012-12-05T11:38:08","date_gmt":"2012-12-05T10:38:08","guid":{"rendered":"http:\/\/www.parkgest.ch\/philosophie-2\/"},"modified":"2017-07-26T03:36:42","modified_gmt":"2017-07-26T02:36:42","slug":"philosophy","status":"publish","type":"page","link":"https:\/\/www.parkgest.ch\/en\/parkgest\/philosophy\/","title":{"rendered":"Philosophy"},"content":{"rendered":"<p>The PARKGEST Group believes in its region and wants to contribute through its actions to the collective well-being and to the harmonious and long-term planning development of its communities.<br \/>\nWe provide users with high-quality services, including the following in particular:<\/p>\n<ul>\n<li>Convivial and well-situated car parks<\/li>\n<li>Proven know-how<\/li>\n<li>Committed, responsible workers<\/li>\n<li>A considerate and efficient service.<\/li>\n<\/ul>\n<p>We provide enterprises and communities with a proven methodology adapted to each establishment and management project, with a duty of efficiency and transparency.<br \/>\nFaced with a permanently evolving environment with regard to the safety of persons and security of valuables, the Group undertakes to implement policies in these fields seeking to ensure the protection of users, workers and goods.<\/p>\n","protected":false},"excerpt":{"rendered":"<p>The PARKGEST Group believes in its region and wants to contribute through its actions to the collective well-being and to the harmonious and long-term planning development of its communities. We provide users with high-quality services, including the following in particular: Convivial and well-situated car parks Proven know-how Committed, responsible workers A considerate and efficient service. [&hellip;]<\/p>\n","protected":false},"author":5,"featured_media":4188,"parent":1294,"menu_order":1,"comment_status":"closed","ping_status":"closed","template":"","meta":{"footnotes":""},"tags":[],"yoast_head":"<!-- This site is optimized with the Yoast SEO plugin v21.8 - https:\/\/yoast.com\/wordpress\/plugins\/seo\/ -->\n<title>Philosophy | Parkgest<\/title>\n<meta name=\"description\" content=\"The PARKGEST Group believes in its region and wants to contribute through its actions to the collective well-being and to the planning development.\" \/>\n<meta name=\"robots\" content=\"index, follow, max-snippet:-1, max-image-preview:large, max-video-preview:-1\" \/>\n<link rel=\"canonical\" href=\"https:\/\/www.parkgest.ch\/en\/parkgest\/philosophy\/\" \/>\n<meta property=\"og:locale\" content=\"en_US\" \/>\n<meta property=\"og:type\" content=\"article\" \/>\n<meta property=\"og:title\" content=\"Philosophy | Parkgest\" \/>\n<meta property=\"og:description\" content=\"The PARKGEST Group believes in its region and wants to contribute through its actions to the collective well-being and to the planning development.\" \/>\n<meta property=\"og:url\" content=\"https:\/\/www.parkgest.ch\/en\/parkgest\/philosophy\/\" \/>\n<meta property=\"og:site_name\" content=\"Parkgest\" \/>\n<meta property=\"article:modified_time\" content=\"2017-07-26T02:36:42+00:00\" \/>\n<meta property=\"og:image\" content=\"https:\/\/www.parkgest.ch\/wp-content\/uploads\/philosophie-1.jpg\" \/>\n\t<meta property=\"og:image:width\" content=\"1920\" \/>\n\t<meta property=\"og:image:height\" content=\"390\" \/>\n\t<meta property=\"og:image:type\" content=\"image\/jpeg\" \/>\n<meta name=\"twitter:label1\" content=\"Est. reading time\" \/>\n\t<meta name=\"twitter:data1\" content=\"1 minute\" \/>\n<script type=\"application\/ld+json\" class=\"yoast-schema-graph\">{\"@context\":\"https:\/\/schema.org\",\"@graph\":[{\"@type\":\"WebPage\",\"@id\":\"https:\/\/www.parkgest.ch\/en\/parkgest\/philosophy\/\",\"url\":\"https:\/\/www.parkgest.ch\/en\/parkgest\/philosophy\/\",\"name\":\"Philosophy | Parkgest\",\"isPartOf\":{\"@id\":\"https:\/\/www.parkgest.ch\/#website\"},\"datePublished\":\"2012-12-05T10:38:08+00:00\",\"dateModified\":\"2017-07-26T02:36:42+00:00\",\"description\":\"The PARKGEST Group believes in its region and wants to contribute through its actions to the collective well-being and to the planning development.\",\"breadcrumb\":{\"@id\":\"https:\/\/www.parkgest.ch\/en\/parkgest\/philosophy\/#breadcrumb\"},\"inLanguage\":\"en-US\",\"potentialAction\":[{\"@type\":\"ReadAction\",\"target\":[\"https:\/\/www.parkgest.ch\/en\/parkgest\/philosophy\/\"]}]},{\"@type\":\"BreadcrumbList\",\"@id\":\"https:\/\/www.parkgest.ch\/en\/parkgest\/philosophy\/#breadcrumb\",\"itemListElement\":[{\"@type\":\"ListItem\",\"position\":1,\"name\":\"Accueil\",\"item\":\"https:\/\/www.parkgest.ch\/en\/\"},{\"@type\":\"ListItem\",\"position\":2,\"name\":\"Parkgest\",\"item\":\"https:\/\/www.parkgest.ch\/en\/parkgest\/\"},{\"@type\":\"ListItem\",\"position\":3,\"name\":\"Philosophy\"}]},{\"@type\":\"WebSite\",\"@id\":\"https:\/\/www.parkgest.ch\/#website\",\"url\":\"https:\/\/www.parkgest.ch\/\",\"name\":\"Parkgest\",\"description\":\"R\u00e9seau de parkings \u00e0 Gen\u00e8ve et Suisse romande\",\"potentialAction\":[{\"@type\":\"SearchAction\",\"target\":{\"@type\":\"EntryPoint\",\"urlTemplate\":\"https:\/\/www.parkgest.ch\/?s={search_term_string}\"},\"query-input\":\"required name=search_term_string\"}],\"inLanguage\":\"en-US\"}]}<\/script>\n<!-- \/ Yoast SEO plugin. -->","yoast_head_json":{"title":"Philosophy | Parkgest","description":"The PARKGEST Group believes in its region and wants to contribute through its actions to the collective well-being and to the planning development.","robots":{"index":"index","follow":"follow","max-snippet":"max-snippet:-1","max-image-preview":"max-image-preview:large","max-video-preview":"max-video-preview:-1"},"canonical":"https:\/\/www.parkgest.ch\/en\/parkgest\/philosophy\/","og_locale":"en_US","og_type":"article","og_title":"Philosophy | Parkgest","og_description":"The PARKGEST Group believes in its region and wants to contribute through its actions to the collective well-being and to the planning development.","og_url":"https:\/\/www.parkgest.ch\/en\/parkgest\/philosophy\/","og_site_name":"Parkgest","article_modified_time":"2017-07-26T02:36:42+00:00","og_image":[{"width":1920,"height":390,"url":"https:\/\/www.parkgest.ch\/wp-content\/uploads\/philosophie-1.jpg","type":"image\/jpeg"}],"twitter_misc":{"Est. reading time":"1 minute"},"schema":{"@context":"https:\/\/schema.org","@graph":[{"@type":"WebPage","@id":"https:\/\/www.parkgest.ch\/en\/parkgest\/philosophy\/","url":"https:\/\/www.parkgest.ch\/en\/parkgest\/philosophy\/","name":"Philosophy | Parkgest","isPartOf":{"@id":"https:\/\/www.parkgest.ch\/#website"},"datePublished":"2012-12-05T10:38:08+00:00","dateModified":"2017-07-26T02:36:42+00:00","description":"The PARKGEST Group believes in its region and wants to contribute through its actions to the collective well-being and to the planning development.","breadcrumb":{"@id":"https:\/\/www.parkgest.ch\/en\/parkgest\/philosophy\/#breadcrumb"},"inLanguage":"en-US","potentialAction":[{"@type":"ReadAction","target":["https:\/\/www.parkgest.ch\/en\/parkgest\/philosophy\/"]}]},{"@type":"BreadcrumbList","@id":"https:\/\/www.parkgest.ch\/en\/parkgest\/philosophy\/#breadcrumb","itemListElement":[{"@type":"ListItem","position":1,"name":"Accueil","item":"https:\/\/www.parkgest.ch\/en\/"},{"@type":"ListItem","position":2,"name":"Parkgest","item":"https:\/\/www.parkgest.ch\/en\/parkgest\/"},{"@type":"ListItem","position":3,"name":"Philosophy"}]},{"@type":"WebSite","@id":"https:\/\/www.parkgest.ch\/#website","url":"https:\/\/www.parkgest.ch\/","name":"Parkgest","description":"R\u00e9seau de parkings \u00e0 Gen\u00e8ve et Suisse romande","potentialAction":[{"@type":"SearchAction","target":{"@type":"EntryPoint","urlTemplate":"https:\/\/www.parkgest.ch\/?s={search_term_string}"},"query-input":"required name=search_term_string"}],"inLanguage":"en-US"}]}},"_links":{"self":[{"href":"https:\/\/www.parkgest.ch\/en\/wp-json\/wp\/v2\/pages\/1330"}],"collection":[{"href":"https:\/\/www.parkgest.ch\/en\/wp-json\/wp\/v2\/pages"}],"about":[{"href":"https:\/\/www.parkgest.ch\/en\/wp-json\/wp\/v2\/types\/page"}],"author":[{"embeddable":true,"href":"https:\/\/www.parkgest.ch\/en\/wp-json\/wp\/v2\/users\/5"}],"replies":[{"embeddable":true,"href":"https:\/\/www.parkgest.ch\/en\/wp-json\/wp\/v2\/comments?post=1330"}],"version-history":[{"count":0,"href":"https:\/\/www.parkgest.ch\/en\/wp-json\/wp\/v2\/pages\/1330\/revisions"}],"up":[{"embeddable":true,"href":"https:\/\/www.parkgest.ch\/en\/wp-json\/wp\/v2\/pages\/1294"}],"wp:featuredmedia":[{"embeddable":true,"href":"https:\/\/www.parkgest.ch\/en\/wp-json\/wp\/v2\/media\/4188"}],"wp:attachment":[{"href":"https:\/\/www.parkgest.ch\/en\/wp-json\/wp\/v2\/media?parent=1330"}],"wp:term":[{"taxonomy":"post_tag","embeddable":true,"href":"https:\/\/www.parkgest.ch\/en\/wp-json\/wp\/v2\/tags?post=1330"}],"curies":[{"name":"wp","href":"https:\/\/api.w.org\/{rel}","templated":true}]}}