{"id":1318,"date":"2012-12-04T19:29:42","date_gmt":"2012-12-04T18:29:42","guid":{"rendered":"http:\/\/www.parkgest.ch\/infos-pratiques-7\/"},"modified":"2026-05-04T15:06:28","modified_gmt":"2026-05-04T14:06:28","slug":"practical-information","status":"publish","type":"page","link":"https:\/\/www.parkgest.ch\/en\/where-to-park\/villereuse-parking-lot\/practical-information\/","title":{"rendered":"Practical information"},"content":{"rendered":"<p><strong>Villereuse parking lot<\/strong><br \/>\nCarrefour de Villereuse 2A<br \/>\n1207 Gen\u00e8ve<\/p>\n<p>Opening times:<br \/>\nCar park: 24 hours a day, 7 days a week<\/p>\n<p><b>Control Center \u00a0<\/b><br \/>\nT\u00e9l. 022 316 08 51<\/p>\n<p>Opening times:<br \/>\nFrom Mondays to Thursdays from 08:00 to 12:00 and from 13:30 to 18:00<br \/>\nFridays from 08:00 to 12:00 and from 13:30 to 17:30<\/p>\n<p>Outside these hours, liaison with the Mont-Blanc control centre<\/p>\n<p><b>Commercial Service\u00a0<\/b><br \/>\nRue de la R\u00f4tisserie 4B<br \/>\n1204 Gen\u00e8ve<br \/>\nT\u00e9l. 022 316 08 81<br \/>\nFax. 022 316 08 99<br \/>\n<a href=\"mailto:parkingdevillereuse@parkgest.ch\">parkingdevillereuse@parkgest.ch<\/a><b><\/b><\/p>\n<p>Reception is open to answer calls :<br \/>\nMondays to Fridays from 08:00 to 12:00<\/p>\n<p><strong>Other information <\/strong><br \/>\nTotal surface:<br \/>\n14,170 \u33a1<\/p>\n<p>Capacity:<br \/>\nThe car park is made up of an interior structure on six levels comprising 516 parking spaces for light motor vehicles, including 4 spaces for people with reduced mobility, 4 spaces for loading electric powered vehicles, 6 spaces intended for women from 6:00 p.m., 19 spaces dedicated to the \u201cMobility\u201d and \u201cEntreprise Go\u201d sharing networks, 19 spaces for motorized 2-wheelers (2WD) and 75 private spaces in 3 sub-parking lots (2 for the City of Geneva, 1 for the Jaques-Dalcroze Institute).<\/p>\n<p><strong>Methods of payment accepted <\/strong><br \/>\n<img loading=\"lazy\" decoding=\"async\" title=\"paiement-amex\" src=\"http:\/\/www.parkgest.ch\/\/wp-content\/uploads\/moyens_paiement_1.jpg\" alt=\"\" width=\"31\" height=\"34\" \/><img loading=\"lazy\" decoding=\"async\" title=\"paiement-mastercard\" src=\"http:\/\/www.parkgest.ch\/\/wp-content\/uploads\/moyens_paiement_2.jpg\" alt=\"\" width=\"51\" height=\"34\" \/><img loading=\"lazy\" decoding=\"async\" title=\"paiement-visa\" src=\"http:\/\/www.parkgest.ch\/\/wp-content\/uploads\/moyens_paiement_3.jpg\" alt=\"\" width=\"45\" height=\"34\" \/>\u00a0<img loading=\"lazy\" decoding=\"async\" title=\"paiement-maestro\" src=\"http:\/\/www.parkgest.ch\/\/wp-content\/uploads\/moyens_paiement_7.jpg\" alt=\"\" width=\"57\" height=\"34\" \/>\u00a0<img loading=\"lazy\" decoding=\"async\" title=\"paiement-post-finance\" src=\"http:\/\/www.parkgest.ch\/\/wp-content\/uploads\/moyens_paiement_6.jpg\" alt=\"\" width=\"117\" height=\"34\" \/><\/p>\n<p><b>Certification<\/b><br \/>\n<a href=\"https:\/\/www.parkgest.ch\/en\/parkgest\/valeurs\/\"><img decoding=\"async\" class=\"alignnone\" src=\"https:\/\/www.parkgest.ch\/wp-content\/uploads\/EPA-Award-Standard.png\" title=\"EUROPEAN STANDARD PARKING AWARD OFF-STREET - Appointed on behalf of the European Parking Association\" alt=\"EUROPEAN STANDARD PARKING AWARD OFF-STREET - Appointed on behalf of the European Parking Association\" width=\"140px\"\/><\/a><\/p>\n<p><\/p>\n","protected":false},"excerpt":{"rendered":"<p>Villereuse parking lot Carrefour de Villereuse 2A 1207 Gen\u00e8ve Opening times: Car park: 24 hours a day, 7 days a week Control Center \u00a0 T\u00e9l. 022 316 08 51 Opening times: From Mondays to Thursdays from 08:00 to 12:00 and from 13:30 to 18:00 Fridays from 08:00 to 12:00 and from 13:30 to 17:30 Outside [&hellip;]<\/p>\n","protected":false},"author":5,"featured_media":0,"parent":1339,"menu_order":0,"comment_status":"closed","ping_status":"closed","template":"","meta":{"footnotes":""},"tags":[],"yoast_head":"<!-- This site is optimized with the Yoast SEO plugin v21.8 - https:\/\/yoast.com\/wordpress\/plugins\/seo\/ -->\n<title>Practical information Villereuse | Parkgest<\/title>\n<meta name=\"description\" content=\"Practical information Villereuse parking lot, Carrefour de Villereuse 2A, 1207 Gen\u00e8ve. Opening times car park: 24 hours a day, 7 days a week.\" \/>\n<meta name=\"robots\" content=\"index, follow, max-snippet:-1, max-image-preview:large, max-video-preview:-1\" \/>\n<link rel=\"canonical\" href=\"https:\/\/www.parkgest.ch\/en\/where-to-park\/villereuse-parking-lot\/practical-information\/\" \/>\n<meta property=\"og:locale\" content=\"en_US\" \/>\n<meta property=\"og:type\" content=\"article\" \/>\n<meta property=\"og:title\" content=\"Practical information Villereuse | Parkgest\" \/>\n<meta property=\"og:description\" content=\"Practical information Villereuse parking lot, Carrefour de Villereuse 2A, 1207 Gen\u00e8ve. Opening times car park: 24 hours a day, 7 days a week.\" \/>\n<meta property=\"og:url\" content=\"https:\/\/www.parkgest.ch\/en\/where-to-park\/villereuse-parking-lot\/practical-information\/\" \/>\n<meta property=\"og:site_name\" content=\"Parkgest\" \/>\n<meta property=\"article:modified_time\" content=\"2026-05-04T14:06:28+00:00\" \/>\n<meta property=\"og:image\" content=\"http:\/\/www.parkgest.ch\/\/wp-content\/uploads\/moyens_paiement_1.jpg\" \/>\n<meta name=\"twitter:label1\" content=\"Est. reading time\" \/>\n\t<meta name=\"twitter:data1\" content=\"3 minutes\" \/>\n<script type=\"application\/ld+json\" class=\"yoast-schema-graph\">{\"@context\":\"https:\/\/schema.org\",\"@graph\":[{\"@type\":\"WebPage\",\"@id\":\"https:\/\/www.parkgest.ch\/en\/where-to-park\/villereuse-parking-lot\/practical-information\/\",\"url\":\"https:\/\/www.parkgest.ch\/en\/where-to-park\/villereuse-parking-lot\/practical-information\/\",\"name\":\"Practical information Villereuse | Parkgest\",\"isPartOf\":{\"@id\":\"https:\/\/www.parkgest.ch\/#website\"},\"datePublished\":\"2012-12-04T18:29:42+00:00\",\"dateModified\":\"2026-05-04T14:06:28+00:00\",\"description\":\"Practical information Villereuse parking lot, Carrefour de Villereuse 2A, 1207 Gen\u00e8ve. Opening times car park: 24 hours a day, 7 days a week.\",\"breadcrumb\":{\"@id\":\"https:\/\/www.parkgest.ch\/en\/where-to-park\/villereuse-parking-lot\/practical-information\/#breadcrumb\"},\"inLanguage\":\"en-US\",\"potentialAction\":[{\"@type\":\"ReadAction\",\"target\":[\"https:\/\/www.parkgest.ch\/en\/where-to-park\/villereuse-parking-lot\/practical-information\/\"]}]},{\"@type\":\"BreadcrumbList\",\"@id\":\"https:\/\/www.parkgest.ch\/en\/where-to-park\/villereuse-parking-lot\/practical-information\/#breadcrumb\",\"itemListElement\":[{\"@type\":\"ListItem\",\"position\":1,\"name\":\"Accueil\",\"item\":\"https:\/\/www.parkgest.ch\/en\/\"},{\"@type\":\"ListItem\",\"position\":2,\"name\":\"Where shall I park?\",\"item\":\"https:\/\/www.parkgest.ch\/en\/where-to-park\/\"},{\"@type\":\"ListItem\",\"position\":3,\"name\":\"Villereuse car park\",\"item\":\"https:\/\/www.parkgest.ch\/en\/where-to-park\/villereuse-parking-lot\/\"},{\"@type\":\"ListItem\",\"position\":4,\"name\":\"Practical information\"}]},{\"@type\":\"WebSite\",\"@id\":\"https:\/\/www.parkgest.ch\/#website\",\"url\":\"https:\/\/www.parkgest.ch\/\",\"name\":\"Parkgest\",\"description\":\"R\u00e9seau de parkings \u00e0 Gen\u00e8ve et Suisse romande\",\"potentialAction\":[{\"@type\":\"SearchAction\",\"target\":{\"@type\":\"EntryPoint\",\"urlTemplate\":\"https:\/\/www.parkgest.ch\/?s={search_term_string}\"},\"query-input\":\"required name=search_term_string\"}],\"inLanguage\":\"en-US\"}]}<\/script>\n<!-- \/ Yoast SEO plugin. -->","yoast_head_json":{"title":"Practical information Villereuse | Parkgest","description":"Practical information Villereuse parking lot, Carrefour de Villereuse 2A, 1207 Gen\u00e8ve. Opening times car park: 24 hours a day, 7 days a week.","robots":{"index":"index","follow":"follow","max-snippet":"max-snippet:-1","max-image-preview":"max-image-preview:large","max-video-preview":"max-video-preview:-1"},"canonical":"https:\/\/www.parkgest.ch\/en\/where-to-park\/villereuse-parking-lot\/practical-information\/","og_locale":"en_US","og_type":"article","og_title":"Practical information Villereuse | Parkgest","og_description":"Practical information Villereuse parking lot, Carrefour de Villereuse 2A, 1207 Gen\u00e8ve. Opening times car park: 24 hours a day, 7 days a week.","og_url":"https:\/\/www.parkgest.ch\/en\/where-to-park\/villereuse-parking-lot\/practical-information\/","og_site_name":"Parkgest","article_modified_time":"2026-05-04T14:06:28+00:00","og_image":[{"url":"http:\/\/www.parkgest.ch\/\/wp-content\/uploads\/moyens_paiement_1.jpg"}],"twitter_misc":{"Est. reading time":"3 minutes"},"schema":{"@context":"https:\/\/schema.org","@graph":[{"@type":"WebPage","@id":"https:\/\/www.parkgest.ch\/en\/where-to-park\/villereuse-parking-lot\/practical-information\/","url":"https:\/\/www.parkgest.ch\/en\/where-to-park\/villereuse-parking-lot\/practical-information\/","name":"Practical information Villereuse | Parkgest","isPartOf":{"@id":"https:\/\/www.parkgest.ch\/#website"},"datePublished":"2012-12-04T18:29:42+00:00","dateModified":"2026-05-04T14:06:28+00:00","description":"Practical information Villereuse parking lot, Carrefour de Villereuse 2A, 1207 Gen\u00e8ve. Opening times car park: 24 hours a day, 7 days a week.","breadcrumb":{"@id":"https:\/\/www.parkgest.ch\/en\/where-to-park\/villereuse-parking-lot\/practical-information\/#breadcrumb"},"inLanguage":"en-US","potentialAction":[{"@type":"ReadAction","target":["https:\/\/www.parkgest.ch\/en\/where-to-park\/villereuse-parking-lot\/practical-information\/"]}]},{"@type":"BreadcrumbList","@id":"https:\/\/www.parkgest.ch\/en\/where-to-park\/villereuse-parking-lot\/practical-information\/#breadcrumb","itemListElement":[{"@type":"ListItem","position":1,"name":"Accueil","item":"https:\/\/www.parkgest.ch\/en\/"},{"@type":"ListItem","position":2,"name":"Where shall I park?","item":"https:\/\/www.parkgest.ch\/en\/where-to-park\/"},{"@type":"ListItem","position":3,"name":"Villereuse car park","item":"https:\/\/www.parkgest.ch\/en\/where-to-park\/villereuse-parking-lot\/"},{"@type":"ListItem","position":4,"name":"Practical information"}]},{"@type":"WebSite","@id":"https:\/\/www.parkgest.ch\/#website","url":"https:\/\/www.parkgest.ch\/","name":"Parkgest","description":"R\u00e9seau de parkings \u00e0 Gen\u00e8ve et Suisse romande","potentialAction":[{"@type":"SearchAction","target":{"@type":"EntryPoint","urlTemplate":"https:\/\/www.parkgest.ch\/?s={search_term_string}"},"query-input":"required name=search_term_string"}],"inLanguage":"en-US"}]}},"_links":{"self":[{"href":"https:\/\/www.parkgest.ch\/en\/wp-json\/wp\/v2\/pages\/1318"}],"collection":[{"href":"https:\/\/www.parkgest.ch\/en\/wp-json\/wp\/v2\/pages"}],"about":[{"href":"https:\/\/www.parkgest.ch\/en\/wp-json\/wp\/v2\/types\/page"}],"author":[{"embeddable":true,"href":"https:\/\/www.parkgest.ch\/en\/wp-json\/wp\/v2\/users\/5"}],"replies":[{"embeddable":true,"href":"https:\/\/www.parkgest.ch\/en\/wp-json\/wp\/v2\/comments?post=1318"}],"version-history":[{"count":29,"href":"https:\/\/www.parkgest.ch\/en\/wp-json\/wp\/v2\/pages\/1318\/revisions"}],"predecessor-version":[{"id":11371,"href":"https:\/\/www.parkgest.ch\/en\/wp-json\/wp\/v2\/pages\/1318\/revisions\/11371"}],"up":[{"embeddable":true,"href":"https:\/\/www.parkgest.ch\/en\/wp-json\/wp\/v2\/pages\/1339"}],"wp:attachment":[{"href":"https:\/\/www.parkgest.ch\/en\/wp-json\/wp\/v2\/media?parent=1318"}],"wp:term":[{"taxonomy":"post_tag","embeddable":true,"href":"https:\/\/www.parkgest.ch\/en\/wp-json\/wp\/v2\/tags?post=1318"}],"curies":[{"name":"wp","href":"https:\/\/api.w.org\/{rel}","templated":true}]}}