{"id":1309,"date":"2012-12-04T17:23:49","date_gmt":"2012-12-04T16:23:49","guid":{"rendered":"http:\/\/www.parkgest.ch\/mandat-de-gestion-globale-2\/"},"modified":"2017-07-25T12:07:22","modified_gmt":"2017-07-25T11:07:22","slug":"mandat-de-gestion-globale-2","status":"publish","type":"page","link":"https:\/\/www.parkgest.ch\/en\/management\/mandat-de-gestion-globale-2\/","title":{"rendered":"Global management mandate"},"content":{"rendered":"<p>Following in turn either the start-up mandate or the takeover mandate, the global management mandate incorporates many activities categorized as follows:<\/p>\n<ul>\n<li>Operational and administrative organization<\/li>\n<li>Marketing<\/li>\n<li>Media (leasing of advertising spaces)<\/li>\n<li>Commercial management<\/li>\n<li>Accounting management<\/li>\n<li>Control<\/li>\n<li>Security and safety<\/li>\n<li>Technical<\/li>\n<li>Maintenance<\/li>\n<\/ul>\n","protected":false},"excerpt":{"rendered":"<p>Following in turn either the start-up mandate or the takeover mandate, the global management mandate incorporates many activities categorized as follows: Operational and administrative organization Marketing Media (leasing of advertising spaces) Commercial management Accounting management Control Security and safety Technical Maintenance<\/p>\n","protected":false},"author":5,"featured_media":4186,"parent":1291,"menu_order":3,"comment_status":"closed","ping_status":"closed","template":"","meta":{"footnotes":""},"tags":[],"yoast_head":"<!-- This site is optimized with the Yoast SEO plugin v21.8 - https:\/\/yoast.com\/wordpress\/plugins\/seo\/ -->\n<title>Global management mandate | Parkgest<\/title>\n<meta name=\"description\" content=\"Following in turn either the start-up mandate or the takeover mandate, the global management mandate incorporates many activities categorized.\" \/>\n<meta name=\"robots\" content=\"index, follow, max-snippet:-1, max-image-preview:large, max-video-preview:-1\" \/>\n<link rel=\"canonical\" href=\"https:\/\/www.parkgest.ch\/en\/management\/mandat-de-gestion-globale-2\/\" \/>\n<meta property=\"og:locale\" content=\"en_US\" \/>\n<meta property=\"og:type\" content=\"article\" \/>\n<meta property=\"og:title\" content=\"Global management mandate | Parkgest\" \/>\n<meta property=\"og:description\" content=\"Following in turn either the start-up mandate or the takeover mandate, the global management mandate incorporates many activities categorized.\" \/>\n<meta property=\"og:url\" content=\"https:\/\/www.parkgest.ch\/en\/management\/mandat-de-gestion-globale-2\/\" \/>\n<meta property=\"og:site_name\" content=\"Parkgest\" \/>\n<meta property=\"article:modified_time\" content=\"2017-07-25T11:07:22+00:00\" \/>\n<meta property=\"og:image\" content=\"https:\/\/www.parkgest.ch\/wp-content\/uploads\/mandat_de_gestion_globale.jpg\" \/>\n\t<meta property=\"og:image:width\" content=\"1878\" \/>\n\t<meta property=\"og:image:height\" content=\"390\" \/>\n\t<meta property=\"og:image:type\" content=\"image\/jpeg\" \/>\n<script type=\"application\/ld+json\" class=\"yoast-schema-graph\">{\"@context\":\"https:\/\/schema.org\",\"@graph\":[{\"@type\":\"WebPage\",\"@id\":\"https:\/\/www.parkgest.ch\/en\/management\/mandat-de-gestion-globale-2\/\",\"url\":\"https:\/\/www.parkgest.ch\/en\/management\/mandat-de-gestion-globale-2\/\",\"name\":\"Global management mandate | Parkgest\",\"isPartOf\":{\"@id\":\"https:\/\/www.parkgest.ch\/#website\"},\"datePublished\":\"2012-12-04T16:23:49+00:00\",\"dateModified\":\"2017-07-25T11:07:22+00:00\",\"description\":\"Following in turn either the start-up mandate or the takeover mandate, the global management mandate incorporates many activities categorized.\",\"breadcrumb\":{\"@id\":\"https:\/\/www.parkgest.ch\/en\/management\/mandat-de-gestion-globale-2\/#breadcrumb\"},\"inLanguage\":\"en-US\",\"potentialAction\":[{\"@type\":\"ReadAction\",\"target\":[\"https:\/\/www.parkgest.ch\/en\/management\/mandat-de-gestion-globale-2\/\"]}]},{\"@type\":\"BreadcrumbList\",\"@id\":\"https:\/\/www.parkgest.ch\/en\/management\/mandat-de-gestion-globale-2\/#breadcrumb\",\"itemListElement\":[{\"@type\":\"ListItem\",\"position\":1,\"name\":\"Accueil\",\"item\":\"https:\/\/www.parkgest.ch\/en\/\"},{\"@type\":\"ListItem\",\"position\":2,\"name\":\"Management\",\"item\":\"https:\/\/www.parkgest.ch\/en\/management\/\"},{\"@type\":\"ListItem\",\"position\":3,\"name\":\"Global management mandate\"}]},{\"@type\":\"WebSite\",\"@id\":\"https:\/\/www.parkgest.ch\/#website\",\"url\":\"https:\/\/www.parkgest.ch\/\",\"name\":\"Parkgest\",\"description\":\"R\u00e9seau de parkings \u00e0 Gen\u00e8ve et Suisse romande\",\"potentialAction\":[{\"@type\":\"SearchAction\",\"target\":{\"@type\":\"EntryPoint\",\"urlTemplate\":\"https:\/\/www.parkgest.ch\/?s={search_term_string}\"},\"query-input\":\"required name=search_term_string\"}],\"inLanguage\":\"en-US\"}]}<\/script>\n<!-- \/ Yoast SEO plugin. -->","yoast_head_json":{"title":"Global management mandate | Parkgest","description":"Following in turn either the start-up mandate or the takeover mandate, the global management mandate incorporates many activities categorized.","robots":{"index":"index","follow":"follow","max-snippet":"max-snippet:-1","max-image-preview":"max-image-preview:large","max-video-preview":"max-video-preview:-1"},"canonical":"https:\/\/www.parkgest.ch\/en\/management\/mandat-de-gestion-globale-2\/","og_locale":"en_US","og_type":"article","og_title":"Global management mandate | Parkgest","og_description":"Following in turn either the start-up mandate or the takeover mandate, the global management mandate incorporates many activities categorized.","og_url":"https:\/\/www.parkgest.ch\/en\/management\/mandat-de-gestion-globale-2\/","og_site_name":"Parkgest","article_modified_time":"2017-07-25T11:07:22+00:00","og_image":[{"width":1878,"height":390,"url":"https:\/\/www.parkgest.ch\/wp-content\/uploads\/mandat_de_gestion_globale.jpg","type":"image\/jpeg"}],"schema":{"@context":"https:\/\/schema.org","@graph":[{"@type":"WebPage","@id":"https:\/\/www.parkgest.ch\/en\/management\/mandat-de-gestion-globale-2\/","url":"https:\/\/www.parkgest.ch\/en\/management\/mandat-de-gestion-globale-2\/","name":"Global management mandate | Parkgest","isPartOf":{"@id":"https:\/\/www.parkgest.ch\/#website"},"datePublished":"2012-12-04T16:23:49+00:00","dateModified":"2017-07-25T11:07:22+00:00","description":"Following in turn either the start-up mandate or the takeover mandate, the global management mandate incorporates many activities categorized.","breadcrumb":{"@id":"https:\/\/www.parkgest.ch\/en\/management\/mandat-de-gestion-globale-2\/#breadcrumb"},"inLanguage":"en-US","potentialAction":[{"@type":"ReadAction","target":["https:\/\/www.parkgest.ch\/en\/management\/mandat-de-gestion-globale-2\/"]}]},{"@type":"BreadcrumbList","@id":"https:\/\/www.parkgest.ch\/en\/management\/mandat-de-gestion-globale-2\/#breadcrumb","itemListElement":[{"@type":"ListItem","position":1,"name":"Accueil","item":"https:\/\/www.parkgest.ch\/en\/"},{"@type":"ListItem","position":2,"name":"Management","item":"https:\/\/www.parkgest.ch\/en\/management\/"},{"@type":"ListItem","position":3,"name":"Global management mandate"}]},{"@type":"WebSite","@id":"https:\/\/www.parkgest.ch\/#website","url":"https:\/\/www.parkgest.ch\/","name":"Parkgest","description":"R\u00e9seau de parkings \u00e0 Gen\u00e8ve et Suisse romande","potentialAction":[{"@type":"SearchAction","target":{"@type":"EntryPoint","urlTemplate":"https:\/\/www.parkgest.ch\/?s={search_term_string}"},"query-input":"required name=search_term_string"}],"inLanguage":"en-US"}]}},"_links":{"self":[{"href":"https:\/\/www.parkgest.ch\/en\/wp-json\/wp\/v2\/pages\/1309"}],"collection":[{"href":"https:\/\/www.parkgest.ch\/en\/wp-json\/wp\/v2\/pages"}],"about":[{"href":"https:\/\/www.parkgest.ch\/en\/wp-json\/wp\/v2\/types\/page"}],"author":[{"embeddable":true,"href":"https:\/\/www.parkgest.ch\/en\/wp-json\/wp\/v2\/users\/5"}],"replies":[{"embeddable":true,"href":"https:\/\/www.parkgest.ch\/en\/wp-json\/wp\/v2\/comments?post=1309"}],"version-history":[{"count":0,"href":"https:\/\/www.parkgest.ch\/en\/wp-json\/wp\/v2\/pages\/1309\/revisions"}],"up":[{"embeddable":true,"href":"https:\/\/www.parkgest.ch\/en\/wp-json\/wp\/v2\/pages\/1291"}],"wp:featuredmedia":[{"embeddable":true,"href":"https:\/\/www.parkgest.ch\/en\/wp-json\/wp\/v2\/media\/4186"}],"wp:attachment":[{"href":"https:\/\/www.parkgest.ch\/en\/wp-json\/wp\/v2\/media?parent=1309"}],"wp:term":[{"taxonomy":"post_tag","embeddable":true,"href":"https:\/\/www.parkgest.ch\/en\/wp-json\/wp\/v2\/tags?post=1309"}],"curies":[{"name":"wp","href":"https:\/\/api.w.org\/{rel}","templated":true}]}}