{"id":1306,"date":"2012-12-04T17:23:07","date_gmt":"2012-12-04T16:23:07","guid":{"rendered":"http:\/\/www.parkgest.ch\/mandat-de-gestion-partielle-2\/"},"modified":"2016-04-22T10:24:53","modified_gmt":"2016-04-22T09:24:53","slug":"mandat-de-gestion-partielle-2","status":"publish","type":"page","link":"https:\/\/www.parkgest.ch\/en\/management\/mandat-de-gestion-partielle-2\/","title":{"rendered":"Partial management mandate"},"content":{"rendered":"<p>This covers the so-called partial management of the car park or car parks, based on a selection of activities forming the global management mandate.<\/p>\n","protected":false},"excerpt":{"rendered":"<p>This covers the so-called partial management of the car park or car parks, based on a selection of activities forming the global management mandate.<\/p>\n","protected":false},"author":5,"featured_media":513,"parent":1291,"menu_order":4,"comment_status":"closed","ping_status":"closed","template":"","meta":{"footnotes":""},"tags":[],"yoast_head":"<!-- This site is optimized with the Yoast SEO plugin v21.8 - https:\/\/yoast.com\/wordpress\/plugins\/seo\/ -->\n<title>Partial management mandate | Parkgest<\/title>\n<meta name=\"description\" content=\"This covers the so-called partial management of the car park or car parks, based on a selection of activities forming the global management mandate.\" \/>\n<meta name=\"robots\" content=\"index, follow, max-snippet:-1, max-image-preview:large, max-video-preview:-1\" \/>\n<link rel=\"canonical\" href=\"https:\/\/www.parkgest.ch\/en\/management\/mandat-de-gestion-partielle-2\/\" \/>\n<meta property=\"og:locale\" content=\"en_US\" \/>\n<meta property=\"og:type\" content=\"article\" \/>\n<meta property=\"og:title\" content=\"Partial management mandate | Parkgest\" \/>\n<meta property=\"og:description\" content=\"This covers the so-called partial management of the car park or car parks, based on a selection of activities forming the global management mandate.\" \/>\n<meta property=\"og:url\" content=\"https:\/\/www.parkgest.ch\/en\/management\/mandat-de-gestion-partielle-2\/\" \/>\n<meta property=\"og:site_name\" content=\"Parkgest\" \/>\n<meta property=\"article:modified_time\" content=\"2016-04-22T09:24:53+00:00\" \/>\n<meta property=\"og:image\" content=\"https:\/\/www.parkgest.ch\/wp-content\/uploads\/gestion.jpg\" \/>\n\t<meta property=\"og:image:width\" content=\"1920\" \/>\n\t<meta property=\"og:image:height\" content=\"380\" \/>\n\t<meta property=\"og:image:type\" content=\"image\/jpeg\" \/>\n<script type=\"application\/ld+json\" class=\"yoast-schema-graph\">{\"@context\":\"https:\/\/schema.org\",\"@graph\":[{\"@type\":\"WebPage\",\"@id\":\"https:\/\/www.parkgest.ch\/en\/management\/mandat-de-gestion-partielle-2\/\",\"url\":\"https:\/\/www.parkgest.ch\/en\/management\/mandat-de-gestion-partielle-2\/\",\"name\":\"Partial management mandate | Parkgest\",\"isPartOf\":{\"@id\":\"https:\/\/www.parkgest.ch\/#website\"},\"datePublished\":\"2012-12-04T16:23:07+00:00\",\"dateModified\":\"2016-04-22T09:24:53+00:00\",\"description\":\"This covers the so-called partial management of the car park or car parks, based on a selection of activities forming the global management mandate.\",\"breadcrumb\":{\"@id\":\"https:\/\/www.parkgest.ch\/en\/management\/mandat-de-gestion-partielle-2\/#breadcrumb\"},\"inLanguage\":\"en-US\",\"potentialAction\":[{\"@type\":\"ReadAction\",\"target\":[\"https:\/\/www.parkgest.ch\/en\/management\/mandat-de-gestion-partielle-2\/\"]}]},{\"@type\":\"BreadcrumbList\",\"@id\":\"https:\/\/www.parkgest.ch\/en\/management\/mandat-de-gestion-partielle-2\/#breadcrumb\",\"itemListElement\":[{\"@type\":\"ListItem\",\"position\":1,\"name\":\"Accueil\",\"item\":\"https:\/\/www.parkgest.ch\/en\/\"},{\"@type\":\"ListItem\",\"position\":2,\"name\":\"Management\",\"item\":\"https:\/\/www.parkgest.ch\/en\/management\/\"},{\"@type\":\"ListItem\",\"position\":3,\"name\":\"Partial management mandate\"}]},{\"@type\":\"WebSite\",\"@id\":\"https:\/\/www.parkgest.ch\/#website\",\"url\":\"https:\/\/www.parkgest.ch\/\",\"name\":\"Parkgest\",\"description\":\"R\u00e9seau de parkings \u00e0 Gen\u00e8ve et Suisse romande\",\"potentialAction\":[{\"@type\":\"SearchAction\",\"target\":{\"@type\":\"EntryPoint\",\"urlTemplate\":\"https:\/\/www.parkgest.ch\/?s={search_term_string}\"},\"query-input\":\"required name=search_term_string\"}],\"inLanguage\":\"en-US\"}]}<\/script>\n<!-- \/ Yoast SEO plugin. -->","yoast_head_json":{"title":"Partial management mandate | Parkgest","description":"This covers the so-called partial management of the car park or car parks, based on a selection of activities forming the global management mandate.","robots":{"index":"index","follow":"follow","max-snippet":"max-snippet:-1","max-image-preview":"max-image-preview:large","max-video-preview":"max-video-preview:-1"},"canonical":"https:\/\/www.parkgest.ch\/en\/management\/mandat-de-gestion-partielle-2\/","og_locale":"en_US","og_type":"article","og_title":"Partial management mandate | Parkgest","og_description":"This covers the so-called partial management of the car park or car parks, based on a selection of activities forming the global management mandate.","og_url":"https:\/\/www.parkgest.ch\/en\/management\/mandat-de-gestion-partielle-2\/","og_site_name":"Parkgest","article_modified_time":"2016-04-22T09:24:53+00:00","og_image":[{"width":1920,"height":380,"url":"https:\/\/www.parkgest.ch\/wp-content\/uploads\/gestion.jpg","type":"image\/jpeg"}],"schema":{"@context":"https:\/\/schema.org","@graph":[{"@type":"WebPage","@id":"https:\/\/www.parkgest.ch\/en\/management\/mandat-de-gestion-partielle-2\/","url":"https:\/\/www.parkgest.ch\/en\/management\/mandat-de-gestion-partielle-2\/","name":"Partial management mandate | Parkgest","isPartOf":{"@id":"https:\/\/www.parkgest.ch\/#website"},"datePublished":"2012-12-04T16:23:07+00:00","dateModified":"2016-04-22T09:24:53+00:00","description":"This covers the so-called partial management of the car park or car parks, based on a selection of activities forming the global management mandate.","breadcrumb":{"@id":"https:\/\/www.parkgest.ch\/en\/management\/mandat-de-gestion-partielle-2\/#breadcrumb"},"inLanguage":"en-US","potentialAction":[{"@type":"ReadAction","target":["https:\/\/www.parkgest.ch\/en\/management\/mandat-de-gestion-partielle-2\/"]}]},{"@type":"BreadcrumbList","@id":"https:\/\/www.parkgest.ch\/en\/management\/mandat-de-gestion-partielle-2\/#breadcrumb","itemListElement":[{"@type":"ListItem","position":1,"name":"Accueil","item":"https:\/\/www.parkgest.ch\/en\/"},{"@type":"ListItem","position":2,"name":"Management","item":"https:\/\/www.parkgest.ch\/en\/management\/"},{"@type":"ListItem","position":3,"name":"Partial management mandate"}]},{"@type":"WebSite","@id":"https:\/\/www.parkgest.ch\/#website","url":"https:\/\/www.parkgest.ch\/","name":"Parkgest","description":"R\u00e9seau de parkings \u00e0 Gen\u00e8ve et Suisse romande","potentialAction":[{"@type":"SearchAction","target":{"@type":"EntryPoint","urlTemplate":"https:\/\/www.parkgest.ch\/?s={search_term_string}"},"query-input":"required name=search_term_string"}],"inLanguage":"en-US"}]}},"_links":{"self":[{"href":"https:\/\/www.parkgest.ch\/en\/wp-json\/wp\/v2\/pages\/1306"}],"collection":[{"href":"https:\/\/www.parkgest.ch\/en\/wp-json\/wp\/v2\/pages"}],"about":[{"href":"https:\/\/www.parkgest.ch\/en\/wp-json\/wp\/v2\/types\/page"}],"author":[{"embeddable":true,"href":"https:\/\/www.parkgest.ch\/en\/wp-json\/wp\/v2\/users\/5"}],"replies":[{"embeddable":true,"href":"https:\/\/www.parkgest.ch\/en\/wp-json\/wp\/v2\/comments?post=1306"}],"version-history":[{"count":0,"href":"https:\/\/www.parkgest.ch\/en\/wp-json\/wp\/v2\/pages\/1306\/revisions"}],"up":[{"embeddable":true,"href":"https:\/\/www.parkgest.ch\/en\/wp-json\/wp\/v2\/pages\/1291"}],"wp:featuredmedia":[{"embeddable":true,"href":"https:\/\/www.parkgest.ch\/en\/wp-json\/wp\/v2\/media\/513"}],"wp:attachment":[{"href":"https:\/\/www.parkgest.ch\/en\/wp-json\/wp\/v2\/media?parent=1306"}],"wp:term":[{"taxonomy":"post_tag","embeddable":true,"href":"https:\/\/www.parkgest.ch\/en\/wp-json\/wp\/v2\/tags?post=1306"}],"curies":[{"name":"wp","href":"https:\/\/api.w.org\/{rel}","templated":true}]}}