{"id":1294,"date":"2012-11-21T19:49:05","date_gmt":"2012-11-21T19:49:05","guid":{"rendered":"http:\/\/www.parkgest.ch\/parkgest-3\/"},"modified":"2023-03-17T10:44:12","modified_gmt":"2023-03-17T09:44:12","slug":"parkgest","status":"publish","type":"page","link":"https:\/\/www.parkgest.ch\/en\/parkgest\/","title":{"rendered":"Parkgest"},"content":{"rendered":"<p>Since the creation of the Pont du Mont-Blanc car park, acquisition of the majority interest in the Villereuse car park and with the development of Parkgest Services SA, the PARKGEST Group has over 50 years\u2019 experience in the design, construction, operation and renovation of public and private car parks.<\/p>\n<p>In addition to these activities, the PARKGEST Group has acquired vast experience over the years in all the trades and activities involved in global car park management.<br \/>\nWe therefore capitalize on our operating excellence to permanently optimize the accommodation of customers in the car parks under our management and to win specific service and car park management mandates.<\/p>\n<p>Thierry d\u2019Autheville, CEO since July 2011, manages an experienced and dynamic team, which combines all the skills required to take on the provision of management services (operation, financial management and marketing) of companies or public authorities holding car parks as well as management services (commercial and accounting management, safety, control, technical and maintenance) relating to the operation of car parks.<\/p>\n<p>Since its creation, the PARKGEST Group has sought to grow in line with its proprietary car parks and customers, and with its advisory activities, which are increasing with the development of the City and of the Canton.<\/p>\n","protected":false},"excerpt":{"rendered":"<p>Since the creation of the Pont du Mont-Blanc car park, acquisition of the majority interest in the Villereuse car park and with the development of Parkgest Services SA, the PARKGEST Group has over 50 years\u2019 experience in the design, construction, operation and renovation of public and private car parks. In addition to these activities, the [&hellip;]<\/p>\n","protected":false},"author":5,"featured_media":5602,"parent":0,"menu_order":5,"comment_status":"closed","ping_status":"closed","template":"","meta":{"footnotes":""},"tags":[],"yoast_head":"<!-- This site is optimized with the Yoast SEO plugin v21.8 - https:\/\/yoast.com\/wordpress\/plugins\/seo\/ -->\n<title>Parkgest | Parkgest<\/title>\n<meta name=\"description\" content=\"Since its creation, PARKGEST has sought to grow in line with its proprietary car parks and customers, and with its advisory activities.\" \/>\n<meta name=\"robots\" content=\"index, follow, max-snippet:-1, max-image-preview:large, max-video-preview:-1\" \/>\n<link rel=\"canonical\" href=\"https:\/\/www.parkgest.ch\/en\/parkgest\/\" \/>\n<meta property=\"og:locale\" content=\"en_US\" \/>\n<meta property=\"og:type\" content=\"article\" \/>\n<meta property=\"og:title\" content=\"Parkgest | Parkgest\" \/>\n<meta property=\"og:description\" content=\"Since its creation, PARKGEST has sought to grow in line with its proprietary car parks and customers, and with its advisory activities.\" \/>\n<meta property=\"og:url\" content=\"https:\/\/www.parkgest.ch\/en\/parkgest\/\" \/>\n<meta property=\"og:site_name\" content=\"Parkgest\" \/>\n<meta property=\"article:modified_time\" content=\"2023-03-17T09:44:12+00:00\" \/>\n<meta property=\"og:image\" content=\"https:\/\/www.parkgest.ch\/wp-content\/uploads\/LA04532-Page-qui-sommes-nous-le-groupe-1.jpg\" \/>\n\t<meta property=\"og:image:width\" content=\"1200\" \/>\n\t<meta property=\"og:image:height\" content=\"666\" \/>\n\t<meta property=\"og:image:type\" content=\"image\/jpeg\" \/>\n<meta name=\"twitter:label1\" content=\"Est. reading time\" \/>\n\t<meta name=\"twitter:data1\" content=\"2 minutes\" \/>\n<script type=\"application\/ld+json\" class=\"yoast-schema-graph\">{\"@context\":\"https:\/\/schema.org\",\"@graph\":[{\"@type\":\"WebPage\",\"@id\":\"https:\/\/www.parkgest.ch\/en\/parkgest\/\",\"url\":\"https:\/\/www.parkgest.ch\/en\/parkgest\/\",\"name\":\"Parkgest | Parkgest\",\"isPartOf\":{\"@id\":\"https:\/\/www.parkgest.ch\/#website\"},\"datePublished\":\"2012-11-21T19:49:05+00:00\",\"dateModified\":\"2023-03-17T09:44:12+00:00\",\"description\":\"Since its creation, PARKGEST has sought to grow in line with its proprietary car parks and customers, and with its advisory activities.\",\"breadcrumb\":{\"@id\":\"https:\/\/www.parkgest.ch\/en\/parkgest\/#breadcrumb\"},\"inLanguage\":\"en-US\",\"potentialAction\":[{\"@type\":\"ReadAction\",\"target\":[\"https:\/\/www.parkgest.ch\/en\/parkgest\/\"]}]},{\"@type\":\"BreadcrumbList\",\"@id\":\"https:\/\/www.parkgest.ch\/en\/parkgest\/#breadcrumb\",\"itemListElement\":[{\"@type\":\"ListItem\",\"position\":1,\"name\":\"Accueil\",\"item\":\"https:\/\/www.parkgest.ch\/en\/\"},{\"@type\":\"ListItem\",\"position\":2,\"name\":\"Parkgest\"}]},{\"@type\":\"WebSite\",\"@id\":\"https:\/\/www.parkgest.ch\/#website\",\"url\":\"https:\/\/www.parkgest.ch\/\",\"name\":\"Parkgest\",\"description\":\"R\u00e9seau de parkings \u00e0 Gen\u00e8ve et Suisse romande\",\"potentialAction\":[{\"@type\":\"SearchAction\",\"target\":{\"@type\":\"EntryPoint\",\"urlTemplate\":\"https:\/\/www.parkgest.ch\/?s={search_term_string}\"},\"query-input\":\"required name=search_term_string\"}],\"inLanguage\":\"en-US\"}]}<\/script>\n<!-- \/ Yoast SEO plugin. -->","yoast_head_json":{"title":"Parkgest | Parkgest","description":"Since its creation, PARKGEST has sought to grow in line with its proprietary car parks and customers, and with its advisory activities.","robots":{"index":"index","follow":"follow","max-snippet":"max-snippet:-1","max-image-preview":"max-image-preview:large","max-video-preview":"max-video-preview:-1"},"canonical":"https:\/\/www.parkgest.ch\/en\/parkgest\/","og_locale":"en_US","og_type":"article","og_title":"Parkgest | Parkgest","og_description":"Since its creation, PARKGEST has sought to grow in line with its proprietary car parks and customers, and with its advisory activities.","og_url":"https:\/\/www.parkgest.ch\/en\/parkgest\/","og_site_name":"Parkgest","article_modified_time":"2023-03-17T09:44:12+00:00","og_image":[{"width":1200,"height":666,"url":"https:\/\/www.parkgest.ch\/wp-content\/uploads\/LA04532-Page-qui-sommes-nous-le-groupe-1.jpg","type":"image\/jpeg"}],"twitter_misc":{"Est. reading time":"2 minutes"},"schema":{"@context":"https:\/\/schema.org","@graph":[{"@type":"WebPage","@id":"https:\/\/www.parkgest.ch\/en\/parkgest\/","url":"https:\/\/www.parkgest.ch\/en\/parkgest\/","name":"Parkgest | Parkgest","isPartOf":{"@id":"https:\/\/www.parkgest.ch\/#website"},"datePublished":"2012-11-21T19:49:05+00:00","dateModified":"2023-03-17T09:44:12+00:00","description":"Since its creation, PARKGEST has sought to grow in line with its proprietary car parks and customers, and with its advisory activities.","breadcrumb":{"@id":"https:\/\/www.parkgest.ch\/en\/parkgest\/#breadcrumb"},"inLanguage":"en-US","potentialAction":[{"@type":"ReadAction","target":["https:\/\/www.parkgest.ch\/en\/parkgest\/"]}]},{"@type":"BreadcrumbList","@id":"https:\/\/www.parkgest.ch\/en\/parkgest\/#breadcrumb","itemListElement":[{"@type":"ListItem","position":1,"name":"Accueil","item":"https:\/\/www.parkgest.ch\/en\/"},{"@type":"ListItem","position":2,"name":"Parkgest"}]},{"@type":"WebSite","@id":"https:\/\/www.parkgest.ch\/#website","url":"https:\/\/www.parkgest.ch\/","name":"Parkgest","description":"R\u00e9seau de parkings \u00e0 Gen\u00e8ve et Suisse romande","potentialAction":[{"@type":"SearchAction","target":{"@type":"EntryPoint","urlTemplate":"https:\/\/www.parkgest.ch\/?s={search_term_string}"},"query-input":"required name=search_term_string"}],"inLanguage":"en-US"}]}},"_links":{"self":[{"href":"https:\/\/www.parkgest.ch\/en\/wp-json\/wp\/v2\/pages\/1294"}],"collection":[{"href":"https:\/\/www.parkgest.ch\/en\/wp-json\/wp\/v2\/pages"}],"about":[{"href":"https:\/\/www.parkgest.ch\/en\/wp-json\/wp\/v2\/types\/page"}],"author":[{"embeddable":true,"href":"https:\/\/www.parkgest.ch\/en\/wp-json\/wp\/v2\/users\/5"}],"replies":[{"embeddable":true,"href":"https:\/\/www.parkgest.ch\/en\/wp-json\/wp\/v2\/comments?post=1294"}],"version-history":[{"count":1,"href":"https:\/\/www.parkgest.ch\/en\/wp-json\/wp\/v2\/pages\/1294\/revisions"}],"predecessor-version":[{"id":9101,"href":"https:\/\/www.parkgest.ch\/en\/wp-json\/wp\/v2\/pages\/1294\/revisions\/9101"}],"wp:featuredmedia":[{"embeddable":true,"href":"https:\/\/www.parkgest.ch\/en\/wp-json\/wp\/v2\/media\/5602"}],"wp:attachment":[{"href":"https:\/\/www.parkgest.ch\/en\/wp-json\/wp\/v2\/media?parent=1294"}],"wp:term":[{"taxonomy":"post_tag","embeddable":true,"href":"https:\/\/www.parkgest.ch\/en\/wp-json\/wp\/v2\/tags?post=1294"}],"curies":[{"name":"wp","href":"https:\/\/api.w.org\/{rel}","templated":true}]}}