{"id":1291,"date":"2012-11-21T19:48:38","date_gmt":"2012-11-21T19:48:38","guid":{"rendered":"http:\/\/www.parkgest.ch\/management\/"},"modified":"2020-08-04T09:32:04","modified_gmt":"2020-08-04T08:32:04","slug":"management","status":"publish","type":"page","link":"https:\/\/www.parkgest.ch\/en\/management\/","title":{"rendered":"Management"},"content":{"rendered":"<p>The PARKGEST group adds great value to the planning of your car park projects. Our profitability analysis department will review the impact of your concept in the light of environmental, technological and economic conditions and advise you on the selection of pragmatic and long-term solutions.<\/p>\n<p>Our technical expertise, based on 50 years of on-site experience, enables us to evaluate every factor contributing to development, and provide you with:<\/p>\n<ul>\n<li>a global concept concerning the structure, energy, equipment and safety of your project;<\/li>\n<li>an assessment of your project\u2019s impact on the environment from the construction to the operational phase;<\/li>\n<li>management of external areas;<\/li>\n<li>the organisation of traffic in the sector and access to the car park; and<\/li>\n<li>management and maintenance solutions.<\/li>\n<\/ul>\n<p>We support you in choosing your equipment and provide you with administrative assistance in managing authorisation procedures as well as in negotiations with authorities and other partners.<\/p>\n<p>Ever since PARKGEST successfully managed the challenge of the first, and to date only car park in Switzerland located under a lake, the corporation has regularly introduced innovations. These include the installation of sensors to guide cars to the appropriate spaces, and more recently the first-ever XXL zone, with the most spacious parking spaces in Switzerland. Our engineers provide you with valuable support for the evaluation of your project, as well as getting it ready for smooth and efficient operations, above all.<\/p>\n<figure><img loading=\"lazy\" decoding=\"async\" class=\"d-none d-md-block aligncenter wp-image-5493 size-full\" src=\"https:\/\/www.parkgest.ch\/wp-content\/uploads\/manage-en.png\" alt=\"\" width=\"590\" height=\"319\" srcset=\"https:\/\/www.parkgest.ch\/wp-content\/uploads\/manage-en.png 590w, https:\/\/www.parkgest.ch\/wp-content\/uploads\/manage-en-125x68.png 125w\" sizes=\"(max-width: 590px) 100vw, 590px\" \/><img loading=\"lazy\" decoding=\"async\" class=\"size-full wp-image-5494 d-md-none aligncenter\" src=\"https:\/\/www.parkgest.ch\/wp-content\/uploads\/manage-mobile-en.png\" alt=\"\" width=\"319\" height=\"644\" \/><\/figure>\n","protected":false},"excerpt":{"rendered":"<p>The PARKGEST group adds great value to the planning of your car park projects. Our profitability analysis department will review the impact of your concept in the light of environmental, technological and economic conditions and advise you on the selection of pragmatic and long-term solutions. Our technical expertise, based on 50 years of on-site experience, [&hellip;]<\/p>\n","protected":false},"author":5,"featured_media":5647,"parent":0,"menu_order":4,"comment_status":"closed","ping_status":"closed","template":"","meta":{"footnotes":""},"tags":[],"yoast_head":"<!-- This site is optimized with the Yoast SEO plugin v21.8 - https:\/\/yoast.com\/wordpress\/plugins\/seo\/ -->\n<title>Management | Parkgest<\/title>\n<meta name=\"description\" content=\"PARKGEST concentrates on its sole trade: the management of private and public car parks. With historical experience, we offer the range of services.\" \/>\n<meta name=\"robots\" content=\"index, follow, max-snippet:-1, max-image-preview:large, max-video-preview:-1\" \/>\n<link rel=\"canonical\" href=\"https:\/\/www.parkgest.ch\/en\/management\/\" \/>\n<meta property=\"og:locale\" content=\"en_US\" \/>\n<meta property=\"og:type\" content=\"article\" \/>\n<meta property=\"og:title\" content=\"Management | Parkgest\" \/>\n<meta property=\"og:description\" content=\"PARKGEST concentrates on its sole trade: the management of private and public car parks. With historical experience, we offer the range of services.\" \/>\n<meta property=\"og:url\" content=\"https:\/\/www.parkgest.ch\/en\/management\/\" \/>\n<meta property=\"og:site_name\" content=\"Parkgest\" \/>\n<meta property=\"article:modified_time\" content=\"2020-08-04T08:32:04+00:00\" \/>\n<meta property=\"og:image\" content=\"https:\/\/www.parkgest.ch\/wp-content\/uploads\/tandem_parkgest-13-gestion-scaled.jpg\" \/>\n\t<meta property=\"og:image:width\" content=\"2560\" \/>\n\t<meta property=\"og:image:height\" content=\"1600\" \/>\n\t<meta property=\"og:image:type\" content=\"image\/jpeg\" \/>\n<meta name=\"twitter:label1\" content=\"Est. reading time\" \/>\n\t<meta name=\"twitter:data1\" content=\"1 minute\" \/>\n<script type=\"application\/ld+json\" class=\"yoast-schema-graph\">{\"@context\":\"https:\/\/schema.org\",\"@graph\":[{\"@type\":\"WebPage\",\"@id\":\"https:\/\/www.parkgest.ch\/en\/management\/\",\"url\":\"https:\/\/www.parkgest.ch\/en\/management\/\",\"name\":\"Management | Parkgest\",\"isPartOf\":{\"@id\":\"https:\/\/www.parkgest.ch\/#website\"},\"datePublished\":\"2012-11-21T19:48:38+00:00\",\"dateModified\":\"2020-08-04T08:32:04+00:00\",\"description\":\"PARKGEST concentrates on its sole trade: the management of private and public car parks. With historical experience, we offer the range of services.\",\"breadcrumb\":{\"@id\":\"https:\/\/www.parkgest.ch\/en\/management\/#breadcrumb\"},\"inLanguage\":\"en-US\",\"potentialAction\":[{\"@type\":\"ReadAction\",\"target\":[\"https:\/\/www.parkgest.ch\/en\/management\/\"]}]},{\"@type\":\"BreadcrumbList\",\"@id\":\"https:\/\/www.parkgest.ch\/en\/management\/#breadcrumb\",\"itemListElement\":[{\"@type\":\"ListItem\",\"position\":1,\"name\":\"Accueil\",\"item\":\"https:\/\/www.parkgest.ch\/en\/\"},{\"@type\":\"ListItem\",\"position\":2,\"name\":\"Management\"}]},{\"@type\":\"WebSite\",\"@id\":\"https:\/\/www.parkgest.ch\/#website\",\"url\":\"https:\/\/www.parkgest.ch\/\",\"name\":\"Parkgest\",\"description\":\"R\u00e9seau de parkings \u00e0 Gen\u00e8ve et Suisse romande\",\"potentialAction\":[{\"@type\":\"SearchAction\",\"target\":{\"@type\":\"EntryPoint\",\"urlTemplate\":\"https:\/\/www.parkgest.ch\/?s={search_term_string}\"},\"query-input\":\"required name=search_term_string\"}],\"inLanguage\":\"en-US\"}]}<\/script>\n<!-- \/ Yoast SEO plugin. -->","yoast_head_json":{"title":"Management | Parkgest","description":"PARKGEST concentrates on its sole trade: the management of private and public car parks. With historical experience, we offer the range of services.","robots":{"index":"index","follow":"follow","max-snippet":"max-snippet:-1","max-image-preview":"max-image-preview:large","max-video-preview":"max-video-preview:-1"},"canonical":"https:\/\/www.parkgest.ch\/en\/management\/","og_locale":"en_US","og_type":"article","og_title":"Management | Parkgest","og_description":"PARKGEST concentrates on its sole trade: the management of private and public car parks. With historical experience, we offer the range of services.","og_url":"https:\/\/www.parkgest.ch\/en\/management\/","og_site_name":"Parkgest","article_modified_time":"2020-08-04T08:32:04+00:00","og_image":[{"width":2560,"height":1600,"url":"https:\/\/www.parkgest.ch\/wp-content\/uploads\/tandem_parkgest-13-gestion-scaled.jpg","type":"image\/jpeg"}],"twitter_misc":{"Est. reading time":"1 minute"},"schema":{"@context":"https:\/\/schema.org","@graph":[{"@type":"WebPage","@id":"https:\/\/www.parkgest.ch\/en\/management\/","url":"https:\/\/www.parkgest.ch\/en\/management\/","name":"Management | Parkgest","isPartOf":{"@id":"https:\/\/www.parkgest.ch\/#website"},"datePublished":"2012-11-21T19:48:38+00:00","dateModified":"2020-08-04T08:32:04+00:00","description":"PARKGEST concentrates on its sole trade: the management of private and public car parks. With historical experience, we offer the range of services.","breadcrumb":{"@id":"https:\/\/www.parkgest.ch\/en\/management\/#breadcrumb"},"inLanguage":"en-US","potentialAction":[{"@type":"ReadAction","target":["https:\/\/www.parkgest.ch\/en\/management\/"]}]},{"@type":"BreadcrumbList","@id":"https:\/\/www.parkgest.ch\/en\/management\/#breadcrumb","itemListElement":[{"@type":"ListItem","position":1,"name":"Accueil","item":"https:\/\/www.parkgest.ch\/en\/"},{"@type":"ListItem","position":2,"name":"Management"}]},{"@type":"WebSite","@id":"https:\/\/www.parkgest.ch\/#website","url":"https:\/\/www.parkgest.ch\/","name":"Parkgest","description":"R\u00e9seau de parkings \u00e0 Gen\u00e8ve et Suisse romande","potentialAction":[{"@type":"SearchAction","target":{"@type":"EntryPoint","urlTemplate":"https:\/\/www.parkgest.ch\/?s={search_term_string}"},"query-input":"required name=search_term_string"}],"inLanguage":"en-US"}]}},"_links":{"self":[{"href":"https:\/\/www.parkgest.ch\/en\/wp-json\/wp\/v2\/pages\/1291"}],"collection":[{"href":"https:\/\/www.parkgest.ch\/en\/wp-json\/wp\/v2\/pages"}],"about":[{"href":"https:\/\/www.parkgest.ch\/en\/wp-json\/wp\/v2\/types\/page"}],"author":[{"embeddable":true,"href":"https:\/\/www.parkgest.ch\/en\/wp-json\/wp\/v2\/users\/5"}],"replies":[{"embeddable":true,"href":"https:\/\/www.parkgest.ch\/en\/wp-json\/wp\/v2\/comments?post=1291"}],"version-history":[{"count":0,"href":"https:\/\/www.parkgest.ch\/en\/wp-json\/wp\/v2\/pages\/1291\/revisions"}],"wp:featuredmedia":[{"embeddable":true,"href":"https:\/\/www.parkgest.ch\/en\/wp-json\/wp\/v2\/media\/5647"}],"wp:attachment":[{"href":"https:\/\/www.parkgest.ch\/en\/wp-json\/wp\/v2\/media?parent=1291"}],"wp:term":[{"taxonomy":"post_tag","embeddable":true,"href":"https:\/\/www.parkgest.ch\/en\/wp-json\/wp\/v2\/tags?post=1291"}],"curies":[{"name":"wp","href":"https:\/\/api.w.org\/{rel}","templated":true}]}}