{"id":1288,"date":"2012-11-21T19:48:20","date_gmt":"2012-11-21T19:48:20","guid":{"rendered":"http:\/\/www.parkgest.ch\/advertising-space\/"},"modified":"2025-03-27T11:13:44","modified_gmt":"2025-03-27T10:13:44","slug":"advertising-space","status":"publish","type":"page","link":"https:\/\/www.parkgest.ch\/en\/advertising-space\/","title":{"rendered":"Advertising"},"content":{"rendered":"<div class=\"pkg-block pkg-block-text pkg-block-text--normal\">\n<h2>Advertising<\/h2>\n<p>The network of advertising spaces in our Mont Blanc and Villereuse car parks, with almost 3 million visitors a year, offers an excellent basis for visibility and impact.<\/p>\n<p>For example, thanks to the daily traffic of more than 6,000 users in the Mont Blanc car park alone, an advertisement in the entrance and exit area is seen 12,000 times a day!<\/p>\n<p>A broad range of solutions with very different possibilities is available to you: ads on tickets or on barriers, in the paying zone, in lifts, around the escalators and on exhibition platforms in the basement.<\/p>\n<p>For 50 years our car parks have been used by the largest Geneva-based international brands to promote their image, showcase their brand culture and promote the sale of their products.You can benefit from the same exposure!<\/p>\n<\/div>\n<div class=\"pkg-block pkg-block-text\">\n<h2>Average visiting indicator<\/h2>\n<h3>Mont-Blanc car park<\/h3>\n<div class=\"table-responsive\"><table  style=\"width:100%; \"  class=\"easy-table easy-table-default \" border=\"0\">\n<thead>\r\n<tr><th  style=\"width:290px;text-align:left\" ><\/th>\n<th  style=\"width:150px;text-align:right\" >Per year<\/th>\n<th  style=\"width:150px;text-align:right\" >Monthly<\/th>\n<th  style=\"width:150px;text-align:right\" >Daily<\/th>\n<\/tr>\n<\/thead>\n<tbody>\r\n<tr><td  style=\"text-align:left\" >Vehicles<\/td>\n<td  style=\"text-align:right\" >1'100'000<\/td>\n<td  style=\"text-align:right\" >100'000<\/td>\n<td  style=\"text-align:right\" >3'225<\/td>\n<\/tr>\n\r\n<tr><td  style=\"text-align:left\" >Users<\/td>\n<td  style=\"text-align:right\" >2'196'000<\/td>\n<td  style=\"text-align:right\" >183'000<\/td>\n<td  style=\"text-align:right\" >6'100<\/td>\n<\/tr>\n\r\n<tr><td  style=\"text-align:left\" >Probability of Contact<\/td>\n<td  style=\"text-align:right\" >4'392'000<\/td>\n<td  style=\"text-align:right\" >366'000<\/td>\n<td  style=\"text-align:right\" >12'200<\/td>\n<\/tr>\n<\/tbody><\/table><\/div>\n<h3>Villereuse car park<\/h3>\n<div class=\"table-responsive\"><table  style=\"width:100%; \"  class=\"easy-table easy-table-default \" border=\"0\">\n<thead>\r\n<tr><th  style=\"width:290px;text-align:left\" ><\/th>\n<th  style=\"width:150px;text-align:right\" >Per year<\/th>\n<th  style=\"width:150px;text-align:right\" >Monthly<\/th>\n<th  style=\"width:150px;text-align:right\" >Daily<\/th>\n<\/tr>\n<\/thead>\n<tbody>\r\n<tr><td  style=\"text-align:left\" >Vehicles<\/td>\n<td  style=\"text-align:right\" >250'000<\/td>\n<td  style=\"text-align:right\" >20'833<\/td>\n<td  style=\"text-align:right\" >694<\/td>\n<\/tr>\n\r\n<tr><td  style=\"text-align:left\" >Users<\/td>\n<td  style=\"text-align:right\" >457'500<\/td>\n<td  style=\"text-align:right\" >38'125<\/td>\n<td  style=\"text-align:right\" >1'271<\/td>\n<\/tr>\n\r\n<tr><td  style=\"text-align:left\" >Probability of Contact<\/td>\n<td  style=\"text-align:right\" >915'000<\/td>\n<td  style=\"text-align:right\" >76'250<\/td>\n<td  style=\"text-align:right\" >2'542<\/td>\n<\/tr>\n<\/tbody><\/table><\/div>\n<\/div>\n<div class=\"row pkg-contact\">\n<div class=\"col-12\">\n<p>We have solutions that will convey your advertising message effectively.<\/p>\n<\/div>\n<div class=\"col-md-6\"><a class=\"contact-item\" href=\"tel:0223160860\"><span class=\"contact-item__text\">Call us on 022 316 08 60<\/span><i class=\"icon-phone\"><\/i><\/a><\/div>\n<div class=\"col-md-6\"><a class=\"contact-item\" href=\"mailto:publicite@parkgest.ch\"><span class=\"contact-item__text\">Send an e-mail to publicite@parkgest.ch<\/span><i class=\"icon-mail\"><\/i><\/a><\/div>\n<\/div>\n<div class=\"partners\">\n<div class=\"row\">\n<div class=\"col-md-8\">\n<p>We cooperate with the entities <a href=\"http:\/\/www.diffusia.ch\" target=\"_blank\" rel=\"noopener noreferrer\">Diffusia<\/a> and <a href=\"http:\/\/www.force-promotion.ch\" target=\"_blank\" rel=\"noopener noreferrer\">Force Promotion<\/a>. Have a look at their websites to discover the advertising solutions available.<\/p>\n<\/div>\n<div class=\"col-md-4 partners__icons\"><i class=\"icon icon-diffusia\"><\/i><br \/>\n<i class=\"icon icon-force\"><\/i><\/div>\n<\/div>\n<\/div>\n","protected":false},"excerpt":{"rendered":"<p>Advertising The network of advertising spaces in our Mont Blanc and Villereuse car parks, with almost 3 million visitors a year, offers an excellent basis for visibility and impact. For example, thanks to the daily traffic of more than 6,000 users in the Mont Blanc car park alone, an advertisement in the entrance and exit [&hellip;]<\/p>\n","protected":false},"author":5,"featured_media":5861,"parent":0,"menu_order":3,"comment_status":"closed","ping_status":"closed","template":"annonce.php","meta":{"footnotes":""},"tags":[],"yoast_head":"<!-- This site is optimized with the Yoast SEO plugin v21.8 - https:\/\/yoast.com\/wordpress\/plugins\/seo\/ -->\n<title>Advertising | Parkgest<\/title>\n<meta name=\"description\" content=\"Our car parks offer a large choice of high-impact advertising spaces. With almost 3 million motorists every year, our display networks offer excellence.\" \/>\n<meta name=\"robots\" content=\"index, follow, max-snippet:-1, max-image-preview:large, max-video-preview:-1\" \/>\n<link rel=\"canonical\" href=\"https:\/\/www.parkgest.ch\/en\/advertising-space\/\" \/>\n<meta property=\"og:locale\" content=\"en_US\" \/>\n<meta property=\"og:type\" content=\"article\" \/>\n<meta property=\"og:title\" content=\"Advertising | Parkgest\" \/>\n<meta property=\"og:description\" content=\"Our car parks offer a large choice of high-impact advertising spaces. With almost 3 million motorists every year, our display networks offer excellence.\" \/>\n<meta property=\"og:url\" content=\"https:\/\/www.parkgest.ch\/en\/advertising-space\/\" \/>\n<meta property=\"og:site_name\" content=\"Parkgest\" \/>\n<meta property=\"article:modified_time\" content=\"2025-03-27T10:13:44+00:00\" \/>\n<meta property=\"og:image\" content=\"https:\/\/www.parkgest.ch\/wp-content\/uploads\/LS01904HD-1.jpg\" \/>\n\t<meta property=\"og:image:width\" content=\"1800\" \/>\n\t<meta property=\"og:image:height\" content=\"669\" \/>\n\t<meta property=\"og:image:type\" content=\"image\/jpeg\" \/>\n<meta name=\"twitter:label1\" content=\"Est. reading time\" \/>\n\t<meta name=\"twitter:data1\" content=\"2 minutes\" \/>\n<script type=\"application\/ld+json\" class=\"yoast-schema-graph\">{\"@context\":\"https:\/\/schema.org\",\"@graph\":[{\"@type\":\"WebPage\",\"@id\":\"https:\/\/www.parkgest.ch\/en\/advertising-space\/\",\"url\":\"https:\/\/www.parkgest.ch\/en\/advertising-space\/\",\"name\":\"Advertising | Parkgest\",\"isPartOf\":{\"@id\":\"https:\/\/www.parkgest.ch\/#website\"},\"datePublished\":\"2012-11-21T19:48:20+00:00\",\"dateModified\":\"2025-03-27T10:13:44+00:00\",\"description\":\"Our car parks offer a large choice of high-impact advertising spaces. With almost 3 million motorists every year, our display networks offer excellence.\",\"breadcrumb\":{\"@id\":\"https:\/\/www.parkgest.ch\/en\/advertising-space\/#breadcrumb\"},\"inLanguage\":\"en-US\",\"potentialAction\":[{\"@type\":\"ReadAction\",\"target\":[\"https:\/\/www.parkgest.ch\/en\/advertising-space\/\"]}]},{\"@type\":\"BreadcrumbList\",\"@id\":\"https:\/\/www.parkgest.ch\/en\/advertising-space\/#breadcrumb\",\"itemListElement\":[{\"@type\":\"ListItem\",\"position\":1,\"name\":\"Accueil\",\"item\":\"https:\/\/www.parkgest.ch\/en\/\"},{\"@type\":\"ListItem\",\"position\":2,\"name\":\"Advertising\"}]},{\"@type\":\"WebSite\",\"@id\":\"https:\/\/www.parkgest.ch\/#website\",\"url\":\"https:\/\/www.parkgest.ch\/\",\"name\":\"Parkgest\",\"description\":\"R\u00e9seau de parkings \u00e0 Gen\u00e8ve et Suisse romande\",\"potentialAction\":[{\"@type\":\"SearchAction\",\"target\":{\"@type\":\"EntryPoint\",\"urlTemplate\":\"https:\/\/www.parkgest.ch\/?s={search_term_string}\"},\"query-input\":\"required name=search_term_string\"}],\"inLanguage\":\"en-US\"}]}<\/script>\n<!-- \/ Yoast SEO plugin. -->","yoast_head_json":{"title":"Advertising | Parkgest","description":"Our car parks offer a large choice of high-impact advertising spaces. With almost 3 million motorists every year, our display networks offer excellence.","robots":{"index":"index","follow":"follow","max-snippet":"max-snippet:-1","max-image-preview":"max-image-preview:large","max-video-preview":"max-video-preview:-1"},"canonical":"https:\/\/www.parkgest.ch\/en\/advertising-space\/","og_locale":"en_US","og_type":"article","og_title":"Advertising | Parkgest","og_description":"Our car parks offer a large choice of high-impact advertising spaces. With almost 3 million motorists every year, our display networks offer excellence.","og_url":"https:\/\/www.parkgest.ch\/en\/advertising-space\/","og_site_name":"Parkgest","article_modified_time":"2025-03-27T10:13:44+00:00","og_image":[{"width":1800,"height":669,"url":"https:\/\/www.parkgest.ch\/wp-content\/uploads\/LS01904HD-1.jpg","type":"image\/jpeg"}],"twitter_misc":{"Est. reading time":"2 minutes"},"schema":{"@context":"https:\/\/schema.org","@graph":[{"@type":"WebPage","@id":"https:\/\/www.parkgest.ch\/en\/advertising-space\/","url":"https:\/\/www.parkgest.ch\/en\/advertising-space\/","name":"Advertising | Parkgest","isPartOf":{"@id":"https:\/\/www.parkgest.ch\/#website"},"datePublished":"2012-11-21T19:48:20+00:00","dateModified":"2025-03-27T10:13:44+00:00","description":"Our car parks offer a large choice of high-impact advertising spaces. With almost 3 million motorists every year, our display networks offer excellence.","breadcrumb":{"@id":"https:\/\/www.parkgest.ch\/en\/advertising-space\/#breadcrumb"},"inLanguage":"en-US","potentialAction":[{"@type":"ReadAction","target":["https:\/\/www.parkgest.ch\/en\/advertising-space\/"]}]},{"@type":"BreadcrumbList","@id":"https:\/\/www.parkgest.ch\/en\/advertising-space\/#breadcrumb","itemListElement":[{"@type":"ListItem","position":1,"name":"Accueil","item":"https:\/\/www.parkgest.ch\/en\/"},{"@type":"ListItem","position":2,"name":"Advertising"}]},{"@type":"WebSite","@id":"https:\/\/www.parkgest.ch\/#website","url":"https:\/\/www.parkgest.ch\/","name":"Parkgest","description":"R\u00e9seau de parkings \u00e0 Gen\u00e8ve et Suisse romande","potentialAction":[{"@type":"SearchAction","target":{"@type":"EntryPoint","urlTemplate":"https:\/\/www.parkgest.ch\/?s={search_term_string}"},"query-input":"required name=search_term_string"}],"inLanguage":"en-US"}]}},"_links":{"self":[{"href":"https:\/\/www.parkgest.ch\/en\/wp-json\/wp\/v2\/pages\/1288"}],"collection":[{"href":"https:\/\/www.parkgest.ch\/en\/wp-json\/wp\/v2\/pages"}],"about":[{"href":"https:\/\/www.parkgest.ch\/en\/wp-json\/wp\/v2\/types\/page"}],"author":[{"embeddable":true,"href":"https:\/\/www.parkgest.ch\/en\/wp-json\/wp\/v2\/users\/5"}],"replies":[{"embeddable":true,"href":"https:\/\/www.parkgest.ch\/en\/wp-json\/wp\/v2\/comments?post=1288"}],"version-history":[{"count":2,"href":"https:\/\/www.parkgest.ch\/en\/wp-json\/wp\/v2\/pages\/1288\/revisions"}],"predecessor-version":[{"id":10456,"href":"https:\/\/www.parkgest.ch\/en\/wp-json\/wp\/v2\/pages\/1288\/revisions\/10456"}],"wp:featuredmedia":[{"embeddable":true,"href":"https:\/\/www.parkgest.ch\/en\/wp-json\/wp\/v2\/media\/5861"}],"wp:attachment":[{"href":"https:\/\/www.parkgest.ch\/en\/wp-json\/wp\/v2\/media?parent=1288"}],"wp:term":[{"taxonomy":"post_tag","embeddable":true,"href":"https:\/\/www.parkgest.ch\/en\/wp-json\/wp\/v2\/tags?post=1288"}],"curies":[{"name":"wp","href":"https:\/\/api.w.org\/{rel}","templated":true}]}}