{"id":1282,"date":"2012-11-21T12:14:20","date_gmt":"2012-11-21T12:14:20","guid":{"rendered":"http:\/\/www.parkgest.ch\/where-to-park\/"},"modified":"2025-10-13T05:33:02","modified_gmt":"2025-10-13T04:33:02","slug":"where-to-park","status":"publish","type":"page","link":"https:\/\/www.parkgest.ch\/en\/where-to-park\/","title":{"rendered":"Where shall I park?"},"content":{"rendered":"<h2>Offers suited to everyone\u2019s needs in one of our 18 car parks.<\/h2>\n<p>No matter whether you are an occasional or regular visitor, we offer you solutions tailored to your requirements.<\/p>\n<p>Are you an occasional visitor? Prepare your visit completely transparently with our online calculator, which is available for every one of our car parks.<\/p>\n<p>Are you a regular user? You can save time through our electronic badge. Apply now for your <a title=\"\" href=\"https:\/\/www.parkgest.ch\/en\/permanent-access\/\">permanent access card<\/a>.<\/p>\n<p>Do you live near the De Villereuse or the Des Arcades car parks? Discover our advantageous options by contacting us directly under <a title=\"\" href=\"tel:+41223100130\">+41 22 310 01 30<\/a> or by sending a message to <a title=\"\" href=\"mailto:info@parkgest.ch\">info@parkgest.ch<\/a>.<\/p>\n<p>Are you a commercial user who wants to take out several season passes? Then contact our commercial service under <a title=\"\" href=\"tel:+41223100130\">+41 22 310 01 30<\/a>, or write to us at <a title=\"\" href=\"mailto:info@parkgest.ch\">info@parkgest.ch<\/a>.<\/p>\n<p>PARKGEST offers you\u00a018\u00a0fully equipped car parks in western Switzerland :<\/p>\n<ul style=\"display:none;\">\n<li>4\u00a0car parks in the city, with Mont Blanc, Villereuse,\u00a0Arcades<\/li>\n<li>1 car park in V\u00e9senaz,\u00a0with\u00a0Les Rayes<\/li>\n<li>1 car park in Meinier, with Le Chat<\/li>\n<li>2 car parks in Vand\u0153uvres with Vand\u0153uvres and Esplanade.<\/li>\n<li>1 car park in Th\u00f4nex, with Ch\u00eane-Vert.<\/li>\n<\/ul>\n<div class=\"su-spacer\" style=\"height:20px\"><\/div>\n<div class=\"codespacing_progress_map_area cspm_linear_gradient_bg\" data-map-id=\"map10731\" data-show-infobox=\"true\" data-infobox-display-event=\"onhover\" ><input type=\"hidden\" name=\"cspm_map_page_id_map10731\" id=\"cspm_map_page_id_map10731\" value=\"1282\" \/><div class=\"layout_container fit-in-map\" data-map-id=\"map10731\"><div class=\"map-container\" data-map-id=\"map10731\" style=\"width: 100%;\"><div class=\"cspm-col-lg-12 cspm-col-xs-12 cspm-col-sm-12 cspm-col-md-12\" data-map-id=\"map10731\" style=\"position:relative; overflow:hidden; margin:0; padding:0;\"><div class=\"cspm_custom_controls\" data-map-id=\"map10731\"><div class=\"cspm_map_red_msg_widget cspm_border_shadow cspm_border_radius\" data-map-id=\"map10731\"><\/div><div class=\"cspm_map_green_msg_widget cspm_border_shadow cspm_border_radius\" data-map-id=\"map10731\"><\/div><div class=\"cspm_map_orange_msg_widget cspm_border_shadow cspm_border_radius\" data-map-id=\"map10731\"><\/div><div class=\"cspm_map_blue_msg_widget cspm_border_shadow cspm_border_radius\" data-map-id=\"map10731\"><\/div><div class=\"cspm_map_help_msg_widget cspm_border_shadow cspm_border_radius\" data-map-id=\"map10731\"><\/div><div id=\"pulsating_holder\" class=\"map10731_pulsating\"><div class=\"dot cspm_border_hex\"><\/div><\/div><div class=\"cspm_zoom_container\"><div class=\"cspm_zoom_in_map10731 cspm_map_btn cspm_zoom_in_control cspm_bg_rgb_hover cspm_border_shadow cspm_border_top_radius\" title=\"Zoom in\"><img decoding=\"async\" class=\"cspm_svg cspm_svg_white\" src=\"https:\/\/www.parkgest.ch\/wp-content\/plugins\/codespacing-progress-map\/img\/svg\/addition-sign.svg\" \/><\/div><div class=\"cspm_zoom_out_map10731 cspm_map_btn cspm_zoom_out_control cspm_bg_rgb_hover cspm_border_shadow cspm_border_bottom_radius\" title=\"Zoom out\"><img decoding=\"async\" class=\"cspm_svg cspm_svg_white\" src=\"https:\/\/www.parkgest.ch\/wp-content\/plugins\/codespacing-progress-map\/img\/svg\/minus-sign.svg\" \/><\/div><\/div><div class=\"cluster_posts_widget_map10731 cspm_border_shadow cspm_border_radius\"><div class=\"cspm_infobox_spinner cspm_border_top_after_hex\"><\/div><\/div><div class=\"cspm_recenter_map_btn cspm_map_btn cspm_border_shadow cspm_border_radius\" data-map-id=\"map10731\" title=\"Recenter the map\" style=\"top:115px\"><img decoding=\"async\" class=\"cspm_svg cspm_svg_colored\" src=\"https:\/\/www.parkgest.ch\/wp-content\/plugins\/codespacing-progress-map\/img\/svg\/recenter.svg\" \/><\/div><div class=\"cspm_map_sidebars\" data-map-id=\"map10731\"><div class=\"cspm_sidebar top\" data-map-id=\"map10731\" data-content_id=\"\"><\/div><div class=\"cspm_sidebar right\" data-map-id=\"map10731\" data-content_id=\"\"><\/div><div class=\"cspm_sidebar bottom\" data-map-id=\"map10731\" data-content_id=\"\"><\/div><div class=\"cspm_sidebar left\" data-map-id=\"map10731\" data-content_id=\"\"><\/div><\/div><\/div><div id=\"codespacing_progress_map_div_map10731\" data-map-id=\"map10731\" style=\"height:350px;\"><\/div><\/div><\/div><\/div><\/div>\n<div class=\"su-spacer\" style=\"height:20px\"><\/div>\nWhatever your destination in Geneva, you will find a PARKGEST car park to accommodate you in all security. Our car parks, ideally spread around the city, offer immediate access to public transport and will no doubt be situated close to where you are going.<\/p>\n<p>The map below illustrates the location of our car parks. You will find Les Rayes car park in V\u00e9senaz, Le Chat car park in Meinier and Vand\u0153uvres car parks, situated in the centre of their respective locations, without any difficulty.<\/p>\n","protected":false},"excerpt":{"rendered":"<p>Offers suited to everyone\u2019s needs in one of our 18 car parks. No matter whether you are an occasional or regular visitor, we offer you solutions tailored to your requirements. Are you an occasional visitor? Prepare your visit completely transparently with our online calculator, which is available for every one of our car parks. Are [&hellip;]<\/p>\n","protected":false},"author":5,"featured_media":227,"parent":0,"menu_order":1,"comment_status":"closed","ping_status":"closed","template":"park.php","meta":{"footnotes":""},"tags":[],"yoast_head":"<!-- This site is optimized with the Yoast SEO plugin v21.8 - https:\/\/yoast.com\/wordpress\/plugins\/seo\/ -->\n<title>Where shall I park? | Parkgest<\/title>\n<meta name=\"description\" content=\"PARKGEST offers you 7 fully equipped car parks in Geneva and its surroundings. Whatever your destination in Geneva, you will find a car park.\" \/>\n<meta name=\"robots\" content=\"index, follow, max-snippet:-1, max-image-preview:large, max-video-preview:-1\" \/>\n<link rel=\"canonical\" href=\"https:\/\/www.parkgest.ch\/en\/where-to-park\/\" \/>\n<meta property=\"og:locale\" content=\"en_US\" \/>\n<meta property=\"og:type\" content=\"article\" \/>\n<meta property=\"og:title\" content=\"Where shall I park? | Parkgest\" \/>\n<meta property=\"og:description\" content=\"PARKGEST offers you 7 fully equipped car parks in Geneva and its surroundings. Whatever your destination in Geneva, you will find a car park.\" \/>\n<meta property=\"og:url\" content=\"https:\/\/www.parkgest.ch\/en\/where-to-park\/\" \/>\n<meta property=\"og:site_name\" content=\"Parkgest\" \/>\n<meta property=\"article:modified_time\" content=\"2025-10-13T04:33:02+00:00\" \/>\n<meta property=\"og:image\" content=\"https:\/\/www.parkgest.ch\/wp-content\/uploads\/8CP1061.jpg\" \/>\n\t<meta property=\"og:image:width\" content=\"1920\" \/>\n\t<meta property=\"og:image:height\" content=\"373\" \/>\n\t<meta property=\"og:image:type\" content=\"image\/jpeg\" \/>\n<meta name=\"twitter:label1\" content=\"Est. reading time\" \/>\n\t<meta name=\"twitter:data1\" content=\"2 minutes\" \/>\n<script type=\"application\/ld+json\" class=\"yoast-schema-graph\">{\"@context\":\"https:\/\/schema.org\",\"@graph\":[{\"@type\":\"WebPage\",\"@id\":\"https:\/\/www.parkgest.ch\/en\/where-to-park\/\",\"url\":\"https:\/\/www.parkgest.ch\/en\/where-to-park\/\",\"name\":\"Where shall I park? | Parkgest\",\"isPartOf\":{\"@id\":\"https:\/\/www.parkgest.ch\/#website\"},\"datePublished\":\"2012-11-21T12:14:20+00:00\",\"dateModified\":\"2025-10-13T04:33:02+00:00\",\"description\":\"PARKGEST offers you 7 fully equipped car parks in Geneva and its surroundings. Whatever your destination in Geneva, you will find a car park.\",\"breadcrumb\":{\"@id\":\"https:\/\/www.parkgest.ch\/en\/where-to-park\/#breadcrumb\"},\"inLanguage\":\"en-US\",\"potentialAction\":[{\"@type\":\"ReadAction\",\"target\":[\"https:\/\/www.parkgest.ch\/en\/where-to-park\/\"]}]},{\"@type\":\"BreadcrumbList\",\"@id\":\"https:\/\/www.parkgest.ch\/en\/where-to-park\/#breadcrumb\",\"itemListElement\":[{\"@type\":\"ListItem\",\"position\":1,\"name\":\"Accueil\",\"item\":\"https:\/\/www.parkgest.ch\/en\/\"},{\"@type\":\"ListItem\",\"position\":2,\"name\":\"Where shall I park?\"}]},{\"@type\":\"WebSite\",\"@id\":\"https:\/\/www.parkgest.ch\/#website\",\"url\":\"https:\/\/www.parkgest.ch\/\",\"name\":\"Parkgest\",\"description\":\"R\u00e9seau de parkings \u00e0 Gen\u00e8ve et Suisse romande\",\"potentialAction\":[{\"@type\":\"SearchAction\",\"target\":{\"@type\":\"EntryPoint\",\"urlTemplate\":\"https:\/\/www.parkgest.ch\/?s={search_term_string}\"},\"query-input\":\"required name=search_term_string\"}],\"inLanguage\":\"en-US\"}]}<\/script>\n<!-- \/ Yoast SEO plugin. -->","yoast_head_json":{"title":"Where shall I park? | Parkgest","description":"PARKGEST offers you 7 fully equipped car parks in Geneva and its surroundings. Whatever your destination in Geneva, you will find a car park.","robots":{"index":"index","follow":"follow","max-snippet":"max-snippet:-1","max-image-preview":"max-image-preview:large","max-video-preview":"max-video-preview:-1"},"canonical":"https:\/\/www.parkgest.ch\/en\/where-to-park\/","og_locale":"en_US","og_type":"article","og_title":"Where shall I park? | Parkgest","og_description":"PARKGEST offers you 7 fully equipped car parks in Geneva and its surroundings. Whatever your destination in Geneva, you will find a car park.","og_url":"https:\/\/www.parkgest.ch\/en\/where-to-park\/","og_site_name":"Parkgest","article_modified_time":"2025-10-13T04:33:02+00:00","og_image":[{"width":1920,"height":373,"url":"https:\/\/www.parkgest.ch\/wp-content\/uploads\/8CP1061.jpg","type":"image\/jpeg"}],"twitter_misc":{"Est. reading time":"2 minutes"},"schema":{"@context":"https:\/\/schema.org","@graph":[{"@type":"WebPage","@id":"https:\/\/www.parkgest.ch\/en\/where-to-park\/","url":"https:\/\/www.parkgest.ch\/en\/where-to-park\/","name":"Where shall I park? | Parkgest","isPartOf":{"@id":"https:\/\/www.parkgest.ch\/#website"},"datePublished":"2012-11-21T12:14:20+00:00","dateModified":"2025-10-13T04:33:02+00:00","description":"PARKGEST offers you 7 fully equipped car parks in Geneva and its surroundings. Whatever your destination in Geneva, you will find a car park.","breadcrumb":{"@id":"https:\/\/www.parkgest.ch\/en\/where-to-park\/#breadcrumb"},"inLanguage":"en-US","potentialAction":[{"@type":"ReadAction","target":["https:\/\/www.parkgest.ch\/en\/where-to-park\/"]}]},{"@type":"BreadcrumbList","@id":"https:\/\/www.parkgest.ch\/en\/where-to-park\/#breadcrumb","itemListElement":[{"@type":"ListItem","position":1,"name":"Accueil","item":"https:\/\/www.parkgest.ch\/en\/"},{"@type":"ListItem","position":2,"name":"Where shall I park?"}]},{"@type":"WebSite","@id":"https:\/\/www.parkgest.ch\/#website","url":"https:\/\/www.parkgest.ch\/","name":"Parkgest","description":"R\u00e9seau de parkings \u00e0 Gen\u00e8ve et Suisse romande","potentialAction":[{"@type":"SearchAction","target":{"@type":"EntryPoint","urlTemplate":"https:\/\/www.parkgest.ch\/?s={search_term_string}"},"query-input":"required name=search_term_string"}],"inLanguage":"en-US"}]}},"_links":{"self":[{"href":"https:\/\/www.parkgest.ch\/en\/wp-json\/wp\/v2\/pages\/1282"}],"collection":[{"href":"https:\/\/www.parkgest.ch\/en\/wp-json\/wp\/v2\/pages"}],"about":[{"href":"https:\/\/www.parkgest.ch\/en\/wp-json\/wp\/v2\/types\/page"}],"author":[{"embeddable":true,"href":"https:\/\/www.parkgest.ch\/en\/wp-json\/wp\/v2\/users\/5"}],"replies":[{"embeddable":true,"href":"https:\/\/www.parkgest.ch\/en\/wp-json\/wp\/v2\/comments?post=1282"}],"version-history":[{"count":15,"href":"https:\/\/www.parkgest.ch\/en\/wp-json\/wp\/v2\/pages\/1282\/revisions"}],"predecessor-version":[{"id":11112,"href":"https:\/\/www.parkgest.ch\/en\/wp-json\/wp\/v2\/pages\/1282\/revisions\/11112"}],"wp:featuredmedia":[{"embeddable":true,"href":"https:\/\/www.parkgest.ch\/en\/wp-json\/wp\/v2\/media\/227"}],"wp:attachment":[{"href":"https:\/\/www.parkgest.ch\/en\/wp-json\/wp\/v2\/media?parent=1282"}],"wp:term":[{"taxonomy":"post_tag","embeddable":true,"href":"https:\/\/www.parkgest.ch\/en\/wp-json\/wp\/v2\/tags?post=1282"}],"curies":[{"name":"wp","href":"https:\/\/api.w.org\/{rel}","templated":true}]}}