{"id":10905,"date":"2025-08-28T21:59:40","date_gmt":"2025-08-28T20:59:40","guid":{"rendered":"https:\/\/www.parkgest.ch\/?page_id=10905"},"modified":"2025-09-09T11:29:57","modified_gmt":"2025-09-09T10:29:57","slug":"practical-information","status":"publish","type":"page","link":"https:\/\/www.parkgest.ch\/en\/where-to-park\/la-concorde-car-park\/practical-information\/","title":{"rendered":"Practical information"},"content":{"rendered":"<p><strong>La Concorde car park<\/strong><br \/>\nChemin Emilie-de-Morsier 10<br \/>\n1219 Vernier<\/p>\n<p>Opening times:<br \/>\n24\/7<br \/>\nCustomers can liaise with the Mont Blanc control centre (Tel: 022 316 08 50)<\/p>\n<p><strong>Commercial Service<\/strong><br \/>\nRue de la Rotisserie 4B<br \/>\n1204 Gen\u00e8ve<br \/>\nTel. 022 310 01 30<br \/>\n<a href=\"mailto:parkinglaconcorde@parkgest.ch\">parkinglaconcorde@parkgest.ch<\/a><\/p>\n<p><strong>Reception is open to answer calls:<\/strong><br \/>\nMondays to Fridays from 08:00 to 12:00<\/p>\n<p><strong>Other information<br \/>\n<\/strong>Capacity<br \/>\nThe car park is made up of an interior structure on three levels with 484 parking spaces.<br \/>\nLevel -1 offers 131 spaces for cars, including 2 reserved for people with reduced mobility, as well as 22 spaces for motorcycles.<br \/>\nLevel -2 has 156 spaces for cars, including 2 reserved for people with reduced mobility, and 11 spaces for motorcycles.<br \/>\nFinally, level -3 has 157 spaces for cars, including 1 reserved for people with reduced mobility, as well as 7 spaces for motorcycles.<br \/>\nFor practical and operational reasons, level -1 will preferably be occupied by visitors, while subscribers will be invited to occupy levels -2 and -3.<\/p>\n<p>&nbsp;<\/p>\n","protected":false},"excerpt":{"rendered":"<p>La Concorde car park Chemin Emilie-de-Morsier 10 1219 Vernier Opening times: 24\/7 Customers can liaise with the Mont Blanc control centre (Tel: 022 316 08 50) Commercial Service Rue de la Rotisserie 4B 1204 Gen\u00e8ve Tel. 022 310 01 30 parkinglaconcorde@parkgest.ch Reception is open to answer calls: Mondays to Fridays from 08:00 to 12:00 Other [&hellip;]<\/p>\n","protected":false},"author":13,"featured_media":0,"parent":10890,"menu_order":0,"comment_status":"closed","ping_status":"closed","template":"","meta":{"footnotes":""},"tags":[],"yoast_head":"<!-- This site is optimized with the Yoast SEO plugin v21.8 - https:\/\/yoast.com\/wordpress\/plugins\/seo\/ -->\n<title>Practical information | Parkgest<\/title>\n<meta name=\"robots\" content=\"index, follow, max-snippet:-1, max-image-preview:large, max-video-preview:-1\" \/>\n<link rel=\"canonical\" href=\"https:\/\/www.parkgest.ch\/en\/where-to-park\/la-concorde-car-park\/practical-information\/\" \/>\n<meta property=\"og:locale\" content=\"en_US\" \/>\n<meta property=\"og:type\" content=\"article\" \/>\n<meta property=\"og:title\" content=\"Practical information | Parkgest\" \/>\n<meta property=\"og:description\" content=\"La Concorde car park Chemin Emilie-de-Morsier 10 1219 Vernier Opening times: 24\/7 Customers can liaise with the Mont Blanc control centre (Tel: 022 316 08 50) Commercial Service Rue de la Rotisserie 4B 1204 Gen\u00e8ve Tel. 022 310 01 30 parkinglaconcorde@parkgest.ch Reception is open to answer calls: Mondays to Fridays from 08:00 to 12:00 Other [&hellip;]\" \/>\n<meta property=\"og:url\" content=\"https:\/\/www.parkgest.ch\/en\/where-to-park\/la-concorde-car-park\/practical-information\/\" \/>\n<meta property=\"og:site_name\" content=\"Parkgest\" \/>\n<meta property=\"article:modified_time\" content=\"2025-09-09T10:29:57+00:00\" \/>\n<meta name=\"twitter:label1\" content=\"Est. reading time\" \/>\n\t<meta name=\"twitter:data1\" content=\"1 minute\" \/>\n<script type=\"application\/ld+json\" class=\"yoast-schema-graph\">{\"@context\":\"https:\/\/schema.org\",\"@graph\":[{\"@type\":\"WebPage\",\"@id\":\"https:\/\/www.parkgest.ch\/en\/where-to-park\/la-concorde-car-park\/practical-information\/\",\"url\":\"https:\/\/www.parkgest.ch\/en\/where-to-park\/la-concorde-car-park\/practical-information\/\",\"name\":\"Practical information | Parkgest\",\"isPartOf\":{\"@id\":\"https:\/\/www.parkgest.ch\/#website\"},\"datePublished\":\"2025-08-28T20:59:40+00:00\",\"dateModified\":\"2025-09-09T10:29:57+00:00\",\"breadcrumb\":{\"@id\":\"https:\/\/www.parkgest.ch\/en\/where-to-park\/la-concorde-car-park\/practical-information\/#breadcrumb\"},\"inLanguage\":\"en-US\",\"potentialAction\":[{\"@type\":\"ReadAction\",\"target\":[\"https:\/\/www.parkgest.ch\/en\/where-to-park\/la-concorde-car-park\/practical-information\/\"]}]},{\"@type\":\"BreadcrumbList\",\"@id\":\"https:\/\/www.parkgest.ch\/en\/where-to-park\/la-concorde-car-park\/practical-information\/#breadcrumb\",\"itemListElement\":[{\"@type\":\"ListItem\",\"position\":1,\"name\":\"Accueil\",\"item\":\"https:\/\/www.parkgest.ch\/en\/\"},{\"@type\":\"ListItem\",\"position\":2,\"name\":\"Where shall I park?\",\"item\":\"https:\/\/www.parkgest.ch\/en\/where-to-park\/\"},{\"@type\":\"ListItem\",\"position\":3,\"name\":\"La Concorde car park\",\"item\":\"https:\/\/www.parkgest.ch\/en\/where-to-park\/la-concorde-car-park\/\"},{\"@type\":\"ListItem\",\"position\":4,\"name\":\"Practical information\"}]},{\"@type\":\"WebSite\",\"@id\":\"https:\/\/www.parkgest.ch\/#website\",\"url\":\"https:\/\/www.parkgest.ch\/\",\"name\":\"Parkgest\",\"description\":\"R\u00e9seau de parkings \u00e0 Gen\u00e8ve et Suisse romande\",\"potentialAction\":[{\"@type\":\"SearchAction\",\"target\":{\"@type\":\"EntryPoint\",\"urlTemplate\":\"https:\/\/www.parkgest.ch\/?s={search_term_string}\"},\"query-input\":\"required name=search_term_string\"}],\"inLanguage\":\"en-US\"}]}<\/script>\n<!-- \/ Yoast SEO plugin. -->","yoast_head_json":{"title":"Practical information | Parkgest","robots":{"index":"index","follow":"follow","max-snippet":"max-snippet:-1","max-image-preview":"max-image-preview:large","max-video-preview":"max-video-preview:-1"},"canonical":"https:\/\/www.parkgest.ch\/en\/where-to-park\/la-concorde-car-park\/practical-information\/","og_locale":"en_US","og_type":"article","og_title":"Practical information | Parkgest","og_description":"La Concorde car park Chemin Emilie-de-Morsier 10 1219 Vernier Opening times: 24\/7 Customers can liaise with the Mont Blanc control centre (Tel: 022 316 08 50) Commercial Service Rue de la Rotisserie 4B 1204 Gen\u00e8ve Tel. 022 310 01 30 parkinglaconcorde@parkgest.ch Reception is open to answer calls: Mondays to Fridays from 08:00 to 12:00 Other [&hellip;]","og_url":"https:\/\/www.parkgest.ch\/en\/where-to-park\/la-concorde-car-park\/practical-information\/","og_site_name":"Parkgest","article_modified_time":"2025-09-09T10:29:57+00:00","twitter_misc":{"Est. reading time":"1 minute"},"schema":{"@context":"https:\/\/schema.org","@graph":[{"@type":"WebPage","@id":"https:\/\/www.parkgest.ch\/en\/where-to-park\/la-concorde-car-park\/practical-information\/","url":"https:\/\/www.parkgest.ch\/en\/where-to-park\/la-concorde-car-park\/practical-information\/","name":"Practical information | Parkgest","isPartOf":{"@id":"https:\/\/www.parkgest.ch\/#website"},"datePublished":"2025-08-28T20:59:40+00:00","dateModified":"2025-09-09T10:29:57+00:00","breadcrumb":{"@id":"https:\/\/www.parkgest.ch\/en\/where-to-park\/la-concorde-car-park\/practical-information\/#breadcrumb"},"inLanguage":"en-US","potentialAction":[{"@type":"ReadAction","target":["https:\/\/www.parkgest.ch\/en\/where-to-park\/la-concorde-car-park\/practical-information\/"]}]},{"@type":"BreadcrumbList","@id":"https:\/\/www.parkgest.ch\/en\/where-to-park\/la-concorde-car-park\/practical-information\/#breadcrumb","itemListElement":[{"@type":"ListItem","position":1,"name":"Accueil","item":"https:\/\/www.parkgest.ch\/en\/"},{"@type":"ListItem","position":2,"name":"Where shall I park?","item":"https:\/\/www.parkgest.ch\/en\/where-to-park\/"},{"@type":"ListItem","position":3,"name":"La Concorde car park","item":"https:\/\/www.parkgest.ch\/en\/where-to-park\/la-concorde-car-park\/"},{"@type":"ListItem","position":4,"name":"Practical information"}]},{"@type":"WebSite","@id":"https:\/\/www.parkgest.ch\/#website","url":"https:\/\/www.parkgest.ch\/","name":"Parkgest","description":"R\u00e9seau de parkings \u00e0 Gen\u00e8ve et Suisse romande","potentialAction":[{"@type":"SearchAction","target":{"@type":"EntryPoint","urlTemplate":"https:\/\/www.parkgest.ch\/?s={search_term_string}"},"query-input":"required name=search_term_string"}],"inLanguage":"en-US"}]}},"_links":{"self":[{"href":"https:\/\/www.parkgest.ch\/en\/wp-json\/wp\/v2\/pages\/10905"}],"collection":[{"href":"https:\/\/www.parkgest.ch\/en\/wp-json\/wp\/v2\/pages"}],"about":[{"href":"https:\/\/www.parkgest.ch\/en\/wp-json\/wp\/v2\/types\/page"}],"author":[{"embeddable":true,"href":"https:\/\/www.parkgest.ch\/en\/wp-json\/wp\/v2\/users\/13"}],"replies":[{"embeddable":true,"href":"https:\/\/www.parkgest.ch\/en\/wp-json\/wp\/v2\/comments?post=10905"}],"version-history":[{"count":9,"href":"https:\/\/www.parkgest.ch\/en\/wp-json\/wp\/v2\/pages\/10905\/revisions"}],"predecessor-version":[{"id":11005,"href":"https:\/\/www.parkgest.ch\/en\/wp-json\/wp\/v2\/pages\/10905\/revisions\/11005"}],"up":[{"embeddable":true,"href":"https:\/\/www.parkgest.ch\/en\/wp-json\/wp\/v2\/pages\/10890"}],"wp:attachment":[{"href":"https:\/\/www.parkgest.ch\/en\/wp-json\/wp\/v2\/media?parent=10905"}],"wp:term":[{"taxonomy":"post_tag","embeddable":true,"href":"https:\/\/www.parkgest.ch\/en\/wp-json\/wp\/v2\/tags?post=10905"}],"curies":[{"name":"wp","href":"https:\/\/api.w.org\/{rel}","templated":true}]}}