{"id":10890,"date":"2025-08-28T21:53:51","date_gmt":"2025-08-28T20:53:51","guid":{"rendered":"https:\/\/www.parkgest.ch\/?page_id=10890"},"modified":"2026-04-01T14:41:12","modified_gmt":"2026-04-01T13:41:12","slug":"la-concorde-car-park","status":"publish","type":"page","link":"https:\/\/www.parkgest.ch\/en\/where-to-park\/la-concorde-car-park\/","title":{"rendered":"La Concorde car park"},"content":{"rendered":"<div class=\"pkg-block pkg-block--bordered pkg-block-text\">\n<h2>Welcome to La Concorde car park<\/h2>\n<p>The La Concorde car park inaugurated in September 2025 is a modern and secure car park. It offers fully shared parking spaces, meaning that they are not allocated by name to users. This allows optimal use of parking spaces.<\/p>\n<\/div>\n<div class=\"pkg-block pkg-block--bordered pkg-block-service\">\n<div class=\"service-item\">\n<div class=\"service-item__icon\"><img decoding=\"async\" class=\"img-fluid\" style=\"width: 65px;\" src=\"https:\/\/www.parkgest.ch\/wp-content\/themes\/parkgest\/v2\/images\/svg\/Sign-limit-210-web.svg\" alt=\"\" \/><\/div>\n<p>Maximum height\u30002,10 m<\/p>\n<\/div>\n<div class=\"service-item\">\n<div class=\"service-item__icon\"><img decoding=\"async\" class=\"img-fluid\" style=\"width: 65px;\" src=\"http:\/\/www.parkgest.ch\/wp-content\/themes\/parkgest\/v2\/images\/svg\/Sign-limit-10-web.svg\" alt=\"\" \/><\/div>\n<p>Speed limit at 10 km\/h<\/p>\n<\/div>\n<div class=\"service-item\">\n<div class=\"service-item__icon\"><img decoding=\"async\" class=\"img-fluid\" style=\"width: 65px;\" src=\"http:\/\/www.parkgest.ch\/wp-content\/themes\/parkgest\/v2\/images\/svg\/PKG_Interutil.svg\" alt=\"\" \/><\/div>\n<p>Bicycles, scooters,<br \/>\nrollerblades and<br \/>\nskateboards prohibited<\/p>\n<\/div>\n<div class=\"service-item\">\n<div class=\"service-item__icon\"><img decoding=\"async\" class=\"img-fluid\" style=\"width: 65px;\" src=\"http:\/\/www.parkgest.ch\/wp-content\/themes\/parkgest\/v2\/images\/svg\/PKG_NoSmoking.svg\" alt=\"\" \/><\/div>\n<p>Non-smoking<\/p>\n<\/div>\n<\/div>\n<h2>Services<\/h2>\n<div class=\"pkg-block pkg-block--bordered pkg-block-service\">\n<div class=\"service-item\">\n<div class=\"service-item__icon\"><img decoding=\"async\" class=\"img-fluid\" src=\"https:\/\/www.parkgest.ch\/wp-content\/themes\/parkgest\/v2\/images\/svg\/PKG_Open24.svg\" alt=\"\" \/><\/div>\n<p>Open 24\/7<\/p>\n<\/div>\n<div class=\"service-item\">\n<div class=\"service-item__icon\"><img decoding=\"async\" class=\"img-fluid\" src=\"https:\/\/www.parkgest.ch\/wp-content\/themes\/parkgest\/v2\/images\/svg\/PKG_Subscription-2.svg\" alt=\"\" \/><\/div>\n<p>Season ticket<br \/>\napplication<\/p>\n<\/div>\n<div class=\"service-item\">\n<div class=\"service-item__icon service-item__icon--popover\"><button data-toggle=\"popover\" data-text=\"Parking spaces close to the elevators.\" data-link=\"https:\/\/www.parkgest.ch\/en\/spaces-for-physically-handicapped-people\/\" data-placement=\"top\" data-available=\"5\" data-location=\"-1\/-2\/-3\"><\/button><i class=\"icon-info-with-circle\"><\/i><img decoding=\"async\" class=\"img-fluid\" src=\"https:\/\/www.parkgest.ch\/wp-content\/themes\/parkgest\/v2\/images\/svg\/PKG_wheel-chair.svg\" alt=\"\" \/><\/div>\n<p>Disabled parking spaces<\/p>\n<\/div>\n<div class=\"service-item\">\n<div class=\"service-item__icon service-item__icon--popover\"><button data-toggle=\"popover\" data-text=\"\" data-link=\"\" data-placement=\"top\" data-available=\"40\" data-location=\"-1\/-2\/-3\"><\/button><i class=\"icon-info-with-circle\"><\/i><img decoding=\"async\" class=\"img-fluid\" src=\"https:\/\/www.parkgest.ch\/wp-content\/themes\/parkgest\/v2\/images\/svg\/PKG_Bike.svg\" alt=\"\" \/><\/div>\n<p>Spaces for motorised two-wheelers<\/p>\n<\/div>\n<div class=\"service-item\">\n<div class=\"service-item__icon service-item__icon--popover\"><button data-toggle=\"popover\" data-text=\"Once your parking has been paid, the barrier opens automatically at the exit thanks to license plate recognition, without having to insert your ticket.Payment completed = automatic exit. Simple, fast and seamless.\" data-placement=\"top\"><\/button><i class=\"icon-info-with-circle\"><\/i><img decoding=\"async\" class=\"img-fluid\" src=\"https:\/\/www.parkgest.ch\/wp-content\/themes\/parkgest\/v2\/images\/svg\/PKG-fastexit.svg\" alt=\"\" \/><\/div>\n<p>Fast Exit\n<\/p><\/div>\n<\/div>\n<h2>Exclusivities<\/h2>\n<div class=\"pkg-block pkg-block--bordered pkg-block-service\">\n<div class=\"service-item\">\n<div class=\"service-item__icon service-item__icon--popover\"><button data-toggle=\"popover\" data-text=\"Buy a pre-paid card and pay directly at the exit.\" data-link=\"\" data-placement=\"top\" data-available=\"\" data-location=\"\"><\/button><i class=\"icon-info-with-circle\"><\/i><img decoding=\"async\" class=\"img-fluid\" style=\"width: 60px;\" src=\"http:\/\/www.parkgest.ch\/wp-content\/themes\/parkgest\/v2\/images\/svg\/PKG_prepaidcard.svg\" alt=\"\" \/><\/div>\n<p>Pre-paid card<\/p>\n<\/div>\n<\/div>\n<h2>Commodit\u00e9s<\/h2>\n<div class=\"pkg-block pkg-block--bordered pkg-block-service\">\n<div class=\"service-item\">\n<div class=\"service-item__icon\"><img decoding=\"async\" class=\"img-fluid\" style=\"width: 65px;\" src=\"https:\/\/www.parkgest.ch\/wp-content\/themes\/parkgest\/v2\/images\/svg\/Elevator-access.svg\" alt=\"\" \/><\/div>\n<p>Lifts for physically handicapped people<\/p>\n<\/div>\n<div class=\"service-item\">\n<div class=\"service-item__icon\"><img decoding=\"async\" class=\"img-fluid\" src=\"https:\/\/www.parkgest.ch\/wp-content\/themes\/parkgest\/v2\/images\/svg\/PKG_Ticket-Machine-Assist.svg\" alt=\"\" \/><\/div>\n<p>Payment machine for disabled people<\/p>\n<\/div>\n<div class=\"service-item\">\n<div class=\"service-item__icon\"><img decoding=\"async\" class=\"img-fluid\" src=\"https:\/\/www.parkgest.ch\/wp-content\/themes\/parkgest\/v2\/images\/svg\/PKG_Park-Assist.svg\" alt=\"\" \/><\/div>\n<p>Dynamic guidance<\/p>\n<\/div>\n<div class=\"service-item\">\n<div class=\"service-item__icon\"><img decoding=\"async\" class=\"img-fluid\" style=\"width: 45px;\" src=\"https:\/\/www.parkgest.ch\/wp-content\/themes\/parkgest\/v2\/images\/svg\/PKG-Licence-number-ge.svg\" alt=\"\" \/><\/div>\n<p>LPR<\/p>\n<\/div>\n<\/div>\n<h2>Security<\/h2>\n<div class=\"pkg-block pkg-block--bordered pkg-block-service\">\n<div class=\"service-item\">\n<div class=\"service-item__icon\"><img decoding=\"async\" class=\"img-fluid\" src=\"http:\/\/www.parkgest.ch\/wp-content\/themes\/parkgest\/v2\/images\/svg\/PKG_Camera.svg\" alt=\"\" \/><\/div>\n<p>Video-surveillance<\/p>\n<\/div>\n<div class=\"service-item\">\n<div class=\"service-item__icon\"><img decoding=\"async\" class=\"img-fluid\" style=\"width: 50px;\" src=\"https:\/\/www.parkgest.ch\/wp-content\/themes\/parkgest\/v2\/images\/svg\/pkg-icon-rideau.svg\" alt=\"\" data-src=\"https:\/\/www.parkgest.ch\/wp-content\/themes\/parkgest\/v2\/images\/svg\/pkg-icon-rideau.svg\" \/><\/div>\n<p>Automated gate locking<\/p>\n<\/div>\n<\/div>\n<h2>Methods of payment<\/h2>\n<div class=\"pkg-block pkg-block--bordered pkg-block-service pkg-block-service-payment\">\n<div class=\"service-item\">\n<div class=\"service-item__icon \"><img decoding=\"async\" class=\"img-fluid\" src=\"http:\/\/www.parkgest.ch\/wp-content\/themes\/parkgest\/v2\/images\/svg\/PKG_Creditcard.svg\" alt=\"\" \/><\/div>\n<p>Cards<\/p>\n<\/div>\n<div class=\"service-item\">\n<div class=\"service-item__icon\"><img decoding=\"async\" class=\"img-fluid\" style=\"width: 47px;\" src=\"http:\/\/www.parkgest.ch\/wp-content\/themes\/parkgest\/v2\/images\/svg\/PKG_contactless payment.png\" alt=\"\" \/><\/div>\n<p>Contactless<\/p>\n<\/div>\n<div class=\"service-item\">\n<div class=\"service-item__icon\"><img decoding=\"async\" class=\"img-fluid\" src=\"http:\/\/www.parkgest.ch\/wp-content\/themes\/parkgest\/v2\/images\/svg\/PKG_Swissfrancs.svg\" alt=\"\" \/><\/div>\n<p>Swiss franc notes and coins<\/p>\n<\/div>\n<div class=\"service-item\">\n<div class=\"service-item__icon\"><img decoding=\"async\" class=\"img-fluid\" src=\"http:\/\/www.parkgest.ch\/wp-content\/themes\/parkgest\/v2\/images\/svg\/PKG_Euro.svg\" alt=\"\" \/><\/div>\n<p>Euro notes<\/p>\n<\/div>\n<\/div>\n<div class=\"pkg-block pkg-block-text\">\n<h2>Restrictions<\/h2>\n<p>Parking La Concorde is a private, non-smoking space, which opens its doors to the public. It is exclusively intended for paid parking of motor vehicles (max. 3.5T) accessing it with a time-stamped parking ticket called time ticket or a permanent access card or badge.<\/p>\n<p>The vehicle must be in good working order, powered by electricity or gasoline or diesel fuel, and have a maximum height, including any additions (e.g. roof box, bicycles, antennas), of 2.10 meters.<br \/>\nVehicles with 3 or 4 wheels, including roadsters and quads, are authorized as well as motorized 2-wheel vehicles (2WD).<\/p>\n<p>The use of:<br \/>\n\u2022 Vehicles operating neither on electric energy nor on gasoline or diesel fuels, in particular on liquid propane gas (LPG), natural gas, butane gas or hydrogen;<br \/>\n\u2022 Towed vehicles &#8211; trailers of all kinds, caravans included &#8211; (unless expressly authorized by the control center);<br \/>\n\u2022 Self-balancing scooters, rollerblades and skateboards<br \/>\n<h3 class=\"toggle\"><strong><a href=\"#\">Hourly access charges<\/a><\/strong><\/h3><div class=\"toggle-box\" style=\"display: none;\"><p>\n<p><strong>DAY-TIME HOURLY ACCESS FROM 07:00 TO 18:00<\/strong><\/p>\n<div class=\"table-responsive\"><table  style=\"width:550px; \"  class=\"easy-table easy-table-default \" border=\"0\">\n<thead>\r\n<tr><th  style=\"width:250px;text-align:left\" >Time<\/th>\n<th  style=\"width:200px;text-align:left\" >Hour<\/th>\n<th  style=\"width:50px;text-align:left\" >Price<\/th>\n<th  style=\"width:50px;text-align:right\" ><\/th>\n<\/tr>\n<\/thead>\n<tbody>\r\n<tr><td  style=\"text-align:left\" >From 00 to 20 minutes<\/td>\n<td  style=\"text-align:left\" ><\/td>\n<td  style=\"text-align:left\" >CHF<\/td>\n<td  style=\"text-align:right\" >-<\/td>\n<\/tr>\n\r\n<tr><td  style=\"text-align:left\" >From 21 to 50 minutes<\/td>\n<td  style=\"text-align:left\" ><\/td>\n<td  style=\"text-align:left\" >CHF<\/td>\n<td  style=\"text-align:right\" >1.00<\/td>\n<\/tr>\n\r\n<tr><td  style=\"text-align:left\" >From 51 to 70 minutes<\/td>\n<td  style=\"text-align:left\" > 1 hour 10 min. <\/td>\n<td  style=\"text-align:left\" >CHF<\/td>\n<td  style=\"text-align:right\" >2.00<\/td>\n<\/tr>\n\r\n<tr><td  style=\"text-align:left\" >From 71 to 90 minutes<\/td>\n<td  style=\"text-align:left\" > 1 hour 30 min. <\/td>\n<td  style=\"text-align:left\" >CHF<\/td>\n<td  style=\"text-align:right\" >3.00<\/td>\n<\/tr>\n\r\n<tr><td  style=\"text-align:left\" >From 91 to 120 minutes<\/td>\n<td  style=\"text-align:left\" > 2 hours <\/td>\n<td  style=\"text-align:left\" >CHF<\/td>\n<td  style=\"text-align:right\" >4.00<\/td>\n<\/tr>\n\r\n<tr><td  style=\"text-align:left\" >From 121 to 150 minutes<\/td>\n<td  style=\"text-align:left\" > 2 hours 30 min. <\/td>\n<td  style=\"text-align:left\" >CHF<\/td>\n<td  style=\"text-align:right\" >5.00<\/td>\n<\/tr>\n\r\n<tr><td  style=\"text-align:left\" >From 151 to 180 minutes<\/td>\n<td  style=\"text-align:left\" > 3 hours <\/td>\n<td  style=\"text-align:left\" >CHF<\/td>\n<td  style=\"text-align:right\" >6.00<\/td>\n<\/tr>\n\r\n<tr><td  style=\"text-align:left\" >From 181 to 210 minutes<\/td>\n<td  style=\"text-align:left\" > 3 hours 30 min. <\/td>\n<td  style=\"text-align:left\" >CHF<\/td>\n<td  style=\"text-align:right\" >7.00<\/td>\n<\/tr>\n\r\n<tr><td  style=\"text-align:left\" >From 211 to 240 minutes<\/td>\n<td  style=\"text-align:left\" > 4 hours <\/td>\n<td  style=\"text-align:left\" >CHF<\/td>\n<td  style=\"text-align:right\" >8.00<\/td>\n<\/tr>\n\r\n<tr><td  style=\"text-align:left\" >From 241 to 300 minutes<\/td>\n<td  style=\"text-align:left\" > 5 hours <\/td>\n<td  style=\"text-align:left\" >CHF<\/td>\n<td  style=\"text-align:right\" >11.00<\/td>\n<\/tr>\n\r\n<tr><td  style=\"text-align:left\" >From 301 to 360 minutes<\/td>\n<td  style=\"text-align:left\" > 6 hours <\/td>\n<td  style=\"text-align:left\" >CHF<\/td>\n<td  style=\"text-align:right\" >14.00<\/td>\n<\/tr>\n\r\n<tr><td  style=\"text-align:left\" >From 361 to 420 minutes<\/td>\n<td  style=\"text-align:left\" > 7 hours <\/td>\n<td  style=\"text-align:left\" >CHF<\/td>\n<td  style=\"text-align:right\" >17.00<\/td>\n<\/tr>\n\r\n<tr><td  style=\"text-align:left\" >From 421 to 480 minutes<\/td>\n<td  style=\"text-align:left\" > 8 hours <\/td>\n<td  style=\"text-align:left\" >CHF<\/td>\n<td  style=\"text-align:right\" >20.00<\/td>\n<\/tr>\n\r\n<tr><td  style=\"text-align:left\" >From 481 to 540 minutes<\/td>\n<td  style=\"text-align:left\" > 9 hours <\/td>\n<td  style=\"text-align:left\" >CHF<\/td>\n<td  style=\"text-align:right\" >23.00<\/td>\n<\/tr>\n\r\n<tr><td  style=\"text-align:left\" >From 541 to 600 minutes<\/td>\n<td  style=\"text-align:left\" > 10 hours <\/td>\n<td  style=\"text-align:left\" >CHF<\/td>\n<td  style=\"text-align:right\" >26.00<\/td>\n<\/tr>\n\r\n<tr><td  style=\"text-align:left\" >From 601 to 660 minutes<\/td>\n<td  style=\"text-align:left\" > 11 hours <\/td>\n<td  style=\"text-align:left\" >CHF<\/td>\n<td  style=\"text-align:right\" >29.00<\/td>\n<\/tr>\n<\/tbody><\/table><\/div>\n<p><strong>NIGHT-TIME HOURLY ACCESS FROM 18:00 TO 07:00, PUBLIC HOLIDAYS AND SUNDAYS<\/strong><\/p>\n<div class=\"table-responsive\"><table  style=\"width:550px; \"  class=\"easy-table easy-table-default \" border=\"0\">\n<thead>\r\n<tr><th  style=\"width:250px;text-align:left\" ><\/th>\n<th  style=\"width:200px;text-align:left\" ><\/th>\n<th  style=\"width:50px;text-align:left\" ><\/th>\n<th  style=\"width:50px;text-align:right\" ><\/th>\n<\/tr>\n<\/thead>\n<tbody>\r\n<tr><td  style=\"text-align:left\" >Per hour from the 21st minute<\/td>\n<td  style=\"text-align:left\" ><\/td>\n<td  style=\"text-align:left\" >CHF<\/td>\n<td  style=\"text-align:right\" > 1<\/td>\n<\/tr>\n\r\n<tr><td  style=\"text-align:left\" >Lost hourly ticket<\/td>\n<td  style=\"text-align:left\" ><\/td>\n<td  style=\"text-align:left\" > CHF<\/td>\n<td  style=\"text-align:right\" > 30<\/td>\n<\/tr>\n<\/tbody><\/table><\/div>\n<div class=\"table-responsive\"><table  style=\"width:550px; \"  class=\"easy-table easy-table-default \" border=\"0\">\n<thead>\r\n<tr><th  style=\"width:350px;text-align:left\" ><\/th>\n<th  style=\"width:100px;text-align:left\" ><\/th>\n<th  style=\"width:50px;text-align:left\" ><\/th>\n<th  style=\"width:50px;text-align:right\" ><\/th>\n<\/tr>\n<\/thead>\n<tbody>\r\n<tr><td  style=\"text-align:left\" ><strong>ACCESS FOR MOTORISED 2-WHEELERS<\/strong><\/td>\n<td  style=\"text-align:left\" > For every 3 hours<\/td>\n<td  style=\"text-align:left\" >CHF<\/td>\n<td  style=\"text-align:right\" >1.00<\/td>\n<\/tr>\n<\/tbody><\/table><\/div>\n<p>ALL OUR CHARGES APPLY PER VEHICLE AND ARE INCLUSIVE OF ALL TAXES.<\/p>\n<\/p><\/div>\n<h3 class=\"toggle\"><strong><a href=\"#\">Permanent access charges<\/a><\/strong><\/h3><div class=\"toggle-box\" style=\"display: none;\"><p>\n<div class=\"table-responsive\"><table  style=\"width:550px; \"  class=\"easy-table easy-table-default \" border=\"0\">\n<thead>\r\n<tr><th  style=\"width:300px;text-align:left\" ><\/th>\n<th  style=\"width:100px;text-align:left\" >2 consecutive days<\/th>\n<th  style=\"width:100px;text-align:left\" >7 consecutive days<\/th>\n<th  style=\"width:50px;text-align:right\" > Monthly<\/th>\n<\/tr>\n<\/thead>\n<tbody>\r\n<tr><td  style=\"text-align:left\" >Permanent access* for fixed period** of 24 hours a day<\/td>\n<td  style=\"text-align:left\" ><\/td>\n<td  style=\"text-align:left\" >CHF 100 <\/td>\n<td  style=\"text-align:right\" ><\/td>\n<\/tr>\n\r\n<tr><td  style=\"text-align:left\" >Permanent access* for fixed period** of 24 hours a day<\/td>\n<td  style=\"text-align:left\" ><\/td>\n<td  style=\"text-align:left\" > <\/td>\n<td  style=\"text-align:right\" >CHF 400<\/td>\n<\/tr>\n\r\n<tr><td  style=\"text-align:left\" >Replacing a lost card or an access badge<\/td>\n<td  style=\"text-align:left\" ><\/td>\n<td  style=\"text-align:left\" ><\/td>\n<td  style=\"text-align:right\" >CHF 50<\/td>\n<\/tr>\n<\/tbody><\/table><\/div>\n<p>ALL OUR CHARGES APPLY PER VEHICLE AND ARE INCLUSIVE OF ALL TAXES.<\/p>\n<p>*including Saturday, Sunday and holidays<br \/>\n**purchase a season ticket from our sales department<\/p>\n<\/p><\/div>\n<h3 class=\"toggle\"><strong><a href=\"#\">Other charges<\/a><\/strong><\/h3><div class=\"toggle-box\" style=\"display: none;\"><p>\n<strong>PREPAID CARD<\/strong><br \/>\nSave time and money!<br \/>\nBuy your pre-paid card in the control centre and recharge it at the automated pay stations.<br \/>\nYou can pay directly at the exit.<\/p>\n<div class=\"table-responsive\"><table  style=\"width:550px; \"  class=\"easy-table easy-table-default \" border=\"0\">\n<thead>\r\n<tr><th  style=\"width:350px;text-align:left\" >Parking charges<\/th>\n<th  style=\"width:200px;text-align:left\" > Sale price<\/th>\n<th ><\/th>\n<\/tr>\n<\/thead>\n<tbody>\r\n<tr><td  style=\"text-align:left\" >CHF 55<\/td>\n<td  style=\"text-align:left\" >CHF 50<\/td>\n<\/tr>\n\r\n<tr><td  style=\"text-align:left\" >CHF 110<\/td>\n<td  style=\"text-align:left\" >CHF 100<\/td>\n<\/tr>\n<\/tbody><\/table><\/div>\n<p><strong>LONG-STAY PARKING (1 ENTRY, 1 EXIT)<\/strong><\/p>\n<div class=\"table-responsive\"><table  style=\"width:550px; \"  class=\"easy-table easy-table-default \" border=\"0\">\n<thead>\r\n<tr><th  style=\"width:350px;text-align:left\" ><\/th>\n<th  style=\"width:100px;text-align:left\" ><\/th>\n<th  style=\"width:100px\" ><\/th>\n<th ><\/th>\n<\/tr>\n<\/thead>\n<tbody>\r\n<tr><td  style=\"text-align:left\" >First day<\/td>\n<td  style=\"text-align:left\" > CHF 42<\/td>\n<\/tr>\n\r\n<tr><td  style=\"text-align:left\" >Subsequent days (per day)<\/td>\n<td  style=\"text-align:left\" > CHF 25<\/td>\n<\/tr>\n<\/tbody><\/table><\/div>\n<p>ALL OUR CHARGES APPLY PER VEHICLE AND ARE INCLUSIVE OF ALL TAXES.<\/p>\n<\/p><\/div>\n<h3><strong><a style=\"background: url('http:\/\/www.parkgest.ch\/wp-content\/themes\/parkgest\/img\/sidebar_li.gif') no-repeat 0 0; background-position: 0 center; padding-left: 23px; text-decoration: none;\" href=\"https:\/\/www.parkgest.ch\/en\/termination-request\/#arcades\">Demande de r\u00e9siliation <\/a><\/strong><\/h3>\n<h3 class=\"toggle\"><strong><a href=\"#\">General Conditions<\/a><\/strong><\/h3><div class=\"toggle-box\" style=\"display: none;\"><p>\n<p><iframe loading=\"lazy\" src=\"https:\/\/docs.google.com\/viewer?url=https:\/\/www.parkgest.ch\/wp-content\/uploads\/PCo_Conditions-Generales_20250908_VF.pdf&amp;embedded=true\" width=\"100%\" height=\"600\" frameborder=\"0\"><\/iframe><\/p>\n<p>If you are not viewing the file correctly, , <a href=\"https:\/\/www.parkgest.ch\/wp-content\/uploads\/PCo_Conditions-Generales_20250908_VF.pdf\" target=\"_blank\" rel=\"noopener noreferrer\">click here<\/a><\/p>\n<\/p><\/div>\n<p>Toute demande de stationnement, mat\u00e9rialis\u00e9e par le fait de faire p\u00e9n\u00e9trer un v\u00e9hicule dans le Parking La Concorde\u00a0implique l\u2019acceptation, sans restriction ni r\u00e9serve, des pr\u00e9sentes conditions g\u00e9n\u00e9rales. L\u2019acc\u00e8s au Parking par un pi\u00e9ton a le m\u00eame effet.<\/p>\n<\/div>\n","protected":false},"excerpt":{"rendered":"<p>Welcome to La Concorde car park The La Concorde car park inaugurated in September 2025 is a modern and secure car park. It offers fully shared parking spaces, meaning that they are not allocated by name to users. This allows optimal use of parking spaces. Maximum height\u30002,10 m Speed limit at 10 km\/h Bicycles, scooters, [&hellip;]<\/p>\n","protected":false},"author":13,"featured_media":7508,"parent":1282,"menu_order":0,"comment_status":"closed","ping_status":"closed","template":"parkingpage.php","meta":{"footnotes":""},"tags":[],"yoast_head":"<!-- This site is optimized with the Yoast SEO plugin v21.8 - https:\/\/yoast.com\/wordpress\/plugins\/seo\/ -->\n<title>La Concorde car park | Parkgest<\/title>\n<meta name=\"robots\" content=\"index, follow, max-snippet:-1, max-image-preview:large, max-video-preview:-1\" \/>\n<link rel=\"canonical\" href=\"https:\/\/www.parkgest.ch\/en\/where-to-park\/la-concorde-car-park\/\" \/>\n<meta property=\"og:locale\" content=\"en_US\" \/>\n<meta property=\"og:type\" content=\"article\" \/>\n<meta property=\"og:title\" content=\"La Concorde car park | Parkgest\" \/>\n<meta property=\"og:description\" content=\"Welcome to La Concorde car park The La Concorde car park inaugurated in September 2025 is a modern and secure car park. It offers fully shared parking spaces, meaning that they are not allocated by name to users. This allows optimal use of parking spaces. Maximum height\u30002,10 m Speed limit at 10 km\/h Bicycles, scooters, [&hellip;]\" \/>\n<meta property=\"og:url\" content=\"https:\/\/www.parkgest.ch\/en\/where-to-park\/la-concorde-car-park\/\" \/>\n<meta property=\"og:site_name\" content=\"Parkgest\" \/>\n<meta property=\"article:modified_time\" content=\"2026-04-01T13:41:12+00:00\" \/>\n<meta property=\"og:image\" content=\"https:\/\/www.parkgest.ch\/wp-content\/uploads\/4.png\" \/>\n\t<meta property=\"og:image:width\" content=\"1200\" \/>\n\t<meta property=\"og:image:height\" content=\"600\" \/>\n\t<meta property=\"og:image:type\" content=\"image\/png\" \/>\n<meta name=\"twitter:label1\" content=\"Est. reading time\" \/>\n\t<meta name=\"twitter:data1\" content=\"8 minutes\" \/>\n<script type=\"application\/ld+json\" class=\"yoast-schema-graph\">{\"@context\":\"https:\/\/schema.org\",\"@graph\":[{\"@type\":\"WebPage\",\"@id\":\"https:\/\/www.parkgest.ch\/en\/where-to-park\/la-concorde-car-park\/\",\"url\":\"https:\/\/www.parkgest.ch\/en\/where-to-park\/la-concorde-car-park\/\",\"name\":\"La Concorde car park | Parkgest\",\"isPartOf\":{\"@id\":\"https:\/\/www.parkgest.ch\/#website\"},\"datePublished\":\"2025-08-28T20:53:51+00:00\",\"dateModified\":\"2026-04-01T13:41:12+00:00\",\"breadcrumb\":{\"@id\":\"https:\/\/www.parkgest.ch\/en\/where-to-park\/la-concorde-car-park\/#breadcrumb\"},\"inLanguage\":\"en-US\",\"potentialAction\":[{\"@type\":\"ReadAction\",\"target\":[\"https:\/\/www.parkgest.ch\/en\/where-to-park\/la-concorde-car-park\/\"]}]},{\"@type\":\"BreadcrumbList\",\"@id\":\"https:\/\/www.parkgest.ch\/en\/where-to-park\/la-concorde-car-park\/#breadcrumb\",\"itemListElement\":[{\"@type\":\"ListItem\",\"position\":1,\"name\":\"Accueil\",\"item\":\"https:\/\/www.parkgest.ch\/en\/\"},{\"@type\":\"ListItem\",\"position\":2,\"name\":\"Where shall I park?\",\"item\":\"https:\/\/www.parkgest.ch\/en\/where-to-park\/\"},{\"@type\":\"ListItem\",\"position\":3,\"name\":\"La Concorde car park\"}]},{\"@type\":\"WebSite\",\"@id\":\"https:\/\/www.parkgest.ch\/#website\",\"url\":\"https:\/\/www.parkgest.ch\/\",\"name\":\"Parkgest\",\"description\":\"R\u00e9seau de parkings \u00e0 Gen\u00e8ve et Suisse romande\",\"potentialAction\":[{\"@type\":\"SearchAction\",\"target\":{\"@type\":\"EntryPoint\",\"urlTemplate\":\"https:\/\/www.parkgest.ch\/?s={search_term_string}\"},\"query-input\":\"required name=search_term_string\"}],\"inLanguage\":\"en-US\"}]}<\/script>\n<!-- \/ Yoast SEO plugin. -->","yoast_head_json":{"title":"La Concorde car park | Parkgest","robots":{"index":"index","follow":"follow","max-snippet":"max-snippet:-1","max-image-preview":"max-image-preview:large","max-video-preview":"max-video-preview:-1"},"canonical":"https:\/\/www.parkgest.ch\/en\/where-to-park\/la-concorde-car-park\/","og_locale":"en_US","og_type":"article","og_title":"La Concorde car park | Parkgest","og_description":"Welcome to La Concorde car park The La Concorde car park inaugurated in September 2025 is a modern and secure car park. It offers fully shared parking spaces, meaning that they are not allocated by name to users. This allows optimal use of parking spaces. Maximum height\u30002,10 m Speed limit at 10 km\/h Bicycles, scooters, [&hellip;]","og_url":"https:\/\/www.parkgest.ch\/en\/where-to-park\/la-concorde-car-park\/","og_site_name":"Parkgest","article_modified_time":"2026-04-01T13:41:12+00:00","og_image":[{"width":1200,"height":600,"url":"https:\/\/www.parkgest.ch\/wp-content\/uploads\/4.png","type":"image\/png"}],"twitter_misc":{"Est. reading time":"8 minutes"},"schema":{"@context":"https:\/\/schema.org","@graph":[{"@type":"WebPage","@id":"https:\/\/www.parkgest.ch\/en\/where-to-park\/la-concorde-car-park\/","url":"https:\/\/www.parkgest.ch\/en\/where-to-park\/la-concorde-car-park\/","name":"La Concorde car park | Parkgest","isPartOf":{"@id":"https:\/\/www.parkgest.ch\/#website"},"datePublished":"2025-08-28T20:53:51+00:00","dateModified":"2026-04-01T13:41:12+00:00","breadcrumb":{"@id":"https:\/\/www.parkgest.ch\/en\/where-to-park\/la-concorde-car-park\/#breadcrumb"},"inLanguage":"en-US","potentialAction":[{"@type":"ReadAction","target":["https:\/\/www.parkgest.ch\/en\/where-to-park\/la-concorde-car-park\/"]}]},{"@type":"BreadcrumbList","@id":"https:\/\/www.parkgest.ch\/en\/where-to-park\/la-concorde-car-park\/#breadcrumb","itemListElement":[{"@type":"ListItem","position":1,"name":"Accueil","item":"https:\/\/www.parkgest.ch\/en\/"},{"@type":"ListItem","position":2,"name":"Where shall I park?","item":"https:\/\/www.parkgest.ch\/en\/where-to-park\/"},{"@type":"ListItem","position":3,"name":"La Concorde car park"}]},{"@type":"WebSite","@id":"https:\/\/www.parkgest.ch\/#website","url":"https:\/\/www.parkgest.ch\/","name":"Parkgest","description":"R\u00e9seau de parkings \u00e0 Gen\u00e8ve et Suisse romande","potentialAction":[{"@type":"SearchAction","target":{"@type":"EntryPoint","urlTemplate":"https:\/\/www.parkgest.ch\/?s={search_term_string}"},"query-input":"required name=search_term_string"}],"inLanguage":"en-US"}]}},"_links":{"self":[{"href":"https:\/\/www.parkgest.ch\/en\/wp-json\/wp\/v2\/pages\/10890"}],"collection":[{"href":"https:\/\/www.parkgest.ch\/en\/wp-json\/wp\/v2\/pages"}],"about":[{"href":"https:\/\/www.parkgest.ch\/en\/wp-json\/wp\/v2\/types\/page"}],"author":[{"embeddable":true,"href":"https:\/\/www.parkgest.ch\/en\/wp-json\/wp\/v2\/users\/13"}],"replies":[{"embeddable":true,"href":"https:\/\/www.parkgest.ch\/en\/wp-json\/wp\/v2\/comments?post=10890"}],"version-history":[{"count":17,"href":"https:\/\/www.parkgest.ch\/en\/wp-json\/wp\/v2\/pages\/10890\/revisions"}],"predecessor-version":[{"id":11330,"href":"https:\/\/www.parkgest.ch\/en\/wp-json\/wp\/v2\/pages\/10890\/revisions\/11330"}],"up":[{"embeddable":true,"href":"https:\/\/www.parkgest.ch\/en\/wp-json\/wp\/v2\/pages\/1282"}],"wp:featuredmedia":[{"embeddable":true,"href":"https:\/\/www.parkgest.ch\/en\/wp-json\/wp\/v2\/media\/7508"}],"wp:attachment":[{"href":"https:\/\/www.parkgest.ch\/en\/wp-json\/wp\/v2\/media?parent=10890"}],"wp:term":[{"taxonomy":"post_tag","embeddable":true,"href":"https:\/\/www.parkgest.ch\/en\/wp-json\/wp\/v2\/tags?post=10890"}],"curies":[{"name":"wp","href":"https:\/\/api.w.org\/{rel}","templated":true}]}}