{"id":9617,"date":"2024-03-22T15:38:54","date_gmt":"2024-03-22T14:38:54","guid":{"rendered":"https:\/\/www.parkgest.ch\/?page_id=9617"},"modified":"2026-03-03T02:26:06","modified_gmt":"2026-03-03T01:26:06","slug":"parkhaus-forum","status":"publish","type":"page","link":"https:\/\/www.parkgest.ch\/de\/wo-man-parken\/parkhaus-forum\/","title":{"rendered":"Parkhaus Forum"},"content":{"rendered":"<div class=\"pkg-block pkg-block--bordered pkg-block-text\">\n<h2>Willkommen auf dem Parkhaus Forum<\/h2>\n<\/div>\n<p>Das Parking Forum bietet komplett gemeinsam genutzte Parkpl\u00e4tze an, das heisst dass ein Stellplatz nicht einem bestimmten Mieter zugeordnet ist. Das Parking besteht aus sieben Stockwerken (0, 1, 2. 3, 4, 5, 6).<\/p>\n<div class=\"pkg-block pkg-block--bordered pkg-block-service\">\n<div class=\"service-item\">\n<div class=\"service-item__icon\"><img decoding=\"async\" class=\"img-fluid\" style=\"width: 65px;\" src=\"https:\/\/www.parkgest.ch\/wp-content\/themes\/parkgest\/v2\/images\/svg\/PKG_Sign-Limit-220.svg\" alt=\"\" \/><\/div>\n<p>H\u00f6he 2,20 m<\/p>\n<\/div>\n<\/div>\n<h2>Dienstleistungen<\/h2>\n<div class=\"pkg-block pkg-block--bordered pkg-block-service\">\n<div class=\"service-item\">\n<div class=\"service-item__icon\"><img decoding=\"async\" class=\"img-fluid\" src=\"http:\/\/www.parkgest.ch\/wp-content\/themes\/parkgest\/v2\/images\/svg\/PKG_Open24.svg\" alt=\"\" \/><\/div>\n<p>Ge\u00f6ffnet 24 h<br \/>\nan 7 Tagen der Woche<\/p>\n<\/div>\n<div class=\"service-item\">\n<div class=\"service-item__icon\"><img decoding=\"async\" class=\"img-fluid\" src=\"http:\/\/www.parkgest.ch\/wp-content\/themes\/parkgest\/v2\/images\/svg\/PKG_Services.svg\" alt=\"\" \/><\/div>\n<p>Kundenempfang von 8:00 bis 12:00 Uhr und von 13:30 bis 18:00 Uhr (am Freitag Schliessung um 17:30 Uhr)<\/p>\n<\/div>\n<div class=\"service-item\">\n<div class=\"service-item__icon\"><img decoding=\"async\" class=\"img-fluid\" src=\"http:\/\/www.parkgest.ch\/wp-content\/themes\/parkgest\/v2\/images\/svg\/PKG-Licence-number-ge.svg\" style=\"width: 45px;\" alt=\"\" \/><\/div>\n<p>ANPR<\/p>\n<\/div>\n<div class=\"service-item\">\n<div class=\"service-item__icon service-item__icon--popover\"><button data-toggle=\"popover\" data-text=\"Sobald Ihr Parkvorgang bezahlt ist, \u00f6ffnet sich die Schranke bei der Ausfahrt automatisch dank Kennzeichenerkennung, ohne dass Sie Ihr Ticket einf\u00fchren m\u00fcssen. Bezahlt = automatische Ausfahrt. Einfach, schnell und komfortabel. \" data-placement=\"top\"><\/button><i class=\"icon-info-with-circle\"><\/i><img decoding=\"async\" class=\"img-fluid\" src=\"https:\/\/www.parkgest.ch\/wp-content\/themes\/parkgest\/v2\/images\/svg\/PKG-fastexit.svg\" alt=\"\" \/><\/div>\n<p>Fast Exit\n<\/p><\/div>\n<\/div>\n<h2>Parkangebot<\/h2>\n<div class=\"pkg-block pkg-block--bordered pkg-block-service\">\n<div class=\"service-item\">\n<div class=\"service-item__icon service-item__icon--popover\"><button data-toggle=\"popover\" data-text=\"\" data-link=\"https:\/\/www.parkgest.ch\/places-reservees-aux-personnes-a-mobilite-reduite\/\" data-placement=\"top\" data-available=\"10\" data-location=\"0,1,2,3,4,5,6\"><\/button><i class=\"icon-info-with-circle\"><\/i><img decoding=\"async\" class=\"img-fluid\" src=\"http:\/\/www.parkgest.ch\/wp-content\/themes\/parkgest\/v2\/images\/svg\/PKG_wheel-chair.svg\" alt=\"\" \/><\/div>\n<p>Parkpl\u00e4tze f\u00fcr Behinderte<\/p>\n<\/div>\n<div class=\"service-item\">\n<div class=\"service-item__icon service-item__icon--popover\"><button data-toggle=\"popover\" data-text=\"\" data-link=\"\" data-placement=\"top\" data-available=\"18\" data-location=\"0,1,2,3,4,5,6\"><\/button><i class=\"icon-info-with-circle\"><\/i><img decoding=\"async\" class=\"img-fluid\" src=\"http:\/\/www.parkgest.ch\/wp-content\/themes\/parkgest\/v2\/images\/svg\/PKG_Bike.svg\" alt=\"\" \/><\/div>\n<p>Parkpl\u00e4tze f\u00fcr Motorr\u00e4der<\/p>\n<\/div>\n<\/div>\n<h2>Exklusivit\u00e4ten<\/h2>\n<div class=\"pkg-block pkg-block--bordered pkg-block-service\">\n<div class=\"service-item\">\n<div class=\"service-item__icon\"><img decoding=\"async\" class=\"img-fluid\" src=\"http:\/\/www.parkgest.ch\/wp-content\/themes\/parkgest\/v2\/images\/svg\/PKG_Mobile-4G.svg\" alt=\"\" \/><\/div>\n<p>4G Netzwerk<\/p>\n<\/div>\n<\/div>\n<h2>Annehmlichkeiten<\/h2>\n<div class=\"pkg-block pkg-block--bordered pkg-block-service\">\n<div class=\"service-item\">\n<div class=\"service-item__icon\"><img decoding=\"async\" class=\"img-fluid\" style=\"width: 65px;\" src=\"http:\/\/www.parkgest.ch\/wp-content\/themes\/parkgest\/v2\/images\/svg\/Elevator-access.svg\" alt=\"\" \/><\/div>\n<p>Aufz\u00fcge f\u00fcr k\u00f6rperlich eingeschr\u00e4nkte Personen<\/p>\n<\/div>\n<div class=\"service-item\">\n<div class=\"service-item__icon\"><img decoding=\"async\" class=\"img-fluid\" src=\"http:\/\/www.parkgest.ch\/wp-content\/themes\/parkgest\/v2\/images\/svg\/PKG_Elevator.svg\" alt=\"\" \/><\/div>\n<p>Aufzug<\/p>\n<\/div>\n<div class=\"service-item\">\n<div class=\"service-item__icon\"><img decoding=\"async\" class=\"img-fluid\" src=\"http:\/\/www.parkgest.ch\/wp-content\/themes\/parkgest\/v2\/images\/svg\/PKG_Ticket-Machine-Assist.svg\" alt=\"\" \/><\/div>\n<p>Zahlstellen f\u00fcr Behinderte<\/p>\n<\/div>\n<\/div>\n<h2>Sicherheit<\/h2>\n<div class=\"pkg-block pkg-block--bordered pkg-block-service\">\n<div class=\"service-item\">\n<div class=\"service-item__icon\"><img decoding=\"async\" class=\"img-fluid\" src=\"http:\/\/www.parkgest.ch\/wp-content\/themes\/parkgest\/v2\/images\/svg\/PKG_Camera.svg\" alt=\"\" \/><\/div>\n<p>Video\u00fcberwachung<\/p>\n<\/div>\n<div class=\"service-item\">\n<div class=\"service-item__icon\"><img decoding=\"async\" class=\"img-fluid\" src=\"http:\/\/www.parkgest.ch\/wp-content\/themes\/parkgest\/v2\/images\/svg\/PKG_Security.svg\" alt=\"\" \/><\/div>\n<p>Rondeng\u00e4nge Tag &#038; Nacht<\/p>\n<\/div>\n<\/div>\n<h2>Zahlungsarten<\/h2>\n<div class=\"pkg-block pkg-block--bordered pkg-block-service pkg-block-service-payment\">\n<div class=\"service-item\">\n<div class=\"service-item__icon\"><img decoding=\"async\" class=\"img-fluid\" src=\"http:\/\/www.parkgest.ch\/wp-content\/themes\/parkgest\/v2\/images\/svg\/PKG_Creditcard.svg\" alt=\"\" \/><\/div>\n<p>Kartenzahlung<\/p>\n<\/div>\n<div class=\"service-item\">\n<div class=\"service-item__icon\"><img decoding=\"async\" class=\"img-fluid\" style=\"width: 47px;\" src=\"http:\/\/www.parkgest.ch\/wp-content\/themes\/parkgest\/v2\/images\/svg\/PKG_contactless payment.png\" alt=\"\" \/><\/div>\n<p>Kontaktlose Zahlung<\/p>\n<\/div>\n<div class=\"service-item\">\n<div class=\"service-item__icon\"><img decoding=\"async\" class=\"img-fluid\" src=\"http:\/\/www.parkgest.ch\/wp-content\/themes\/parkgest\/v2\/images\/svg\/PKG_Swissfrancs.svg\" alt=\"\" \/><\/div>\n<p>Banknoten &#038; M\u00fcnzen CHF<\/p>\n<\/div>\n<div class=\"service-item\">\n<div class=\"service-item__icon\"><img decoding=\"async\" class=\"img-fluid\" src=\"http:\/\/www.parkgest.ch\/wp-content\/themes\/parkgest\/v2\/images\/svg\/PKG_Euro.svg\" alt=\"\" \/><\/div>\n<p>Banknoten EUR<\/p>\n<\/div>\n<\/div>\n<div class=\"pkg-block pkg-block-text\">\n<h2>Nutzungseinschr\u00e4nkungen<\/h2>\n<p>Das Parking Forum ist ein privater Nichtraucherbereich, der seine Tore dem Publikum \u00f6ffnet. Es richtet sich ausschliesslich an das kostenpflichtige Abstellen von leichten Automobilen (bis 2,5 t) oder von Lieferfahrzeugen, denen ein Kurzparkticket oder eine Dauerzugangskarte Einfahrt verschafft.<br \/>\nDas Fahrzeug muss funktionst\u00fcchtig, mit Strom oder Kraftstoff (Benzin oder Diesel) angetrieben sein und darf nicht eine maximale H\u00f6he, einschliesslich s\u00e4mtlicher Zus\u00e4tze (z.B. Dachkoffer, Velos, Antennen), von 2,2 m \u00fcberschreiten.<br \/>\nDrei- oder vierr\u00e4drige Fahrzeuge, einschliesslich Roadster und Quads, sind zugelassen, ebenso motorisierte Zweir\u00e4der.<br \/>\nDrei- oder vierr\u00e4drige Fahrzeuge, einschliesslich Roadster und Quads, sind zugelassen, ebenso motorisierte Zweir\u00e4der.<\/p>\n<p>Strikt untersagt ist die Verwendung von:<\/p>\n<ul>\n<li>Fahrzeugen, die nicht mit Elektro-, Benzin- oder Dieselkraftstoff betrieben werden, insbesondere<\/li>\n<li>Fl\u00fcssigpropangas (LPG), Erdgas, Butangas oder Wasserstoff.<\/li>\n<li>Zu ziehende Fahrzeuge \u2013 Anh\u00e4nger aller Art, einschliesslich Wohnwagen (sofern nicht ausdr\u00fccklich genehmigt)<\/li>\n<\/ul>\n<p>St\u00fcndlicher Zugang tags\u00fcber von 07:00 bis 19:00\u00a0Uhr, werktags<\/p>\n<h3 class=\"toggle\"><strong><a href=\"#\">Tarife nach Stunden<\/a><\/strong><\/h3><div class=\"toggle-box\" style=\"display: none;\"><p>\n<div class=\"table-responsive\"><table  style=\"width:550px; \"  class=\"easy-table easy-table-default \" border=\"0\">\n<thead>\r\n<tr><th  style=\"width:250px;text-align:left\" >Zeiten<\/th>\n<th  style=\"width:200px;text-align:left\" >Studen<\/th>\n<th  style=\"width:50px;text-align:left\" >Preis<\/th>\n<th  style=\"width:50px;text-align:right\" ><\/th>\n<\/tr>\n<\/thead>\n<tbody>\r\n<tr><td  style=\"text-align:left\" >Von 00 bis 20 minuten <\/td>\n<td  style=\"text-align:left\" ><\/td>\n<td  style=\"text-align:left\" ><\/td>\n<td  style=\"text-align:right\" >gratis<\/td>\n<\/tr>\n\r\n<tr><td  style=\"text-align:left\" >Von 21 bis 59 minuten <\/td>\n<td  style=\"text-align:left\" >1 stunde<\/td>\n<td  style=\"text-align:left\" >CHF<\/td>\n<td  style=\"text-align:right\" > 1<\/td>\n<\/tr>\n\r\n<tr><td  style=\"text-align:left\" >Von 60 bis 89 minuten <\/td>\n<td  style=\"text-align:left\" >1 stunde 30 min.<\/td>\n<td  style=\"text-align:left\" >CHF<\/td>\n<td  style=\"text-align:right\" > 2<\/td>\n<\/tr>\n\r\n<tr><td  style=\"text-align:left\" >Von 90 bis 119 minuten <\/td>\n<td  style=\"text-align:left\" >2 stunden <\/td>\n<td  style=\"text-align:left\" >CHF<\/td>\n<td  style=\"text-align:right\" > 3<\/td>\n<\/tr>\n\r\n<tr><td  style=\"text-align:left\" >Von 120 bis 149 minuten <\/td>\n<td  style=\"text-align:left\" >2 stunden  30 min<\/td>\n<td  style=\"text-align:left\" >CHF<\/td>\n<td  style=\"text-align:right\" > 4<\/td>\n<\/tr>\n\r\n<tr><td  style=\"text-align:left\" >Von 150 bis 179 minuten <\/td>\n<td  style=\"text-align:left\" >3 stunden <\/td>\n<td  style=\"text-align:left\" >CHF<\/td>\n<td  style=\"text-align:right\" > 5<\/td>\n<\/tr>\n\r\n<tr><td  style=\"text-align:left\" >Von 180 bis 239 minuten <\/td>\n<td  style=\"text-align:left\" >4 stunden <\/td>\n<td  style=\"text-align:left\" >CHF<\/td>\n<td  style=\"text-align:right\" > 7<\/td>\n<\/tr>\n\r\n<tr><td  style=\"text-align:left\" >Von 240 bis 299 minuten <\/td>\n<td  style=\"text-align:left\" >5 stunden <\/td>\n<td  style=\"text-align:left\" >CHF<\/td>\n<td  style=\"text-align:right\" > 9<\/td>\n<\/tr>\n\r\n<tr><td  style=\"text-align:left\" >Von 300 bis 359 minuten <\/td>\n<td  style=\"text-align:left\" >6 stunden <\/td>\n<td  style=\"text-align:left\" >CHF<\/td>\n<td  style=\"text-align:right\" > 11<\/td>\n<\/tr>\n\r\n<tr><td  style=\"text-align:left\" >Von 360 bis 419 minuten <\/td>\n<td  style=\"text-align:left\" >7 stunden <\/td>\n<td  style=\"text-align:left\" >CHF<\/td>\n<td  style=\"text-align:right\" > 13<\/td>\n<\/tr>\n\r\n<tr><td  style=\"text-align:left\" >Von 420 bis 479 minuten <\/td>\n<td  style=\"text-align:left\" >8 stunden <\/td>\n<td  style=\"text-align:left\" >CHF<\/td>\n<td  style=\"text-align:right\" > 15<\/td>\n<\/tr>\n\r\n<tr><td  style=\"text-align:left\" >Von 480 bis 539 minuten <\/td>\n<td  style=\"text-align:left\" >9 stunden <\/td>\n<td  style=\"text-align:left\" >CHF<\/td>\n<td  style=\"text-align:right\" > 17<\/td>\n<\/tr>\n\r\n<tr><td  style=\"text-align:left\" >Von 540 bis 599 minuten <\/td>\n<td  style=\"text-align:left\" >10 stunden <\/td>\n<td  style=\"text-align:left\" >CHF<\/td>\n<td  style=\"text-align:right\" > 19<\/td>\n<\/tr>\n\r\n<tr><td  style=\"text-align:left\" >Von 600 bis 659 minuten <\/td>\n<td  style=\"text-align:left\" >11 stunden <\/td>\n<td  style=\"text-align:left\" >CHF<\/td>\n<td  style=\"text-align:right\" > 20<\/td>\n<\/tr>\n\r\n<tr><td  style=\"text-align:left\" >St\u00fcndlicher zugang nachts von 19:00 bis 07:00 uhr<\/td>\n<td  style=\"text-align:left\" > pro Stunde<\/td>\n<td  style=\"text-align:left\" >CHF<\/td>\n<td  style=\"text-align:right\" > 1<\/td>\n<\/tr>\n<\/tbody><\/table><\/div>\n<div class=\"table-responsive\"><table  style=\"width:550px; \"  class=\"easy-table easy-table-default \" border=\"0\">\n<thead>\r\n<tr><th  style=\"width:350px;text-align:left\" ><\/th>\n<th  style=\"width:100px;text-align:left\" ><\/th>\n<th  style=\"width:50px;text-align:left\" ><\/th>\n<th  style=\"width:50px;text-align:right\" ><\/th>\n<\/tr>\n<\/thead>\n<tbody>\r\n<tr><td  style=\"text-align:left\" >Parkgeb\u00fchr bei verlorenem Ticket<\/td>\n<td  style=\"text-align:left\" ><\/td>\n<td  style=\"text-align:left\" >CHF<\/td>\n<td  style=\"text-align:right\" >30<\/td>\n<\/tr>\n\r\n<tr><td  style=\"text-align:left\" >Ersatz f\u00fcr die Dauerkarte oder den Zugangsausweis<\/td>\n<td  style=\"text-align:left\" ><\/td>\n<td  style=\"text-align:left\" >CHF<\/td>\n<td  style=\"text-align:right\" >20<\/td>\n<\/tr>\n<\/tbody><\/table><\/div>\nAlle unsere preise gelten pro fahrzeug und sind einschliesslich aller steuern<br \/>\n<\/p><\/div>\n<h3 class=\"toggle\"><strong><a href=\"#\">Andere Tarife<\/a><\/strong><\/h3><div class=\"toggle-box\" style=\"display: none;\"><p>\n<p><strong>PREPAID KARTE<\/strong><br \/>\n<div class=\"table-responsive\"><table  style=\"width:550px; \"  class=\"easy-table easy-table-default \" border=\"0\">\n<thead>\r\n<tr><th  style=\"width:350px;text-align:left\" >Parkgeb\u00fchr<\/th>\n<th  style=\"width:200px;text-align:left\" >Verkaufspreis<\/th>\n<\/tr>\n<\/thead>\n<tbody>\r\n<tr><td  style=\"text-align:left\" >CHF 100<\/td>\n<td  style=\"text-align:left\" >CHF 90<\/td>\n<\/tr>\n\r\n<tr><td  style=\"text-align:left\" >CHF 50<\/td>\n<td  style=\"text-align:left\" >CHF 45<\/td>\n<\/tr>\n<\/tbody><\/table><\/div>\n<p><strong><strong>LANGZEITPARKEN (1 Einfahrt, 1 Ausfahrt)<br \/>\n<\/strong><\/strong><\/p>\n<div class=\"table-responsive\"><table  style=\"width:550px; \"  class=\"easy-table easy-table-default \" border=\"0\">\n<thead>\r\n<tr><th  style=\"width:350px;text-align:left\" ><\/th>\n<th  style=\"width:100px;text-align:left\" ><\/th>\n<th  style=\"width:50px;text-align:left\" ><\/th>\n<th  style=\"width:50px;text-align:right\" ><\/th>\n<\/tr>\n<\/thead>\n<tbody>\r\n<tr><td  style=\"text-align:left\" >Erster Tag<\/td>\n<td  style=\"text-align:left\" ><\/td>\n<td  style=\"text-align:left\" > CHF<\/td>\n<td  style=\"text-align:right\" > 20<\/td>\n<\/tr>\n\r\n<tr><td  style=\"text-align:left\" >Folgetage (pro Tag)<\/td>\n<td  style=\"text-align:left\" ><\/td>\n<td  style=\"text-align:left\" > CHF<\/td>\n<td  style=\"text-align:right\" > 20<\/td>\n<\/tr>\n<\/tbody><\/table><\/div>\nAlle unsere preise gelten pro fahrzeug und sind einschliesslich aller steuern<br \/>\n<\/p><\/div>\n<h3 class=\"toggle\"><strong><a href=\"#\">Abonnement-Antrag<\/a><\/strong><\/h3><div class=\"toggle-box\" style=\"display: none;\"><p>\nNur f\u00fcr die Unternehmen des Y-PARC, \u00fcber den Parkraumbetreiber.<br \/>\n<\/p><\/div>\n<h3 class=\"toggle\"><strong><a href=\"#\">Allgemeine Bedingungen<\/a><\/strong><\/h3><div class=\"toggle-box\" style=\"display: none;\"><p>\n<p>&nbsp;<\/p>\n<p><iframe loading=\"lazy\" src=\"https:\/\/docs.google.com\/viewer?url=https:\/\/www.parkgest.ch\/wp-content\/uploads\/FORUM_Conditions-generales_20240718_VF.pdf&amp;embedded=true\" width=\"100%\" height=\"600\" frameborder=\"0\"><\/iframe><\/p>\n<p>Wenn Sie die Datei nicht richtig lesen k\u00f6nnen, <a href=\"https:\/\/www.parkgest.ch\/wp-content\/uploads\/FORUM_Conditions-generales_20240718_VF.pdf\" target=\"_blank\" rel=\"noopener noreferrer\">klicken Sie hier<\/a><\/p>\n<\/p><\/div>\n<\/div>\n","protected":false},"excerpt":{"rendered":"<p>Willkommen auf dem Parkhaus Forum Das Parking Forum bietet komplett gemeinsam genutzte Parkpl\u00e4tze an, das heisst dass ein Stellplatz nicht einem bestimmten Mieter zugeordnet ist. Das Parking besteht aus sieben Stockwerken (0, 1, 2. 3, 4, 5, 6). H\u00f6he 2,20 m Dienstleistungen Ge\u00f6ffnet 24 h an 7 Tagen der Woche Kundenempfang von 8:00 bis 12:00 [&hellip;]<\/p>\n","protected":false},"author":10,"featured_media":10162,"parent":1281,"menu_order":0,"comment_status":"closed","ping_status":"closed","template":"parkingpage.php","meta":{"footnotes":""},"tags":[],"yoast_head":"<!-- This site is optimized with the Yoast SEO plugin v21.8 - https:\/\/yoast.com\/wordpress\/plugins\/seo\/ -->\n<title>Parkhaus Forum | Parkgest<\/title>\n<meta name=\"robots\" content=\"index, follow, max-snippet:-1, max-image-preview:large, max-video-preview:-1\" \/>\n<link rel=\"canonical\" href=\"https:\/\/www.parkgest.ch\/de\/wo-man-parken\/parkhaus-forum\/\" \/>\n<meta property=\"og:locale\" content=\"de_DE\" \/>\n<meta property=\"og:type\" content=\"article\" \/>\n<meta property=\"og:title\" content=\"Parkhaus Forum | Parkgest\" \/>\n<meta property=\"og:description\" content=\"Willkommen auf dem Parkhaus Forum Das Parking Forum bietet komplett gemeinsam genutzte Parkpl\u00e4tze an, das heisst dass ein Stellplatz nicht einem bestimmten Mieter zugeordnet ist. Das Parking besteht aus sieben Stockwerken (0, 1, 2. 3, 4, 5, 6). H\u00f6he 2,20 m Dienstleistungen Ge\u00f6ffnet 24 h an 7 Tagen der Woche Kundenempfang von 8:00 bis 12:00 [&hellip;]\" \/>\n<meta property=\"og:url\" content=\"https:\/\/www.parkgest.ch\/de\/wo-man-parken\/parkhaus-forum\/\" \/>\n<meta property=\"og:site_name\" content=\"Parkgest\" \/>\n<meta property=\"article:modified_time\" content=\"2026-03-03T01:26:06+00:00\" \/>\n<meta property=\"og:image\" content=\"https:\/\/www.parkgest.ch\/wp-content\/uploads\/forum-cover.jpg\" \/>\n\t<meta property=\"og:image:width\" content=\"1269\" \/>\n\t<meta property=\"og:image:height\" content=\"398\" \/>\n\t<meta property=\"og:image:type\" content=\"image\/jpeg\" \/>\n<meta name=\"twitter:label1\" content=\"Gesch\u00e4tzte Lesezeit\" \/>\n\t<meta name=\"twitter:data1\" content=\"6\u00a0Minuten\" \/>\n<script type=\"application\/ld+json\" class=\"yoast-schema-graph\">{\"@context\":\"https:\/\/schema.org\",\"@graph\":[{\"@type\":\"WebPage\",\"@id\":\"https:\/\/www.parkgest.ch\/de\/wo-man-parken\/parkhaus-forum\/\",\"url\":\"https:\/\/www.parkgest.ch\/de\/wo-man-parken\/parkhaus-forum\/\",\"name\":\"Parkhaus Forum | Parkgest\",\"isPartOf\":{\"@id\":\"https:\/\/www.parkgest.ch\/#website\"},\"datePublished\":\"2024-03-22T14:38:54+00:00\",\"dateModified\":\"2026-03-03T01:26:06+00:00\",\"breadcrumb\":{\"@id\":\"https:\/\/www.parkgest.ch\/de\/wo-man-parken\/parkhaus-forum\/#breadcrumb\"},\"inLanguage\":\"de\",\"potentialAction\":[{\"@type\":\"ReadAction\",\"target\":[\"https:\/\/www.parkgest.ch\/de\/wo-man-parken\/parkhaus-forum\/\"]}]},{\"@type\":\"BreadcrumbList\",\"@id\":\"https:\/\/www.parkgest.ch\/de\/wo-man-parken\/parkhaus-forum\/#breadcrumb\",\"itemListElement\":[{\"@type\":\"ListItem\",\"position\":1,\"name\":\"Accueil\",\"item\":\"https:\/\/www.parkgest.ch\/de\/\"},{\"@type\":\"ListItem\",\"position\":2,\"name\":\"Wo kann ich parken?\",\"item\":\"https:\/\/www.parkgest.ch\/de\/wo-man-parken\/\"},{\"@type\":\"ListItem\",\"position\":3,\"name\":\"Parkhaus Forum\"}]},{\"@type\":\"WebSite\",\"@id\":\"https:\/\/www.parkgest.ch\/#website\",\"url\":\"https:\/\/www.parkgest.ch\/\",\"name\":\"Parkgest\",\"description\":\"R\u00e9seau de parkings \u00e0 Gen\u00e8ve et Suisse romande\",\"potentialAction\":[{\"@type\":\"SearchAction\",\"target\":{\"@type\":\"EntryPoint\",\"urlTemplate\":\"https:\/\/www.parkgest.ch\/?s={search_term_string}\"},\"query-input\":\"required name=search_term_string\"}],\"inLanguage\":\"de\"}]}<\/script>\n<!-- \/ Yoast SEO plugin. -->","yoast_head_json":{"title":"Parkhaus Forum | Parkgest","robots":{"index":"index","follow":"follow","max-snippet":"max-snippet:-1","max-image-preview":"max-image-preview:large","max-video-preview":"max-video-preview:-1"},"canonical":"https:\/\/www.parkgest.ch\/de\/wo-man-parken\/parkhaus-forum\/","og_locale":"de_DE","og_type":"article","og_title":"Parkhaus Forum | Parkgest","og_description":"Willkommen auf dem Parkhaus Forum Das Parking Forum bietet komplett gemeinsam genutzte Parkpl\u00e4tze an, das heisst dass ein Stellplatz nicht einem bestimmten Mieter zugeordnet ist. Das Parking besteht aus sieben Stockwerken (0, 1, 2. 3, 4, 5, 6). H\u00f6he 2,20 m Dienstleistungen Ge\u00f6ffnet 24 h an 7 Tagen der Woche Kundenempfang von 8:00 bis 12:00 [&hellip;]","og_url":"https:\/\/www.parkgest.ch\/de\/wo-man-parken\/parkhaus-forum\/","og_site_name":"Parkgest","article_modified_time":"2026-03-03T01:26:06+00:00","og_image":[{"width":1269,"height":398,"url":"https:\/\/www.parkgest.ch\/wp-content\/uploads\/forum-cover.jpg","type":"image\/jpeg"}],"twitter_misc":{"Gesch\u00e4tzte Lesezeit":"6\u00a0Minuten"},"schema":{"@context":"https:\/\/schema.org","@graph":[{"@type":"WebPage","@id":"https:\/\/www.parkgest.ch\/de\/wo-man-parken\/parkhaus-forum\/","url":"https:\/\/www.parkgest.ch\/de\/wo-man-parken\/parkhaus-forum\/","name":"Parkhaus Forum | Parkgest","isPartOf":{"@id":"https:\/\/www.parkgest.ch\/#website"},"datePublished":"2024-03-22T14:38:54+00:00","dateModified":"2026-03-03T01:26:06+00:00","breadcrumb":{"@id":"https:\/\/www.parkgest.ch\/de\/wo-man-parken\/parkhaus-forum\/#breadcrumb"},"inLanguage":"de","potentialAction":[{"@type":"ReadAction","target":["https:\/\/www.parkgest.ch\/de\/wo-man-parken\/parkhaus-forum\/"]}]},{"@type":"BreadcrumbList","@id":"https:\/\/www.parkgest.ch\/de\/wo-man-parken\/parkhaus-forum\/#breadcrumb","itemListElement":[{"@type":"ListItem","position":1,"name":"Accueil","item":"https:\/\/www.parkgest.ch\/de\/"},{"@type":"ListItem","position":2,"name":"Wo kann ich parken?","item":"https:\/\/www.parkgest.ch\/de\/wo-man-parken\/"},{"@type":"ListItem","position":3,"name":"Parkhaus Forum"}]},{"@type":"WebSite","@id":"https:\/\/www.parkgest.ch\/#website","url":"https:\/\/www.parkgest.ch\/","name":"Parkgest","description":"R\u00e9seau de parkings \u00e0 Gen\u00e8ve et Suisse romande","potentialAction":[{"@type":"SearchAction","target":{"@type":"EntryPoint","urlTemplate":"https:\/\/www.parkgest.ch\/?s={search_term_string}"},"query-input":"required name=search_term_string"}],"inLanguage":"de"}]}},"_links":{"self":[{"href":"https:\/\/www.parkgest.ch\/de\/wp-json\/wp\/v2\/pages\/9617"}],"collection":[{"href":"https:\/\/www.parkgest.ch\/de\/wp-json\/wp\/v2\/pages"}],"about":[{"href":"https:\/\/www.parkgest.ch\/de\/wp-json\/wp\/v2\/types\/page"}],"author":[{"embeddable":true,"href":"https:\/\/www.parkgest.ch\/de\/wp-json\/wp\/v2\/users\/10"}],"replies":[{"embeddable":true,"href":"https:\/\/www.parkgest.ch\/de\/wp-json\/wp\/v2\/comments?post=9617"}],"version-history":[{"count":11,"href":"https:\/\/www.parkgest.ch\/de\/wp-json\/wp\/v2\/pages\/9617\/revisions"}],"predecessor-version":[{"id":11310,"href":"https:\/\/www.parkgest.ch\/de\/wp-json\/wp\/v2\/pages\/9617\/revisions\/11310"}],"up":[{"embeddable":true,"href":"https:\/\/www.parkgest.ch\/de\/wp-json\/wp\/v2\/pages\/1281"}],"wp:featuredmedia":[{"embeddable":true,"href":"https:\/\/www.parkgest.ch\/de\/wp-json\/wp\/v2\/media\/10162"}],"wp:attachment":[{"href":"https:\/\/www.parkgest.ch\/de\/wp-json\/wp\/v2\/media?parent=9617"}],"wp:term":[{"taxonomy":"post_tag","embeddable":true,"href":"https:\/\/www.parkgest.ch\/de\/wp-json\/wp\/v2\/tags?post=9617"}],"curies":[{"name":"wp","href":"https:\/\/api.w.org\/{rel}","templated":true}]}}