{"id":9611,"date":"2024-03-22T14:42:49","date_gmt":"2024-03-22T13:42:49","guid":{"rendered":"https:\/\/www.parkgest.ch\/?page_id=9611"},"modified":"2025-03-18T14:09:03","modified_gmt":"2025-03-18T13:09:03","slug":"praktische-informationen","status":"publish","type":"page","link":"https:\/\/www.parkgest.ch\/de\/wo-man-parken\/parkhaus-small-city\/praktische-informationen\/","title":{"rendered":"Praktische Informationen"},"content":{"rendered":"<p><strong>Parkhaus Small City<\/strong><br \/>\nChemin Louis-Hubert 2<br \/>\n1213 Petit-Lancy<\/p>\n<p>\u00d6ffnungszeiten:<br \/>\nRund um die Uhr, 7 Tage die Woche.<\/p>\n<p><strong>Kontrollzentrale:<\/strong><br \/>\nT\u00e9l. 022 316 08 59<br \/>\n24h\/24 et 7j\/7 (Kontrollzentrum des Fabriques und des Mont-Blanc)<\/p>\n<p><strong>Vertriebsabteilung<\/strong><br \/>\nRue de la Rotisserie 4B<br \/>\n1204 Gen\u00e8ve<br \/>\nT\u00e9l. 022 316 08 89<br \/>\n<a href=\"mailto:parkingsmallcity@parkgest.ch\">parkingsmallcity@parkgest.ch<\/a><\/p>\n<p>Telefonische Empfangsdienst:<br \/>\nMontag bis Freitag von 8:00 bis 12:00<\/p>\n<p><strong>Sonstige Angaben:<\/strong><br \/>\nKapazit\u00e4t:<br \/>\n164 Parkpl\u00e4tze f\u00fcr das Auto, davon 2 Parkpl\u00e4tze f\u00fcr Behinderte, 25 Parkpl\u00e4tze f\u00fcr Motorr\u00e4der<\/p>\n<p><strong>Moyens de paiement accept\u00e9s\u00a0<\/strong><br \/>\n<img loading=\"lazy\" decoding=\"async\" title=\"paiement-amex\" src=\"http:\/\/www.parkgest.ch\/\/wp-content\/uploads\/moyens_paiement_1.jpg\" alt=\"\" width=\"31\" height=\"34\" \/><img loading=\"lazy\" decoding=\"async\" title=\"paiement-mastercard\" src=\"http:\/\/www.parkgest.ch\/\/wp-content\/uploads\/moyens_paiement_2.jpg\" alt=\"\" width=\"51\" height=\"34\" \/><img loading=\"lazy\" decoding=\"async\" title=\"paiement-visa\" src=\"http:\/\/www.parkgest.ch\/\/wp-content\/uploads\/moyens_paiement_3.jpg\" alt=\"\" width=\"45\" height=\"34\" \/>\u00a0<img loading=\"lazy\" decoding=\"async\" title=\"paiement-maestro\" src=\"http:\/\/www.parkgest.ch\/\/wp-content\/uploads\/moyens_paiement_7.jpg\" alt=\"\" width=\"57\" height=\"34\" \/>\u00a0<img loading=\"lazy\" decoding=\"async\" title=\"paiement-post-finance\" src=\"http:\/\/www.parkgest.ch\/\/wp-content\/uploads\/moyens_paiement_6.jpg\" alt=\"\" width=\"117\" height=\"34\" \/><\/p>\n","protected":false},"excerpt":{"rendered":"<p>Parkhaus Small City Chemin Louis-Hubert 2 1213 Petit-Lancy \u00d6ffnungszeiten: Rund um die Uhr, 7 Tage die Woche. Kontrollzentrale: T\u00e9l. 022 316 08 59 24h\/24 et 7j\/7 (Kontrollzentrum des Fabriques und des Mont-Blanc) Vertriebsabteilung Rue de la Rotisserie 4B 1204 Gen\u00e8ve T\u00e9l. 022 316 08 89 parkingsmallcity@parkgest.ch Telefonische Empfangsdienst: Montag bis Freitag von 8:00 bis 12:00 [&hellip;]<\/p>\n","protected":false},"author":10,"featured_media":0,"parent":9609,"menu_order":0,"comment_status":"closed","ping_status":"closed","template":"","meta":{"footnotes":""},"tags":[],"yoast_head":"<!-- This site is optimized with the Yoast SEO plugin v21.8 - https:\/\/yoast.com\/wordpress\/plugins\/seo\/ -->\n<title>Praktische Informationen | Parkgest<\/title>\n<meta name=\"robots\" content=\"index, follow, max-snippet:-1, max-image-preview:large, max-video-preview:-1\" \/>\n<link rel=\"canonical\" href=\"https:\/\/www.parkgest.ch\/de\/wo-man-parken\/parkhaus-small-city\/praktische-informationen\/\" \/>\n<meta property=\"og:locale\" content=\"de_DE\" \/>\n<meta property=\"og:type\" content=\"article\" \/>\n<meta property=\"og:title\" content=\"Praktische Informationen | Parkgest\" \/>\n<meta property=\"og:description\" content=\"Parkhaus Small City Chemin Louis-Hubert 2 1213 Petit-Lancy \u00d6ffnungszeiten: Rund um die Uhr, 7 Tage die Woche. Kontrollzentrale: T\u00e9l. 022 316 08 59 24h\/24 et 7j\/7 (Kontrollzentrum des Fabriques und des Mont-Blanc) Vertriebsabteilung Rue de la Rotisserie 4B 1204 Gen\u00e8ve T\u00e9l. 022 316 08 89 parkingsmallcity@parkgest.ch Telefonische Empfangsdienst: Montag bis Freitag von 8:00 bis 12:00 [&hellip;]\" \/>\n<meta property=\"og:url\" content=\"https:\/\/www.parkgest.ch\/de\/wo-man-parken\/parkhaus-small-city\/praktische-informationen\/\" \/>\n<meta property=\"og:site_name\" content=\"Parkgest\" \/>\n<meta property=\"article:modified_time\" content=\"2025-03-18T13:09:03+00:00\" \/>\n<meta property=\"og:image\" content=\"http:\/\/www.parkgest.ch\/\/wp-content\/uploads\/moyens_paiement_1.jpg\" \/>\n<meta name=\"twitter:label1\" content=\"Gesch\u00e4tzte Lesezeit\" \/>\n\t<meta name=\"twitter:data1\" content=\"2\u00a0Minuten\" \/>\n<script type=\"application\/ld+json\" class=\"yoast-schema-graph\">{\"@context\":\"https:\/\/schema.org\",\"@graph\":[{\"@type\":\"WebPage\",\"@id\":\"https:\/\/www.parkgest.ch\/de\/wo-man-parken\/parkhaus-small-city\/praktische-informationen\/\",\"url\":\"https:\/\/www.parkgest.ch\/de\/wo-man-parken\/parkhaus-small-city\/praktische-informationen\/\",\"name\":\"Praktische Informationen | Parkgest\",\"isPartOf\":{\"@id\":\"https:\/\/www.parkgest.ch\/#website\"},\"datePublished\":\"2024-03-22T13:42:49+00:00\",\"dateModified\":\"2025-03-18T13:09:03+00:00\",\"breadcrumb\":{\"@id\":\"https:\/\/www.parkgest.ch\/de\/wo-man-parken\/parkhaus-small-city\/praktische-informationen\/#breadcrumb\"},\"inLanguage\":\"de\",\"potentialAction\":[{\"@type\":\"ReadAction\",\"target\":[\"https:\/\/www.parkgest.ch\/de\/wo-man-parken\/parkhaus-small-city\/praktische-informationen\/\"]}]},{\"@type\":\"BreadcrumbList\",\"@id\":\"https:\/\/www.parkgest.ch\/de\/wo-man-parken\/parkhaus-small-city\/praktische-informationen\/#breadcrumb\",\"itemListElement\":[{\"@type\":\"ListItem\",\"position\":1,\"name\":\"Accueil\",\"item\":\"https:\/\/www.parkgest.ch\/de\/\"},{\"@type\":\"ListItem\",\"position\":2,\"name\":\"Wo kann ich parken?\",\"item\":\"https:\/\/www.parkgest.ch\/de\/wo-man-parken\/\"},{\"@type\":\"ListItem\",\"position\":3,\"name\":\"Parkhaus Small City\",\"item\":\"https:\/\/www.parkgest.ch\/de\/wo-man-parken\/parkhaus-small-city\/\"},{\"@type\":\"ListItem\",\"position\":4,\"name\":\"Praktische Informationen\"}]},{\"@type\":\"WebSite\",\"@id\":\"https:\/\/www.parkgest.ch\/#website\",\"url\":\"https:\/\/www.parkgest.ch\/\",\"name\":\"Parkgest\",\"description\":\"R\u00e9seau de parkings \u00e0 Gen\u00e8ve et Suisse romande\",\"potentialAction\":[{\"@type\":\"SearchAction\",\"target\":{\"@type\":\"EntryPoint\",\"urlTemplate\":\"https:\/\/www.parkgest.ch\/?s={search_term_string}\"},\"query-input\":\"required name=search_term_string\"}],\"inLanguage\":\"de\"}]}<\/script>\n<!-- \/ Yoast SEO plugin. -->","yoast_head_json":{"title":"Praktische Informationen | Parkgest","robots":{"index":"index","follow":"follow","max-snippet":"max-snippet:-1","max-image-preview":"max-image-preview:large","max-video-preview":"max-video-preview:-1"},"canonical":"https:\/\/www.parkgest.ch\/de\/wo-man-parken\/parkhaus-small-city\/praktische-informationen\/","og_locale":"de_DE","og_type":"article","og_title":"Praktische Informationen | Parkgest","og_description":"Parkhaus Small City Chemin Louis-Hubert 2 1213 Petit-Lancy \u00d6ffnungszeiten: Rund um die Uhr, 7 Tage die Woche. Kontrollzentrale: T\u00e9l. 022 316 08 59 24h\/24 et 7j\/7 (Kontrollzentrum des Fabriques und des Mont-Blanc) Vertriebsabteilung Rue de la Rotisserie 4B 1204 Gen\u00e8ve T\u00e9l. 022 316 08 89 parkingsmallcity@parkgest.ch Telefonische Empfangsdienst: Montag bis Freitag von 8:00 bis 12:00 [&hellip;]","og_url":"https:\/\/www.parkgest.ch\/de\/wo-man-parken\/parkhaus-small-city\/praktische-informationen\/","og_site_name":"Parkgest","article_modified_time":"2025-03-18T13:09:03+00:00","og_image":[{"url":"http:\/\/www.parkgest.ch\/\/wp-content\/uploads\/moyens_paiement_1.jpg"}],"twitter_misc":{"Gesch\u00e4tzte Lesezeit":"2\u00a0Minuten"},"schema":{"@context":"https:\/\/schema.org","@graph":[{"@type":"WebPage","@id":"https:\/\/www.parkgest.ch\/de\/wo-man-parken\/parkhaus-small-city\/praktische-informationen\/","url":"https:\/\/www.parkgest.ch\/de\/wo-man-parken\/parkhaus-small-city\/praktische-informationen\/","name":"Praktische Informationen | Parkgest","isPartOf":{"@id":"https:\/\/www.parkgest.ch\/#website"},"datePublished":"2024-03-22T13:42:49+00:00","dateModified":"2025-03-18T13:09:03+00:00","breadcrumb":{"@id":"https:\/\/www.parkgest.ch\/de\/wo-man-parken\/parkhaus-small-city\/praktische-informationen\/#breadcrumb"},"inLanguage":"de","potentialAction":[{"@type":"ReadAction","target":["https:\/\/www.parkgest.ch\/de\/wo-man-parken\/parkhaus-small-city\/praktische-informationen\/"]}]},{"@type":"BreadcrumbList","@id":"https:\/\/www.parkgest.ch\/de\/wo-man-parken\/parkhaus-small-city\/praktische-informationen\/#breadcrumb","itemListElement":[{"@type":"ListItem","position":1,"name":"Accueil","item":"https:\/\/www.parkgest.ch\/de\/"},{"@type":"ListItem","position":2,"name":"Wo kann ich parken?","item":"https:\/\/www.parkgest.ch\/de\/wo-man-parken\/"},{"@type":"ListItem","position":3,"name":"Parkhaus Small City","item":"https:\/\/www.parkgest.ch\/de\/wo-man-parken\/parkhaus-small-city\/"},{"@type":"ListItem","position":4,"name":"Praktische Informationen"}]},{"@type":"WebSite","@id":"https:\/\/www.parkgest.ch\/#website","url":"https:\/\/www.parkgest.ch\/","name":"Parkgest","description":"R\u00e9seau de parkings \u00e0 Gen\u00e8ve et Suisse romande","potentialAction":[{"@type":"SearchAction","target":{"@type":"EntryPoint","urlTemplate":"https:\/\/www.parkgest.ch\/?s={search_term_string}"},"query-input":"required name=search_term_string"}],"inLanguage":"de"}]}},"_links":{"self":[{"href":"https:\/\/www.parkgest.ch\/de\/wp-json\/wp\/v2\/pages\/9611"}],"collection":[{"href":"https:\/\/www.parkgest.ch\/de\/wp-json\/wp\/v2\/pages"}],"about":[{"href":"https:\/\/www.parkgest.ch\/de\/wp-json\/wp\/v2\/types\/page"}],"author":[{"embeddable":true,"href":"https:\/\/www.parkgest.ch\/de\/wp-json\/wp\/v2\/users\/10"}],"replies":[{"embeddable":true,"href":"https:\/\/www.parkgest.ch\/de\/wp-json\/wp\/v2\/comments?post=9611"}],"version-history":[{"count":4,"href":"https:\/\/www.parkgest.ch\/de\/wp-json\/wp\/v2\/pages\/9611\/revisions"}],"predecessor-version":[{"id":10412,"href":"https:\/\/www.parkgest.ch\/de\/wp-json\/wp\/v2\/pages\/9611\/revisions\/10412"}],"up":[{"embeddable":true,"href":"https:\/\/www.parkgest.ch\/de\/wp-json\/wp\/v2\/pages\/9609"}],"wp:attachment":[{"href":"https:\/\/www.parkgest.ch\/de\/wp-json\/wp\/v2\/media?parent=9611"}],"wp:term":[{"taxonomy":"post_tag","embeddable":true,"href":"https:\/\/www.parkgest.ch\/de\/wp-json\/wp\/v2\/tags?post=9611"}],"curies":[{"name":"wp","href":"https:\/\/api.w.org\/{rel}","templated":true}]}}