{"id":9609,"date":"2024-03-22T14:40:24","date_gmt":"2024-03-22T13:40:24","guid":{"rendered":"https:\/\/www.parkgest.ch\/?page_id=9609"},"modified":"2025-08-25T22:12:43","modified_gmt":"2025-08-25T21:12:43","slug":"parkhaus-small-city","status":"publish","type":"page","link":"https:\/\/www.parkgest.ch\/de\/wo-man-parken\/parkhaus-small-city\/","title":{"rendered":"Parkhaus Small City"},"content":{"rendered":"<div class=\"pkg-block pkg-block--bordered pkg-block-text\">\n<h2>Willkommen auf dem Parkhaus Small City<\/h2>\n<\/div>\n<p>Das Parking Small City ist Teil des Small City-Zentrums, das nach Abschluss der zweiten Phase das gr\u00f6sste Zentrum f\u00fcr industrielle Aktivit\u00e4ten der Schweiz sein wird und sich auf 50\u2018000 m2 Fl\u00e4che an neun Bereiche richtet: Textil und Accessoires, Deko und Wohnen, Gesundheit und Beauty, Mobilit\u00e4t, Verpflegung, Lebensmittel, Sport, B\u00fcros und Dienstleistungen. Es besteht aus vier Stockwerken (\u20131, \u20132, \u20133, \u20134). Lediglich die Etagen \u20131 und \u20132 weisen Pl\u00e4tze f\u00fcr die Besucher der Small City auf.<\/p>\n<div class=\"pkg-block pkg-block--bordered pkg-block-service\">\n<div class=\"service-item\">\n<div class=\"service-item__icon\"><img decoding=\"async\" class=\"img-fluid\" style=\"width: 65px;\" src=\"https:\/\/www.parkgest.ch\/wp-content\/uploads\/290.svg\" alt=\"\" \/><\/div>\n<p>H\u00f6he 2,90 m<br \/>\nim Geschoss -1<\/p>\n<\/div>\n<div class=\"service-item\">\n<div class=\"service-item__icon\"><img decoding=\"async\" class=\"img-fluid\" style=\"width: 65px;\" src=\"https:\/\/www.parkgest.ch\/wp-content\/uploads\/230.svg\" alt=\"\" \/><\/div>\n<p>H\u00f6he 2,30 m<br \/>\nauf den tieferen Etagen \u00fcberschreiten<\/p>\n<\/div>\n<\/div>\n<h2>Dienstleistungen<\/h2>\n<div class=\"pkg-block pkg-block--bordered pkg-block-service\">\n<div class=\"service-item\">\n<div class=\"service-item__icon\"><img decoding=\"async\" class=\"img-fluid\" src=\"http:\/\/www.parkgest.ch\/wp-content\/themes\/parkgest\/v2\/images\/svg\/PKG_Open24.svg\" alt=\"\" \/><\/div>\n<p>Ge\u00f6ffnet 24 h<br \/>\nan 7 Tagen der Woche<\/p>\n<\/div>\n<\/div>\n<h2>Parkangebot<\/h2>\n<div class=\"pkg-block pkg-block--bordered pkg-block-service\">\n<div class=\"service-item\">\n<div class=\"service-item__icon service-item__icon--popover\"><button data-toggle=\"popover\" data-text=\"\" data-link=\"https:\/\/www.parkgest.ch\/places-reservees-aux-personnes-a-mobilite-reduite\/\" data-placement=\"top\" data-available=\"2\" data-location=\"-1\"><\/button><i class=\"icon-info-with-circle\"><\/i><img decoding=\"async\" class=\"img-fluid\" src=\"http:\/\/www.parkgest.ch\/wp-content\/themes\/parkgest\/v2\/images\/svg\/PKG_wheel-chair.svg\" alt=\"\" \/><\/div>\n<p>Parkpl\u00e4tze f\u00fcr Behinderte<\/p>\n<\/div>\n<div class=\"service-item\">\n<div class=\"service-item__icon service-item__icon--popover\"><button data-toggle=\"popover\" data-text=\"\" data-link=\"\" data-placement=\"top\" data-available=\"25\" data-location=\"-2 \/ -3 \/ -4\"><\/button><i class=\"icon-info-with-circle\"><\/i><img decoding=\"async\" class=\"img-fluid\" src=\"http:\/\/www.parkgest.ch\/wp-content\/themes\/parkgest\/v2\/images\/svg\/PKG_Bike.svg\" alt=\"\" \/><\/div>\n<p>Parkpl\u00e4tze f\u00fcr Motorr\u00e4der<\/p>\n<\/div>\n<\/div>\n<h2>Annehmlichkeiten<\/h2>\n<div class=\"pkg-block pkg-block--bordered pkg-block-service\">\n<div class=\"service-item\">\n<div class=\"service-item__icon\"><img decoding=\"async\" class=\"img-fluid\" style=\"width: 65px;\" src=\"http:\/\/www.parkgest.ch\/wp-content\/themes\/parkgest\/v2\/images\/svg\/Elevator-access.svg\" alt=\"\" \/><\/div>\n<p>Aufz\u00fcge f\u00fcr k\u00f6rperlich eingeschr\u00e4nkte Personen<\/p>\n<\/div>\n<div class=\"service-item\">\n<div class=\"service-item__icon\"><img decoding=\"async\" class=\"img-fluid\" src=\"http:\/\/www.parkgest.ch\/wp-content\/themes\/parkgest\/v2\/images\/svg\/PKG_Elevator.svg\" alt=\"\" \/><\/div>\n<p>Aufzug<\/p>\n<\/div>\n<div class=\"service-item\">\n<div class=\"service-item__icon\"><img decoding=\"async\" class=\"img-fluid\" src=\"http:\/\/www.parkgest.ch\/wp-content\/themes\/parkgest\/v2\/images\/svg\/PKG_Ticket-Machine-Assist.svg\" alt=\"\" \/><\/div>\n<p>Zahlstellen f\u00fcr Behinderte<\/p>\n<\/div>\n<\/div>\n<h2>Sicherheit<\/h2>\n<div class=\"pkg-block pkg-block--bordered pkg-block-service\">\n<div class=\"service-item\">\n<div class=\"service-item__icon\"><img decoding=\"async\" class=\"img-fluid\" src=\"http:\/\/www.parkgest.ch\/wp-content\/themes\/parkgest\/v2\/images\/svg\/PKG_Camera.svg\" alt=\"\" \/><\/div>\n<p>Video\u00fcberwachung<\/p>\n<\/div>\n<div class=\"service-item\">\n<div class=\"service-item__icon\"><img decoding=\"async\" class=\"img-fluid\" src=\"http:\/\/www.parkgest.ch\/wp-content\/themes\/parkgest\/v2\/images\/svg\/PKG_Security.svg\" alt=\"\" \/><\/div>\n<p>Rondeng\u00e4nge Tag &#038; Nacht<\/p>\n<\/div>\n<div class=\"service-item\">\n<div class=\"service-item__icon\"><img decoding=\"async\" class=\"img-fluid\" style=\"width: 50px;\" src=\"https:\/\/www.parkgest.ch\/wp-content\/themes\/parkgest\/v2\/images\/svg\/pkg-icon-rideau.svg\" alt=\"\" data-src=\"https:\/\/www.parkgest.ch\/wp-content\/themes\/parkgest\/v2\/images\/svg\/pkg-icon-rideau.svg\" \/><\/div>\n<p>Verschliessbares automatisches Tor<\/p>\n<\/div>\n<div class=\"service-item\">\n<div class=\"service-item__icon\"><img decoding=\"async\" class=\"img-fluid\" style=\"width: 50px;\" src=\"https:\/\/www.parkgest.ch\/wp-content\/themes\/parkgest\/v2\/images\/svg\/PKG_digicode.svg\" alt=\"\" \/><\/div>\n<p>Zugriffper Digitalcode<\/p>\n<\/div>\n<\/div>\n<h2>Zahlungsarten<\/h2>\n<div class=\"pkg-block pkg-block--bordered pkg-block-service pkg-block-service-payment\">\n<div class=\"service-item\">\n<div class=\"service-item__icon\"><img decoding=\"async\" class=\"img-fluid\" src=\"http:\/\/www.parkgest.ch\/wp-content\/themes\/parkgest\/v2\/images\/svg\/PKG_Creditcard.svg\" alt=\"\" \/><\/div>\n<p>Kartenzahlung<\/p>\n<\/div>\n<div class=\"service-item\">\n<div class=\"service-item__icon\"><img decoding=\"async\" class=\"img-fluid\" style=\"width: 47px;\" src=\"http:\/\/www.parkgest.ch\/wp-content\/themes\/parkgest\/v2\/images\/svg\/PKG_contactless payment.png\" alt=\"\" \/><\/div>\n<p>Kontaktlose Zahlung<\/p>\n<\/div>\n<div class=\"service-item\">\n<div class=\"service-item__icon\"><img decoding=\"async\" class=\"img-fluid\" src=\"http:\/\/www.parkgest.ch\/wp-content\/themes\/parkgest\/v2\/images\/svg\/PKG_Swissfrancs.svg\" alt=\"\" \/><\/div>\n<p>Banknoten &#038; M\u00fcnzen CHF<\/p>\n<\/div>\n<div class=\"service-item\">\n<div class=\"service-item__icon\"><img decoding=\"async\" class=\"img-fluid\" src=\"http:\/\/www.parkgest.ch\/wp-content\/themes\/parkgest\/v2\/images\/svg\/PKG_Euro.svg\" alt=\"\" \/><\/div>\n<p>Banknoten EUR<\/p>\n<\/div>\n<div class=\"service-item\">\n<div class=\"service-item__icon\"><img decoding=\"async\" class=\"img-fluid\" src=\"https:\/\/www.parkgest.ch\/wp-content\/uploads\/Twint.svg\" alt=\"\" \/><\/div>\n<p>TWINT<\/p>\n<\/div>\n<\/div>\n<div class=\"pkg-block pkg-block-text\">\n<h2>Nutzungseinschr\u00e4nkungen<\/h2>\n<p>Das Parking \u201eSmall City\u201c ist ein privater Nichtraucherbereich, der seine Tore dem Publikum \u00f6ffnet. Es richtet sich ausschliesslich an das kostenpflichtige Abstellen von leichten Automobilen (bis 2,5 t) oder von Lieferfahrzeugen, denen ein Kurzparkticket oder eine Dauerzugangskarte Einfahrt verschafft. Das Fahrzeug muss funktionst\u00fcchtig, mit Strom oder Kraftstoff (Benzin oder Diesel) angetrieben sein und darf nicht eine maximale H\u00f6he, einschliesslich s\u00e4mtlicher Zus\u00e4tze (z.B. Dachkoffer, Velos, Antennen), von<\/p>\n<ul>\n<li>2,9 m auf dem Stockwerk \u20131<\/li>\n<li>und 2,3 m auf den tieferen Etagen \u00fcberschreiten.<\/li>\n<\/ul>\n<p>Drei- oder vierr\u00e4drige Fahrzeuge, einschliesslich Roadster und Quads, sind zugelassen, ebenso motorisierte Zweir\u00e4der<\/p>\n<p>Strikt untersagt ist die Verwendung von:<\/p>\n<ul>\n<li>Fahrzeugen, die nicht mit Elektro-, Benzin- oder Dieselkraftstoff betrieben werden, insbesondere<\/li>\n<li>Fl\u00fcssigpropangas (LPG), Erdgas, Butangas oder Wasserstoff.<\/li>\n<li>Zu ziehende Fahrzeuge \u2013 Anh\u00e4nger aller Art, einschliesslich Wohnwagen (sofern nicht ausdr\u00fccklich genehmigt)<\/li>\n<\/ul>\n<h3 class=\"toggle\"><strong><a href=\"#\">Tarife nach Stunden<\/a><\/strong><\/h3><div class=\"toggle-box\" style=\"display: none;\"><p>\n<div class=\"table-responsive\"><table  style=\"width:550px; \"  class=\"easy-table easy-table-default \" border=\"0\">\n<thead>\r\n<tr><th  style=\"width:250px;text-align:left\" >St\u00fcndlicher Zugang tags\u00fcber von 07:00 bis 17:00\u00a0Uhr<\/th>\n<th  style=\"width:200px;text-align:left\" > werktags<\/th>\n<\/tr>\n<\/thead>\n<tbody>\r\n<tr><td  style=\"text-align:left\" >Zeiten<\/td>\n<td  style=\"text-align:left\" >Studen<\/td>\n<td  style=\"text-align:left\" >Preis<\/td>\n<td  style=\"text-align:right\" ><\/td>\n<\/tr>\n\r\n<tr><td  style=\"text-align:left\" >Von 00 bis 30 minuten<\/td>\n<td  style=\"text-align:left\" ><\/td>\n<td  style=\"text-align:left\" ><\/td>\n<td  style=\"text-align:right\" >gratis<\/td>\n<\/tr>\n\r\n<tr><td  style=\"text-align:left\" >Von 31 bis 59 minuten<\/td>\n<td  style=\"text-align:left\" >1 stunde<\/td>\n<td  style=\"text-align:left\" >CHF<\/td>\n<td  style=\"text-align:right\" > 1<\/td>\n<\/tr>\n\r\n<tr><td  style=\"text-align:left\" >Von 60 bis 119 minuten<\/td>\n<td  style=\"text-align:left\" >2 stunden<\/td>\n<td  style=\"text-align:left\" >CHF<\/td>\n<td  style=\"text-align:right\" > 2<\/td>\n<\/tr>\n\r\n<tr><td  style=\"text-align:left\" >Von 120 bis 149 minuten<\/td>\n<td  style=\"text-align:left\" >2 stunden 30 minuten<\/td>\n<td  style=\"text-align:left\" >CHF<\/td>\n<td  style=\"text-align:right\" > 3<\/td>\n<\/tr>\n\r\n<tr><td  style=\"text-align:left\" >Von 150 bis 179 minuten<\/td>\n<td  style=\"text-align:left\" >3 stunden<\/td>\n<td  style=\"text-align:left\" >CHF<\/td>\n<td  style=\"text-align:right\" > 4<\/td>\n<\/tr>\n\r\n<tr><td  style=\"text-align:left\" >Von 180 bis 209 minuten<\/td>\n<td  style=\"text-align:left\" >3 stunden 30 minuten<\/td>\n<td  style=\"text-align:left\" >CHF<\/td>\n<td  style=\"text-align:right\" > 5<\/td>\n<\/tr>\n\r\n<tr><td  style=\"text-align:left\" >Von 210 bis 239 minuten<\/td>\n<td  style=\"text-align:left\" >4 stunden<\/td>\n<td  style=\"text-align:left\" >CHF<\/td>\n<td  style=\"text-align:right\" > 6<\/td>\n<\/tr>\n\r\n<tr><td  style=\"text-align:left\" >Von 240 bis 269 minuten<\/td>\n<td  style=\"text-align:left\" >4 stunden 30 minuten<\/td>\n<td  style=\"text-align:left\" >CHF<\/td>\n<td  style=\"text-align:right\" > 8<\/td>\n<\/tr>\n\r\n<tr><td  style=\"text-align:left\" >Von 270 bis 299 minuten<\/td>\n<td  style=\"text-align:left\" >5 stunden<\/td>\n<td  style=\"text-align:left\" >CHF<\/td>\n<td  style=\"text-align:right\" > 10<\/td>\n<\/tr>\n\r\n<tr><td  style=\"text-align:left\" >Von 300 bis 359 minuten<\/td>\n<td  style=\"text-align:left\" >6 stunden<\/td>\n<td  style=\"text-align:left\" >CHF<\/td>\n<td  style=\"text-align:right\" > 13<\/td>\n<\/tr>\n\r\n<tr><td  style=\"text-align:left\" >Von 360 bis 419 minuten<\/td>\n<td  style=\"text-align:left\" >7 stunden<\/td>\n<td  style=\"text-align:left\" >CHF<\/td>\n<td  style=\"text-align:right\" > 16<\/td>\n<\/tr>\n\r\n<tr><td  style=\"text-align:left\" >Von 420 bis 479 minuten<\/td>\n<td  style=\"text-align:left\" >8 stunden<\/td>\n<td  style=\"text-align:left\" >CHF<\/td>\n<td  style=\"text-align:right\" > 19<\/td>\n<\/tr>\n\r\n<tr><td  style=\"text-align:left\" >Von 480 bis 539 minuten<\/td>\n<td  style=\"text-align:left\" >9 stunden<\/td>\n<td  style=\"text-align:left\" >CHF<\/td>\n<td  style=\"text-align:right\" > 22<\/td>\n<\/tr>\n\r\n<tr><td  style=\"text-align:left\" >Von 540 bis 599 minuten<\/td>\n<td  style=\"text-align:left\" >10 stunden<\/td>\n<td  style=\"text-align:left\" >CHF<\/td>\n<td  style=\"text-align:right\" > 25<\/td>\n<\/tr>\n\r\n<tr><td  style=\"text-align:left\" >Von 600 bis 659 minuten<\/td>\n<td  style=\"text-align:left\" >11 stunden<\/td>\n<td  style=\"text-align:left\" >CHF<\/td>\n<td  style=\"text-align:right\" > 28<\/td>\n<\/tr>\n\r\n<tr><td  style=\"text-align:left\" >Von 660 bis 719 minuten<\/td>\n<td  style=\"text-align:left\" >12 stunden<\/td>\n<td  style=\"text-align:left\" >CHF<\/td>\n<td  style=\"text-align:right\" > 31<\/td>\n<\/tr>\n\r\n<tr><td  style=\"text-align:left\" >St\u00fcndlicher zugang nachts von 17:00 bis 07:00 uhr<\/td>\n<td  style=\"text-align:left\" > pro Stunde (Die ersten 30 Minuten kostenlos) <\/td>\n<td  style=\"text-align:left\" >CHF<\/td>\n<td  style=\"text-align:right\" > 1<\/td>\n<\/tr>\n\r\n<tr><td  style=\"text-align:left\" >Au\u00dfer ab 17:00 Uhr. bis 12:00 Uhr kostenlos<\/td>\n<\/tr>\n<\/tbody><\/table><\/div>\n<div class=\"table-responsive\"><table  style=\"width:550px; \"  class=\"easy-table easy-table-default \" border=\"0\">\n<thead>\r\n<tr><th  style=\"width:350px;text-align:left\" ><\/th>\n<th  style=\"width:120px;text-align:left\" ><\/th>\n<th  style=\"width:50px;text-align:left\" ><\/th>\n<th  style=\"width:50px;text-align:right\" ><\/th>\n<\/tr>\n<\/thead>\n<tbody>\r\n<tr><td  style=\"text-align:left\" >ZUTRITT F\u00dcR MOTORISIERTE ZWEIR\u00c4DER<\/td>\n<td  style=\"text-align:left\" >In Zeitr\u00e4umen von 3 Stunden<\/td>\n<td  style=\"text-align:left\" >CHF<\/td>\n<td  style=\"text-align:right\" >1<\/td>\n<\/tr>\n\r\n<tr><td  style=\"text-align:left\" >Parkgeb\u00fchr bei verlorenem Ticket<\/td>\n<td  style=\"text-align:left\" ><\/td>\n<td  style=\"text-align:left\" >CHF<\/td>\n<td  style=\"text-align:right\" >40<\/td>\n<\/tr>\n\r\n<tr><td  style=\"text-align:left\" >Ersatz f\u00fcr die Dauerkarte oder den Zugangsausweis<\/td>\n<td  style=\"text-align:left\" ><\/td>\n<td  style=\"text-align:left\" >CHF<\/td>\n<td  style=\"text-align:right\" >50<\/td>\n<\/tr>\n<\/tbody><\/table><\/div>\nAlle unsere preise gelten pro fahrzeug und sind einschliesslich aller steuern<br \/>\n<\/p><\/div>\n<h3 class=\"toggle\"><strong><a href=\"#\">Andere Tarife<\/a><\/strong><\/h3><div class=\"toggle-box\" style=\"display: none;\"><p>\n<p><strong><strong>LANGZEITPARKEN (1 Einfahrt, 1 Ausfahrt)<br \/>\n<\/strong><\/strong><\/p>\n<div class=\"table-responsive\"><table  style=\"width:550px; \"  class=\"easy-table easy-table-default \" border=\"0\">\n<thead>\r\n<tr><th  style=\"width:350px;text-align:left\" ><\/th>\n<th  style=\"width:100px;text-align:left\" ><\/th>\n<th  style=\"width:50px;text-align:left\" ><\/th>\n<th  style=\"width:50px;text-align:right\" ><\/th>\n<\/tr>\n<\/thead>\n<tbody>\r\n<tr><td  style=\"text-align:left\" >Erster Tag<\/td>\n<td  style=\"text-align:left\" ><\/td>\n<td  style=\"text-align:left\" > CHF<\/td>\n<td  style=\"text-align:right\" > 40<\/td>\n<\/tr>\n\r\n<tr><td  style=\"text-align:left\" >Folgetage (pro Tag)<\/td>\n<td  style=\"text-align:left\" ><\/td>\n<td  style=\"text-align:left\" > CHF<\/td>\n<td  style=\"text-align:right\" > 25<\/td>\n<\/tr>\n<\/tbody><\/table><\/div>\nAlle unsere preise gelten pro fahrzeug und sind einschliesslich aller steuern<br \/>\n<\/p><\/div>\n<h3 class=\"toggle\"><strong><a href=\"#\">Abonnement-Antrag<\/a><\/strong><\/h3><div class=\"toggle-box\" style=\"display: none;\"><p>\nNur f\u00fcr die Mieter des \u201eSmall City\u201c-Zentrums, \u00fcber den Parkraumbetreiber.<br \/>\n<\/p><\/div>\n<h3 class=\"toggle\"><strong><a href=\"#\">Allgemeine Bedingungen<\/a><\/strong><\/h3><div class=\"toggle-box\" style=\"display: none;\"><p>\n<p>&nbsp;<\/p>\n<p><iframe loading=\"lazy\" src=\"https:\/\/docs.google.com\/viewer?url=https:\/\/www.parkgest.ch\/wp-content\/uploads\/Parking_Small_City_Conditions-generales_202407-18_VF.pdf&amp;embedded=true\" width=\"100%\" height=\"600\" frameborder=\"0\"><\/iframe><\/p>\n<p>Wenn Sie die Datei nicht richtig lesen k\u00f6nnen, <a href=\"https:\/\/www.parkgest.ch\/wp-content\/uploads\/Parking_Small_City_Conditions-generales_202407-18_VF.pdf\" target=\"_blank\" rel=\"noopener noreferrer\">klicken Sie hier<\/a><\/p>\n<\/p><\/div>\n<\/div>\n","protected":false},"excerpt":{"rendered":"<p>Willkommen auf dem Parkhaus Small City Das Parking Small City ist Teil des Small City-Zentrums, das nach Abschluss der zweiten Phase das gr\u00f6sste Zentrum f\u00fcr industrielle Aktivit\u00e4ten der Schweiz sein wird und sich auf 50\u2018000 m2 Fl\u00e4che an neun Bereiche richtet: Textil und Accessoires, Deko und Wohnen, Gesundheit und Beauty, Mobilit\u00e4t, Verpflegung, Lebensmittel, Sport, B\u00fcros [&hellip;]<\/p>\n","protected":false},"author":10,"featured_media":7509,"parent":1281,"menu_order":0,"comment_status":"closed","ping_status":"closed","template":"parkingpage.php","meta":{"footnotes":""},"tags":[],"yoast_head":"<!-- This site is optimized with the Yoast SEO plugin v21.8 - https:\/\/yoast.com\/wordpress\/plugins\/seo\/ -->\n<title>Parkhaus Small City | Parkgest<\/title>\n<meta name=\"robots\" content=\"index, follow, max-snippet:-1, max-image-preview:large, max-video-preview:-1\" \/>\n<link rel=\"canonical\" href=\"https:\/\/www.parkgest.ch\/de\/wo-man-parken\/parkhaus-small-city\/\" \/>\n<meta property=\"og:locale\" content=\"de_DE\" \/>\n<meta property=\"og:type\" content=\"article\" \/>\n<meta property=\"og:title\" content=\"Parkhaus Small City | Parkgest\" \/>\n<meta property=\"og:description\" content=\"Willkommen auf dem Parkhaus Small City Das Parking Small City ist Teil des Small City-Zentrums, das nach Abschluss der zweiten Phase das gr\u00f6sste Zentrum f\u00fcr industrielle Aktivit\u00e4ten der Schweiz sein wird und sich auf 50\u2018000 m2 Fl\u00e4che an neun Bereiche richtet: Textil und Accessoires, Deko und Wohnen, Gesundheit und Beauty, Mobilit\u00e4t, Verpflegung, Lebensmittel, Sport, B\u00fcros [&hellip;]\" \/>\n<meta property=\"og:url\" content=\"https:\/\/www.parkgest.ch\/de\/wo-man-parken\/parkhaus-small-city\/\" \/>\n<meta property=\"og:site_name\" content=\"Parkgest\" \/>\n<meta property=\"article:modified_time\" content=\"2025-08-25T21:12:43+00:00\" \/>\n<meta property=\"og:image\" content=\"https:\/\/www.parkgest.ch\/wp-content\/uploads\/4.png\" \/>\n\t<meta property=\"og:image:width\" content=\"1200\" \/>\n\t<meta property=\"og:image:height\" content=\"600\" \/>\n\t<meta property=\"og:image:type\" content=\"image\/png\" \/>\n<meta name=\"twitter:label1\" content=\"Gesch\u00e4tzte Lesezeit\" \/>\n\t<meta name=\"twitter:data1\" content=\"7\u00a0Minuten\" \/>\n<script type=\"application\/ld+json\" class=\"yoast-schema-graph\">{\"@context\":\"https:\/\/schema.org\",\"@graph\":[{\"@type\":\"WebPage\",\"@id\":\"https:\/\/www.parkgest.ch\/de\/wo-man-parken\/parkhaus-small-city\/\",\"url\":\"https:\/\/www.parkgest.ch\/de\/wo-man-parken\/parkhaus-small-city\/\",\"name\":\"Parkhaus Small City | Parkgest\",\"isPartOf\":{\"@id\":\"https:\/\/www.parkgest.ch\/#website\"},\"datePublished\":\"2024-03-22T13:40:24+00:00\",\"dateModified\":\"2025-08-25T21:12:43+00:00\",\"breadcrumb\":{\"@id\":\"https:\/\/www.parkgest.ch\/de\/wo-man-parken\/parkhaus-small-city\/#breadcrumb\"},\"inLanguage\":\"de\",\"potentialAction\":[{\"@type\":\"ReadAction\",\"target\":[\"https:\/\/www.parkgest.ch\/de\/wo-man-parken\/parkhaus-small-city\/\"]}]},{\"@type\":\"BreadcrumbList\",\"@id\":\"https:\/\/www.parkgest.ch\/de\/wo-man-parken\/parkhaus-small-city\/#breadcrumb\",\"itemListElement\":[{\"@type\":\"ListItem\",\"position\":1,\"name\":\"Accueil\",\"item\":\"https:\/\/www.parkgest.ch\/de\/\"},{\"@type\":\"ListItem\",\"position\":2,\"name\":\"Wo kann ich parken?\",\"item\":\"https:\/\/www.parkgest.ch\/de\/wo-man-parken\/\"},{\"@type\":\"ListItem\",\"position\":3,\"name\":\"Parkhaus Small City\"}]},{\"@type\":\"WebSite\",\"@id\":\"https:\/\/www.parkgest.ch\/#website\",\"url\":\"https:\/\/www.parkgest.ch\/\",\"name\":\"Parkgest\",\"description\":\"R\u00e9seau de parkings \u00e0 Gen\u00e8ve et Suisse romande\",\"potentialAction\":[{\"@type\":\"SearchAction\",\"target\":{\"@type\":\"EntryPoint\",\"urlTemplate\":\"https:\/\/www.parkgest.ch\/?s={search_term_string}\"},\"query-input\":\"required name=search_term_string\"}],\"inLanguage\":\"de\"}]}<\/script>\n<!-- \/ Yoast SEO plugin. -->","yoast_head_json":{"title":"Parkhaus Small City | Parkgest","robots":{"index":"index","follow":"follow","max-snippet":"max-snippet:-1","max-image-preview":"max-image-preview:large","max-video-preview":"max-video-preview:-1"},"canonical":"https:\/\/www.parkgest.ch\/de\/wo-man-parken\/parkhaus-small-city\/","og_locale":"de_DE","og_type":"article","og_title":"Parkhaus Small City | Parkgest","og_description":"Willkommen auf dem Parkhaus Small City Das Parking Small City ist Teil des Small City-Zentrums, das nach Abschluss der zweiten Phase das gr\u00f6sste Zentrum f\u00fcr industrielle Aktivit\u00e4ten der Schweiz sein wird und sich auf 50\u2018000 m2 Fl\u00e4che an neun Bereiche richtet: Textil und Accessoires, Deko und Wohnen, Gesundheit und Beauty, Mobilit\u00e4t, Verpflegung, Lebensmittel, Sport, B\u00fcros [&hellip;]","og_url":"https:\/\/www.parkgest.ch\/de\/wo-man-parken\/parkhaus-small-city\/","og_site_name":"Parkgest","article_modified_time":"2025-08-25T21:12:43+00:00","og_image":[{"width":1200,"height":600,"url":"https:\/\/www.parkgest.ch\/wp-content\/uploads\/4.png","type":"image\/png"}],"twitter_misc":{"Gesch\u00e4tzte Lesezeit":"7\u00a0Minuten"},"schema":{"@context":"https:\/\/schema.org","@graph":[{"@type":"WebPage","@id":"https:\/\/www.parkgest.ch\/de\/wo-man-parken\/parkhaus-small-city\/","url":"https:\/\/www.parkgest.ch\/de\/wo-man-parken\/parkhaus-small-city\/","name":"Parkhaus Small City | Parkgest","isPartOf":{"@id":"https:\/\/www.parkgest.ch\/#website"},"datePublished":"2024-03-22T13:40:24+00:00","dateModified":"2025-08-25T21:12:43+00:00","breadcrumb":{"@id":"https:\/\/www.parkgest.ch\/de\/wo-man-parken\/parkhaus-small-city\/#breadcrumb"},"inLanguage":"de","potentialAction":[{"@type":"ReadAction","target":["https:\/\/www.parkgest.ch\/de\/wo-man-parken\/parkhaus-small-city\/"]}]},{"@type":"BreadcrumbList","@id":"https:\/\/www.parkgest.ch\/de\/wo-man-parken\/parkhaus-small-city\/#breadcrumb","itemListElement":[{"@type":"ListItem","position":1,"name":"Accueil","item":"https:\/\/www.parkgest.ch\/de\/"},{"@type":"ListItem","position":2,"name":"Wo kann ich parken?","item":"https:\/\/www.parkgest.ch\/de\/wo-man-parken\/"},{"@type":"ListItem","position":3,"name":"Parkhaus Small City"}]},{"@type":"WebSite","@id":"https:\/\/www.parkgest.ch\/#website","url":"https:\/\/www.parkgest.ch\/","name":"Parkgest","description":"R\u00e9seau de parkings \u00e0 Gen\u00e8ve et Suisse romande","potentialAction":[{"@type":"SearchAction","target":{"@type":"EntryPoint","urlTemplate":"https:\/\/www.parkgest.ch\/?s={search_term_string}"},"query-input":"required name=search_term_string"}],"inLanguage":"de"}]}},"_links":{"self":[{"href":"https:\/\/www.parkgest.ch\/de\/wp-json\/wp\/v2\/pages\/9609"}],"collection":[{"href":"https:\/\/www.parkgest.ch\/de\/wp-json\/wp\/v2\/pages"}],"about":[{"href":"https:\/\/www.parkgest.ch\/de\/wp-json\/wp\/v2\/types\/page"}],"author":[{"embeddable":true,"href":"https:\/\/www.parkgest.ch\/de\/wp-json\/wp\/v2\/users\/10"}],"replies":[{"embeddable":true,"href":"https:\/\/www.parkgest.ch\/de\/wp-json\/wp\/v2\/comments?post=9609"}],"version-history":[{"count":14,"href":"https:\/\/www.parkgest.ch\/de\/wp-json\/wp\/v2\/pages\/9609\/revisions"}],"predecessor-version":[{"id":10836,"href":"https:\/\/www.parkgest.ch\/de\/wp-json\/wp\/v2\/pages\/9609\/revisions\/10836"}],"up":[{"embeddable":true,"href":"https:\/\/www.parkgest.ch\/de\/wp-json\/wp\/v2\/pages\/1281"}],"wp:featuredmedia":[{"embeddable":true,"href":"https:\/\/www.parkgest.ch\/de\/wp-json\/wp\/v2\/media\/7509"}],"wp:attachment":[{"href":"https:\/\/www.parkgest.ch\/de\/wp-json\/wp\/v2\/media?parent=9609"}],"wp:term":[{"taxonomy":"post_tag","embeddable":true,"href":"https:\/\/www.parkgest.ch\/de\/wp-json\/wp\/v2\/tags?post=9609"}],"curies":[{"name":"wp","href":"https:\/\/api.w.org\/{rel}","templated":true}]}}