{"id":8635,"date":"2022-09-19T17:32:54","date_gmt":"2022-09-19T16:32:54","guid":{"rendered":"https:\/\/www.parkgest.ch\/?page_id=8635"},"modified":"2026-03-03T02:25:57","modified_gmt":"2026-03-03T01:25:57","slug":"parkhaus-ilot-sud-morges","status":"publish","type":"page","link":"https:\/\/www.parkgest.ch\/de\/wo-man-parken\/parkhaus-ilot-sud-morges\/","title":{"rendered":"Parkhaus Ilot Sud Morges"},"content":{"rendered":"<div class=\"pkg-block pkg-block--bordered pkg-block-text\">\n<h2>Willkommen auf dem Parkhaus Ilot Sud Morges<\/h2>\n<p>Das im Juni 2021 eingeweihte Parkhaus Ilot Sud Morges ist mit neuester Technologie ausgestattet, die es zu einem modernen und sicheren Parkhaus macht. Dazu geh\u00f6ren Kennzeichenerkennung, CCTV-Kameras und ein Leitsystem zur \u00dcberwachung jedes Parkplatzes.<br \/>\nDas Parkhaus Ilot Sud Morges bietet auch elektrische Ladestationen an.<\/p>\n<\/div>\n<div class=\"pkg-block pkg-block--bordered pkg-block-service\">\n<div class=\"service-item\">\n<div class=\"service-item__icon\"><img decoding=\"async\" class=\"img-fluid\" style=\"width: 65px;\" src=\"http:\/\/www.parkgest.ch\/wp-content\/themes\/parkgest\/v2\/images\/svg\/PKG_Sign-Limit-210.svg\" alt=\"\" \/><\/div>\n<p>H\u00f6he 2.10 m<\/p>\n<\/div>\n<div class=\"service-item\">\n<div class=\"service-item__icon\"><img decoding=\"async\" class=\"img-fluid\" style=\"width: 65px;\" src=\"http:\/\/www.parkgest.ch\/wp-content\/themes\/parkgest\/v2\/images\/svg\/Sign-limit-10-web.svg\" alt=\"\" \/><\/div>\n<p>Geschwindigkeitsbegrenzung<br \/>\nbei 10 km\/h<\/p>\n<\/div>\n<div class=\"service-item\">\n<div class=\"service-item__icon\"><img decoding=\"async\" class=\"img-fluid\" style=\"width: 65px;\" src=\"http:\/\/www.parkgest.ch\/wp-content\/themes\/parkgest\/v2\/images\/svg\/PKG_Interutil.svg\" alt=\"\" \/><\/div>\n<p>Fahrr\u00e4der,<br \/>\nRoller, Inline-<br \/>\nSkates und Skateboards<br \/>\nsind verboten<\/p>\n<\/div>\n<div class=\"service-item\">\n<div class=\"service-item__icon\"><img decoding=\"async\" class=\"img-fluid\" style=\"width: 65px;\" src=\"http:\/\/www.parkgest.ch\/wp-content\/themes\/parkgest\/v2\/images\/svg\/PKG_NoSmoking.svg\" alt=\"\" \/><\/div>\n<p>Nichtraucher<\/p>\n<\/div>\n<\/div>\n<h2>Dienstleistungen<\/h2>\n<div class=\"pkg-block pkg-block--bordered pkg-block-service\">\n<div class=\"service-item\">\n<div class=\"service-item__icon\"><img decoding=\"async\" class=\"img-fluid\" src=\"https:\/\/www.parkgest.ch\/wp-content\/uploads\/6-22@2x.png\" alt=\"\" \/><\/div>\n<p>Ge\u00f6ffnet von 6:00 bis 22:00 Uhr,<br \/>\nAusfahrt rund um die Uhr<\/p>\n<\/div>\n<div class=\"service-item\">\n<div class=\"service-item__icon\"><img decoding=\"async\" class=\"img-fluid\" src=\"http:\/\/www.parkgest.ch\/wp-content\/themes\/parkgest\/v2\/images\/svg\/PKG-Plaque-VD.svg\" style=\"width: 45px;\" alt=\"\" \/><\/div>\n<p>ANPR<\/p>\n<\/div>\n<div class=\"service-item\">\n<div class=\"service-item__icon service-item__icon--popover\"><button data-toggle=\"popover\" data-text=\"Sobald Ihr Parkvorgang bezahlt ist, \u00f6ffnet sich die Schranke bei der Ausfahrt automatisch dank Kennzeichenerkennung, ohne dass Sie Ihr Ticket einf\u00fchren m\u00fcssen. Bezahlt = automatische Ausfahrt. Einfach, schnell und komfortabel. \" data-placement=\"top\"><\/button><i class=\"icon-info-with-circle\"><\/i><img decoding=\"async\" class=\"img-fluid\" src=\"https:\/\/www.parkgest.ch\/wp-content\/themes\/parkgest\/v2\/images\/svg\/PKG-fastexit.svg\" alt=\"\" \/><\/div>\n<p>Fast Exit\n<\/p><\/div>\n<\/div>\n<h2>Parkangebot<\/h2>\n<div class=\"pkg-block pkg-block--bordered pkg-block-service\">\n<div class=\"service-item\">\n<div class=\"service-item__icon service-item__icon--popover\"><button data-toggle=\"popover\" data-text=\"Parkpl\u00e4tze mit elektrischen Ladestationen f\u00fcr alle Fahrzeugtypen (ausser f\u00fcr Motorr\u00e4der).\" data-link=\"https:\/\/www.parkgest.ch\/de\/stromladesaulen\/\" data-placement=\"top\" data-available=\"13\" data-location=\"-1 \/ -2\"><\/button><i class=\"icon-info-with-circle\"><\/i><img decoding=\"async\" class=\"img-fluid\" src=\"http:\/\/www.parkgest.ch\/wp-content\/themes\/parkgest\/v2\/images\/svg\/PKG_Electric-Car.svg\" alt=\"\" \/><\/div>\n<p>Ladestationen f\u00fcr Elektrofahrzeuge<\/p>\n<\/div>\n<div class=\"service-item\">\n<div class=\"service-item__icon service-item__icon--popover\"><button data-toggle=\"popover\" data-text=\"Parkpl\u00e4tze f\u00fcr Personen mit eingeschr\u00e4nkter Mobilit\u00e4t in der N\u00e4he der Eing\u00e4nge mit einem verst\u00e4rkten Video\u00fcberwachungssystem.\" data-link=\"https:\/\/www.parkgest.ch\/de\/platze-fur-korperlich-eingeschrankte-personen\/\" data-placement=\"top\" data-available=\"10\" data-location=\"-1 \/ -2 \/ -3\"><\/button><i class=\"icon-info-with-circle\"><\/i><img decoding=\"async\" class=\"img-fluid\" src=\"http:\/\/www.parkgest.ch\/wp-content\/themes\/parkgest\/v2\/images\/svg\/PKG_wheel-chair.svg\" alt=\"\" \/><\/div>\n<p>Parkpl\u00e4tze f\u00fcr Behinderte<\/p>\n<\/div>\n<div class=\"service-item\">\n<div class=\"service-item__icon service-item__icon--popover\"><button data-toggle=\"popover\" data-text=\"\" data-link=\"\" data-placement=\"top\" data-available=\"41\" data-location=\"-1 \/ -2 \/ -3\"><\/button><i class=\"icon-info-with-circle\"><\/i><img decoding=\"async\" class=\"img-fluid\" src=\"http:\/\/www.parkgest.ch\/wp-content\/themes\/parkgest\/v2\/images\/svg\/PKG_Bike.svg\" alt=\"\" \/><\/div>\n<p>Parkpl\u00e4tze f\u00fcr Motorr\u00e4der<\/p>\n<\/div>\n<\/div>\n<h2>Exklusivit\u00e4ten<\/h2>\n<div class=\"pkg-block pkg-block--bordered pkg-block-service\">\n<div class=\"service-item\">\n<div class=\"service-item__icon\"><img decoding=\"async\" class=\"img-fluid\" src=\"http:\/\/www.parkgest.ch\/wp-content\/themes\/parkgest\/v2\/images\/svg\/PKG_BGM.svg\" alt=\"\" \/><\/div>\n<p>Musiksendung<\/p>\n<\/div>\n<\/div>\n<h2>Annehmlichkeiten<\/h2>\n<div class=\"pkg-block pkg-block--bordered pkg-block-service\">\n<div class=\"service-item\">\n<div class=\"service-item__icon\"><img decoding=\"async\" class=\"img-fluid\" style=\"width: 65px;\" src=\"http:\/\/www.parkgest.ch\/wp-content\/themes\/parkgest\/v2\/images\/svg\/Elevator-access.svg\" alt=\"\" \/><\/div>\n<p>Aufz\u00fcge f\u00fcr k\u00f6rperlich eingeschr\u00e4nkte Personen<\/p>\n<\/div>\n<div class=\"service-item\">\n<div class=\"service-item__icon\"><img decoding=\"async\" class=\"img-fluid\" src=\"http:\/\/www.parkgest.ch\/wp-content\/themes\/parkgest\/v2\/images\/svg\/PKG_Ticket-Machine-Assist.svg\" alt=\"\" \/><\/div>\n<p>Zahlstellen f\u00fcr Behinderte<\/p>\n<\/div>\n<div class=\"service-item\">\n<div class=\"service-item__icon\"><img decoding=\"async\" class=\"img-fluid\" src=\"http:\/\/www.parkgest.ch\/wp-content\/themes\/parkgest\/v2\/images\/svg\/PKG_Park-Assist.svg\" alt=\"\" \/><\/div>\n<p>Dynamische F\u00fchrung<\/p>\n<\/div>\n<\/div>\n<h2>Security<\/h2>\n<div class=\"pkg-block pkg-block--bordered pkg-block-service\">\n<div class=\"service-item\">\n<div class=\"service-item__icon service-item__icon--popover\"><button data-toggle=\"popover\" data-text=\"Zu Ihrer Sicherheit verf\u00fcgt das Parkhaus Ilot Sud Morges \u00fcber ein Netzwerk von Video\u00fcberwachungskameras.\" data-placement=\"top\"><\/button><i class=\"icon-info-with-circle\"><\/i><img decoding=\"async\" class=\"img-fluid\" src=\"http:\/\/www.parkgest.ch\/wp-content\/themes\/parkgest\/v2\/images\/svg\/PKG_Camera.svg\" alt=\"\" \/><\/div>\n<p>Video\u00fcberwachung<\/p>\n<\/div>\n<div class=\"service-item\">\n<div class=\"service-item__icon\"><img decoding=\"async\" class=\"img-fluid\" style=\"width: 50px;\" src=\"https:\/\/www.parkgest.ch\/wp-content\/themes\/parkgest\/v2\/images\/svg\/pkg-icon-rideau.svg\" alt=\"\" data-src=\"https:\/\/www.parkgest.ch\/wp-content\/themes\/parkgest\/v2\/images\/svg\/pkg-icon-rideau.svg\" \/><\/div>\n<p>Verschliessbares automatisches Tor<\/p>\n<\/div>\n<div class=\"service-item\">\n<div class=\"service-item__icon\"><img decoding=\"async\" class=\"img-fluid\" style=\"width: 50px;\" src=\"https:\/\/www.parkgest.ch\/wp-content\/themes\/parkgest\/v2\/images\/svg\/PKG_digicode.svg\" alt=\"\" \/><\/div>\n<p>Zugriff per Digitalcode<\/p>\n<\/div>\n<\/div>\n<h2>Zahlungsarten<\/h2>\n<div class=\"pkg-block pkg-block--bordered pkg-block-service pkg-block-service-payment\">\n<div class=\"service-item\">\n<div class=\"service-item__icon\"><img decoding=\"async\" class=\"img-fluid\" src=\"http:\/\/www.parkgest.ch\/wp-content\/themes\/parkgest\/v2\/images\/svg\/PKG_Creditcard.svg\" alt=\"\" \/><\/div>\n<p>Kartenzahlung<\/p>\n<\/div>\n<div class=\"service-item\">\n<div class=\"service-item__icon\"><img decoding=\"async\" class=\"img-fluid\" style=\"width: 50px;\" src=\"http:\/\/www.parkgest.ch\/wp-content\/themes\/parkgest\/v2\/images\/svg\/PKG_contactless payment.png\" alt=\"\" \/><\/div>\n<p>Kontaktlos<\/p>\n<\/div>\n<div class=\"service-item\">\n<div class=\"service-item__icon\"><img decoding=\"async\" class=\"img-fluid\" src=\"http:\/\/www.parkgest.ch\/wp-content\/themes\/parkgest\/v2\/images\/svg\/PKG_Swissfrancs.svg\" alt=\"\" \/><\/div>\n<p>Banknoten &#038; M\u00fcnzen CHF<\/p>\n<\/div>\n<div class=\"service-item\">\n<div class=\"service-item__icon\"><img decoding=\"async\" class=\"img-fluid\" src=\"https:\/\/www.parkgest.ch\/wp-content\/uploads\/Twint.svg\" alt=\"\" \/><\/div>\n<p>TWINT<\/p>\n<\/div>\n<\/div>\n<div class=\"pkg-block pkg-block-text\">\n<h2>Nutzungseinschr\u00e4nkungen<\/h2>\n<p>Das Parkhaus Ilot Sud Morges ist ein privates Nichtrauchergel\u00e4nde, das das Parken ausschliesslich Abonnenten mit leichten Motorfahrzeugen (max. 3,5 t) gestattet. Diese m\u00fcssen in gutem Zustand sein und mit Strom oder Benzin oder Diesel betrieben werden. Ihre maximale H\u00f6he darf einschliesslich aller Anbauteile (z. B. Dachbox, Fahrr\u00e4der, Antennen) 2,10 m nicht \u00fcberschreiten. Motorisierte 3- oder 4-Rad-Fahrzeuge, einschliesslich Roadster und Quads, sind erlaubt.<\/p>\n<p>Strikt untersagt ist die Verwendung von:<\/p>\n<ul>\n<li>Fahrzeugen, die nicht mit Elektro-, Benzin- oder Dieselkraftstoff betrieben werden, insbesondere Fl\u00fcssigpropangas (LPG), Erdgas, Butangas oder Wasserstoff.<\/li>\n<li>Zu ziehende Fahrzeuge \u2013 Anh\u00e4nger aller Art, einschliesslich Wohnwagen (sofern nicht ausdr\u00fccklich genehmigt).<\/li>\n<li>Segways, Scooter, Rollerblades und Skateboards.<\/li>\n<\/ul>\n<h3 class=\"toggle\"><strong><a href=\"#\">Tarife nach Stunden<\/a><\/strong><\/h3><div class=\"toggle-box\" style=\"display: none;\"><p>\n<p><strong>ZUGANG TAGS\u00dcBER VON 07:00 BIS 19:00 UHR<\/strong><\/p>\n<div class=\"table-responsive\"><table  style=\"width:550px; \"  class=\"easy-table easy-table-default \" border=\"0\">\n<thead>\r\n<tr><th  style=\"width:250px;text-align:left\" >Minuten<\/th>\n<th  style=\"width:200px;text-align:left\" >Stunden<\/th>\n<th  style=\"width:50px;text-align:left\" >CHF<\/th>\n<th  style=\"width:50px;text-align:right\" >Preis<\/th>\n<th ><\/th>\n<\/tr>\n<\/thead>\n<tbody>\r\n<tr><td  style=\"text-align:left\" >00 bis 20 Minuten<\/td>\n<td  style=\"text-align:left\" >-<\/td>\n<td  style=\"text-align:left\" >CHF<\/td>\n<td  style=\"text-align:right\" > 0.50<\/td>\n<\/tr>\n\r\n<tr><td  style=\"text-align:left\" >21 bis 60 Minuten<\/td>\n<td  style=\"text-align:left\" >1 Stunde<\/td>\n<td  style=\"text-align:left\" >CHF <\/td>\n<td  style=\"text-align:right\" > 2.00<\/td>\n<\/tr>\n\r\n<tr><td  style=\"text-align:left\" >61 bis 90 Minuten<\/td>\n<td  style=\"text-align:left\" > 1 Stunde 30 min.<\/td>\n<td  style=\"text-align:left\" > CHF<\/td>\n<td  style=\"text-align:right\" > 3.00<\/td>\n<\/tr>\n\r\n<tr><td  style=\"text-align:left\" >91 bis 120 Minuten<\/td>\n<td  style=\"text-align:left\" > 2 Stunden<\/td>\n<td  style=\"text-align:left\" >CHF <\/td>\n<td  style=\"text-align:right\" > 4.50<\/td>\n<\/tr>\n\r\n<tr><td  style=\"text-align:left\" >121 bis 180 Minuten<\/td>\n<td  style=\"text-align:left\" > 3 Stunden<\/td>\n<td  style=\"text-align:left\" > CHF<\/td>\n<td  style=\"text-align:right\" > 6.50<\/td>\n<\/tr>\n\r\n<tr><td  style=\"text-align:left\" >181 bis 240 Minuten<\/td>\n<td  style=\"text-align:left\" > 4 Stunden<\/td>\n<td  style=\"text-align:left\" > CHF<\/td>\n<td  style=\"text-align:right\" > 9.00<\/td>\n<\/tr>\n\r\n<tr><td  style=\"text-align:left\" >241 bis 300 Minuten<\/td>\n<td  style=\"text-align:left\" > 5 Stunden<\/td>\n<td  style=\"text-align:left\" >CHF <\/td>\n<td  style=\"text-align:right\" > 13.00<\/td>\n<\/tr>\n\r\n<tr><td  style=\"text-align:left\" >301 bis 360 Minuten<\/td>\n<td  style=\"text-align:left\" > 6 Stunden<\/td>\n<td  style=\"text-align:left\" > CHF<\/td>\n<td  style=\"text-align:right\" > 17.00<\/td>\n<\/tr>\n\r\n<tr><td  style=\"text-align:left\" >361 bis 420 Minuten<\/td>\n<td  style=\"text-align:left\" > 7 Stunden<\/td>\n<td  style=\"text-align:left\" >CHF <\/td>\n<td  style=\"text-align:right\" > 21.00<\/td>\n<\/tr>\n\r\n<tr><td  style=\"text-align:left\" >421 bis 480 Minuten<\/td>\n<td  style=\"text-align:left\" > 8 Stunden<\/td>\n<td  style=\"text-align:left\" >CHF <\/td>\n<td  style=\"text-align:right\" > 25.00<\/td>\n<\/tr>\n\r\n<tr><td  style=\"text-align:left\" >481 bis 540 Minuten<\/td>\n<td  style=\"text-align:left\" > 9 Stunden<\/td>\n<td  style=\"text-align:left\" > CHF<\/td>\n<td  style=\"text-align:right\" > 29.00<\/td>\n<\/tr>\n\r\n<tr><td  style=\"text-align:left\" >541 bis 600 Minuten<\/td>\n<td  style=\"text-align:left\" > 10 Stunden<\/td>\n<td  style=\"text-align:left\" >CHF <\/td>\n<td  style=\"text-align:right\" > 33.00<\/td>\n<\/tr>\n\r\n<tr><td  style=\"text-align:left\" >601 bis 660 Minuten<\/td>\n<td  style=\"text-align:left\" > 11 Stunden<\/td>\n<td  style=\"text-align:left\" >CHF <\/td>\n<td  style=\"text-align:right\" > 37.00<\/td>\n<\/tr>\n\r\n<tr><td  style=\"text-align:left\" >661 bis 720 Minuten<\/td>\n<td  style=\"text-align:left\" > 12 Stunden<\/td>\n<td  style=\"text-align:left\" > CHF<\/td>\n<td  style=\"text-align:right\" > 41.00<\/td>\n<\/tr>\n<\/tbody><\/table><\/div>\n<strong>ZUGANG NACHTS VON 19:00 BIS 07:00 UHR. SONN- UND FEIERTAGE<\/strong><br \/>\n<div class=\"table-responsive\"><table  style=\"width:550px; \"  class=\"easy-table easy-table-default \" border=\"0\">\n<thead>\r\n<tr><th  style=\"width:250px;text-align:left\" ><\/th>\n<th  style=\"width:150px;text-align:left\" ><\/th>\n<th  style=\"width:100px;text-align:left\" ><\/th>\n<th  style=\"width:50px;text-align:left\" ><\/th>\n<th  style=\"width:50px;text-align:right\" ><\/th>\n<\/tr>\n<\/thead>\n<tbody>\r\n<tr><td  style=\"text-align:left\" >00 bis 20 Minuten<\/td>\n<td  style=\"text-align:left\" > <\/td>\n<td  style=\"text-align:left\" ><\/td>\n<td  style=\"text-align:left\" > CHF<\/td>\n<td  style=\"text-align:right\" > 0.50<\/td>\n<\/tr>\n\r\n<tr><td  style=\"text-align:left\" >21 bis 60 Minuten<\/td>\n<td  style=\"text-align:left\" > <\/td>\n<td  style=\"text-align:left\" >1 Stunde <\/td>\n<td  style=\"text-align:left\" > CHF<\/td>\n<td  style=\"text-align:right\" > 1.00<\/td>\n<\/tr>\n<\/tbody><\/table><\/div>\n<div class=\"table-responsive\"><table  style=\"width:550px; \"  class=\"easy-table easy-table-default \" border=\"0\">\n<thead>\r\n<tr><th  style=\"width:250px;text-align:left\" ><\/th>\n<th  style=\"width:150px;text-align:left\" ><\/th>\n<th  style=\"width:50px;text-align:right\" ><\/th>\n<th  style=\"width:50px;text-align:right\" ><\/th>\n<\/tr>\n<\/thead>\n<tbody>\r\n<tr><td  style=\"text-align:left\" >Pro weitere Stunde<\/td>\n<td  style=\"text-align:left\" ><\/td>\n<td  style=\"text-align:right\" > CHF<\/td>\n<td  style=\"text-align:right\" > 1.00<\/td>\n<\/tr>\n\r\n<tr><td  style=\"text-align:left\" >Maximum<\/td>\n<td  style=\"text-align:left\" ><\/td>\n<td  style=\"text-align:right\" > CHF<\/td>\n<td  style=\"text-align:right\" > 15.00<\/td>\n<\/tr>\n\r\n<tr><td  style=\"text-align:left\" >Parkgeb\u00fchr bei verlorenem Ticket <\/td>\n<td  style=\"text-align:left\" ><\/td>\n<td  style=\"text-align:right\" >Mindesttarif<\/td>\n<td  style=\"text-align:right\" > 41.00<\/td>\n<\/tr>\n<\/tbody><\/table><\/div>\n<p>ALLE UNSERE PREISE GELTEN PRO FAHRZEUG UND SIND EINSCHLIESSLICH ALLER STEUERN.<\/p>\n<\/p><\/div>\n<h3 class=\"toggle\"><strong><a href=\"#\">Tarife Dauerzugang<\/a><\/strong><\/h3><div class=\"toggle-box\" style=\"display: none;\"><p>\n<div class=\"table-responsive\"><table  style=\"width:550px; \"  class=\"easy-table easy-table-default \" border=\"0\">\n<thead>\r\n<tr><th  style=\"width:350px;text-align:left\" ><\/th>\n<th  style=\"width:100px;text-align:left\" ><\/th>\n<th  style=\"width:50px;text-align:left\" ><\/th>\n<th  style=\"width:50px;text-align:right\" ><strong>Monatlich<\/strong><\/th>\n<\/tr>\n<\/thead>\n<tbody>\r\n<tr><td  style=\"text-align:left\" >Rund um die Uhr ge\u00f6ffnet f\u00fcr* motorisierte Zweir\u00e4der<\/td>\n<td  style=\"text-align:left\" > <\/td>\n<td  style=\"text-align:left\" > <\/td>\n<td  style=\"text-align:right\" >CHF 80<\/td>\n<\/tr>\n\r\n<tr><td  style=\"text-align:left\" >Ersatz f\u00fcr die Dauerkarte oder den Zugangsausweis<\/td>\n<td  style=\"text-align:left\" > <\/td>\n<td  style=\"text-align:left\" > <\/td>\n<td  style=\"text-align:right\" >CHF 30<\/td>\n<\/tr>\n<\/tbody><\/table><\/div>\nALLE UNSERE PREISE GELTEN PRO FAHRZEUG UND SIND EINSCHLIESSLICH ALLER STEUERN.<\/p>\n<p>*inklusive Samstag, Sonntag und Feiertage<br \/>\n<\/p><\/div>\n<h3 class=\"toggle\"><strong><a href=\"#\">Andere Tarife<\/a><\/strong><\/h3><div class=\"toggle-box\" style=\"display: none;\"><p>\n<p><strong><strong>DAUERPARKEN VON MONTAG BIS FREITAG, AUSGENOMMEN AN SONN- UND FEIERTAGEN (1 EINFAHRT, 1 AUSFAHRT)<br \/>\n<\/strong><\/strong><\/p>\n<div class=\"table-responsive\"><table  style=\"width:550px; \"  class=\"easy-table easy-table-default \" border=\"0\">\n<thead>\r\n<tr><th  style=\"width:350px;text-align:left\" ><\/th>\n<th  style=\"width:100px;text-align:left\" ><\/th>\n<th  style=\"width:100px\" ><\/th>\n<th ><\/th>\n<\/tr>\n<\/thead>\n<tbody>\r\n<tr><td  style=\"text-align:left\" >Erster Tag<\/td>\n<td  style=\"text-align:left\" > CHF 41<\/td>\n<\/tr>\n\r\n<tr><td  style=\"text-align:left\" >Folgetage (pro Tag)<\/td>\n<td  style=\"text-align:left\" > CHF 20<\/td>\n<\/tr>\n<\/tbody><\/table><\/div>\nALLE UNSERE PREISE GELTEN PRO FAHRZEUG UND SIND EINSCHLIESSLICH ALLER STEUERN.<br \/>\n<\/p><\/div>\n<h3 class=\"toggle\"><strong><a href=\"#\">Allgemeine Bedingungen<\/a><\/strong><\/h3><div class=\"toggle-box\" style=\"display: none;\"><p>\n<iframe loading=\"lazy\" src=\"https:\/\/docs.google.com\/viewer?url=https:\/\/www.parkgest.ch\/wp-content\/uploads\/ISM_Conditions-generales_20240718_VF.pdf&amp;embedded=true\" width=\"100%\" height=\"600\" frameborder=\"0\"><\/iframe><\/p>\n<p>Wenn Sie die Datei nicht richtig anzeigen, <a href=\"https:\/\/www.parkgest.ch\/wp-content\/uploads\/ISM_Conditions-generales_20240718_VF.pdf\" target=\"_blank\" rel=\"noopener noreferrer\">Klick hier<\/a><br \/>\n<\/p><\/div>\n<\/div>\n","protected":false},"excerpt":{"rendered":"<p>Willkommen auf dem Parkhaus Ilot Sud Morges Das im Juni 2021 eingeweihte Parkhaus Ilot Sud Morges ist mit neuester Technologie ausgestattet, die es zu einem modernen und sicheren Parkhaus macht. Dazu geh\u00f6ren Kennzeichenerkennung, CCTV-Kameras und ein Leitsystem zur \u00dcberwachung jedes Parkplatzes. Das Parkhaus Ilot Sud Morges bietet auch elektrische Ladestationen an. H\u00f6he 2.10 m Geschwindigkeitsbegrenzung [&hellip;]<\/p>\n","protected":false},"author":10,"featured_media":7506,"parent":1281,"menu_order":8,"comment_status":"closed","ping_status":"closed","template":"parkingpage.php","meta":{"footnotes":""},"tags":[],"yoast_head":"<!-- This site is optimized with the Yoast SEO plugin v21.8 - https:\/\/yoast.com\/wordpress\/plugins\/seo\/ -->\n<title>Parkhaus Ilot Sud Morges | Parkgest<\/title>\n<meta name=\"robots\" content=\"index, follow, max-snippet:-1, max-image-preview:large, max-video-preview:-1\" \/>\n<link rel=\"canonical\" href=\"https:\/\/www.parkgest.ch\/de\/wo-man-parken\/parkhaus-ilot-sud-morges\/\" \/>\n<meta property=\"og:locale\" content=\"de_DE\" \/>\n<meta property=\"og:type\" content=\"article\" \/>\n<meta property=\"og:title\" content=\"Parkhaus Ilot Sud Morges | Parkgest\" \/>\n<meta property=\"og:description\" content=\"Willkommen auf dem Parkhaus Ilot Sud Morges Das im Juni 2021 eingeweihte Parkhaus Ilot Sud Morges ist mit neuester Technologie ausgestattet, die es zu einem modernen und sicheren Parkhaus macht. Dazu geh\u00f6ren Kennzeichenerkennung, CCTV-Kameras und ein Leitsystem zur \u00dcberwachung jedes Parkplatzes. Das Parkhaus Ilot Sud Morges bietet auch elektrische Ladestationen an. H\u00f6he 2.10 m Geschwindigkeitsbegrenzung [&hellip;]\" \/>\n<meta property=\"og:url\" content=\"https:\/\/www.parkgest.ch\/de\/wo-man-parken\/parkhaus-ilot-sud-morges\/\" \/>\n<meta property=\"og:site_name\" content=\"Parkgest\" \/>\n<meta property=\"article:modified_time\" content=\"2026-03-03T01:25:57+00:00\" \/>\n<meta property=\"og:image\" content=\"https:\/\/www.parkgest.ch\/wp-content\/uploads\/3.png\" \/>\n\t<meta property=\"og:image:width\" content=\"1200\" \/>\n\t<meta property=\"og:image:height\" content=\"600\" \/>\n\t<meta property=\"og:image:type\" content=\"image\/png\" \/>\n<meta name=\"twitter:label1\" content=\"Gesch\u00e4tzte Lesezeit\" \/>\n\t<meta name=\"twitter:data1\" content=\"7\u00a0Minuten\" \/>\n<script type=\"application\/ld+json\" class=\"yoast-schema-graph\">{\"@context\":\"https:\/\/schema.org\",\"@graph\":[{\"@type\":\"WebPage\",\"@id\":\"https:\/\/www.parkgest.ch\/de\/wo-man-parken\/parkhaus-ilot-sud-morges\/\",\"url\":\"https:\/\/www.parkgest.ch\/de\/wo-man-parken\/parkhaus-ilot-sud-morges\/\",\"name\":\"Parkhaus Ilot Sud Morges | Parkgest\",\"isPartOf\":{\"@id\":\"https:\/\/www.parkgest.ch\/#website\"},\"datePublished\":\"2022-09-19T16:32:54+00:00\",\"dateModified\":\"2026-03-03T01:25:57+00:00\",\"breadcrumb\":{\"@id\":\"https:\/\/www.parkgest.ch\/de\/wo-man-parken\/parkhaus-ilot-sud-morges\/#breadcrumb\"},\"inLanguage\":\"de\",\"potentialAction\":[{\"@type\":\"ReadAction\",\"target\":[\"https:\/\/www.parkgest.ch\/de\/wo-man-parken\/parkhaus-ilot-sud-morges\/\"]}]},{\"@type\":\"BreadcrumbList\",\"@id\":\"https:\/\/www.parkgest.ch\/de\/wo-man-parken\/parkhaus-ilot-sud-morges\/#breadcrumb\",\"itemListElement\":[{\"@type\":\"ListItem\",\"position\":1,\"name\":\"Accueil\",\"item\":\"https:\/\/www.parkgest.ch\/de\/\"},{\"@type\":\"ListItem\",\"position\":2,\"name\":\"Wo kann ich parken?\",\"item\":\"https:\/\/www.parkgest.ch\/de\/wo-man-parken\/\"},{\"@type\":\"ListItem\",\"position\":3,\"name\":\"Parkhaus Ilot Sud Morges\"}]},{\"@type\":\"WebSite\",\"@id\":\"https:\/\/www.parkgest.ch\/#website\",\"url\":\"https:\/\/www.parkgest.ch\/\",\"name\":\"Parkgest\",\"description\":\"R\u00e9seau de parkings \u00e0 Gen\u00e8ve et Suisse romande\",\"potentialAction\":[{\"@type\":\"SearchAction\",\"target\":{\"@type\":\"EntryPoint\",\"urlTemplate\":\"https:\/\/www.parkgest.ch\/?s={search_term_string}\"},\"query-input\":\"required name=search_term_string\"}],\"inLanguage\":\"de\"}]}<\/script>\n<!-- \/ Yoast SEO plugin. -->","yoast_head_json":{"title":"Parkhaus Ilot Sud Morges | Parkgest","robots":{"index":"index","follow":"follow","max-snippet":"max-snippet:-1","max-image-preview":"max-image-preview:large","max-video-preview":"max-video-preview:-1"},"canonical":"https:\/\/www.parkgest.ch\/de\/wo-man-parken\/parkhaus-ilot-sud-morges\/","og_locale":"de_DE","og_type":"article","og_title":"Parkhaus Ilot Sud Morges | Parkgest","og_description":"Willkommen auf dem Parkhaus Ilot Sud Morges Das im Juni 2021 eingeweihte Parkhaus Ilot Sud Morges ist mit neuester Technologie ausgestattet, die es zu einem modernen und sicheren Parkhaus macht. Dazu geh\u00f6ren Kennzeichenerkennung, CCTV-Kameras und ein Leitsystem zur \u00dcberwachung jedes Parkplatzes. Das Parkhaus Ilot Sud Morges bietet auch elektrische Ladestationen an. H\u00f6he 2.10 m Geschwindigkeitsbegrenzung [&hellip;]","og_url":"https:\/\/www.parkgest.ch\/de\/wo-man-parken\/parkhaus-ilot-sud-morges\/","og_site_name":"Parkgest","article_modified_time":"2026-03-03T01:25:57+00:00","og_image":[{"width":1200,"height":600,"url":"https:\/\/www.parkgest.ch\/wp-content\/uploads\/3.png","type":"image\/png"}],"twitter_misc":{"Gesch\u00e4tzte Lesezeit":"7\u00a0Minuten"},"schema":{"@context":"https:\/\/schema.org","@graph":[{"@type":"WebPage","@id":"https:\/\/www.parkgest.ch\/de\/wo-man-parken\/parkhaus-ilot-sud-morges\/","url":"https:\/\/www.parkgest.ch\/de\/wo-man-parken\/parkhaus-ilot-sud-morges\/","name":"Parkhaus Ilot Sud Morges | Parkgest","isPartOf":{"@id":"https:\/\/www.parkgest.ch\/#website"},"datePublished":"2022-09-19T16:32:54+00:00","dateModified":"2026-03-03T01:25:57+00:00","breadcrumb":{"@id":"https:\/\/www.parkgest.ch\/de\/wo-man-parken\/parkhaus-ilot-sud-morges\/#breadcrumb"},"inLanguage":"de","potentialAction":[{"@type":"ReadAction","target":["https:\/\/www.parkgest.ch\/de\/wo-man-parken\/parkhaus-ilot-sud-morges\/"]}]},{"@type":"BreadcrumbList","@id":"https:\/\/www.parkgest.ch\/de\/wo-man-parken\/parkhaus-ilot-sud-morges\/#breadcrumb","itemListElement":[{"@type":"ListItem","position":1,"name":"Accueil","item":"https:\/\/www.parkgest.ch\/de\/"},{"@type":"ListItem","position":2,"name":"Wo kann ich parken?","item":"https:\/\/www.parkgest.ch\/de\/wo-man-parken\/"},{"@type":"ListItem","position":3,"name":"Parkhaus Ilot Sud Morges"}]},{"@type":"WebSite","@id":"https:\/\/www.parkgest.ch\/#website","url":"https:\/\/www.parkgest.ch\/","name":"Parkgest","description":"R\u00e9seau de parkings \u00e0 Gen\u00e8ve et Suisse romande","potentialAction":[{"@type":"SearchAction","target":{"@type":"EntryPoint","urlTemplate":"https:\/\/www.parkgest.ch\/?s={search_term_string}"},"query-input":"required name=search_term_string"}],"inLanguage":"de"}]}},"_links":{"self":[{"href":"https:\/\/www.parkgest.ch\/de\/wp-json\/wp\/v2\/pages\/8635"}],"collection":[{"href":"https:\/\/www.parkgest.ch\/de\/wp-json\/wp\/v2\/pages"}],"about":[{"href":"https:\/\/www.parkgest.ch\/de\/wp-json\/wp\/v2\/types\/page"}],"author":[{"embeddable":true,"href":"https:\/\/www.parkgest.ch\/de\/wp-json\/wp\/v2\/users\/10"}],"replies":[{"embeddable":true,"href":"https:\/\/www.parkgest.ch\/de\/wp-json\/wp\/v2\/comments?post=8635"}],"version-history":[{"count":14,"href":"https:\/\/www.parkgest.ch\/de\/wp-json\/wp\/v2\/pages\/8635\/revisions"}],"predecessor-version":[{"id":11309,"href":"https:\/\/www.parkgest.ch\/de\/wp-json\/wp\/v2\/pages\/8635\/revisions\/11309"}],"up":[{"embeddable":true,"href":"https:\/\/www.parkgest.ch\/de\/wp-json\/wp\/v2\/pages\/1281"}],"wp:featuredmedia":[{"embeddable":true,"href":"https:\/\/www.parkgest.ch\/de\/wp-json\/wp\/v2\/media\/7506"}],"wp:attachment":[{"href":"https:\/\/www.parkgest.ch\/de\/wp-json\/wp\/v2\/media?parent=8635"}],"wp:term":[{"taxonomy":"post_tag","embeddable":true,"href":"https:\/\/www.parkgest.ch\/de\/wp-json\/wp\/v2\/tags?post=8635"}],"curies":[{"name":"wp","href":"https:\/\/api.w.org\/{rel}","templated":true}]}}