{"id":5228,"date":"2019-11-03T17:12:32","date_gmt":"2019-11-03T16:12:32","guid":{"rendered":"https:\/\/www.parkgest.ch\/?page_id=5228"},"modified":"2025-10-13T05:43:37","modified_gmt":"2025-10-13T04:43:37","slug":"enstehung-von-parkgest","status":"publish","type":"page","link":"https:\/\/www.parkgest.ch\/de\/parkgest\/enstehung-von-parkgest\/","title":{"rendered":"Geschichte der Parkgest-Gruppe"},"content":{"rendered":"<h2>Die PARKGEST-Gruppe, ein St\u00fcck Geschichte im Zentrum von Genf<\/h2>\n<p>Die PARKGEST-Gruppe wurde 1999 gegr\u00fcndet, um die Aktivit\u00e4ten des Unternehmens Parking du Mont-Blanc SA zu diversifizieren, das seit seiner Er\u00f6ffnung im Jahr 1972 das gleichnamige Parkhaus verwaltete.<br \/>\nAufgrund des Erfolgs des Mont-Blanc-Parkhauses und der auf diesem Feld gesammelten Erfahrungen \u00fcbernahm das neu aufgestellte Unternehmen nach der Gr\u00fcndung von Parking de Villereuse SA (2001) eine Mehrheitsbeteiligung am Parkhaus Villereuse und erweiterte ihre Management-T\u00e4tigkeit f\u00fcr Dritte, private oder \u00f6ffentliche Tr\u00e4ger, mit denen von Parkgest Services SA (2000).<br \/>\nThierry d&#8217;Autheville, der 2011 an der Spitze der Gruppe trat, baute den Kundenservice aus, \u00fcbernahm die Renovierung des Mont-Blanc-Parkhauses und strukturierte intern das Unternehmen um, insbesondere durch die Verpflichtung einer neuen Generation von Verwaltungsexperten, Technikern und Ingenieure.<br \/>\nNach einer modernen visuellen Gestaltung der Marke PARKGEST und der Ausstattung des Parkhauses Mont-Blanc mit einer eigenen Beschilderung, schuf er mit \u201aIn-Fluence\u2018 die digitalen Medien der Gruppe, die sich neben aktuellen Nachrichten mit Innovationen der Mobilit\u00e4tsbranche befasst.<br \/>\nDie PARKGEST Group und ihr Flaggschiff, das Parkhaus Mont-Blanc, nehmen einen Platz in der ersten Reihe der Genfer Parkbranche ein und k\u00f6nnen neben etlichen Innovationen der Branche auf viel Erfahrung in Design und Konstruktion, Betrieb und Renovierung von Parkpl\u00e4tzen verweisen.<\/p>\n<p>Ihre Teams bauen auf ihre operative St\u00e4rke, um das Kundenerlebnis auf den von ihr gemanagten Parkpl\u00e4tzen zu optimieren. Die PARKGEST-Gruppe, die sich den absehbaren Ver\u00e4nderungen in Fragen der Umwelt und der Entwicklung multimodaler Logik bewusst stellt, m\u00f6chte ihren Teil zur Zukunft der Mobilit\u00e4t beitragen.<\/p>\n","protected":false},"excerpt":{"rendered":"<p>Die PARKGEST-Gruppe, ein St\u00fcck Geschichte im Zentrum von Genf Die PARKGEST-Gruppe wurde 1999 gegr\u00fcndet, um die Aktivit\u00e4ten des Unternehmens Parking du Mont-Blanc SA zu diversifizieren, das seit seiner Er\u00f6ffnung im Jahr 1972 das gleichnamige Parkhaus verwaltete. Aufgrund des Erfolgs des Mont-Blanc-Parkhauses und der auf diesem Feld gesammelten Erfahrungen \u00fcbernahm das neu aufgestellte Unternehmen nach der [&hellip;]<\/p>\n","protected":false},"author":5,"featured_media":5634,"parent":1293,"menu_order":7,"comment_status":"closed","ping_status":"closed","template":"","meta":{"footnotes":""},"tags":[],"yoast_head":"<!-- This site is optimized with the Yoast SEO plugin v21.8 - https:\/\/yoast.com\/wordpress\/plugins\/seo\/ -->\n<title>Geschichte der Parkgest-Gruppe | Parkgest<\/title>\n<meta name=\"robots\" content=\"index, follow, max-snippet:-1, max-image-preview:large, max-video-preview:-1\" \/>\n<link rel=\"canonical\" href=\"https:\/\/www.parkgest.ch\/de\/parkgest\/enstehung-von-parkgest\/\" \/>\n<meta property=\"og:locale\" content=\"de_DE\" \/>\n<meta property=\"og:type\" content=\"article\" \/>\n<meta property=\"og:title\" content=\"Geschichte der Parkgest-Gruppe | Parkgest\" \/>\n<meta property=\"og:description\" content=\"Die PARKGEST-Gruppe, ein St\u00fcck Geschichte im Zentrum von Genf Die PARKGEST-Gruppe wurde 1999 gegr\u00fcndet, um die Aktivit\u00e4ten des Unternehmens Parking du Mont-Blanc SA zu diversifizieren, das seit seiner Er\u00f6ffnung im Jahr 1972 das gleichnamige Parkhaus verwaltete. Aufgrund des Erfolgs des Mont-Blanc-Parkhauses und der auf diesem Feld gesammelten Erfahrungen \u00fcbernahm das neu aufgestellte Unternehmen nach der [&hellip;]\" \/>\n<meta property=\"og:url\" content=\"https:\/\/www.parkgest.ch\/de\/parkgest\/enstehung-von-parkgest\/\" \/>\n<meta property=\"og:site_name\" content=\"Parkgest\" \/>\n<meta property=\"article:modified_time\" content=\"2025-10-13T04:43:37+00:00\" \/>\n<meta property=\"og:image\" content=\"https:\/\/www.parkgest.ch\/wp-content\/uploads\/parkgest_19_choix-116-Page-Historique-du-groupe-2.jpg\" \/>\n\t<meta property=\"og:image:width\" content=\"2000\" \/>\n\t<meta property=\"og:image:height\" content=\"1125\" \/>\n\t<meta property=\"og:image:type\" content=\"image\/jpeg\" \/>\n<meta name=\"twitter:label1\" content=\"Gesch\u00e4tzte Lesezeit\" \/>\n\t<meta name=\"twitter:data1\" content=\"2\u00a0Minuten\" \/>\n<script type=\"application\/ld+json\" class=\"yoast-schema-graph\">{\"@context\":\"https:\/\/schema.org\",\"@graph\":[{\"@type\":\"WebPage\",\"@id\":\"https:\/\/www.parkgest.ch\/de\/parkgest\/enstehung-von-parkgest\/\",\"url\":\"https:\/\/www.parkgest.ch\/de\/parkgest\/enstehung-von-parkgest\/\",\"name\":\"Geschichte der Parkgest-Gruppe | Parkgest\",\"isPartOf\":{\"@id\":\"https:\/\/www.parkgest.ch\/#website\"},\"datePublished\":\"2019-11-03T16:12:32+00:00\",\"dateModified\":\"2025-10-13T04:43:37+00:00\",\"breadcrumb\":{\"@id\":\"https:\/\/www.parkgest.ch\/de\/parkgest\/enstehung-von-parkgest\/#breadcrumb\"},\"inLanguage\":\"de\",\"potentialAction\":[{\"@type\":\"ReadAction\",\"target\":[\"https:\/\/www.parkgest.ch\/de\/parkgest\/enstehung-von-parkgest\/\"]}]},{\"@type\":\"BreadcrumbList\",\"@id\":\"https:\/\/www.parkgest.ch\/de\/parkgest\/enstehung-von-parkgest\/#breadcrumb\",\"itemListElement\":[{\"@type\":\"ListItem\",\"position\":1,\"name\":\"Accueil\",\"item\":\"https:\/\/www.parkgest.ch\/de\/\"},{\"@type\":\"ListItem\",\"position\":2,\"name\":\"Parkgest\",\"item\":\"https:\/\/www.parkgest.ch\/de\/parkgest\/\"},{\"@type\":\"ListItem\",\"position\":3,\"name\":\"Geschichte der Parkgest-Gruppe\"}]},{\"@type\":\"WebSite\",\"@id\":\"https:\/\/www.parkgest.ch\/#website\",\"url\":\"https:\/\/www.parkgest.ch\/\",\"name\":\"Parkgest\",\"description\":\"R\u00e9seau de parkings \u00e0 Gen\u00e8ve et Suisse romande\",\"potentialAction\":[{\"@type\":\"SearchAction\",\"target\":{\"@type\":\"EntryPoint\",\"urlTemplate\":\"https:\/\/www.parkgest.ch\/?s={search_term_string}\"},\"query-input\":\"required name=search_term_string\"}],\"inLanguage\":\"de\"}]}<\/script>\n<!-- \/ Yoast SEO plugin. -->","yoast_head_json":{"title":"Geschichte der Parkgest-Gruppe | Parkgest","robots":{"index":"index","follow":"follow","max-snippet":"max-snippet:-1","max-image-preview":"max-image-preview:large","max-video-preview":"max-video-preview:-1"},"canonical":"https:\/\/www.parkgest.ch\/de\/parkgest\/enstehung-von-parkgest\/","og_locale":"de_DE","og_type":"article","og_title":"Geschichte der Parkgest-Gruppe | Parkgest","og_description":"Die PARKGEST-Gruppe, ein St\u00fcck Geschichte im Zentrum von Genf Die PARKGEST-Gruppe wurde 1999 gegr\u00fcndet, um die Aktivit\u00e4ten des Unternehmens Parking du Mont-Blanc SA zu diversifizieren, das seit seiner Er\u00f6ffnung im Jahr 1972 das gleichnamige Parkhaus verwaltete. Aufgrund des Erfolgs des Mont-Blanc-Parkhauses und der auf diesem Feld gesammelten Erfahrungen \u00fcbernahm das neu aufgestellte Unternehmen nach der [&hellip;]","og_url":"https:\/\/www.parkgest.ch\/de\/parkgest\/enstehung-von-parkgest\/","og_site_name":"Parkgest","article_modified_time":"2025-10-13T04:43:37+00:00","og_image":[{"width":2000,"height":1125,"url":"https:\/\/www.parkgest.ch\/wp-content\/uploads\/parkgest_19_choix-116-Page-Historique-du-groupe-2.jpg","type":"image\/jpeg"}],"twitter_misc":{"Gesch\u00e4tzte Lesezeit":"2\u00a0Minuten"},"schema":{"@context":"https:\/\/schema.org","@graph":[{"@type":"WebPage","@id":"https:\/\/www.parkgest.ch\/de\/parkgest\/enstehung-von-parkgest\/","url":"https:\/\/www.parkgest.ch\/de\/parkgest\/enstehung-von-parkgest\/","name":"Geschichte der Parkgest-Gruppe | Parkgest","isPartOf":{"@id":"https:\/\/www.parkgest.ch\/#website"},"datePublished":"2019-11-03T16:12:32+00:00","dateModified":"2025-10-13T04:43:37+00:00","breadcrumb":{"@id":"https:\/\/www.parkgest.ch\/de\/parkgest\/enstehung-von-parkgest\/#breadcrumb"},"inLanguage":"de","potentialAction":[{"@type":"ReadAction","target":["https:\/\/www.parkgest.ch\/de\/parkgest\/enstehung-von-parkgest\/"]}]},{"@type":"BreadcrumbList","@id":"https:\/\/www.parkgest.ch\/de\/parkgest\/enstehung-von-parkgest\/#breadcrumb","itemListElement":[{"@type":"ListItem","position":1,"name":"Accueil","item":"https:\/\/www.parkgest.ch\/de\/"},{"@type":"ListItem","position":2,"name":"Parkgest","item":"https:\/\/www.parkgest.ch\/de\/parkgest\/"},{"@type":"ListItem","position":3,"name":"Geschichte der Parkgest-Gruppe"}]},{"@type":"WebSite","@id":"https:\/\/www.parkgest.ch\/#website","url":"https:\/\/www.parkgest.ch\/","name":"Parkgest","description":"R\u00e9seau de parkings \u00e0 Gen\u00e8ve et Suisse romande","potentialAction":[{"@type":"SearchAction","target":{"@type":"EntryPoint","urlTemplate":"https:\/\/www.parkgest.ch\/?s={search_term_string}"},"query-input":"required name=search_term_string"}],"inLanguage":"de"}]}},"_links":{"self":[{"href":"https:\/\/www.parkgest.ch\/de\/wp-json\/wp\/v2\/pages\/5228"}],"collection":[{"href":"https:\/\/www.parkgest.ch\/de\/wp-json\/wp\/v2\/pages"}],"about":[{"href":"https:\/\/www.parkgest.ch\/de\/wp-json\/wp\/v2\/types\/page"}],"author":[{"embeddable":true,"href":"https:\/\/www.parkgest.ch\/de\/wp-json\/wp\/v2\/users\/5"}],"replies":[{"embeddable":true,"href":"https:\/\/www.parkgest.ch\/de\/wp-json\/wp\/v2\/comments?post=5228"}],"version-history":[{"count":1,"href":"https:\/\/www.parkgest.ch\/de\/wp-json\/wp\/v2\/pages\/5228\/revisions"}],"predecessor-version":[{"id":11117,"href":"https:\/\/www.parkgest.ch\/de\/wp-json\/wp\/v2\/pages\/5228\/revisions\/11117"}],"up":[{"embeddable":true,"href":"https:\/\/www.parkgest.ch\/de\/wp-json\/wp\/v2\/pages\/1293"}],"wp:featuredmedia":[{"embeddable":true,"href":"https:\/\/www.parkgest.ch\/de\/wp-json\/wp\/v2\/media\/5634"}],"wp:attachment":[{"href":"https:\/\/www.parkgest.ch\/de\/wp-json\/wp\/v2\/media?parent=5228"}],"wp:term":[{"taxonomy":"post_tag","embeddable":true,"href":"https:\/\/www.parkgest.ch\/de\/wp-json\/wp\/v2\/tags?post=5228"}],"curies":[{"name":"wp","href":"https:\/\/api.w.org\/{rel}","templated":true}]}}