{"id":5186,"date":"2019-11-03T16:41:28","date_gmt":"2019-11-03T15:41:28","guid":{"rendered":"https:\/\/www.parkgest.ch\/?page_id=5186"},"modified":"2020-08-10T17:20:31","modified_gmt":"2020-08-10T16:20:31","slug":"machbarkeitsstudie","status":"publish","type":"page","link":"https:\/\/www.parkgest.ch\/de\/verwaltung\/machbarkeitsstudie\/","title":{"rendered":"Rentabilit\u00e4ts-Analyse"},"content":{"rendered":"<p>Zwei wichtige Tatsachen haben das Umfeld der Parkpl\u00e4tze in den letzten Jahren nachhaltig ver\u00e4ndert: (1) Die st\u00e4dtische Bev\u00f6lkerung wendet sich zunehmend von Autos ab und (2) die von den politischen Beh\u00f6rden festgelegte Mobilit\u00e4tspolitik schr\u00e4nkt das Angebot an Parkpl\u00e4tzen zunehmend ein. Gleichzeitig verursacht die Einhaltung von Standards immer h\u00f6here Kosten. Infolgedessen ist das Parkwesen nicht mehr die hochprofitable Investition, die es h\u00e4tte sein k\u00f6nnen.<\/p>\n<p>Die PARKGEST-Gruppe kann zu Ihrer Planung einen hohen Mehrwert beitragen, indem sie die Realisierbarkeit Ihres Parkhausprojekts einschliesslich der kombinierten Betrachtung der beiden oben genannten Haupttrends analysiert.<\/p>\n<p>Wir entwickeln mit Ihnen sowohl wirtschaftlich solide als auch technisch ausgereifte Gesch\u00e4ftsmodelle, um ihre Entscheidungsprozesse zur unterst\u00fctzen.<br \/>\nDieser Beitrag mit Mehrwert geht weit \u00fcber rein technische Aspekte hinaus.<\/p>\n<p>PARKGEST unterst\u00fctzt Sie dabei,<\/p>\n<ol>\n<li>1. Ihr &#8222;Gesch\u00e4ftsmodell&#8220; mit Betriebsertr\u00e4gen und \u2013ausgaben zu entwickeln;<\/li>\n<li>2. Die Verhandlungen mit den verschiedenen Parteien (z. B. den politischen Beh\u00f6rden, die die Parkpolitik festlegen) auf der Grundlage der erstellten Modelle zu f\u00fchren;<\/li>\n<li>3. Die wichtigsten Klauseln zu definieren, die in die Vertr\u00e4ge mit den verschiedenen Akteuren aufgenommen werden sollten;<\/li>\n<li>4. Den zuk\u00fcnftigen Betrieb Ihres Parkhauses zu entwerfen (Betriebskonzept).<\/li>\n<\/ol>\n<p>Kurz gesagt, die PARKGEST-Gruppe unterst\u00fctzt Sie bei der Entwicklung des Betriebs- und Rentabilit\u00e4tsplans f\u00fcr Ihr Parkhaus, einschliesslich potenzieller Profitcenter wie Werbung und damit verbundener Dienstleistungen (Autow\u00e4sche, Raumvermietung, Gesch\u00e4fte usw.).<\/p>\n","protected":false},"excerpt":{"rendered":"<p>Zwei wichtige Tatsachen haben das Umfeld der Parkpl\u00e4tze in den letzten Jahren nachhaltig ver\u00e4ndert: (1) Die st\u00e4dtische Bev\u00f6lkerung wendet sich zunehmend von Autos ab und (2) die von den politischen Beh\u00f6rden festgelegte Mobilit\u00e4tspolitik schr\u00e4nkt das Angebot an Parkpl\u00e4tzen zunehmend ein. Gleichzeitig verursacht die Einhaltung von Standards immer h\u00f6here Kosten. Infolgedessen ist das Parkwesen nicht mehr [&hellip;]<\/p>\n","protected":false},"author":5,"featured_media":5610,"parent":1290,"menu_order":6,"comment_status":"closed","ping_status":"closed","template":"","meta":{"footnotes":""},"tags":[],"yoast_head":"<!-- This site is optimized with the Yoast SEO plugin v21.8 - https:\/\/yoast.com\/wordpress\/plugins\/seo\/ -->\n<title>Rentabilit\u00e4ts-Analyse | Parkgest<\/title>\n<meta name=\"robots\" content=\"index, follow, max-snippet:-1, max-image-preview:large, max-video-preview:-1\" \/>\n<link rel=\"canonical\" href=\"https:\/\/www.parkgest.ch\/de\/verwaltung\/machbarkeitsstudie\/\" \/>\n<meta property=\"og:locale\" content=\"de_DE\" \/>\n<meta property=\"og:type\" content=\"article\" \/>\n<meta property=\"og:title\" content=\"Rentabilit\u00e4ts-Analyse | Parkgest\" \/>\n<meta property=\"og:description\" content=\"Zwei wichtige Tatsachen haben das Umfeld der Parkpl\u00e4tze in den letzten Jahren nachhaltig ver\u00e4ndert: (1) Die st\u00e4dtische Bev\u00f6lkerung wendet sich zunehmend von Autos ab und (2) die von den politischen Beh\u00f6rden festgelegte Mobilit\u00e4tspolitik schr\u00e4nkt das Angebot an Parkpl\u00e4tzen zunehmend ein. Gleichzeitig verursacht die Einhaltung von Standards immer h\u00f6here Kosten. Infolgedessen ist das Parkwesen nicht mehr [&hellip;]\" \/>\n<meta property=\"og:url\" content=\"https:\/\/www.parkgest.ch\/de\/verwaltung\/machbarkeitsstudie\/\" \/>\n<meta property=\"og:site_name\" content=\"Parkgest\" \/>\n<meta property=\"article:modified_time\" content=\"2020-08-10T16:20:31+00:00\" \/>\n<meta property=\"og:image\" content=\"https:\/\/www.parkgest.ch\/wp-content\/uploads\/image005_-page-viabilit\u00e9-3.jpg\" \/>\n\t<meta property=\"og:image:width\" content=\"1140\" \/>\n\t<meta property=\"og:image:height\" content=\"422\" \/>\n\t<meta property=\"og:image:type\" content=\"image\/jpeg\" \/>\n<meta name=\"twitter:label1\" content=\"Gesch\u00e4tzte Lesezeit\" \/>\n\t<meta name=\"twitter:data1\" content=\"1\u00a0Minute\" \/>\n<script type=\"application\/ld+json\" class=\"yoast-schema-graph\">{\"@context\":\"https:\/\/schema.org\",\"@graph\":[{\"@type\":\"WebPage\",\"@id\":\"https:\/\/www.parkgest.ch\/de\/verwaltung\/machbarkeitsstudie\/\",\"url\":\"https:\/\/www.parkgest.ch\/de\/verwaltung\/machbarkeitsstudie\/\",\"name\":\"Rentabilit\u00e4ts-Analyse | Parkgest\",\"isPartOf\":{\"@id\":\"https:\/\/www.parkgest.ch\/#website\"},\"datePublished\":\"2019-11-03T15:41:28+00:00\",\"dateModified\":\"2020-08-10T16:20:31+00:00\",\"breadcrumb\":{\"@id\":\"https:\/\/www.parkgest.ch\/de\/verwaltung\/machbarkeitsstudie\/#breadcrumb\"},\"inLanguage\":\"de\",\"potentialAction\":[{\"@type\":\"ReadAction\",\"target\":[\"https:\/\/www.parkgest.ch\/de\/verwaltung\/machbarkeitsstudie\/\"]}]},{\"@type\":\"BreadcrumbList\",\"@id\":\"https:\/\/www.parkgest.ch\/de\/verwaltung\/machbarkeitsstudie\/#breadcrumb\",\"itemListElement\":[{\"@type\":\"ListItem\",\"position\":1,\"name\":\"Accueil\",\"item\":\"https:\/\/www.parkgest.ch\/de\/\"},{\"@type\":\"ListItem\",\"position\":2,\"name\":\"Bewirtschaftung\",\"item\":\"https:\/\/www.parkgest.ch\/de\/verwaltung\/\"},{\"@type\":\"ListItem\",\"position\":3,\"name\":\"Rentabilit\u00e4ts-Analyse\"}]},{\"@type\":\"WebSite\",\"@id\":\"https:\/\/www.parkgest.ch\/#website\",\"url\":\"https:\/\/www.parkgest.ch\/\",\"name\":\"Parkgest\",\"description\":\"R\u00e9seau de parkings \u00e0 Gen\u00e8ve et Suisse romande\",\"potentialAction\":[{\"@type\":\"SearchAction\",\"target\":{\"@type\":\"EntryPoint\",\"urlTemplate\":\"https:\/\/www.parkgest.ch\/?s={search_term_string}\"},\"query-input\":\"required name=search_term_string\"}],\"inLanguage\":\"de\"}]}<\/script>\n<!-- \/ Yoast SEO plugin. -->","yoast_head_json":{"title":"Rentabilit\u00e4ts-Analyse | Parkgest","robots":{"index":"index","follow":"follow","max-snippet":"max-snippet:-1","max-image-preview":"max-image-preview:large","max-video-preview":"max-video-preview:-1"},"canonical":"https:\/\/www.parkgest.ch\/de\/verwaltung\/machbarkeitsstudie\/","og_locale":"de_DE","og_type":"article","og_title":"Rentabilit\u00e4ts-Analyse | Parkgest","og_description":"Zwei wichtige Tatsachen haben das Umfeld der Parkpl\u00e4tze in den letzten Jahren nachhaltig ver\u00e4ndert: (1) Die st\u00e4dtische Bev\u00f6lkerung wendet sich zunehmend von Autos ab und (2) die von den politischen Beh\u00f6rden festgelegte Mobilit\u00e4tspolitik schr\u00e4nkt das Angebot an Parkpl\u00e4tzen zunehmend ein. Gleichzeitig verursacht die Einhaltung von Standards immer h\u00f6here Kosten. Infolgedessen ist das Parkwesen nicht mehr [&hellip;]","og_url":"https:\/\/www.parkgest.ch\/de\/verwaltung\/machbarkeitsstudie\/","og_site_name":"Parkgest","article_modified_time":"2020-08-10T16:20:31+00:00","og_image":[{"width":1140,"height":422,"url":"https:\/\/www.parkgest.ch\/wp-content\/uploads\/image005_-page-viabilit\u00e9-3.jpg","type":"image\/jpeg"}],"twitter_misc":{"Gesch\u00e4tzte Lesezeit":"1\u00a0Minute"},"schema":{"@context":"https:\/\/schema.org","@graph":[{"@type":"WebPage","@id":"https:\/\/www.parkgest.ch\/de\/verwaltung\/machbarkeitsstudie\/","url":"https:\/\/www.parkgest.ch\/de\/verwaltung\/machbarkeitsstudie\/","name":"Rentabilit\u00e4ts-Analyse | Parkgest","isPartOf":{"@id":"https:\/\/www.parkgest.ch\/#website"},"datePublished":"2019-11-03T15:41:28+00:00","dateModified":"2020-08-10T16:20:31+00:00","breadcrumb":{"@id":"https:\/\/www.parkgest.ch\/de\/verwaltung\/machbarkeitsstudie\/#breadcrumb"},"inLanguage":"de","potentialAction":[{"@type":"ReadAction","target":["https:\/\/www.parkgest.ch\/de\/verwaltung\/machbarkeitsstudie\/"]}]},{"@type":"BreadcrumbList","@id":"https:\/\/www.parkgest.ch\/de\/verwaltung\/machbarkeitsstudie\/#breadcrumb","itemListElement":[{"@type":"ListItem","position":1,"name":"Accueil","item":"https:\/\/www.parkgest.ch\/de\/"},{"@type":"ListItem","position":2,"name":"Bewirtschaftung","item":"https:\/\/www.parkgest.ch\/de\/verwaltung\/"},{"@type":"ListItem","position":3,"name":"Rentabilit\u00e4ts-Analyse"}]},{"@type":"WebSite","@id":"https:\/\/www.parkgest.ch\/#website","url":"https:\/\/www.parkgest.ch\/","name":"Parkgest","description":"R\u00e9seau de parkings \u00e0 Gen\u00e8ve et Suisse romande","potentialAction":[{"@type":"SearchAction","target":{"@type":"EntryPoint","urlTemplate":"https:\/\/www.parkgest.ch\/?s={search_term_string}"},"query-input":"required name=search_term_string"}],"inLanguage":"de"}]}},"_links":{"self":[{"href":"https:\/\/www.parkgest.ch\/de\/wp-json\/wp\/v2\/pages\/5186"}],"collection":[{"href":"https:\/\/www.parkgest.ch\/de\/wp-json\/wp\/v2\/pages"}],"about":[{"href":"https:\/\/www.parkgest.ch\/de\/wp-json\/wp\/v2\/types\/page"}],"author":[{"embeddable":true,"href":"https:\/\/www.parkgest.ch\/de\/wp-json\/wp\/v2\/users\/5"}],"replies":[{"embeddable":true,"href":"https:\/\/www.parkgest.ch\/de\/wp-json\/wp\/v2\/comments?post=5186"}],"version-history":[{"count":0,"href":"https:\/\/www.parkgest.ch\/de\/wp-json\/wp\/v2\/pages\/5186\/revisions"}],"up":[{"embeddable":true,"href":"https:\/\/www.parkgest.ch\/de\/wp-json\/wp\/v2\/pages\/1290"}],"wp:featuredmedia":[{"embeddable":true,"href":"https:\/\/www.parkgest.ch\/de\/wp-json\/wp\/v2\/media\/5610"}],"wp:attachment":[{"href":"https:\/\/www.parkgest.ch\/de\/wp-json\/wp\/v2\/media?parent=5186"}],"wp:term":[{"taxonomy":"post_tag","embeddable":true,"href":"https:\/\/www.parkgest.ch\/de\/wp-json\/wp\/v2\/tags?post=5186"}],"curies":[{"name":"wp","href":"https:\/\/api.w.org\/{rel}","templated":true}]}}