{"id":5183,"date":"2019-11-03T16:22:21","date_gmt":"2019-11-03T15:22:21","guid":{"rendered":"https:\/\/www.parkgest.ch\/?page_id=5183"},"modified":"2026-03-26T09:02:13","modified_gmt":"2026-03-26T08:02:13","slug":"unsere-dienstleistungen","status":"publish","type":"page","link":"https:\/\/www.parkgest.ch\/de\/unsere-dienstleistungen\/","title":{"rendered":"Unsere dienstleistungen"},"content":{"rendered":"<h2>Dienstleistungen von hoher Qualit\u00e4t<\/h2>\n<p>Die Parkh\u00e4user von PARKGEST bieten verschiedene Parkm\u00f6glichkeiten an, 24\/7 und in einem sicheren Umfeld f\u00fcr die Nutzer und ihre Fahrzeuge. All unsere Parkpl\u00e4tze werden video\u00fcberwacht und sind nonstop (365 Tage im Jahr) mit einem Kontrollzentrum verbunden. Unsere Standardausr\u00fcstung erf\u00fcllt selbstverst\u00e4ndlich alle aktuellen Normen und wird allenheutigen Anforderungen gerecht. In den Parkh\u00e4usern der Innenstadt finden die Nutzer ausserdem zus\u00e4tzliche und lohnenswerte Dienste: XXL-Fl\u00e4chen, Parkpl\u00e4tze mit elektrischen Ladestationen, Parkpl\u00e4tze f\u00fcr Carsharing, Frauenparkpl\u00e4tze oder Pl\u00e4tze f\u00fcr k\u00f6rperlich eingeschr\u00e4nkte Personen.<\/p>\n<h2 id=\"PkgPrestaOffre\">Ein breites Angebot an Parkm\u00f6glichkeiten<\/h2>\n<div class=\"pkg-service-item-container\">\n<div class=\"pkg-service-item\">\n<div class=\"service-item\">\n<div class=\"service-item__icon\"><img decoding=\"async\" class=\"img-fluid\" src=\"http:\/\/www.parkgest.ch\/wp-content\/themes\/parkgest\/v2\/images\/svg\/PKG_XXL.svg\" alt=\"\" \/><\/div>\n<\/div>\n<div class=\"pkg-service-item__text\">\n<h3>XXL-Fl\u00e4chen <em>Exklusivit\u00e4t!<\/em><\/h3>\n<p>Im 4. Untergeschoss befinden sich ausschliesslich grossfl\u00e4chige Pl\u00e4tze (XXL-Fl\u00e4chen) mit einmaligen Parkkomfort, mehr Sicherheit und einem besseren Zugang zum Fahrzeug.\u00a0<a title=\"lerne mehr\" href=\"http:\/\/www.parkgest.ch\/de\/espace-xxl\/\">Lerne mehr<\/a><\/p>\n<\/div>\n<\/div>\n<div class=\"pkg-service-item\">\n<div class=\"service-item\">\n<div class=\"service-item__icon\"><img decoding=\"async\" class=\"img-fluid\" src=\"http:\/\/www.parkgest.ch\/wp-content\/themes\/parkgest\/v2\/images\/svg\/PKG_Electric-Car.svg\" alt=\"\" \/><\/div>\n<\/div>\n<div class=\"pkg-service-item__text\">\n<h3>Ladestationen f\u00fcr Elektrofahrzeuge<\/h3>\n<p>Ladestationen f\u00fcr Elektrofahrzeuge stehen in unseren Parkh\u00e4usern auf beiden Ufern des Sees zur Verf\u00fcgung.\u00a0<a title=\"Lerne mehr\" href=\"http:\/\/www.parkgest.ch\/de\/stromladesaulen\/\">Lerne mehr<\/a><\/p>\n<\/div>\n<\/div>\n<div class=\"pkg-service-item\">\n<div class=\"service-item\">\n<div class=\"service-item__icon\"><img decoding=\"async\" class=\"img-fluid\" src=\"http:\/\/www.parkgest.ch\/wp-content\/themes\/parkgest\/v2\/images\/svg\/PKG_Mobility.svg\" alt=\"\" \/><\/div>\n<\/div>\n<div class=\"pkg-service-item__text\">\n<h3>Pl\u00e4tze f\u00fcr Mobility-Carsharing<\/h3>\n<p>Ihr Mobility Fahrzeug wartet in unseren Parkh\u00e4usern auf Sie, 24 Stunden am Tag, in den Parking du Mont-Blanc, de Villereuse, des Rayes, de Vand\u0153uvres. <a title=\"Lerne mehr\" href=\"https:\/\/www.mobility.ch\/de\/privatkunden\">Lerne mehr<\/a><\/p>\n<\/div>\n<\/div>\n<div class=\"pkg-service-item\">\n<div class=\"service-item\">\n<div class=\"service-item__icon\"><img decoding=\"async\" class=\"img-fluid\" src=\"http:\/\/www.parkgest.ch\/wp-content\/themes\/parkgest\/v2\/images\/svg\/PKG_e_go.png\" alt=\"\" style=\"width: 50px\" \/><\/div>\n<\/div>\n<div class=\"pkg-service-item__text\">\n<h3>Pl\u00e4tze f\u00fcr Enterprise-Go-Carsharing<\/h3>\n<p>Ihr Auto auf Abruf 24\/7. Enterprise GO, eine 100%ige selbstbediente Autovermietung \u00fcber eine App, <a href=\"https:\/\/www.enterprise.ch\/de\/\" target=\"_blank\" rel=\"noopener\">im innovativen Geist der geteilten Mobilit\u00e4t.<\/a><\/p>\n<\/div>\n<\/div>\n<div class=\"pkg-service-item\">\n<div class=\"service-item\">\n<div class=\"service-item__icon\"><img decoding=\"async\" class=\"img-fluid\" src=\"http:\/\/www.parkgest.ch\/wp-content\/themes\/parkgest\/v2\/images\/svg\/PKG_Woman-Space.svg\" alt=\"\" \/><\/div>\n<\/div>\n<div class=\"pkg-service-item__text\">\n<h3>Frauenparkpl\u00e4tze ab 18:00 Uhr <em>Exklusivit\u00e4t!<\/em><\/h3>\n<p>Ab 18:00 Uhr bietet der Parking du Mont-Blanc auf dem ersten und zweiten Untergeschoss 74 Parkpl\u00e4tze an, die durch ein zentrales Video\u00fcberwachungssystem gesichert sind.\u00a0<a title=\"Lerne mehr\" href=\"https:\/\/www.parkgest.ch\/de\/frauenparkplatze\/\">Lerne mehr<\/a><\/p>\n<\/div>\n<\/div>\n<div class=\"pkg-service-item\">\n<div class=\"service-item\">\n<div class=\"service-item__icon\"><img decoding=\"async\" class=\"img-fluid\" src=\"http:\/\/www.parkgest.ch\/wp-content\/themes\/parkgest\/v2\/images\/svg\/PKG_wheel-chair.svg\" alt=\"\" \/><\/div>\n<\/div>\n<div class=\"pkg-service-item__text\">\n<h3>Pl\u00e4tze f\u00fcr k\u00f6rperlich eingeschr\u00e4nkte Personen<\/h3>\n<p>F\u00fcr k\u00f6rperlich eingeschr\u00e4nkte Personen bieten unsere Parkh\u00e4user grosse Parkfl\u00e4chen an, in der N\u00e4he der Eing\u00e4nge\/Ausg\u00e4nge.\u00a0<a title=\"Lerne mehr\" href=\"https:\/\/www.parkgest.ch\/de\/platze-fur-korperlich-eingeschrankte-personen\/\">Lerne mehr<\/a><\/p>\n<\/div>\n<\/div>\n<div class=\"pkg-service-item\">\n<div class=\"service-item\">\n<div class=\"service-item__icon\"><img decoding=\"async\" class=\"img-fluid\" src=\"http:\/\/www.parkgest.ch\/wp-content\/themes\/parkgest\/v2\/images\/svg\/PKG_Babycar-Minute.svg\" alt=\"\" \/><\/div>\n<\/div>\n<div class=\"pkg-service-item__text\">\n<h3>Kurzzeit Ein- und Ausstiegspunkte<\/h3>\n<p>Unser Parkhaus Rayes in Vesenaz\u00a0 bietet kostenlose Zonen f\u00fcr Nutzer, die Kinder in der Kinderkrippe oder in der Schule abgeben oder abholen.<\/p>\n<\/div>\n<\/div>\n<div class=\"pkg-service-item\">\n<div class=\"service-item\">\n<div class=\"service-item__icon\"><img decoding=\"async\" class=\"img-fluid\" src=\"http:\/\/www.parkgest.ch\/wp-content\/themes\/parkgest\/v2\/images\/svg\/PKG_reserve.svg\" alt=\"\" style=\"width:60px;\"\/><\/div>\n<\/div>\n<div class=\"pkg-service-item__text\">\n<h3>Vorreservierter Parkpl\u00e4tze<\/h3>\n<p>Unsere Parkh\u00e4user Villereuse und Des Arcades bieten ihren Abonnenten reservierte Parkpl\u00e4tze f\u00fcr alle Arten von Fahrzeugen mit Ausnahme von motorisierten Zweir\u00e4dern.<\/p>\n<\/div>\n<\/div>\n<div class=\"pkg-service-item\">\n<div class=\"service-item\">\n<div class=\"service-item__icon\"><img decoding=\"async\" class=\"img-fluid\" src=\"http:\/\/www.parkgest.ch\/wp-content\/themes\/parkgest\/v2\/images\/svg\/PKG-Lockedbox.svg\" alt=\"\" style=\"width: 60px\"\/>\n<\/div>\n<\/div>\n<div class=\"pkg-service-item__text\">\n<h3>Pl\u00e4tze in geschlossenen Boxen<\/h3>\n<p>Dauerhaftes Zutrittsrecht auf unbegrenzte Zeit, mit Mietvertrag.<br \/>\nParkboxen, die mit einem individuellen Verschlusssystem ausgestattet sind.\n<\/p><\/div>\n<\/div>\n<div class=\"pkg-service-item\">\n<div class=\"service-item\">\n<div class=\"service-item__icon\"><img decoding=\"async\" class=\"img-fluid\" src=\"http:\/\/www.parkgest.ch\/wp-content\/themes\/parkgest\/v2\/images\/svg\/PKG_Bike.svg\" alt=\"\" \/><\/div>\n<\/div>\n<div class=\"pkg-service-item__text\">\n<h3>Zwei Pl\u00e4tze f\u00fcr Zweir\u00e4der<\/h3>\n<p>Parkgest bietet 122 Stellpl\u00e4tze f\u00fcr Zweir\u00e4der in folgenden Parkh\u00e4usern: Le Chat-Parkhaus in Meinier, Vand\u0153uvres, Arcades, Pr\u00e9-d\u00b4Orsat (im Abonnement).<\/p>\n<\/div>\n<\/div>\n<div class=\"pkg-service-item\">\n<div class=\"service-item\">\n<div class=\"service-item__icon\"><img decoding=\"async\" class=\"img-fluid\" src=\"http:\/\/www.parkgest.ch\/wp-content\/themes\/parkgest\/v2\/images\/svg\/PKG_Bicycle.svg\" alt=\"\" style=\"width:45px;\"\/><\/div>\n<\/div>\n<div class=\"pkg-service-item__text\">\n<h3>Fahrradstellpl\u00e4tze<\/h3>\n<p>Mehrere hundert Fahrradstellpl\u00e4tze stehen auf dem Parkplatz Le District (im Herzen des Quartier de l&#8217;\u00c9tang) zur Verf\u00fcgung.<\/p>\n<\/div>\n<\/div>\n<div class=\"pkg-service-item\">\n<div class=\"service-item\">\n<div class=\"service-item__icon\"><img decoding=\"async\" class=\"img-fluid\" src=\"http:\/\/www.parkgest.ch\/wp-content\/themes\/parkgest\/v2\/images\/svg\/PKG-cargobike.svg\" alt=\"\" style=\"width:55px;\"\/><\/div>\n<\/div>\n<div class=\"pkg-service-item__text\">\n<h3>Stellpl\u00e4tze f\u00fcr lastenr\u00e4der<\/h3>\n<p>Der Parkplatz Le District stellt den Benutzern Stellpl\u00e4tze f\u00fcr Lastenr\u00e4der zur Verf\u00fcgung.<\/p>\n<\/div>\n<\/div>\n<h2 id=\"PkgPrestaOffreList\">Dienstleistungen<\/h2>\n<div class=\"pkg-block pkg-block--bordered pkg-block-service\">\n<div class=\"service-item\">\n<div class=\"service-item__icon\"><img decoding=\"async\" class=\"img-fluid\" src=\"http:\/\/www.parkgest.ch\/wp-content\/themes\/parkgest\/v2\/images\/svg\/PKG_Open24.svg\" alt=\"\" \/><\/div>\n<p>Ge\u00f6ffnet 24 h an 7 Tagen der Woche<\/p>\n<\/div>\n<div class=\"service-item\">\n<div class=\"service-item__icon\"><img decoding=\"async\" class=\"img-fluid\" src=\"http:\/\/www.parkgest.ch\/wp-content\/themes\/parkgest\/v2\/images\/svg\/PKG_Services.svg\" alt=\"\" \/><\/div>\n<p>Kundenempfang<\/p>\n<\/div>\n<div class=\"service-item\">\n<div class=\"service-item__icon\"><img decoding=\"async\" class=\"img-fluid\" src=\"http:\/\/www.parkgest.ch\/wp-content\/themes\/parkgest\/v2\/images\/svg\/PKG_Subscription-2.svg\" alt=\"\" \/><\/div>\n<p>Abonnement-Antrag<\/p>\n<\/div>\n<\/div>\n<h2>Annehmlichkeiten<\/h2>\n<div class=\"pkg-block pkg-block--bordered pkg-block-service\">\n<div class=\"service-item\">\n<div class=\"service-item__icon\"><img decoding=\"async\" class=\"img-fluid\" src=\"http:\/\/www.parkgest.ch\/wp-content\/themes\/parkgest\/v2\/images\/svg\/PKG_20min-sans.svg\" alt=\"\" \/><\/div>\n<p>Die ersten 20 Minuten sind kostenfrei<\/p>\n<\/div>\n<div class=\"service-item\">\n<div class=\"service-item__icon\"><img decoding=\"async\" class=\"img-fluid\" src=\"http:\/\/www.parkgest.ch\/wp-content\/themes\/parkgest\/v2\/images\/svg\/PKG_Free-1h.svg\" alt=\"\" \/><\/div>\n<p>erste Stunde frei<\/p>\n<\/div>\n<div class=\"service-item\">\n<div class=\"service-item__icon\"><img decoding=\"async\" class=\"img-fluid\" src=\"http:\/\/www.parkgest.ch\/wp-content\/themes\/parkgest\/v2\/images\/svg\/PKG_Free-2h.svg\" alt=\"\" \/><\/div>\n<p>Ersten swei Stunden kostenfrei<\/p>\n<\/div>\n<div class=\"service-item\">\n<div class=\"service-item__icon\"><img decoding=\"async\" class=\"img-fluid\" src=\"http:\/\/www.parkgest.ch\/wp-content\/themes\/parkgest\/v2\/images\/svg\/PKG_Free-3h.svg\" alt=\"\" \/><\/div>\n<p>Ersten drei Stunden kostenfrei<\/p>\n<\/div>\n<\/div>\n<div class=\"pkg-block pkg-block--bordered pkg-block-service\">\n<div class=\"service-item\">\n<div class=\"service-item__icon\"><img decoding=\"async\" class=\"img-fluid\" src=\"http:\/\/www.parkgest.ch\/wp-content\/themes\/parkgest\/v2\/images\/svg\/PKG_Toilets-Assist.svg\" alt=\"\" \/><\/div>\n<p>Behindertentoiletten<\/p>\n<\/div>\n<div class=\"service-item\">\n<div class=\"service-item__icon\"><img decoding=\"async\" class=\"img-fluid\" src=\"http:\/\/www.parkgest.ch\/wp-content\/themes\/parkgest\/v2\/images\/svg\/PKG_Elevator.svg\" alt=\"\" \/><\/div>\n<p>Aufz\u00fcge<\/p>\n<\/div>\n<div class=\"service-item\">\n<div class=\"service-item__icon\"><img decoding=\"async\" class=\"img-fluid\" style=\"width: 45px;\" src=\"http:\/\/www.parkgest.ch\/wp-content\/themes\/parkgest\/v2\/images\/svg\/Elevator-access.svg\" alt=\"\" \/><\/div>\n<p>Aufz\u00fcge f\u00fcr k\u00f6rperlich eingeschr\u00e4nkte Personen<\/p>\n<\/div>\n<div class=\"service-item\">\n<div class=\"service-item__icon\"><img decoding=\"async\" class=\"img-fluid\" src=\"http:\/\/www.parkgest.ch\/wp-content\/themes\/parkgest\/v2\/images\/svg\/PKG_Ticket-Machine-Assist.svg\" alt=\"\" \/><\/div>\n<p>Aufz\u00fcge f\u00fcr Behinderte<\/p>\n<\/div>\n<\/div>\n<div class=\"pkg-block pkg-block--bordered pkg-block-service\">\n<div class=\"service-item\">\n<div class=\"service-item__icon\"><img decoding=\"async\" class=\"img-fluid\" src=\"http:\/\/www.parkgest.ch\/wp-content\/themes\/parkgest\/v2\/images\/svg\/PKG_Snacks-Drinks.svg\" alt=\"\" \/><\/div>\n<p>Getr\u00e4nke- und Snacks-Automat<\/p>\n<\/div>\n<div class=\"service-item\">\n<div class=\"service-item__icon\"><img decoding=\"async\" class=\"img-fluid\" src=\"http:\/\/www.parkgest.ch\/wp-content\/themes\/parkgest\/v2\/images\/svg\/PKG_Park-Assist-2.svg\" alt=\"\" \/><\/div>\n<p>Dynamische F\u00fchrung<\/p>\n<\/div>\n<div class=\"service-item\">\n<div class=\"service-item__icon\"><img decoding=\"async\" class=\"img-fluid\" src=\"http:\/\/www.parkgest.ch\/wp-content\/themes\/parkgest\/v2\/images\/svg\/PKG_AED.svg\" alt=\"\" \/><\/div>\n<p>Defibrillator<\/p>\n<\/div>\n<div class=\"service-item\">\n<div class=\"service-item__icon\"><img decoding=\"async\" class=\"img-fluid\" src=\"http:\/\/www.parkgest.ch\/wp-content\/themes\/parkgest\/v2\/images\/svg\/PKG_Lange.svg\" style=\"width: 50px;\" alt=\"\" \/><\/div>\n<p>Wickeltisch<\/p>\n<\/div>\n<\/div>\n<h2>Exklusivit\u00e4ten<\/h2>\n<div class=\"pkg-block pkg-block--bordered pkg-block-service\">\n<div class=\"service-item\">\n<div class=\"service-item__icon\"><img decoding=\"async\" class=\"img-fluid\" src=\"http:\/\/www.parkgest.ch\/wp-content\/themes\/parkgest\/v2\/images\/svg\/PKG_Cash-Banknotes.svg\" alt=\"\" \/><\/div>\n<p>Geldautomat<\/p>\n<\/div>\n<div class=\"service-item\">\n<div class=\"service-item__icon\"><img decoding=\"async\" class=\"img-fluid\" src=\"http:\/\/www.parkgest.ch\/wp-content\/themes\/parkgest\/v2\/images\/svg\/PKG_Uvclean.svg\" alt=\"\" style=\"width: 60%;\"\/><\/div>\n<p>Schindler CleanTouch-System<\/p>\n<\/div>\n<div class=\"service-item\">\n<div class=\"service-item__icon\"><img decoding=\"async\" class=\"img-fluid\" src=\"http:\/\/www.parkgest.ch\/wp-content\/themes\/parkgest\/v2\/images\/svg\/PKG_Newspapers.svg\" alt=\"\" \/><\/div>\n<p>Zeitungskiosk<\/p>\n<\/div>\n<div class=\"service-item\">\n<div class=\"service-item__icon\"><img decoding=\"async\" class=\"img-fluid\" src=\"http:\/\/www.parkgest.ch\/wp-content\/themes\/parkgest\/v2\/images\/svg\/PKG_BGM.svg\" alt=\"\" \/><\/div>\n<p>Musiksendung<\/p>\n<\/div>\n<\/div>\n<div class=\"pkg-block pkg-block--bordered pkg-block-service\">\n<div class=\"service-item\">\n<div class=\"service-item__icon\"><img decoding=\"async\" class=\"img-fluid\" src=\"http:\/\/www.parkgest.ch\/wp-content\/themes\/parkgest\/v2\/images\/svg\/PKG_Cleaning-Car.svg\" alt=\"\" \/><\/div>\n<p>Autowaschanlage<\/p>\n<\/div>\n<div class=\"service-item\">\n<div class=\"service-item__icon\"><img decoding=\"async\" class=\"img-fluid\" src=\"http:\/\/www.parkgest.ch\/wp-content\/themes\/parkgest\/v2\/images\/svg\/PKG_Mobile-4G.svg\" alt=\"\" \/><\/div>\n<p>4G Netzwerk<\/p>\n<\/div>\n<div class=\"service-item\">\n<div class=\"service-item__icon\"><img decoding=\"async\" class=\"img-fluid\" src=\"http:\/\/www.parkgest.ch\/wp-content\/themes\/parkgest\/v2\/images\/svg\/PKG_Umbrella.svg\" alt=\"\" \/><\/div>\n<p>Schirmverleih<\/p>\n<\/div>\n<div class=\"service-item\">\n<div class=\"service-item__icon\"><img decoding=\"async\" class=\"img-fluid\" src=\"http:\/\/www.parkgest.ch\/wp-content\/themes\/parkgest\/v2\/images\/svg\/PKG_Battery.svg\" alt=\"\" \/><\/div>\n<p>Boosterverleih<\/p>\n<\/div>\n<\/div>\n<div class=\"pkg-block pkg-block--bordered pkg-block-service\">\n<div class=\"service-item\">\n<div class=\"service-item__icon service-item__icon--popover\"><button data-toggle=\"popover\" data-text=\"Einige unserer Parkh\u00e4user bieten den Service Fast Exit an. Sobald Ihr Parkvorgang bezahlt ist, \u00f6ffnet sich die Schranke bei der Ausfahrt automatisch dank Kennzeichenerkennung, ohne dass Sie Ihr Ticket einf\u00fchren m\u00fcssen. Bezahlt = automatische Ausfahrt. Einfach, schnell und komfortabel.\" data-placement=\"top\"><\/button><i class=\"icon-info-with-circle\"><\/i><img decoding=\"async\" class=\"img-fluid\" src=\"https:\/\/www.parkgest.ch\/wp-content\/themes\/parkgest\/v2\/images\/svg\/PKG-fastexit.svg\" alt=\"\" \/><\/div>\n<p>Fast Exit\n<\/p><\/div>\n<\/div>\n<h2>Security<\/h2>\n<div class=\"pkg-block pkg-block--bordered pkg-block-service\">\n<div class=\"service-item\">\n<div class=\"service-item__icon\"><img decoding=\"async\" class=\"img-fluid\" src=\"http:\/\/www.parkgest.ch\/wp-content\/themes\/parkgest\/v2\/images\/svg\/PKG_Camera.svg\" alt=\"\"\/><\/div>\n<p>Video\u00fcberwachung<\/p>\n<\/div>\n<div class=\"service-item\">\n<div class=\"service-item__icon\"><img decoding=\"async\" class=\"img-fluid\" src=\"http:\/\/www.parkgest.ch\/wp-content\/themes\/parkgest\/v2\/images\/svg\/PKG_Security.svg\" alt=\"\" \/><\/div>\n<p>Rondeng\u00e4nge Tag und Nacht<\/p>\n<\/div>\n<div class=\"service-item\">\n<div class=\"service-item__icon\"><img decoding=\"async\" class=\"img-fluid\" src=\"http:\/\/www.parkgest.ch\/wp-content\/themes\/parkgest\/v2\/images\/svg\/pkg-icon-rideau.svg\" alt=\"\" style=\"width: 50px;\"\/><\/div>\n<p>Verschliessbares automatisches<\/p>\n<\/div>\n<div class=\"service-item\">\n<div class=\"service-item__icon\"><img decoding=\"async\" class=\"img-fluid\" src=\"http:\/\/www.parkgest.ch\/wp-content\/themes\/parkgest\/v2\/images\/svg\/PKG_digicode.svg\" alt=\"\" style=\"width: 50px;\"\/><\/div>\n<p>Zugriffper Digitalcode<\/p>\n<\/div>\n<\/div>\n<h2>Zahlungsarten<\/h2>\n<div class=\"pkg-block pkg-block--bordered pkg-block-service\">\n<div class=\"service-item\">\n<div class=\"service-item__icon\"><img decoding=\"async\" class=\"img-fluid\" src=\"http:\/\/www.parkgest.ch\/wp-content\/themes\/parkgest\/v2\/images\/svg\/PKG_Mobile-Paiement-2.svg\" alt=\"\"\/><\/div>\n<p>Mobil<\/p>\n<\/div>\n<div class=\"service-item\">\n<div class=\"service-item__icon\"><img decoding=\"async\" class=\"img-fluid\" src=\"http:\/\/www.parkgest.ch\/wp-content\/themes\/parkgest\/v2\/images\/svg\/PKG_Creditcard.svg\" alt=\"\" style=\"width: 60px;\"\/><\/div>\n<p>Kartenzahlung<\/p>\n<\/div>\n<div class=\"service-item\">\n<div class=\"service-item__icon\"><img decoding=\"async\" class=\"img-fluid\" src=\"http:\/\/www.parkgest.ch\/wp-content\/themes\/parkgest\/v2\/images\/svg\/PKG_contactless%20payment.png\" alt=\"\" style=\"width: 50px\"\/><\/div>\n<p>Kontaktlos<\/p>\n<\/div>\n<div class=\"service-item\">\n<div class=\"service-item__icon\"><img decoding=\"async\" class=\"img-fluid\" src=\"http:\/\/www.parkgest.ch\/wp-content\/themes\/parkgest\/v2\/images\/svg\/PKG_Swissfrancs.svg\" alt=\"\" style=\"width: 60px;\" \/><\/div>\n<p>Banknoten &#038; M\u00fcnzen CHF<\/p>\n<\/div>\n<\/div>\n<div class=\"pkg-block pkg-block--bordered pkg-block-service\">\n<div class=\"service-item\">\n<div class=\"service-item__icon\"><img decoding=\"async\" class=\"img-fluid\" src=\"http:\/\/www.parkgest.ch\/wp-content\/themes\/parkgest\/v2\/images\/svg\/PKG_Euro.svg\" alt=\"\" style=\"width: 55px;\"\/><\/div>\n<p>Banknoten EUR<\/p>\n<\/div>\n<\/div>\n","protected":false},"excerpt":{"rendered":"<p>Dienstleistungen von hoher Qualit\u00e4t Die Parkh\u00e4user von PARKGEST bieten verschiedene Parkm\u00f6glichkeiten an, 24\/7 und in einem sicheren Umfeld f\u00fcr die Nutzer und ihre Fahrzeuge. All unsere Parkpl\u00e4tze werden video\u00fcberwacht und sind nonstop (365 Tage im Jahr) mit einem Kontrollzentrum verbunden. Unsere Standardausr\u00fcstung erf\u00fcllt selbstverst\u00e4ndlich alle aktuellen Normen und wird allenheutigen Anforderungen gerecht. In den Parkh\u00e4usern [&hellip;]<\/p>\n","protected":false},"author":5,"featured_media":5638,"parent":0,"menu_order":0,"comment_status":"closed","ping_status":"closed","template":"services.php","meta":{"footnotes":""},"tags":[],"yoast_head":"<!-- This site is optimized with the Yoast SEO plugin v21.8 - https:\/\/yoast.com\/wordpress\/plugins\/seo\/ -->\n<title>Unsere dienstleistungen | Parkgest<\/title>\n<meta name=\"robots\" content=\"index, follow, max-snippet:-1, max-image-preview:large, max-video-preview:-1\" \/>\n<link rel=\"canonical\" href=\"https:\/\/www.parkgest.ch\/de\/unsere-dienstleistungen\/\" \/>\n<meta property=\"og:locale\" content=\"de_DE\" \/>\n<meta property=\"og:type\" content=\"article\" \/>\n<meta property=\"og:title\" content=\"Unsere dienstleistungen | Parkgest\" \/>\n<meta property=\"og:description\" content=\"Dienstleistungen von hoher Qualit\u00e4t Die Parkh\u00e4user von PARKGEST bieten verschiedene Parkm\u00f6glichkeiten an, 24\/7 und in einem sicheren Umfeld f\u00fcr die Nutzer und ihre Fahrzeuge. All unsere Parkpl\u00e4tze werden video\u00fcberwacht und sind nonstop (365 Tage im Jahr) mit einem Kontrollzentrum verbunden. Unsere Standardausr\u00fcstung erf\u00fcllt selbstverst\u00e4ndlich alle aktuellen Normen und wird allenheutigen Anforderungen gerecht. In den Parkh\u00e4usern [&hellip;]\" \/>\n<meta property=\"og:url\" content=\"https:\/\/www.parkgest.ch\/de\/unsere-dienstleistungen\/\" \/>\n<meta property=\"og:site_name\" content=\"Parkgest\" \/>\n<meta property=\"article:modified_time\" content=\"2026-03-26T08:02:13+00:00\" \/>\n<meta property=\"og:image\" content=\"https:\/\/www.parkgest.ch\/wp-content\/uploads\/parkgest_19_choix-146-Page-Service.jpg\" \/>\n\t<meta property=\"og:image:width\" content=\"2000\" \/>\n\t<meta property=\"og:image:height\" content=\"1125\" \/>\n\t<meta property=\"og:image:type\" content=\"image\/jpeg\" \/>\n<meta name=\"twitter:label1\" content=\"Gesch\u00e4tzte Lesezeit\" \/>\n\t<meta name=\"twitter:data1\" content=\"12\u00a0Minuten\" \/>\n<script type=\"application\/ld+json\" class=\"yoast-schema-graph\">{\"@context\":\"https:\/\/schema.org\",\"@graph\":[{\"@type\":\"WebPage\",\"@id\":\"https:\/\/www.parkgest.ch\/de\/unsere-dienstleistungen\/\",\"url\":\"https:\/\/www.parkgest.ch\/de\/unsere-dienstleistungen\/\",\"name\":\"Unsere dienstleistungen | Parkgest\",\"isPartOf\":{\"@id\":\"https:\/\/www.parkgest.ch\/#website\"},\"datePublished\":\"2019-11-03T15:22:21+00:00\",\"dateModified\":\"2026-03-26T08:02:13+00:00\",\"breadcrumb\":{\"@id\":\"https:\/\/www.parkgest.ch\/de\/unsere-dienstleistungen\/#breadcrumb\"},\"inLanguage\":\"de\",\"potentialAction\":[{\"@type\":\"ReadAction\",\"target\":[\"https:\/\/www.parkgest.ch\/de\/unsere-dienstleistungen\/\"]}]},{\"@type\":\"BreadcrumbList\",\"@id\":\"https:\/\/www.parkgest.ch\/de\/unsere-dienstleistungen\/#breadcrumb\",\"itemListElement\":[{\"@type\":\"ListItem\",\"position\":1,\"name\":\"Accueil\",\"item\":\"https:\/\/www.parkgest.ch\/de\/\"},{\"@type\":\"ListItem\",\"position\":2,\"name\":\"Unsere dienstleistungen\"}]},{\"@type\":\"WebSite\",\"@id\":\"https:\/\/www.parkgest.ch\/#website\",\"url\":\"https:\/\/www.parkgest.ch\/\",\"name\":\"Parkgest\",\"description\":\"R\u00e9seau de parkings \u00e0 Gen\u00e8ve et Suisse romande\",\"potentialAction\":[{\"@type\":\"SearchAction\",\"target\":{\"@type\":\"EntryPoint\",\"urlTemplate\":\"https:\/\/www.parkgest.ch\/?s={search_term_string}\"},\"query-input\":\"required name=search_term_string\"}],\"inLanguage\":\"de\"}]}<\/script>\n<!-- \/ Yoast SEO plugin. -->","yoast_head_json":{"title":"Unsere dienstleistungen | Parkgest","robots":{"index":"index","follow":"follow","max-snippet":"max-snippet:-1","max-image-preview":"max-image-preview:large","max-video-preview":"max-video-preview:-1"},"canonical":"https:\/\/www.parkgest.ch\/de\/unsere-dienstleistungen\/","og_locale":"de_DE","og_type":"article","og_title":"Unsere dienstleistungen | Parkgest","og_description":"Dienstleistungen von hoher Qualit\u00e4t Die Parkh\u00e4user von PARKGEST bieten verschiedene Parkm\u00f6glichkeiten an, 24\/7 und in einem sicheren Umfeld f\u00fcr die Nutzer und ihre Fahrzeuge. All unsere Parkpl\u00e4tze werden video\u00fcberwacht und sind nonstop (365 Tage im Jahr) mit einem Kontrollzentrum verbunden. Unsere Standardausr\u00fcstung erf\u00fcllt selbstverst\u00e4ndlich alle aktuellen Normen und wird allenheutigen Anforderungen gerecht. In den Parkh\u00e4usern [&hellip;]","og_url":"https:\/\/www.parkgest.ch\/de\/unsere-dienstleistungen\/","og_site_name":"Parkgest","article_modified_time":"2026-03-26T08:02:13+00:00","og_image":[{"width":2000,"height":1125,"url":"https:\/\/www.parkgest.ch\/wp-content\/uploads\/parkgest_19_choix-146-Page-Service.jpg","type":"image\/jpeg"}],"twitter_misc":{"Gesch\u00e4tzte Lesezeit":"12\u00a0Minuten"},"schema":{"@context":"https:\/\/schema.org","@graph":[{"@type":"WebPage","@id":"https:\/\/www.parkgest.ch\/de\/unsere-dienstleistungen\/","url":"https:\/\/www.parkgest.ch\/de\/unsere-dienstleistungen\/","name":"Unsere dienstleistungen | Parkgest","isPartOf":{"@id":"https:\/\/www.parkgest.ch\/#website"},"datePublished":"2019-11-03T15:22:21+00:00","dateModified":"2026-03-26T08:02:13+00:00","breadcrumb":{"@id":"https:\/\/www.parkgest.ch\/de\/unsere-dienstleistungen\/#breadcrumb"},"inLanguage":"de","potentialAction":[{"@type":"ReadAction","target":["https:\/\/www.parkgest.ch\/de\/unsere-dienstleistungen\/"]}]},{"@type":"BreadcrumbList","@id":"https:\/\/www.parkgest.ch\/de\/unsere-dienstleistungen\/#breadcrumb","itemListElement":[{"@type":"ListItem","position":1,"name":"Accueil","item":"https:\/\/www.parkgest.ch\/de\/"},{"@type":"ListItem","position":2,"name":"Unsere dienstleistungen"}]},{"@type":"WebSite","@id":"https:\/\/www.parkgest.ch\/#website","url":"https:\/\/www.parkgest.ch\/","name":"Parkgest","description":"R\u00e9seau de parkings \u00e0 Gen\u00e8ve et Suisse romande","potentialAction":[{"@type":"SearchAction","target":{"@type":"EntryPoint","urlTemplate":"https:\/\/www.parkgest.ch\/?s={search_term_string}"},"query-input":"required name=search_term_string"}],"inLanguage":"de"}]}},"_links":{"self":[{"href":"https:\/\/www.parkgest.ch\/de\/wp-json\/wp\/v2\/pages\/5183"}],"collection":[{"href":"https:\/\/www.parkgest.ch\/de\/wp-json\/wp\/v2\/pages"}],"about":[{"href":"https:\/\/www.parkgest.ch\/de\/wp-json\/wp\/v2\/types\/page"}],"author":[{"embeddable":true,"href":"https:\/\/www.parkgest.ch\/de\/wp-json\/wp\/v2\/users\/5"}],"replies":[{"embeddable":true,"href":"https:\/\/www.parkgest.ch\/de\/wp-json\/wp\/v2\/comments?post=5183"}],"version-history":[{"count":32,"href":"https:\/\/www.parkgest.ch\/de\/wp-json\/wp\/v2\/pages\/5183\/revisions"}],"predecessor-version":[{"id":11324,"href":"https:\/\/www.parkgest.ch\/de\/wp-json\/wp\/v2\/pages\/5183\/revisions\/11324"}],"wp:featuredmedia":[{"embeddable":true,"href":"https:\/\/www.parkgest.ch\/de\/wp-json\/wp\/v2\/media\/5638"}],"wp:attachment":[{"href":"https:\/\/www.parkgest.ch\/de\/wp-json\/wp\/v2\/media?parent=5183"}],"wp:term":[{"taxonomy":"post_tag","embeddable":true,"href":"https:\/\/www.parkgest.ch\/de\/wp-json\/wp\/v2\/tags?post=5183"}],"curies":[{"name":"wp","href":"https:\/\/api.w.org\/{rel}","templated":true}]}}