{"id":5097,"date":"2019-10-31T12:43:17","date_gmt":"2019-10-31T11:43:17","guid":{"rendered":"https:\/\/www.parkgest.ch\/?page_id=5097"},"modified":"2022-07-20T06:03:03","modified_gmt":"2022-07-20T05:03:03","slug":"frauenparkplatze","status":"publish","type":"page","link":"https:\/\/www.parkgest.ch\/de\/frauenparkplatze\/","title":{"rendered":"Frauenparkpl\u00e4tze"},"content":{"rendered":"<p>Ab 18 Uhr stellen wir unseren Kundinnen in den Parkh\u00e4usern Mont-Blanc (1. und 2. Untergeschoss) und Villereuse (2. Untergeschoss) t\u00e4glich 80 Parkpl\u00e4tze in unmittelbarer N\u00e4he der Ein- und Ausg\u00e4nge zur Verf\u00fcgung. Die Lage der Frauenparkpl\u00e4tze wird durch den Farbcode violett und eine Beschilderung an der Decke angezeigt.<\/p>\n<h2>Eine Kontrollzentrale und ein st\u00e4ndiges Team, 24\/7<\/h2>\n<p>In der Parkh\u00e4usern Mont-Blanc und Villereuse ist das \u00dcberwachungsteam das ganze Jahr \u00fcber bei Tag und Nacht vor Ort. \u00dcberwachungskameras und ausgekl\u00fcgelte Kommunikationssysteme erm\u00f6glichen ein rasches Eingreifen.<\/p>\n<h2>Sicherheit geht \u00fcber alles<\/h2>\n<p>Die Video\u00fcberwachung in den Parkh\u00e4usern Parking du Mont-Blanc und Parking de Villereuse z\u00e4hlt nicht weniger als 200 Digitalkameras. Sie decken haupts\u00e4chlich die Zonen ab, die f\u00fcr die k\u00f6rperlich eingeschr\u00e4nkten Personen, Frauen (ab 18.00 Uhr) und Ladestationen f\u00fcr Elektrofahrzeuge reserviert sind.<br \/>\nDie Frauenparkpl\u00e4tze werden video\u00fcberwacht und verf\u00fcgen \u00fcber gut sichtbare Alarmkn\u00f6pfe. Das \u00dcberwachungsteam ist 24 Stunden am Tag, die ganze Woche f\u00fcr unsere Kundinnen erreichbar und kommt ihnen gerne zur Hilfe in Notf\u00e4llen.<\/p>\n<div class=\"accordion accordion-icon\" id=\"accordionPkg\">\n<div class=\"card\"><div class=\"card-header\" id=\"heading-645487604\"><h2 class=\"mb-0\"><button class=\"btn btn-link btn-block text-left collapsed\" type=\"button\" data-toggle=\"collapse\" data-target=\"#collapse645487604\" aria-expanded=\"false\" aria-controls=\"collapse2\"><span class=\"card-header-title\">Tageskarte: bezahlen Sie per Mobiltelefon<\/span><i class=\"icon-arrow-down\"><\/i><\/button><\/h2><\/div><div id=\"collapse645487604\" class=\"collapse\" aria-labelledby=\"heading645487604\" data-parent=\"#accordionPkg\"><div class=\"card-body\"><p>Die App \u00ab\u2009Parking Mont-Blanc\u2009\u00bb erlaubt es Ihnen, die Parkgeb\u00fchr per Smartphone zu bezahlen. F\u00fcr diese bedienerfreundliche App muss kein Konto er\u00f6ffnet werden. Sie beschleunigt die Bezahlung, informiert in Echtzeit \u00fcber die frei verf\u00fcgbaren Pl\u00e4tze, leitet die Nutzer bis zum Platz, speichert die Platznummer im Memo etc. Die bargeldlose Zahlung erfolgt per PayPal-Konto und wird dann unter Transaktionen gespeichert. Man braucht dazu nur den Strichkode zu scannen: Die Summe wird angezeigt, und ein Klick gen\u00fcgt, um die Transaktion zu t\u00e4tigen. Holen Sie dann ihr Fahrzeug und verlassen Sie das Parkhaus. Es l\u00e4uft einfach und schnell.<\/p><\/div><\/div><\/div>\n<div class=\"card\"><div class=\"card-header\" id=\"heading-1121239097\"><h2 class=\"mb-0\"><button class=\"btn btn-link btn-block text-left collapsed\" type=\"button\" data-toggle=\"collapse\" data-target=\"#collapse1121239097\" aria-expanded=\"false\" aria-controls=\"collapse2\"><span class=\"card-header-title\">Bezahlen Sie via GENEVE AVENUE<\/span><i class=\"icon-arrow-down\"><\/i><\/button><\/h2><\/div><div id=\"collapse1121239097\" class=\"collapse\" aria-labelledby=\"heading1121239097\" data-parent=\"#accordionPkg\"><div class=\"card-body\"><p>Die Registerkarte \u00ab\u2009<a href=\"https:\/\/www.geneveavenue.ch\/fr\/parking\/pay\/\" target=\"_blank\" rel=\"noopener noreferrer\">Bezahlen Sie Ihren Parkplatz<\/a>\u2009\u00bb auf dem Portal <a href=\"https:\/\/www.geneveavenue.ch\/\" target=\"_blank\" rel=\"noopener noreferrer\">GENEVE AVENUE<\/a> erlaubt es Ihnen, die Parkgeb\u00fchren per Smartphone zu bezahlen.<br \/>Diese benutzerfreundliche Seite informiert Sie \u00fcber die Tarife, die freien Pl\u00e4tze und die Kontaktdaten der Parkh\u00e4user. Die Zahlung ist mit folgenden Mitteln m\u00f6glich: VISA, Mastercard, Postfinance card, Google pay, Samsung pay und Twint. Sie m\u00fcssen dazu eine E-Mail-Adresse eingeben, um die Zahlung (Strichkode mit dem Smartphone scannen) zu best\u00e4tigen.<\/p><\/div><\/div><\/div>\n<div class=\"card\"><div class=\"card-header\" id=\"heading-2039048330\"><h2 class=\"mb-0\"><button class=\"btn btn-link btn-block text-left collapsed\" type=\"button\" data-toggle=\"collapse\" data-target=\"#collapse2039048330\" aria-expanded=\"false\" aria-controls=\"collapse2\"><span class=\"card-header-title\">Fahrzeug waschen lassen im Parkhaus Parking du Mont-Blanc<\/span><i class=\"icon-arrow-down\"><\/i><\/button><\/h2><\/div><div id=\"collapse2039048330\" class=\"collapse\" aria-labelledby=\"heading2039048330\" data-parent=\"#accordionPkg\"><div class=\"card-body\"><p>Eine Fahrzeugwaschanlage auf 80 m2 Fl\u00e4che, im 1. Untergeschoss des Parking du Mont-Blanc, bietet ihnen in einer Stunde eine vollst\u00e4ndige und umfassende Reinigung (innen und aussen) f\u00fcr Stadtautos bis zu aussergew\u00f6hnlichen Fahrzeugen. Die Preise sind attraktiv, von 29 CHF bis 149 CHF, und die Pflegemittel innovativ und umweltschonend. Das Team erwartet Sie von Montag bis Samstag zwischen 8.00 Uhr und 18.00 Uhr, ohne vorherige Reservierung.<\/p><\/div><\/div><\/div>\n<\/div>\n","protected":false},"excerpt":{"rendered":"<p>Ab 18 Uhr stellen wir unseren Kundinnen in den Parkh\u00e4usern Mont-Blanc (1. und 2. Untergeschoss) und Villereuse (2. Untergeschoss) t\u00e4glich 80 Parkpl\u00e4tze in unmittelbarer N\u00e4he der Ein- und Ausg\u00e4nge zur Verf\u00fcgung. Die Lage der Frauenparkpl\u00e4tze wird durch den Farbcode violett und eine Beschilderung an der Decke angezeigt. Eine Kontrollzentrale und ein st\u00e4ndiges Team, 24\/7 In [&hellip;]<\/p>\n","protected":false},"author":5,"featured_media":5639,"parent":0,"menu_order":0,"comment_status":"closed","ping_status":"closed","template":"places.php","meta":{"footnotes":""},"tags":[],"yoast_head":"<!-- This site is optimized with the Yoast SEO plugin v21.8 - https:\/\/yoast.com\/wordpress\/plugins\/seo\/ -->\n<title>Frauenparkpl\u00e4tze | Parkgest<\/title>\n<meta name=\"robots\" content=\"index, follow, max-snippet:-1, max-image-preview:large, max-video-preview:-1\" \/>\n<link rel=\"canonical\" href=\"https:\/\/www.parkgest.ch\/de\/frauenparkplatze\/\" \/>\n<meta property=\"og:locale\" content=\"de_DE\" \/>\n<meta property=\"og:type\" content=\"article\" \/>\n<meta property=\"og:title\" content=\"Frauenparkpl\u00e4tze | Parkgest\" \/>\n<meta property=\"og:description\" content=\"Ab 18 Uhr stellen wir unseren Kundinnen in den Parkh\u00e4usern Mont-Blanc (1. und 2. Untergeschoss) und Villereuse (2. Untergeschoss) t\u00e4glich 80 Parkpl\u00e4tze in unmittelbarer N\u00e4he der Ein- und Ausg\u00e4nge zur Verf\u00fcgung. Die Lage der Frauenparkpl\u00e4tze wird durch den Farbcode violett und eine Beschilderung an der Decke angezeigt. Eine Kontrollzentrale und ein st\u00e4ndiges Team, 24\/7 In [&hellip;]\" \/>\n<meta property=\"og:url\" content=\"https:\/\/www.parkgest.ch\/de\/frauenparkplatze\/\" \/>\n<meta property=\"og:site_name\" content=\"Parkgest\" \/>\n<meta property=\"article:modified_time\" content=\"2022-07-20T05:03:03+00:00\" \/>\n<meta property=\"og:image\" content=\"https:\/\/www.parkgest.ch\/wp-content\/uploads\/parkgest_19_choix-167-Page-Femmes.jpg\" \/>\n\t<meta property=\"og:image:width\" content=\"2000\" \/>\n\t<meta property=\"og:image:height\" content=\"1125\" \/>\n\t<meta property=\"og:image:type\" content=\"image\/jpeg\" \/>\n<meta name=\"twitter:label1\" content=\"Gesch\u00e4tzte Lesezeit\" \/>\n\t<meta name=\"twitter:data1\" content=\"2\u00a0Minuten\" \/>\n<script type=\"application\/ld+json\" class=\"yoast-schema-graph\">{\"@context\":\"https:\/\/schema.org\",\"@graph\":[{\"@type\":\"WebPage\",\"@id\":\"https:\/\/www.parkgest.ch\/de\/frauenparkplatze\/\",\"url\":\"https:\/\/www.parkgest.ch\/de\/frauenparkplatze\/\",\"name\":\"Frauenparkpl\u00e4tze | Parkgest\",\"isPartOf\":{\"@id\":\"https:\/\/www.parkgest.ch\/#website\"},\"datePublished\":\"2019-10-31T11:43:17+00:00\",\"dateModified\":\"2022-07-20T05:03:03+00:00\",\"breadcrumb\":{\"@id\":\"https:\/\/www.parkgest.ch\/de\/frauenparkplatze\/#breadcrumb\"},\"inLanguage\":\"de\",\"potentialAction\":[{\"@type\":\"ReadAction\",\"target\":[\"https:\/\/www.parkgest.ch\/de\/frauenparkplatze\/\"]}]},{\"@type\":\"BreadcrumbList\",\"@id\":\"https:\/\/www.parkgest.ch\/de\/frauenparkplatze\/#breadcrumb\",\"itemListElement\":[{\"@type\":\"ListItem\",\"position\":1,\"name\":\"Accueil\",\"item\":\"https:\/\/www.parkgest.ch\/de\/\"},{\"@type\":\"ListItem\",\"position\":2,\"name\":\"Frauenparkpl\u00e4tze\"}]},{\"@type\":\"WebSite\",\"@id\":\"https:\/\/www.parkgest.ch\/#website\",\"url\":\"https:\/\/www.parkgest.ch\/\",\"name\":\"Parkgest\",\"description\":\"R\u00e9seau de parkings \u00e0 Gen\u00e8ve et Suisse romande\",\"potentialAction\":[{\"@type\":\"SearchAction\",\"target\":{\"@type\":\"EntryPoint\",\"urlTemplate\":\"https:\/\/www.parkgest.ch\/?s={search_term_string}\"},\"query-input\":\"required name=search_term_string\"}],\"inLanguage\":\"de\"}]}<\/script>\n<!-- \/ Yoast SEO plugin. -->","yoast_head_json":{"title":"Frauenparkpl\u00e4tze | Parkgest","robots":{"index":"index","follow":"follow","max-snippet":"max-snippet:-1","max-image-preview":"max-image-preview:large","max-video-preview":"max-video-preview:-1"},"canonical":"https:\/\/www.parkgest.ch\/de\/frauenparkplatze\/","og_locale":"de_DE","og_type":"article","og_title":"Frauenparkpl\u00e4tze | Parkgest","og_description":"Ab 18 Uhr stellen wir unseren Kundinnen in den Parkh\u00e4usern Mont-Blanc (1. und 2. Untergeschoss) und Villereuse (2. Untergeschoss) t\u00e4glich 80 Parkpl\u00e4tze in unmittelbarer N\u00e4he der Ein- und Ausg\u00e4nge zur Verf\u00fcgung. Die Lage der Frauenparkpl\u00e4tze wird durch den Farbcode violett und eine Beschilderung an der Decke angezeigt. Eine Kontrollzentrale und ein st\u00e4ndiges Team, 24\/7 In [&hellip;]","og_url":"https:\/\/www.parkgest.ch\/de\/frauenparkplatze\/","og_site_name":"Parkgest","article_modified_time":"2022-07-20T05:03:03+00:00","og_image":[{"width":2000,"height":1125,"url":"https:\/\/www.parkgest.ch\/wp-content\/uploads\/parkgest_19_choix-167-Page-Femmes.jpg","type":"image\/jpeg"}],"twitter_misc":{"Gesch\u00e4tzte Lesezeit":"2\u00a0Minuten"},"schema":{"@context":"https:\/\/schema.org","@graph":[{"@type":"WebPage","@id":"https:\/\/www.parkgest.ch\/de\/frauenparkplatze\/","url":"https:\/\/www.parkgest.ch\/de\/frauenparkplatze\/","name":"Frauenparkpl\u00e4tze | Parkgest","isPartOf":{"@id":"https:\/\/www.parkgest.ch\/#website"},"datePublished":"2019-10-31T11:43:17+00:00","dateModified":"2022-07-20T05:03:03+00:00","breadcrumb":{"@id":"https:\/\/www.parkgest.ch\/de\/frauenparkplatze\/#breadcrumb"},"inLanguage":"de","potentialAction":[{"@type":"ReadAction","target":["https:\/\/www.parkgest.ch\/de\/frauenparkplatze\/"]}]},{"@type":"BreadcrumbList","@id":"https:\/\/www.parkgest.ch\/de\/frauenparkplatze\/#breadcrumb","itemListElement":[{"@type":"ListItem","position":1,"name":"Accueil","item":"https:\/\/www.parkgest.ch\/de\/"},{"@type":"ListItem","position":2,"name":"Frauenparkpl\u00e4tze"}]},{"@type":"WebSite","@id":"https:\/\/www.parkgest.ch\/#website","url":"https:\/\/www.parkgest.ch\/","name":"Parkgest","description":"R\u00e9seau de parkings \u00e0 Gen\u00e8ve et Suisse romande","potentialAction":[{"@type":"SearchAction","target":{"@type":"EntryPoint","urlTemplate":"https:\/\/www.parkgest.ch\/?s={search_term_string}"},"query-input":"required name=search_term_string"}],"inLanguage":"de"}]}},"_links":{"self":[{"href":"https:\/\/www.parkgest.ch\/de\/wp-json\/wp\/v2\/pages\/5097"}],"collection":[{"href":"https:\/\/www.parkgest.ch\/de\/wp-json\/wp\/v2\/pages"}],"about":[{"href":"https:\/\/www.parkgest.ch\/de\/wp-json\/wp\/v2\/types\/page"}],"author":[{"embeddable":true,"href":"https:\/\/www.parkgest.ch\/de\/wp-json\/wp\/v2\/users\/5"}],"replies":[{"embeddable":true,"href":"https:\/\/www.parkgest.ch\/de\/wp-json\/wp\/v2\/comments?post=5097"}],"version-history":[{"count":1,"href":"https:\/\/www.parkgest.ch\/de\/wp-json\/wp\/v2\/pages\/5097\/revisions"}],"predecessor-version":[{"id":8104,"href":"https:\/\/www.parkgest.ch\/de\/wp-json\/wp\/v2\/pages\/5097\/revisions\/8104"}],"wp:featuredmedia":[{"embeddable":true,"href":"https:\/\/www.parkgest.ch\/de\/wp-json\/wp\/v2\/media\/5639"}],"wp:attachment":[{"href":"https:\/\/www.parkgest.ch\/de\/wp-json\/wp\/v2\/media?parent=5097"}],"wp:term":[{"taxonomy":"post_tag","embeddable":true,"href":"https:\/\/www.parkgest.ch\/de\/wp-json\/wp\/v2\/tags?post=5097"}],"curies":[{"name":"wp","href":"https:\/\/api.w.org\/{rel}","templated":true}]}}