{"id":4830,"date":"2019-01-21T03:48:12","date_gmt":"2019-01-21T02:48:12","guid":{"rendered":"http:\/\/www.parkgest.ch\/?page_id=4830"},"modified":"2026-03-02T08:59:46","modified_gmt":"2026-03-02T07:59:46","slug":"parkhaus-predorsat","status":"publish","type":"page","link":"https:\/\/www.parkgest.ch\/de\/wo-man-parken\/parkhaus-predorsat\/","title":{"rendered":"Parkhaus Pr\u00e9-d\u2019Orsat"},"content":{"rendered":"<div class=\"pkg-block pkg-block--bordered pkg-block-text\">\n<h2>Willkommen auf dem Parkhaus Pr\u00e9-d\u2019Orsat<\/h2>\n<p>Der Parkplatz Pr\u00e9-d\u2019Orsat befindet sich im Zentrum von Collonge-Bellerive, einer Wohngegend in der N\u00e4he von Genf.<br \/>\nDie Tramlinien A, E und G Stra\u00dfenbahnlinien A, E und G sowie Buslinien 38 und E des \u00f6ffentlichen Nahverkehrs stellen die Anbindung zur Innenstadt von Genf sicher.<\/p>\n<\/div>\n<div class=\"pkg-block pkg-block--bordered pkg-block-service\">\n<div class=\"service-item\">\n<div class=\"service-item__icon\"><img decoding=\"async\" class=\"img-fluid\" style=\"width:65px\" src=\"http:\/\/www.parkgest.ch\/wp-content\/themes\/parkgest\/v2\/images\/svg\/PKG_Sign-Limit-215.svg\" alt=\"\" \/><\/div>\n<p>H\u00f6he 2.15 m<\/p>\n<\/div>\n<div class=\"service-item\">\n<div class=\"service-item__icon\"><img decoding=\"async\" class=\"img-fluid\" style=\"width:65px\" src=\"http:\/\/www.parkgest.ch\/wp-content\/themes\/parkgest\/v2\/images\/svg\/Sign-limit-10-web.svg\" alt=\"\" \/><\/div>\n<p>Geschwindigkeitsbegrenzung<br \/>\nbei 10 km\/h<\/p>\n<\/div>\n<div class=\"service-item\">\n<div class=\"service-item__icon\"><img decoding=\"async\" class=\"img-fluid\" src=\"http:\/\/www.parkgest.ch\/wp-content\/themes\/parkgest\/v2\/images\/svg\/PKG_Interutil.svg\" alt=\"\" style=\"width:65px\"\/><\/div>\n<p>Fahrr\u00e4der,<br \/>\nroller, Inline-<br \/>\nSkates und Skateboards<br \/>\nsind verboten<\/p>\n<\/div>\n<div class=\"service-item\">\n<div class=\"service-item__icon\"><img decoding=\"async\" class=\"img-fluid\" src=\"http:\/\/www.parkgest.ch\/wp-content\/themes\/parkgest\/v2\/images\/svg\/PKG_NoSmoking.svg\" alt=\"\"  style=\"width:65px\" \/><\/div>\n<p>Nichtraucher<\/p>\n<\/div>\n<\/div>\n<h2>Services<\/h2>\n<div class=\"pkg-block pkg-block--bordered pkg-block-service\">\n<div class=\"service-item\">\n<div class=\"service-item__icon\"><img decoding=\"async\" class=\"img-fluid\" src=\"http:\/\/www.parkgest.ch\/wp-content\/themes\/parkgest\/v2\/images\/svg\/PKG_Open24.svg\" alt=\"\" \/><\/div>\n<p>Ge\u00f6ffnet 24 h<br \/>\nan 7 Tagen der Woche<\/p>\n<\/div>\n<div class=\"service-item\">\n<div class=\"service-item__icon\"><img decoding=\"async\" class=\"img-fluid\" src=\"http:\/\/www.parkgest.ch\/wp-content\/themes\/parkgest\/v2\/images\/svg\/PKG_Subscription-2.svg\" alt=\"\" \/><\/div>\n<p><a href=\"\/de\/dauerzugang#pre-d-orsat\"> Abonnement-Antrag <\/a><\/p>\n<\/div>\n<div class=\"service-item\">\n<div class=\"service-item__icon\"><img decoding=\"async\" class=\"img-fluid\" style=\"width: 45px;\" src=\"http:\/\/www.parkgest.ch\/wp-content\/themes\/parkgest\/v2\/images\/svg\/PKG-Licence-number-ge.svg\" alt=\"\" \/><\/div>\n<p>LAPI<\/p>\n<\/div>\n<div class=\"service-item\">\n<div class=\"service-item__icon service-item__icon--popover\"><button data-toggle=\"popover\" data-text=\"Sobald Ihr Parkvorgang bezahlt ist, \u00f6ffnet sich die Schranke bei der Ausfahrt automatisch dank Kennzeichenerkennung, ohne dass Sie Ihr Ticket einf\u00fchren m\u00fcssen. Bezahlt = automatische Ausfahrt. Einfach, schnell und komfortabel. \" data-placement=\"top\"><\/button><i class=\"icon-info-with-circle\"><\/i><img decoding=\"async\" class=\"img-fluid\" src=\"https:\/\/www.parkgest.ch\/wp-content\/themes\/parkgest\/v2\/images\/svg\/PKG-fastexit.svg\" alt=\"\" \/><\/div>\n<p>Fast Exit\n<\/p><\/div>\n<\/div>\n<h2>Parkangebot<\/h2>\n<div class=\"pkg-block pkg-block--bordered pkg-block-service\">\n<div class=\"service-item\">\n<div class=\"service-item__icon service-item__icon--popover\"><button data-toggle=\"popover\" data-text=\"Parkpl\u00e4tze mit elektrischen Ladestationen f\u00fcr alle Fahrzeugtypen (ausser f\u00fcr Motorr\u00e4der).\" data-placement=\"top\" data-link=\"https:\/\/www.parkgest.ch\/de\/stromladesaulen\/\" data-available=\"2\" data-location=\"-2\"><\/button><i class=\"icon-info-with-circle\"><\/i><img decoding=\"async\" class=\"img-fluid\" src=\"http:\/\/www.parkgest.ch\/wp-content\/themes\/parkgest\/v2\/images\/svg\/PKG_Electric-Car.svg\" alt=\"\" \/><\/div>\n<p>Ladestationen f\u00fcr Elektrofahrzeuge<\/p>\n<\/div>\n<div class=\"service-item\">\n<div class=\"service-item__icon service-item__icon--popover\"><button data-toggle=\"popover\" data-text=\"\" data-placement=\"top\" data-link=\"https:\/\/www.parkgest.ch\/de\/platze-fur-korperlich-eingeschrankte-personen\/\" data-available=\"2\" data-location=\"-1\"><\/button><i class=\"icon-info-with-circle\"><\/i><img decoding=\"async\" class=\"img-fluid\" src=\"http:\/\/www.parkgest.ch\/wp-content\/themes\/parkgest\/v2\/images\/svg\/PKG_wheel-chair.svg\" alt=\"\" \/><\/div>\n<p>Behindertenparkpl\u00e4tze<\/p>\n<\/div>\n<div class=\"service-item\">\n<div class=\"service-item__icon service-item__icon--popover\"><button data-toggle=\"popover\" data-text=\"\" data-link=\"\" data-placement=\"top\" data-available=\"32\" data-location=\"-1 \/ -3\"><\/button><i class=\"icon-info-with-circle\"><\/i><img decoding=\"async\" class=\"img-fluid\" src=\"https:\/\/www.parkgest.ch\/wp-content\/themes\/parkgest\/v2\/images\/svg\/PKG_Bike.svg\" alt=\"\" \/><\/div>\n<p>Parkpl\u00e4tze f\u00fcr Motorr\u00e4der (ist nur per Abo)<\/p>\n<\/div>\n<div class=\"service-item\">\n<div class=\"service-item__icon service-item__icon--popover\"><button data-toggle=\"popover\" data-text=\"\" data-placement=\"top\" data-link=\"\" data-available=\"10\" data-location=\"-3\"><\/button><i class=\"icon-info-with-circle\"><\/i><img decoding=\"async\" class=\"img-fluid\" style=\"width: 82%;\" src=\"http:\/\/www.parkgest.ch\/wp-content\/themes\/parkgest\/v2\/images\/svg\/PKG_reserve.svg\" alt=\"\" \/><\/div>\n<p>Vorreservierte Parkpl\u00e4tze<\/p>\n<\/div>\n<\/div>\n<h2>Annehmlichkeiten<\/h2>\n<div class=\"pkg-block pkg-block--bordered pkg-block-service\">\n<div class=\"service-item\">\n<div class=\"service-item__icon\"><img decoding=\"async\" class=\"img-fluid\" src=\"http:\/\/www.parkgest.ch\/wp-content\/themes\/parkgest\/v2\/images\/svg\/PKG_Free-1h.svg\" alt=\"\" \/><\/div>\n<p>erste Stunde frei<\/p>\n<\/div>\n<div class=\"service-item\">\n<div class=\"service-item__icon\"><img decoding=\"async\" class=\"img-fluid\" src=\"http:\/\/www.parkgest.ch\/wp-content\/themes\/parkgest\/v2\/images\/svg\/PKG_Elevator.svg\" alt=\"\" \/><\/div>\n<p>Lift<\/p>\n<\/div>\n<div class=\"service-item\">\n<div class=\"service-item__icon\"><img decoding=\"async\" class=\"img-fluid\" src=\"http:\/\/www.parkgest.ch\/wp-content\/themes\/parkgest\/v2\/images\/svg\/PKG_Ticket-Machine-Assist.svg\" alt=\"\" \/><\/div>\n<p>Geldautomat f\u00fcr Behinderte<\/p>\n<\/div>\n<\/div>\n<h2>Security<\/h2>\n<div class=\"pkg-block pkg-block--bordered pkg-block-service\">\n<div class=\"service-item\">\n<div class=\"service-item__icon\"><img decoding=\"async\" class=\"img-fluid\" src=\"http:\/\/www.parkgest.ch\/wp-content\/themes\/parkgest\/v2\/images\/svg\/PKG_Camera.svg\" alt=\"\" \/><\/div>\n<p>Video\u00fcberwachung<\/p>\n<\/div>\n<div class=\"service-item\">\n<div class=\"service-item__icon service-item__icon--popover\"><button data-toggle=\"popover\" data-text=\"Ein Kontrollzentrum und ein st\u00e4ndig anwesendes Team, 24\/7.\" data-placement=\"top\"><\/button><i class=\"icon-info-with-circle\"><\/i><img decoding=\"async\" class=\"img-fluid\" src=\"http:\/\/www.parkgest.ch\/wp-content\/themes\/parkgest\/v2\/images\/svg\/PKG_Security.svg\" alt=\"\" \/><\/div>\n<p>Rondeng\u00e4nge Tag und Tacht<\/p>\n<\/div>\n<div class=\"service-item\">\n<div class=\"service-item__icon\"><img decoding=\"async\" class=\"img-fluid\" style=\"width: 50px;\" src=\"https:\/\/www.parkgest.ch\/wp-content\/themes\/parkgest\/v2\/images\/svg\/pkg-icon-rideau.svg\" alt=\"\" data-src=\"https:\/\/www.parkgest.ch\/wp-content\/themes\/parkgest\/v2\/images\/svg\/pkg-icon-rideau.svg\" \/><\/div>\n<p>Verschliessbares automatisches Tor<\/p>\n<\/div>\n<\/div>\n<h2>Zahlungsarten<\/h2>\n<div class=\"pkg-block pkg-block--bordered pkg-block-service pkg-block-service-payment\">\n<div class=\"service-item\">\n<div class=\"service-item__icon\"><img decoding=\"async\" class=\"img-fluid\" src=\"http:\/\/www.parkgest.ch\/wp-content\/themes\/parkgest\/v2\/images\/svg\/PKG_Creditcard.svg\" alt=\"\" \/><\/div>\n<p>Kartenzahlung<\/p>\n<\/div>\n<div class=\"service-item\">\n<div class=\"service-item__icon\"><img decoding=\"async\" class=\"img-fluid\" style=\"width: 50px;\" src=\"http:\/\/www.parkgest.ch\/wp-content\/themes\/parkgest\/v2\/images\/svg\/PKG_contactless payment.png\" alt=\"\" \/><\/div>\n<p>Kontaktlos<\/p>\n<\/div>\n<div class=\"service-item\">\n<div class=\"service-item__icon\"><img decoding=\"async\" class=\"img-fluid\" src=\"http:\/\/www.parkgest.ch\/wp-content\/themes\/parkgest\/v2\/images\/svg\/PKG_Swissfrancs.svg\" alt=\"\" \/><\/div>\n<p>Banknoten &amp; M\u00fcnzen CHF<\/p>\n<\/div>\n<\/div>\n<div class=\"pkg-block pkg-block-text\">\n<h2>Nutzungseinschr\u00e4nkungen<\/h2>\n<p>Das Parkhaus Pr\u00e9-d\u2019Orsat ist ein Privatgrundst\u00fcck, Nichtraucherzone, zur ausschliesslichen Nutzung als kostenpflichtiger, st\u00fcndlicher Parkplatz f\u00fcr Leichtkraftfahrzeuge (max. 3,5 t) in gutem Betriebszustand, die mit elektrischem Strom, Benzin oder Diesel betrieben werden, mit einer maximalen H\u00f6he (einschliesslich s\u00e4mtlicher Aufbauten, z. B. Dachkasten, Fahrradgestell, Antennen) von h\u00f6chstens 2 Metern. Motorisierte Drei- oder Vierr\u00e4der inkl. Roadsters und Quads sind zugelassen.<\/p>\n<p>Streng untersagt sind:<\/p>\n<ul>\n<li>Motorisierte und nicht motorisierte Zweir\u00e4der (ausser mit ausdr\u00fccklicher Genehmigung)<\/li>\n<li>Mit einem anderen Kraftstsoff als Benzin oder Diesel, insbesondere mit Fl\u00fcssiggas (LPG), Erdgas, Butangas betriebene Fahrzeuge oder Wasserstoff<\/li>\n<li>Anh\u00e4nger jeder Art, einschliesslich Wohnwagen (ausser mit ausdr\u00fccklicher Genehmigung)<\/li>\n<li>Roller, Inline-Skates und Skateboards.<\/li>\n<\/ul>\n<h3 class=\"toggle\"><strong><a href=\"#\">Tarife nach Stunden<\/a><\/strong><\/h3><div class=\"toggle-box\" style=\"display: none;\"><p>\n<p><strong>ST\u00dcNDLICHER ZUGANG TAGS\u00dcBER VON 07:00 BIS 19:00 UHR<\/strong><\/p>\n<div class=\"table-responsive\"><table  style=\"width:550px; \"  class=\"easy-table easy-table-default \" border=\"0\">\n<thead>\r\n<tr><th  style=\"width:250px;text-align:left\" >Zeiten<\/th>\n<th  style=\"width:200px;text-align:left\" ><\/th>\n<th  style=\"width:50px;text-align:left\" >Preis<\/th>\n<th  style=\"width:50px;text-align:right\" ><\/th>\n<\/tr>\n<\/thead>\n<tbody>\r\n<tr><td  style=\"text-align:left\" >Von 00 bis 60 Minuten<\/td>\n<td  style=\"text-align:left\" ><\/td>\n<td  style=\"text-align:left\" >gratis<\/td>\n<\/tr>\n\r\n<tr><td  style=\"text-align:left\" >Von\u00a060 bis\u00a090 Minuten<\/td>\n<td  style=\"text-align:left\" ><\/td>\n<td  style=\"text-align:left\" >CHF<\/td>\n<td  style=\"text-align:right\" >1.50<\/td>\n<\/tr>\n\r\n<tr><td  style=\"text-align:left\" >Von\u00a090 bis 120 Minuten<\/td>\n<td  style=\"text-align:left\" ><\/td>\n<td  style=\"text-align:left\" >CHF<\/td>\n<td  style=\"text-align:right\" >3<\/td>\n<\/tr>\n\r\n<tr><td  style=\"text-align:left\" >Von\u00a0120\u00a0bis 180 Minuten<\/td>\n<td  style=\"text-align:left\" ><\/td>\n<td  style=\"text-align:left\" >CHF<\/td>\n<td  style=\"text-align:right\" >4.50<\/td>\n<\/tr>\n\r\n<tr><td  style=\"text-align:left\" >Von\u00a0180 bis\u00a0240 Minuten<\/td>\n<td  style=\"text-align:left\" ><\/td>\n<td  style=\"text-align:left\" >CHF<\/td>\n<td  style=\"text-align:right\" >6<\/td>\n<\/tr>\n\r\n<tr><td  style=\"text-align:left\" >Von\u00a0240 bis\u00a0300 Minuten<\/td>\n<td  style=\"text-align:left\" ><\/td>\n<td  style=\"text-align:left\" >CHF<\/td>\n<td  style=\"text-align:right\" >7.50<\/td>\n<\/tr>\n\r\n<tr><td  style=\"text-align:left\" >Von\u00a0300 bis\u00a0360 Minuten<\/td>\n<td  style=\"text-align:left\" ><\/td>\n<td  style=\"text-align:left\" >CHF<\/td>\n<td  style=\"text-align:right\" >9<\/td>\n<\/tr>\n\r\n<tr><td  style=\"text-align:left\" >Von\u00a0360 bis\u00a0420 Minuten<\/td>\n<td  style=\"text-align:left\" ><\/td>\n<td  style=\"text-align:left\" >CHF<\/td>\n<td  style=\"text-align:right\" >10.50<\/td>\n<\/tr>\n\r\n<tr><td  style=\"text-align:left\" >Von 420 bis\u00a0480 Minuten<\/td>\n<td  style=\"text-align:left\" ><\/td>\n<td  style=\"text-align:left\" >CHF<\/td>\n<td  style=\"text-align:right\" >12<\/td>\n<\/tr>\n\r\n<tr><td  style=\"text-align:left\" >Von\u00a0480 bis\u00a0540 Minuten<\/td>\n<td  style=\"text-align:left\" ><\/td>\n<td  style=\"text-align:left\" >CHF<\/td>\n<td  style=\"text-align:right\" >13.50<\/td>\n<\/tr>\n\r\n<tr><td  style=\"text-align:left\" >Von\u00a0540 bis\u00a0600 Minuten<\/td>\n<td  style=\"text-align:left\" ><\/td>\n<td  style=\"text-align:left\" >CHF<\/td>\n<td  style=\"text-align:right\" >15<\/td>\n<\/tr>\n\r\n<tr><td  style=\"text-align:left\" >Von\u00a0600 bis\u00a0660 Minuten<\/td>\n<td  style=\"text-align:left\" ><\/td>\n<td  style=\"text-align:left\" >CHF<\/td>\n<td  style=\"text-align:right\" >16.50<\/td>\n<\/tr>\n\r\n<tr><td  style=\"text-align:left\" >Von\u00a0660 bis\u00a0720 Minuten<\/td>\n<td  style=\"text-align:left\" ><\/td>\n<td  style=\"text-align:left\" >CHF<\/td>\n<td  style=\"text-align:right\" >18<\/td>\n<\/tr>\n<\/tbody><\/table><\/div>\n<div class=\"table-responsive\"><table  style=\"width:550px; \"  class=\"easy-table easy-table-default \" border=\"0\">\n<thead>\r\n<tr><th  style=\"width:350px;text-align:left\" ><strong>ST\u00dcNDLICHER ZUGANG NACHTS VON 19:00 BIS 7:00 UHR<\/strong><\/th>\n<th  style=\"width:200px;text-align:left\" ><\/th>\n<th ><\/th>\n<th ><\/th>\n<\/tr>\n<\/thead>\n<tbody>\r\n<tr><td  style=\"text-align:left\" >V0n 00 bis\u00a060 Minuten<\/td>\n<td  style=\"text-align:left\" > 1 Stunde<\/td>\n<td ><\/td>\n<td > gratis<\/td>\n<\/tr>\n\r\n<tr><td  style=\"text-align:left\" >Folgestunden<\/td>\n<td  style=\"text-align:left\" > pro Stunde<\/td>\n<td > CHF<\/td>\n<td > 1<\/td>\n<\/tr>\n\r\n<tr><td  style=\"text-align:left\" >SONN- UND FEIERTAG<\/td>\n<td  style=\"text-align:left\" > pro Stunde\u00a0<\/td>\n<td > CHF<\/td>\n<td >1<\/td>\n<\/tr>\n\r\n<tr><td  style=\"text-align:left\" >EINMAL-STUNDENTICKET<\/td>\n<td  style=\"text-align:left\" ><\/td>\n<td >CHF<\/td>\n<td >15<\/td>\n<\/tr>\n<\/tbody><\/table><\/div>\n<p>ALLE UNSERE PREISE GELTEN PRO FAHRZEUG UND INKL. MWST.<\/p>\n<\/p><\/div>\n<h3 class=\"toggle\"><strong><a href=\"#\">Tarife Dauerzugang<\/a><\/strong><\/h3><div class=\"toggle-box\" style=\"display: none;\"><p>\n<div class=\"table-responsive\"><table  style=\"width:550px; \"  class=\"easy-table easy-table-default \" border=\"0\">\n<thead>\r\n<tr><th  style=\"width:245px;text-align:left\" ><\/th>\n<th  style=\"width:205px;text-align:left\" ><\/th>\n<th  style=\"width:50px;text-align:left\" ><\/th>\n<th  style=\"width:50px;text-align:right\" >Tarife<\/th>\n<\/tr>\n<\/thead>\n<tbody>\r\n<tr><td  style=\"text-align:left\" >Vorreservierte Parkpla\u0308tze DAUERZUGANG MONATLICH rund um die Uhr AUSSER ANWOHNER DER GEMEINDE<\/td>\n<td  style=\"text-align:left\" ><\/td>\n<td  style=\"text-align:left\" ><\/td>\n<td  style=\"text-align:right\" >CHF 200<\/td>\n<\/tr>\n\r\n<tr><td  style=\"text-align:left\" >Vorreservierte Parkpla\u0308tze DAUERZUGANG MONATLICH rund um die Uhr ANWOHNER ODER NUTZER DER GEMEINDE<\/td>\n<td  style=\"text-align:left\" ><\/td>\n<td  style=\"text-align:left\" ><\/td>\n<td  style=\"text-align:right\" >CHF 180<\/td>\n<\/tr>\n\r\n<tr><td  style=\"text-align:left\" >DAUERZUGANG MONATLICH rund um die Uhr<\/td>\n<td  style=\"text-align:left\" ><\/td>\n<td  style=\"text-align:left\" ><\/td>\n<td  style=\"text-align:right\" >CHF 180<\/td>\n<\/tr>\n\r\n<tr><td  style=\"text-align:left\" >DAUERZUGANG MONATLICH rund um die Uhr ANWOHNER ODER NUTZER DER GEMEINDE DAUERZUGANG MONATLICH rund um die Uhr<\/td>\n<td  style=\"text-align:left\" ><\/td>\n<td  style=\"text-align:left\" ><\/td>\n<td  style=\"text-align:right\" >CHF 155<\/td>\n<\/tr>\n\r\n<tr><td  style=\"text-align:left\" >DAUERZUGANG MONATLICH rund um die Uhr f\u00fcr Motorr\u00e4de<\/td>\n<td  style=\"text-align:left\" ><\/td>\n<td  style=\"text-align:left\" ><\/td>\n<td  style=\"text-align:right\" >CHF 30<\/td>\n<\/tr>\n\r\n<tr><td  style=\"text-align:left\" >AUSTAUSCH DER KARTE ODER DES AUSWEISES F\u00dcR DEN DAUERZUGANG<\/td>\n<td  style=\"text-align:left\" ><\/td>\n<td  style=\"text-align:left\" ><\/td>\n<td  style=\"text-align:right\" >CHF 30<\/td>\n<\/tr>\n<\/tbody><\/table><\/div>\nALLE UNSERE PREISE GELTEN PRO FAHRZEUG UND INKL. MWST<\/p>\n<\/p><\/div>\n<h3 class=\"toggle\"><strong><a href=\"#\">Andere Tarife<\/a><\/strong><\/h3><div class=\"toggle-box\" style=\"display: none;\"><p>\n<p><strong>LANGZEITPARKEN (1 Einfahrt, 1 Ausfahrt)<\/strong><\/p>\n<div class=\"table-responsive\"><table  style=\"width:550px; \"  class=\"easy-table easy-table-default \" border=\"0\">\n<thead>\r\n<tr><th  style=\"width:350px;text-align:left\" ><\/th>\n<th  style=\"width:200px;text-align:left\" ><\/th>\n<th ><\/th>\n<th ><\/th>\n<\/tr>\n<\/thead>\n<tbody>\r\n<tr><td  style=\"text-align:left\" >Der erste Tag<\/td>\n<td  style=\"text-align:left\" > CHF\u00a029<\/td>\n<\/tr>\n\r\n<tr><td  style=\"text-align:left\" >Folgetage (pro Tag)<\/td>\n<td  style=\"text-align:left\" > CHF 20<\/td>\n<\/tr>\n<\/tbody><\/table><\/div>\n<p>ALLE UNSERE PREISE GELTEN PRO FAHRZEUG UND INKL. MWST.<\/p>\n<\/p><\/div>\n<h3><strong><a style=\"background: url('http:\/\/www.parkgest.ch\/wp-content\/themes\/parkgest\/img\/sidebar_li.gif') no-repeat 0 0; background-position: 0 center; padding-left: 23px; text-decoration: none;\" href=\"https:\/\/www.parkgest.ch\/de\/dauerzugang\/#predorsat\">Abonnement-Antrag<\/a><\/strong><\/h3>\n<h3><strong><a style=\"background: url('http:\/\/www.parkgest.ch\/wp-content\/themes\/parkgest\/img\/sidebar_li.gif') no-repeat 0 0; background-position: 0 center; padding-left: 23px; text-decoration: none;\" href=\"https:\/\/www.parkgest.ch\/de\/kuendigungsantrag\/#predorsat\">K\u00fcndigungsantrag<\/a><\/strong><\/h3>\n<h3 class=\"toggle\"><strong><a href=\"#\">Allgemeine Bedingungen<\/a><\/strong><\/h3><div class=\"toggle-box\" style=\"display: none;\"><p>\n<iframe loading=\"lazy\" src=\"https:\/\/docs.google.com\/viewer?url=https:\/\/www.parkgest.ch\/wp-content\/uploads\/PPO_Conditions-generales_VF_202508.pdf&amp;embedded=true\" width=\"100%\" height=\"600\" frameborder=\"0\"><\/iframe><\/p>\n<p>Wenn Sie die Datei nicht richtig lesen k\u00f6nnen, <a href=\"https:\/\/www.parkgest.ch\/wp-content\/uploads\/PPO_Conditions-generales_VF_202508.pdf\" target=\"_blank\" rel=\"noopener noreferrer\">klicken Sie hier<\/a><\/p>\n<\/p><\/div>\n<p>Jeder Parkantrag, gleichbedeutend mit dem Befahren des Parkhauses Pr\u00e9-d&#8217;Orsat mit einem Fahrzeug, gilt als uneingeschr\u00e4nktes und vorbehaltloses Einverst\u00e4ndnis mit den vorliegenden allgemeinen Bedingungen. Betritt ein Fussg\u00e4nger das Parkhaus, so gilt dies gleichermassen.<\/p>\n<\/div>\n","protected":false},"excerpt":{"rendered":"<p>Willkommen auf dem Parkhaus Pr\u00e9-d\u2019Orsat Der Parkplatz Pr\u00e9-d\u2019Orsat befindet sich im Zentrum von Collonge-Bellerive, einer Wohngegend in der N\u00e4he von Genf. Die Tramlinien A, E und G Stra\u00dfenbahnlinien A, E und G sowie Buslinien 38 und E des \u00f6ffentlichen Nahverkehrs stellen die Anbindung zur Innenstadt von Genf sicher. H\u00f6he 2.15 m Geschwindigkeitsbegrenzung bei 10 km\/h [&hellip;]<\/p>\n","protected":false},"author":5,"featured_media":5464,"parent":1281,"menu_order":10,"comment_status":"closed","ping_status":"closed","template":"parkingpage.php","meta":{"footnotes":""},"tags":[],"yoast_head":"<!-- This site is optimized with the Yoast SEO plugin v21.8 - https:\/\/yoast.com\/wordpress\/plugins\/seo\/ -->\n<title>Parkhaus Pr\u00e9-d\u2019Orsat | Parkgest<\/title>\n<meta name=\"robots\" content=\"index, follow, max-snippet:-1, max-image-preview:large, max-video-preview:-1\" \/>\n<link rel=\"canonical\" href=\"https:\/\/www.parkgest.ch\/de\/wo-man-parken\/parkhaus-predorsat\/\" \/>\n<meta property=\"og:locale\" content=\"de_DE\" \/>\n<meta property=\"og:type\" content=\"article\" \/>\n<meta property=\"og:title\" content=\"Parkhaus Pr\u00e9-d\u2019Orsat | Parkgest\" \/>\n<meta property=\"og:description\" content=\"Willkommen auf dem Parkhaus Pr\u00e9-d\u2019Orsat Der Parkplatz Pr\u00e9-d\u2019Orsat befindet sich im Zentrum von Collonge-Bellerive, einer Wohngegend in der N\u00e4he von Genf. Die Tramlinien A, E und G Stra\u00dfenbahnlinien A, E und G sowie Buslinien 38 und E des \u00f6ffentlichen Nahverkehrs stellen die Anbindung zur Innenstadt von Genf sicher. H\u00f6he 2.15 m Geschwindigkeitsbegrenzung bei 10 km\/h [&hellip;]\" \/>\n<meta property=\"og:url\" content=\"https:\/\/www.parkgest.ch\/de\/wo-man-parken\/parkhaus-predorsat\/\" \/>\n<meta property=\"og:site_name\" content=\"Parkgest\" \/>\n<meta property=\"article:modified_time\" content=\"2026-03-02T07:59:46+00:00\" \/>\n<meta property=\"og:image\" content=\"https:\/\/www.parkgest.ch\/wp-content\/uploads\/IMG_1956-2.jpeg\" \/>\n\t<meta property=\"og:image:width\" content=\"1280\" \/>\n\t<meta property=\"og:image:height\" content=\"960\" \/>\n\t<meta property=\"og:image:type\" content=\"image\/jpeg\" \/>\n<meta name=\"twitter:label1\" content=\"Gesch\u00e4tzte Lesezeit\" \/>\n\t<meta name=\"twitter:data1\" content=\"7\u00a0Minuten\" \/>\n<script type=\"application\/ld+json\" class=\"yoast-schema-graph\">{\"@context\":\"https:\/\/schema.org\",\"@graph\":[{\"@type\":\"WebPage\",\"@id\":\"https:\/\/www.parkgest.ch\/de\/wo-man-parken\/parkhaus-predorsat\/\",\"url\":\"https:\/\/www.parkgest.ch\/de\/wo-man-parken\/parkhaus-predorsat\/\",\"name\":\"Parkhaus Pr\u00e9-d\u2019Orsat | Parkgest\",\"isPartOf\":{\"@id\":\"https:\/\/www.parkgest.ch\/#website\"},\"datePublished\":\"2019-01-21T02:48:12+00:00\",\"dateModified\":\"2026-03-02T07:59:46+00:00\",\"breadcrumb\":{\"@id\":\"https:\/\/www.parkgest.ch\/de\/wo-man-parken\/parkhaus-predorsat\/#breadcrumb\"},\"inLanguage\":\"de\",\"potentialAction\":[{\"@type\":\"ReadAction\",\"target\":[\"https:\/\/www.parkgest.ch\/de\/wo-man-parken\/parkhaus-predorsat\/\"]}]},{\"@type\":\"BreadcrumbList\",\"@id\":\"https:\/\/www.parkgest.ch\/de\/wo-man-parken\/parkhaus-predorsat\/#breadcrumb\",\"itemListElement\":[{\"@type\":\"ListItem\",\"position\":1,\"name\":\"Accueil\",\"item\":\"https:\/\/www.parkgest.ch\/de\/\"},{\"@type\":\"ListItem\",\"position\":2,\"name\":\"Wo kann ich parken?\",\"item\":\"https:\/\/www.parkgest.ch\/de\/wo-man-parken\/\"},{\"@type\":\"ListItem\",\"position\":3,\"name\":\"Parkhaus Pr\u00e9-d\u2019Orsat\"}]},{\"@type\":\"WebSite\",\"@id\":\"https:\/\/www.parkgest.ch\/#website\",\"url\":\"https:\/\/www.parkgest.ch\/\",\"name\":\"Parkgest\",\"description\":\"R\u00e9seau de parkings \u00e0 Gen\u00e8ve et Suisse romande\",\"potentialAction\":[{\"@type\":\"SearchAction\",\"target\":{\"@type\":\"EntryPoint\",\"urlTemplate\":\"https:\/\/www.parkgest.ch\/?s={search_term_string}\"},\"query-input\":\"required name=search_term_string\"}],\"inLanguage\":\"de\"}]}<\/script>\n<!-- \/ Yoast SEO plugin. -->","yoast_head_json":{"title":"Parkhaus Pr\u00e9-d\u2019Orsat | Parkgest","robots":{"index":"index","follow":"follow","max-snippet":"max-snippet:-1","max-image-preview":"max-image-preview:large","max-video-preview":"max-video-preview:-1"},"canonical":"https:\/\/www.parkgest.ch\/de\/wo-man-parken\/parkhaus-predorsat\/","og_locale":"de_DE","og_type":"article","og_title":"Parkhaus Pr\u00e9-d\u2019Orsat | Parkgest","og_description":"Willkommen auf dem Parkhaus Pr\u00e9-d\u2019Orsat Der Parkplatz Pr\u00e9-d\u2019Orsat befindet sich im Zentrum von Collonge-Bellerive, einer Wohngegend in der N\u00e4he von Genf. Die Tramlinien A, E und G Stra\u00dfenbahnlinien A, E und G sowie Buslinien 38 und E des \u00f6ffentlichen Nahverkehrs stellen die Anbindung zur Innenstadt von Genf sicher. H\u00f6he 2.15 m Geschwindigkeitsbegrenzung bei 10 km\/h [&hellip;]","og_url":"https:\/\/www.parkgest.ch\/de\/wo-man-parken\/parkhaus-predorsat\/","og_site_name":"Parkgest","article_modified_time":"2026-03-02T07:59:46+00:00","og_image":[{"width":1280,"height":960,"url":"https:\/\/www.parkgest.ch\/wp-content\/uploads\/IMG_1956-2.jpeg","type":"image\/jpeg"}],"twitter_misc":{"Gesch\u00e4tzte Lesezeit":"7\u00a0Minuten"},"schema":{"@context":"https:\/\/schema.org","@graph":[{"@type":"WebPage","@id":"https:\/\/www.parkgest.ch\/de\/wo-man-parken\/parkhaus-predorsat\/","url":"https:\/\/www.parkgest.ch\/de\/wo-man-parken\/parkhaus-predorsat\/","name":"Parkhaus Pr\u00e9-d\u2019Orsat | Parkgest","isPartOf":{"@id":"https:\/\/www.parkgest.ch\/#website"},"datePublished":"2019-01-21T02:48:12+00:00","dateModified":"2026-03-02T07:59:46+00:00","breadcrumb":{"@id":"https:\/\/www.parkgest.ch\/de\/wo-man-parken\/parkhaus-predorsat\/#breadcrumb"},"inLanguage":"de","potentialAction":[{"@type":"ReadAction","target":["https:\/\/www.parkgest.ch\/de\/wo-man-parken\/parkhaus-predorsat\/"]}]},{"@type":"BreadcrumbList","@id":"https:\/\/www.parkgest.ch\/de\/wo-man-parken\/parkhaus-predorsat\/#breadcrumb","itemListElement":[{"@type":"ListItem","position":1,"name":"Accueil","item":"https:\/\/www.parkgest.ch\/de\/"},{"@type":"ListItem","position":2,"name":"Wo kann ich parken?","item":"https:\/\/www.parkgest.ch\/de\/wo-man-parken\/"},{"@type":"ListItem","position":3,"name":"Parkhaus Pr\u00e9-d\u2019Orsat"}]},{"@type":"WebSite","@id":"https:\/\/www.parkgest.ch\/#website","url":"https:\/\/www.parkgest.ch\/","name":"Parkgest","description":"R\u00e9seau de parkings \u00e0 Gen\u00e8ve et Suisse romande","potentialAction":[{"@type":"SearchAction","target":{"@type":"EntryPoint","urlTemplate":"https:\/\/www.parkgest.ch\/?s={search_term_string}"},"query-input":"required name=search_term_string"}],"inLanguage":"de"}]}},"_links":{"self":[{"href":"https:\/\/www.parkgest.ch\/de\/wp-json\/wp\/v2\/pages\/4830"}],"collection":[{"href":"https:\/\/www.parkgest.ch\/de\/wp-json\/wp\/v2\/pages"}],"about":[{"href":"https:\/\/www.parkgest.ch\/de\/wp-json\/wp\/v2\/types\/page"}],"author":[{"embeddable":true,"href":"https:\/\/www.parkgest.ch\/de\/wp-json\/wp\/v2\/users\/5"}],"replies":[{"embeddable":true,"href":"https:\/\/www.parkgest.ch\/de\/wp-json\/wp\/v2\/comments?post=4830"}],"version-history":[{"count":49,"href":"https:\/\/www.parkgest.ch\/de\/wp-json\/wp\/v2\/pages\/4830\/revisions"}],"predecessor-version":[{"id":11293,"href":"https:\/\/www.parkgest.ch\/de\/wp-json\/wp\/v2\/pages\/4830\/revisions\/11293"}],"up":[{"embeddable":true,"href":"https:\/\/www.parkgest.ch\/de\/wp-json\/wp\/v2\/pages\/1281"}],"wp:featuredmedia":[{"embeddable":true,"href":"https:\/\/www.parkgest.ch\/de\/wp-json\/wp\/v2\/media\/5464"}],"wp:attachment":[{"href":"https:\/\/www.parkgest.ch\/de\/wp-json\/wp\/v2\/media?parent=4830"}],"wp:term":[{"taxonomy":"post_tag","embeddable":true,"href":"https:\/\/www.parkgest.ch\/de\/wp-json\/wp\/v2\/tags?post=4830"}],"curies":[{"name":"wp","href":"https:\/\/api.w.org\/{rel}","templated":true}]}}