{"id":4405,"date":"2018-01-17T15:03:20","date_gmt":"2018-01-17T14:03:20","guid":{"rendered":"http:\/\/www.parkgest.ch\/espace-xxl-2\/"},"modified":"2022-05-06T16:07:36","modified_gmt":"2022-05-06T15:07:36","slug":"espace-xxl","status":"publish","type":"page","link":"https:\/\/www.parkgest.ch\/de\/espace-xxl\/","title":{"rendered":"XXL-Fl\u00e4che, einzigartig in der Schweiz!"},"content":{"rendered":"<div class=\"pkg-article\">\n<div>\n<p>Das komplett renovierte XXL-Stockwerk, im 4. Untergeschoss des Parkhauses Parking du Mont-Blanc, bietet 250 sehr grossz\u00fcgige Stellpl\u00e4tze an. Diese 3,50 m breiten XXL-Pl\u00e4tze (50% mehr als normale Pl\u00e4tze) eignen sich besonders zum angenehmen Einparken. Das Parkhaus Parking du Mont-Blanc, das Vorzeige-Parkhaus von PARKGEST, ist das erste, das diesen W\u00fcnschen der Kunden Rechnung tr\u00e4gt. Diese verlangen gen\u00fcgend Platz, um leicht einparken zu k\u00f6nnen, egal, wie gross ihr Fahrzeug ist.<\/p>\n<p>Die zus\u00e4tzliche Fl\u00e4che erlaubt es zudem, sich mit mehr Komfort rund um das Fahrzeug zu bewegen, zum Beispiel beim Ein- oder Aussteigen sowie beim Ei- oder Ausladen. Lacksch\u00e4den werden so zus\u00e4tzlich vermieden.<\/p>\n<\/div>\n<div>\n<h2>Die XXL-Fl\u00e4che ist f\u00fcr alle offen<\/h2>\n<p>Zugang mit Tageskarte<br \/>\nBegeben Sie sich in das 4. Untergeschoss nachdem Sie ein Ticket am Haupteingang gel\u00f6st haben. Dort geben Sie das Ticket in den Automaten am Eingang der XXL-Fl\u00e4che ein. Mit diesem Ticket k\u00f6nnen Sie die Parkgeb\u00fchren an den automatischen Kassen der Fussg\u00e4ngerzonen Molard oder Fusterie bezahlen. Dasselbe Ticket wird dann am Ausgang der XXL-Fl\u00e4che und am Ausgang des Parkhauses eingelegt.<\/p>\n<\/div>\n<div>\n<h2>Ein XXL-Abonnement<\/h2>\n<p>W\u00fcnschen Sie einen dauerhaften Zugang zum XXL-Stockwerk?<\/p>\n<p>Buchen Sie Ihr Abonnement indem Sie auf den unteren Link klicken.<\/p>\n<p>Innerhalb von 48 Stunden (zwei Werktage) erhalten Sie eine Best\u00e4tigung.<br \/>\n<a class=\"acces\" href=\"http:\/\/www.parkgest.loc\/de\/dauerzugang\/\" target=\"_blank\" rel=\"noopener noreferrer\">Zugang Saisonkarte<\/a><\/p>\n<\/div>\n<div>\n<h2>St\u00e4ndiger Zugang<\/h2>\n<p>Beim Eingang zum XXL-Bereich im 4. Untergeschoss wird Ihre Karte aus der Ferne gelesen und die Schranken \u00f6ffnen sich.<\/p>\n<\/div>\n<\/div>\n<div id=\"accordionPkg\" class=\"accordion accordion-icon\"><div class=\"card\"><div class=\"card-header\" id=\"heading-1293159321\"><h2 class=\"mb-0\"><button class=\"btn btn-link btn-block text-left collapsed\" type=\"button\" data-toggle=\"collapse\" data-target=\"#collapse1293159321\" aria-expanded=\"false\" aria-controls=\"collapse2\"><span class=\"card-header-title\">Tageskarte: bezahlen Sie per Smartphone<\/span><i class=\"icon-arrow-down\"><\/i><\/button><\/h2><\/div><div id=\"collapse1293159321\" class=\"collapse\" aria-labelledby=\"heading1293159321\" data-parent=\"#accordionPkg\"><div class=\"card-body\"><p>Mit der App \u00ab\u2009Parking Mont-Blanc\u2009\u00bb kann man schnell und einfach die Parkgeb\u00fchren per Smartphone bezahlen.F\u00fcr die bedienerfreundliche App muss kein Konto er\u00f6ffnet werden. Sie erm\u00f6glicht einen rascheren Zahlvorgang, informiert in Echtzeit \u00fcber die verf\u00fcgbaren freien Pl\u00e4tze, leitet die Nutzer bis zum Parkplatz etc. Die bargeldlose Bezahlung erfolgt via PayPal-Konto. Man braucht dazu nur den Strichcode seines Tickets zu scannen: Die Summe wird angezeigt und ein Klick gen\u00fcgt, um die Transaktion zu t\u00e4tigen.<\/p>\n<p>Holen Sie ihr Fahrzeug und verlassen Sie das Parkhaus. Einfach und schnell!<\/p><\/div><\/div><\/div>\n<div class=\"card\"><div class=\"card-header\" id=\"heading-1659062979\"><h2 class=\"mb-0\"><button class=\"btn btn-link btn-block text-left collapsed\" type=\"button\" data-toggle=\"collapse\" data-target=\"#collapse1659062979\" aria-expanded=\"false\" aria-controls=\"collapse2\"><span class=\"card-header-title\">Fahrzeugwaschanlage im Parkhaus Parking du Mont-Blanc<\/span><i class=\"icon-arrow-down\"><\/i><\/button><\/h2><\/div><div id=\"collapse1659062979\" class=\"collapse\" aria-labelledby=\"heading1659062979\" data-parent=\"#accordionPkg\"><div class=\"card-body\"><p>Eine Fahrzeugwaschanlage auf 80 m2, im 1. Untergeschoss des Parking du Mont-Blanc, bietet Ihnen innerhalb nur einer Stunde eine vollst\u00e4ndige und gr\u00fcndliche Reinigung (innen und aussen) f\u00fcr Stadtautos bis hin zu aussergew\u00f6hnlichen Fahrzeugen. Die Preise sind attraktiv, von 29 CHF bis 149 CHF, und die Pflegemittel innovativ und umweltschonend. Das Team erwartet Sie von Montag bis Samstag zwischen 8.00 Uhr und 18.00 Uhr, ohne vorherige Reservierung.<\/p><\/div><\/div><\/div>\n<\/div>\n","protected":false},"excerpt":{"rendered":"<p>Das komplett renovierte XXL-Stockwerk, im 4. Untergeschoss des Parkhauses Parking du Mont-Blanc, bietet 250 sehr grossz\u00fcgige Stellpl\u00e4tze an. Diese 3,50 m breiten XXL-Pl\u00e4tze (50% mehr als normale Pl\u00e4tze) eignen sich besonders zum angenehmen Einparken. Das Parkhaus Parking du Mont-Blanc, das Vorzeige-Parkhaus von PARKGEST, ist das erste, das diesen W\u00fcnschen der Kunden Rechnung tr\u00e4gt. Diese verlangen [&hellip;]<\/p>\n","protected":false},"author":5,"featured_media":7594,"parent":0,"menu_order":0,"comment_status":"closed","ping_status":"closed","template":"places.php","meta":{"footnotes":""},"tags":[],"yoast_head":"<!-- This site is optimized with the Yoast SEO plugin v21.8 - https:\/\/yoast.com\/wordpress\/plugins\/seo\/ -->\n<title>XXL-Fl\u00e4che, einzigartig in der Schweiz! | Parkgest<\/title>\n<meta name=\"robots\" content=\"index, follow, max-snippet:-1, max-image-preview:large, max-video-preview:-1\" \/>\n<link rel=\"canonical\" href=\"https:\/\/www.parkgest.ch\/de\/espace-xxl\/\" \/>\n<meta property=\"og:locale\" content=\"de_DE\" \/>\n<meta property=\"og:type\" content=\"article\" \/>\n<meta property=\"og:title\" content=\"XXL-Fl\u00e4che, einzigartig in der Schweiz! | Parkgest\" \/>\n<meta property=\"og:description\" content=\"Das komplett renovierte XXL-Stockwerk, im 4. Untergeschoss des Parkhauses Parking du Mont-Blanc, bietet 250 sehr grossz\u00fcgige Stellpl\u00e4tze an. Diese 3,50 m breiten XXL-Pl\u00e4tze (50% mehr als normale Pl\u00e4tze) eignen sich besonders zum angenehmen Einparken. Das Parkhaus Parking du Mont-Blanc, das Vorzeige-Parkhaus von PARKGEST, ist das erste, das diesen W\u00fcnschen der Kunden Rechnung tr\u00e4gt. Diese verlangen [&hellip;]\" \/>\n<meta property=\"og:url\" content=\"https:\/\/www.parkgest.ch\/de\/espace-xxl\/\" \/>\n<meta property=\"og:site_name\" content=\"Parkgest\" \/>\n<meta property=\"article:modified_time\" content=\"2022-05-06T15:07:36+00:00\" \/>\n<meta property=\"og:image\" content=\"https:\/\/www.parkgest.ch\/wp-content\/uploads\/places-XXL.png\" \/>\n\t<meta property=\"og:image:width\" content=\"2000\" \/>\n\t<meta property=\"og:image:height\" content=\"1125\" \/>\n\t<meta property=\"og:image:type\" content=\"image\/png\" \/>\n<meta name=\"twitter:label1\" content=\"Gesch\u00e4tzte Lesezeit\" \/>\n\t<meta name=\"twitter:data1\" content=\"2\u00a0Minuten\" \/>\n<script type=\"application\/ld+json\" class=\"yoast-schema-graph\">{\"@context\":\"https:\/\/schema.org\",\"@graph\":[{\"@type\":\"WebPage\",\"@id\":\"https:\/\/www.parkgest.ch\/de\/espace-xxl\/\",\"url\":\"https:\/\/www.parkgest.ch\/de\/espace-xxl\/\",\"name\":\"XXL-Fl\u00e4che, einzigartig in der Schweiz! | Parkgest\",\"isPartOf\":{\"@id\":\"https:\/\/www.parkgest.ch\/#website\"},\"datePublished\":\"2018-01-17T14:03:20+00:00\",\"dateModified\":\"2022-05-06T15:07:36+00:00\",\"breadcrumb\":{\"@id\":\"https:\/\/www.parkgest.ch\/de\/espace-xxl\/#breadcrumb\"},\"inLanguage\":\"de\",\"potentialAction\":[{\"@type\":\"ReadAction\",\"target\":[\"https:\/\/www.parkgest.ch\/de\/espace-xxl\/\"]}]},{\"@type\":\"BreadcrumbList\",\"@id\":\"https:\/\/www.parkgest.ch\/de\/espace-xxl\/#breadcrumb\",\"itemListElement\":[{\"@type\":\"ListItem\",\"position\":1,\"name\":\"Accueil\",\"item\":\"https:\/\/www.parkgest.ch\/de\/\"},{\"@type\":\"ListItem\",\"position\":2,\"name\":\"XXL-Fl\u00e4che, einzigartig in der Schweiz!\"}]},{\"@type\":\"WebSite\",\"@id\":\"https:\/\/www.parkgest.ch\/#website\",\"url\":\"https:\/\/www.parkgest.ch\/\",\"name\":\"Parkgest\",\"description\":\"R\u00e9seau de parkings \u00e0 Gen\u00e8ve et Suisse romande\",\"potentialAction\":[{\"@type\":\"SearchAction\",\"target\":{\"@type\":\"EntryPoint\",\"urlTemplate\":\"https:\/\/www.parkgest.ch\/?s={search_term_string}\"},\"query-input\":\"required name=search_term_string\"}],\"inLanguage\":\"de\"}]}<\/script>\n<!-- \/ Yoast SEO plugin. -->","yoast_head_json":{"title":"XXL-Fl\u00e4che, einzigartig in der Schweiz! | Parkgest","robots":{"index":"index","follow":"follow","max-snippet":"max-snippet:-1","max-image-preview":"max-image-preview:large","max-video-preview":"max-video-preview:-1"},"canonical":"https:\/\/www.parkgest.ch\/de\/espace-xxl\/","og_locale":"de_DE","og_type":"article","og_title":"XXL-Fl\u00e4che, einzigartig in der Schweiz! | Parkgest","og_description":"Das komplett renovierte XXL-Stockwerk, im 4. Untergeschoss des Parkhauses Parking du Mont-Blanc, bietet 250 sehr grossz\u00fcgige Stellpl\u00e4tze an. Diese 3,50 m breiten XXL-Pl\u00e4tze (50% mehr als normale Pl\u00e4tze) eignen sich besonders zum angenehmen Einparken. Das Parkhaus Parking du Mont-Blanc, das Vorzeige-Parkhaus von PARKGEST, ist das erste, das diesen W\u00fcnschen der Kunden Rechnung tr\u00e4gt. Diese verlangen [&hellip;]","og_url":"https:\/\/www.parkgest.ch\/de\/espace-xxl\/","og_site_name":"Parkgest","article_modified_time":"2022-05-06T15:07:36+00:00","og_image":[{"width":2000,"height":1125,"url":"https:\/\/www.parkgest.ch\/wp-content\/uploads\/places-XXL.png","type":"image\/png"}],"twitter_misc":{"Gesch\u00e4tzte Lesezeit":"2\u00a0Minuten"},"schema":{"@context":"https:\/\/schema.org","@graph":[{"@type":"WebPage","@id":"https:\/\/www.parkgest.ch\/de\/espace-xxl\/","url":"https:\/\/www.parkgest.ch\/de\/espace-xxl\/","name":"XXL-Fl\u00e4che, einzigartig in der Schweiz! | Parkgest","isPartOf":{"@id":"https:\/\/www.parkgest.ch\/#website"},"datePublished":"2018-01-17T14:03:20+00:00","dateModified":"2022-05-06T15:07:36+00:00","breadcrumb":{"@id":"https:\/\/www.parkgest.ch\/de\/espace-xxl\/#breadcrumb"},"inLanguage":"de","potentialAction":[{"@type":"ReadAction","target":["https:\/\/www.parkgest.ch\/de\/espace-xxl\/"]}]},{"@type":"BreadcrumbList","@id":"https:\/\/www.parkgest.ch\/de\/espace-xxl\/#breadcrumb","itemListElement":[{"@type":"ListItem","position":1,"name":"Accueil","item":"https:\/\/www.parkgest.ch\/de\/"},{"@type":"ListItem","position":2,"name":"XXL-Fl\u00e4che, einzigartig in der Schweiz!"}]},{"@type":"WebSite","@id":"https:\/\/www.parkgest.ch\/#website","url":"https:\/\/www.parkgest.ch\/","name":"Parkgest","description":"R\u00e9seau de parkings \u00e0 Gen\u00e8ve et Suisse romande","potentialAction":[{"@type":"SearchAction","target":{"@type":"EntryPoint","urlTemplate":"https:\/\/www.parkgest.ch\/?s={search_term_string}"},"query-input":"required name=search_term_string"}],"inLanguage":"de"}]}},"_links":{"self":[{"href":"https:\/\/www.parkgest.ch\/de\/wp-json\/wp\/v2\/pages\/4405"}],"collection":[{"href":"https:\/\/www.parkgest.ch\/de\/wp-json\/wp\/v2\/pages"}],"about":[{"href":"https:\/\/www.parkgest.ch\/de\/wp-json\/wp\/v2\/types\/page"}],"author":[{"embeddable":true,"href":"https:\/\/www.parkgest.ch\/de\/wp-json\/wp\/v2\/users\/5"}],"replies":[{"embeddable":true,"href":"https:\/\/www.parkgest.ch\/de\/wp-json\/wp\/v2\/comments?post=4405"}],"version-history":[{"count":1,"href":"https:\/\/www.parkgest.ch\/de\/wp-json\/wp\/v2\/pages\/4405\/revisions"}],"predecessor-version":[{"id":7596,"href":"https:\/\/www.parkgest.ch\/de\/wp-json\/wp\/v2\/pages\/4405\/revisions\/7596"}],"wp:featuredmedia":[{"embeddable":true,"href":"https:\/\/www.parkgest.ch\/de\/wp-json\/wp\/v2\/media\/7594"}],"wp:attachment":[{"href":"https:\/\/www.parkgest.ch\/de\/wp-json\/wp\/v2\/media?parent=4405"}],"wp:term":[{"taxonomy":"post_tag","embeddable":true,"href":"https:\/\/www.parkgest.ch\/de\/wp-json\/wp\/v2\/tags?post=4405"}],"curies":[{"name":"wp","href":"https:\/\/api.w.org\/{rel}","templated":true}]}}