{"id":3303,"date":"2016-11-16T13:18:48","date_gmt":"2016-11-16T12:18:48","guid":{"rendered":"http:\/\/www.parkgest.ch\/bornes-electriques-2\/"},"modified":"2025-10-30T07:57:24","modified_gmt":"2025-10-30T06:57:24","slug":"ladesaulen-fur-elektrofahrzeuge","status":"publish","type":"page","link":"https:\/\/www.parkgest.ch\/de\/ladesaulen-fur-elektrofahrzeuge\/","title":{"rendered":"Lades\u00e4ulen f\u00fcr Elektrofahrzeuge"},"content":{"rendered":"<div>\nIm Jahr 2023 machen alternative Antriebe \u00ac Elektro, Hybrid, Gas und Wasserstoff \u00ac 54,9 % aller Neuzulassungen in der Schweiz und im F\u00fcrstentum Liechtenstein und damit den gr\u00f6sseren Teil des Marktes aus. In Genf f\u00f6rdert der Staat den Ausbau der Ladeinfrastruktur und best\u00e4rkt die B\u00fcrger darin, auf diese neue Art der Mobilit\u00e4t umzusteigen. Der Reduzierung des Gesamtenergieverbrauchs und der CO2*-Emissionen verpflichtet, stellt PARKGEST seinen Kunden in neun seiner Parkh\u00e4user Elektro-Ladestationen zu wettbewerbsf\u00e4higen Preisen zur Verf\u00fcgung. Die Ladefl\u00e4chen und -pl\u00e4tze sind durch ein Piktogramm gekennzeichnet und geh\u00f6ren je nach Parkplatz zum evpass-, SIG-Move- oder swisscharge-Netzwerk.<\/p>\n<p>Um den Bed\u00fcrfnissen unserer Kunden mit Elektrofahrzeugen gerecht zu werden und aktiv dazu beizutragen, dass die Emissionen von Treibhausgasen durch den Strassenverkehr reduziert werden, bieten 11 unserer Parkh\u00e4user Lades\u00e4ulen f\u00fcr den Elektroantrieb an.<\/p>\n<p>* Die PARKGEST-Gruppe ist 2023 als Preistr\u00e4ger der SIG Energy Transition Trophies in der Kategorie \u00abGrossunternehmen\u00bb ausgezeichnet worden : <a href=\"https:\/\/newsroom.parkgest.ch\/le-groupe-parkgest-prime-au-trophee-sig-de-la-transition-energetique-categorie-grandes-entreprises-2023\/\" rel=\"noopener\" target=\"_blank\">Article lesen<\/a><\/p>\n<\/div>\n<h2>Unser Lades\u00e4ulen-Netzwerk<\/h2>\n<div>\n<p>11 Parkh\u00e4user von PARKGEST verf\u00fcgen \u00fcber Stromlades\u00e4ulen f\u00fcr Elektrofahrzeuge:<\/p>\n<ul style=\"margin-top: -1rem;\">\n<li>\u2013 Parkhaus Les Atmosph\u00e8re : 24 Lades\u00e4ulen<\/li>\n<li>\u2013 Parkhaus Le Chat : 8 Lades\u00e4ulen<\/li>\n<li>\u2013 Parkhaus District : 14 Lades\u00e4ulen<\/li>\n<li>&#8211; Parkhaus Esplanade : 2 Lades\u00e4ulen<\/li>\n<li>\u2013 Parkhaus Fabriques : 2 Lades\u00e4ulen<\/li>\n<li>\u2013 Parkhaus Ilot Sud Morges : 13 Lades\u00e4ulen<\/li>\n<li>\u2013 Parkhaus Mont-Blanc\u2009: 8 Lades\u00e4ulen<\/li>\n<li>\u2013 Parkhaus Pr\u00e9-d\u2019Orsat : 2 Lades\u00e4ulen<\/li>\n<li>\u2013 Parkhaus Les Rayes\u2009: 2 Lades\u00e4ulen<\/li>\n<li>\u2013 Parkhaus Vand\u0153uvres\u2009: 2 Lades\u00e4ulen<\/li>\n<li>\u2013 Parkhaus Villereuse\u2009: 6 Lades\u00e4ulen<\/li>\n<\/ul>\n<\/div>\n<hr \/>\n<h2>Parkhaus Les Atmosph\u00e8re <\/h2>\n<article>\n<b>Ladestation<\/b> : MOVE AC 22<br \/>\n<b>Anzahl Steckdosen : 24<\/b> auf Ebene \u20131<br \/>\n<b>Fahrzeuge :<\/b> alle Elektrofahrzeuge mit Ausnahme von Zweir\u00e4dern Steckdosentyp und<br \/>\n<b>Leistung :<\/b> Kabel Typ 2 (AC) Steht nicht zur Verf\u00fcgung &#8211; Leistung bis zu 22 kWh<br \/>\n<b>Operator :<\/b> SIG MOVE<br \/>\n<b>Beschr\u00e4nkungen :<\/b> maximale Ladezeit 6 Stunden zwischen 7.00 und 19.00 Uhr, damit die S\u00e4ulen f\u00fcr alle nutzbar bleiben. Muss w\u00e4hrend des Parkens aufgeladen werden.<br \/>\n<b>&nbsp;<\/b><br \/>\n<\/article>\n<p><a title=\"Lesen Sie mehr \u00fcber das Parkhaus Les Atmosph\u00e8re\" href=\"https:\/\/www.parkgest.ch\/de\/wo-man-parken\/parkhaus-les-atmospheres\/\">Lesen Sie mehr \u00fcber das Parkhaus Les Atmosph\u00e8re<\/a><\/p>\n<hr \/>\n<h2>Parkhaus Le Chat <\/h2>\n<article>\n<b>Ladestation<\/b> : MOVE AC 22<br \/>\n<b>Anzahl Steckdosen : 8<\/b><br \/>\n<b>Fahrzeuge :<\/b> alle Elektrofahrzeuge mit Ausnahme von Zweir\u00e4dern Steckdosentyp und<br \/>\n<b>Leistung :<\/b> Kabel Typ 2 (AC) Steht nicht zur Verf\u00fcgung &#8211; Leistung bis zu 22 kWh<br \/>\n<b>Operator :<\/b> SIG MOVE<br \/>\n<b>Beschr\u00e4nkungen :<\/b> Muss w\u00e4hrend des Parkens aufgeladen werden.<br \/>\n<b>&nbsp;<\/b><br \/>\n<b>&nbsp;<\/b><br \/>\n<\/article>\n<p><a title=\"Lesen Sie mehr \u00fcber das Parkhaus Le District\" href=\"https:\/\/www.parkgest.ch\/de\/wo-man-parken\/du-chat-parkplatz\/\">Lesen Sie mehr \u00fcber das Parkhaus Le Chat<\/a><\/p>\n<hr \/>\n<h2>Parkhaus Le District<\/h2>\n<article>\n<b>Ladestation<\/b> : MOVE AC 22<br \/>\n<b>Anzahl Steckdosen : 14<\/b> (nur f\u00fcr Abonnenten) Ebene 2<br \/>\n<b>Fahrzeuge :<\/b> alle Elektrofahrzeuge mit Ausnahme von Zweir\u00e4dern Steckdosentyp und<br \/>\n<b>Leistung :<\/b> Kabel Typ 2 (AC) Steht nicht zur Verf\u00fcgung &#8211; Leistung bis zu 22 kWh<br \/>\n<b>Operator:<\/b> SIG MOVE<br \/>\n<b>Beschr\u00e4nkungen :<\/b> maximale Ladezeit 6 Stunden zwischen 7.00 und 19.00 Uhr, damit die S\u00e4ulen f\u00fcr alle nutzbar bleiben. Muss w\u00e4hrend des Parkens aufgeladen werden.<\/article>\n<p><a title=\"Lesen Sie mehr \u00fcber das Parkhaus Le District\" href=\"https:\/\/www.parkgest.ch\/de\/wo-man-parken\/parkhaus-le-district\/\">Lesen Sie mehr \u00fcber das Parkhaus Le District<\/a><\/p>\n<hr \/>\n<h2>Parkhaus Esplanade<\/h2>\n<article>\n<b>Anzahl der Steckdosen<\/b>: 2 an den Pl\u00e4tzen 26 und 27 auf Ebene \u20131<br \/>\n<b>Fahrzeuge :<\/b> alle Elektrofahrzeuge<br \/>\n<b>Leistung :<\/b> Kable Typ CSS &#038; Chademo &#8211; Leistung bis zu 22 kWh<br \/>\n<b>Operator :<\/b> eCarUp<br \/>\n<b>Beschr\u00e4nkungen :<\/b> maximale Ladezeit 6 Stunden zwischen 7.00 und 19.00 Uhr, damit die S\u00e4ulen f\u00fcr alle nutzbar bleiben. Muss w\u00e4hrend des Parkens aufgeladen werden.<\/article>\n<p><a title=\"Lesen Sie mehr \u00fcber das Parkhaus Esplanade\" href=\"https:\/\/www.parkgest.ch\/de\/wo-man-parken\/parkhaus-esplanade\/\">Lesen Sie mehr \u00fcber das Parkhaus Esplanade<\/a><\/p>\n<hr \/>\n<h2>Parkhaus Les Fabriques<\/h2>\n<article>\n<b>Ladestation<\/b> : MOVE AC 22<br \/>\n<b>Anzahl Steckdosen : 2<\/b> Ebene 2<br \/>\n<b>Fahrzeuge :<\/b> alle Elektrofahrzeuge mit Ausnahme von Zweir\u00e4dern Steckdosentyp und<br \/>\n<b>Leistung :<\/b> Kabel Typ 2 (AC) Steht nicht zur Verf\u00fcgung &#8211; Leistung bis zu 22 kWh<br \/>\n<b>Operator :<\/b> SIG MOVE<br \/>\n<b>Beschr\u00e4nkungen :<\/b> maximale Ladezeit 6 Stunden zwischen 7.00 und 19.00 Uhr, damit die S\u00e4ulen f\u00fcr alle nutzbar bleiben. Muss w\u00e4hrend des Parkens aufgeladen werden.<\/article>\n<p><a title=\"Lesen Sie mehr \u00fcber das Parkhaus Les Fabriques\" href=\"https:\/\/www.parkgest.ch\/de\/wo-man-parken\/parkhaus-les-fabriques\/\">Lesen Sie mehr \u00fcber das Parkhaus Les Fabriques<\/a><\/p>\n<hr \/>\n<h2>Parkhaus Ilot Sud Morges<\/h2>\n<article>\n<b>Ladestation<\/b> : Zaptec AC 22<br \/>\n<b>Anzahl Steckdosen : 13<\/b> (nur f\u00fcr Abonnenten) Ebene 1 und 2<br \/>\n<b>Fahrzeuge :<\/b> alle Elektrofahrzeuge mit Ausnahme von Zweir\u00e4dern Steckdosentyp und<br \/>\n<b>Leistung :<\/b> Kabel Typ 2 (AC) Steht nicht zur Verf\u00fcgung &#8211; Leistung bis zu 22 kWh<br \/>\n<b>Operator :<\/b> Swisscharge<br \/>\n<b>Beschr\u00e4nkungen :<\/b> maximale Ladezeit 6 Stunden zwischen 7.00 und 19.00 Uhr, damit die S\u00e4ulen f\u00fcr alle nutzbar bleiben. Muss w\u00e4hrend des Parkens aufgeladen werden.<\/article>\n<p><a title=\"Lesen Sie mehr \u00fcber das Parkhaus Ilot Sud Morges\" href=\"https:\/\/www.parkgest.ch\/de\/wo-man-parken\/parkhaus-ilot-sud-morges\/\">Lesen Sie mehr \u00fcber das Parkhaus Ilot Sud Morges<\/a><\/p>\n<hr \/>\n<h2>Parkhaus Mont-Blanc<\/h2>\n<article>\n<b>Ladestation<\/b> : Green Motion AC 22<br \/>\n<b>Anzahl Steckdosen : 8<\/b> auf der Ebene 1, 2, 3, und 4 nahe des Fussg\u00e4ngerausgangs Fusterie<br \/>\n<b>Fahrzeuge :<\/b> alle Elektrofahrzeuge mit Ausnahme von Zweir\u00e4dern<br \/>\n<b>Steckdosentyp und Leistung : <\/b>Schweizerisches Hausnetz \u2014 Leistung : 3,7 kWh | Kabel Typ 1 \u2014 Leistung : 7 kWh | Kabel Typ 2 \u2014 Leistung bis zu 22 kWh<br \/>\n<b>Operator :<\/b> eCarUp<br \/>\n<b>Beschr\u00e4nkungen :<\/b> maximale Ladezeit 6 Stunden damit die S\u00e4ulen f\u00fcr alle nutzbar bleiben.<br \/>\n<b>&nbsp;<\/b><br \/>\n<b>&nbsp;<\/b><br \/>\n<\/article>\n<p><a title=\"Lesen Sie mehr \u00fcber das Parkhaus Mont-Blanc\" href=\"https:\/\/www.parkgest.ch\/de\/wo-man-parken\/mont-blanc-parkplatz-2\/\">Lesen Sie mehr \u00fcber das Parkhaus Mont-Blanc<\/a><\/p>\n<hr \/>\n<h2>Parkhaus Pr\u00e9-d\u2019Orsat<\/h2>\n<article>\n<b>Ladestation<\/b> : Green Motion AC 22<br \/>\n<b>Anzahl Steckdosen : 2<\/b> Ebene 2<br \/>\n<b>Fahrzeuge :<\/b> alle Elektrofahrzeuge mit Ausnahme von Zweir\u00e4dern Steckdosentyp und<br \/>\n<b>Leistung :<\/b> Kabel Typ 1 \u2014 Leistung : 7 kWh | Kabel Typ 2 \u2014 Leistung bis zu 22 kWh<br \/>\n<b>Operator :<\/b> eCarUp<br \/>\n<b>Beschr\u00e4nkungen :<\/b> maximale Ladezeit 6 Stunden zwischen 7.00 und 19.00 Uhr, damit die S\u00e4ulen f\u00fcr alle nutzbar bleiben. Muss w\u00e4hrend des Parkens aufgeladen werden.<\/article>\n<p><a title=\"Lesen Sie mehr \u00fcber das Parkhaus Pr\u00e9-d\u2019Orsat\" href=\"https:\/\/www.parkgest.ch\/de\/wo-man-parken\/parkhaus-predorsat\/\">Lesen Sie mehr \u00fcber das Parkhaus Pr\u00e9-d\u2019Orsat<\/a><\/p>\n<hr \/>\n<h2>Parkhaus Les Rayes<\/h2>\n<article>\n<b>Ladestation<\/b> : Green Motion AC 22<br \/>\n<b>Anzahl Steckdosen : 2<\/b> Lades\u00e4ulen auf der Ebene 1<br \/>\n<b>Fahrzeuge :<\/b> alle Elektrofahrzeuge mit Ausnahme von Zweir\u00e4dern<br \/>\n<b>Steckdosentyp und Leistung : <\/b>Kabel Typ 1 \u2014 Leistung : 7 kWh Kabel Typ 2 \u2014 Leistung bis zu 22 kWh<br \/>\n<b>Operator :<\/b> eCarUp<br \/>\n<b>Beschr\u00e4nkungen :<\/b> maximale Ladezeit 6 Stunden damit die S\u00e4ulen f\u00fcr alle nutzbar bleiben.<\/article>\n<p><a title=\"Lesen Sie mehr \u00fcber das Parkhaus Les Rayes\" href=\"https:\/\/www.parkgest.ch\/de\/wo-man-parken\/des-rayes-parkplatz\/\">Lesen Sie mehr \u00fcber das Parkhaus Les Rayes.<\/a><\/p>\n<hr \/>\n<h2>Parkhaus Vand\u0153uvres<\/h2>\n<article>\n<b>Ladestation<\/b> : Green Motion AC 22<br \/>\n<b>Anzahl Steckdosen : 2<\/b> Lades\u00e4ulen auf der Ebene -1<br \/>\n<b>Fahrzeuge :<\/b> alle Elektrofahrzeuge<br \/>\n<b>Steckdosentyp und Leistung : <\/b>Schweizerisches Hausnetz \u2014 Leistung : 3,7 kWh. | Kabel Typ 1 \u2014 Leistung : 7 kWh | Kabel Typ 2 \u2014 Leistung bis zu 22 kWh<br \/>\n<b style=\"margin-top: 15px;\">Operator : <\/b> eCarUp<br \/>\n<b>Beschr\u00e4nkungen :<\/b> maximale Ladezeit 6 Stunden damit die S\u00e4ulen f\u00fcr alle nutzbar bleiben.<\/article>\n<p><a title=\"Lesen Sie mehr \u00fcber das Parkhaus Vand\u0153uvres\" href=\"https:\/\/www.parkgest.ch\/de\/wo-man-parken\/parkhaus-vand\u0153uvres\/\">Lesen Sie mehr \u00fcber das Parkhaus Vand\u0153uvres.<\/a><\/p>\n<hr \/>\n<h2>Parking de Villereuse<\/h2>\n<article>\n<b>Ladestation<\/b> : Green Motion AC 22<br \/>\n<b>Anzahl Steckdosen : 4<\/b> Lades\u00e4ulen auf der Ebene -1<br \/>\n<b>Fahrzeuge :<\/b> alle Elektrofahrzeuge mit Ausnahme zweir\u00e4driger<br \/>\n<b>Steckdosentyp und Leistung : <\/b>Kabel Typ 1 \u2014 Leistung : 7 kWh | Kabel Typ 2 \u2014 Leistung bis zu 22 kWh<br \/>\n<b>Operator : <\/b> e CarUp<br \/>\n<b>Beschr\u00e4nkungen :<\/b> maximale Ladezeit 6 Stunden damit die S\u00e4ulen f\u00fcr alle nutzbar bleiben.<\/article>\n<p><a title=\"Lesen Sie mehr \u00fcber das Parkhaus Villereuse\" href=\"https:\/\/www.parkgest.ch\/de\/wo-man-parken\/villereuse-parkplatz\/\">Lesen Sie mehr \u00fcber das Parkhaus Villereuse.<\/a><\/p>\n","protected":false},"excerpt":{"rendered":"<p>Im Jahr 2023 machen alternative Antriebe \u00ac Elektro, Hybrid, Gas und Wasserstoff \u00ac 54,9 % aller Neuzulassungen in der Schweiz und im F\u00fcrstentum Liechtenstein und damit den gr\u00f6sseren Teil des Marktes aus. In Genf f\u00f6rdert der Staat den Ausbau der Ladeinfrastruktur und best\u00e4rkt die B\u00fcrger darin, auf diese neue Art der Mobilit\u00e4t umzusteigen. Der Reduzierung [&hellip;]<\/p>\n","protected":false},"author":5,"featured_media":5637,"parent":0,"menu_order":0,"comment_status":"closed","ping_status":"closed","template":"places.php","meta":{"footnotes":""},"tags":[],"yoast_head":"<!-- This site is optimized with the Yoast SEO plugin v21.8 - https:\/\/yoast.com\/wordpress\/plugins\/seo\/ -->\n<title>Lades\u00e4ulen f\u00fcr Elektrofahrzeuge | Parkgest<\/title>\n<meta name=\"robots\" content=\"index, follow, max-snippet:-1, max-image-preview:large, max-video-preview:-1\" \/>\n<link rel=\"canonical\" href=\"https:\/\/www.parkgest.ch\/de\/ladesaulen-fur-elektrofahrzeuge\/\" \/>\n<meta property=\"og:locale\" content=\"de_DE\" \/>\n<meta property=\"og:type\" content=\"article\" \/>\n<meta property=\"og:title\" content=\"Lades\u00e4ulen f\u00fcr Elektrofahrzeuge | Parkgest\" \/>\n<meta property=\"og:description\" content=\"Im Jahr 2023 machen alternative Antriebe \u00ac Elektro, Hybrid, Gas und Wasserstoff \u00ac 54,9 % aller Neuzulassungen in der Schweiz und im F\u00fcrstentum Liechtenstein und damit den gr\u00f6sseren Teil des Marktes aus. In Genf f\u00f6rdert der Staat den Ausbau der Ladeinfrastruktur und best\u00e4rkt die B\u00fcrger darin, auf diese neue Art der Mobilit\u00e4t umzusteigen. Der Reduzierung [&hellip;]\" \/>\n<meta property=\"og:url\" content=\"https:\/\/www.parkgest.ch\/de\/ladesaulen-fur-elektrofahrzeuge\/\" \/>\n<meta property=\"og:site_name\" content=\"Parkgest\" \/>\n<meta property=\"article:modified_time\" content=\"2025-10-30T06:57:24+00:00\" \/>\n<meta property=\"og:image\" content=\"https:\/\/www.parkgest.ch\/wp-content\/uploads\/parkgest_19_choix-132-page-v\u00e9hicules-elec.jpg\" \/>\n\t<meta property=\"og:image:width\" content=\"2000\" \/>\n\t<meta property=\"og:image:height\" content=\"1125\" \/>\n\t<meta property=\"og:image:type\" content=\"image\/jpeg\" \/>\n<meta name=\"twitter:label1\" content=\"Gesch\u00e4tzte Lesezeit\" \/>\n\t<meta name=\"twitter:data1\" content=\"6\u00a0Minuten\" \/>\n<script type=\"application\/ld+json\" class=\"yoast-schema-graph\">{\"@context\":\"https:\/\/schema.org\",\"@graph\":[{\"@type\":\"WebPage\",\"@id\":\"https:\/\/www.parkgest.ch\/de\/ladesaulen-fur-elektrofahrzeuge\/\",\"url\":\"https:\/\/www.parkgest.ch\/de\/ladesaulen-fur-elektrofahrzeuge\/\",\"name\":\"Lades\u00e4ulen f\u00fcr Elektrofahrzeuge | Parkgest\",\"isPartOf\":{\"@id\":\"https:\/\/www.parkgest.ch\/#website\"},\"datePublished\":\"2016-11-16T12:18:48+00:00\",\"dateModified\":\"2025-10-30T06:57:24+00:00\",\"breadcrumb\":{\"@id\":\"https:\/\/www.parkgest.ch\/de\/ladesaulen-fur-elektrofahrzeuge\/#breadcrumb\"},\"inLanguage\":\"de\",\"potentialAction\":[{\"@type\":\"ReadAction\",\"target\":[\"https:\/\/www.parkgest.ch\/de\/ladesaulen-fur-elektrofahrzeuge\/\"]}]},{\"@type\":\"BreadcrumbList\",\"@id\":\"https:\/\/www.parkgest.ch\/de\/ladesaulen-fur-elektrofahrzeuge\/#breadcrumb\",\"itemListElement\":[{\"@type\":\"ListItem\",\"position\":1,\"name\":\"Accueil\",\"item\":\"https:\/\/www.parkgest.ch\/de\/\"},{\"@type\":\"ListItem\",\"position\":2,\"name\":\"Lades\u00e4ulen f\u00fcr Elektrofahrzeuge\"}]},{\"@type\":\"WebSite\",\"@id\":\"https:\/\/www.parkgest.ch\/#website\",\"url\":\"https:\/\/www.parkgest.ch\/\",\"name\":\"Parkgest\",\"description\":\"R\u00e9seau de parkings \u00e0 Gen\u00e8ve et Suisse romande\",\"potentialAction\":[{\"@type\":\"SearchAction\",\"target\":{\"@type\":\"EntryPoint\",\"urlTemplate\":\"https:\/\/www.parkgest.ch\/?s={search_term_string}\"},\"query-input\":\"required name=search_term_string\"}],\"inLanguage\":\"de\"}]}<\/script>\n<!-- \/ Yoast SEO plugin. -->","yoast_head_json":{"title":"Lades\u00e4ulen f\u00fcr Elektrofahrzeuge | Parkgest","robots":{"index":"index","follow":"follow","max-snippet":"max-snippet:-1","max-image-preview":"max-image-preview:large","max-video-preview":"max-video-preview:-1"},"canonical":"https:\/\/www.parkgest.ch\/de\/ladesaulen-fur-elektrofahrzeuge\/","og_locale":"de_DE","og_type":"article","og_title":"Lades\u00e4ulen f\u00fcr Elektrofahrzeuge | Parkgest","og_description":"Im Jahr 2023 machen alternative Antriebe \u00ac Elektro, Hybrid, Gas und Wasserstoff \u00ac 54,9 % aller Neuzulassungen in der Schweiz und im F\u00fcrstentum Liechtenstein und damit den gr\u00f6sseren Teil des Marktes aus. In Genf f\u00f6rdert der Staat den Ausbau der Ladeinfrastruktur und best\u00e4rkt die B\u00fcrger darin, auf diese neue Art der Mobilit\u00e4t umzusteigen. Der Reduzierung [&hellip;]","og_url":"https:\/\/www.parkgest.ch\/de\/ladesaulen-fur-elektrofahrzeuge\/","og_site_name":"Parkgest","article_modified_time":"2025-10-30T06:57:24+00:00","og_image":[{"width":2000,"height":1125,"url":"https:\/\/www.parkgest.ch\/wp-content\/uploads\/parkgest_19_choix-132-page-v\u00e9hicules-elec.jpg","type":"image\/jpeg"}],"twitter_misc":{"Gesch\u00e4tzte Lesezeit":"6\u00a0Minuten"},"schema":{"@context":"https:\/\/schema.org","@graph":[{"@type":"WebPage","@id":"https:\/\/www.parkgest.ch\/de\/ladesaulen-fur-elektrofahrzeuge\/","url":"https:\/\/www.parkgest.ch\/de\/ladesaulen-fur-elektrofahrzeuge\/","name":"Lades\u00e4ulen f\u00fcr Elektrofahrzeuge | Parkgest","isPartOf":{"@id":"https:\/\/www.parkgest.ch\/#website"},"datePublished":"2016-11-16T12:18:48+00:00","dateModified":"2025-10-30T06:57:24+00:00","breadcrumb":{"@id":"https:\/\/www.parkgest.ch\/de\/ladesaulen-fur-elektrofahrzeuge\/#breadcrumb"},"inLanguage":"de","potentialAction":[{"@type":"ReadAction","target":["https:\/\/www.parkgest.ch\/de\/ladesaulen-fur-elektrofahrzeuge\/"]}]},{"@type":"BreadcrumbList","@id":"https:\/\/www.parkgest.ch\/de\/ladesaulen-fur-elektrofahrzeuge\/#breadcrumb","itemListElement":[{"@type":"ListItem","position":1,"name":"Accueil","item":"https:\/\/www.parkgest.ch\/de\/"},{"@type":"ListItem","position":2,"name":"Lades\u00e4ulen f\u00fcr Elektrofahrzeuge"}]},{"@type":"WebSite","@id":"https:\/\/www.parkgest.ch\/#website","url":"https:\/\/www.parkgest.ch\/","name":"Parkgest","description":"R\u00e9seau de parkings \u00e0 Gen\u00e8ve et Suisse romande","potentialAction":[{"@type":"SearchAction","target":{"@type":"EntryPoint","urlTemplate":"https:\/\/www.parkgest.ch\/?s={search_term_string}"},"query-input":"required name=search_term_string"}],"inLanguage":"de"}]}},"_links":{"self":[{"href":"https:\/\/www.parkgest.ch\/de\/wp-json\/wp\/v2\/pages\/3303"}],"collection":[{"href":"https:\/\/www.parkgest.ch\/de\/wp-json\/wp\/v2\/pages"}],"about":[{"href":"https:\/\/www.parkgest.ch\/de\/wp-json\/wp\/v2\/types\/page"}],"author":[{"embeddable":true,"href":"https:\/\/www.parkgest.ch\/de\/wp-json\/wp\/v2\/users\/5"}],"replies":[{"embeddable":true,"href":"https:\/\/www.parkgest.ch\/de\/wp-json\/wp\/v2\/comments?post=3303"}],"version-history":[{"count":33,"href":"https:\/\/www.parkgest.ch\/de\/wp-json\/wp\/v2\/pages\/3303\/revisions"}],"predecessor-version":[{"id":11135,"href":"https:\/\/www.parkgest.ch\/de\/wp-json\/wp\/v2\/pages\/3303\/revisions\/11135"}],"wp:featuredmedia":[{"embeddable":true,"href":"https:\/\/www.parkgest.ch\/de\/wp-json\/wp\/v2\/media\/5637"}],"wp:attachment":[{"href":"https:\/\/www.parkgest.ch\/de\/wp-json\/wp\/v2\/media?parent=3303"}],"wp:term":[{"taxonomy":"post_tag","embeddable":true,"href":"https:\/\/www.parkgest.ch\/de\/wp-json\/wp\/v2\/tags?post=3303"}],"curies":[{"name":"wp","href":"https:\/\/api.w.org\/{rel}","templated":true}]}}