{"id":1595,"date":"2014-11-19T06:11:00","date_gmt":"2014-11-19T05:11:00","guid":{"rendered":"http:\/\/www.parkgest.ch\/?page_id=1595"},"modified":"2022-08-30T11:48:12","modified_gmt":"2022-08-30T10:48:12","slug":"berufsverbande","status":"publish","type":"page","link":"https:\/\/www.parkgest.ch\/de\/parkgest\/berufsverbande\/","title":{"rendered":"Berufsverb\u00e4nde"},"content":{"rendered":"<p>Die PARKGEST-Gruppe ist Mitglied im Dachverband \u201eParkingSwiss\u201c und beteiligt sich ebenfalls an den Veranstaltungen des europ\u00e4ischen Dachverbands EPA (\u201eEuropean Parking Association\u201c).<br \/>\n\u00dcber die Parkh\u00e4user Mont Blanc und Villereuse ist die Gruppe auch eines der Gr\u00fcndungsmitglieder von AParGE (einer Vereinigung, deren Ziel es ist, die Interessen der Eigent\u00fcmer und Betreiber \u00f6ffentlich zug\u00e4nglicher Parkh\u00e4user im Kanton Genf zu vertreten, besonders im Kontext der kantonalen Mobilit\u00e4tspolitik). AParGE ist selbst ein Mitglied von Gen\u00e8vemobilit\u00e9<\/p>\n<p><a href=\"http:\/\/www.parkingswiss.ch\/\" target=\"_blank\" rel=\"noopener\"><img loading=\"lazy\" decoding=\"async\" class=\"alignnone size-medium wp-image-7842\" src=\"https:\/\/www.parkgest.ch\/wp-content\/uploads\/\/parkingswiss-125x41.png\" alt=\"\" width=\"125\" height=\"41\" srcset=\"https:\/\/www.parkgest.ch\/wp-content\/uploads\/parkingswiss-125x41.png 125w, https:\/\/www.parkgest.ch\/wp-content\/uploads\/parkingswiss.png 401w\" sizes=\"(max-width: 125px) 100vw, 125px\" \/><\/a><\/p>\n<p><img loading=\"lazy\" decoding=\"async\" class=\"alignnone size-medium wp-image-7850\" src=\"https:\/\/www.parkgest.ch\/wp-content\/uploads\/\/aparge-1-125x78.png\" alt=\"\" width=\"125\" height=\"78\" srcset=\"https:\/\/www.parkgest.ch\/wp-content\/uploads\/aparge-1-125x78.png 125w, https:\/\/www.parkgest.ch\/wp-content\/uploads\/aparge-1.png 212w\" sizes=\"(max-width: 125px) 100vw, 125px\" \/><\/p>\n","protected":false},"excerpt":{"rendered":"<p>Die PARKGEST-Gruppe ist Mitglied im Dachverband \u201eParkingSwiss\u201c und beteiligt sich ebenfalls an den Veranstaltungen des europ\u00e4ischen Dachverbands EPA (\u201eEuropean Parking Association\u201c). \u00dcber die Parkh\u00e4user Mont Blanc und Villereuse ist die Gruppe auch eines der Gr\u00fcndungsmitglieder von AParGE (einer Vereinigung, deren Ziel es ist, die Interessen der Eigent\u00fcmer und Betreiber \u00f6ffentlich zug\u00e4nglicher Parkh\u00e4user im Kanton Genf [&hellip;]<\/p>\n","protected":false},"author":5,"featured_media":0,"parent":1293,"menu_order":4,"comment_status":"closed","ping_status":"closed","template":"","meta":{"footnotes":""},"tags":[],"yoast_head":"<!-- This site is optimized with the Yoast SEO plugin v21.8 - https:\/\/yoast.com\/wordpress\/plugins\/seo\/ -->\n<title>Berufsverb\u00e4nde | Parkgest<\/title>\n<meta name=\"description\" content=\"Die PARKGEST-Gruppe ist Mitglied im Dachverband \u201eParkingSwiss\u201c und beteiligt sich ebenfalls an den Veranstaltungen des europ\u00e4ischen Dachverbands EPA (\u201eEuropean Parking Association\u201c).\" \/>\n<meta name=\"robots\" content=\"index, follow, max-snippet:-1, max-image-preview:large, max-video-preview:-1\" \/>\n<link rel=\"canonical\" href=\"https:\/\/www.parkgest.ch\/de\/parkgest\/berufsverbande\/\" \/>\n<meta property=\"og:locale\" content=\"de_DE\" \/>\n<meta property=\"og:type\" content=\"article\" \/>\n<meta property=\"og:title\" content=\"Berufsverb\u00e4nde | Parkgest\" \/>\n<meta property=\"og:description\" content=\"Die PARKGEST-Gruppe ist Mitglied im Dachverband \u201eParkingSwiss\u201c und beteiligt sich ebenfalls an den Veranstaltungen des europ\u00e4ischen Dachverbands EPA (\u201eEuropean Parking Association\u201c).\" \/>\n<meta property=\"og:url\" content=\"https:\/\/www.parkgest.ch\/de\/parkgest\/berufsverbande\/\" \/>\n<meta property=\"og:site_name\" content=\"Parkgest\" \/>\n<meta property=\"article:modified_time\" content=\"2022-08-30T10:48:12+00:00\" \/>\n<meta property=\"og:image\" content=\"https:\/\/www.parkgest.ch\/wp-content\/uploads\/\/parkingswiss-125x41.png\" \/>\n<meta name=\"twitter:label1\" content=\"Gesch\u00e4tzte Lesezeit\" \/>\n\t<meta name=\"twitter:data1\" content=\"1\u00a0Minute\" \/>\n<script type=\"application\/ld+json\" class=\"yoast-schema-graph\">{\"@context\":\"https:\/\/schema.org\",\"@graph\":[{\"@type\":\"WebPage\",\"@id\":\"https:\/\/www.parkgest.ch\/de\/parkgest\/berufsverbande\/\",\"url\":\"https:\/\/www.parkgest.ch\/de\/parkgest\/berufsverbande\/\",\"name\":\"Berufsverb\u00e4nde | Parkgest\",\"isPartOf\":{\"@id\":\"https:\/\/www.parkgest.ch\/#website\"},\"datePublished\":\"2014-11-19T05:11:00+00:00\",\"dateModified\":\"2022-08-30T10:48:12+00:00\",\"description\":\"Die PARKGEST-Gruppe ist Mitglied im Dachverband \u201eParkingSwiss\u201c und beteiligt sich ebenfalls an den Veranstaltungen des europ\u00e4ischen Dachverbands EPA (\u201eEuropean Parking Association\u201c).\",\"breadcrumb\":{\"@id\":\"https:\/\/www.parkgest.ch\/de\/parkgest\/berufsverbande\/#breadcrumb\"},\"inLanguage\":\"de\",\"potentialAction\":[{\"@type\":\"ReadAction\",\"target\":[\"https:\/\/www.parkgest.ch\/de\/parkgest\/berufsverbande\/\"]}]},{\"@type\":\"BreadcrumbList\",\"@id\":\"https:\/\/www.parkgest.ch\/de\/parkgest\/berufsverbande\/#breadcrumb\",\"itemListElement\":[{\"@type\":\"ListItem\",\"position\":1,\"name\":\"Accueil\",\"item\":\"https:\/\/www.parkgest.ch\/de\/\"},{\"@type\":\"ListItem\",\"position\":2,\"name\":\"Parkgest\",\"item\":\"https:\/\/www.parkgest.ch\/de\/parkgest\/\"},{\"@type\":\"ListItem\",\"position\":3,\"name\":\"Berufsverb\u00e4nde\"}]},{\"@type\":\"WebSite\",\"@id\":\"https:\/\/www.parkgest.ch\/#website\",\"url\":\"https:\/\/www.parkgest.ch\/\",\"name\":\"Parkgest\",\"description\":\"R\u00e9seau de parkings \u00e0 Gen\u00e8ve et Suisse romande\",\"potentialAction\":[{\"@type\":\"SearchAction\",\"target\":{\"@type\":\"EntryPoint\",\"urlTemplate\":\"https:\/\/www.parkgest.ch\/?s={search_term_string}\"},\"query-input\":\"required name=search_term_string\"}],\"inLanguage\":\"de\"}]}<\/script>\n<!-- \/ Yoast SEO plugin. -->","yoast_head_json":{"title":"Berufsverb\u00e4nde | Parkgest","description":"Die PARKGEST-Gruppe ist Mitglied im Dachverband \u201eParkingSwiss\u201c und beteiligt sich ebenfalls an den Veranstaltungen des europ\u00e4ischen Dachverbands EPA (\u201eEuropean Parking Association\u201c).","robots":{"index":"index","follow":"follow","max-snippet":"max-snippet:-1","max-image-preview":"max-image-preview:large","max-video-preview":"max-video-preview:-1"},"canonical":"https:\/\/www.parkgest.ch\/de\/parkgest\/berufsverbande\/","og_locale":"de_DE","og_type":"article","og_title":"Berufsverb\u00e4nde | Parkgest","og_description":"Die PARKGEST-Gruppe ist Mitglied im Dachverband \u201eParkingSwiss\u201c und beteiligt sich ebenfalls an den Veranstaltungen des europ\u00e4ischen Dachverbands EPA (\u201eEuropean Parking Association\u201c).","og_url":"https:\/\/www.parkgest.ch\/de\/parkgest\/berufsverbande\/","og_site_name":"Parkgest","article_modified_time":"2022-08-30T10:48:12+00:00","og_image":[{"url":"https:\/\/www.parkgest.ch\/wp-content\/uploads\/\/parkingswiss-125x41.png"}],"twitter_misc":{"Gesch\u00e4tzte Lesezeit":"1\u00a0Minute"},"schema":{"@context":"https:\/\/schema.org","@graph":[{"@type":"WebPage","@id":"https:\/\/www.parkgest.ch\/de\/parkgest\/berufsverbande\/","url":"https:\/\/www.parkgest.ch\/de\/parkgest\/berufsverbande\/","name":"Berufsverb\u00e4nde | Parkgest","isPartOf":{"@id":"https:\/\/www.parkgest.ch\/#website"},"datePublished":"2014-11-19T05:11:00+00:00","dateModified":"2022-08-30T10:48:12+00:00","description":"Die PARKGEST-Gruppe ist Mitglied im Dachverband \u201eParkingSwiss\u201c und beteiligt sich ebenfalls an den Veranstaltungen des europ\u00e4ischen Dachverbands EPA (\u201eEuropean Parking Association\u201c).","breadcrumb":{"@id":"https:\/\/www.parkgest.ch\/de\/parkgest\/berufsverbande\/#breadcrumb"},"inLanguage":"de","potentialAction":[{"@type":"ReadAction","target":["https:\/\/www.parkgest.ch\/de\/parkgest\/berufsverbande\/"]}]},{"@type":"BreadcrumbList","@id":"https:\/\/www.parkgest.ch\/de\/parkgest\/berufsverbande\/#breadcrumb","itemListElement":[{"@type":"ListItem","position":1,"name":"Accueil","item":"https:\/\/www.parkgest.ch\/de\/"},{"@type":"ListItem","position":2,"name":"Parkgest","item":"https:\/\/www.parkgest.ch\/de\/parkgest\/"},{"@type":"ListItem","position":3,"name":"Berufsverb\u00e4nde"}]},{"@type":"WebSite","@id":"https:\/\/www.parkgest.ch\/#website","url":"https:\/\/www.parkgest.ch\/","name":"Parkgest","description":"R\u00e9seau de parkings \u00e0 Gen\u00e8ve et Suisse romande","potentialAction":[{"@type":"SearchAction","target":{"@type":"EntryPoint","urlTemplate":"https:\/\/www.parkgest.ch\/?s={search_term_string}"},"query-input":"required name=search_term_string"}],"inLanguage":"de"}]}},"_links":{"self":[{"href":"https:\/\/www.parkgest.ch\/de\/wp-json\/wp\/v2\/pages\/1595"}],"collection":[{"href":"https:\/\/www.parkgest.ch\/de\/wp-json\/wp\/v2\/pages"}],"about":[{"href":"https:\/\/www.parkgest.ch\/de\/wp-json\/wp\/v2\/types\/page"}],"author":[{"embeddable":true,"href":"https:\/\/www.parkgest.ch\/de\/wp-json\/wp\/v2\/users\/5"}],"replies":[{"embeddable":true,"href":"https:\/\/www.parkgest.ch\/de\/wp-json\/wp\/v2\/comments?post=1595"}],"version-history":[{"count":2,"href":"https:\/\/www.parkgest.ch\/de\/wp-json\/wp\/v2\/pages\/1595\/revisions"}],"predecessor-version":[{"id":8532,"href":"https:\/\/www.parkgest.ch\/de\/wp-json\/wp\/v2\/pages\/1595\/revisions\/8532"}],"up":[{"embeddable":true,"href":"https:\/\/www.parkgest.ch\/de\/wp-json\/wp\/v2\/pages\/1293"}],"wp:attachment":[{"href":"https:\/\/www.parkgest.ch\/de\/wp-json\/wp\/v2\/media?parent=1595"}],"wp:term":[{"taxonomy":"post_tag","embeddable":true,"href":"https:\/\/www.parkgest.ch\/de\/wp-json\/wp\/v2\/tags?post=1595"}],"curies":[{"name":"wp","href":"https:\/\/api.w.org\/{rel}","templated":true}]}}