{"id":1363,"date":"2013-12-08T23:10:43","date_gmt":"2013-12-08T22:10:43","guid":{"rendered":"http:\/\/www.parkgest.ch\/untitled-de-3\/"},"modified":"2025-09-10T07:58:47","modified_gmt":"2025-09-10T06:58:47","slug":"parkhaus-vandoeuvres","status":"publish","type":"page","link":"https:\/\/www.parkgest.ch\/de\/wo-man-parken\/parkhaus-vandoeuvres\/","title":{"rendered":"Parkhaus Vand\u0153uvres"},"content":{"rendered":"<div class=\"pkg-block pkg-block--bordered pkg-block-text\">\n<h2>Willkommen auf dem Parkhaus Vand\u0153uvres<\/h2>\n<p>Das kommunale Parkhaus Vand\u0153uvres liegt in der gleichnamigen Gemeinde und wurde 2013 umfassend renoviert und gesichert. Durch seine zentrale Lage gew\u00e4hrt es Zugang zu den Gesch\u00e4ften und Restaurants der Gemeinde. Die Linie 33 und A der Transports Publics Genevois verl\u00e4uft in der N\u00e4he und sorgt f\u00fcr die Anbindung an das Genfer Stadtzentrum.<\/p>\n<\/div>\n<div class=\"pkg-block pkg-block--bordered pkg-block-service\">\n<div class=\"service-item\">\n<div class=\"service-item__icon\"><img decoding=\"async\" class=\"img-fluid\" style=\"width:65px\" src=\"http:\/\/www.parkgest.ch\/wp-content\/themes\/parkgest\/v2\/images\/svg\/PKG_Sign-Limit-205.svg\" alt=\"\" \/><\/div>\n<p>H\u00f6he 2.05 m<\/p>\n<\/div>\n<div class=\"service-item\">\n<div class=\"service-item__icon\"><img decoding=\"async\" class=\"img-fluid\" style=\"width:65px\" src=\"http:\/\/www.parkgest.ch\/wp-content\/themes\/parkgest\/v2\/images\/svg\/Sign-limit-10-web.svg\" alt=\"\" \/><\/div>\n<p>Geschwindigkeitsbegrenzung<br \/>\nbei 10 km\/h<\/p>\n<\/div>\n<div class=\"service-item\">\n<div class=\"service-item__icon\"><img decoding=\"async\" class=\"img-fluid\" src=\"http:\/\/www.parkgest.ch\/wp-content\/themes\/parkgest\/v2\/images\/svg\/PKG_Interutil.svg\" alt=\"\" style=\"width:65px\"\/><\/div>\n<p>Fahrr\u00e4der,<br \/>\nroller, Inline-<br \/>\nSkates und Skateboards<br \/>\nsind verboten<\/p>\n<\/div>\n<div class=\"service-item\">\n<div class=\"service-item__icon\"><img decoding=\"async\" class=\"img-fluid\" src=\"http:\/\/www.parkgest.ch\/wp-content\/themes\/parkgest\/v2\/images\/svg\/PKG_NoSmoking.svg\" alt=\"\"  style=\"width:65px\" \/><\/div>\n<p>Nichtraucher<\/p>\n<\/div>\n<\/div>\n<h2>Serviceleistungen<\/h2>\n<div class=\"pkg-block pkg-block--bordered pkg-block-service\">\n<div class=\"service-item\">\n<div class=\"service-item__icon\"><img decoding=\"async\" class=\"img-fluid\" src=\"http:\/\/www.parkgest.ch\/wp-content\/themes\/parkgest\/v2\/images\/svg\/PKG_Open24.svg\" alt=\"\" \/><\/div>\n<p>Ge\u00f6ffnet 24 h<br \/>\nan 7 Tagen der Woche<\/p>\n<\/div>\n<div class=\"service-item\">\n<div class=\"service-item__icon\"><img decoding=\"async\" class=\"img-fluid\" src=\"http:\/\/www.parkgest.ch\/wp-content\/themes\/parkgest\/v2\/images\/svg\/PKG_Subscription-2.svg\" alt=\"\" \/><\/div>\n<p><a href=\"\/de\/dauerzugang#vand\u0153uvres\"> Abonnement-Antrag <\/a><\/p>\n<\/div>\n<\/div>\n<h2>Parkangebot<\/h2>\n<div class=\"pkg-block pkg-block--bordered pkg-block-service\">\n<div class=\"service-item\">\n<div class=\"service-item__icon service-item__icon--popover\"><button data-toggle=\"popover\" data-text=\"Parkpl\u00e4tze mit elektrischen Ladestationen f\u00fcr alle Fahrzeugtypen (ausser f\u00fcr Motorr\u00e4der).\" data-placement=\"top\" data-link=\"https:\/\/www.parkgest.ch\/de\/stromladesaulen\/\" data-available=\"2\" data-location=\"-1\"><\/button><i class=\"icon-info-with-circle\"><\/i><img decoding=\"async\" class=\"img-fluid\" src=\"http:\/\/www.parkgest.ch\/wp-content\/themes\/parkgest\/v2\/images\/svg\/PKG_Electric-Car.svg\" alt=\"\" \/><\/div>\n<p>Ladestationen f\u00fcr Elektrofahrzeuge<\/p>\n<\/div>\n<div class=\"service-item\">\n<div class=\"service-item__icon service-item__icon--popover\"><button data-toggle=\"popover\" data-text=\"Mobility bietet f\u00fcr jede Situation angepasste Fahrzeuge und Abonnements.\" data-placement=\"top\" data-available=\"1 (Elektrisches Laden)\" data-location=\"-1\"><\/button><i class=\"icon-info-with-circle\"><\/i><img decoding=\"async\" class=\"img-fluid\" src=\"http:\/\/www.parkgest.ch\/wp-content\/themes\/parkgest\/v2\/images\/svg\/PKG_Mobility.svg\" alt=\"\" \/><\/div>\n<p>Pl\u00e4tze f\u00fcr Mobility-Carsharing<\/p>\n<\/div>\n<div class=\"service-item\">\n<div class=\"service-item__icon service-item__icon--popover\"><button data-toggle=\"popover\" data-text=\"Parkpl\u00e4tze f\u00fcr Personen mit eingeschr\u00e4nkter Mobilit\u00e4t in der N\u00e4he der Eing\u00e4nge, ausgestattet mit einem verst\u00e4rkten Video\u00fcberwachungssystemen.\" data-placement=\"top\" data-link=\"https:\/\/www.parkgest.ch\/de\/platze-fur-korperlich-eingeschrankte-personen\/\" data-available=\"2\" data-location=\"-1\"><\/button><i class=\"icon-info-with-circle\"><\/i><img decoding=\"async\" class=\"img-fluid\" src=\"http:\/\/www.parkgest.ch\/wp-content\/themes\/parkgest\/v2\/images\/svg\/PKG_wheel-chair.svg\" alt=\"\" \/><\/div>\n<p>Behindertenparkpl\u00e4tze<\/p>\n<\/div>\n<div class=\"service-item\">\n<div class=\"service-item__icon service-item__icon--popover\"><button data-toggle=\"popover\" data-text=\"\" data-placement=\"top\" data-available=\"18\" data-location=\"\"><\/button><i class=\"icon-info-with-circle\"><\/i><img decoding=\"async\" class=\"img-fluid\" style=\"width: 82%;\" src=\"http:\/\/www.parkgest.ch\/wp-content\/themes\/parkgest\/v2\/images\/svg\/PKG_reserve.svg\" alt=\"\" \/><\/div>\n<p>Vorreservierte Parkpl\u00e4tze <\/p>\n<\/div>\n<\/div>\n<div class=\"pkg-block pkg-block--bordered pkg-block-service\">\n<div class=\"service-item\">\n<div class=\"service-item__icon service-item__icon--popover\"><button data-toggle=\"popover\" data-text=\"\" data-link=\"\" data-placement=\"top\" data-available=\"25\" data-location=\"-1\"><\/button><i class=\"icon-info-with-circle\"><\/i><img decoding=\"async\" class=\"img-fluid\" src=\"http:\/\/www.parkgest.ch\/wp-content\/themes\/parkgest\/v2\/images\/svg\/PKG_Bike.svg\" alt=\"\" \/><\/div>\n<p>Parkpl\u00e4tze f\u00fcr Motorr\u00e4der<\/p>\n<\/div>\n<\/div>\n<h2>Annehmlichkeiten<\/h2>\n<div class=\"pkg-block pkg-block--bordered pkg-block-service\">\n<div class=\"service-item\">\n<div class=\"service-item__icon\"><img decoding=\"async\" class=\"img-fluid\" src=\"http:\/\/www.parkgest.ch\/wp-content\/themes\/parkgest\/v2\/images\/svg\/PKG_Free-2h.svg\" alt=\"\" \/><\/div>\n<p>Ersten swei Stunden kostenfrei<\/p>\n<\/div>\n<div class=\"service-item\">\n<div class=\"service-item__icon\"><img decoding=\"async\" class=\"img-fluid\" src=\"http:\/\/www.parkgest.ch\/wp-content\/themes\/parkgest\/v2\/images\/svg\/PKG_Elevator.svg\" alt=\"\" \/><\/div>\n<p>Aufzug<\/p>\n<\/div>\n<\/div>\n<h2>Security<\/h2>\n<div class=\"pkg-block pkg-block--bordered pkg-block-service\">\n<div class=\"service-item\">\n<div class=\"service-item__icon\"><img decoding=\"async\" class=\"img-fluid\" src=\"http:\/\/www.parkgest.ch\/wp-content\/themes\/parkgest\/v2\/images\/svg\/PKG_Camera.svg\" alt=\"\" \/><\/div>\n<p>Video\u00fcberwachung<\/p>\n<\/div>\n<div class=\"service-item\">\n<div class=\"service-item__icon\"><img decoding=\"async\" class=\"img-fluid\" style=\"width: 50px;\" src=\"https:\/\/www.parkgest.ch\/wp-content\/themes\/parkgest\/v2\/images\/svg\/pkg-icon-rideau.svg\" alt=\"\" data-src=\"https:\/\/www.parkgest.ch\/wp-content\/themes\/parkgest\/v2\/images\/svg\/pkg-icon-rideau.svg\" \/><\/div>\n<p>Verschliessbares automatisches Tor<\/p>\n<\/div>\n<div class=\"service-item\">\n<div class=\"service-item__icon\"><img decoding=\"async\" class=\"img-fluid\" style=\"width: 50px;\" src=\"https:\/\/www.parkgest.ch\/wp-content\/themes\/parkgest\/v2\/images\/svg\/PKG_digicode.svg\" alt=\"\" >\n<\/div>\n<p>Zugriffper Digitalcode\n<\/p><\/div>\n<\/div>\n<h2>Zahlungsarten<\/h2>\n<div class=\"pkg-block pkg-block--bordered pkg-block-service pkg-block-service-payment\">\n<div class=\"service-item\">\n<div class=\"service-item__icon\"><img decoding=\"async\" class=\"img-fluid\" src=\"http:\/\/www.parkgest.ch\/wp-content\/themes\/parkgest\/v2\/images\/svg\/PKG_Creditcard.svg\" alt=\"\" \/><\/div>\n<p>Kartenzahlung<\/p>\n<\/div>\n<div class=\"service-item\">\n<div class=\"service-item__icon\"><img decoding=\"async\" class=\"img-fluid\" style=\"\" src=\"http:\/\/www.parkgest.ch\/wp-content\/themes\/parkgest\/v2\/images\/svg\/PKG_Swissfrancs.svg\" alt=\"\" \/><\/div>\n<p>Banknoten &#038; M\u00fcnzen CHF<\/p>\n<\/div>\n<div class=\"service-item\">\n<div class=\"service-item__icon\"><img decoding=\"async\" class=\"img-fluid\" style=\"\" src=\"http:\/\/www.parkgest.ch\/wp-content\/themes\/parkgest\/v2\/images\/svg\/PKG_Euro.svg\" alt=\"\" \/><\/div>\n<p>Banknoten EUR<\/p>\n<\/div>\n<\/div>\n<div class=\"pkg-block pkg-block-text\">\n<h2>Nutzungseinschr\u00e4nkungen<\/h2>\n<p>Das Parkhaus Vand\u0153uvres ist ein Privatgrundst\u00fcck, Nichtraucherzone, zur ausschliesslichen Nutzung als kostenpflichtiger, st\u00fcndlicher Parkplatz f\u00fcr Leichtkraftfahrzeuge (max. 3,5 t) in gutem Betriebszustand, die mit elektrischem Strom, Benzin oder Diesel betrieben werden, mit einer maximalen H\u00f6he (einschliesslich s\u00e4mtlicher Aufbauten, z. B. Dachkasten, Fahrradgestell, Antennen) von h\u00f6chstens 2,05 Metern. Motorisierte Zwei, Drei- oder Vierr\u00e4der inkl. Roadsters und Quads sind zugelassen.<\/p>\n<p>Streng untersagt sind:<\/p>\n<ul>\n<li>Mit einem anderen Kraftstsoff als Benzin oder Diesel, insbesondere mit Fl\u00fcssiggas (LPG), Erdgas, Butangas betriebene Fahrzeuge oder Wasserstoff<\/li>\n<li>Anh\u00e4nger jeder Art, einschliesslich Wohnwagen (ausser mit ausdr\u00fccklicher Genehmigung)<\/li>\n<li>Roller, Inline-Skates und Skateboards.<\/li>\n<\/ul>\n<h3 class=\"toggle\"><strong><a href=\"#\">Tarife nach Stunden<\/a><\/strong><\/h3><div class=\"toggle-box\" style=\"display: none;\"><p>\n<p><strong>ST\u00dcNDLICHER ZUGANG TAGS\u00dcBER VON 07:00 BIS 21:00 UHR<\/strong><\/p>\n<div class=\"table-responsive\"><table  style=\"width:550px; \"  class=\"easy-table easy-table-default \" border=\"0\">\n<thead>\r\n<tr><th  style=\"width:250px;text-align:left\" >Zeiten<\/th>\n<th  style=\"width:200px;text-align:left\" ><\/th>\n<th  style=\"width:50px;text-align:left\" >Preis<\/th>\n<th  style=\"width:50px;text-align:right\" ><\/th>\n<\/tr>\n<\/thead>\n<tbody>\r\n<tr><td  style=\"text-align:left\" >Von 00 bis 60 Minuten<\/td>\n<td  style=\"text-align:left\" > <\/td>\n<td  style=\"text-align:left\" ><\/td>\n<td  style=\"text-align:right\" >gratis<\/td>\n<\/tr>\n\r\n<tr><td  style=\"text-align:left\" >Von 60 bis 120 Minuten<\/td>\n<td  style=\"text-align:left\" > <\/td>\n<td  style=\"text-align:left\" ><\/td>\n<td  style=\"text-align:right\" >gratis<\/td>\n<\/tr>\n\r\n<tr><td  style=\"text-align:left\" >Von\u00a0120 bis 150 Minuten<\/td>\n<td  style=\"text-align:left\" > <\/td>\n<td  style=\"text-align:left\" >CHF<\/td>\n<td  style=\"text-align:right\" >2<\/td>\n<\/tr>\n\r\n<tr><td  style=\"text-align:left\" >Von\u00a0150 bis\u00a0210 Minuten<\/td>\n<td  style=\"text-align:left\" > <\/td>\n<td  style=\"text-align:left\" >CHF <\/td>\n<td  style=\"text-align:right\" >3<\/td>\n<\/tr>\n\r\n<tr><td  style=\"text-align:left\" >Von\u00a0210 bis 270 Minuten<\/td>\n<td  style=\"text-align:left\" > <\/td>\n<td  style=\"text-align:left\" >CHF <\/td>\n<td  style=\"text-align:right\" >4<\/td>\n<\/tr>\n\r\n<tr><td  style=\"text-align:left\" >Von\u00a0270 bis\u00a0330 Minuten<\/td>\n<td  style=\"text-align:left\" > <\/td>\n<td  style=\"text-align:left\" >CHF <\/td>\n<td  style=\"text-align:right\" >5<\/td>\n<\/tr>\n\r\n<tr><td  style=\"text-align:left\" >Von\u00a0330 bis 390 Minuten<\/td>\n<td  style=\"text-align:left\" > <\/td>\n<td  style=\"text-align:left\" >CHF <\/td>\n<td  style=\"text-align:right\" >6<\/td>\n<\/tr>\n\r\n<tr><td  style=\"text-align:left\" >Von\u00a0390 bis\u00a0450 Minuten<\/td>\n<td  style=\"text-align:left\" > <\/td>\n<td  style=\"text-align:left\" >CHF <\/td>\n<td  style=\"text-align:right\" >7<\/td>\n<\/tr>\n\r\n<tr><td  style=\"text-align:left\" >Von\u00a0450 bis 510 Minuten<\/td>\n<td  style=\"text-align:left\" > <\/td>\n<td  style=\"text-align:left\" >CHF <\/td>\n<td  style=\"text-align:right\" >8<\/td>\n<\/tr>\n\r\n<tr><td  style=\"text-align:left\" >Von\u00a0510 bis\u00a0570 Minuten<\/td>\n<td  style=\"text-align:left\" > <\/td>\n<td  style=\"text-align:left\" >CHF <\/td>\n<td  style=\"text-align:right\" >9<\/td>\n<\/tr>\n\r\n<tr><td  style=\"text-align:left\" >Von\u00a0570\u00a0bis 630 Minuten<\/td>\n<td  style=\"text-align:left\" > <\/td>\n<td  style=\"text-align:left\" >CHF <\/td>\n<td  style=\"text-align:right\" >10<\/td>\n<\/tr>\n\r\n<tr><td  style=\"text-align:left\" >Von\u00a0630\u00a0bis 690 Minuten<\/td>\n<td  style=\"text-align:left\" > <\/td>\n<td  style=\"text-align:left\" >CHF <\/td>\n<td  style=\"text-align:right\" >11<\/td>\n<\/tr>\n\r\n<tr><td  style=\"text-align:left\" >Von\u00a0690\u00a0bis 720 Minuten<\/td>\n<td  style=\"text-align:left\" > <\/td>\n<td  style=\"text-align:left\" > CHF <\/td>\n<td  style=\"text-align:right\" >12<\/td>\n<\/tr>\n<\/tbody><\/table><\/div>\n<div class=\"table-responsive\"><table  style=\"width:550px; \"  class=\"easy-table easy-table-default \" border=\"0\">\n<thead>\r\n<tr><th  style=\"width:250px;text-align:left\" ><strong>ST\u00dcNDLICHER ZUGANG NACHTS VON 21:00 BIS 07:00<\/strong><\/th>\n<th  style=\"width:200px;text-align:left\" ><\/th>\n<th  style=\"width:50px;text-align:left\" ><\/th>\n<th  style=\"width:50px;text-align:right\" ><\/th>\n<\/tr>\n<\/thead>\n<tbody>\r\n<tr><td  style=\"text-align:left\" >Von 00 bis 120 Minuten<\/td>\n<td  style=\"text-align:left\" > 2 Stunden<\/td>\n<td  style=\"text-align:left\" ><\/td>\n<td  style=\"text-align:right\" > gratis<\/td>\n<\/tr>\n\r\n<tr><td  style=\"text-align:left\" >1 Stunde<\/td>\n<td  style=\"text-align:left\" > pro Stunde<\/td>\n<td  style=\"text-align:left\" > CHF<\/td>\n<td  style=\"text-align:right\" > 0.50<\/td>\n<\/tr>\n\r\n<tr><td  style=\"text-align:left\" >EINMAL-STUNDENTICKET\u00a0<\/td>\n<td  style=\"text-align:left\" ><\/td>\n<td  style=\"text-align:left\" >CHF<\/td>\n<td  style=\"text-align:right\" >10<\/td>\n<\/tr>\n<\/tbody><\/table><\/div>\n<p>ALLE UNSERE PREISE GELTEN PRO FAHRZEUG UND INKL. MWST.<\/p>\n<\/p><\/div>\n<h3 class=\"toggle\"><strong><a href=\"#\">Tarife Dauerzugang<\/a><\/strong><\/h3><div class=\"toggle-box\" style=\"display: none;\"><p>\n<div class=\"table-responsive\"><table  style=\"width:550px; \"  class=\"easy-table easy-table-default \" border=\"0\">\n<thead>\r\n<tr><th  style=\"width:450px;text-align:left\" ><\/th>\n<th  style=\"width:50px;text-align:left\" ><\/th>\n<th  style=\"width:50px;text-align:right\" ><\/th>\n<th ><\/th>\n<\/tr>\n<\/thead>\n<tbody>\r\n<tr><td  style=\"text-align:left\" >Vorreservierte Parkpl\u00e4tze dauerzugang monatlich rund um die Uhr ausser anwohner der gemeinde<\/td>\n<td  style=\"text-align:left\" >CHF<\/td>\n<td  style=\"text-align:right\" > 210<\/td>\n<\/tr>\n\r\n<tr><td  style=\"text-align:left\" >Vorreservierte Parkpl\u00e4tze dauerzugang monatlich rund um die Uhr anwohner oder nutzer der gemeinde <\/td>\n<td  style=\"text-align:left\" >CHF<\/td>\n<td  style=\"text-align:right\" > 190<\/td>\n<\/tr>\n\r\n<tr><td  style=\"text-align:left\" >DAUERZUGANG MONATLICH rund um die Uhr AUSSER ANWOHNER DER GEMEINDE<\/td>\n<td  style=\"text-align:left\" >CHF<\/td>\n<td  style=\"text-align:right\" > 190<\/td>\n<\/tr>\n\r\n<tr><td  style=\"text-align:left\" >DAUERZUGANG MONATLICH rund um die Uhr ANWOHNER ODER NUTZER DER GEMEINDE<\/td>\n<td  style=\"text-align:left\" >CHF<\/td>\n<td  style=\"text-align:right\" > 170<\/td>\n<\/tr>\n\r\n<tr><td  style=\"text-align:left\" >270 Stunden (NUTZER DER GEMEINDE)<\/td>\n<td  style=\"text-align:left\" >CHF<\/td>\n<td  style=\"text-align:right\" >120<\/td>\n<\/tr>\n\r\n<tr><td  style=\"text-align:left\" >DAUERZUGANG MONATLICH rund um die Uhr ZWEIR\u00c4DER<\/td>\n<td  style=\"text-align:left\" >CHF <\/td>\n<td  style=\"text-align:right\" >30<\/td>\n<\/tr>\n\r\n<tr><td  style=\"text-align:left\" >AUSTAUSCH DER KARTE ODER DES AUSWEISES F\u00dcR DEN DAUERZUGANG<\/td>\n<td  style=\"text-align:left\" >CHF<\/td>\n<td  style=\"text-align:right\" >30<\/td>\n<\/tr>\n<\/tbody><\/table><\/div>\n<p>ALLE UNSERE PREISE GELTEN PRO FAHRZEUG UND INKL. MWST.<\/p>\n<\/p><\/div>\n<h3><strong><a style=\"background: url('http:\/\/www.parkgest.ch\/wp-content\/themes\/parkgest\/img\/sidebar_li.gif') no-repeat 0 0; background-position: 0 center; padding-left: 23px; text-decoration: none;\" href=\"https:\/\/www.parkgest.ch\/de\/dauerzugang\/#vand\u0153uvres\">Abonnement-Antrag<\/a><\/strong><\/h3>\n<h3><strong><a style=\"background: url('http:\/\/www.parkgest.ch\/wp-content\/themes\/parkgest\/img\/sidebar_li.gif') no-repeat 0 0; background-position: 0 center; padding-left: 23px; text-decoration: none;\" href=\"https:\/\/www.parkgest.ch\/de\/kuendigungsantrag\/#vand\u0153uvres\">K\u00fcndigungsantrag<\/a><\/strong><\/h3>\n<h3 class=\"toggle\"><strong><a href=\"#\">Allgemeine Bedingungen<\/a><\/strong><\/h3><div class=\"toggle-box\" style=\"display: none;\"><p>\n<iframe loading=\"lazy\" src=\"https:\/\/docs.google.com\/viewer?url=https:\/\/www.parkgest.ch\/wp-content\/uploads\/PVa_Conditions-generales_VF_202501-2.pdf&amp;embedded=true\" width=\"100%\" height=\"600\" frameborder=\"0\"><\/iframe><\/p>\n<p>Wenn Sie die Datei nicht richtig lesen k\u00f6nnen, <a href=\"https:\/\/www.parkgest.ch\/wp-content\/uploads\/PVa_Conditions-generales_VF_202501-2.pdf\" target=\"_blank\" rel=\"noopener noreferrer\">klicken Sie hier<\/a><\/p>\n<\/p><\/div>\n<p>Jeder Parkantrag, gleichbedeutend mit dem Befahren des Parkhauses Vand\u0153uvres mit einem Fahrzeug, gilt als uneingeschr\u00e4nktes und vorbehaltloses Einverst\u00e4ndnis mit den vorliegenden allgemeinen Bedingungen. Betritt ein Fussg\u00e4nger das Parkhaus, so gilt dies gleichermassen.<\/p>\n<\/div>\n","protected":false},"excerpt":{"rendered":"<p>Willkommen auf dem Parkhaus Vand\u0153uvres Das kommunale Parkhaus Vand\u0153uvres liegt in der gleichnamigen Gemeinde und wurde 2013 umfassend renoviert und gesichert. Durch seine zentrale Lage gew\u00e4hrt es Zugang zu den Gesch\u00e4ften und Restaurants der Gemeinde. Die Linie 33 und A der Transports Publics Genevois verl\u00e4uft in der N\u00e4he und sorgt f\u00fcr die Anbindung an das [&hellip;]<\/p>\n","protected":false},"author":5,"featured_media":10058,"parent":1281,"menu_order":12,"comment_status":"closed","ping_status":"closed","template":"parkingpage.php","meta":{"footnotes":""},"tags":[],"yoast_head":"<!-- This site is optimized with the Yoast SEO plugin v21.8 - https:\/\/yoast.com\/wordpress\/plugins\/seo\/ -->\n<title>Parkhaus Vand\u0153uvres | Parkgest<\/title>\n<meta name=\"description\" content=\"Das kommunale Parkhaus Vandoeuvres liegt in der gleichnamigen Gemeinde und wurde 2013 umfassend renoviert und gesichert.\" \/>\n<meta name=\"robots\" content=\"index, follow, max-snippet:-1, max-image-preview:large, max-video-preview:-1\" \/>\n<link rel=\"canonical\" href=\"https:\/\/www.parkgest.ch\/de\/wo-man-parken\/parkhaus-vandoeuvres\/\" \/>\n<meta property=\"og:locale\" content=\"de_DE\" \/>\n<meta property=\"og:type\" content=\"article\" \/>\n<meta property=\"og:title\" content=\"Parkhaus Vand\u0153uvres | Parkgest\" \/>\n<meta property=\"og:description\" content=\"Das kommunale Parkhaus Vandoeuvres liegt in der gleichnamigen Gemeinde und wurde 2013 umfassend renoviert und gesichert.\" \/>\n<meta property=\"og:url\" content=\"https:\/\/www.parkgest.ch\/de\/wo-man-parken\/parkhaus-vandoeuvres\/\" \/>\n<meta property=\"og:site_name\" content=\"Parkgest\" \/>\n<meta property=\"article:modified_time\" content=\"2025-09-10T06:58:47+00:00\" \/>\n<meta property=\"og:image\" content=\"https:\/\/www.parkgest.ch\/wp-content\/uploads\/parking-vandoeuvres-1.jpg\" \/>\n\t<meta property=\"og:image:width\" content=\"2400\" \/>\n\t<meta property=\"og:image:height\" content=\"1597\" \/>\n\t<meta property=\"og:image:type\" content=\"image\/jpeg\" \/>\n<meta name=\"twitter:label1\" content=\"Gesch\u00e4tzte Lesezeit\" \/>\n\t<meta name=\"twitter:data1\" content=\"7\u00a0Minuten\" \/>\n<script type=\"application\/ld+json\" class=\"yoast-schema-graph\">{\"@context\":\"https:\/\/schema.org\",\"@graph\":[{\"@type\":\"WebPage\",\"@id\":\"https:\/\/www.parkgest.ch\/de\/wo-man-parken\/parkhaus-vandoeuvres\/\",\"url\":\"https:\/\/www.parkgest.ch\/de\/wo-man-parken\/parkhaus-vandoeuvres\/\",\"name\":\"Parkhaus Vand\u0153uvres | Parkgest\",\"isPartOf\":{\"@id\":\"https:\/\/www.parkgest.ch\/#website\"},\"datePublished\":\"2013-12-08T22:10:43+00:00\",\"dateModified\":\"2025-09-10T06:58:47+00:00\",\"description\":\"Das kommunale Parkhaus Vandoeuvres liegt in der gleichnamigen Gemeinde und wurde 2013 umfassend renoviert und gesichert.\",\"breadcrumb\":{\"@id\":\"https:\/\/www.parkgest.ch\/de\/wo-man-parken\/parkhaus-vandoeuvres\/#breadcrumb\"},\"inLanguage\":\"de\",\"potentialAction\":[{\"@type\":\"ReadAction\",\"target\":[\"https:\/\/www.parkgest.ch\/de\/wo-man-parken\/parkhaus-vandoeuvres\/\"]}]},{\"@type\":\"BreadcrumbList\",\"@id\":\"https:\/\/www.parkgest.ch\/de\/wo-man-parken\/parkhaus-vandoeuvres\/#breadcrumb\",\"itemListElement\":[{\"@type\":\"ListItem\",\"position\":1,\"name\":\"Accueil\",\"item\":\"https:\/\/www.parkgest.ch\/de\/\"},{\"@type\":\"ListItem\",\"position\":2,\"name\":\"Wo kann ich parken?\",\"item\":\"https:\/\/www.parkgest.ch\/de\/wo-man-parken\/\"},{\"@type\":\"ListItem\",\"position\":3,\"name\":\"Parkhaus Vand\u0153uvres\"}]},{\"@type\":\"WebSite\",\"@id\":\"https:\/\/www.parkgest.ch\/#website\",\"url\":\"https:\/\/www.parkgest.ch\/\",\"name\":\"Parkgest\",\"description\":\"R\u00e9seau de parkings \u00e0 Gen\u00e8ve et Suisse romande\",\"potentialAction\":[{\"@type\":\"SearchAction\",\"target\":{\"@type\":\"EntryPoint\",\"urlTemplate\":\"https:\/\/www.parkgest.ch\/?s={search_term_string}\"},\"query-input\":\"required name=search_term_string\"}],\"inLanguage\":\"de\"}]}<\/script>\n<!-- \/ Yoast SEO plugin. -->","yoast_head_json":{"title":"Parkhaus Vand\u0153uvres | Parkgest","description":"Das kommunale Parkhaus Vandoeuvres liegt in der gleichnamigen Gemeinde und wurde 2013 umfassend renoviert und gesichert.","robots":{"index":"index","follow":"follow","max-snippet":"max-snippet:-1","max-image-preview":"max-image-preview:large","max-video-preview":"max-video-preview:-1"},"canonical":"https:\/\/www.parkgest.ch\/de\/wo-man-parken\/parkhaus-vandoeuvres\/","og_locale":"de_DE","og_type":"article","og_title":"Parkhaus Vand\u0153uvres | Parkgest","og_description":"Das kommunale Parkhaus Vandoeuvres liegt in der gleichnamigen Gemeinde und wurde 2013 umfassend renoviert und gesichert.","og_url":"https:\/\/www.parkgest.ch\/de\/wo-man-parken\/parkhaus-vandoeuvres\/","og_site_name":"Parkgest","article_modified_time":"2025-09-10T06:58:47+00:00","og_image":[{"width":2400,"height":1597,"url":"https:\/\/www.parkgest.ch\/wp-content\/uploads\/parking-vandoeuvres-1.jpg","type":"image\/jpeg"}],"twitter_misc":{"Gesch\u00e4tzte Lesezeit":"7\u00a0Minuten"},"schema":{"@context":"https:\/\/schema.org","@graph":[{"@type":"WebPage","@id":"https:\/\/www.parkgest.ch\/de\/wo-man-parken\/parkhaus-vandoeuvres\/","url":"https:\/\/www.parkgest.ch\/de\/wo-man-parken\/parkhaus-vandoeuvres\/","name":"Parkhaus Vand\u0153uvres | Parkgest","isPartOf":{"@id":"https:\/\/www.parkgest.ch\/#website"},"datePublished":"2013-12-08T22:10:43+00:00","dateModified":"2025-09-10T06:58:47+00:00","description":"Das kommunale Parkhaus Vandoeuvres liegt in der gleichnamigen Gemeinde und wurde 2013 umfassend renoviert und gesichert.","breadcrumb":{"@id":"https:\/\/www.parkgest.ch\/de\/wo-man-parken\/parkhaus-vandoeuvres\/#breadcrumb"},"inLanguage":"de","potentialAction":[{"@type":"ReadAction","target":["https:\/\/www.parkgest.ch\/de\/wo-man-parken\/parkhaus-vandoeuvres\/"]}]},{"@type":"BreadcrumbList","@id":"https:\/\/www.parkgest.ch\/de\/wo-man-parken\/parkhaus-vandoeuvres\/#breadcrumb","itemListElement":[{"@type":"ListItem","position":1,"name":"Accueil","item":"https:\/\/www.parkgest.ch\/de\/"},{"@type":"ListItem","position":2,"name":"Wo kann ich parken?","item":"https:\/\/www.parkgest.ch\/de\/wo-man-parken\/"},{"@type":"ListItem","position":3,"name":"Parkhaus Vand\u0153uvres"}]},{"@type":"WebSite","@id":"https:\/\/www.parkgest.ch\/#website","url":"https:\/\/www.parkgest.ch\/","name":"Parkgest","description":"R\u00e9seau de parkings \u00e0 Gen\u00e8ve et Suisse romande","potentialAction":[{"@type":"SearchAction","target":{"@type":"EntryPoint","urlTemplate":"https:\/\/www.parkgest.ch\/?s={search_term_string}"},"query-input":"required name=search_term_string"}],"inLanguage":"de"}]}},"_links":{"self":[{"href":"https:\/\/www.parkgest.ch\/de\/wp-json\/wp\/v2\/pages\/1363"}],"collection":[{"href":"https:\/\/www.parkgest.ch\/de\/wp-json\/wp\/v2\/pages"}],"about":[{"href":"https:\/\/www.parkgest.ch\/de\/wp-json\/wp\/v2\/types\/page"}],"author":[{"embeddable":true,"href":"https:\/\/www.parkgest.ch\/de\/wp-json\/wp\/v2\/users\/5"}],"replies":[{"embeddable":true,"href":"https:\/\/www.parkgest.ch\/de\/wp-json\/wp\/v2\/comments?post=1363"}],"version-history":[{"count":34,"href":"https:\/\/www.parkgest.ch\/de\/wp-json\/wp\/v2\/pages\/1363\/revisions"}],"predecessor-version":[{"id":11048,"href":"https:\/\/www.parkgest.ch\/de\/wp-json\/wp\/v2\/pages\/1363\/revisions\/11048"}],"up":[{"embeddable":true,"href":"https:\/\/www.parkgest.ch\/de\/wp-json\/wp\/v2\/pages\/1281"}],"wp:featuredmedia":[{"embeddable":true,"href":"https:\/\/www.parkgest.ch\/de\/wp-json\/wp\/v2\/media\/10058"}],"wp:attachment":[{"href":"https:\/\/www.parkgest.ch\/de\/wp-json\/wp\/v2\/media?parent=1363"}],"wp:term":[{"taxonomy":"post_tag","embeddable":true,"href":"https:\/\/www.parkgest.ch\/de\/wp-json\/wp\/v2\/tags?post=1363"}],"curies":[{"name":"wp","href":"https:\/\/api.w.org\/{rel}","templated":true}]}}