{"id":1357,"date":"2013-12-06T12:08:07","date_gmt":"2013-12-06T11:08:07","guid":{"rendered":"http:\/\/www.parkgest.ch\/valeurs\/"},"modified":"2025-10-09T11:57:29","modified_gmt":"2025-10-09T10:57:29","slug":"valeurs","status":"publish","type":"page","link":"https:\/\/www.parkgest.ch\/de\/parkgest\/valeurs\/","title":{"rendered":"Werte"},"content":{"rendered":"<p>Die Werte des Konzerns stehen f\u00fcr eine untadelige Ethik, der sich seine gesamte Belegschaft verpflichten sollte.<\/p>\n<h3>1. Expertise<\/h3>\n<p>Mit seinen durch pers\u00f6nliche Erfahrung und st\u00e4ndige Weiterbildung gewonnen speziellen Kompetenzen im operativen Kundenservice und im Umgang mit unseren Auftragnehmern bereichert jeder einzelne Mitarbeiter das gesamte Team von PARKGEST.<\/p>\n<h3>2.Engagement &amp; Verantwortung<\/h3>\n<p>Jedes Mitglied im Team von PARKGEST ist sich seiner Bedeutung f\u00fcr einen reibungslosen Betriebsablauf bewusst und erledigt daher solidarisch und im vollen Umfang die ihm obliegenden Aufgaben.<\/p>\n<h3>3. Service<\/h3>\n<p>Proaktivit\u00e4t, Reaktionsf\u00e4higkeit und Kundenn\u00e4he sind weiterhin die Leitmotive jedes Mitglieds im Team von PARKGEST.<\/p>\n<h3>4.\u00a0Respekt<\/h3>\n<p>Durch Zuh\u00f6ren, eine freundliche Art der Kommunikation und einen ausgepr\u00e4gten Gerechtigkeitssinn f\u00f6rdert jeder einzelne Mitarbeiter gute Beziehungen zu unseren Kunden, seinen Kollegen und allen unseren Partnern.<\/p>\n<p>Unser <strong>Exzellenz <\/strong>ist das Ergebnis der vier Werte des Konzerns.<\/p>\n<hr \/>\n<h2>Zertifizierungen<\/h2>\n<p><img decoding=\"async\" src=\"https:\/\/www.parkgest.ch\/wp-content\/uploads\/EPA-Award-Gold.png\" title=\"EUROPEAN GOLD STANDARD PARKING AWARD OFF-STREET - Appointed on behalf of the European Parking Association\" alt=\"EUROPEAN GOLD STANDARD PARKING AWARD OFF-STREET - Appointed on behalf of the European Parking Association\" width=\"140px\" style=\"margin-right: 14px;\" \/><img decoding=\"async\" src=\"https:\/\/www.parkgest.ch\/wp-content\/uploads\/EPA-Award-Standard.png\" title=\"EUROPEAN STANDARD PARKING AWARD OFF-STREET - Appointed on behalf of the European Parking Association\" alt=\"EUROPEAN STANDARD PARKING AWARD OFF-STREET - Appointed on behalf of the European Parking Association\" width=\"140px\" \/><\/p>\n<p>Im Fr\u00fchjahr 2025 erreichte die PARKGEST-Gruppe einen wichtigen Meilenstein, indem sie die Zertifizierung \u201eEuropean Standard Parking Awards\u201c (ESPA) erhielt, die von der European Parking Association auf der Grundlage einer strengen Bewertung von mehr als 80 technischen Kriterien (Sicherheit, Fu\u00dfg\u00e4ngerzug\u00e4nglichkeit, Beleuchtung, Nachhaltigkeit, Ergonomie usw.) verliehen wird.<\/p>\n<p>Die ESPA-Gold-Zertifizierung: Drei unserer Parkh\u00e4user \u2013 Pr\u00e9-d\u2019Orsat-Parkplatz, Chat-Parkplatz und Esplanade-Parkplatz \u2013 haben die Gold-Auszeichnung erhalten, was ihre \u00fcberlegene Leistung in Bezug auf Sicherheit, Komfort, Sichtbarkeit und Beleuchtungsqualit\u00e4t widerspiegelt.<\/p>\n<p>Die ESPA-Standard-Zertifizierung: F\u00fcnf weitere Parkh\u00e4user \u2013 Parking des Rayes, Vand\u0153uvres-Parkhaus, Villereuse-Parkhaus, Mont-Blanc-Parkhaus und Arcades-Parkhaus \u2013 haben die Standard-Zertifizierung erhalten, eine hervorragende Anerkennung f\u00fcr diese Einrichtungen, von denen einige \u00e4lter sind und von gezielten Verbesserungen profitiert haben.<\/p>\n<p>Diese Zertifizierungen belegen unseren proaktiven Ansatz zur kontinuierlichen Verbesserung der Qualit\u00e4t, des Komforts und der Sicherheit unserer Infrastrukturen. Sie sch\u00e4tzen auch den t\u00e4glichen Einsatz unserer Teams, die gemeinsam jedes Detail (Beschilderung, LED-Beleuchtung, Beseitigung toter Winkel usw.) optimieren konnten.<\/p>\n","protected":false},"excerpt":{"rendered":"<p>Die Werte des Konzerns stehen f\u00fcr eine untadelige Ethik, der sich seine gesamte Belegschaft verpflichten sollte. 1. Expertise Mit seinen durch pers\u00f6nliche Erfahrung und st\u00e4ndige Weiterbildung gewonnen speziellen Kompetenzen im operativen Kundenservice und im Umgang mit unseren Auftragnehmern bereichert jeder einzelne Mitarbeiter das gesamte Team von PARKGEST. 2.Engagement &amp; Verantwortung Jedes Mitglied im Team von [&hellip;]<\/p>\n","protected":false},"author":5,"featured_media":4189,"parent":1293,"menu_order":2,"comment_status":"closed","ping_status":"closed","template":"","meta":{"footnotes":""},"tags":[],"yoast_head":"<!-- This site is optimized with the Yoast SEO plugin v21.8 - https:\/\/yoast.com\/wordpress\/plugins\/seo\/ -->\n<title>Werte | Parkgest<\/title>\n<meta name=\"description\" content=\"Die Werte des Konzerns stehen f\u00fcr eine untadelige Ethik, der sich seine gesamte Belegschaft verpflichten sollte.\" \/>\n<meta name=\"robots\" content=\"index, follow, max-snippet:-1, max-image-preview:large, max-video-preview:-1\" \/>\n<link rel=\"canonical\" href=\"https:\/\/www.parkgest.ch\/de\/parkgest\/valeurs\/\" \/>\n<meta property=\"og:locale\" content=\"de_DE\" \/>\n<meta property=\"og:type\" content=\"article\" \/>\n<meta property=\"og:title\" content=\"Werte | Parkgest\" \/>\n<meta property=\"og:description\" content=\"Die Werte des Konzerns stehen f\u00fcr eine untadelige Ethik, der sich seine gesamte Belegschaft verpflichten sollte.\" \/>\n<meta property=\"og:url\" content=\"https:\/\/www.parkgest.ch\/de\/parkgest\/valeurs\/\" \/>\n<meta property=\"og:site_name\" content=\"Parkgest\" \/>\n<meta property=\"article:modified_time\" content=\"2025-10-09T10:57:29+00:00\" \/>\n<meta property=\"og:image\" content=\"https:\/\/www.parkgest.ch\/wp-content\/uploads\/valeurs.jpg\" \/>\n\t<meta property=\"og:image:width\" content=\"1920\" \/>\n\t<meta property=\"og:image:height\" content=\"390\" \/>\n\t<meta property=\"og:image:type\" content=\"image\/jpeg\" \/>\n<meta name=\"twitter:label1\" content=\"Gesch\u00e4tzte Lesezeit\" \/>\n\t<meta name=\"twitter:data1\" content=\"3\u00a0Minuten\" \/>\n<script type=\"application\/ld+json\" class=\"yoast-schema-graph\">{\"@context\":\"https:\/\/schema.org\",\"@graph\":[{\"@type\":\"WebPage\",\"@id\":\"https:\/\/www.parkgest.ch\/de\/parkgest\/valeurs\/\",\"url\":\"https:\/\/www.parkgest.ch\/de\/parkgest\/valeurs\/\",\"name\":\"Werte | Parkgest\",\"isPartOf\":{\"@id\":\"https:\/\/www.parkgest.ch\/#website\"},\"datePublished\":\"2013-12-06T11:08:07+00:00\",\"dateModified\":\"2025-10-09T10:57:29+00:00\",\"description\":\"Die Werte des Konzerns stehen f\u00fcr eine untadelige Ethik, der sich seine gesamte Belegschaft verpflichten sollte.\",\"breadcrumb\":{\"@id\":\"https:\/\/www.parkgest.ch\/de\/parkgest\/valeurs\/#breadcrumb\"},\"inLanguage\":\"de\",\"potentialAction\":[{\"@type\":\"ReadAction\",\"target\":[\"https:\/\/www.parkgest.ch\/de\/parkgest\/valeurs\/\"]}]},{\"@type\":\"BreadcrumbList\",\"@id\":\"https:\/\/www.parkgest.ch\/de\/parkgest\/valeurs\/#breadcrumb\",\"itemListElement\":[{\"@type\":\"ListItem\",\"position\":1,\"name\":\"Accueil\",\"item\":\"https:\/\/www.parkgest.ch\/de\/\"},{\"@type\":\"ListItem\",\"position\":2,\"name\":\"Parkgest\",\"item\":\"https:\/\/www.parkgest.ch\/de\/parkgest\/\"},{\"@type\":\"ListItem\",\"position\":3,\"name\":\"Werte\"}]},{\"@type\":\"WebSite\",\"@id\":\"https:\/\/www.parkgest.ch\/#website\",\"url\":\"https:\/\/www.parkgest.ch\/\",\"name\":\"Parkgest\",\"description\":\"R\u00e9seau de parkings \u00e0 Gen\u00e8ve et Suisse romande\",\"potentialAction\":[{\"@type\":\"SearchAction\",\"target\":{\"@type\":\"EntryPoint\",\"urlTemplate\":\"https:\/\/www.parkgest.ch\/?s={search_term_string}\"},\"query-input\":\"required name=search_term_string\"}],\"inLanguage\":\"de\"}]}<\/script>\n<!-- \/ Yoast SEO plugin. -->","yoast_head_json":{"title":"Werte | Parkgest","description":"Die Werte des Konzerns stehen f\u00fcr eine untadelige Ethik, der sich seine gesamte Belegschaft verpflichten sollte.","robots":{"index":"index","follow":"follow","max-snippet":"max-snippet:-1","max-image-preview":"max-image-preview:large","max-video-preview":"max-video-preview:-1"},"canonical":"https:\/\/www.parkgest.ch\/de\/parkgest\/valeurs\/","og_locale":"de_DE","og_type":"article","og_title":"Werte | Parkgest","og_description":"Die Werte des Konzerns stehen f\u00fcr eine untadelige Ethik, der sich seine gesamte Belegschaft verpflichten sollte.","og_url":"https:\/\/www.parkgest.ch\/de\/parkgest\/valeurs\/","og_site_name":"Parkgest","article_modified_time":"2025-10-09T10:57:29+00:00","og_image":[{"width":1920,"height":390,"url":"https:\/\/www.parkgest.ch\/wp-content\/uploads\/valeurs.jpg","type":"image\/jpeg"}],"twitter_misc":{"Gesch\u00e4tzte Lesezeit":"3\u00a0Minuten"},"schema":{"@context":"https:\/\/schema.org","@graph":[{"@type":"WebPage","@id":"https:\/\/www.parkgest.ch\/de\/parkgest\/valeurs\/","url":"https:\/\/www.parkgest.ch\/de\/parkgest\/valeurs\/","name":"Werte | Parkgest","isPartOf":{"@id":"https:\/\/www.parkgest.ch\/#website"},"datePublished":"2013-12-06T11:08:07+00:00","dateModified":"2025-10-09T10:57:29+00:00","description":"Die Werte des Konzerns stehen f\u00fcr eine untadelige Ethik, der sich seine gesamte Belegschaft verpflichten sollte.","breadcrumb":{"@id":"https:\/\/www.parkgest.ch\/de\/parkgest\/valeurs\/#breadcrumb"},"inLanguage":"de","potentialAction":[{"@type":"ReadAction","target":["https:\/\/www.parkgest.ch\/de\/parkgest\/valeurs\/"]}]},{"@type":"BreadcrumbList","@id":"https:\/\/www.parkgest.ch\/de\/parkgest\/valeurs\/#breadcrumb","itemListElement":[{"@type":"ListItem","position":1,"name":"Accueil","item":"https:\/\/www.parkgest.ch\/de\/"},{"@type":"ListItem","position":2,"name":"Parkgest","item":"https:\/\/www.parkgest.ch\/de\/parkgest\/"},{"@type":"ListItem","position":3,"name":"Werte"}]},{"@type":"WebSite","@id":"https:\/\/www.parkgest.ch\/#website","url":"https:\/\/www.parkgest.ch\/","name":"Parkgest","description":"R\u00e9seau de parkings \u00e0 Gen\u00e8ve et Suisse romande","potentialAction":[{"@type":"SearchAction","target":{"@type":"EntryPoint","urlTemplate":"https:\/\/www.parkgest.ch\/?s={search_term_string}"},"query-input":"required name=search_term_string"}],"inLanguage":"de"}]}},"_links":{"self":[{"href":"https:\/\/www.parkgest.ch\/de\/wp-json\/wp\/v2\/pages\/1357"}],"collection":[{"href":"https:\/\/www.parkgest.ch\/de\/wp-json\/wp\/v2\/pages"}],"about":[{"href":"https:\/\/www.parkgest.ch\/de\/wp-json\/wp\/v2\/types\/page"}],"author":[{"embeddable":true,"href":"https:\/\/www.parkgest.ch\/de\/wp-json\/wp\/v2\/users\/5"}],"replies":[{"embeddable":true,"href":"https:\/\/www.parkgest.ch\/de\/wp-json\/wp\/v2\/comments?post=1357"}],"version-history":[{"count":3,"href":"https:\/\/www.parkgest.ch\/de\/wp-json\/wp\/v2\/pages\/1357\/revisions"}],"predecessor-version":[{"id":11099,"href":"https:\/\/www.parkgest.ch\/de\/wp-json\/wp\/v2\/pages\/1357\/revisions\/11099"}],"up":[{"embeddable":true,"href":"https:\/\/www.parkgest.ch\/de\/wp-json\/wp\/v2\/pages\/1293"}],"wp:featuredmedia":[{"embeddable":true,"href":"https:\/\/www.parkgest.ch\/de\/wp-json\/wp\/v2\/media\/4189"}],"wp:attachment":[{"href":"https:\/\/www.parkgest.ch\/de\/wp-json\/wp\/v2\/media?parent=1357"}],"wp:term":[{"taxonomy":"post_tag","embeddable":true,"href":"https:\/\/www.parkgest.ch\/de\/wp-json\/wp\/v2\/tags?post=1357"}],"curies":[{"name":"wp","href":"https:\/\/api.w.org\/{rel}","templated":true}]}}