{"id":1345,"date":"2013-12-03T22:57:18","date_gmt":"2013-12-03T21:57:18","guid":{"rendered":"http:\/\/www.parkgest.ch\/untitled-de\/"},"modified":"2025-04-15T16:42:08","modified_gmt":"2025-04-15T15:42:08","slug":"nachhaltige-entwicklung","status":"publish","type":"page","link":"https:\/\/www.parkgest.ch\/de\/parkgest\/nachhaltige-entwicklung\/","title":{"rendered":"Nachhaltige Entwicklung"},"content":{"rendered":"<p>Die PARKGEST-Gruppe ber\u00fccksichtigt bei der Abfallaufbereitung, bei der Beschaffung ihrer Ausr\u00fcstung und durch ihr Energieverbrauchsmodell Aspekte in Zusammenhang mit einer nachhaltigen Entwicklung.<\/p>\n<h3>A. Abfallmanagement<\/h3>\n<p>In Zeiten der Klimaerw\u00e4rmung und der drohenden Knappheit nicht erneuerbarer Ressourcen m\u00fcssen die Unternehmen Abfallmanagment in ihren Produktionsprozess integrieren. Allerdings ist die rationale Aufbereitung von Abf\u00e4llen eine hochgradig anspruchsvolle T\u00e4tigkeit, die qualifizierte Fachkr\u00e4fte sowie eine umfangreiche Infrastruktur modernster Ausr\u00fcstung und Anlagen erfordert. Die manchmal komplexen Prozesse m\u00fcssen den sehr strengen Sicherheits- und Umweltschutzvorschriften entsprechen. Es wurde eine Partnerschaft mit dem Unternehmen Papirec SA der BAREC-Gruppe vereinbart, welche die Entsorgung und \u00f6kologische Aufbereitung einer grossen Vielzahl unterschiedlichster Materialien, Ger\u00e4te und Gegenst\u00e4nde \u00fcbernimmt, unter anderem von Papier und Pappe. Dies ist ein zuverl\u00e4ssiger und organisierter Partner, der \u00fcber alle offiziellen Sicherheits- und Qualit\u00e4tssicherungszertifikate verf\u00fcgt.<\/p>\n<p>S\u00e4mtliche Mitarbeiter und Partner von Parkgest sind seit 2011 verpflichtet, ihre Papierabf\u00e4lle zu trennen.<\/p>\n<p>Schrott und Metall, Leuchtmittel, verschiedene Ger\u00e4te, insbesondere aus dem Bereich Informatik, die entsorgt werden m\u00fcssen, werden ebenfalls getrennt.<\/p>\n<h3>B. Einkaufspolitik<\/h3>\n<p>Die PARKGEST-Gruppe hat zwei elektrische Patrouillenfahrzeuge f\u00fcr das Parkhaus Pont du Mont-Blanc erworben, sowie ein Segway und ein John Deere Gator, eine Neuheit im Parkplatzsektor. Sie hat ausserdem elektrische Wartungsfahrzeuge (Reinigungsmaschinen) f\u00fcr die Parkh\u00e4user Pont du Mont-Blanc, Villereuse, Les Arcades, Les Rayes und Vand\u0153uvres.angeschafft.<\/p>\n<h3>C. Kundendienst<\/h3>\n<p class=\"previewOff\">Das Parkhaus Pont du Mont-Blanc hatte zu Beginn der 2000er Jahre elektrische Lades\u00e4ulen installiert, denen ein sehr begrenzter Erfolg beschieden war. Diese S\u00e4ulen waren veraltet und wurden aus dem Verkehr gezogen, aber wir pr\u00fcfen derzeit, auf der Grundlage von Kundenanfragen, die M\u00f6glichkeit eines neuen Versuches in diese Richtung.<\/p>\n<p class=\"previewOff\">Eine Greenmotion-Netzstromlades\u00e4ule f\u00fcr Elektroautos <em>Network two<\/em> wurde am 1.\u00a0November 2013 im renovierten Parkplatz von Vand\u0153uvres installiert. Mit dieser S\u00e4ule k\u00f6nnen alle derzeit auf dem Markt erh\u00e4ltlichen Elektrofahrzeuge aufgeladen werden, mittels 3 Arten von Steckdosen. Der Ladevorgang kann per SMS direkt an der S\u00e4ule vorgenommen werden oder mit einem EV-Pass-Abonnement. Die Netzstromlades\u00e4ulen f\u00fcr Elektrofahrzeuge von Greenmotion sind das Ergebnis einer Zusammenarbeit mit den Hochschulen HEIG-VD und EPFL. Sie werden lokal produziert und haben die CE-Zertifizierung erhalten.<\/p>\n<p class=\"previewOn\">Um den Herausforderungen der nachhaltigen Entwicklung zu begegnen und unsere Einrichtungen zu modernisieren, haben wir in drei unserer Parkh\u00e4user E-Auto-Ladestationen installiert: Mont-Blanc, Rayes, Vand\u0153uvres.<\/p<\n\n\n\n<p class=\"previewOn\">Mit diesen Systemen k\u00f6nnen alle derzeit auf dem Markt befindlichen Elektrofahrzeuge \u00fcber drei Steckdosentypen mit Strom betankt werden.<\/p>\n<p class=\"previewOn\">Hierf\u00fcr hat PARKGEST das Lausanner Unternehmen Green Motion als Partner gew\u00e4hlt, den Schweizer Marktf\u00fchrer bei Ladesystemen f\u00fcr Elektrofahrzeuge.<\/p>\n<p class=\"previewOn\"><a href=\"?p=3303\">Lesen Sie mehr \u00fcber die Stromlades\u00e4ulen<\/a><\/p>\n<h3>D. Energieeinsparungen<\/h3>\n<p>Durch ihre seit 1999 bestehende Partnerschaft mit dem Unternehmen Swisselectricity hat die PARKGEST-Gruppe das umfassendeste Energieeinsparziel und hat regelm\u00e4ssig sowohl im Parkhaus Pont du Mont-Blanc als auch im Parkhaus Villereuse in moderne Beleuchtungen investiert.<\/p>\n<p>Beim Parkhaus Les Arcades wurde gerade die Beleuchtung erneuert.<\/p>\n<p>Die 2011 per Volksentscheid beschlossenen \u00c4nderungen des Energiegesetzes sehen mehrere Auflagen f\u00fcr Grossverbraucher vor, unter anderem einen Energieaudit. Zweck dieses Audits ist es, Energieeffizienzl\u00f6sungen zu ermitteln, die sich innerhalb von weniger als drei Jahren amortisieren, der Grenzwert, bei dem Arbeiten durchgef\u00fchrt werden m\u00fcssen. Der am Parkhaus Pont du Mont-Blanc durchgef\u00fchrte Energieaudit betraf die folgenden Aspekte:<\/p>\n<ul>\n<li>L\u00fcftung<\/li>\n<li>Beleuchtung der Medienbereiche (Werbetr\u00e4ger)<\/li>\n<li>Beleuchtung der Parkpl\u00e4tze<\/li>\n<li>Beleuchtung der Verkehrswege<\/li>\n<li>Aufz\u00fcge<\/li>\n<li>Rolltreppen<\/li>\n<li>F\u00f6rderpumpen<\/li>\n<li>R\u00e4umlichkeiten (Heizung)<\/li>\n<li>Kontrollraum (\u00dcberwachungsbildschirme).<\/li>\n<\/ul>\n<p>Die Amortisierungszeitr\u00e4ume liegen zwischen 5,6 und 24,2 Jahren, und somit sehr weit \u00fcber den gesetzlich vorgeschriebenen Mindestwerten, was zeigt, wie wichtig dem Unternehmen sein Energieverbrauch ist.<\/p>\n<p>Trotzdem hat das Parkhaus, im Rahmen des Programms ECO21 der Services Industriels de Gen\u00e8ve, eine weitere Erneuerung der Beleuchtung eingeplant, die noch energiesparender ist, mittels LED-Lichtquellen. Endziel ist eine Verringerung des Verbrauchs von 230\u2019000 kWh\/ Jahr.<\/p>\n<p>Die Investitionenen hinsichtlich der EDV in virtuelle Systeme, um nicht die PCs zu erneuern, sondern Arbeitspl\u00e4tze einzurichten, die direkt mit dem Serverterminal verbunden sind, sorgen nicht nur f\u00fcr unvergleichliche Energieeinsparungen sondern sind auch weniger problematisch in abfalltechnischer Hinsicht.<\/p>\n<p><img loading=\"lazy\" decoding=\"async\" class=\"aligncenter wp-image-10270 size-full\" src=\"https:\/\/www.parkgest.ch\/wp-content\/uploads\/Entreprise_eco21_2025_Q.png\" alt=\"\" width=\"1182\" height=\"709\" style=\"display:block; margin: 0 auto; max-width: 300px; width: 90%\" srcset=\"https:\/\/www.parkgest.ch\/wp-content\/uploads\/\/Entreprise_eco21_2025_Q.png 1182w, https:\/\/www.parkgest.ch\/wp-content\/uploads\/\/Entreprise_eco21_2025_Q-125x75.png 125w, https:\/\/www.parkgest.ch\/wp-content\/uploads\/\/Entreprise_eco21_2025_Q-590x354.png 590w, https:\/\/www.parkgest.ch\/wp-content\/uploads\/\/Entreprise_eco21_2025_Q-768x461.png 768w\" sizes=\"(max-width: 1182px) 100vw, 1182px\" \/><\/p>\n<h3>E. Begrenzung der CO2-Emissionen<\/h3>\n<p>Im Rahmen ihres Engagements f\u00fcr die Umwelt hat die PARKGEST-Gruppe ihren Ansatz zur Umweltverantwortung durch die Integration des Clean Advantage\u00ae-Programms gest\u00e4rkt. Daher hat sich Parking du Mont-Blanc SA verpflichtet, die CO2-Emissionen zu begrenzen, die durch die Nutzung seiner Flotte professioneller Fahrzeuge entstehen.<\/p>\n<p>Im Jahr 2024 konnten durch diese Initiative bis zu 3.273,87 kg CO2 kompensiert und so der CO2-Fu\u00dfabdruck des Unternehmens reduziert werden. Diese Aktion wurde durch die Verleihung der Clean Advantage\u00ae 2024-Zertifizierung gew\u00fcrdigt, eine Garantie f\u00fcr ein konkretes und messbares Engagement.<\/p>\n<p>Die PARKGEST-Gruppe freut sich, sich aktiv an konkreten Aktionen zum Schutz der Umwelt zu beteiligen.<\/p>\n<p><img loading=\"lazy\" decoding=\"async\" class=\"aligncenter wp-image-10523 size-full\" src=\"https:\/\/www.parkgest.ch\/wp-content\/uploads\/Votre-certificat-Clean-Advantage\u00ae-2024.jpg\" alt=\"\" width=\"841\" height=\"595\" srcset=\"https:\/\/www.parkgest.ch\/wp-content\/uploads\/\/Votre-certificat-Clean-Advantage\u00ae-2024.jpg 841w, https:\/\/www.parkgest.ch\/wp-content\/uploads\/\/Votre-certificat-Clean-Advantage\u00ae-2024-125x88.jpg 125w, https:\/\/www.parkgest.ch\/wp-content\/uploads\/\/Votre-certificat-Clean-Advantage\u00ae-2024-590x417.jpg 590w, https:\/\/www.parkgest.ch\/wp-content\/uploads\/\/Votre-certificat-Clean-Advantage\u00ae-2024-768x543.jpg 768w\" sizes=\"(max-width: 841px) 100vw, 841px\" \/><\/p>\n","protected":false},"excerpt":{"rendered":"<p>Die PARKGEST-Gruppe ber\u00fccksichtigt bei der Abfallaufbereitung, bei der Beschaffung ihrer Ausr\u00fcstung und durch ihr Energieverbrauchsmodell Aspekte in Zusammenhang mit einer nachhaltigen Entwicklung. A. Abfallmanagement In Zeiten der Klimaerw\u00e4rmung und der drohenden Knappheit nicht erneuerbarer Ressourcen m\u00fcssen die Unternehmen Abfallmanagment in ihren Produktionsprozess integrieren. Allerdings ist die rationale Aufbereitung von Abf\u00e4llen eine hochgradig anspruchsvolle T\u00e4tigkeit, die [&hellip;]<\/p>\n","protected":false},"author":5,"featured_media":5614,"parent":1293,"menu_order":3,"comment_status":"closed","ping_status":"closed","template":"","meta":{"footnotes":""},"tags":[],"yoast_head":"<!-- This site is optimized with the Yoast SEO plugin v21.8 - https:\/\/yoast.com\/wordpress\/plugins\/seo\/ -->\n<title>Nachhaltige Entwicklung | Parkgest<\/title>\n<meta name=\"description\" content=\"PARKGEST ber\u00fccksichtigt bei der Abfallaufbereitung, bei der Beschaffung ihrer Ausr\u00fcstung und durch ihr Energieverbrauchsmodell Aspekte in Zusammenhang.\" \/>\n<meta name=\"robots\" content=\"index, follow, max-snippet:-1, max-image-preview:large, max-video-preview:-1\" \/>\n<link rel=\"canonical\" href=\"https:\/\/www.parkgest.ch\/de\/parkgest\/nachhaltige-entwicklung\/\" \/>\n<meta property=\"og:locale\" content=\"de_DE\" \/>\n<meta property=\"og:type\" content=\"article\" \/>\n<meta property=\"og:title\" content=\"Nachhaltige Entwicklung | Parkgest\" \/>\n<meta property=\"og:description\" content=\"PARKGEST ber\u00fccksichtigt bei der Abfallaufbereitung, bei der Beschaffung ihrer Ausr\u00fcstung und durch ihr Energieverbrauchsmodell Aspekte in Zusammenhang.\" \/>\n<meta property=\"og:url\" content=\"https:\/\/www.parkgest.ch\/de\/parkgest\/nachhaltige-entwicklung\/\" \/>\n<meta property=\"og:site_name\" content=\"Parkgest\" \/>\n<meta property=\"article:modified_time\" content=\"2025-04-15T15:42:08+00:00\" \/>\n<meta property=\"og:image\" content=\"https:\/\/www.parkgest.ch\/wp-content\/uploads\/Page-developpement-durable_DL06039-2-scaled.jpg\" \/>\n\t<meta property=\"og:image:width\" content=\"2560\" \/>\n\t<meta property=\"og:image:height\" content=\"1709\" \/>\n\t<meta property=\"og:image:type\" content=\"image\/jpeg\" \/>\n<meta name=\"twitter:label1\" content=\"Gesch\u00e4tzte Lesezeit\" \/>\n\t<meta name=\"twitter:data1\" content=\"4\u00a0Minuten\" \/>\n<script type=\"application\/ld+json\" class=\"yoast-schema-graph\">{\"@context\":\"https:\/\/schema.org\",\"@graph\":[{\"@type\":\"WebPage\",\"@id\":\"https:\/\/www.parkgest.ch\/de\/parkgest\/nachhaltige-entwicklung\/\",\"url\":\"https:\/\/www.parkgest.ch\/de\/parkgest\/nachhaltige-entwicklung\/\",\"name\":\"Nachhaltige Entwicklung | Parkgest\",\"isPartOf\":{\"@id\":\"https:\/\/www.parkgest.ch\/#website\"},\"datePublished\":\"2013-12-03T21:57:18+00:00\",\"dateModified\":\"2025-04-15T15:42:08+00:00\",\"description\":\"PARKGEST ber\u00fccksichtigt bei der Abfallaufbereitung, bei der Beschaffung ihrer Ausr\u00fcstung und durch ihr Energieverbrauchsmodell Aspekte in Zusammenhang.\",\"breadcrumb\":{\"@id\":\"https:\/\/www.parkgest.ch\/de\/parkgest\/nachhaltige-entwicklung\/#breadcrumb\"},\"inLanguage\":\"de\",\"potentialAction\":[{\"@type\":\"ReadAction\",\"target\":[\"https:\/\/www.parkgest.ch\/de\/parkgest\/nachhaltige-entwicklung\/\"]}]},{\"@type\":\"BreadcrumbList\",\"@id\":\"https:\/\/www.parkgest.ch\/de\/parkgest\/nachhaltige-entwicklung\/#breadcrumb\",\"itemListElement\":[{\"@type\":\"ListItem\",\"position\":1,\"name\":\"Accueil\",\"item\":\"https:\/\/www.parkgest.ch\/de\/\"},{\"@type\":\"ListItem\",\"position\":2,\"name\":\"Parkgest\",\"item\":\"https:\/\/www.parkgest.ch\/de\/parkgest\/\"},{\"@type\":\"ListItem\",\"position\":3,\"name\":\"Nachhaltige Entwicklung\"}]},{\"@type\":\"WebSite\",\"@id\":\"https:\/\/www.parkgest.ch\/#website\",\"url\":\"https:\/\/www.parkgest.ch\/\",\"name\":\"Parkgest\",\"description\":\"R\u00e9seau de parkings \u00e0 Gen\u00e8ve et Suisse romande\",\"potentialAction\":[{\"@type\":\"SearchAction\",\"target\":{\"@type\":\"EntryPoint\",\"urlTemplate\":\"https:\/\/www.parkgest.ch\/?s={search_term_string}\"},\"query-input\":\"required name=search_term_string\"}],\"inLanguage\":\"de\"}]}<\/script>\n<!-- \/ Yoast SEO plugin. -->","yoast_head_json":{"title":"Nachhaltige Entwicklung | Parkgest","description":"PARKGEST ber\u00fccksichtigt bei der Abfallaufbereitung, bei der Beschaffung ihrer Ausr\u00fcstung und durch ihr Energieverbrauchsmodell Aspekte in Zusammenhang.","robots":{"index":"index","follow":"follow","max-snippet":"max-snippet:-1","max-image-preview":"max-image-preview:large","max-video-preview":"max-video-preview:-1"},"canonical":"https:\/\/www.parkgest.ch\/de\/parkgest\/nachhaltige-entwicklung\/","og_locale":"de_DE","og_type":"article","og_title":"Nachhaltige Entwicklung | Parkgest","og_description":"PARKGEST ber\u00fccksichtigt bei der Abfallaufbereitung, bei der Beschaffung ihrer Ausr\u00fcstung und durch ihr Energieverbrauchsmodell Aspekte in Zusammenhang.","og_url":"https:\/\/www.parkgest.ch\/de\/parkgest\/nachhaltige-entwicklung\/","og_site_name":"Parkgest","article_modified_time":"2025-04-15T15:42:08+00:00","og_image":[{"width":2560,"height":1709,"url":"https:\/\/www.parkgest.ch\/wp-content\/uploads\/Page-developpement-durable_DL06039-2-scaled.jpg","type":"image\/jpeg"}],"twitter_misc":{"Gesch\u00e4tzte Lesezeit":"4\u00a0Minuten"},"schema":{"@context":"https:\/\/schema.org","@graph":[{"@type":"WebPage","@id":"https:\/\/www.parkgest.ch\/de\/parkgest\/nachhaltige-entwicklung\/","url":"https:\/\/www.parkgest.ch\/de\/parkgest\/nachhaltige-entwicklung\/","name":"Nachhaltige Entwicklung | Parkgest","isPartOf":{"@id":"https:\/\/www.parkgest.ch\/#website"},"datePublished":"2013-12-03T21:57:18+00:00","dateModified":"2025-04-15T15:42:08+00:00","description":"PARKGEST ber\u00fccksichtigt bei der Abfallaufbereitung, bei der Beschaffung ihrer Ausr\u00fcstung und durch ihr Energieverbrauchsmodell Aspekte in Zusammenhang.","breadcrumb":{"@id":"https:\/\/www.parkgest.ch\/de\/parkgest\/nachhaltige-entwicklung\/#breadcrumb"},"inLanguage":"de","potentialAction":[{"@type":"ReadAction","target":["https:\/\/www.parkgest.ch\/de\/parkgest\/nachhaltige-entwicklung\/"]}]},{"@type":"BreadcrumbList","@id":"https:\/\/www.parkgest.ch\/de\/parkgest\/nachhaltige-entwicklung\/#breadcrumb","itemListElement":[{"@type":"ListItem","position":1,"name":"Accueil","item":"https:\/\/www.parkgest.ch\/de\/"},{"@type":"ListItem","position":2,"name":"Parkgest","item":"https:\/\/www.parkgest.ch\/de\/parkgest\/"},{"@type":"ListItem","position":3,"name":"Nachhaltige Entwicklung"}]},{"@type":"WebSite","@id":"https:\/\/www.parkgest.ch\/#website","url":"https:\/\/www.parkgest.ch\/","name":"Parkgest","description":"R\u00e9seau de parkings \u00e0 Gen\u00e8ve et Suisse romande","potentialAction":[{"@type":"SearchAction","target":{"@type":"EntryPoint","urlTemplate":"https:\/\/www.parkgest.ch\/?s={search_term_string}"},"query-input":"required name=search_term_string"}],"inLanguage":"de"}]}},"_links":{"self":[{"href":"https:\/\/www.parkgest.ch\/de\/wp-json\/wp\/v2\/pages\/1345"}],"collection":[{"href":"https:\/\/www.parkgest.ch\/de\/wp-json\/wp\/v2\/pages"}],"about":[{"href":"https:\/\/www.parkgest.ch\/de\/wp-json\/wp\/v2\/types\/page"}],"author":[{"embeddable":true,"href":"https:\/\/www.parkgest.ch\/de\/wp-json\/wp\/v2\/users\/5"}],"replies":[{"embeddable":true,"href":"https:\/\/www.parkgest.ch\/de\/wp-json\/wp\/v2\/comments?post=1345"}],"version-history":[{"count":3,"href":"https:\/\/www.parkgest.ch\/de\/wp-json\/wp\/v2\/pages\/1345\/revisions"}],"predecessor-version":[{"id":10531,"href":"https:\/\/www.parkgest.ch\/de\/wp-json\/wp\/v2\/pages\/1345\/revisions\/10531"}],"up":[{"embeddable":true,"href":"https:\/\/www.parkgest.ch\/de\/wp-json\/wp\/v2\/pages\/1293"}],"wp:featuredmedia":[{"embeddable":true,"href":"https:\/\/www.parkgest.ch\/de\/wp-json\/wp\/v2\/media\/5614"}],"wp:attachment":[{"href":"https:\/\/www.parkgest.ch\/de\/wp-json\/wp\/v2\/media?parent=1345"}],"wp:term":[{"taxonomy":"post_tag","embeddable":true,"href":"https:\/\/www.parkgest.ch\/de\/wp-json\/wp\/v2\/tags?post=1345"}],"curies":[{"name":"wp","href":"https:\/\/api.w.org\/{rel}","templated":true}]}}