{"id":1329,"date":"2012-12-05T11:38:08","date_gmt":"2012-12-05T10:38:08","guid":{"rendered":"http:\/\/www.parkgest.ch\/philosophie\/"},"modified":"2017-07-26T03:37:00","modified_gmt":"2017-07-26T02:37:00","slug":"unternehmensphilosophie","status":"publish","type":"page","link":"https:\/\/www.parkgest.ch\/de\/parkgest\/unternehmensphilosophie\/","title":{"rendered":"Unternehmensphilosophie"},"content":{"rendered":"<p>Die PARKGEST-Gruppe glaubt an ihre Region und m\u00f6chte durch ihre T\u00e4tigkeit zum kollektiven Wohlbefinden und zur harmonischen und nachhaltigen urbanen Entwicklung ihrer Gebietsk\u00f6rperschaften beitragen.<br \/>\nWir bieten den Nutzern hochwertige Dienstleistungen, inbesondere:<\/p>\n<ul>\n<li>Bequeme und g\u00fcnstig gelegene Parkpl\u00e4tze<\/li>\n<li>Ein bew\u00e4hrtes Know-how<\/li>\n<li>Engagierte und verantwortungsvolle Mitarbeiter<\/li>\n<li>Einen aufmerksamen und leistungsf\u00e4higen Service.<\/li>\n<\/ul>\n<p>Wir bieten Unternehmen und Gebietsk\u00f6rperschaften eine bew\u00e4hrte, an jedes Entwicklungs- und Bewirtschaftungsprojekt angepasste Methodik und sind Effizienz und Transparenz verpflichtet.<\/p>\n<p>Angesichts eines sich in Hinblick auf die Sicherheit von Personen und Werten stetig weiterentwickelnden Umfelds verpflichtet sich die Gruppe in diesen Bereichen zur Umsetzung von Massnahmen zur Gew\u00e4hrleistung der Sicherheit der Nutzer, der Mitarbeiter und der Sachwerte.<\/p>\n","protected":false},"excerpt":{"rendered":"<p>Die PARKGEST-Gruppe glaubt an ihre Region und m\u00f6chte durch ihre T\u00e4tigkeit zum kollektiven Wohlbefinden und zur harmonischen und nachhaltigen urbanen Entwicklung ihrer Gebietsk\u00f6rperschaften beitragen. Wir bieten den Nutzern hochwertige Dienstleistungen, inbesondere: Bequeme und g\u00fcnstig gelegene Parkpl\u00e4tze Ein bew\u00e4hrtes Know-how Engagierte und verantwortungsvolle Mitarbeiter Einen aufmerksamen und leistungsf\u00e4higen Service. Wir bieten Unternehmen und Gebietsk\u00f6rperschaften eine bew\u00e4hrte, [&hellip;]<\/p>\n","protected":false},"author":5,"featured_media":4188,"parent":1293,"menu_order":1,"comment_status":"closed","ping_status":"closed","template":"","meta":{"footnotes":""},"tags":[],"yoast_head":"<!-- This site is optimized with the Yoast SEO plugin v21.8 - https:\/\/yoast.com\/wordpress\/plugins\/seo\/ -->\n<title>Unternehmensphilosophie | Parkgest<\/title>\n<meta name=\"description\" content=\"Die PARKGEST-Gruppe m\u00f6chte durch ihre T\u00e4tigkeit zum kollektiven Wohlbefinden ihrer Gebietsk\u00f6rperschaften beitragen.\" \/>\n<meta name=\"robots\" content=\"index, follow, max-snippet:-1, max-image-preview:large, max-video-preview:-1\" \/>\n<link rel=\"canonical\" href=\"https:\/\/www.parkgest.ch\/de\/parkgest\/unternehmensphilosophie\/\" \/>\n<meta property=\"og:locale\" content=\"de_DE\" \/>\n<meta property=\"og:type\" content=\"article\" \/>\n<meta property=\"og:title\" content=\"Unternehmensphilosophie | Parkgest\" \/>\n<meta property=\"og:description\" content=\"Die PARKGEST-Gruppe m\u00f6chte durch ihre T\u00e4tigkeit zum kollektiven Wohlbefinden ihrer Gebietsk\u00f6rperschaften beitragen.\" \/>\n<meta property=\"og:url\" content=\"https:\/\/www.parkgest.ch\/de\/parkgest\/unternehmensphilosophie\/\" \/>\n<meta property=\"og:site_name\" content=\"Parkgest\" \/>\n<meta property=\"article:modified_time\" content=\"2017-07-26T02:37:00+00:00\" \/>\n<meta property=\"og:image\" content=\"https:\/\/www.parkgest.ch\/wp-content\/uploads\/philosophie-1.jpg\" \/>\n\t<meta property=\"og:image:width\" content=\"1920\" \/>\n\t<meta property=\"og:image:height\" content=\"390\" \/>\n\t<meta property=\"og:image:type\" content=\"image\/jpeg\" \/>\n<meta name=\"twitter:label1\" content=\"Gesch\u00e4tzte Lesezeit\" \/>\n\t<meta name=\"twitter:data1\" content=\"1\u00a0Minute\" \/>\n<script type=\"application\/ld+json\" class=\"yoast-schema-graph\">{\"@context\":\"https:\/\/schema.org\",\"@graph\":[{\"@type\":\"WebPage\",\"@id\":\"https:\/\/www.parkgest.ch\/de\/parkgest\/unternehmensphilosophie\/\",\"url\":\"https:\/\/www.parkgest.ch\/de\/parkgest\/unternehmensphilosophie\/\",\"name\":\"Unternehmensphilosophie | Parkgest\",\"isPartOf\":{\"@id\":\"https:\/\/www.parkgest.ch\/#website\"},\"datePublished\":\"2012-12-05T10:38:08+00:00\",\"dateModified\":\"2017-07-26T02:37:00+00:00\",\"description\":\"Die PARKGEST-Gruppe m\u00f6chte durch ihre T\u00e4tigkeit zum kollektiven Wohlbefinden ihrer Gebietsk\u00f6rperschaften beitragen.\",\"breadcrumb\":{\"@id\":\"https:\/\/www.parkgest.ch\/de\/parkgest\/unternehmensphilosophie\/#breadcrumb\"},\"inLanguage\":\"de\",\"potentialAction\":[{\"@type\":\"ReadAction\",\"target\":[\"https:\/\/www.parkgest.ch\/de\/parkgest\/unternehmensphilosophie\/\"]}]},{\"@type\":\"BreadcrumbList\",\"@id\":\"https:\/\/www.parkgest.ch\/de\/parkgest\/unternehmensphilosophie\/#breadcrumb\",\"itemListElement\":[{\"@type\":\"ListItem\",\"position\":1,\"name\":\"Accueil\",\"item\":\"https:\/\/www.parkgest.ch\/de\/\"},{\"@type\":\"ListItem\",\"position\":2,\"name\":\"Parkgest\",\"item\":\"https:\/\/www.parkgest.ch\/de\/parkgest\/\"},{\"@type\":\"ListItem\",\"position\":3,\"name\":\"Unternehmensphilosophie\"}]},{\"@type\":\"WebSite\",\"@id\":\"https:\/\/www.parkgest.ch\/#website\",\"url\":\"https:\/\/www.parkgest.ch\/\",\"name\":\"Parkgest\",\"description\":\"R\u00e9seau de parkings \u00e0 Gen\u00e8ve et Suisse romande\",\"potentialAction\":[{\"@type\":\"SearchAction\",\"target\":{\"@type\":\"EntryPoint\",\"urlTemplate\":\"https:\/\/www.parkgest.ch\/?s={search_term_string}\"},\"query-input\":\"required name=search_term_string\"}],\"inLanguage\":\"de\"}]}<\/script>\n<!-- \/ Yoast SEO plugin. -->","yoast_head_json":{"title":"Unternehmensphilosophie | Parkgest","description":"Die PARKGEST-Gruppe m\u00f6chte durch ihre T\u00e4tigkeit zum kollektiven Wohlbefinden ihrer Gebietsk\u00f6rperschaften beitragen.","robots":{"index":"index","follow":"follow","max-snippet":"max-snippet:-1","max-image-preview":"max-image-preview:large","max-video-preview":"max-video-preview:-1"},"canonical":"https:\/\/www.parkgest.ch\/de\/parkgest\/unternehmensphilosophie\/","og_locale":"de_DE","og_type":"article","og_title":"Unternehmensphilosophie | Parkgest","og_description":"Die PARKGEST-Gruppe m\u00f6chte durch ihre T\u00e4tigkeit zum kollektiven Wohlbefinden ihrer Gebietsk\u00f6rperschaften beitragen.","og_url":"https:\/\/www.parkgest.ch\/de\/parkgest\/unternehmensphilosophie\/","og_site_name":"Parkgest","article_modified_time":"2017-07-26T02:37:00+00:00","og_image":[{"width":1920,"height":390,"url":"https:\/\/www.parkgest.ch\/wp-content\/uploads\/philosophie-1.jpg","type":"image\/jpeg"}],"twitter_misc":{"Gesch\u00e4tzte Lesezeit":"1\u00a0Minute"},"schema":{"@context":"https:\/\/schema.org","@graph":[{"@type":"WebPage","@id":"https:\/\/www.parkgest.ch\/de\/parkgest\/unternehmensphilosophie\/","url":"https:\/\/www.parkgest.ch\/de\/parkgest\/unternehmensphilosophie\/","name":"Unternehmensphilosophie | Parkgest","isPartOf":{"@id":"https:\/\/www.parkgest.ch\/#website"},"datePublished":"2012-12-05T10:38:08+00:00","dateModified":"2017-07-26T02:37:00+00:00","description":"Die PARKGEST-Gruppe m\u00f6chte durch ihre T\u00e4tigkeit zum kollektiven Wohlbefinden ihrer Gebietsk\u00f6rperschaften beitragen.","breadcrumb":{"@id":"https:\/\/www.parkgest.ch\/de\/parkgest\/unternehmensphilosophie\/#breadcrumb"},"inLanguage":"de","potentialAction":[{"@type":"ReadAction","target":["https:\/\/www.parkgest.ch\/de\/parkgest\/unternehmensphilosophie\/"]}]},{"@type":"BreadcrumbList","@id":"https:\/\/www.parkgest.ch\/de\/parkgest\/unternehmensphilosophie\/#breadcrumb","itemListElement":[{"@type":"ListItem","position":1,"name":"Accueil","item":"https:\/\/www.parkgest.ch\/de\/"},{"@type":"ListItem","position":2,"name":"Parkgest","item":"https:\/\/www.parkgest.ch\/de\/parkgest\/"},{"@type":"ListItem","position":3,"name":"Unternehmensphilosophie"}]},{"@type":"WebSite","@id":"https:\/\/www.parkgest.ch\/#website","url":"https:\/\/www.parkgest.ch\/","name":"Parkgest","description":"R\u00e9seau de parkings \u00e0 Gen\u00e8ve et Suisse romande","potentialAction":[{"@type":"SearchAction","target":{"@type":"EntryPoint","urlTemplate":"https:\/\/www.parkgest.ch\/?s={search_term_string}"},"query-input":"required name=search_term_string"}],"inLanguage":"de"}]}},"_links":{"self":[{"href":"https:\/\/www.parkgest.ch\/de\/wp-json\/wp\/v2\/pages\/1329"}],"collection":[{"href":"https:\/\/www.parkgest.ch\/de\/wp-json\/wp\/v2\/pages"}],"about":[{"href":"https:\/\/www.parkgest.ch\/de\/wp-json\/wp\/v2\/types\/page"}],"author":[{"embeddable":true,"href":"https:\/\/www.parkgest.ch\/de\/wp-json\/wp\/v2\/users\/5"}],"replies":[{"embeddable":true,"href":"https:\/\/www.parkgest.ch\/de\/wp-json\/wp\/v2\/comments?post=1329"}],"version-history":[{"count":0,"href":"https:\/\/www.parkgest.ch\/de\/wp-json\/wp\/v2\/pages\/1329\/revisions"}],"up":[{"embeddable":true,"href":"https:\/\/www.parkgest.ch\/de\/wp-json\/wp\/v2\/pages\/1293"}],"wp:featuredmedia":[{"embeddable":true,"href":"https:\/\/www.parkgest.ch\/de\/wp-json\/wp\/v2\/media\/4188"}],"wp:attachment":[{"href":"https:\/\/www.parkgest.ch\/de\/wp-json\/wp\/v2\/media?parent=1329"}],"wp:term":[{"taxonomy":"post_tag","embeddable":true,"href":"https:\/\/www.parkgest.ch\/de\/wp-json\/wp\/v2\/tags?post=1329"}],"curies":[{"name":"wp","href":"https:\/\/api.w.org\/{rel}","templated":true}]}}