{"id":1317,"date":"2012-12-04T19:29:42","date_gmt":"2012-12-04T18:29:42","guid":{"rendered":"http:\/\/www.parkgest.ch\/infos-pratiques-6\/"},"modified":"2026-05-04T15:07:43","modified_gmt":"2026-05-04T14:07:43","slug":"praktisch-informationen","status":"publish","type":"page","link":"https:\/\/www.parkgest.ch\/de\/wo-man-parken\/villereuse-parkplatz\/praktisch-informationen\/","title":{"rendered":"Praktische Informationen"},"content":{"rendered":"<p><strong>Villereuse parkplatz<\/strong><br \/>\nCarrefour de Villereuse 2A<br \/>\n1207 Gen\u00e8ve<\/p>\n<p>\u00d6ffnungszeiten:<br \/>\nParkhaus: rund um die Uhr, 7 Tage die Woche<\/p>\n<p><b>Kontrollzentrale\u00a0<\/b><br \/>\nT\u00e9l. 022 316 08 51<\/p>\n<p>\u00d6ffnungszeiten:<br \/>\nMontag bis Donnerstag von 8:00 bis 12:00 Uhr und von 13:30 bis 18:00 Uhr<br \/>\nFreitag von 8:00 bis 12:00 Uhr und von 13:30 bis 17:30 Uhr<\/p>\n<p>Ausserhalb dieser Zeiten Verbindung zur Kontrollzentrale Mont-Blanc<\/p>\n<p><b>Vertriebsabteilung<\/b><br \/>\nRue de la R\u00f4tisserie 4B<br \/>\n1204 Gen\u00e8ve<br \/>\nT\u00e9l. 022 316 08 81<br \/>\nFax. 022 316 08 99<br \/>\n<a href=\"mailto:parkingdevillereuse@parkgest.ch\">parkingdevillereuse@parkgest.ch<\/a><b><\/b><\/p>\n<p>Telefonische Empfangsdienst:<br \/>\nMontag bis Freitag von 8:00 bis 12:00<\/p>\n<p><strong>Sonstige Angaben<\/strong><br \/>\nGesamtfl\u00e4che:<br \/>\n14\u2019170 \u33a1<\/p>\n<p>Kapazit\u00e4t:<br \/>\nDas Parkhaus besteht aus einer Innenstruktur auf sechs Ebenen mit 516 Stellpl\u00e4tzen f\u00fcr leichte Kraftfahrzeuge, darunter 4 Stellpl\u00e4tze f\u00fcr Personen mit eingeschr\u00e4nkter Mobilit\u00e4t, 4 Stellpl\u00e4tze zum Laden von Elektrofahrzeugen, 6 Stellpl\u00e4tze f\u00fcr Frauen ab 18:00 Uhr, 19 Stellpl\u00e4tze f\u00fcr die Sharing-Netzwerke \u201eMobility\u201c und \u201eEntreprise Go\u201c, 19 Stellpl\u00e4tze f\u00fcr motorisierte Zweir\u00e4der (2WD) und 75 private Stellpl\u00e4tze auf 3 Unterparkpl\u00e4tzen (2 f\u00fcr die). Stadt Genf, 1 f\u00fcr das Jaques-Dalcroze-Institut).<\/p>\n<p><strong>Akzeptierte Zahlungsmittel<\/strong><br \/>\n<img loading=\"lazy\" decoding=\"async\" title=\"paiement-amex\" src=\"http:\/\/www.parkgest.ch\/\/wp-content\/uploads\/moyens_paiement_1.jpg\" alt=\"\" width=\"31\" height=\"34\" \/><img loading=\"lazy\" decoding=\"async\" title=\"paiement-mastercard\" src=\"http:\/\/www.parkgest.ch\/\/wp-content\/uploads\/moyens_paiement_2.jpg\" alt=\"\" width=\"51\" height=\"34\" \/><img loading=\"lazy\" decoding=\"async\" title=\"paiement-visa\" src=\"http:\/\/www.parkgest.ch\/\/wp-content\/uploads\/moyens_paiement_3.jpg\" alt=\"\" width=\"45\" height=\"34\" \/>\u00a0<img loading=\"lazy\" decoding=\"async\" title=\"paiement-maestro\" src=\"http:\/\/www.parkgest.ch\/\/wp-content\/uploads\/moyens_paiement_7.jpg\" alt=\"\" width=\"57\" height=\"34\" \/>\u00a0<img loading=\"lazy\" decoding=\"async\" title=\"paiement-post-finance\" src=\"http:\/\/www.parkgest.ch\/\/wp-content\/uploads\/moyens_paiement_6.jpg\" alt=\"\" width=\"117\" height=\"34\" \/><\/p>\n<p><b>Zertifizierung<\/b><br \/>\n<a href=\"https:\/\/www.parkgest.ch\/de\/parkgest\/valeurs\/\"><img decoding=\"async\" class=\"alignnone\" src=\"https:\/\/www.parkgest.ch\/wp-content\/uploads\/EPA-Award-Standard.png\" title=\"EUROPEAN STANDARD PARKING AWARD OFF-STREET - Appointed on behalf of the European Parking Association\" alt=\"EUROPEAN STANDARD PARKING AWARD OFF-STREET - Appointed on behalf of the European Parking Association\" width=\"140px\"\/><\/a><\/p>\n<p><\/p>\n","protected":false},"excerpt":{"rendered":"<p>Villereuse parkplatz Carrefour de Villereuse 2A 1207 Gen\u00e8ve \u00d6ffnungszeiten: Parkhaus: rund um die Uhr, 7 Tage die Woche Kontrollzentrale\u00a0 T\u00e9l. 022 316 08 51 \u00d6ffnungszeiten: Montag bis Donnerstag von 8:00 bis 12:00 Uhr und von 13:30 bis 18:00 Uhr Freitag von 8:00 bis 12:00 Uhr und von 13:30 bis 17:30 Uhr Ausserhalb dieser Zeiten Verbindung [&hellip;]<\/p>\n","protected":false},"author":5,"featured_media":0,"parent":1338,"menu_order":0,"comment_status":"closed","ping_status":"closed","template":"","meta":{"footnotes":""},"tags":[],"yoast_head":"<!-- This site is optimized with the Yoast SEO plugin v21.8 - https:\/\/yoast.com\/wordpress\/plugins\/seo\/ -->\n<title>Praktische Informationen Villereuse | Parkgest<\/title>\n<meta name=\"description\" content=\"Praktische Informationen. Villereuse parkplatz, Carrefour de Villereuse 2A 1207 Gen\u00e8ve. \u00d6ffnungszeiten Parkhaus: rund um die Uhr, 7 Tage die Woche.\" \/>\n<meta name=\"robots\" content=\"index, follow, max-snippet:-1, max-image-preview:large, max-video-preview:-1\" \/>\n<link rel=\"canonical\" href=\"https:\/\/www.parkgest.ch\/de\/wo-man-parken\/villereuse-parkplatz\/praktisch-informationen\/\" \/>\n<meta property=\"og:locale\" content=\"de_DE\" \/>\n<meta property=\"og:type\" content=\"article\" \/>\n<meta property=\"og:title\" content=\"Praktische Informationen Villereuse | Parkgest\" \/>\n<meta property=\"og:description\" content=\"Praktische Informationen. Villereuse parkplatz, Carrefour de Villereuse 2A 1207 Gen\u00e8ve. \u00d6ffnungszeiten Parkhaus: rund um die Uhr, 7 Tage die Woche.\" \/>\n<meta property=\"og:url\" content=\"https:\/\/www.parkgest.ch\/de\/wo-man-parken\/villereuse-parkplatz\/praktisch-informationen\/\" \/>\n<meta property=\"og:site_name\" content=\"Parkgest\" \/>\n<meta property=\"article:modified_time\" content=\"2026-05-04T14:07:43+00:00\" \/>\n<meta property=\"og:image\" content=\"http:\/\/www.parkgest.ch\/\/wp-content\/uploads\/moyens_paiement_1.jpg\" \/>\n<meta name=\"twitter:label1\" content=\"Gesch\u00e4tzte Lesezeit\" \/>\n\t<meta name=\"twitter:data1\" content=\"3\u00a0Minuten\" \/>\n<script type=\"application\/ld+json\" class=\"yoast-schema-graph\">{\"@context\":\"https:\/\/schema.org\",\"@graph\":[{\"@type\":\"WebPage\",\"@id\":\"https:\/\/www.parkgest.ch\/de\/wo-man-parken\/villereuse-parkplatz\/praktisch-informationen\/\",\"url\":\"https:\/\/www.parkgest.ch\/de\/wo-man-parken\/villereuse-parkplatz\/praktisch-informationen\/\",\"name\":\"Praktische Informationen Villereuse | Parkgest\",\"isPartOf\":{\"@id\":\"https:\/\/www.parkgest.ch\/#website\"},\"datePublished\":\"2012-12-04T18:29:42+00:00\",\"dateModified\":\"2026-05-04T14:07:43+00:00\",\"description\":\"Praktische Informationen. Villereuse parkplatz, Carrefour de Villereuse 2A 1207 Gen\u00e8ve. \u00d6ffnungszeiten Parkhaus: rund um die Uhr, 7 Tage die Woche.\",\"breadcrumb\":{\"@id\":\"https:\/\/www.parkgest.ch\/de\/wo-man-parken\/villereuse-parkplatz\/praktisch-informationen\/#breadcrumb\"},\"inLanguage\":\"de\",\"potentialAction\":[{\"@type\":\"ReadAction\",\"target\":[\"https:\/\/www.parkgest.ch\/de\/wo-man-parken\/villereuse-parkplatz\/praktisch-informationen\/\"]}]},{\"@type\":\"BreadcrumbList\",\"@id\":\"https:\/\/www.parkgest.ch\/de\/wo-man-parken\/villereuse-parkplatz\/praktisch-informationen\/#breadcrumb\",\"itemListElement\":[{\"@type\":\"ListItem\",\"position\":1,\"name\":\"Accueil\",\"item\":\"https:\/\/www.parkgest.ch\/de\/\"},{\"@type\":\"ListItem\",\"position\":2,\"name\":\"Wo kann ich parken?\",\"item\":\"https:\/\/www.parkgest.ch\/de\/wo-man-parken\/\"},{\"@type\":\"ListItem\",\"position\":3,\"name\":\"Parkhaus Villereuse\",\"item\":\"https:\/\/www.parkgest.ch\/de\/wo-man-parken\/villereuse-parkplatz\/\"},{\"@type\":\"ListItem\",\"position\":4,\"name\":\"Praktische Informationen\"}]},{\"@type\":\"WebSite\",\"@id\":\"https:\/\/www.parkgest.ch\/#website\",\"url\":\"https:\/\/www.parkgest.ch\/\",\"name\":\"Parkgest\",\"description\":\"R\u00e9seau de parkings \u00e0 Gen\u00e8ve et Suisse romande\",\"potentialAction\":[{\"@type\":\"SearchAction\",\"target\":{\"@type\":\"EntryPoint\",\"urlTemplate\":\"https:\/\/www.parkgest.ch\/?s={search_term_string}\"},\"query-input\":\"required name=search_term_string\"}],\"inLanguage\":\"de\"}]}<\/script>\n<!-- \/ Yoast SEO plugin. -->","yoast_head_json":{"title":"Praktische Informationen Villereuse | Parkgest","description":"Praktische Informationen. Villereuse parkplatz, Carrefour de Villereuse 2A 1207 Gen\u00e8ve. \u00d6ffnungszeiten Parkhaus: rund um die Uhr, 7 Tage die Woche.","robots":{"index":"index","follow":"follow","max-snippet":"max-snippet:-1","max-image-preview":"max-image-preview:large","max-video-preview":"max-video-preview:-1"},"canonical":"https:\/\/www.parkgest.ch\/de\/wo-man-parken\/villereuse-parkplatz\/praktisch-informationen\/","og_locale":"de_DE","og_type":"article","og_title":"Praktische Informationen Villereuse | Parkgest","og_description":"Praktische Informationen. Villereuse parkplatz, Carrefour de Villereuse 2A 1207 Gen\u00e8ve. \u00d6ffnungszeiten Parkhaus: rund um die Uhr, 7 Tage die Woche.","og_url":"https:\/\/www.parkgest.ch\/de\/wo-man-parken\/villereuse-parkplatz\/praktisch-informationen\/","og_site_name":"Parkgest","article_modified_time":"2026-05-04T14:07:43+00:00","og_image":[{"url":"http:\/\/www.parkgest.ch\/\/wp-content\/uploads\/moyens_paiement_1.jpg"}],"twitter_misc":{"Gesch\u00e4tzte Lesezeit":"3\u00a0Minuten"},"schema":{"@context":"https:\/\/schema.org","@graph":[{"@type":"WebPage","@id":"https:\/\/www.parkgest.ch\/de\/wo-man-parken\/villereuse-parkplatz\/praktisch-informationen\/","url":"https:\/\/www.parkgest.ch\/de\/wo-man-parken\/villereuse-parkplatz\/praktisch-informationen\/","name":"Praktische Informationen Villereuse | Parkgest","isPartOf":{"@id":"https:\/\/www.parkgest.ch\/#website"},"datePublished":"2012-12-04T18:29:42+00:00","dateModified":"2026-05-04T14:07:43+00:00","description":"Praktische Informationen. Villereuse parkplatz, Carrefour de Villereuse 2A 1207 Gen\u00e8ve. \u00d6ffnungszeiten Parkhaus: rund um die Uhr, 7 Tage die Woche.","breadcrumb":{"@id":"https:\/\/www.parkgest.ch\/de\/wo-man-parken\/villereuse-parkplatz\/praktisch-informationen\/#breadcrumb"},"inLanguage":"de","potentialAction":[{"@type":"ReadAction","target":["https:\/\/www.parkgest.ch\/de\/wo-man-parken\/villereuse-parkplatz\/praktisch-informationen\/"]}]},{"@type":"BreadcrumbList","@id":"https:\/\/www.parkgest.ch\/de\/wo-man-parken\/villereuse-parkplatz\/praktisch-informationen\/#breadcrumb","itemListElement":[{"@type":"ListItem","position":1,"name":"Accueil","item":"https:\/\/www.parkgest.ch\/de\/"},{"@type":"ListItem","position":2,"name":"Wo kann ich parken?","item":"https:\/\/www.parkgest.ch\/de\/wo-man-parken\/"},{"@type":"ListItem","position":3,"name":"Parkhaus Villereuse","item":"https:\/\/www.parkgest.ch\/de\/wo-man-parken\/villereuse-parkplatz\/"},{"@type":"ListItem","position":4,"name":"Praktische Informationen"}]},{"@type":"WebSite","@id":"https:\/\/www.parkgest.ch\/#website","url":"https:\/\/www.parkgest.ch\/","name":"Parkgest","description":"R\u00e9seau de parkings \u00e0 Gen\u00e8ve et Suisse romande","potentialAction":[{"@type":"SearchAction","target":{"@type":"EntryPoint","urlTemplate":"https:\/\/www.parkgest.ch\/?s={search_term_string}"},"query-input":"required name=search_term_string"}],"inLanguage":"de"}]}},"_links":{"self":[{"href":"https:\/\/www.parkgest.ch\/de\/wp-json\/wp\/v2\/pages\/1317"}],"collection":[{"href":"https:\/\/www.parkgest.ch\/de\/wp-json\/wp\/v2\/pages"}],"about":[{"href":"https:\/\/www.parkgest.ch\/de\/wp-json\/wp\/v2\/types\/page"}],"author":[{"embeddable":true,"href":"https:\/\/www.parkgest.ch\/de\/wp-json\/wp\/v2\/users\/5"}],"replies":[{"embeddable":true,"href":"https:\/\/www.parkgest.ch\/de\/wp-json\/wp\/v2\/comments?post=1317"}],"version-history":[{"count":33,"href":"https:\/\/www.parkgest.ch\/de\/wp-json\/wp\/v2\/pages\/1317\/revisions"}],"predecessor-version":[{"id":11372,"href":"https:\/\/www.parkgest.ch\/de\/wp-json\/wp\/v2\/pages\/1317\/revisions\/11372"}],"up":[{"embeddable":true,"href":"https:\/\/www.parkgest.ch\/de\/wp-json\/wp\/v2\/pages\/1338"}],"wp:attachment":[{"href":"https:\/\/www.parkgest.ch\/de\/wp-json\/wp\/v2\/media?parent=1317"}],"wp:term":[{"taxonomy":"post_tag","embeddable":true,"href":"https:\/\/www.parkgest.ch\/de\/wp-json\/wp\/v2\/tags?post=1317"}],"curies":[{"name":"wp","href":"https:\/\/api.w.org\/{rel}","templated":true}]}}