{"id":1308,"date":"2012-12-04T17:23:49","date_gmt":"2012-12-04T16:23:49","guid":{"rendered":"http:\/\/www.parkgest.ch\/mandat-de-gestion-globale\/"},"modified":"2017-07-25T12:07:42","modified_gmt":"2017-07-25T11:07:42","slug":"mandat-de-gestion-globale","status":"publish","type":"page","link":"https:\/\/www.parkgest.ch\/de\/verwaltung\/mandat-de-gestion-globale\/","title":{"rendered":"Gesamtbewirtschaftung"},"content":{"rendered":"<p>Der Auftrag \u00fcber die Gesamtbewirtschaftung schliesst wiederum entweder an den Auftrag \u00fcber die Inbetriebnahme oder an den Auftrag \u00fcber die Wiederinbetriebnahme an und umfasst zahlreiche T\u00e4tigkeiten, die sich folgendernmassen kategorisieren lassen.<\/p>\n<ul>\n<li>Betriebliche und verwaltungstechnische Organisation<\/li>\n<li>Marketing<\/li>\n<li>Medien (Vermietung von Werbefl\u00e4chen)<\/li>\n<li>Gesch\u00e4ftsf\u00fchrung<\/li>\n<li>Buchhaltung<\/li>\n<li>Kontrolle<\/li>\n<li>Sicherheit<\/li>\n<li>Technik<\/li>\n<li>Wartung und Instandhaltung.<\/li>\n<\/ul>\n","protected":false},"excerpt":{"rendered":"<p>Der Auftrag \u00fcber die Gesamtbewirtschaftung schliesst wiederum entweder an den Auftrag \u00fcber die Inbetriebnahme oder an den Auftrag \u00fcber die Wiederinbetriebnahme an und umfasst zahlreiche T\u00e4tigkeiten, die sich folgendernmassen kategorisieren lassen. Betriebliche und verwaltungstechnische Organisation Marketing Medien (Vermietung von Werbefl\u00e4chen) Gesch\u00e4ftsf\u00fchrung Buchhaltung Kontrolle Sicherheit Technik Wartung und Instandhaltung.<\/p>\n","protected":false},"author":5,"featured_media":4186,"parent":1290,"menu_order":3,"comment_status":"closed","ping_status":"closed","template":"","meta":{"footnotes":""},"tags":[],"yoast_head":"<!-- This site is optimized with the Yoast SEO plugin v21.8 - https:\/\/yoast.com\/wordpress\/plugins\/seo\/ -->\n<title>Gesamtbewirtschaftung | Parkgest<\/title>\n<meta name=\"description\" content=\"Der Auftrag \u00fcber die Gesamtbewirtschaftung schliesst wiederum entweder an den Auftrag \u00fcber die Inbetriebnahme oder an den Auftrag \u00fcber die Wiederinbetriebnahme an.\" \/>\n<meta name=\"robots\" content=\"index, follow, max-snippet:-1, max-image-preview:large, max-video-preview:-1\" \/>\n<link rel=\"canonical\" href=\"https:\/\/www.parkgest.ch\/de\/verwaltung\/mandat-de-gestion-globale\/\" \/>\n<meta property=\"og:locale\" content=\"de_DE\" \/>\n<meta property=\"og:type\" content=\"article\" \/>\n<meta property=\"og:title\" content=\"Gesamtbewirtschaftung | Parkgest\" \/>\n<meta property=\"og:description\" content=\"Der Auftrag \u00fcber die Gesamtbewirtschaftung schliesst wiederum entweder an den Auftrag \u00fcber die Inbetriebnahme oder an den Auftrag \u00fcber die Wiederinbetriebnahme an.\" \/>\n<meta property=\"og:url\" content=\"https:\/\/www.parkgest.ch\/de\/verwaltung\/mandat-de-gestion-globale\/\" \/>\n<meta property=\"og:site_name\" content=\"Parkgest\" \/>\n<meta property=\"article:modified_time\" content=\"2017-07-25T11:07:42+00:00\" \/>\n<meta property=\"og:image\" content=\"https:\/\/www.parkgest.ch\/wp-content\/uploads\/mandat_de_gestion_globale.jpg\" \/>\n\t<meta property=\"og:image:width\" content=\"1878\" \/>\n\t<meta property=\"og:image:height\" content=\"390\" \/>\n\t<meta property=\"og:image:type\" content=\"image\/jpeg\" \/>\n<script type=\"application\/ld+json\" class=\"yoast-schema-graph\">{\"@context\":\"https:\/\/schema.org\",\"@graph\":[{\"@type\":\"WebPage\",\"@id\":\"https:\/\/www.parkgest.ch\/de\/verwaltung\/mandat-de-gestion-globale\/\",\"url\":\"https:\/\/www.parkgest.ch\/de\/verwaltung\/mandat-de-gestion-globale\/\",\"name\":\"Gesamtbewirtschaftung | Parkgest\",\"isPartOf\":{\"@id\":\"https:\/\/www.parkgest.ch\/#website\"},\"datePublished\":\"2012-12-04T16:23:49+00:00\",\"dateModified\":\"2017-07-25T11:07:42+00:00\",\"description\":\"Der Auftrag \u00fcber die Gesamtbewirtschaftung schliesst wiederum entweder an den Auftrag \u00fcber die Inbetriebnahme oder an den Auftrag \u00fcber die Wiederinbetriebnahme an.\",\"breadcrumb\":{\"@id\":\"https:\/\/www.parkgest.ch\/de\/verwaltung\/mandat-de-gestion-globale\/#breadcrumb\"},\"inLanguage\":\"de\",\"potentialAction\":[{\"@type\":\"ReadAction\",\"target\":[\"https:\/\/www.parkgest.ch\/de\/verwaltung\/mandat-de-gestion-globale\/\"]}]},{\"@type\":\"BreadcrumbList\",\"@id\":\"https:\/\/www.parkgest.ch\/de\/verwaltung\/mandat-de-gestion-globale\/#breadcrumb\",\"itemListElement\":[{\"@type\":\"ListItem\",\"position\":1,\"name\":\"Accueil\",\"item\":\"https:\/\/www.parkgest.ch\/de\/\"},{\"@type\":\"ListItem\",\"position\":2,\"name\":\"Bewirtschaftung\",\"item\":\"https:\/\/www.parkgest.ch\/de\/verwaltung\/\"},{\"@type\":\"ListItem\",\"position\":3,\"name\":\"Gesamtbewirtschaftung\"}]},{\"@type\":\"WebSite\",\"@id\":\"https:\/\/www.parkgest.ch\/#website\",\"url\":\"https:\/\/www.parkgest.ch\/\",\"name\":\"Parkgest\",\"description\":\"R\u00e9seau de parkings \u00e0 Gen\u00e8ve et Suisse romande\",\"potentialAction\":[{\"@type\":\"SearchAction\",\"target\":{\"@type\":\"EntryPoint\",\"urlTemplate\":\"https:\/\/www.parkgest.ch\/?s={search_term_string}\"},\"query-input\":\"required name=search_term_string\"}],\"inLanguage\":\"de\"}]}<\/script>\n<!-- \/ Yoast SEO plugin. -->","yoast_head_json":{"title":"Gesamtbewirtschaftung | Parkgest","description":"Der Auftrag \u00fcber die Gesamtbewirtschaftung schliesst wiederum entweder an den Auftrag \u00fcber die Inbetriebnahme oder an den Auftrag \u00fcber die Wiederinbetriebnahme an.","robots":{"index":"index","follow":"follow","max-snippet":"max-snippet:-1","max-image-preview":"max-image-preview:large","max-video-preview":"max-video-preview:-1"},"canonical":"https:\/\/www.parkgest.ch\/de\/verwaltung\/mandat-de-gestion-globale\/","og_locale":"de_DE","og_type":"article","og_title":"Gesamtbewirtschaftung | Parkgest","og_description":"Der Auftrag \u00fcber die Gesamtbewirtschaftung schliesst wiederum entweder an den Auftrag \u00fcber die Inbetriebnahme oder an den Auftrag \u00fcber die Wiederinbetriebnahme an.","og_url":"https:\/\/www.parkgest.ch\/de\/verwaltung\/mandat-de-gestion-globale\/","og_site_name":"Parkgest","article_modified_time":"2017-07-25T11:07:42+00:00","og_image":[{"width":1878,"height":390,"url":"https:\/\/www.parkgest.ch\/wp-content\/uploads\/mandat_de_gestion_globale.jpg","type":"image\/jpeg"}],"schema":{"@context":"https:\/\/schema.org","@graph":[{"@type":"WebPage","@id":"https:\/\/www.parkgest.ch\/de\/verwaltung\/mandat-de-gestion-globale\/","url":"https:\/\/www.parkgest.ch\/de\/verwaltung\/mandat-de-gestion-globale\/","name":"Gesamtbewirtschaftung | Parkgest","isPartOf":{"@id":"https:\/\/www.parkgest.ch\/#website"},"datePublished":"2012-12-04T16:23:49+00:00","dateModified":"2017-07-25T11:07:42+00:00","description":"Der Auftrag \u00fcber die Gesamtbewirtschaftung schliesst wiederum entweder an den Auftrag \u00fcber die Inbetriebnahme oder an den Auftrag \u00fcber die Wiederinbetriebnahme an.","breadcrumb":{"@id":"https:\/\/www.parkgest.ch\/de\/verwaltung\/mandat-de-gestion-globale\/#breadcrumb"},"inLanguage":"de","potentialAction":[{"@type":"ReadAction","target":["https:\/\/www.parkgest.ch\/de\/verwaltung\/mandat-de-gestion-globale\/"]}]},{"@type":"BreadcrumbList","@id":"https:\/\/www.parkgest.ch\/de\/verwaltung\/mandat-de-gestion-globale\/#breadcrumb","itemListElement":[{"@type":"ListItem","position":1,"name":"Accueil","item":"https:\/\/www.parkgest.ch\/de\/"},{"@type":"ListItem","position":2,"name":"Bewirtschaftung","item":"https:\/\/www.parkgest.ch\/de\/verwaltung\/"},{"@type":"ListItem","position":3,"name":"Gesamtbewirtschaftung"}]},{"@type":"WebSite","@id":"https:\/\/www.parkgest.ch\/#website","url":"https:\/\/www.parkgest.ch\/","name":"Parkgest","description":"R\u00e9seau de parkings \u00e0 Gen\u00e8ve et Suisse romande","potentialAction":[{"@type":"SearchAction","target":{"@type":"EntryPoint","urlTemplate":"https:\/\/www.parkgest.ch\/?s={search_term_string}"},"query-input":"required name=search_term_string"}],"inLanguage":"de"}]}},"_links":{"self":[{"href":"https:\/\/www.parkgest.ch\/de\/wp-json\/wp\/v2\/pages\/1308"}],"collection":[{"href":"https:\/\/www.parkgest.ch\/de\/wp-json\/wp\/v2\/pages"}],"about":[{"href":"https:\/\/www.parkgest.ch\/de\/wp-json\/wp\/v2\/types\/page"}],"author":[{"embeddable":true,"href":"https:\/\/www.parkgest.ch\/de\/wp-json\/wp\/v2\/users\/5"}],"replies":[{"embeddable":true,"href":"https:\/\/www.parkgest.ch\/de\/wp-json\/wp\/v2\/comments?post=1308"}],"version-history":[{"count":0,"href":"https:\/\/www.parkgest.ch\/de\/wp-json\/wp\/v2\/pages\/1308\/revisions"}],"up":[{"embeddable":true,"href":"https:\/\/www.parkgest.ch\/de\/wp-json\/wp\/v2\/pages\/1290"}],"wp:featuredmedia":[{"embeddable":true,"href":"https:\/\/www.parkgest.ch\/de\/wp-json\/wp\/v2\/media\/4186"}],"wp:attachment":[{"href":"https:\/\/www.parkgest.ch\/de\/wp-json\/wp\/v2\/media?parent=1308"}],"wp:term":[{"taxonomy":"post_tag","embeddable":true,"href":"https:\/\/www.parkgest.ch\/de\/wp-json\/wp\/v2\/tags?post=1308"}],"curies":[{"name":"wp","href":"https:\/\/api.w.org\/{rel}","templated":true}]}}