{"id":1305,"date":"2012-12-04T17:23:07","date_gmt":"2012-12-04T16:23:07","guid":{"rendered":"http:\/\/www.parkgest.ch\/mandat-de-gestion-partielle\/"},"modified":"2016-04-20T16:46:24","modified_gmt":"2016-04-20T15:46:24","slug":"mandat-de-gestion-partielle","status":"publish","type":"page","link":"https:\/\/www.parkgest.ch\/de\/verwaltung\/mandat-de-gestion-partielle\/","title":{"rendered":"Teilbewirtschaftung"},"content":{"rendered":"<p>Dieser deckt eine sogenannte Teilbewirtschaftung des Parkplatzes bzw. der Parkpl\u00e4tze ab, auf der Basis ausgew\u00e4hlter Leistungen der Gesamtbewirtschaftung.<\/p>\n","protected":false},"excerpt":{"rendered":"<p>Dieser deckt eine sogenannte Teilbewirtschaftung des Parkplatzes bzw. der Parkpl\u00e4tze ab, auf der Basis ausgew\u00e4hlter Leistungen der Gesamtbewirtschaftung.<\/p>\n","protected":false},"author":5,"featured_media":513,"parent":1290,"menu_order":4,"comment_status":"closed","ping_status":"closed","template":"","meta":{"footnotes":""},"tags":[],"yoast_head":"<!-- This site is optimized with the Yoast SEO plugin v21.8 - https:\/\/yoast.com\/wordpress\/plugins\/seo\/ -->\n<title>Teilbewirtschaftung | Parkgest<\/title>\n<meta name=\"description\" content=\"Dieser deckt eine sogenannte Teilbewirtschaftung des Parkplatzes bzw. der Parkpl\u00e4tze ab, auf der Basis ausgew\u00e4hlter Leistungen der Gesamtbewirtschaftung.\" \/>\n<meta name=\"robots\" content=\"index, follow, max-snippet:-1, max-image-preview:large, max-video-preview:-1\" \/>\n<link rel=\"canonical\" href=\"https:\/\/www.parkgest.ch\/de\/verwaltung\/mandat-de-gestion-partielle\/\" \/>\n<meta property=\"og:locale\" content=\"de_DE\" \/>\n<meta property=\"og:type\" content=\"article\" \/>\n<meta property=\"og:title\" content=\"Teilbewirtschaftung | Parkgest\" \/>\n<meta property=\"og:description\" content=\"Dieser deckt eine sogenannte Teilbewirtschaftung des Parkplatzes bzw. der Parkpl\u00e4tze ab, auf der Basis ausgew\u00e4hlter Leistungen der Gesamtbewirtschaftung.\" \/>\n<meta property=\"og:url\" content=\"https:\/\/www.parkgest.ch\/de\/verwaltung\/mandat-de-gestion-partielle\/\" \/>\n<meta property=\"og:site_name\" content=\"Parkgest\" \/>\n<meta property=\"article:modified_time\" content=\"2016-04-20T15:46:24+00:00\" \/>\n<meta property=\"og:image\" content=\"https:\/\/www.parkgest.ch\/wp-content\/uploads\/gestion.jpg\" \/>\n\t<meta property=\"og:image:width\" content=\"1920\" \/>\n\t<meta property=\"og:image:height\" content=\"380\" \/>\n\t<meta property=\"og:image:type\" content=\"image\/jpeg\" \/>\n<script type=\"application\/ld+json\" class=\"yoast-schema-graph\">{\"@context\":\"https:\/\/schema.org\",\"@graph\":[{\"@type\":\"WebPage\",\"@id\":\"https:\/\/www.parkgest.ch\/de\/verwaltung\/mandat-de-gestion-partielle\/\",\"url\":\"https:\/\/www.parkgest.ch\/de\/verwaltung\/mandat-de-gestion-partielle\/\",\"name\":\"Teilbewirtschaftung | Parkgest\",\"isPartOf\":{\"@id\":\"https:\/\/www.parkgest.ch\/#website\"},\"datePublished\":\"2012-12-04T16:23:07+00:00\",\"dateModified\":\"2016-04-20T15:46:24+00:00\",\"description\":\"Dieser deckt eine sogenannte Teilbewirtschaftung des Parkplatzes bzw. der Parkpl\u00e4tze ab, auf der Basis ausgew\u00e4hlter Leistungen der Gesamtbewirtschaftung.\",\"breadcrumb\":{\"@id\":\"https:\/\/www.parkgest.ch\/de\/verwaltung\/mandat-de-gestion-partielle\/#breadcrumb\"},\"inLanguage\":\"de\",\"potentialAction\":[{\"@type\":\"ReadAction\",\"target\":[\"https:\/\/www.parkgest.ch\/de\/verwaltung\/mandat-de-gestion-partielle\/\"]}]},{\"@type\":\"BreadcrumbList\",\"@id\":\"https:\/\/www.parkgest.ch\/de\/verwaltung\/mandat-de-gestion-partielle\/#breadcrumb\",\"itemListElement\":[{\"@type\":\"ListItem\",\"position\":1,\"name\":\"Accueil\",\"item\":\"https:\/\/www.parkgest.ch\/de\/\"},{\"@type\":\"ListItem\",\"position\":2,\"name\":\"Bewirtschaftung\",\"item\":\"https:\/\/www.parkgest.ch\/de\/verwaltung\/\"},{\"@type\":\"ListItem\",\"position\":3,\"name\":\"Teilbewirtschaftung\"}]},{\"@type\":\"WebSite\",\"@id\":\"https:\/\/www.parkgest.ch\/#website\",\"url\":\"https:\/\/www.parkgest.ch\/\",\"name\":\"Parkgest\",\"description\":\"R\u00e9seau de parkings \u00e0 Gen\u00e8ve et Suisse romande\",\"potentialAction\":[{\"@type\":\"SearchAction\",\"target\":{\"@type\":\"EntryPoint\",\"urlTemplate\":\"https:\/\/www.parkgest.ch\/?s={search_term_string}\"},\"query-input\":\"required name=search_term_string\"}],\"inLanguage\":\"de\"}]}<\/script>\n<!-- \/ Yoast SEO plugin. -->","yoast_head_json":{"title":"Teilbewirtschaftung | Parkgest","description":"Dieser deckt eine sogenannte Teilbewirtschaftung des Parkplatzes bzw. der Parkpl\u00e4tze ab, auf der Basis ausgew\u00e4hlter Leistungen der Gesamtbewirtschaftung.","robots":{"index":"index","follow":"follow","max-snippet":"max-snippet:-1","max-image-preview":"max-image-preview:large","max-video-preview":"max-video-preview:-1"},"canonical":"https:\/\/www.parkgest.ch\/de\/verwaltung\/mandat-de-gestion-partielle\/","og_locale":"de_DE","og_type":"article","og_title":"Teilbewirtschaftung | Parkgest","og_description":"Dieser deckt eine sogenannte Teilbewirtschaftung des Parkplatzes bzw. der Parkpl\u00e4tze ab, auf der Basis ausgew\u00e4hlter Leistungen der Gesamtbewirtschaftung.","og_url":"https:\/\/www.parkgest.ch\/de\/verwaltung\/mandat-de-gestion-partielle\/","og_site_name":"Parkgest","article_modified_time":"2016-04-20T15:46:24+00:00","og_image":[{"width":1920,"height":380,"url":"https:\/\/www.parkgest.ch\/wp-content\/uploads\/gestion.jpg","type":"image\/jpeg"}],"schema":{"@context":"https:\/\/schema.org","@graph":[{"@type":"WebPage","@id":"https:\/\/www.parkgest.ch\/de\/verwaltung\/mandat-de-gestion-partielle\/","url":"https:\/\/www.parkgest.ch\/de\/verwaltung\/mandat-de-gestion-partielle\/","name":"Teilbewirtschaftung | Parkgest","isPartOf":{"@id":"https:\/\/www.parkgest.ch\/#website"},"datePublished":"2012-12-04T16:23:07+00:00","dateModified":"2016-04-20T15:46:24+00:00","description":"Dieser deckt eine sogenannte Teilbewirtschaftung des Parkplatzes bzw. der Parkpl\u00e4tze ab, auf der Basis ausgew\u00e4hlter Leistungen der Gesamtbewirtschaftung.","breadcrumb":{"@id":"https:\/\/www.parkgest.ch\/de\/verwaltung\/mandat-de-gestion-partielle\/#breadcrumb"},"inLanguage":"de","potentialAction":[{"@type":"ReadAction","target":["https:\/\/www.parkgest.ch\/de\/verwaltung\/mandat-de-gestion-partielle\/"]}]},{"@type":"BreadcrumbList","@id":"https:\/\/www.parkgest.ch\/de\/verwaltung\/mandat-de-gestion-partielle\/#breadcrumb","itemListElement":[{"@type":"ListItem","position":1,"name":"Accueil","item":"https:\/\/www.parkgest.ch\/de\/"},{"@type":"ListItem","position":2,"name":"Bewirtschaftung","item":"https:\/\/www.parkgest.ch\/de\/verwaltung\/"},{"@type":"ListItem","position":3,"name":"Teilbewirtschaftung"}]},{"@type":"WebSite","@id":"https:\/\/www.parkgest.ch\/#website","url":"https:\/\/www.parkgest.ch\/","name":"Parkgest","description":"R\u00e9seau de parkings \u00e0 Gen\u00e8ve et Suisse romande","potentialAction":[{"@type":"SearchAction","target":{"@type":"EntryPoint","urlTemplate":"https:\/\/www.parkgest.ch\/?s={search_term_string}"},"query-input":"required name=search_term_string"}],"inLanguage":"de"}]}},"_links":{"self":[{"href":"https:\/\/www.parkgest.ch\/de\/wp-json\/wp\/v2\/pages\/1305"}],"collection":[{"href":"https:\/\/www.parkgest.ch\/de\/wp-json\/wp\/v2\/pages"}],"about":[{"href":"https:\/\/www.parkgest.ch\/de\/wp-json\/wp\/v2\/types\/page"}],"author":[{"embeddable":true,"href":"https:\/\/www.parkgest.ch\/de\/wp-json\/wp\/v2\/users\/5"}],"replies":[{"embeddable":true,"href":"https:\/\/www.parkgest.ch\/de\/wp-json\/wp\/v2\/comments?post=1305"}],"version-history":[{"count":0,"href":"https:\/\/www.parkgest.ch\/de\/wp-json\/wp\/v2\/pages\/1305\/revisions"}],"up":[{"embeddable":true,"href":"https:\/\/www.parkgest.ch\/de\/wp-json\/wp\/v2\/pages\/1290"}],"wp:featuredmedia":[{"embeddable":true,"href":"https:\/\/www.parkgest.ch\/de\/wp-json\/wp\/v2\/media\/513"}],"wp:attachment":[{"href":"https:\/\/www.parkgest.ch\/de\/wp-json\/wp\/v2\/media?parent=1305"}],"wp:term":[{"taxonomy":"post_tag","embeddable":true,"href":"https:\/\/www.parkgest.ch\/de\/wp-json\/wp\/v2\/tags?post=1305"}],"curies":[{"name":"wp","href":"https:\/\/api.w.org\/{rel}","templated":true}]}}