{"id":1299,"date":"2012-12-04T17:20:56","date_gmt":"2012-12-04T16:20:56","guid":{"rendered":"http:\/\/www.parkgest.ch\/mandat-dingenierie-dimplantation\/"},"modified":"2020-08-04T09:20:47","modified_gmt":"2020-08-04T08:20:47","slug":"mandat-dingenierie-dimplantation","status":"publish","type":"page","link":"https:\/\/www.parkgest.ch\/de\/verwaltung\/mandat-dingenierie-dimplantation\/","title":{"rendered":"Standortplanung"},"content":{"rendered":"<p>Ausgehend von einer fundierten Analyse der Gegebenheiten umfasst ein Auftrag \u00fcber Standortplanung in erster Linie die folgenden Leistungen:<\/p>\n<ul>\n<li>Studie \u00fcber die Bed\u00fcrfnisse des Auftraggebers und der Nutzer<\/li>\n<li>Beschreibung der f\u00fcr den Betrieb des Bauwerks erforderlichen technischen Sicherheitsausr\u00fcstung, Kundendiensteinrichtungen und Anlagen<\/li>\n<li>Beratung und eventuell Verhandlungen bez\u00fcglich des Kaufs dieser Ausr\u00fcstung<\/li>\n<li>\u00dcberwachung der Installation dieser Ausr\u00fcstung<\/li>\n<li>Teilnahme an Sondersitzungen des Bauausschusses.<\/li>\n<\/ul>\n","protected":false},"excerpt":{"rendered":"<p>Ausgehend von einer fundierten Analyse der Gegebenheiten umfasst ein Auftrag \u00fcber Standortplanung in erster Linie die folgenden Leistungen: Studie \u00fcber die Bed\u00fcrfnisse des Auftraggebers und der Nutzer Beschreibung der f\u00fcr den Betrieb des Bauwerks erforderlichen technischen Sicherheitsausr\u00fcstung, Kundendiensteinrichtungen und Anlagen Beratung und eventuell Verhandlungen bez\u00fcglich des Kaufs dieser Ausr\u00fcstung \u00dcberwachung der Installation dieser Ausr\u00fcstung Teilnahme [&hellip;]<\/p>\n","protected":false},"author":5,"featured_media":5623,"parent":1290,"menu_order":0,"comment_status":"closed","ping_status":"closed","template":"","meta":{"footnotes":""},"tags":[],"yoast_head":"<!-- This site is optimized with the Yoast SEO plugin v21.8 - https:\/\/yoast.com\/wordpress\/plugins\/seo\/ -->\n<title>Standortplanung | Parkgest<\/title>\n<meta name=\"description\" content=\"Ausgehend von einer fundierten Analyse der Gegebenheiten umfasst ein Auftrag \u00fcber Standortplanung in erster Linie die folgenden Leistungen.\" \/>\n<meta name=\"robots\" content=\"index, follow, max-snippet:-1, max-image-preview:large, max-video-preview:-1\" \/>\n<link rel=\"canonical\" href=\"https:\/\/www.parkgest.ch\/de\/verwaltung\/mandat-dingenierie-dimplantation\/\" \/>\n<meta property=\"og:locale\" content=\"de_DE\" \/>\n<meta property=\"og:type\" content=\"article\" \/>\n<meta property=\"og:title\" content=\"Standortplanung | Parkgest\" \/>\n<meta property=\"og:description\" content=\"Ausgehend von einer fundierten Analyse der Gegebenheiten umfasst ein Auftrag \u00fcber Standortplanung in erster Linie die folgenden Leistungen.\" \/>\n<meta property=\"og:url\" content=\"https:\/\/www.parkgest.ch\/de\/verwaltung\/mandat-dingenierie-dimplantation\/\" \/>\n<meta property=\"og:site_name\" content=\"Parkgest\" \/>\n<meta property=\"article:modified_time\" content=\"2020-08-04T08:20:47+00:00\" \/>\n<meta property=\"og:image\" content=\"https:\/\/www.parkgest.ch\/wp-content\/uploads\/parkgest_19_choix-39-Page-Mandat-Ingi\u00e9nierie-2.jpg\" \/>\n\t<meta property=\"og:image:width\" content=\"2000\" \/>\n\t<meta property=\"og:image:height\" content=\"1125\" \/>\n\t<meta property=\"og:image:type\" content=\"image\/jpeg\" \/>\n<script type=\"application\/ld+json\" class=\"yoast-schema-graph\">{\"@context\":\"https:\/\/schema.org\",\"@graph\":[{\"@type\":\"WebPage\",\"@id\":\"https:\/\/www.parkgest.ch\/de\/verwaltung\/mandat-dingenierie-dimplantation\/\",\"url\":\"https:\/\/www.parkgest.ch\/de\/verwaltung\/mandat-dingenierie-dimplantation\/\",\"name\":\"Standortplanung | Parkgest\",\"isPartOf\":{\"@id\":\"https:\/\/www.parkgest.ch\/#website\"},\"datePublished\":\"2012-12-04T16:20:56+00:00\",\"dateModified\":\"2020-08-04T08:20:47+00:00\",\"description\":\"Ausgehend von einer fundierten Analyse der Gegebenheiten umfasst ein Auftrag \u00fcber Standortplanung in erster Linie die folgenden Leistungen.\",\"breadcrumb\":{\"@id\":\"https:\/\/www.parkgest.ch\/de\/verwaltung\/mandat-dingenierie-dimplantation\/#breadcrumb\"},\"inLanguage\":\"de\",\"potentialAction\":[{\"@type\":\"ReadAction\",\"target\":[\"https:\/\/www.parkgest.ch\/de\/verwaltung\/mandat-dingenierie-dimplantation\/\"]}]},{\"@type\":\"BreadcrumbList\",\"@id\":\"https:\/\/www.parkgest.ch\/de\/verwaltung\/mandat-dingenierie-dimplantation\/#breadcrumb\",\"itemListElement\":[{\"@type\":\"ListItem\",\"position\":1,\"name\":\"Accueil\",\"item\":\"https:\/\/www.parkgest.ch\/de\/\"},{\"@type\":\"ListItem\",\"position\":2,\"name\":\"Bewirtschaftung\",\"item\":\"https:\/\/www.parkgest.ch\/de\/verwaltung\/\"},{\"@type\":\"ListItem\",\"position\":3,\"name\":\"Standortplanung\"}]},{\"@type\":\"WebSite\",\"@id\":\"https:\/\/www.parkgest.ch\/#website\",\"url\":\"https:\/\/www.parkgest.ch\/\",\"name\":\"Parkgest\",\"description\":\"R\u00e9seau de parkings \u00e0 Gen\u00e8ve et Suisse romande\",\"potentialAction\":[{\"@type\":\"SearchAction\",\"target\":{\"@type\":\"EntryPoint\",\"urlTemplate\":\"https:\/\/www.parkgest.ch\/?s={search_term_string}\"},\"query-input\":\"required name=search_term_string\"}],\"inLanguage\":\"de\"}]}<\/script>\n<!-- \/ Yoast SEO plugin. -->","yoast_head_json":{"title":"Standortplanung | Parkgest","description":"Ausgehend von einer fundierten Analyse der Gegebenheiten umfasst ein Auftrag \u00fcber Standortplanung in erster Linie die folgenden Leistungen.","robots":{"index":"index","follow":"follow","max-snippet":"max-snippet:-1","max-image-preview":"max-image-preview:large","max-video-preview":"max-video-preview:-1"},"canonical":"https:\/\/www.parkgest.ch\/de\/verwaltung\/mandat-dingenierie-dimplantation\/","og_locale":"de_DE","og_type":"article","og_title":"Standortplanung | Parkgest","og_description":"Ausgehend von einer fundierten Analyse der Gegebenheiten umfasst ein Auftrag \u00fcber Standortplanung in erster Linie die folgenden Leistungen.","og_url":"https:\/\/www.parkgest.ch\/de\/verwaltung\/mandat-dingenierie-dimplantation\/","og_site_name":"Parkgest","article_modified_time":"2020-08-04T08:20:47+00:00","og_image":[{"width":2000,"height":1125,"url":"https:\/\/www.parkgest.ch\/wp-content\/uploads\/parkgest_19_choix-39-Page-Mandat-Ingi\u00e9nierie-2.jpg","type":"image\/jpeg"}],"schema":{"@context":"https:\/\/schema.org","@graph":[{"@type":"WebPage","@id":"https:\/\/www.parkgest.ch\/de\/verwaltung\/mandat-dingenierie-dimplantation\/","url":"https:\/\/www.parkgest.ch\/de\/verwaltung\/mandat-dingenierie-dimplantation\/","name":"Standortplanung | Parkgest","isPartOf":{"@id":"https:\/\/www.parkgest.ch\/#website"},"datePublished":"2012-12-04T16:20:56+00:00","dateModified":"2020-08-04T08:20:47+00:00","description":"Ausgehend von einer fundierten Analyse der Gegebenheiten umfasst ein Auftrag \u00fcber Standortplanung in erster Linie die folgenden Leistungen.","breadcrumb":{"@id":"https:\/\/www.parkgest.ch\/de\/verwaltung\/mandat-dingenierie-dimplantation\/#breadcrumb"},"inLanguage":"de","potentialAction":[{"@type":"ReadAction","target":["https:\/\/www.parkgest.ch\/de\/verwaltung\/mandat-dingenierie-dimplantation\/"]}]},{"@type":"BreadcrumbList","@id":"https:\/\/www.parkgest.ch\/de\/verwaltung\/mandat-dingenierie-dimplantation\/#breadcrumb","itemListElement":[{"@type":"ListItem","position":1,"name":"Accueil","item":"https:\/\/www.parkgest.ch\/de\/"},{"@type":"ListItem","position":2,"name":"Bewirtschaftung","item":"https:\/\/www.parkgest.ch\/de\/verwaltung\/"},{"@type":"ListItem","position":3,"name":"Standortplanung"}]},{"@type":"WebSite","@id":"https:\/\/www.parkgest.ch\/#website","url":"https:\/\/www.parkgest.ch\/","name":"Parkgest","description":"R\u00e9seau de parkings \u00e0 Gen\u00e8ve et Suisse romande","potentialAction":[{"@type":"SearchAction","target":{"@type":"EntryPoint","urlTemplate":"https:\/\/www.parkgest.ch\/?s={search_term_string}"},"query-input":"required name=search_term_string"}],"inLanguage":"de"}]}},"_links":{"self":[{"href":"https:\/\/www.parkgest.ch\/de\/wp-json\/wp\/v2\/pages\/1299"}],"collection":[{"href":"https:\/\/www.parkgest.ch\/de\/wp-json\/wp\/v2\/pages"}],"about":[{"href":"https:\/\/www.parkgest.ch\/de\/wp-json\/wp\/v2\/types\/page"}],"author":[{"embeddable":true,"href":"https:\/\/www.parkgest.ch\/de\/wp-json\/wp\/v2\/users\/5"}],"replies":[{"embeddable":true,"href":"https:\/\/www.parkgest.ch\/de\/wp-json\/wp\/v2\/comments?post=1299"}],"version-history":[{"count":0,"href":"https:\/\/www.parkgest.ch\/de\/wp-json\/wp\/v2\/pages\/1299\/revisions"}],"up":[{"embeddable":true,"href":"https:\/\/www.parkgest.ch\/de\/wp-json\/wp\/v2\/pages\/1290"}],"wp:featuredmedia":[{"embeddable":true,"href":"https:\/\/www.parkgest.ch\/de\/wp-json\/wp\/v2\/media\/5623"}],"wp:attachment":[{"href":"https:\/\/www.parkgest.ch\/de\/wp-json\/wp\/v2\/media?parent=1299"}],"wp:term":[{"taxonomy":"post_tag","embeddable":true,"href":"https:\/\/www.parkgest.ch\/de\/wp-json\/wp\/v2\/tags?post=1299"}],"curies":[{"name":"wp","href":"https:\/\/api.w.org\/{rel}","templated":true}]}}