{"id":1293,"date":"2012-11-21T19:49:05","date_gmt":"2012-11-21T19:49:05","guid":{"rendered":"http:\/\/www.parkgest.ch\/parkgest-2\/"},"modified":"2023-03-17T10:44:34","modified_gmt":"2023-03-17T09:44:34","slug":"parkgest","status":"publish","type":"page","link":"https:\/\/www.parkgest.ch\/de\/parkgest\/","title":{"rendered":"Parkgest"},"content":{"rendered":"<p>Seit der Errichtung des Parkhauses Pont du Mont-Blanc, der Mehrheitsbeteiligung am Parkhaus Villereuse und mit der Entwicklung von Parkgest Services SA kann die PARKGEST-Gruppe auf \u00fcber 50 Jahre Erfahrung bei der Planung und Entwicklung, dem Bau sowie dem Betrieb und der Renovierung von \u00f6ffentlichen und privaten Parkpl\u00e4tzen zur\u00fcckblicken.<\/p>\n<p>Zus\u00e4tzlich zu diesen Aktivit\u00e4ten hat die PARKGEST-Gruppe im Laufe der Jahre eine umfangreiche Erfahrung in bezug auf s\u00e4mtliche Aufgaben bei der umfassenden Parkplatzbewirtschaftung erworben.<br \/>\nWir profitieren also von unserem betrieblichen Know-how, um die Betreuung unserer Kunden in den bewirtschafteteten Parkr\u00e4umen stetig zu optimieren und Auftr\u00e4ge \u00fcber Einzelleistungen und Parkraumbewirtschaftung zu erhalten.<\/p>\n<p>Thierry d\u2019Autheville, Generaldirektor seit Juli 2011, leitet ein erfahrenes und dynamisches Team, das s\u00e4mtliche erforderlichen Kompetenzen versammelt, um die Managementdienstleistungen (Gesch\u00e4ftsf\u00fchrung, Finanzverwaltung und Marketing) f\u00fcr Unternehmen oder \u00f6ffentlichen K\u00f6rperschaften zu \u00fcbernehmen, die \u00fcber Parkpl\u00e4tze verf\u00fcgen, sowie Bewirtschaftungst\u00e4tigkeiten (Gesch\u00e4ftsf\u00fchrung und Buchhaltung, Sicherheit, Kontrolle, Technik sowie Wartung und Instandhaltung), die zum Betrieb von Parkpl\u00e4tzen geh\u00f6ren.<\/p>\n<p>Seit ihrer Gr\u00fcndung verfolgt die PARKGEST-Gruppe mit ihren eigenen Parkpl\u00e4tzen und denen ihrer Kunden sowie mit ihrer Beratungst\u00e4tigkeit ein harmonisches Wachstum im Einkrang mit der Entwicklung der Stadt und des Kantons.<\/p>\n","protected":false},"excerpt":{"rendered":"<p>Seit der Errichtung des Parkhauses Pont du Mont-Blanc, der Mehrheitsbeteiligung am Parkhaus Villereuse und mit der Entwicklung von Parkgest Services SA kann die PARKGEST-Gruppe auf \u00fcber 50 Jahre Erfahrung bei der Planung und Entwicklung, dem Bau sowie dem Betrieb und der Renovierung von \u00f6ffentlichen und privaten Parkpl\u00e4tzen zur\u00fcckblicken. Zus\u00e4tzlich zu diesen Aktivit\u00e4ten hat die PARKGEST-Gruppe [&hellip;]<\/p>\n","protected":false},"author":5,"featured_media":5603,"parent":0,"menu_order":5,"comment_status":"closed","ping_status":"closed","template":"","meta":{"footnotes":""},"tags":[],"yoast_head":"<!-- This site is optimized with the Yoast SEO plugin v21.8 - https:\/\/yoast.com\/wordpress\/plugins\/seo\/ -->\n<title>Parkgest | Parkgest<\/title>\n<meta name=\"description\" content=\"Seit ihrer Gr\u00fcndung verfolgt PARKGEST mit ihren eigenen Parkpl\u00e4tzen und denen ihrer Kunden sowie mit ihrer Beratungst\u00e4tigkeit ein harmonisches Wachstum.\" \/>\n<meta name=\"robots\" content=\"index, follow, max-snippet:-1, max-image-preview:large, max-video-preview:-1\" \/>\n<link rel=\"canonical\" href=\"https:\/\/www.parkgest.ch\/de\/parkgest\/\" \/>\n<meta property=\"og:locale\" content=\"de_DE\" \/>\n<meta property=\"og:type\" content=\"article\" \/>\n<meta property=\"og:title\" content=\"Parkgest | Parkgest\" \/>\n<meta property=\"og:description\" content=\"Seit ihrer Gr\u00fcndung verfolgt PARKGEST mit ihren eigenen Parkpl\u00e4tzen und denen ihrer Kunden sowie mit ihrer Beratungst\u00e4tigkeit ein harmonisches Wachstum.\" \/>\n<meta property=\"og:url\" content=\"https:\/\/www.parkgest.ch\/de\/parkgest\/\" \/>\n<meta property=\"og:site_name\" content=\"Parkgest\" \/>\n<meta property=\"article:modified_time\" content=\"2023-03-17T09:44:34+00:00\" \/>\n<meta property=\"og:image\" content=\"https:\/\/www.parkgest.ch\/wp-content\/uploads\/LA04532-Page-qui-sommes-nous-le-groupe-2.jpg\" \/>\n\t<meta property=\"og:image:width\" content=\"1200\" \/>\n\t<meta property=\"og:image:height\" content=\"666\" \/>\n\t<meta property=\"og:image:type\" content=\"image\/jpeg\" \/>\n<meta name=\"twitter:label1\" content=\"Gesch\u00e4tzte Lesezeit\" \/>\n\t<meta name=\"twitter:data1\" content=\"1\u00a0Minute\" \/>\n<script type=\"application\/ld+json\" class=\"yoast-schema-graph\">{\"@context\":\"https:\/\/schema.org\",\"@graph\":[{\"@type\":\"WebPage\",\"@id\":\"https:\/\/www.parkgest.ch\/de\/parkgest\/\",\"url\":\"https:\/\/www.parkgest.ch\/de\/parkgest\/\",\"name\":\"Parkgest | Parkgest\",\"isPartOf\":{\"@id\":\"https:\/\/www.parkgest.ch\/#website\"},\"datePublished\":\"2012-11-21T19:49:05+00:00\",\"dateModified\":\"2023-03-17T09:44:34+00:00\",\"description\":\"Seit ihrer Gr\u00fcndung verfolgt PARKGEST mit ihren eigenen Parkpl\u00e4tzen und denen ihrer Kunden sowie mit ihrer Beratungst\u00e4tigkeit ein harmonisches Wachstum.\",\"breadcrumb\":{\"@id\":\"https:\/\/www.parkgest.ch\/de\/parkgest\/#breadcrumb\"},\"inLanguage\":\"de\",\"potentialAction\":[{\"@type\":\"ReadAction\",\"target\":[\"https:\/\/www.parkgest.ch\/de\/parkgest\/\"]}]},{\"@type\":\"BreadcrumbList\",\"@id\":\"https:\/\/www.parkgest.ch\/de\/parkgest\/#breadcrumb\",\"itemListElement\":[{\"@type\":\"ListItem\",\"position\":1,\"name\":\"Accueil\",\"item\":\"https:\/\/www.parkgest.ch\/de\/\"},{\"@type\":\"ListItem\",\"position\":2,\"name\":\"Parkgest\"}]},{\"@type\":\"WebSite\",\"@id\":\"https:\/\/www.parkgest.ch\/#website\",\"url\":\"https:\/\/www.parkgest.ch\/\",\"name\":\"Parkgest\",\"description\":\"R\u00e9seau de parkings \u00e0 Gen\u00e8ve et Suisse romande\",\"potentialAction\":[{\"@type\":\"SearchAction\",\"target\":{\"@type\":\"EntryPoint\",\"urlTemplate\":\"https:\/\/www.parkgest.ch\/?s={search_term_string}\"},\"query-input\":\"required name=search_term_string\"}],\"inLanguage\":\"de\"}]}<\/script>\n<!-- \/ Yoast SEO plugin. -->","yoast_head_json":{"title":"Parkgest | Parkgest","description":"Seit ihrer Gr\u00fcndung verfolgt PARKGEST mit ihren eigenen Parkpl\u00e4tzen und denen ihrer Kunden sowie mit ihrer Beratungst\u00e4tigkeit ein harmonisches Wachstum.","robots":{"index":"index","follow":"follow","max-snippet":"max-snippet:-1","max-image-preview":"max-image-preview:large","max-video-preview":"max-video-preview:-1"},"canonical":"https:\/\/www.parkgest.ch\/de\/parkgest\/","og_locale":"de_DE","og_type":"article","og_title":"Parkgest | Parkgest","og_description":"Seit ihrer Gr\u00fcndung verfolgt PARKGEST mit ihren eigenen Parkpl\u00e4tzen und denen ihrer Kunden sowie mit ihrer Beratungst\u00e4tigkeit ein harmonisches Wachstum.","og_url":"https:\/\/www.parkgest.ch\/de\/parkgest\/","og_site_name":"Parkgest","article_modified_time":"2023-03-17T09:44:34+00:00","og_image":[{"width":1200,"height":666,"url":"https:\/\/www.parkgest.ch\/wp-content\/uploads\/LA04532-Page-qui-sommes-nous-le-groupe-2.jpg","type":"image\/jpeg"}],"twitter_misc":{"Gesch\u00e4tzte Lesezeit":"1\u00a0Minute"},"schema":{"@context":"https:\/\/schema.org","@graph":[{"@type":"WebPage","@id":"https:\/\/www.parkgest.ch\/de\/parkgest\/","url":"https:\/\/www.parkgest.ch\/de\/parkgest\/","name":"Parkgest | Parkgest","isPartOf":{"@id":"https:\/\/www.parkgest.ch\/#website"},"datePublished":"2012-11-21T19:49:05+00:00","dateModified":"2023-03-17T09:44:34+00:00","description":"Seit ihrer Gr\u00fcndung verfolgt PARKGEST mit ihren eigenen Parkpl\u00e4tzen und denen ihrer Kunden sowie mit ihrer Beratungst\u00e4tigkeit ein harmonisches Wachstum.","breadcrumb":{"@id":"https:\/\/www.parkgest.ch\/de\/parkgest\/#breadcrumb"},"inLanguage":"de","potentialAction":[{"@type":"ReadAction","target":["https:\/\/www.parkgest.ch\/de\/parkgest\/"]}]},{"@type":"BreadcrumbList","@id":"https:\/\/www.parkgest.ch\/de\/parkgest\/#breadcrumb","itemListElement":[{"@type":"ListItem","position":1,"name":"Accueil","item":"https:\/\/www.parkgest.ch\/de\/"},{"@type":"ListItem","position":2,"name":"Parkgest"}]},{"@type":"WebSite","@id":"https:\/\/www.parkgest.ch\/#website","url":"https:\/\/www.parkgest.ch\/","name":"Parkgest","description":"R\u00e9seau de parkings \u00e0 Gen\u00e8ve et Suisse romande","potentialAction":[{"@type":"SearchAction","target":{"@type":"EntryPoint","urlTemplate":"https:\/\/www.parkgest.ch\/?s={search_term_string}"},"query-input":"required name=search_term_string"}],"inLanguage":"de"}]}},"_links":{"self":[{"href":"https:\/\/www.parkgest.ch\/de\/wp-json\/wp\/v2\/pages\/1293"}],"collection":[{"href":"https:\/\/www.parkgest.ch\/de\/wp-json\/wp\/v2\/pages"}],"about":[{"href":"https:\/\/www.parkgest.ch\/de\/wp-json\/wp\/v2\/types\/page"}],"author":[{"embeddable":true,"href":"https:\/\/www.parkgest.ch\/de\/wp-json\/wp\/v2\/users\/5"}],"replies":[{"embeddable":true,"href":"https:\/\/www.parkgest.ch\/de\/wp-json\/wp\/v2\/comments?post=1293"}],"version-history":[{"count":1,"href":"https:\/\/www.parkgest.ch\/de\/wp-json\/wp\/v2\/pages\/1293\/revisions"}],"predecessor-version":[{"id":9102,"href":"https:\/\/www.parkgest.ch\/de\/wp-json\/wp\/v2\/pages\/1293\/revisions\/9102"}],"wp:featuredmedia":[{"embeddable":true,"href":"https:\/\/www.parkgest.ch\/de\/wp-json\/wp\/v2\/media\/5603"}],"wp:attachment":[{"href":"https:\/\/www.parkgest.ch\/de\/wp-json\/wp\/v2\/media?parent=1293"}],"wp:term":[{"taxonomy":"post_tag","embeddable":true,"href":"https:\/\/www.parkgest.ch\/de\/wp-json\/wp\/v2\/tags?post=1293"}],"curies":[{"name":"wp","href":"https:\/\/api.w.org\/{rel}","templated":true}]}}