{"id":1290,"date":"2012-11-21T19:48:38","date_gmt":"2012-11-21T19:48:38","guid":{"rendered":"http:\/\/www.parkgest.ch\/verwaltung\/"},"modified":"2020-08-04T09:32:18","modified_gmt":"2020-08-04T08:32:18","slug":"verwaltung","status":"publish","type":"page","link":"https:\/\/www.parkgest.ch\/de\/verwaltung\/","title":{"rendered":"Bewirtschaftung"},"content":{"rendered":"<p>Die PARKGEST-Gruppe leistet einen hohen Mehrwert bei der Umsetzung Ihres Parkhausprojekts: Unsere Abteilung f\u00fcr Rentabilit\u00e4tsanalysen \u00fcberpr\u00fcft Ihr Konzept anhand der Rahmenbedingungen Umwelt, Technologie und Wirtschaftlichkeit und ber\u00e4t Sie bei der Auswahl pragmatischer und langfristiger L\u00f6sungen.<br \/>\nUnser technisches Fachwissen, das auf fast 50 Jahren Erfahrung vor Ort beruht, macht es uns m\u00f6glich, alle Entwicklungsfaktoren zu bewerten:<\/p>\n<ul>\n<li>Globalkonzept mit Blick auf Struktur, Energie, Ausr\u00fcstung und Sicherheit<\/li>\n<li>Umweltrechtliche Auswirkungen von der Bau- bis zur Betriebsphase<\/li>\n<li>Aussenanlagen<\/li>\n<li>Verkehrsorganisation im Umfeld und Zugang zu Parkpl\u00e4tzen<\/li>\n<li>Management- und Wartungsl\u00f6sungen<\/li>\n<\/ul>\n<p>Wir unterst\u00fctzen Sie bei der Wahl der angemessenen Ausstattung und unterst\u00fctzen Sie bei Genehmigungsverfahren wie der sowie Verhandlungen mit Beh\u00f6rden und mit Partnern.<\/p>\n<p>Seit der erfolgreich gemeisterten Herausforderung, das erste und bis heute einzige Untersee-Parkhaus entwickelt zu haben, hat PARKGEST immer wieder Innovationen eingef\u00fchrt. Dazu geh\u00f6rt u.a. die Installation von Leitsensoren oder in j\u00fcngster Zeit die bislang beispiellose XXL-Etage mit den grossz\u00fcgigsten Parkfl\u00e4chen der Schweiz. Unsere Ingenieure bieten Ihnen die richtige Unterst\u00fctzung in der Bewertung Ihres Parkprojekts, vor allem aber auch in dessen Ausrichtung f\u00fcr eine laufende und effiziente Nutzung.<\/p>\n<figure><img loading=\"lazy\" decoding=\"async\" class=\"d-none d-md-block aligncenter wp-image-5497 size-full\" src=\"https:\/\/www.parkgest.ch\/wp-content\/uploads\/manage-de.png\" alt=\"\" width=\"590\" height=\"319\" srcset=\"https:\/\/www.parkgest.ch\/wp-content\/uploads\/manage-de.png 590w, https:\/\/www.parkgest.ch\/wp-content\/uploads\/manage-de-125x68.png 125w\" sizes=\"(max-width: 590px) 100vw, 590px\" \/><img loading=\"lazy\" decoding=\"async\" class=\"size-full wp-image-5498 d-md-none aligncenter\" src=\"https:\/\/www.parkgest.ch\/wp-content\/uploads\/manage-mobile-de.png\" alt=\"\" width=\"319\" height=\"644\" \/><\/figure>\n","protected":false},"excerpt":{"rendered":"<p>Die PARKGEST-Gruppe leistet einen hohen Mehrwert bei der Umsetzung Ihres Parkhausprojekts: Unsere Abteilung f\u00fcr Rentabilit\u00e4tsanalysen \u00fcberpr\u00fcft Ihr Konzept anhand der Rahmenbedingungen Umwelt, Technologie und Wirtschaftlichkeit und ber\u00e4t Sie bei der Auswahl pragmatischer und langfristiger L\u00f6sungen. Unser technisches Fachwissen, das auf fast 50 Jahren Erfahrung vor Ort beruht, macht es uns m\u00f6glich, alle Entwicklungsfaktoren zu bewerten: [&hellip;]<\/p>\n","protected":false},"author":5,"featured_media":5642,"parent":0,"menu_order":4,"comment_status":"closed","ping_status":"closed","template":"","meta":{"footnotes":""},"tags":[],"yoast_head":"<!-- This site is optimized with the Yoast SEO plugin v21.8 - https:\/\/yoast.com\/wordpress\/plugins\/seo\/ -->\n<title>Bewirtschaftung | Parkgest<\/title>\n<meta name=\"description\" content=\"PARKGEST konzentriert sich auf seine einzige Aufgabe, die Bewirtschaftung privater und \u00f6ffentlicher Parkpl\u00e4tze. Wir verf\u00fcgen \u00fcber reichlich Erfahrung.\" \/>\n<meta name=\"robots\" content=\"index, follow, max-snippet:-1, max-image-preview:large, max-video-preview:-1\" \/>\n<link rel=\"canonical\" href=\"https:\/\/www.parkgest.ch\/de\/verwaltung\/\" \/>\n<meta property=\"og:locale\" content=\"de_DE\" \/>\n<meta property=\"og:type\" content=\"article\" \/>\n<meta property=\"og:title\" content=\"Bewirtschaftung | Parkgest\" \/>\n<meta property=\"og:description\" content=\"PARKGEST konzentriert sich auf seine einzige Aufgabe, die Bewirtschaftung privater und \u00f6ffentlicher Parkpl\u00e4tze. Wir verf\u00fcgen \u00fcber reichlich Erfahrung.\" \/>\n<meta property=\"og:url\" content=\"https:\/\/www.parkgest.ch\/de\/verwaltung\/\" \/>\n<meta property=\"og:site_name\" content=\"Parkgest\" \/>\n<meta property=\"article:modified_time\" content=\"2020-08-04T08:32:18+00:00\" \/>\n<meta property=\"og:image\" content=\"https:\/\/www.parkgest.ch\/wp-content\/uploads\/tandem_parkgest-13-gestion-scaled.jpg\" \/>\n\t<meta property=\"og:image:width\" content=\"2560\" \/>\n\t<meta property=\"og:image:height\" content=\"1600\" \/>\n\t<meta property=\"og:image:type\" content=\"image\/jpeg\" \/>\n<meta name=\"twitter:label1\" content=\"Gesch\u00e4tzte Lesezeit\" \/>\n\t<meta name=\"twitter:data1\" content=\"1\u00a0Minute\" \/>\n<script type=\"application\/ld+json\" class=\"yoast-schema-graph\">{\"@context\":\"https:\/\/schema.org\",\"@graph\":[{\"@type\":\"WebPage\",\"@id\":\"https:\/\/www.parkgest.ch\/de\/verwaltung\/\",\"url\":\"https:\/\/www.parkgest.ch\/de\/verwaltung\/\",\"name\":\"Bewirtschaftung | Parkgest\",\"isPartOf\":{\"@id\":\"https:\/\/www.parkgest.ch\/#website\"},\"datePublished\":\"2012-11-21T19:48:38+00:00\",\"dateModified\":\"2020-08-04T08:32:18+00:00\",\"description\":\"PARKGEST konzentriert sich auf seine einzige Aufgabe, die Bewirtschaftung privater und \u00f6ffentlicher Parkpl\u00e4tze. Wir verf\u00fcgen \u00fcber reichlich Erfahrung.\",\"breadcrumb\":{\"@id\":\"https:\/\/www.parkgest.ch\/de\/verwaltung\/#breadcrumb\"},\"inLanguage\":\"de\",\"potentialAction\":[{\"@type\":\"ReadAction\",\"target\":[\"https:\/\/www.parkgest.ch\/de\/verwaltung\/\"]}]},{\"@type\":\"BreadcrumbList\",\"@id\":\"https:\/\/www.parkgest.ch\/de\/verwaltung\/#breadcrumb\",\"itemListElement\":[{\"@type\":\"ListItem\",\"position\":1,\"name\":\"Accueil\",\"item\":\"https:\/\/www.parkgest.ch\/de\/\"},{\"@type\":\"ListItem\",\"position\":2,\"name\":\"Bewirtschaftung\"}]},{\"@type\":\"WebSite\",\"@id\":\"https:\/\/www.parkgest.ch\/#website\",\"url\":\"https:\/\/www.parkgest.ch\/\",\"name\":\"Parkgest\",\"description\":\"R\u00e9seau de parkings \u00e0 Gen\u00e8ve et Suisse romande\",\"potentialAction\":[{\"@type\":\"SearchAction\",\"target\":{\"@type\":\"EntryPoint\",\"urlTemplate\":\"https:\/\/www.parkgest.ch\/?s={search_term_string}\"},\"query-input\":\"required name=search_term_string\"}],\"inLanguage\":\"de\"}]}<\/script>\n<!-- \/ Yoast SEO plugin. -->","yoast_head_json":{"title":"Bewirtschaftung | Parkgest","description":"PARKGEST konzentriert sich auf seine einzige Aufgabe, die Bewirtschaftung privater und \u00f6ffentlicher Parkpl\u00e4tze. Wir verf\u00fcgen \u00fcber reichlich Erfahrung.","robots":{"index":"index","follow":"follow","max-snippet":"max-snippet:-1","max-image-preview":"max-image-preview:large","max-video-preview":"max-video-preview:-1"},"canonical":"https:\/\/www.parkgest.ch\/de\/verwaltung\/","og_locale":"de_DE","og_type":"article","og_title":"Bewirtschaftung | Parkgest","og_description":"PARKGEST konzentriert sich auf seine einzige Aufgabe, die Bewirtschaftung privater und \u00f6ffentlicher Parkpl\u00e4tze. Wir verf\u00fcgen \u00fcber reichlich Erfahrung.","og_url":"https:\/\/www.parkgest.ch\/de\/verwaltung\/","og_site_name":"Parkgest","article_modified_time":"2020-08-04T08:32:18+00:00","og_image":[{"width":2560,"height":1600,"url":"https:\/\/www.parkgest.ch\/wp-content\/uploads\/tandem_parkgest-13-gestion-scaled.jpg","type":"image\/jpeg"}],"twitter_misc":{"Gesch\u00e4tzte Lesezeit":"1\u00a0Minute"},"schema":{"@context":"https:\/\/schema.org","@graph":[{"@type":"WebPage","@id":"https:\/\/www.parkgest.ch\/de\/verwaltung\/","url":"https:\/\/www.parkgest.ch\/de\/verwaltung\/","name":"Bewirtschaftung | Parkgest","isPartOf":{"@id":"https:\/\/www.parkgest.ch\/#website"},"datePublished":"2012-11-21T19:48:38+00:00","dateModified":"2020-08-04T08:32:18+00:00","description":"PARKGEST konzentriert sich auf seine einzige Aufgabe, die Bewirtschaftung privater und \u00f6ffentlicher Parkpl\u00e4tze. Wir verf\u00fcgen \u00fcber reichlich Erfahrung.","breadcrumb":{"@id":"https:\/\/www.parkgest.ch\/de\/verwaltung\/#breadcrumb"},"inLanguage":"de","potentialAction":[{"@type":"ReadAction","target":["https:\/\/www.parkgest.ch\/de\/verwaltung\/"]}]},{"@type":"BreadcrumbList","@id":"https:\/\/www.parkgest.ch\/de\/verwaltung\/#breadcrumb","itemListElement":[{"@type":"ListItem","position":1,"name":"Accueil","item":"https:\/\/www.parkgest.ch\/de\/"},{"@type":"ListItem","position":2,"name":"Bewirtschaftung"}]},{"@type":"WebSite","@id":"https:\/\/www.parkgest.ch\/#website","url":"https:\/\/www.parkgest.ch\/","name":"Parkgest","description":"R\u00e9seau de parkings \u00e0 Gen\u00e8ve et Suisse romande","potentialAction":[{"@type":"SearchAction","target":{"@type":"EntryPoint","urlTemplate":"https:\/\/www.parkgest.ch\/?s={search_term_string}"},"query-input":"required name=search_term_string"}],"inLanguage":"de"}]}},"_links":{"self":[{"href":"https:\/\/www.parkgest.ch\/de\/wp-json\/wp\/v2\/pages\/1290"}],"collection":[{"href":"https:\/\/www.parkgest.ch\/de\/wp-json\/wp\/v2\/pages"}],"about":[{"href":"https:\/\/www.parkgest.ch\/de\/wp-json\/wp\/v2\/types\/page"}],"author":[{"embeddable":true,"href":"https:\/\/www.parkgest.ch\/de\/wp-json\/wp\/v2\/users\/5"}],"replies":[{"embeddable":true,"href":"https:\/\/www.parkgest.ch\/de\/wp-json\/wp\/v2\/comments?post=1290"}],"version-history":[{"count":0,"href":"https:\/\/www.parkgest.ch\/de\/wp-json\/wp\/v2\/pages\/1290\/revisions"}],"wp:featuredmedia":[{"embeddable":true,"href":"https:\/\/www.parkgest.ch\/de\/wp-json\/wp\/v2\/media\/5642"}],"wp:attachment":[{"href":"https:\/\/www.parkgest.ch\/de\/wp-json\/wp\/v2\/media?parent=1290"}],"wp:term":[{"taxonomy":"post_tag","embeddable":true,"href":"https:\/\/www.parkgest.ch\/de\/wp-json\/wp\/v2\/tags?post=1290"}],"curies":[{"name":"wp","href":"https:\/\/api.w.org\/{rel}","templated":true}]}}