{"id":1287,"date":"2012-11-21T19:48:20","date_gmt":"2012-11-21T19:48:20","guid":{"rendered":"http:\/\/www.parkgest.ch\/werbeflachen\/"},"modified":"2025-03-27T11:14:21","modified_gmt":"2025-03-27T10:14:21","slug":"werbeflachen","status":"publish","type":"page","link":"https:\/\/www.parkgest.ch\/de\/werbeflachen\/","title":{"rendered":"Aussenwerbung"},"content":{"rendered":"<div class=\"pkg-block pkg-block-text pkg-block-text--normal\">\n<h2>Aussenwerbung<\/h2>\n<p>Das Netzwerk der Werbefl\u00e4chen auf unseren Parkpl\u00e4tzen in Mont-Blanc und Villereuse bietet mit fast 3 Millionen Besuchern pro Jahr eine hervorragende Basis in Bezug auf Sichtbarkeit und Wirkung.<\/p>\n<p>Dank des t\u00e4glichen Verkehrs von mehr als 6.000 Nutzern allein im Mont-Blanc-Parkhaus wird beispielsweise eine Anzeige im Ein- und Ausstiegsbereich 12.000 Mal am Tag gesehen!<\/p>\n<p>Ihnen steht eine Vielzahl von Mitteln mit ganz unterschiedlichen M\u00f6glichkeiten zur Verf\u00fcgung: die Beschriftung von Tickets, Schranken, das Umfeld von Zahlautomaten, Aufz\u00fcgen, Rolltreppen und Ausstellungspodesten im Untergeschoss.<\/p>\n<p>Auf unseren Parkpl\u00e4tzen laufen seit fast 50 Jahren Kampagnen der gr\u00f6ssten Genfer und auch internationalen Marken, die ihr Image pflegen, ihre Markenkultur pr\u00e4sentieren oder den Verkauf ihrer Produkte f\u00f6rdern. Warum nicht Sie?<\/p>\n<\/div>\n<div class=\"pkg-block pkg-block-text\">\n<h2>Richtwerte f\u00fcr den durchschnittlichen Publikumsverkehr<\/h2>\n<h3>Parkhaus Mont-Blanc<\/h3>\n<div class=\"table-responsive\"><table  style=\"width:100%; \"  class=\"easy-table easy-table-default \" border=\"0\">\n<thead>\r\n<tr><th  style=\"width:290px;text-align:left\" ><\/th>\n<th  style=\"width:150px;text-align:right\" >J\u00e4hrlich<\/th>\n<th  style=\"width:150px;text-align:right\" >Monatlich<\/th>\n<th  style=\"width:150px;text-align:right\" >T\u00e4glich<\/th>\n<\/tr>\n<\/thead>\n<tbody>\r\n<tr><td  style=\"text-align:left\" >Fahrzeuge<\/td>\n<td  style=\"text-align:right\" >1'100'000<\/td>\n<td  style=\"text-align:right\" >100'000<\/td>\n<td  style=\"text-align:right\" >3'225<\/td>\n<\/tr>\n\r\n<tr><td  style=\"text-align:left\" >Nutzer<\/td>\n<td  style=\"text-align:right\" >2'196'000<\/td>\n<td  style=\"text-align:right\" >183'000<\/td>\n<td  style=\"text-align:right\" >6'100<\/td>\n<\/tr>\n\r\n<tr><td  style=\"text-align:left\" >Kontaktwahrscheinlichkeit<\/td>\n<td  style=\"text-align:right\" >4'392'000<\/td>\n<td  style=\"text-align:right\" >366'000<\/td>\n<td  style=\"text-align:right\" >12'200<\/td>\n<\/tr>\n<\/tbody><\/table><\/div>\n<h3>Parkhaus Villereuse<\/h3>\n<div class=\"table-responsive\"><table  style=\"width:100%; \"  class=\"easy-table easy-table-default \" border=\"0\">\n<thead>\r\n<tr><th  style=\"width:290px;text-align:left\" ><\/th>\n<th  style=\"width:150px;text-align:right\" >J\u00e4hrlich<\/th>\n<th  style=\"width:150px;text-align:right\" >Monatlich<\/th>\n<th  style=\"width:150px;text-align:right\" >T\u00e4glich<\/th>\n<\/tr>\n<\/thead>\n<tbody>\r\n<tr><td  style=\"text-align:left\" >Fahrzeuge<\/td>\n<td  style=\"text-align:right\" >250'000<\/td>\n<td  style=\"text-align:right\" >20'833<\/td>\n<td  style=\"text-align:right\" >694<\/td>\n<\/tr>\n\r\n<tr><td  style=\"text-align:left\" >Nutzer<\/td>\n<td  style=\"text-align:right\" >457'500<\/td>\n<td  style=\"text-align:right\" >38'125<\/td>\n<td  style=\"text-align:right\" >1'271<\/td>\n<\/tr>\n\r\n<tr><td  style=\"text-align:left\" >Kontaktwahrscheinlichkeit <\/td>\n<td  style=\"text-align:right\" >915'000<\/td>\n<td  style=\"text-align:right\" >76'250<\/td>\n<td  style=\"text-align:right\" >2'542<\/td>\n<\/tr>\n<\/tbody><\/table><\/div>\n<\/div>\n<div class=\"row pkg-contact\">\n<div class=\"col-12\">\n<p>Wir haben die Antwort, um Ihre Werbebotschaft effektiv zu \u00fcbermitteln: <\/p>\n<\/div>\n<div class=\"col-md-6\"><a class=\"contact-item\" href=\"tel:0223160860\"><span class=\"contact-item__text\">Lassen Sie sich unter<br \/>der Nummer 022 316 08 60<\/span><i class=\"icon-phone\"><\/i><\/a><\/div>\n<div class=\"col-md-6\"><a class=\"contact-item\" href=\"mailto:publicite@parkgest.ch\"><span class=\"contact-item__text\">oder per E-Mail beraten: publicite@parkgest.ch<\/span><i class=\"icon-mail\"><\/i><\/a><\/div>\n<\/div>\n<div class=\"partners\">\n<div class=\"row\">\n<div class=\"col-md-8\">\n<p>Wir arbeiten mit  <a href=\"http:\/\/www.diffusia.ch\" target=\"_blank\" rel=\"noopener noreferrer\">Diffusia<\/a> und <a href=\"http:\/\/www.force-promotion.ch\" target=\"_blank\" rel=\"noopener noreferrer\">Force Promotion<\/a> zusammen. Wir laden Sie ein, auf unserer Website die verschiedenen verf\u00fcgbaren Werbemittel zu entdecken.<\/p>\n<\/div>\n<div class=\"col-md-4 partners__icons\"><i class=\"icon icon-diffusia\"><\/i><br \/>\n<i class=\"icon icon-force\"><\/i><\/div>\n<\/div>\n<\/div>\n","protected":false},"excerpt":{"rendered":"<p>Aussenwerbung Das Netzwerk der Werbefl\u00e4chen auf unseren Parkpl\u00e4tzen in Mont-Blanc und Villereuse bietet mit fast 3 Millionen Besuchern pro Jahr eine hervorragende Basis in Bezug auf Sichtbarkeit und Wirkung. Dank des t\u00e4glichen Verkehrs von mehr als 6.000 Nutzern allein im Mont-Blanc-Parkhaus wird beispielsweise eine Anzeige im Ein- und Ausstiegsbereich 12.000 Mal am Tag gesehen! Ihnen [&hellip;]<\/p>\n","protected":false},"author":5,"featured_media":5860,"parent":0,"menu_order":3,"comment_status":"closed","ping_status":"closed","template":"annonce.php","meta":{"footnotes":""},"tags":[],"yoast_head":"<!-- This site is optimized with the Yoast SEO plugin v21.8 - https:\/\/yoast.com\/wordpress\/plugins\/seo\/ -->\n<title>Aussenwerbung | Parkgest<\/title>\n<meta name=\"description\" content=\"Unsere Parkpl\u00e4tze bieten eine grosse Auswahl an sehr wirksamen Werbefl\u00e4chen.\" \/>\n<meta name=\"robots\" content=\"index, follow, max-snippet:-1, max-image-preview:large, max-video-preview:-1\" \/>\n<link rel=\"canonical\" href=\"https:\/\/www.parkgest.ch\/de\/werbeflachen\/\" \/>\n<meta property=\"og:locale\" content=\"de_DE\" \/>\n<meta property=\"og:type\" content=\"article\" \/>\n<meta property=\"og:title\" content=\"Aussenwerbung | Parkgest\" \/>\n<meta property=\"og:description\" content=\"Unsere Parkpl\u00e4tze bieten eine grosse Auswahl an sehr wirksamen Werbefl\u00e4chen.\" \/>\n<meta property=\"og:url\" content=\"https:\/\/www.parkgest.ch\/de\/werbeflachen\/\" \/>\n<meta property=\"og:site_name\" content=\"Parkgest\" \/>\n<meta property=\"article:modified_time\" content=\"2025-03-27T10:14:21+00:00\" \/>\n<meta property=\"og:image\" content=\"https:\/\/www.parkgest.ch\/wp-content\/uploads\/LS01904HD-1.jpg\" \/>\n\t<meta property=\"og:image:width\" content=\"1800\" \/>\n\t<meta property=\"og:image:height\" content=\"669\" \/>\n\t<meta property=\"og:image:type\" content=\"image\/jpeg\" \/>\n<meta name=\"twitter:label1\" content=\"Gesch\u00e4tzte Lesezeit\" \/>\n\t<meta name=\"twitter:data1\" content=\"2\u00a0Minuten\" \/>\n<script type=\"application\/ld+json\" class=\"yoast-schema-graph\">{\"@context\":\"https:\/\/schema.org\",\"@graph\":[{\"@type\":\"WebPage\",\"@id\":\"https:\/\/www.parkgest.ch\/de\/werbeflachen\/\",\"url\":\"https:\/\/www.parkgest.ch\/de\/werbeflachen\/\",\"name\":\"Aussenwerbung | Parkgest\",\"isPartOf\":{\"@id\":\"https:\/\/www.parkgest.ch\/#website\"},\"datePublished\":\"2012-11-21T19:48:20+00:00\",\"dateModified\":\"2025-03-27T10:14:21+00:00\",\"description\":\"Unsere Parkpl\u00e4tze bieten eine grosse Auswahl an sehr wirksamen Werbefl\u00e4chen.\",\"breadcrumb\":{\"@id\":\"https:\/\/www.parkgest.ch\/de\/werbeflachen\/#breadcrumb\"},\"inLanguage\":\"de\",\"potentialAction\":[{\"@type\":\"ReadAction\",\"target\":[\"https:\/\/www.parkgest.ch\/de\/werbeflachen\/\"]}]},{\"@type\":\"BreadcrumbList\",\"@id\":\"https:\/\/www.parkgest.ch\/de\/werbeflachen\/#breadcrumb\",\"itemListElement\":[{\"@type\":\"ListItem\",\"position\":1,\"name\":\"Accueil\",\"item\":\"https:\/\/www.parkgest.ch\/de\/\"},{\"@type\":\"ListItem\",\"position\":2,\"name\":\"Aussenwerbung\"}]},{\"@type\":\"WebSite\",\"@id\":\"https:\/\/www.parkgest.ch\/#website\",\"url\":\"https:\/\/www.parkgest.ch\/\",\"name\":\"Parkgest\",\"description\":\"R\u00e9seau de parkings \u00e0 Gen\u00e8ve et Suisse romande\",\"potentialAction\":[{\"@type\":\"SearchAction\",\"target\":{\"@type\":\"EntryPoint\",\"urlTemplate\":\"https:\/\/www.parkgest.ch\/?s={search_term_string}\"},\"query-input\":\"required name=search_term_string\"}],\"inLanguage\":\"de\"}]}<\/script>\n<!-- \/ Yoast SEO plugin. -->","yoast_head_json":{"title":"Aussenwerbung | Parkgest","description":"Unsere Parkpl\u00e4tze bieten eine grosse Auswahl an sehr wirksamen Werbefl\u00e4chen.","robots":{"index":"index","follow":"follow","max-snippet":"max-snippet:-1","max-image-preview":"max-image-preview:large","max-video-preview":"max-video-preview:-1"},"canonical":"https:\/\/www.parkgest.ch\/de\/werbeflachen\/","og_locale":"de_DE","og_type":"article","og_title":"Aussenwerbung | Parkgest","og_description":"Unsere Parkpl\u00e4tze bieten eine grosse Auswahl an sehr wirksamen Werbefl\u00e4chen.","og_url":"https:\/\/www.parkgest.ch\/de\/werbeflachen\/","og_site_name":"Parkgest","article_modified_time":"2025-03-27T10:14:21+00:00","og_image":[{"width":1800,"height":669,"url":"https:\/\/www.parkgest.ch\/wp-content\/uploads\/LS01904HD-1.jpg","type":"image\/jpeg"}],"twitter_misc":{"Gesch\u00e4tzte Lesezeit":"2\u00a0Minuten"},"schema":{"@context":"https:\/\/schema.org","@graph":[{"@type":"WebPage","@id":"https:\/\/www.parkgest.ch\/de\/werbeflachen\/","url":"https:\/\/www.parkgest.ch\/de\/werbeflachen\/","name":"Aussenwerbung | Parkgest","isPartOf":{"@id":"https:\/\/www.parkgest.ch\/#website"},"datePublished":"2012-11-21T19:48:20+00:00","dateModified":"2025-03-27T10:14:21+00:00","description":"Unsere Parkpl\u00e4tze bieten eine grosse Auswahl an sehr wirksamen Werbefl\u00e4chen.","breadcrumb":{"@id":"https:\/\/www.parkgest.ch\/de\/werbeflachen\/#breadcrumb"},"inLanguage":"de","potentialAction":[{"@type":"ReadAction","target":["https:\/\/www.parkgest.ch\/de\/werbeflachen\/"]}]},{"@type":"BreadcrumbList","@id":"https:\/\/www.parkgest.ch\/de\/werbeflachen\/#breadcrumb","itemListElement":[{"@type":"ListItem","position":1,"name":"Accueil","item":"https:\/\/www.parkgest.ch\/de\/"},{"@type":"ListItem","position":2,"name":"Aussenwerbung"}]},{"@type":"WebSite","@id":"https:\/\/www.parkgest.ch\/#website","url":"https:\/\/www.parkgest.ch\/","name":"Parkgest","description":"R\u00e9seau de parkings \u00e0 Gen\u00e8ve et Suisse romande","potentialAction":[{"@type":"SearchAction","target":{"@type":"EntryPoint","urlTemplate":"https:\/\/www.parkgest.ch\/?s={search_term_string}"},"query-input":"required name=search_term_string"}],"inLanguage":"de"}]}},"_links":{"self":[{"href":"https:\/\/www.parkgest.ch\/de\/wp-json\/wp\/v2\/pages\/1287"}],"collection":[{"href":"https:\/\/www.parkgest.ch\/de\/wp-json\/wp\/v2\/pages"}],"about":[{"href":"https:\/\/www.parkgest.ch\/de\/wp-json\/wp\/v2\/types\/page"}],"author":[{"embeddable":true,"href":"https:\/\/www.parkgest.ch\/de\/wp-json\/wp\/v2\/users\/5"}],"replies":[{"embeddable":true,"href":"https:\/\/www.parkgest.ch\/de\/wp-json\/wp\/v2\/comments?post=1287"}],"version-history":[{"count":1,"href":"https:\/\/www.parkgest.ch\/de\/wp-json\/wp\/v2\/pages\/1287\/revisions"}],"predecessor-version":[{"id":10457,"href":"https:\/\/www.parkgest.ch\/de\/wp-json\/wp\/v2\/pages\/1287\/revisions\/10457"}],"wp:featuredmedia":[{"embeddable":true,"href":"https:\/\/www.parkgest.ch\/de\/wp-json\/wp\/v2\/media\/5860"}],"wp:attachment":[{"href":"https:\/\/www.parkgest.ch\/de\/wp-json\/wp\/v2\/media?parent=1287"}],"wp:term":[{"taxonomy":"post_tag","embeddable":true,"href":"https:\/\/www.parkgest.ch\/de\/wp-json\/wp\/v2\/tags?post=1287"}],"curies":[{"name":"wp","href":"https:\/\/api.w.org\/{rel}","templated":true}]}}