{"id":1278,"date":"2012-11-21T11:38:58","date_gmt":"2012-11-21T11:38:58","guid":{"rendered":"http:\/\/www.parkgest.ch\/willkommen\/"},"modified":"2026-04-01T14:56:32","modified_gmt":"2026-04-01T13:56:32","slug":"willkommen","status":"publish","type":"page","link":"https:\/\/www.parkgest.ch\/de\/","title":{"rendered":"Willkommen"},"content":{"rendered":"<h1>Ihr Netzwerk hochwertiger Parkh\u00e4user<br \/>\nin der Romandie.<\/h1>\n","protected":false},"excerpt":{"rendered":"<p>Ihr Netzwerk hochwertiger Parkh\u00e4user in der Romandie.<\/p>\n","protected":false},"author":5,"featured_media":0,"parent":0,"menu_order":0,"comment_status":"closed","ping_status":"closed","template":"homepage.php","meta":{"footnotes":""},"tags":[],"yoast_head":"<!-- This site is optimized with the Yoast SEO plugin v21.8 - https:\/\/yoast.com\/wordpress\/plugins\/seo\/ -->\n<title>Willkommen | Parkgest<\/title>\n<meta name=\"description\" content=\"Willkomen bei PARKGEST, Ihrem Qualit\u00e4tsparkplatznetz in der franz\u00f6sischen Schweiz. Entdecken Sie unsere Standorte und unsere Serviceleistungen in Genf.\" \/>\n<meta name=\"robots\" content=\"index, follow, max-snippet:-1, max-image-preview:large, max-video-preview:-1\" \/>\n<link rel=\"canonical\" href=\"https:\/\/www.parkgest.ch\/de\/\" \/>\n<meta property=\"og:locale\" content=\"de_DE\" \/>\n<meta property=\"og:type\" content=\"article\" \/>\n<meta property=\"og:title\" content=\"Willkommen | Parkgest\" \/>\n<meta property=\"og:description\" content=\"Willkomen bei PARKGEST, Ihrem Qualit\u00e4tsparkplatznetz in der franz\u00f6sischen Schweiz. Entdecken Sie unsere Standorte und unsere Serviceleistungen in Genf.\" \/>\n<meta property=\"og:url\" content=\"https:\/\/www.parkgest.ch\/de\/\" \/>\n<meta property=\"og:site_name\" content=\"Parkgest\" \/>\n<meta property=\"article:modified_time\" content=\"2026-04-01T13:56:32+00:00\" \/>\n<meta name=\"twitter:label1\" content=\"Gesch\u00e4tzte Lesezeit\" \/>\n\t<meta name=\"twitter:data1\" content=\"1\u00a0Minute\" \/>\n<script type=\"application\/ld+json\" class=\"yoast-schema-graph\">{\"@context\":\"https:\/\/schema.org\",\"@graph\":[{\"@type\":\"WebPage\",\"@id\":\"https:\/\/www.parkgest.ch\/de\/\",\"url\":\"https:\/\/www.parkgest.ch\/de\/\",\"name\":\"Willkommen | Parkgest\",\"isPartOf\":{\"@id\":\"https:\/\/www.parkgest.ch\/#website\"},\"datePublished\":\"2012-11-21T11:38:58+00:00\",\"dateModified\":\"2026-04-01T13:56:32+00:00\",\"description\":\"Willkomen bei PARKGEST, Ihrem Qualit\u00e4tsparkplatznetz in der franz\u00f6sischen Schweiz. Entdecken Sie unsere Standorte und unsere Serviceleistungen in Genf.\",\"breadcrumb\":{\"@id\":\"https:\/\/www.parkgest.ch\/de\/#breadcrumb\"},\"inLanguage\":\"de\",\"potentialAction\":[{\"@type\":\"ReadAction\",\"target\":[\"https:\/\/www.parkgest.ch\/de\/\"]}]},{\"@type\":\"BreadcrumbList\",\"@id\":\"https:\/\/www.parkgest.ch\/de\/#breadcrumb\",\"itemListElement\":[{\"@type\":\"ListItem\",\"position\":1,\"name\":\"Accueil\",\"item\":\"https:\/\/www.parkgest.ch\/de\/\"},{\"@type\":\"ListItem\",\"position\":2,\"name\":\"Willkommen\"}]},{\"@type\":\"WebSite\",\"@id\":\"https:\/\/www.parkgest.ch\/#website\",\"url\":\"https:\/\/www.parkgest.ch\/\",\"name\":\"Parkgest\",\"description\":\"R\u00e9seau de parkings \u00e0 Gen\u00e8ve et Suisse romande\",\"potentialAction\":[{\"@type\":\"SearchAction\",\"target\":{\"@type\":\"EntryPoint\",\"urlTemplate\":\"https:\/\/www.parkgest.ch\/?s={search_term_string}\"},\"query-input\":\"required name=search_term_string\"}],\"inLanguage\":\"de\"}]}<\/script>\n<!-- \/ Yoast SEO plugin. -->","yoast_head_json":{"title":"Willkommen | Parkgest","description":"Willkomen bei PARKGEST, Ihrem Qualit\u00e4tsparkplatznetz in der franz\u00f6sischen Schweiz. Entdecken Sie unsere Standorte und unsere Serviceleistungen in Genf.","robots":{"index":"index","follow":"follow","max-snippet":"max-snippet:-1","max-image-preview":"max-image-preview:large","max-video-preview":"max-video-preview:-1"},"canonical":"https:\/\/www.parkgest.ch\/de\/","og_locale":"de_DE","og_type":"article","og_title":"Willkommen | Parkgest","og_description":"Willkomen bei PARKGEST, Ihrem Qualit\u00e4tsparkplatznetz in der franz\u00f6sischen Schweiz. Entdecken Sie unsere Standorte und unsere Serviceleistungen in Genf.","og_url":"https:\/\/www.parkgest.ch\/de\/","og_site_name":"Parkgest","article_modified_time":"2026-04-01T13:56:32+00:00","twitter_misc":{"Gesch\u00e4tzte Lesezeit":"1\u00a0Minute"},"schema":{"@context":"https:\/\/schema.org","@graph":[{"@type":"WebPage","@id":"https:\/\/www.parkgest.ch\/de\/","url":"https:\/\/www.parkgest.ch\/de\/","name":"Willkommen | Parkgest","isPartOf":{"@id":"https:\/\/www.parkgest.ch\/#website"},"datePublished":"2012-11-21T11:38:58+00:00","dateModified":"2026-04-01T13:56:32+00:00","description":"Willkomen bei PARKGEST, Ihrem Qualit\u00e4tsparkplatznetz in der franz\u00f6sischen Schweiz. Entdecken Sie unsere Standorte und unsere Serviceleistungen in Genf.","breadcrumb":{"@id":"https:\/\/www.parkgest.ch\/de\/#breadcrumb"},"inLanguage":"de","potentialAction":[{"@type":"ReadAction","target":["https:\/\/www.parkgest.ch\/de\/"]}]},{"@type":"BreadcrumbList","@id":"https:\/\/www.parkgest.ch\/de\/#breadcrumb","itemListElement":[{"@type":"ListItem","position":1,"name":"Accueil","item":"https:\/\/www.parkgest.ch\/de\/"},{"@type":"ListItem","position":2,"name":"Willkommen"}]},{"@type":"WebSite","@id":"https:\/\/www.parkgest.ch\/#website","url":"https:\/\/www.parkgest.ch\/","name":"Parkgest","description":"R\u00e9seau de parkings \u00e0 Gen\u00e8ve et Suisse romande","potentialAction":[{"@type":"SearchAction","target":{"@type":"EntryPoint","urlTemplate":"https:\/\/www.parkgest.ch\/?s={search_term_string}"},"query-input":"required name=search_term_string"}],"inLanguage":"de"}]}},"_links":{"self":[{"href":"https:\/\/www.parkgest.ch\/de\/wp-json\/wp\/v2\/pages\/1278"}],"collection":[{"href":"https:\/\/www.parkgest.ch\/de\/wp-json\/wp\/v2\/pages"}],"about":[{"href":"https:\/\/www.parkgest.ch\/de\/wp-json\/wp\/v2\/types\/page"}],"author":[{"embeddable":true,"href":"https:\/\/www.parkgest.ch\/de\/wp-json\/wp\/v2\/users\/5"}],"replies":[{"embeddable":true,"href":"https:\/\/www.parkgest.ch\/de\/wp-json\/wp\/v2\/comments?post=1278"}],"version-history":[{"count":8,"href":"https:\/\/www.parkgest.ch\/de\/wp-json\/wp\/v2\/pages\/1278\/revisions"}],"predecessor-version":[{"id":10978,"href":"https:\/\/www.parkgest.ch\/de\/wp-json\/wp\/v2\/pages\/1278\/revisions\/10978"}],"wp:attachment":[{"href":"https:\/\/www.parkgest.ch\/de\/wp-json\/wp\/v2\/media?parent=1278"}],"wp:term":[{"taxonomy":"post_tag","embeddable":true,"href":"https:\/\/www.parkgest.ch\/de\/wp-json\/wp\/v2\/tags?post=1278"}],"curies":[{"name":"wp","href":"https:\/\/api.w.org\/{rel}","templated":true}]}}