{"id":10915,"date":"2025-09-08T21:20:22","date_gmt":"2025-09-08T20:20:22","guid":{"rendered":"https:\/\/www.parkgest.ch\/?page_id=10915"},"modified":"2025-09-09T11:25:10","modified_gmt":"2025-09-09T10:25:10","slug":"praktische-informationen","status":"publish","type":"page","link":"https:\/\/www.parkgest.ch\/de\/wo-man-parken\/parkhaus-la-concorde\/praktische-informationen\/","title":{"rendered":"Praktische Informationen"},"content":{"rendered":"<p><strong>Parkhaus La Concorde<\/strong><br \/>\nChemin Emilie-de-Morsier 10<br \/>\n1219 Vernier<\/p>\n<p>\u00d6ffnungszeiten:<br \/>\nRund um die Uhr, 7 Tage die Woche.<\/p>\n<p>Ausserhalb dieser Zeiten besteht Verbindung mit dem Kontrollzentrum des Mont-Blanc (Tel: 022 316 08 50)<\/p>\n<p><strong>Vertriebsabteilung<\/strong><br \/>\nRue de la Rotisserie 4B<br \/>\n1204 Gen\u00e8ve<br \/>\nT\u00e9l. 022 310 01 30<br \/>\nparkinglaconcorde@parkgest.ch<\/p>\n<p><strong>Telefonische Empfangsdienst:<\/strong><br \/>\nMontag bis Freitag von 8:00 bis 12:00<\/p>\n<p><strong>Sonstige Angaben Kapazit\u00e4t:<\/strong><br \/>\nDas Parkhaus besteht aus einer Innenstruktur auf drei Ebenen mit 484 Stellpl\u00e4tzen.<br \/>\nEbene -1 bietet 131 Stellpl\u00e4tze f\u00fcr Autos, davon 2 f\u00fcr Personen mit eingeschr\u00e4nkter Mobilit\u00e4t, sowie 22 Stellpl\u00e4tze f\u00fcr Motorr\u00e4der.<br \/>\nEbene -2 verf\u00fcgt \u00fcber 156 Stellpl\u00e4tze f\u00fcr Autos, davon 2 f\u00fcr Personen mit eingeschr\u00e4nkter Mobilit\u00e4t, und 11 Stellpl\u00e4tze f\u00fcr Motorr\u00e4der.<br \/>\nAuf Ebene -3 schlie\u00dflich gibt es 157 Stellpl\u00e4tze f\u00fcr Autos, darunter 1 f\u00fcr Personen mit eingeschr\u00e4nkter Mobilit\u00e4t, sowie 7 Stellpl\u00e4tze f\u00fcr Motorr\u00e4der.<br \/>\nAus praktischen und betrieblichen Gr\u00fcnden wird Ebene -1 vorzugsweise von Besuchern belegt, w\u00e4hrend Abonnenten eingeladen werden, die Ebenen -2 und -3 zu belegen.<\/p>\n<p>&nbsp;<\/p>\n","protected":false},"excerpt":{"rendered":"<p>Parkhaus La Concorde Chemin Emilie-de-Morsier 10 1219 Vernier \u00d6ffnungszeiten: Rund um die Uhr, 7 Tage die Woche. Ausserhalb dieser Zeiten besteht Verbindung mit dem Kontrollzentrum des Mont-Blanc (Tel: 022 316 08 50) Vertriebsabteilung Rue de la Rotisserie 4B 1204 Gen\u00e8ve T\u00e9l. 022 310 01 30 parkinglaconcorde@parkgest.ch Telefonische Empfangsdienst: Montag bis Freitag von 8:00 bis 12:00 [&hellip;]<\/p>\n","protected":false},"author":13,"featured_media":0,"parent":10891,"menu_order":0,"comment_status":"closed","ping_status":"closed","template":"","meta":{"footnotes":""},"tags":[],"yoast_head":"<!-- This site is optimized with the Yoast SEO plugin v21.8 - https:\/\/yoast.com\/wordpress\/plugins\/seo\/ -->\n<title>Praktische Informationen | Parkgest<\/title>\n<meta name=\"robots\" content=\"index, follow, max-snippet:-1, max-image-preview:large, max-video-preview:-1\" \/>\n<link rel=\"canonical\" href=\"https:\/\/www.parkgest.ch\/de\/wo-man-parken\/parkhaus-la-concorde\/praktische-informationen\/\" \/>\n<meta property=\"og:locale\" content=\"de_DE\" \/>\n<meta property=\"og:type\" content=\"article\" \/>\n<meta property=\"og:title\" content=\"Praktische Informationen | Parkgest\" \/>\n<meta property=\"og:description\" content=\"Parkhaus La Concorde Chemin Emilie-de-Morsier 10 1219 Vernier \u00d6ffnungszeiten: Rund um die Uhr, 7 Tage die Woche. Ausserhalb dieser Zeiten besteht Verbindung mit dem Kontrollzentrum des Mont-Blanc (Tel: 022 316 08 50) Vertriebsabteilung Rue de la Rotisserie 4B 1204 Gen\u00e8ve T\u00e9l. 022 310 01 30 parkinglaconcorde@parkgest.ch Telefonische Empfangsdienst: Montag bis Freitag von 8:00 bis 12:00 [&hellip;]\" \/>\n<meta property=\"og:url\" content=\"https:\/\/www.parkgest.ch\/de\/wo-man-parken\/parkhaus-la-concorde\/praktische-informationen\/\" \/>\n<meta property=\"og:site_name\" content=\"Parkgest\" \/>\n<meta property=\"article:modified_time\" content=\"2025-09-09T10:25:10+00:00\" \/>\n<meta name=\"twitter:label1\" content=\"Gesch\u00e4tzte Lesezeit\" \/>\n\t<meta name=\"twitter:data1\" content=\"1\u00a0Minute\" \/>\n<script type=\"application\/ld+json\" class=\"yoast-schema-graph\">{\"@context\":\"https:\/\/schema.org\",\"@graph\":[{\"@type\":\"WebPage\",\"@id\":\"https:\/\/www.parkgest.ch\/de\/wo-man-parken\/parkhaus-la-concorde\/praktische-informationen\/\",\"url\":\"https:\/\/www.parkgest.ch\/de\/wo-man-parken\/parkhaus-la-concorde\/praktische-informationen\/\",\"name\":\"Praktische Informationen | Parkgest\",\"isPartOf\":{\"@id\":\"https:\/\/www.parkgest.ch\/#website\"},\"datePublished\":\"2025-09-08T20:20:22+00:00\",\"dateModified\":\"2025-09-09T10:25:10+00:00\",\"breadcrumb\":{\"@id\":\"https:\/\/www.parkgest.ch\/de\/wo-man-parken\/parkhaus-la-concorde\/praktische-informationen\/#breadcrumb\"},\"inLanguage\":\"de\",\"potentialAction\":[{\"@type\":\"ReadAction\",\"target\":[\"https:\/\/www.parkgest.ch\/de\/wo-man-parken\/parkhaus-la-concorde\/praktische-informationen\/\"]}]},{\"@type\":\"BreadcrumbList\",\"@id\":\"https:\/\/www.parkgest.ch\/de\/wo-man-parken\/parkhaus-la-concorde\/praktische-informationen\/#breadcrumb\",\"itemListElement\":[{\"@type\":\"ListItem\",\"position\":1,\"name\":\"Accueil\",\"item\":\"https:\/\/www.parkgest.ch\/de\/\"},{\"@type\":\"ListItem\",\"position\":2,\"name\":\"Wo kann ich parken?\",\"item\":\"https:\/\/www.parkgest.ch\/de\/wo-man-parken\/\"},{\"@type\":\"ListItem\",\"position\":3,\"name\":\"Parkhaus La Concorde\",\"item\":\"https:\/\/www.parkgest.ch\/de\/wo-man-parken\/parkhaus-la-concorde\/\"},{\"@type\":\"ListItem\",\"position\":4,\"name\":\"Praktische Informationen\"}]},{\"@type\":\"WebSite\",\"@id\":\"https:\/\/www.parkgest.ch\/#website\",\"url\":\"https:\/\/www.parkgest.ch\/\",\"name\":\"Parkgest\",\"description\":\"R\u00e9seau de parkings \u00e0 Gen\u00e8ve et Suisse romande\",\"potentialAction\":[{\"@type\":\"SearchAction\",\"target\":{\"@type\":\"EntryPoint\",\"urlTemplate\":\"https:\/\/www.parkgest.ch\/?s={search_term_string}\"},\"query-input\":\"required name=search_term_string\"}],\"inLanguage\":\"de\"}]}<\/script>\n<!-- \/ Yoast SEO plugin. -->","yoast_head_json":{"title":"Praktische Informationen | Parkgest","robots":{"index":"index","follow":"follow","max-snippet":"max-snippet:-1","max-image-preview":"max-image-preview:large","max-video-preview":"max-video-preview:-1"},"canonical":"https:\/\/www.parkgest.ch\/de\/wo-man-parken\/parkhaus-la-concorde\/praktische-informationen\/","og_locale":"de_DE","og_type":"article","og_title":"Praktische Informationen | Parkgest","og_description":"Parkhaus La Concorde Chemin Emilie-de-Morsier 10 1219 Vernier \u00d6ffnungszeiten: Rund um die Uhr, 7 Tage die Woche. Ausserhalb dieser Zeiten besteht Verbindung mit dem Kontrollzentrum des Mont-Blanc (Tel: 022 316 08 50) Vertriebsabteilung Rue de la Rotisserie 4B 1204 Gen\u00e8ve T\u00e9l. 022 310 01 30 parkinglaconcorde@parkgest.ch Telefonische Empfangsdienst: Montag bis Freitag von 8:00 bis 12:00 [&hellip;]","og_url":"https:\/\/www.parkgest.ch\/de\/wo-man-parken\/parkhaus-la-concorde\/praktische-informationen\/","og_site_name":"Parkgest","article_modified_time":"2025-09-09T10:25:10+00:00","twitter_misc":{"Gesch\u00e4tzte Lesezeit":"1\u00a0Minute"},"schema":{"@context":"https:\/\/schema.org","@graph":[{"@type":"WebPage","@id":"https:\/\/www.parkgest.ch\/de\/wo-man-parken\/parkhaus-la-concorde\/praktische-informationen\/","url":"https:\/\/www.parkgest.ch\/de\/wo-man-parken\/parkhaus-la-concorde\/praktische-informationen\/","name":"Praktische Informationen | Parkgest","isPartOf":{"@id":"https:\/\/www.parkgest.ch\/#website"},"datePublished":"2025-09-08T20:20:22+00:00","dateModified":"2025-09-09T10:25:10+00:00","breadcrumb":{"@id":"https:\/\/www.parkgest.ch\/de\/wo-man-parken\/parkhaus-la-concorde\/praktische-informationen\/#breadcrumb"},"inLanguage":"de","potentialAction":[{"@type":"ReadAction","target":["https:\/\/www.parkgest.ch\/de\/wo-man-parken\/parkhaus-la-concorde\/praktische-informationen\/"]}]},{"@type":"BreadcrumbList","@id":"https:\/\/www.parkgest.ch\/de\/wo-man-parken\/parkhaus-la-concorde\/praktische-informationen\/#breadcrumb","itemListElement":[{"@type":"ListItem","position":1,"name":"Accueil","item":"https:\/\/www.parkgest.ch\/de\/"},{"@type":"ListItem","position":2,"name":"Wo kann ich parken?","item":"https:\/\/www.parkgest.ch\/de\/wo-man-parken\/"},{"@type":"ListItem","position":3,"name":"Parkhaus La Concorde","item":"https:\/\/www.parkgest.ch\/de\/wo-man-parken\/parkhaus-la-concorde\/"},{"@type":"ListItem","position":4,"name":"Praktische Informationen"}]},{"@type":"WebSite","@id":"https:\/\/www.parkgest.ch\/#website","url":"https:\/\/www.parkgest.ch\/","name":"Parkgest","description":"R\u00e9seau de parkings \u00e0 Gen\u00e8ve et Suisse romande","potentialAction":[{"@type":"SearchAction","target":{"@type":"EntryPoint","urlTemplate":"https:\/\/www.parkgest.ch\/?s={search_term_string}"},"query-input":"required name=search_term_string"}],"inLanguage":"de"}]}},"_links":{"self":[{"href":"https:\/\/www.parkgest.ch\/de\/wp-json\/wp\/v2\/pages\/10915"}],"collection":[{"href":"https:\/\/www.parkgest.ch\/de\/wp-json\/wp\/v2\/pages"}],"about":[{"href":"https:\/\/www.parkgest.ch\/de\/wp-json\/wp\/v2\/types\/page"}],"author":[{"embeddable":true,"href":"https:\/\/www.parkgest.ch\/de\/wp-json\/wp\/v2\/users\/13"}],"replies":[{"embeddable":true,"href":"https:\/\/www.parkgest.ch\/de\/wp-json\/wp\/v2\/comments?post=10915"}],"version-history":[{"count":4,"href":"https:\/\/www.parkgest.ch\/de\/wp-json\/wp\/v2\/pages\/10915\/revisions"}],"predecessor-version":[{"id":11000,"href":"https:\/\/www.parkgest.ch\/de\/wp-json\/wp\/v2\/pages\/10915\/revisions\/11000"}],"up":[{"embeddable":true,"href":"https:\/\/www.parkgest.ch\/de\/wp-json\/wp\/v2\/pages\/10891"}],"wp:attachment":[{"href":"https:\/\/www.parkgest.ch\/de\/wp-json\/wp\/v2\/media?parent=10915"}],"wp:term":[{"taxonomy":"post_tag","embeddable":true,"href":"https:\/\/www.parkgest.ch\/de\/wp-json\/wp\/v2\/tags?post=10915"}],"curies":[{"name":"wp","href":"https:\/\/api.w.org\/{rel}","templated":true}]}}