{"id":10891,"date":"2025-08-29T10:55:29","date_gmt":"2025-08-29T09:55:29","guid":{"rendered":"https:\/\/www.parkgest.ch\/?page_id=10891"},"modified":"2026-04-01T15:02:43","modified_gmt":"2026-04-01T14:02:43","slug":"parkhaus-la-concorde","status":"publish","type":"page","link":"https:\/\/www.parkgest.ch\/de\/wo-man-parken\/parkhaus-la-concorde\/","title":{"rendered":"Parkhaus La Concorde"},"content":{"rendered":"<div class=\"pkg-block pkg-block--bordered pkg-block-text\">\n<h2>Willkommen im der Parkhaus La Concorde<\/h2>\n<p>Das im September 2025 eingeweihte Parkhaus La Concorde ist ein modernes und sicheres Parkhaus. Es bietet voll gemeinschaftlich genutzte Parkpl\u00e4tze, das hei\u00dft, diese werden den Nutzern nicht namentlich zugewiesen. Dies erm\u00f6glicht eine optimale Nutzung der Parkpl\u00e4tze.<\/p>\n<\/div>\n<div class=\"pkg-block pkg-block--bordered pkg-block-service\">\n<div class=\"service-item\">\n<div class=\"service-item__icon\"><img decoding=\"async\" class=\"img-fluid\" style=\"width: 65px;\" src=\"https:\/\/www.parkgest.ch\/wp-content\/themes\/parkgest\/v2\/images\/svg\/Sign-limit-210-web.svg\" alt=\"\"\/><\/div>\n<p>H\u00f6he\u30002,10 m<\/p>\n<\/div>\n<div class=\"service-item\">\n<div class=\"service-item__icon\"><img decoding=\"async\" class=\"img-fluid\" style=\"width: 65px;\" src=\"http:\/\/www.parkgest.ch\/wp-content\/themes\/parkgest\/v2\/images\/svg\/Sign-limit-10-web.svg\" alt=\"\" \/><\/div>\n<p>Geschwindigkeitsbegrenzung<br \/>\nbei 10 km\/h<\/p>\n<\/div>\n<div class=\"service-item\">\n<div class=\"service-item__icon\"><img decoding=\"async\" class=\"img-fluid\" style=\"width: 65px;\" src=\"http:\/\/www.parkgest.ch\/wp-content\/themes\/parkgest\/v2\/images\/svg\/PKG_Interutil.svg\" alt=\"\" \/><\/div>\n<p>Fahrr\u00e4der,<br \/>\nRoller, Inline-<br \/>\nSkates und Skateboards<br \/>\nsind verboten<\/p>\n<\/div>\n<div class=\"service-item\">\n<div class=\"service-item__icon\"><img decoding=\"async\" class=\"img-fluid\" style=\"width: 65px;\" src=\"http:\/\/www.parkgest.ch\/wp-content\/themes\/parkgest\/v2\/images\/svg\/PKG_NoSmoking.svg\" alt=\"\" \/><\/div>\n<p>Nichtraucher<\/p>\n<\/div>\n<\/div>\n<h2>Dienstleistungen<\/h2>\n<div class=\"pkg-block pkg-block--bordered pkg-block-service\">\n<div class=\"service-item\">\n<div class=\"service-item__icon\"><img decoding=\"async\" class=\"img-fluid\" src=\"https:\/\/www.parkgest.ch\/wp-content\/themes\/parkgest\/v2\/images\/svg\/PKG_Open24.svg\" alt=\"\" \/><\/div>\n<p>Ge\u00f6ffnet 24 h<br \/>\nan 7 Tagen der Woche<\/p>\n<\/div>\n<div class=\"service-item\">\n<div class=\"service-item__icon\"><img decoding=\"async\" class=\"img-fluid\" src=\"https:\/\/www.parkgest.ch\/wp-content\/themes\/parkgest\/v2\/images\/svg\/PKG_Subscription-2.svg\" alt=\"\" \/><\/div>\n<p>Abonnement-Antrag<\/p>\n<\/div>\n<div class=\"service-item\">\n<div class=\"service-item__icon service-item__icon--popover\"><button data-toggle=\"popover\" data-text=\"Parkpl\u00e4tze in der N\u00e4he der Aufz\u00fcge\" data-link=\"https:\/\/www.parkgest.ch\/en\/spaces-for-physically-handicapped-people\/\" data-placement=\"top\" data-available=\"5\" data-location=\"-1\/-2\/-3\"><\/button><i class=\"icon-info-with-circle\"><\/i><img decoding=\"async\" class=\"img-fluid\" src=\"https:\/\/www.parkgest.ch\/wp-content\/themes\/parkgest\/v2\/images\/svg\/PKG_wheel-chair.svg\" alt=\"\" \/><\/div>\n<p>Parkpl\u00e4tze f\u00fcr Behinderte<\/p>\n<\/div>\n<div class=\"service-item\">\n<div class=\"service-item__icon service-item__icon--popover\"><button data-toggle=\"popover\" data-text=\"\" data-link=\"\" data-placement=\"top\" data-available=\"40\" data-location=\"-1\/-2\/-3\"><\/button><i class=\"icon-info-with-circle\"><\/i><img decoding=\"async\" class=\"img-fluid\" src=\"https:\/\/www.parkgest.ch\/wp-content\/themes\/parkgest\/v2\/images\/svg\/PKG_Bike.svg\" alt=\"\" \/><\/div>\n<p>Parkpl\u00e4tze f\u00fcr Motorr\u00e4der<\/p>\n<\/div>\n<div class=\"service-item\">\n<div class=\"service-item__icon service-item__icon--popover\"><button data-toggle=\"popover\" data-text=\"Sobald Ihr Parkvorgang bezahlt ist, \u00f6ffnet sich die Schranke bei der Ausfahrt automatisch dank Kennzeichenerkennung, ohne dass Sie Ihr Ticket einf\u00fchren m\u00fcssen. Bezahlt = automatische Ausfahrt. Einfach, schnell und komfortabel. \" data-placement=\"top\"><\/button><i class=\"icon-info-with-circle\"><\/i><img decoding=\"async\" class=\"img-fluid\" src=\"https:\/\/www.parkgest.ch\/wp-content\/themes\/parkgest\/v2\/images\/svg\/PKG-fastexit.svg\" alt=\"\" \/><\/div>\n<p>Fast Exit\n<\/p><\/div>\n<\/div>\n<h2>Exklusivit\u00e4ten<\/h2>\n<div class=\"pkg-block pkg-block--bordered pkg-block-service\">\n<div class=\"service-item\">\n<div class=\"service-item__icon service-item__icon--popover\"><button data-toggle=\"popover\" data-text=\"Kaufen Sie eine Prepaid-Karte und bezahlen Sie unmittelbar bei Ihrer Ausfahrt.\" data-link=\"\" data-placement=\"top\" data-available=\"\" data-location=\"\"><\/button><i class=\"icon-info-with-circle\"><\/i><img decoding=\"async\" class=\"img-fluid\" style=\"width: 60px;\" src=\"http:\/\/www.parkgest.ch\/wp-content\/themes\/parkgest\/v2\/images\/svg\/PKG_prepaidcard.svg\" alt=\"\" \/><\/div>\n<p>Prepaid-Karte<\/p>\n<\/div>\n<\/div>\n<h2>Annehmlichkeiten<\/h2>\n<div class=\"pkg-block pkg-block--bordered pkg-block-service\">\n<div class=\"service-item\">\n<div class=\"service-item__icon\"><img decoding=\"async\" class=\"img-fluid\" style=\"width: 65px;\" src=\"https:\/\/www.parkgest.ch\/wp-content\/themes\/parkgest\/v2\/images\/svg\/Elevator-access.svg\" alt=\"\" \/><\/div>\n<p>Aufz\u00fcge f\u00fcr k\u00f6rperlich eingeschr\u00e4nkte Personen<\/p>\n<\/div>\n<div class=\"service-item\">\n<div class=\"service-item__icon\"><img decoding=\"async\" class=\"img-fluid\" src=\"https:\/\/www.parkgest.ch\/wp-content\/themes\/parkgest\/v2\/images\/svg\/PKG_Ticket-Machine-Assist.svg\" alt=\"\" \/><\/div>\n<p>Zahlstellen f\u00fcr Behinderte<\/p>\n<\/div>\n<div class=\"service-item\">\n<div class=\"service-item__icon\"><img decoding=\"async\" class=\"img-fluid\" src=\"https:\/\/www.parkgest.ch\/wp-content\/themes\/parkgest\/v2\/images\/svg\/PKG_Park-Assist.svg\" alt=\"\" \/><\/div>\n<p>Dynamische F\u00fchrung<\/p>\n<\/div>\n<div class=\"service-item\">\n<div class=\"service-item__icon\"><img decoding=\"async\" class=\"img-fluid\" style=\"width: 45px;\" src=\"https:\/\/www.parkgest.ch\/wp-content\/themes\/parkgest\/v2\/images\/svg\/PKG-Licence-number-ge.svg\" alt=\"\" \/><\/div>\n<p>LPR<\/p>\n<\/div>\n<\/div>\n<h2>Security<\/h2>\n<div class=\"pkg-block pkg-block--bordered pkg-block-service\">\n<div class=\"service-item\">\n<div class=\"service-item__icon\"><img decoding=\"async\" class=\"img-fluid\" src=\"http:\/\/www.parkgest.ch\/wp-content\/themes\/parkgest\/v2\/images\/svg\/PKG_Camera.svg\" alt=\"\" \/><\/div>\n<p>Video\u00fcberwachung<\/p>\n<\/div>\n<div class=\"service-item\">\n<div class=\"service-item__icon\"><img decoding=\"async\" class=\"img-fluid\" style=\"width: 50px;\" src=\"https:\/\/www.parkgest.ch\/wp-content\/themes\/parkgest\/v2\/images\/svg\/pkg-icon-rideau.svg\" alt=\"\" data-src=\"https:\/\/www.parkgest.ch\/wp-content\/themes\/parkgest\/v2\/images\/svg\/pkg-icon-rideau.svg\" \/><\/div>\n<p>Verschliessbares automatisches Tor<\/p>\n<\/div>\n<\/div>\n<h2>Zahlungsarten<\/h2>\n<div class=\"pkg-block pkg-block--bordered pkg-block-service pkg-block-service-payment\">\n<div class=\"service-item\">\n<div class=\"service-item__icon \"><img decoding=\"async\" class=\"img-fluid\" src=\"http:\/\/www.parkgest.ch\/wp-content\/themes\/parkgest\/v2\/images\/svg\/PKG_Creditcard.svg\" alt=\"\" \/><\/div>\n<p>Zahlungsarten<\/p>\n<\/div>\n<div class=\"service-item\">\n<div class=\"service-item__icon\"><img decoding=\"async\" class=\"img-fluid\" style=\"width: 47px;\" src=\"http:\/\/www.parkgest.ch\/wp-content\/themes\/parkgest\/v2\/images\/svg\/PKG_contactless payment.png\" alt=\"\" \/><\/div>\n<p>Kontaktlos<\/p>\n<\/div>\n<div class=\"service-item\">\n<div class=\"service-item__icon\"><img decoding=\"async\" class=\"img-fluid\" src=\"http:\/\/www.parkgest.ch\/wp-content\/themes\/parkgest\/v2\/images\/svg\/PKG_Swissfrancs.svg\" alt=\"\" \/><\/div>\n<p>Banknoten &amp; M\u00fcnzen CHF<\/p>\n<\/div>\n<div class=\"service-item\">\n<div class=\"service-item__icon\"><img decoding=\"async\" class=\"img-fluid\" src=\"http:\/\/www.parkgest.ch\/wp-content\/themes\/parkgest\/v2\/images\/svg\/PKG_Euro.svg\" alt=\"\" \/><\/div>\n<p>Banknoten EUR<\/p>\n<\/div>\n<\/div>\n<div class=\"pkg-block pkg-block-text\">\n<h2>Nutzungseinschr\u00e4nkungen<\/h2>\n<p>Parking La Concorde ist ein privater Nichtraucherbereich, der f\u00fcr die \u00d6ffentlichkeit zug\u00e4nglich ist. Es ist ausschlie\u00dflich f\u00fcr das kostenpflichtige Parken von Kraftfahrzeugen (max. 3,5 t) bestimmt, die mit einem zeitgestempelten Parkticket, einem sogenannten Time-Ticket, oder einer Dauerzugangskarte oder einem Badge befahren werden.<\/p>\n<p>Das Fahrzeug muss funktionst\u00fcchtig sein, mit Strom, Benzin oder Diesel betrieben werden und eine maximale H\u00f6he inklusive eventueller Anbauten (z. B. Dachbox, Fahrr\u00e4der, Antennen) von 2,10 Metern haben.<br \/>\nZugelassen sind Fahrzeuge mit 3 oder 4 R\u00e4dern, darunter Roadster und Quads, sowie motorisierte 2-Rad-Fahrzeuge (2WD).<\/p>\n<p>Die Verwendung von:<br \/>\n\u2022 Fahrzeuge, die weder mit elektrischer Energie noch mit Benzin oder Diesel betrieben werden, insbesondere mit fl\u00fcssigem Propangas (LPG), Erdgas, Butangas oder Wasserstoff;<br \/>\n\u2022 Anh\u00e4ngefahrzeuge \u2013 Anh\u00e4nger aller Art, einschlie\u00dflich Wohnwagen \u2013 (sofern nicht ausdr\u00fccklich von der Leitstelle genehmigt);<br \/>\n\u2022 Selbstbalancierende Roller, Rollerblades und Skateboards<br \/>\n<h3 class=\"toggle\"><strong><a href=\"#\">Tarife nach Stunden<\/a><\/strong><\/h3><div class=\"toggle-box\" style=\"display: none;\"><p>\n<p><strong>ZUGANG TAGS\u00dcBER VON MONTAG BIS SONNTAG VON 07:00 BIS 18:00<\/strong><\/p>\n<div class=\"table-responsive\"><table  style=\"width:550px; \"  class=\"easy-table easy-table-default \" border=\"0\">\n<thead>\r\n<tr><th  style=\"width:250px;text-align:left\" >Zeiten<\/th>\n<th  style=\"width:200px;text-align:left\" >Stunden<\/th>\n<th  style=\"width:50px;text-align:left\" >Preis<\/th>\n<th  style=\"width:50px;text-align:right\" ><\/th>\n<\/tr>\n<\/thead>\n<tbody>\r\n<tr><td  style=\"text-align:left\" >Von 00 bis 20 minuten<\/td>\n<td  style=\"text-align:left\" ><\/td>\n<td  style=\"text-align:left\" >CHF<\/td>\n<td  style=\"text-align:right\" >-<\/td>\n<\/tr>\n\r\n<tr><td  style=\"text-align:left\" >Von 21 bis 50 minuten<\/td>\n<td  style=\"text-align:left\" ><\/td>\n<td  style=\"text-align:left\" >CHF<\/td>\n<td  style=\"text-align:right\" >1.00<\/td>\n<\/tr>\n\r\n<tr><td  style=\"text-align:left\" >Von 51 bis 70 minuten<\/td>\n<td  style=\"text-align:left\" > 1 Stunde 10 min. <\/td>\n<td  style=\"text-align:left\" >CHF<\/td>\n<td  style=\"text-align:right\" >2.00<\/td>\n<\/tr>\n\r\n<tr><td  style=\"text-align:left\" >Von 71 bis 90 minuten<\/td>\n<td  style=\"text-align:left\" > 1 Stunde 30 min. <\/td>\n<td  style=\"text-align:left\" >CHF<\/td>\n<td  style=\"text-align:right\" >3.00<\/td>\n<\/tr>\n\r\n<tr><td  style=\"text-align:left\" >Von 91 bis 120 minuten<\/td>\n<td  style=\"text-align:left\" > 2 Stunden <\/td>\n<td  style=\"text-align:left\" >CHF<\/td>\n<td  style=\"text-align:right\" >4.00<\/td>\n<\/tr>\n\r\n<tr><td  style=\"text-align:left\" >Von 121 bis 150 minuten<\/td>\n<td  style=\"text-align:left\" > 2 Stunden 30 min. <\/td>\n<td  style=\"text-align:left\" >CHF<\/td>\n<td  style=\"text-align:right\" >5.00<\/td>\n<\/tr>\n\r\n<tr><td  style=\"text-align:left\" >Von 151 bis 180 minuten<\/td>\n<td  style=\"text-align:left\" > 3 Stunden <\/td>\n<td  style=\"text-align:left\" >CHF<\/td>\n<td  style=\"text-align:right\" >6.00<\/td>\n<\/tr>\n\r\n<tr><td  style=\"text-align:left\" >Von 181 bis 210 minuten<\/td>\n<td  style=\"text-align:left\" > 3 Stunden 30 min. <\/td>\n<td  style=\"text-align:left\" >CHF<\/td>\n<td  style=\"text-align:right\" >7.00<\/td>\n<\/tr>\n\r\n<tr><td  style=\"text-align:left\" >Von 211 bis 240 minuten<\/td>\n<td  style=\"text-align:left\" > 4 Stunden <\/td>\n<td  style=\"text-align:left\" >CHF<\/td>\n<td  style=\"text-align:right\" >8.00<\/td>\n<\/tr>\n\r\n<tr><td  style=\"text-align:left\" >Von 241 bis 300 minuten<\/td>\n<td  style=\"text-align:left\" > 5 Stunden <\/td>\n<td  style=\"text-align:left\" >CHF<\/td>\n<td  style=\"text-align:right\" >11.00<\/td>\n<\/tr>\n\r\n<tr><td  style=\"text-align:left\" >Von 301 bis 360 minuten<\/td>\n<td  style=\"text-align:left\" > 6 Stunden <\/td>\n<td  style=\"text-align:left\" >CHF<\/td>\n<td  style=\"text-align:right\" >14.00<\/td>\n<\/tr>\n\r\n<tr><td  style=\"text-align:left\" >Von 361 bis 420 minuten<\/td>\n<td  style=\"text-align:left\" > 7 Stunden <\/td>\n<td  style=\"text-align:left\" >CHF<\/td>\n<td  style=\"text-align:right\" >17.00<\/td>\n<\/tr>\n\r\n<tr><td  style=\"text-align:left\" >Von 421 bis 480 minuten<\/td>\n<td  style=\"text-align:left\" > 8 Stunden <\/td>\n<td  style=\"text-align:left\" >CHF<\/td>\n<td  style=\"text-align:right\" >20.00<\/td>\n<\/tr>\n\r\n<tr><td  style=\"text-align:left\" >Von 481 bis 540 minuten<\/td>\n<td  style=\"text-align:left\" > 9 Stunden <\/td>\n<td  style=\"text-align:left\" >CHF<\/td>\n<td  style=\"text-align:right\" >23.00<\/td>\n<\/tr>\n\r\n<tr><td  style=\"text-align:left\" >Von 541 bis 600 minuten<\/td>\n<td  style=\"text-align:left\" > 10 Stunden <\/td>\n<td  style=\"text-align:left\" >CHF<\/td>\n<td  style=\"text-align:right\" >26.00<\/td>\n<\/tr>\n\r\n<tr><td  style=\"text-align:left\" >Von 601 bis 660 minuten<\/td>\n<td  style=\"text-align:left\" > 11 Stunden <\/td>\n<td  style=\"text-align:left\" >CHF<\/td>\n<td  style=\"text-align:right\" >29.00<\/td>\n<\/tr>\n<\/tbody><\/table><\/div>\n<p><strong>ST\u00dcNDLICHER ZUGANG NACHTS VON 18:00 BIS 07:00 UHR, SONN- UND FEIERTAGE<\/strong><\/p>\n<div class=\"table-responsive\"><table  style=\"width:550px; \"  class=\"easy-table easy-table-default \" border=\"0\">\n<thead>\r\n<tr><th  style=\"width:250px;text-align:left\" ><\/th>\n<th  style=\"width:200px;text-align:left\" ><\/th>\n<th  style=\"width:50px;text-align:left\" ><\/th>\n<th  style=\"width:50px;text-align:right\" ><\/th>\n<\/tr>\n<\/thead>\n<tbody>\r\n<tr><td  style=\"text-align:left\" >pro Stunde ab der 21. Minute<\/td>\n<td  style=\"text-align:left\" ><\/td>\n<td  style=\"text-align:left\" >CHF<\/td>\n<td  style=\"text-align:right\" > 1<\/td>\n<\/tr>\n\r\n<tr><td  style=\"text-align:left\" >EINMAL-STUNDENTICKET <\/td>\n<td  style=\"text-align:left\" ><\/td>\n<td  style=\"text-align:left\" > CHF<\/td>\n<td  style=\"text-align:right\" > 30<\/td>\n<\/tr>\n<\/tbody><\/table><\/div>\n<div class=\"table-responsive\"><table  style=\"width:550px; \"  class=\"easy-table easy-table-default \" border=\"0\">\n<thead>\r\n<tr><th  style=\"width:350px;text-align:left\" ><\/th>\n<th  style=\"width:100px;text-align:left\" ><\/th>\n<th  style=\"width:50px;text-align:left\" ><\/th>\n<th  style=\"width:50px;text-align:right\" ><\/th>\n<\/tr>\n<\/thead>\n<tbody>\r\n<tr><td  style=\"text-align:left\" ><strong>ZUTRITT F\u00dcR MOTORISIERTE ZWEIR\u00c4DER<\/strong><\/td>\n<td  style=\"text-align:left\" > In Zeitr\u00e4umen von 3 Stunden<\/td>\n<td  style=\"text-align:left\" >CHF<\/td>\n<td  style=\"text-align:right\" >1.00<\/td>\n<\/tr>\n<\/tbody><\/table><\/div>\n<p>ALLE UNSERE PREISE GELTEN PRO FAHRZEUG UND INKL. MWST.<\/p>\n<\/p><\/div>\n<h3 class=\"toggle\"><strong><a href=\"#\">Tarife Dauerzugang<\/a><\/strong><\/h3><div class=\"toggle-box\" style=\"display: none;\"><p>\n<div class=\"table-responsive\"><table  style=\"width:550px; \"  class=\"easy-table easy-table-default \" border=\"0\">\n<thead>\r\n<tr><th  style=\"width:300px;text-align:left\" ><\/th>\n<th  style=\"width:100px;text-align:left\" >2 aufeinanderfolgende Tage<\/th>\n<th  style=\"width:100px;text-align:left\" >7 aufeinanderfolgende Tage<\/th>\n<th  style=\"width:50px;text-align:right\" >Monatlich<\/th>\n<\/tr>\n<\/thead>\n<tbody>\r\n<tr><td  style=\"text-align:left\" >Permanenter Zugang* f\u00fcr einen festgelegten Zeitraum** von 24 h am Tag<\/td>\n<td  style=\"text-align:left\" ><\/td>\n<td  style=\"text-align:left\" >CHF 100 <\/td>\n<td  style=\"text-align:right\" ><\/td>\n<\/tr>\n\r\n<tr><td  style=\"text-align:left\" >Permanenter Zugang* f\u00fcr einen festgelegten Zeitraum** von 24 h am Tag<\/td>\n<td  style=\"text-align:left\" ><\/td>\n<td  style=\"text-align:left\" > <\/td>\n<td  style=\"text-align:right\" >CHF 400<\/td>\n<\/tr>\n\r\n<tr><td  style=\"text-align:left\" >Ersatz f\u00fcr die Dauerkarte oder den Zugangsausweis<\/td>\n<td  style=\"text-align:left\" ><\/td>\n<td  style=\"text-align:left\" ><\/td>\n<td  style=\"text-align:right\" >CHF 50<\/td>\n<\/tr>\n<\/tbody><\/table><\/div>\n<p>ALLE UNSERE PREISE GELTEN PRO FAHRZEUG UND INKL. MWST.<\/p>\n<p>*inklusive Samstag, Sonntag und Feiertage<br \/>\n**zu abonnieren \u00fcber unseren Vertrieb erwerben<br \/>\n<\/p><\/div>\n<h3 class=\"toggle\"><strong><a href=\"#\">Andere Tarife<\/a><\/strong><\/h3><div class=\"toggle-box\" style=\"display: none;\"><p>\n<strong>PREPAID KARTE<\/strong><br \/>\nSparen Sie Zeit und Geld!<br \/>\nKaufen Sie Ihre Prepaid-Karte im Kontrollzentrum und laden Sie sie an den Kassenautomaten auf.<br \/>\nDie Bezahlung erfolgt unmittelbar bei Ihrer Ausfahrt.<\/p>\n<div class=\"table-responsive\"><table  style=\"width:550px; \"  class=\"easy-table easy-table-default \" border=\"0\">\n<thead>\r\n<tr><th  style=\"width:350px;text-align:left\" >Parkgeb\u00fchr<\/th>\n<th  style=\"width:200px;text-align:left\" >Verkaufspreis<\/th>\n<th ><\/th>\n<\/tr>\n<\/thead>\n<tbody>\r\n<tr><td  style=\"text-align:left\" >CHF 55<\/td>\n<td  style=\"text-align:left\" >CHF 50<\/td>\n<\/tr>\n\r\n<tr><td  style=\"text-align:left\" >CHF 110<\/td>\n<td  style=\"text-align:left\" >CHF 100<\/td>\n<\/tr>\n<\/tbody><\/table><\/div>\n<p><strong>LANGZEITPARKEN (1 Einfahrt, 1 Ausfahrt)<\/strong><\/p>\n<div class=\"table-responsive\"><table  style=\"width:550px; \"  class=\"easy-table easy-table-default \" border=\"0\">\n<thead>\r\n<tr><th  style=\"width:350px;text-align:left\" ><\/th>\n<th  style=\"width:100px;text-align:left\" ><\/th>\n<th  style=\"width:100px\" ><\/th>\n<th ><\/th>\n<\/tr>\n<\/thead>\n<tbody>\r\n<tr><td  style=\"text-align:left\" >Erster Tag<\/td>\n<td  style=\"text-align:left\" > CHF 42<\/td>\n<\/tr>\n\r\n<tr><td  style=\"text-align:left\" >Folgetage (pro Tag)<\/td>\n<td  style=\"text-align:left\" > CHF 25<\/td>\n<\/tr>\n<\/tbody><\/table><\/div>\n<p>ALLE UNSERE PREISE GELTEN PRO FAHRZEUG UND INKL. MWST.<\/p>\n<\/p><\/div>\n<h3 class=\"toggle\"><strong><a href=\"#\">Allgemeine Bedingungen<\/a><\/strong><\/h3><div class=\"toggle-box\" style=\"display: none;\"><p>\n<p><iframe loading=\"lazy\" src=\"https:\/\/docs.google.com\/viewer?url=https:\/\/www.parkgest.ch\/wp-content\/uploads\/PCo_Conditions-Generales_20250908_VF.pdf&amp;embedded=true\" width=\"100%\" height=\"600\" frameborder=\"0\"><\/iframe><\/p>\n<p>Wenn Sie die Datei nicht richtig lesen k\u00f6nnen, <a href=\"https:\/\/www.parkgest.ch\/wp-content\/uploads\/PCo_Conditions-Generales_20250908_VF.pdf\" target=\"_blank\" rel=\"noopener noreferrer\">klicken Sie hier<\/a><\/p>\n<\/p><\/div>\n<p>Jeder Parkantrag, gleichbedeutend mit dem Befahren des Parkhauses La Concorde mit einem Fahrzeug, gilt als uneingeschr\u00e4nktes und vorbehaltloses Einverst\u00e4ndnis mit den vorliegenden allgemeinen Bedingungen. Betritt ein Fussg\u00e4nger das Parkhaus, so gilt dies gleichermassen.<\/p>\n<\/div>\n","protected":false},"excerpt":{"rendered":"<p>Willkommen im der Parkhaus La Concorde Das im September 2025 eingeweihte Parkhaus La Concorde ist ein modernes und sicheres Parkhaus. Es bietet voll gemeinschaftlich genutzte Parkpl\u00e4tze, das hei\u00dft, diese werden den Nutzern nicht namentlich zugewiesen. Dies erm\u00f6glicht eine optimale Nutzung der Parkpl\u00e4tze. H\u00f6he\u30002,10 m Geschwindigkeitsbegrenzung bei 10 km\/h Fahrr\u00e4der, Roller, Inline- Skates und Skateboards sind [&hellip;]<\/p>\n","protected":false},"author":13,"featured_media":7509,"parent":1281,"menu_order":0,"comment_status":"closed","ping_status":"closed","template":"parkingpage.php","meta":{"footnotes":""},"tags":[],"yoast_head":"<!-- This site is optimized with the Yoast SEO plugin v21.8 - https:\/\/yoast.com\/wordpress\/plugins\/seo\/ -->\n<title>Parkhaus La Concorde | Parkgest<\/title>\n<meta name=\"robots\" content=\"index, follow, max-snippet:-1, max-image-preview:large, max-video-preview:-1\" \/>\n<link rel=\"canonical\" href=\"https:\/\/www.parkgest.ch\/de\/wo-man-parken\/parkhaus-la-concorde\/\" \/>\n<meta property=\"og:locale\" content=\"de_DE\" \/>\n<meta property=\"og:type\" content=\"article\" \/>\n<meta property=\"og:title\" content=\"Parkhaus La Concorde | Parkgest\" \/>\n<meta property=\"og:description\" content=\"Willkommen im der Parkhaus La Concorde Das im September 2025 eingeweihte Parkhaus La Concorde ist ein modernes und sicheres Parkhaus. Es bietet voll gemeinschaftlich genutzte Parkpl\u00e4tze, das hei\u00dft, diese werden den Nutzern nicht namentlich zugewiesen. Dies erm\u00f6glicht eine optimale Nutzung der Parkpl\u00e4tze. H\u00f6he\u30002,10 m Geschwindigkeitsbegrenzung bei 10 km\/h Fahrr\u00e4der, Roller, Inline- Skates und Skateboards sind [&hellip;]\" \/>\n<meta property=\"og:url\" content=\"https:\/\/www.parkgest.ch\/de\/wo-man-parken\/parkhaus-la-concorde\/\" \/>\n<meta property=\"og:site_name\" content=\"Parkgest\" \/>\n<meta property=\"article:modified_time\" content=\"2026-04-01T14:02:43+00:00\" \/>\n<meta property=\"og:image\" content=\"https:\/\/www.parkgest.ch\/wp-content\/uploads\/4.png\" \/>\n\t<meta property=\"og:image:width\" content=\"1200\" \/>\n\t<meta property=\"og:image:height\" content=\"600\" \/>\n\t<meta property=\"og:image:type\" content=\"image\/png\" \/>\n<meta name=\"twitter:label1\" content=\"Gesch\u00e4tzte Lesezeit\" \/>\n\t<meta name=\"twitter:data1\" content=\"8\u00a0Minuten\" \/>\n<script type=\"application\/ld+json\" class=\"yoast-schema-graph\">{\"@context\":\"https:\/\/schema.org\",\"@graph\":[{\"@type\":\"WebPage\",\"@id\":\"https:\/\/www.parkgest.ch\/de\/wo-man-parken\/parkhaus-la-concorde\/\",\"url\":\"https:\/\/www.parkgest.ch\/de\/wo-man-parken\/parkhaus-la-concorde\/\",\"name\":\"Parkhaus La Concorde | Parkgest\",\"isPartOf\":{\"@id\":\"https:\/\/www.parkgest.ch\/#website\"},\"datePublished\":\"2025-08-29T09:55:29+00:00\",\"dateModified\":\"2026-04-01T14:02:43+00:00\",\"breadcrumb\":{\"@id\":\"https:\/\/www.parkgest.ch\/de\/wo-man-parken\/parkhaus-la-concorde\/#breadcrumb\"},\"inLanguage\":\"de\",\"potentialAction\":[{\"@type\":\"ReadAction\",\"target\":[\"https:\/\/www.parkgest.ch\/de\/wo-man-parken\/parkhaus-la-concorde\/\"]}]},{\"@type\":\"BreadcrumbList\",\"@id\":\"https:\/\/www.parkgest.ch\/de\/wo-man-parken\/parkhaus-la-concorde\/#breadcrumb\",\"itemListElement\":[{\"@type\":\"ListItem\",\"position\":1,\"name\":\"Accueil\",\"item\":\"https:\/\/www.parkgest.ch\/de\/\"},{\"@type\":\"ListItem\",\"position\":2,\"name\":\"Wo kann ich parken?\",\"item\":\"https:\/\/www.parkgest.ch\/de\/wo-man-parken\/\"},{\"@type\":\"ListItem\",\"position\":3,\"name\":\"Parkhaus La Concorde\"}]},{\"@type\":\"WebSite\",\"@id\":\"https:\/\/www.parkgest.ch\/#website\",\"url\":\"https:\/\/www.parkgest.ch\/\",\"name\":\"Parkgest\",\"description\":\"R\u00e9seau de parkings \u00e0 Gen\u00e8ve et Suisse romande\",\"potentialAction\":[{\"@type\":\"SearchAction\",\"target\":{\"@type\":\"EntryPoint\",\"urlTemplate\":\"https:\/\/www.parkgest.ch\/?s={search_term_string}\"},\"query-input\":\"required name=search_term_string\"}],\"inLanguage\":\"de\"}]}<\/script>\n<!-- \/ Yoast SEO plugin. -->","yoast_head_json":{"title":"Parkhaus La Concorde | Parkgest","robots":{"index":"index","follow":"follow","max-snippet":"max-snippet:-1","max-image-preview":"max-image-preview:large","max-video-preview":"max-video-preview:-1"},"canonical":"https:\/\/www.parkgest.ch\/de\/wo-man-parken\/parkhaus-la-concorde\/","og_locale":"de_DE","og_type":"article","og_title":"Parkhaus La Concorde | Parkgest","og_description":"Willkommen im der Parkhaus La Concorde Das im September 2025 eingeweihte Parkhaus La Concorde ist ein modernes und sicheres Parkhaus. Es bietet voll gemeinschaftlich genutzte Parkpl\u00e4tze, das hei\u00dft, diese werden den Nutzern nicht namentlich zugewiesen. Dies erm\u00f6glicht eine optimale Nutzung der Parkpl\u00e4tze. H\u00f6he\u30002,10 m Geschwindigkeitsbegrenzung bei 10 km\/h Fahrr\u00e4der, Roller, Inline- Skates und Skateboards sind [&hellip;]","og_url":"https:\/\/www.parkgest.ch\/de\/wo-man-parken\/parkhaus-la-concorde\/","og_site_name":"Parkgest","article_modified_time":"2026-04-01T14:02:43+00:00","og_image":[{"width":1200,"height":600,"url":"https:\/\/www.parkgest.ch\/wp-content\/uploads\/4.png","type":"image\/png"}],"twitter_misc":{"Gesch\u00e4tzte Lesezeit":"8\u00a0Minuten"},"schema":{"@context":"https:\/\/schema.org","@graph":[{"@type":"WebPage","@id":"https:\/\/www.parkgest.ch\/de\/wo-man-parken\/parkhaus-la-concorde\/","url":"https:\/\/www.parkgest.ch\/de\/wo-man-parken\/parkhaus-la-concorde\/","name":"Parkhaus La Concorde | Parkgest","isPartOf":{"@id":"https:\/\/www.parkgest.ch\/#website"},"datePublished":"2025-08-29T09:55:29+00:00","dateModified":"2026-04-01T14:02:43+00:00","breadcrumb":{"@id":"https:\/\/www.parkgest.ch\/de\/wo-man-parken\/parkhaus-la-concorde\/#breadcrumb"},"inLanguage":"de","potentialAction":[{"@type":"ReadAction","target":["https:\/\/www.parkgest.ch\/de\/wo-man-parken\/parkhaus-la-concorde\/"]}]},{"@type":"BreadcrumbList","@id":"https:\/\/www.parkgest.ch\/de\/wo-man-parken\/parkhaus-la-concorde\/#breadcrumb","itemListElement":[{"@type":"ListItem","position":1,"name":"Accueil","item":"https:\/\/www.parkgest.ch\/de\/"},{"@type":"ListItem","position":2,"name":"Wo kann ich parken?","item":"https:\/\/www.parkgest.ch\/de\/wo-man-parken\/"},{"@type":"ListItem","position":3,"name":"Parkhaus La Concorde"}]},{"@type":"WebSite","@id":"https:\/\/www.parkgest.ch\/#website","url":"https:\/\/www.parkgest.ch\/","name":"Parkgest","description":"R\u00e9seau de parkings \u00e0 Gen\u00e8ve et Suisse romande","potentialAction":[{"@type":"SearchAction","target":{"@type":"EntryPoint","urlTemplate":"https:\/\/www.parkgest.ch\/?s={search_term_string}"},"query-input":"required name=search_term_string"}],"inLanguage":"de"}]}},"_links":{"self":[{"href":"https:\/\/www.parkgest.ch\/de\/wp-json\/wp\/v2\/pages\/10891"}],"collection":[{"href":"https:\/\/www.parkgest.ch\/de\/wp-json\/wp\/v2\/pages"}],"about":[{"href":"https:\/\/www.parkgest.ch\/de\/wp-json\/wp\/v2\/types\/page"}],"author":[{"embeddable":true,"href":"https:\/\/www.parkgest.ch\/de\/wp-json\/wp\/v2\/users\/13"}],"replies":[{"embeddable":true,"href":"https:\/\/www.parkgest.ch\/de\/wp-json\/wp\/v2\/comments?post=10891"}],"version-history":[{"count":17,"href":"https:\/\/www.parkgest.ch\/de\/wp-json\/wp\/v2\/pages\/10891\/revisions"}],"predecessor-version":[{"id":11336,"href":"https:\/\/www.parkgest.ch\/de\/wp-json\/wp\/v2\/pages\/10891\/revisions\/11336"}],"up":[{"embeddable":true,"href":"https:\/\/www.parkgest.ch\/de\/wp-json\/wp\/v2\/pages\/1281"}],"wp:featuredmedia":[{"embeddable":true,"href":"https:\/\/www.parkgest.ch\/de\/wp-json\/wp\/v2\/media\/7509"}],"wp:attachment":[{"href":"https:\/\/www.parkgest.ch\/de\/wp-json\/wp\/v2\/media?parent=10891"}],"wp:term":[{"taxonomy":"post_tag","embeddable":true,"href":"https:\/\/www.parkgest.ch\/de\/wp-json\/wp\/v2\/tags?post=10891"}],"curies":[{"name":"wp","href":"https:\/\/api.w.org\/{rel}","templated":true}]}}